{"id":5591,"date":"2025-03-18T07:06:06","date_gmt":"2025-03-18T07:06:06","guid":{"rendered":"https:\/\/vapingnet.de\/?post_type=product&#038;p=5591"},"modified":"2025-06-19T03:40:40","modified_gmt":"2025-06-19T03:40:40","slug":"bang-king-45000-puffs-watermelon-red-bull-und-strawberry-kiwi-maximales-dampfvergnuegen-mit-3-in-1-geschmack","status":"publish","type":"product","link":"https:\/\/vapingnet.de\/sk\/vape\/bang-king-45000-puffs-watermelon-red-bull-und-strawberry-kiwi-maximales-dampfvergnuegen-mit-3-in-1-geschmack\/","title":{"rendered":"BANG KING 45000 Puffs Watermelon, Red Bull a Strawberry Kiwi maxim\u00e1lny z\u00e1\u017eitok z parenia s 3-v-1 chu\u0165ou"},"content":{"rendered":"<h2 data-start=\"0\" data-end=\"66\">BANG KING 45000 Puffs Watermelon-Red Bull- Strawberry Kiwi. Bud\u00facnos\u0165 vapovania je tu!<\/h2>\n<p data-start=\"68\" data-end=\"496\">Trh pre <strong><a href=\"https:\/\/vapingnet.de\/sk\/k\/einweg-e-zigarette\/\">Jednorazov\u00e9 e-cigaretky<\/a><\/strong> neust\u00e1le sa vyv\u00edja, ale len m\u00e1lo modelov dok\u00e1\u017ee naozaj ohromi\u0165. S <strong><a href=\"https:\/\/vapingnet.de\/sk\/k\/einweg-e-zigarette\/\">BANG KING 45000 Puffs<\/a><\/strong> vy\u010dnieva nov\u00e1 gener\u00e1cia jednorazov\u00fdch vapovac\u00edch zariaden\u00ed od konkurencie. Toto zariadenie pon\u00faka p\u00f4sobiv\u00fd po\u010det <strong><a href=\"https:\/\/vapingnet.de\/sk\/k\/45k-vape\/\">45K vapov<\/a><\/strong>, inovat\u00edvne 3-v-1 chu\u0165ov\u00e9 komory, pokro\u010dil\u00fa technol\u00f3giu mesh-\u0161pir\u00e1lok a modern\u00fd nab\u00edjac\u00ed syst\u00e9m Type-C.<\/p>\n<p data-start=\"498\" data-end=\"782\">Ako miestny predajca v Deutschland presne vieme, \u010do na\u0161i z\u00e1kazn\u00edci o\u010dak\u00e1vaj\u00fa: vysok\u00fa kvalitu, vynikaj\u00faci chu\u0165 a spo\u013eahliv\u00fd v\u00fdkon. BANG KING 45000 Puffs sp\u013a\u0148a v\u0161etky tieto krit\u00e9ri\u00e1 a stanovuje nov\u00e9 \u0161tandardy v svete jednorazov\u00fdch e-cigariet.<\/p>\n<h3 data-start=\"789\" data-end=\"865\">Revolu\u010dn\u00fd 3-v-1 syst\u00e9m chuti \u2013 Viac rozmanitosti, viac p\u00f4\u017eitku<\/h3>\n<p data-start=\"867\" data-end=\"1098\">Jednou z najv\u00e4\u010d\u0161\u00edch v\u00fdhod tohto modelu je jeho jedine\u010dn\u00fd multi-chutov\u00fd dizajn. Namiesto zamerania sa na len jednu chu\u0165, m\u00f4\u017ee\u0161 pri BANG KING 45000 Puffs prep\u00edna\u0165 medzi tromi r\u00f4znymi ar\u00f3mami:<\/p>\n<ul data-start=\"1100\" data-end=\"1641\">\n<li data-start=\"1100\" data-end=\"1297\">Watermelon \u2013 Ovocn\u00e1, svie\u017ea ar\u00f3ma, ktor\u00e1 zachyt\u00e1va sladk\u00fa a \u0161\u0165avnat\u00fa chu\u0165 zrel\u00fdch vodn\u00fdch mel\u00f3nov. Ide\u00e1lne na hor\u00face letn\u00e9 dni alebo jednoducho ako osvie\u017euj\u00faci p\u00f4\u017eitok medzi\u010dasom.<\/li>\n<li data-start=\"1298\" data-end=\"1479\">Red Bull \u2013 O\u017eivuj\u00faca chu\u0165 in\u0161pirovan\u00e1 celosvetovo ob\u013e\u00faben\u00fdm energetick\u00fdm n\u00e1pojom. Perfektn\u00e9 pre t\u00fdch, ktor\u00ed maj\u00fa radi \u013eahk\u00fa sladk\u00fa notu s n\u00e1dychom citrusov\u00fdch ar\u00f3m.<\/li>\n<li data-start=\"1480\" data-end=\"1641\">Strawberry Kiwi \u2013 Dokonal\u00e1 rovnov\u00e1ha medzi sladk\u00fdmi, \u0161\u0165avnat\u00fdmi jahodami a \u013eahko kyslou svie\u017eos\u0165ou kiwi. Expl\u00f3zia chut\u00ed pre zmysly.<\/li>\n<\/ul>\n<p data-start=\"1643\" data-end=\"1800\">V\u010faka trom samostatn\u00fdm 15 ml komor\u00e1m m\u00f4\u017ee\u0161 flexibilne prep\u00edna\u0165 a variova\u0165 pod\u013ea vlastn\u00e9ho uv\u00e1\u017eenia \u2013 \u00faplne bez potreby druh\u00e9ho zariadenia alebo \u010fal\u0161\u00edch e-liquidov.<\/p>\n<h3 data-start=\"1807\" data-end=\"1878\">V\u00fdkonn\u00e1 technol\u00f3gia mesh-\u0161pir\u00e1lok pre intenz\u00edvnu chu\u0165<\/h3>\n<p data-start=\"1880\" data-end=\"2032\">Jednorazov\u00e9 vapovacie zariadenia v minulosti \u010dasto z\u00e1pasili s stratou chuti alebo slab\u00fdm paren\u00edm. Nie tak pri BANG KING 45000 Puffs.<\/p>\n<p data-start=\"2034\" data-end=\"2093\">V\u010faka modernej 1.0-Ohm mesh-\u0161pir\u00e1lkam toto zariadenie pon\u00faka:<\/p>\n<ul data-start=\"2095\" data-end=\"2565\">\n<li data-start=\"2095\" data-end=\"2261\">Intenz\u00edvnej\u0161ie ar\u00f3my \u2013 V\u00e4\u010d\u0161ia plocha mesh-\u0161pir\u00e1lok zabezpe\u010duje rovnomernej\u0161ie odparovanie tekutiny. To vedie k pln\u0161iemu rozvoju chuti.<\/li>\n<li data-start=\"2262\" data-end=\"2389\">Hustej\u0161\u00ed dym \u2013 Mesh-\u0161pir\u00e1lky umo\u017e\u0148uj\u00fa optim\u00e1lne odparovanie, \u010do zabezpe\u010duje pr\u00edjemn\u00fa a hust\u00fa paru.<\/li>\n<li data-start=\"2390\" data-end=\"2565\">Dlh\u0161iu \u017eivotnos\u0165 \u2013 V porovnan\u00ed s be\u017en\u00fdmi \u0161pir\u00e1lkami, mesh-\u0161pir\u00e1lky rovnomernej\u0161ie spa\u013euj\u00fa tekutinu, \u010d\u00edm zariadenie dlh\u0161ie poskytuje konzistentn\u00fa chu\u0165.<\/li>\n<\/ul>\n<p data-start=\"2567\" data-end=\"2710\">To znamen\u00e1: \u017eiadne zhor\u0161enie chuti po nieko\u013ek\u00fdch \u0165ahoch, \u017eiadne nepr\u00edjemn\u00e9 sp\u00e1len\u00e9 t\u00f3ny \u2013 len \u010dist\u00fd, st\u00e1ly p\u00f4\u017eitok.<\/p>\n<h3 data-start=\"2717\" data-end=\"2780\">Opakovane nab\u00edjate\u013en\u00e1 bat\u00e9ria 650mAh s r\u00fdchlym nab\u00edjan\u00edm Type-C<\/h3>\n<p data-start=\"2782\" data-end=\"2876\">V\u00e4\u010d\u0161ina jednorazov\u00fdch vapov je po nieko\u013ek\u00fdch d\u0148och pr\u00e1zdna \u2013 nie BANG KING 45000 Puffs.<\/p>\n<ul data-start=\"2878\" data-end=\"3392\">\n<li data-start=\"2878\" data-end=\"3046\">650mAh opakovane nab\u00edjate\u013en\u00e1 bat\u00e9ria \u2013 Tento model pon\u00faka p\u00f4sobiv\u00fa v\u00fddr\u017e bat\u00e9rie a m\u00f4\u017ee by\u0165 r\u00fdchlo nabit\u00fd cez modern\u00fd Type-C port.<\/li>\n<li data-start=\"3047\" data-end=\"3176\">Plne nabit\u00fd za iba 2 hodiny \u2013 V\u010faka r\u00fdchlemu nab\u00edjaniu m\u00f4\u017ee by\u0165 zariadenie op\u00e4\u0165 pou\u017eit\u00e9 v kr\u00e1tkom \u010dase.<\/li>\n<li data-start=\"3177\" data-end=\"3392\">Opakovane nab\u00edjate\u013en\u00fd pre maxim\u00e1lne vyu\u017eitie \u2013 K\u00fdm be\u017en\u00e9 jednorazov\u00e9 vapory musia by\u0165 po vybit\u00ed vyhoden\u00e9, BANG KING 45000 Puffs sa d\u00e1 jednoducho nabi\u0165 a \u010falej pou\u017e\u00edva\u0165.<\/li>\n<\/ul>\n<p data-start=\"3394\" data-end=\"3496\">To ho rob\u00ed nielen odolnej\u0161\u00edm, ale aj n\u00e1kladovo efekt\u00edvnej\u0161\u00edm ako mnoho in\u00fdch jednorazov\u00fdch modelov.<\/p>\n<h3 data-start=\"3503\" data-end=\"3553\">Flexibiln\u00e9 \u00farovne nikot\u00ednu pre ka\u017ed\u00e9ho vapera<\/h3>\n<p data-start=\"3555\" data-end=\"3710\">Nie ka\u017ed\u00fd vaper m\u00e1 rovnak\u00e9 preferencie, pokia\u013e ide o nikot\u00edn. Preto je BANG KING 45000 Puffs dostupn\u00fd v \u0161tyroch r\u00f4znych \u00farovniach nikot\u00ednu:<\/p>\n<ul data-start=\"3712\" data-end=\"4047\">\n<li data-start=\"3712\" data-end=\"3804\">0% (bez nikot\u00ednu) \u2013 Perfektn\u00e9 pre t\u00fdch, ktor\u00ed si chc\u00fa len vychutna\u0165 chu\u0165.<\/li>\n<li data-start=\"3805\" data-end=\"3885\">2% (20mg\/ml) \u2013 Jemn\u00e1 d\u00e1vka nikot\u00ednu, ide\u00e1lna pre pr\u00edle\u017eitostn\u00fdch vapov.<\/li>\n<li data-start=\"3886\" data-end=\"3965\">3% (30mg\/ml) \u2013 Dokonal\u00e1 rovnov\u00e1ha medzi chu\u0165ou a nikot\u00ednov\u00fdm kopom.<\/li>\n<li data-start=\"3966\" data-end=\"4047\">5% (50mg\/ml) \u2013 Pre sk\u00fasen\u00fdch vapov, ktor\u00ed preferuj\u00fa siln\u00fd \u00fa\u010dinok.<\/li>\n<\/ul>\n<p data-start=\"4049\" data-end=\"4138\">S nikot\u00ednom alebo bez neho \u2013 s BANG KING 45000 Puffs si vyberie ka\u017ed\u00fd.<\/p>\n<h3 data-start=\"4145\" data-end=\"4204\">Perfektne na cest\u00e1ch \u2013 Kompaktn\u00e9 a v\u00fdkonn\u00e9<\/h3>\n<ul data-start=\"4206\" data-end=\"4594\">\n<li data-start=\"4206\" data-end=\"4348\">Ide\u00e1lne na cestovanie, do pr\u00e1ce alebo na p\u00e1rty \u2013 V\u010faka kompaktn\u00e9mu dizajnu sa zariadenie zmest\u00ed do ka\u017edej ta\u0161ky a pon\u00faka hodiny vapovania.<\/li>\n<li data-start=\"4349\" data-end=\"4451\">\u017diadna \u00fadr\u017eba potrebn\u00e1 \u2013 \u017diadne dop\u013a\u0148anie, \u017eiadna v\u00fdmena coilov \u2013 len vapujte a vychutn\u00e1vajte si.<\/li>\n<li data-start=\"4452\" data-end=\"4594\">Jednorazov\u00e9, ale opakovane nab\u00edjate\u013en\u00e9 \u2013 Jedine\u010dn\u00e1 kombin\u00e1cia vysokej kapacity a funkcie opakovane nab\u00edjania pre maxim\u00e1lnu dobu pou\u017e\u00edvania.<\/li>\n<\/ul>\n<h3 data-start=\"4601\" data-end=\"4649\">Inform\u00e1cie o balen\u00ed a transporte<\/h3>\n<p data-start=\"4651\" data-end=\"4758\">Pre ve\u013ekoobchodn\u00edkov a majite\u013eov obchodov pon\u00faka BANG KING 45000 Puffs efekt\u00edvne balenie:<\/p>\n<ul data-start=\"4760\" data-end=\"4905\">\n<li data-start=\"4760\" data-end=\"4804\">Balenie: 10 kusov v krabici<\/li>\n<li data-start=\"4805\" data-end=\"4850\">Kart\u00f3nov\u00e9 balenie: 20 krab\u00edc v kart\u00f3ne<\/li>\n<li data-start=\"4851\" data-end=\"4905\">Prepravn\u00e9 ve\u013ekosti: 100 alebo 200 kusov v kart\u00f3ne<\/li>\n<\/ul>\n<p data-start=\"4907\" data-end=\"5005\">Toto premyslen\u00e9 balenie v\u00fdrazne u\u013eah\u010duje prepravu, skladovanie a logistiku.<\/p>\n<h3 data-start=\"5012\" data-end=\"5043\">\u0160pecifik\u00e1cie produktu<\/h3>\n<div class=\"overflow-x-auto contain-inline-size\">\n<table data-start=\"5045\" data-end=\"5928\">\n<thead data-start=\"5045\" data-end=\"5078\">\n<tr data-start=\"5045\" data-end=\"5078\">\n<th data-start=\"5045\" data-end=\"5063\">Vlastnos\u0165<\/th>\n<th data-start=\"5063\" data-end=\"5078\">Detaily<\/th>\n<\/tr>\n<\/thead>\n<tbody data-start=\"5117\" data-end=\"5928\">\n<tr data-start=\"5117\" data-end=\"5160\">\n<td>N\u00e1zov produktu<\/td>\n<td>BANG KING 45000 Puffs<\/td>\n<\/tr>\n<tr data-start=\"5161\" data-end=\"5190\">\n<td>Z\u00e1palky (Pufy)<\/td>\n<td>45.000<\/td>\n<\/tr>\n<tr data-start=\"5191\" data-end=\"5255\">\n<td>Kapacita e-liquidu<\/td>\n<td>15ml + 15ml + 15ml (celkovo 45ml)<\/td>\n<\/tr>\n<tr data-start=\"5256\" data-end=\"5324\">\n<td>chut\u00ed<\/td>\n<td>Mel\u00f3n, Red Bull, Jahodovo-kiwi<\/td>\n<\/tr>\n<tr data-start=\"5325\" data-end=\"5399\">\n<td>Po\u010det pr\u00edchut\u00ed<\/td>\n<td>Dostupn\u00fdch 12 r\u00f4znych pr\u00edchut\u00ed<\/td>\n<\/tr>\n<tr data-start=\"5400\" data-end=\"5436\">\n<td>Typ cievky<\/td>\n<td>Mesh cievka 1.0 Ohm<\/td>\n<\/tr>\n<tr data-start=\"5437\" data-end=\"5475\">\n<td>Obsah nikot\u00ednu<\/td>\n<td>0%, 2%, 3%, 5%<\/td>\n<\/tr>\n<tr data-start=\"5476\" data-end=\"5528\">\n<td>Kapacita bat\u00e9rie<\/td>\n<td>650mAh (opakovane nab\u00edjate\u013en\u00e1)<\/td>\n<\/tr>\n<tr data-start=\"5529\" data-end=\"5559\">\n<td>Pripojenie na nab\u00edjanie<\/td>\n<td>Type-C<\/td>\n<\/tr>\n<tr data-start=\"5560\" data-end=\"5614\">\n<td>Doba nab\u00edjania<\/td>\n<td>cca 2 hodiny (plne nabit\u00e9)<\/td>\n<\/tr>\n<tr data-start=\"5615\" data-end=\"5702\">\n<td>Vlastnosti<\/td>\n<td>3 sie\u0165ov\u00e9 \u0161pir\u00e1lky, 3 samostatn\u00e9 pr\u00edchute, opakovane nab\u00edjate\u013en\u00e9<\/td>\n<\/tr>\n<tr data-start=\"5703\" data-end=\"5747\">\n<td>Typ zariadenia<\/td>\n<td>Jednorazov\u00e9 vapovanie (Disposable)<\/td>\n<\/tr>\n<tr data-start=\"5748\" data-end=\"5779\">\n<td>Mechanick\u00fd mod<\/td>\n<td>Nie<\/td>\n<\/tr>\n<tr data-start=\"5780\" data-end=\"5825\">\n<td>Balenie na jednotku<\/td>\n<td>10 kusov na krabicu<\/td>\n<\/tr>\n<tr data-start=\"5826\" data-end=\"5872\">\n<td>Kart\u00f3nov\u00e9 balenie<\/td>\n<td>20 krab\u00edc na kart\u00f3n<\/td>\n<\/tr>\n<tr data-start=\"5873\" data-end=\"5928\">\n<td>Prepravn\u00e9 ve\u013ekosti<\/td>\n<td>100 alebo 200 kusov na kart\u00f3n<\/td>\n<\/tr>\n<\/tbody>\n<\/table>\n<\/div>\n<hr data-start=\"5930\" data-end=\"5933\" \/>\n<h3 data-start=\"5935\" data-end=\"5977\">Jednorazov\u00e9 e\u0161te nikdy nebolo tak\u00e9 dobr\u00e9<\/h3>\n<p data-start=\"5979\" data-end=\"6207\">BANG KING 45000 Pufov kombinuje v\u0161etko, \u010do vaperi \u017eelaj\u00fa: maxim\u00e1lne \u0165ahy, tri vymenite\u013en\u00e9 komory na pr\u00edchute, sie\u0165ov\u00e9 \u0161pir\u00e1lky pre intenz\u00edvny dym, opakovane nab\u00edjate\u013en\u00fa bat\u00e9riu a r\u00f4zne \u00farovne nikot\u00ednu.<\/p>\n<p data-start=\"6209\" data-end=\"6347\">\u010ci u\u017e ste za\u010diato\u010dn\u00edk alebo sk\u00fasen\u00fd vap\u00e9r \u2013 tento model pon\u00faka vynikaj\u00faci z\u00e1\u017eitok s maxim\u00e1lnou flexibilitou a komfortom.<\/p>\n<p data-start=\"6349\" data-end=\"6410\" data-is-last-node=\"\" data-is-only-node=\"\">Objednajte teraz a za\u017eite nov\u00fa gener\u00e1ciu vapovania.<\/p>","protected":false},"excerpt":{"rendered":"<p>\u2705 Extr\u00e9mne ve\u013ea cigariet \u2013 A\u017e 45 000 cigariet, pre extra dlh\u00e9 pote\u0161enie z parenia!<br \/>\n\u2705 \u017diadne coln\u00e9 poplatky &amp; bezplatn\u00e1 doprava \u2013 Jednoducho objednajte, bez \u010fal\u0161\u00edch n\u00e1kladov!<br \/>\n\u2705 Tri chute v jednom \u2013 Prepnite pod\u013ea \u017eelania, trojn\u00e1sobn\u00fd p\u00f4\u017eitok!<\/p>","protected":false},"featured_media":5624,"template":"","meta":[],"etheme_brands":[],"product_brand":[101],"product_cat":[66,49,61,87],"product_tag":[],"class_list":{"0":"post-5591","1":"product","2":"type-product","3":"status-publish","4":"has-post-thumbnail","6":"product_brand-bang-king-vape","7":"product_cat-45k-vape","8":"product_cat-einweg-e-zigarette","9":"product_cat-f","10":"product_cat-v","12":"first","13":"instock","14":"shipping-taxable","15":"purchasable","16":"product-type-variable"},"yoast_head":"<!-- This site is optimized with the Yoast SEO plugin v26.5 - https:\/\/yoast.com\/wordpress\/plugins\/seo\/ -->\n<title>BANG KING 45000 Puffs Watermelon, Red Bull und Strawberry Kiwi Maximales Dampfvergn\u00fcgen mit 3-in-1 Geschmack | vapingnet.de<\/title>\n<meta name=\"description\" content=\"BANG KING 45000 Puffs \u2013 Genie\u00dfe 3 wechselbare Aromen: Watermelon, Red Bull, Strawberry Kiwi mit Mesh-Coil, 650mAh Akku &amp; Type-C Ladeanschluss.\" \/>\n<meta name=\"robots\" content=\"index, follow, max-snippet:-1, max-image-preview:large, max-video-preview:-1\" \/>\n<link rel=\"canonical\" href=\"https:\/\/vapingnet.de\/sk\/vape\/bang-king-45000-puffs-watermelon-red-bull-und-strawberry-kiwi-maximales-dampfvergnuegen-mit-3-in-1-geschmack\/\" \/>\n<meta property=\"og:locale\" content=\"sk_SK\" \/>\n<meta property=\"og:type\" content=\"article\" \/>\n<meta property=\"og:title\" content=\"BANG KING 45000 Puffs Watermelon, Red Bull und Strawberry Kiwi Maximales Dampfvergn\u00fcgen mit 3-in-1 Geschmack | vapingnet.de\" \/>\n<meta property=\"og:description\" content=\"BANG KING 45000 Puffs \u2013 Genie\u00dfe 3 wechselbare Aromen: Watermelon, Red Bull, Strawberry Kiwi mit Mesh-Coil, 650mAh Akku &amp; Type-C Ladeanschluss.\" \/>\n<meta property=\"og:url\" content=\"https:\/\/vapingnet.de\/sk\/vape\/bang-king-45000-puffs-watermelon-red-bull-und-strawberry-kiwi-maximales-dampfvergnuegen-mit-3-in-1-geschmack\/\" \/>\n<meta property=\"og:site_name\" content=\"Vapingnet.de\" \/>\n<meta property=\"article:publisher\" content=\"https:\/\/www.facebook.com\/vapingnetde\/\" \/>\n<meta property=\"article:modified_time\" content=\"2025-06-19T03:40:40+00:00\" \/>\n<meta property=\"og:image\" content=\"https:\/\/vapingnet.de\/wp-content\/uploads\/2025\/03\/45k_Watermelon_Red-Bull_Strawberry-Kiwi-1.png\" \/>\n\t<meta property=\"og:image:width\" content=\"1000\" \/>\n\t<meta property=\"og:image:height\" content=\"1000\" \/>\n\t<meta property=\"og:image:type\" content=\"image\/png\" \/>\n<meta name=\"twitter:card\" content=\"summary_large_image\" \/>\n<meta name=\"twitter:label1\" content=\"Est. reading time\" \/>\n\t<meta name=\"twitter:data1\" content=\"5 minutes\" \/>\n<script type=\"application\/ld+json\" class=\"yoast-schema-graph\">{\"@context\":\"https:\/\/schema.org\",\"@graph\":[{\"@type\":\"WebPage\",\"@id\":\"https:\/\/vapingnet.de\/vape\/bang-king-45000-puffs-watermelon-red-bull-und-strawberry-kiwi-maximales-dampfvergnuegen-mit-3-in-1-geschmack\/\",\"url\":\"https:\/\/vapingnet.de\/vape\/bang-king-45000-puffs-watermelon-red-bull-und-strawberry-kiwi-maximales-dampfvergnuegen-mit-3-in-1-geschmack\/\",\"name\":\"BANG KING 45000 Puffs Watermelon, Red Bull und Strawberry Kiwi Maximales Dampfvergn\u00fcgen mit 3-in-1 Geschmack | vapingnet.de\",\"isPartOf\":{\"@id\":\"https:\/\/vapingnet.de\/#website\"},\"primaryImageOfPage\":{\"@id\":\"https:\/\/vapingnet.de\/vape\/bang-king-45000-puffs-watermelon-red-bull-und-strawberry-kiwi-maximales-dampfvergnuegen-mit-3-in-1-geschmack\/#primaryimage\"},\"image\":{\"@id\":\"https:\/\/vapingnet.de\/vape\/bang-king-45000-puffs-watermelon-red-bull-und-strawberry-kiwi-maximales-dampfvergnuegen-mit-3-in-1-geschmack\/#primaryimage\"},\"thumbnailUrl\":\"https:\/\/vapingnet.de\/wp-content\/uploads\/2025\/03\/45k_Watermelon_Red-Bull_Strawberry-Kiwi-1.png\",\"datePublished\":\"2025-03-18T07:06:06+00:00\",\"dateModified\":\"2025-06-19T03:40:40+00:00\",\"description\":\"BANG KING 45000 Puffs \u2013 Genie\u00dfe 3 wechselbare Aromen: Watermelon, Red Bull, Strawberry Kiwi mit Mesh-Coil, 650mAh Akku & Type-C Ladeanschluss.\",\"breadcrumb\":{\"@id\":\"https:\/\/vapingnet.de\/vape\/bang-king-45000-puffs-watermelon-red-bull-und-strawberry-kiwi-maximales-dampfvergnuegen-mit-3-in-1-geschmack\/#breadcrumb\"},\"inLanguage\":\"sk-SK\",\"potentialAction\":[{\"@type\":\"ReadAction\",\"target\":[\"https:\/\/vapingnet.de\/vape\/bang-king-45000-puffs-watermelon-red-bull-und-strawberry-kiwi-maximales-dampfvergnuegen-mit-3-in-1-geschmack\/\"]}]},{\"@type\":\"ImageObject\",\"inLanguage\":\"sk-SK\",\"@id\":\"https:\/\/vapingnet.de\/vape\/bang-king-45000-puffs-watermelon-red-bull-und-strawberry-kiwi-maximales-dampfvergnuegen-mit-3-in-1-geschmack\/#primaryimage\",\"url\":\"https:\/\/vapingnet.de\/wp-content\/uploads\/2025\/03\/45k_Watermelon_Red-Bull_Strawberry-Kiwi-1.png\",\"contentUrl\":\"https:\/\/vapingnet.de\/wp-content\/uploads\/2025\/03\/45k_Watermelon_Red-Bull_Strawberry-Kiwi-1.png\",\"width\":1000,\"height\":1000},{\"@type\":\"BreadcrumbList\",\"@id\":\"https:\/\/vapingnet.de\/vape\/bang-king-45000-puffs-watermelon-red-bull-und-strawberry-kiwi-maximales-dampfvergnuegen-mit-3-in-1-geschmack\/#breadcrumb\",\"itemListElement\":[{\"@type\":\"ListItem\",\"position\":1,\"name\":\"Home\",\"item\":\"https:\/\/vapingnet.de\/\"},{\"@type\":\"ListItem\",\"position\":2,\"name\":\"Shop\",\"item\":\"https:\/\/vapingnet.de\/vape\/\"},{\"@type\":\"ListItem\",\"position\":3,\"name\":\"BANG KING 45000 Puffs Watermelon, Red Bull und Strawberry Kiwi Maximales Dampfvergn\u00fcgen mit 3-in-1 Geschmack\"}]},{\"@type\":\"WebSite\",\"@id\":\"https:\/\/vapingnet.de\/#website\",\"url\":\"https:\/\/vapingnet.de\/\",\"name\":\"Vapingnet.de\",\"description\":\"\",\"publisher\":{\"@id\":\"https:\/\/vapingnet.de\/#organization\"},\"potentialAction\":[{\"@type\":\"SearchAction\",\"target\":{\"@type\":\"EntryPoint\",\"urlTemplate\":\"https:\/\/vapingnet.de\/?s={search_term_string}\"},\"query-input\":{\"@type\":\"PropertyValueSpecification\",\"valueRequired\":true,\"valueName\":\"search_term_string\"}}],\"inLanguage\":\"sk-SK\"},{\"@type\":\"Organization\",\"@id\":\"https:\/\/vapingnet.de\/#organization\",\"name\":\"Vapingnet.de\",\"url\":\"https:\/\/vapingnet.de\/\",\"logo\":{\"@type\":\"ImageObject\",\"inLanguage\":\"sk-SK\",\"@id\":\"https:\/\/vapingnet.de\/#\/schema\/logo\/image\/\",\"url\":\"https:\/\/vapingnet.de\/wp-content\/uploads\/2025\/03\/cropped-vapingnet.de_.jpg\",\"contentUrl\":\"https:\/\/vapingnet.de\/wp-content\/uploads\/2025\/03\/cropped-vapingnet.de_.jpg\",\"width\":512,\"height\":512,\"caption\":\"Vapingnet.de\"},\"image\":{\"@id\":\"https:\/\/vapingnet.de\/#\/schema\/logo\/image\/\"},\"sameAs\":[\"https:\/\/www.facebook.com\/vapingnetde\/\"]}]}<\/script>\n<!-- \/ Yoast SEO plugin. -->","yoast_head_json":{"title":"BANG KING 45000 Puffs Watermelon, Red Bull und Strawberry Kiwi Maximales Dampfvergn\u00fcgen mit 3-in-1 Geschmack | vapingnet.de","description":"BANG KING 45000 Puffs \u2013 Genie\u00dfe 3 wechselbare Aromen: Watermelon, Red Bull, Strawberry Kiwi mit Mesh-Coil, 650mAh Akku & Type-C Ladeanschluss.","robots":{"index":"index","follow":"follow","max-snippet":"max-snippet:-1","max-image-preview":"max-image-preview:large","max-video-preview":"max-video-preview:-1"},"canonical":"https:\/\/vapingnet.de\/sk\/vape\/bang-king-45000-puffs-watermelon-red-bull-und-strawberry-kiwi-maximales-dampfvergnuegen-mit-3-in-1-geschmack\/","og_locale":"sk_SK","og_type":"article","og_title":"BANG KING 45000 Puffs Watermelon, Red Bull und Strawberry Kiwi Maximales Dampfvergn\u00fcgen mit 3-in-1 Geschmack | vapingnet.de","og_description":"BANG KING 45000 Puffs \u2013 Genie\u00dfe 3 wechselbare Aromen: Watermelon, Red Bull, Strawberry Kiwi mit Mesh-Coil, 650mAh Akku & Type-C Ladeanschluss.","og_url":"https:\/\/vapingnet.de\/sk\/vape\/bang-king-45000-puffs-watermelon-red-bull-und-strawberry-kiwi-maximales-dampfvergnuegen-mit-3-in-1-geschmack\/","og_site_name":"Vapingnet.de","article_publisher":"https:\/\/www.facebook.com\/vapingnetde\/","article_modified_time":"2025-06-19T03:40:40+00:00","og_image":[{"width":1000,"height":1000,"url":"https:\/\/vapingnet.de\/wp-content\/uploads\/2025\/03\/45k_Watermelon_Red-Bull_Strawberry-Kiwi-1.png","type":"image\/png"}],"twitter_card":"summary_large_image","twitter_misc":{"Est. reading time":"5 minutes"},"schema":{"@context":"https:\/\/schema.org","@graph":[{"@type":"WebPage","@id":"https:\/\/vapingnet.de\/vape\/bang-king-45000-puffs-watermelon-red-bull-und-strawberry-kiwi-maximales-dampfvergnuegen-mit-3-in-1-geschmack\/","url":"https:\/\/vapingnet.de\/vape\/bang-king-45000-puffs-watermelon-red-bull-und-strawberry-kiwi-maximales-dampfvergnuegen-mit-3-in-1-geschmack\/","name":"BANG KING 45000 Puffs Watermelon, Red Bull und Strawberry Kiwi Maximales Dampfvergn\u00fcgen mit 3-in-1 Geschmack | vapingnet.de","isPartOf":{"@id":"https:\/\/vapingnet.de\/#website"},"primaryImageOfPage":{"@id":"https:\/\/vapingnet.de\/vape\/bang-king-45000-puffs-watermelon-red-bull-und-strawberry-kiwi-maximales-dampfvergnuegen-mit-3-in-1-geschmack\/#primaryimage"},"image":{"@id":"https:\/\/vapingnet.de\/vape\/bang-king-45000-puffs-watermelon-red-bull-und-strawberry-kiwi-maximales-dampfvergnuegen-mit-3-in-1-geschmack\/#primaryimage"},"thumbnailUrl":"https:\/\/vapingnet.de\/wp-content\/uploads\/2025\/03\/45k_Watermelon_Red-Bull_Strawberry-Kiwi-1.png","datePublished":"2025-03-18T07:06:06+00:00","dateModified":"2025-06-19T03:40:40+00:00","description":"BANG KING 45000 Puffs \u2013 Genie\u00dfe 3 wechselbare Aromen: Watermelon, Red Bull, Strawberry Kiwi mit Mesh-Coil, 650mAh Akku & Type-C Ladeanschluss.","breadcrumb":{"@id":"https:\/\/vapingnet.de\/vape\/bang-king-45000-puffs-watermelon-red-bull-und-strawberry-kiwi-maximales-dampfvergnuegen-mit-3-in-1-geschmack\/#breadcrumb"},"inLanguage":"sk-SK","potentialAction":[{"@type":"ReadAction","target":["https:\/\/vapingnet.de\/vape\/bang-king-45000-puffs-watermelon-red-bull-und-strawberry-kiwi-maximales-dampfvergnuegen-mit-3-in-1-geschmack\/"]}]},{"@type":"ImageObject","inLanguage":"sk-SK","@id":"https:\/\/vapingnet.de\/vape\/bang-king-45000-puffs-watermelon-red-bull-und-strawberry-kiwi-maximales-dampfvergnuegen-mit-3-in-1-geschmack\/#primaryimage","url":"https:\/\/vapingnet.de\/wp-content\/uploads\/2025\/03\/45k_Watermelon_Red-Bull_Strawberry-Kiwi-1.png","contentUrl":"https:\/\/vapingnet.de\/wp-content\/uploads\/2025\/03\/45k_Watermelon_Red-Bull_Strawberry-Kiwi-1.png","width":1000,"height":1000},{"@type":"BreadcrumbList","@id":"https:\/\/vapingnet.de\/vape\/bang-king-45000-puffs-watermelon-red-bull-und-strawberry-kiwi-maximales-dampfvergnuegen-mit-3-in-1-geschmack\/#breadcrumb","itemListElement":[{"@type":"ListItem","position":1,"name":"Home","item":"https:\/\/vapingnet.de\/"},{"@type":"ListItem","position":2,"name":"Shop","item":"https:\/\/vapingnet.de\/vape\/"},{"@type":"ListItem","position":3,"name":"BANG KING 45000 Puffs Watermelon, Red Bull und Strawberry Kiwi Maximales Dampfvergn\u00fcgen mit 3-in-1 Geschmack"}]},{"@type":"WebSite","@id":"https:\/\/vapingnet.de\/#website","url":"https:\/\/vapingnet.de\/","name":"Vapingnet.de","description":"","publisher":{"@id":"https:\/\/vapingnet.de\/#organization"},"potentialAction":[{"@type":"SearchAction","target":{"@type":"EntryPoint","urlTemplate":"https:\/\/vapingnet.de\/?s={search_term_string}"},"query-input":{"@type":"PropertyValueSpecification","valueRequired":true,"valueName":"search_term_string"}}],"inLanguage":"sk-SK"},{"@type":"Organization","@id":"https:\/\/vapingnet.de\/#organization","name":"Vapingnet.de","url":"https:\/\/vapingnet.de\/","logo":{"@type":"ImageObject","inLanguage":"sk-SK","@id":"https:\/\/vapingnet.de\/#\/schema\/logo\/image\/","url":"https:\/\/vapingnet.de\/wp-content\/uploads\/2025\/03\/cropped-vapingnet.de_.jpg","contentUrl":"https:\/\/vapingnet.de\/wp-content\/uploads\/2025\/03\/cropped-vapingnet.de_.jpg","width":512,"height":512,"caption":"Vapingnet.de"},"image":{"@id":"https:\/\/vapingnet.de\/#\/schema\/logo\/image\/"},"sameAs":["https:\/\/www.facebook.com\/vapingnetde\/"]}]}},"tiered_pricing_type":"fixed","tiered_pricing_fixed_rules":[],"tiered_pricing_product_settings":{"layout":"default","base_unit_name":{"singular":null,"plural":null},"default_variation":null},"tiered_pricing_minimum_quantity":null,"tiered_pricing_roles_data":[],"tiered_pricing_percentage_rules":[],"_links":{"self":[{"href":"https:\/\/vapingnet.de\/sk\/wp-json\/wp\/v2\/product\/5591","targetHints":{"allow":["GET"]}}],"collection":[{"href":"https:\/\/vapingnet.de\/sk\/wp-json\/wp\/v2\/product"}],"about":[{"href":"https:\/\/vapingnet.de\/sk\/wp-json\/wp\/v2\/types\/product"}],"version-history":[{"count":3,"href":"https:\/\/vapingnet.de\/sk\/wp-json\/wp\/v2\/product\/5591\/revisions"}],"predecessor-version":[{"id":5968,"href":"https:\/\/vapingnet.de\/sk\/wp-json\/wp\/v2\/product\/5591\/revisions\/5968"}],"wp:featuredmedia":[{"embeddable":true,"href":"https:\/\/vapingnet.de\/sk\/wp-json\/wp\/v2\/media\/5624"}],"wp:attachment":[{"href":"https:\/\/vapingnet.de\/sk\/wp-json\/wp\/v2\/media?parent=5591"}],"wp:term":[{"taxonomy":"brand","embeddable":true,"href":"https:\/\/vapingnet.de\/sk\/wp-json\/wp\/v2\/etheme_brands?post=5591"},{"taxonomy":"product_brand","embeddable":true,"href":"https:\/\/vapingnet.de\/sk\/wp-json\/wp\/v2\/product_brand?post=5591"},{"taxonomy":"product_cat","embeddable":true,"href":"https:\/\/vapingnet.de\/sk\/wp-json\/wp\/v2\/product_cat?post=5591"},{"taxonomy":"product_tag","embeddable":true,"href":"https:\/\/vapingnet.de\/sk\/wp-json\/wp\/v2\/product_tag?post=5591"}],"curies":[{"name":"wp","href":"https:\/\/api.w.org\/{rel}","templated":true}]}}