{"id":5602,"date":"2025-03-18T07:10:10","date_gmt":"2025-03-18T07:10:10","guid":{"rendered":"https:\/\/vapingnet.de\/?post_type=product&#038;p=5602"},"modified":"2025-06-19T03:40:39","modified_gmt":"2025-06-19T03:40:39","slug":"drei-frische-geschmacksrichtungen-erdbeer-banane-himbeer-wassermelone-zitrone-limette-bang-king-45k-puffs","status":"publish","type":"product","link":"https:\/\/vapingnet.de\/sk\/vape\/drei-frische-geschmacksrichtungen-erdbeer-banane-himbeer-wassermelone-zitrone-limette-bang-king-45k-puffs\/","title":{"rendered":"Tri \u010derstv\u00e9 pr\u00edchute jahodovo-bananov\u00e1, mal\u00ednovo-wassermelone, citr\u00f3novo-limetkov\u00e1, BANG KING 45k puffs"},"content":{"rendered":"<h2 data-start=\"0\" data-end=\"123\">BANG KING 45000 Pufov \u2013 Jahodovo-ban\u00e1nov\u00e1, mal\u00ednovo vodn\u00e1 mel\u00f3n a citr\u00f3n-limetka \u2013 Za\u017ei maxim\u00e1lny ovocn\u00fd p\u00f4\u017eitok<\/h2>\n<p data-start=\"125\" data-end=\"506\">BANG KING 45000 Puffs stanovuje nov\u00e9 \u0161tandardy v oblasti <strong><a href=\"https:\/\/vapingnet.de\/sk\/k\/einweg-e-zigarette\/\">Jednorazov\u00e9 e-cigaretky<\/a><\/strong> a pon\u00faka s jeho 3-v-1 syst\u00e9mom chuti nezrovnate\u013en\u00fd z\u00e1\u017eitok z vapovania. S impozantn\u00fdm po\u010dtom <strong><a href=\"https:\/\/vapingnet.de\/sk\/k\/45k-vape\/\">45k vap<\/a><\/strong>ov a tromi lahodn\u00fdmi pr\u00edchu\u0165ami Jahodovo-ban\u00e1nov\u00e1, mal\u00ednovo vodn\u00e1 mel\u00f3n a citr\u00f3n-limetka zabezpe\u010duje tento model maxim\u00e1lny p\u00f4\u017eitok pri ka\u017edom \u0165ahu.<\/p>\n<p data-start=\"508\" data-end=\"893\">Tento produkt kombinuje najnov\u0161\u00ed technologick\u00fd pokrok s pou\u017e\u00edvate\u013esky pr\u00edvetiv\u00fdm ovl\u00e1dan\u00edm a zaru\u010duje intenz\u00edvny z\u00e1\u017eitok z vapovania. V\u010faka technol\u00f3gii Mesh-Coil, ktor\u00e1 zabezpe\u010duje konzistentn\u00fa vysok\u00fa intenzitu chuti, a nab\u00edjate\u013enej bat\u00e9rii 650mAh s konektorom Type-C je BANG KING 45000 Pufov praktick\u00fd aj v\u00fdkonn\u00fd.<\/p>\n<h2 data-start=\"900\" data-end=\"945\">V\u0161estrann\u00e9 pr\u00edchute pre ka\u017ed\u00fa n\u00e1ladu<\/h2>\n<p data-start=\"947\" data-end=\"1137\">Ten <strong><a href=\"https:\/\/vapingnet.de\/sk\/bang-king-45000-puffs\/\">BANG KING 45000 Puffs<\/a><\/strong> pon\u00faka rozmanit\u00fd chu\u0165ov\u00fd z\u00e1\u017eitok s tromi ovocn\u00fdmi pr\u00edchu\u0165ami, ktor\u00e9 vynikaj\u00fa v\u010faka 3-v-1 syst\u00e9mu chuti:<\/p>\n<ul data-start=\"1139\" data-end=\"1704\">\n<li data-start=\"1139\" data-end=\"1315\">Jahodovo-ban\u00e1nov\u00e1 \u2013 Kombin\u00e1cia sladk\u00fdch jah\u00f4d a kr\u00e9movej ban\u00e1ny pon\u00faka harmonick\u00fa zmes ovocnosti a jemnosti, ktor\u00e1 v\u00e1s pri ka\u017edom \u0165ahu rozmazn\u00e1va.<\/li>\n<li data-start=\"1316\" data-end=\"1494\">Mal\u00ednovo vodn\u00e1 mel\u00f3n \u2013 Osve\u017euj\u00faca, \u0161\u0165avnat\u00e1 vodn\u00e1 mel\u00f3n sa stret\u00e1va so sladkou, mierne kyslou mal\u00ednou, \u010do vedie k povzbudzuj\u00facemu a ovocn\u00e9mu z\u00e1\u017eitku z vapovania.<\/li>\n<li data-start=\"1495\" data-end=\"1704\">Citr\u00f3n-limetka \u2013 \u0160\u0165avnat\u00e1 citrusov\u00e1 zmes zo sladkosti citr\u00f3na a svie\u017eosti limetky prin\u00e1\u0161a osvie\u017euj\u00faci z\u00e1\u017eitok, ide\u00e1lny na za\u010diatok d\u0148a alebo ako osvie\u017eenie po\u010das d\u0148a.<\/li>\n<\/ul>\n<p data-start=\"1706\" data-end=\"1984\">Tieto tri pr\u00edchute je mo\u017en\u00e9 vychutn\u00e1va\u0165 nez\u00e1visle od seba, tak\u017ee m\u00f4\u017eete za\u017ei\u0165 rozmanitos\u0165 ovocn\u00fdch chut\u00ed v jednom zariaden\u00ed. Mesh-Coils zabezpe\u010duj\u00fa, \u017ee ka\u017ed\u00fd chu\u0165ov\u00fd z\u00e1\u017eitok zost\u00e1va intenz\u00edvny a\u017e do posledn\u00e9ho \u0165ahu a \u017eiadne ar\u00f3my sa neztratia.<\/p>\n<h2 data-start=\"1991\" data-end=\"2053\">Inovat\u00edvna technol\u00f3gia Mesh-Coil pre intenz\u00edvne parenie<\/h2>\n<p data-start=\"2055\" data-end=\"2315\">BANG KING 45000 Pufov je vybaven\u00fd 1.0-Ohmov\u00fdm Mesh-Coilom, ktor\u00fd zabezpe\u010duje rovnomern\u00e9 odparovanie e-liquidu. T\u00e1to pokro\u010dil\u00e1 technol\u00f3gia maximalizuje rozvoj chut\u00ed a zabezpe\u010duje kon\u0161tantn\u00fa vysok\u00fa produkciu pary.<\/p>\n<ul data-start=\"2317\" data-end=\"2872\">\n<li data-start=\"2317\" data-end=\"2489\">Lep\u0161ie rozv\u00edjanie chuti \u2013 V\u010faka v\u00e4\u010d\u0161ej ploche Mesh-Coilov sa liquid efekt\u00edvnej\u0161ie odparuje, \u010do vedie k mimoriadne intenz\u00edvnej chuti.<\/li>\n<li data-start=\"2490\" data-end=\"2685\">Hust\u00e9 oblaky pary \u2013 Mesh-Coils zabezpe\u010duj\u00fa rovnomern\u00e9 rozlo\u017eenie tepla a t\u00fdm aj hustej\u0161ie oblaky pary, ktor\u00e9 nielen dobre vyzeraj\u00fa, ale aj zv\u00fdraz\u0148uj\u00fa chu\u0165.<\/li>\n<li data-start=\"2686\" data-end=\"2872\">Dlh\u00e1 \u017eivotnos\u0165 \u2013 Technol\u00f3gia Mesh-Coil zabezpe\u010duje, \u017ee chu\u0165 zost\u00e1va kon\u0161tantn\u00e1, a\u017e k\u00fdm sa liquid \u00faplne neodpar\u00ed, a nevznikaj\u00fa sp\u00e1len\u00e9 ar\u00f3my.<\/li>\n<\/ul>\n<p data-start=\"2874\" data-end=\"3029\">V\u010faka tejto pokro\u010dilej technol\u00f3gii pon\u00faka BANG KING 45000 Pufov spo\u013eahliv\u00fd a intenz\u00edvny z\u00e1\u017eitok z vapovania, ktor\u00fd vydr\u017e\u00ed cel\u00fd de\u0148.<\/p>\n<h2 data-start=\"3036\" data-end=\"3099\">Nab\u00edjate\u013en\u00e1 bat\u00e9ria 650mAh s konektorom Type-C<\/h2>\n<p data-start=\"3101\" data-end=\"3350\">BANG KING 45000 Pufov je vybaven\u00fd v\u00fdkonnou bat\u00e9riou 650mAh, ktor\u00e1 zabezpe\u010duje dlh\u00e9 pou\u017e\u00edvanie. Bat\u00e9ria je nab\u00edjate\u013en\u00e1 a umo\u017e\u0148uje r\u00fdchle nab\u00edjanie v\u010faka konektoru Type-C.<\/p>\n<ul data-start=\"3352\" data-end=\"3829\">\n<li data-start=\"3352\" data-end=\"3483\">R\u00fdchle nab\u00edjanie \u2013 Do dvoch hod\u00edn je bat\u00e9ria \u00faplne nabit\u00e1 a pripraven\u00e1 na \u010fal\u0161\u00ed v\u00fdkon.<\/li>\n<li data-start=\"3484\" data-end=\"3660\">Dlh\u00e1 \u017eivotnos\u0165 \u2013 Opakovane dob\u00edjate\u013en\u00e1 bat\u00e9ria rob\u00ed BANG KING 45000 Puffs ekonomickou a ekologickej\u0161ou mo\u017enos\u0165ou v porovnan\u00ed s jednorazov\u00fdmi vaporiz\u00e9rmi.<\/li>\n<li data-start=\"3661\" data-end=\"3829\">Pohodln\u00e9 pou\u017e\u00edvanie \u2013 Typ-C konektor zabezpe\u010duje r\u00fdchlej\u0161ie a jednoduch\u0161ie nab\u00edjanie, bez starost\u00ed o dlh\u00e9 doby nab\u00edjania.<\/li>\n<\/ul>\n<h2 data-start=\"3836\" data-end=\"3889\">Rozli\u010dn\u00e9 \u00farovne nikot\u00ednu pre tvoj po\u017eiadavok<\/h2>\n<p data-start=\"3891\" data-end=\"4061\">BANG KING 45000 Puffs je dostupn\u00fd v r\u00f4znych \u00farovniach nikot\u00ednu, tak\u017ee si m\u00f4\u017ee\u0161 vybra\u0165 t\u00fa, ktor\u00e1 ti najviac vyhovuje. Dostupn\u00e9 \u00farovne nikot\u00ednu s\u00fa:<\/p>\n<ul data-start=\"4063\" data-end=\"4454\">\n<li data-start=\"4063\" data-end=\"4154\">0% Nikot\u00edn \u2013 Ide\u00e1lny pre t\u00fdch, ktor\u00ed si chc\u00fa vychutna\u0165 chu\u0165 bez nikot\u00ednu.<\/li>\n<li data-start=\"4155\" data-end=\"4286\">2% Nikot\u00edn \u2013 Mierna \u00farove\u0148 nikot\u00ednu pre pr\u00edle\u017eitostn\u00fdch vaporiz\u00e9rov alebo t\u00fdch, ktor\u00ed preferuj\u00fa decentn\u00fa nikot\u00ednov\u00fa d\u00e1vku.<\/li>\n<li data-start=\"4287\" data-end=\"4367\">3% Nikot\u00edn \u2013 Vyv\u00e1\u017een\u00e1 \u00farove\u0148 nikot\u00ednu pre klasick\u00fdch vaporiz\u00e9rov.<\/li>\n<li data-start=\"4368\" data-end=\"4454\">5% Nikot\u00edn \u2013 Pre sk\u00fasen\u00fdch vaporiz\u00e9rov, ktor\u00ed potrebuj\u00fa silnej\u0161\u00ed nikot\u00ednov\u00fd z\u00e1\u017eitok.<\/li>\n<\/ul>\n<p data-start=\"4456\" data-end=\"4669\">Nez\u00e1le\u017e\u00ed na tom, \u010di si chce\u0161 vychutna\u0165 chu\u0165 bez nikot\u00ednu alebo si vybra\u0165 vy\u0161\u0161iu \u00farove\u0148 nikot\u00ednu, BANG KING 45000 Puffs ti umo\u017en\u00ed prisp\u00f4sobi\u0165 si vapovanie pod\u013ea tvojich preferenci\u00ed.<\/p>\n<h2 data-start=\"4676\" data-end=\"4725\">Jednoduch\u00e9 pou\u017e\u00edvanie \u2013 Ide\u00e1lne na cest\u00e1ch<\/h2>\n<p data-start=\"4727\" data-end=\"4957\">BANG KING 45000 Puffs je mimoriadne pou\u017e\u00edvate\u013esky pr\u00edvetiv\u00fd a ide\u00e1lny na ka\u017edodenn\u00e9 pou\u017eitie. S jeho praktick\u00fdm dizajnom je vhodn\u00fd na cest\u00e1ch, \u010di ho nos\u00ed\u0161 v ta\u0161ke alebo ho dr\u017e\u00ed\u0161 v ruke.<\/p>\n<ul data-start=\"4959\" data-end=\"5493\">\n<li data-start=\"4959\" data-end=\"5113\">\u017diadna \u00fadr\u017eba \u2013 Sta\u010d\u00ed vybra\u0165 a u\u017e\u00edva\u0165 si. \u017diadne dop\u013a\u0148anie, \u017eiadna v\u00fdmena \u0161pir\u00e1lky \u2013 maxim\u00e1lny komfort.<\/li>\n<li data-start=\"5114\" data-end=\"5265\">Kompaktn\u00e1 ve\u013ekos\u0165 \u2013 S kompaktnou ve\u013ekos\u0165ou sa \u013eahko zmest\u00ed do ka\u017edej ta\u0161ky alebo ruksaku, tak\u017ee k nemu m\u00e1\u0161 v\u017edy pr\u00edstup.<\/li>\n<li data-start=\"5266\" data-end=\"5493\">Praktick\u00e9 pou\u017e\u00edvanie \u2013 V\u010faka opakovane dob\u00edjate\u013enej bat\u00e9rii a jednoduch\u00e9mu nab\u00edjaniu cez Type-C je BANG KING 45000 Puffs ide\u00e1lnym rie\u0161en\u00edm pre vaporiz\u00e9rov, ktor\u00ed h\u013eadaj\u00fa pohodln\u00fa a v\u00fdkonn\u00fa alternat\u00edvu.<\/li>\n<\/ul>\n<h2 data-start=\"5500\" data-end=\"5557\">Inform\u00e1cie o balen\u00ed a ve\u013ekoobchodn\u00e9 mo\u017enosti<\/h2>\n<p data-start=\"5559\" data-end=\"5693\">BANG KING 45000 Puffs je dostupn\u00fd v praktick\u00fdch baleniach, ktor\u00e9 s\u00fa ide\u00e1lne pre maloobchodn\u00edkov a ve\u013ekoobchodn\u00edkov:<\/p>\n<ul data-start=\"5695\" data-end=\"5951\">\n<li data-start=\"5695\" data-end=\"5764\">10 kusov v balen\u00ed \u2013 Pre jednoduch\u00e9 manipulovanie a skladovanie.<\/li>\n<li data-start=\"5765\" data-end=\"5833\">20 balen\u00ed v kart\u00f3ne \u2013 Ide\u00e1lne pre ve\u013ekoobchod a distrib\u00faciu.<\/li>\n<li data-start=\"5834\" data-end=\"5951\">Prepravn\u00e1 ve\u013ekos\u0165: 100 alebo 200 kusov na kart\u00f3n \u2013 Ide\u00e1lne pre medzin\u00e1rodn\u00fa dopravu a distrib\u00faciu.<\/li>\n<\/ul>\n<p data-start=\"5953\" data-end=\"6101\">Tieto mo\u017enosti balenia zabezpe\u010duj\u00fa efekt\u00edvne skladovanie a plynul\u00fa distrib\u00faciu, \u010di u\u017e pre maloobchodn\u00edkov alebo ve\u013ekoobchodn\u00edkov.<\/p>\n<h2 data-start=\"6108\" data-end=\"6168\">Perfektn\u00e1 vo\u013eba pre n\u00e1ro\u010dn\u00fdch vapoterov<\/h2>\n<p data-start=\"6170\" data-end=\"6603\">BANG KING 45000 Puffs pon\u00faka vynikaj\u00faci z\u00e1\u017eitok z vapovania s mno\u017estvom \u010derstv\u00fdch, ovocn\u00fdch pr\u00edchut\u00ed a dlhotrvaj\u00facim bat\u00e9riov\u00fdm rie\u0161en\u00edm. S technol\u00f3giou Mesh-Coil pre intenz\u00edvnu chu\u0165, dob\u00edjate\u013enou bat\u00e9riou a mo\u017enos\u0165ou v\u00fdberu medzi r\u00f4znymi silami nikot\u00ednu je tento vaporiz\u00e9r ide\u00e1lnou vo\u013ebou pre t\u00fdch, ktor\u00ed h\u013eadaj\u00fa intenz\u00edvny a flexibiln\u00fd z\u00e1\u017eitok z vapovania.<\/p>\n<ul data-start=\"6605\" data-end=\"6867\">\n<li data-start=\"6605\" data-end=\"6687\">Tri lahodn\u00e9 pr\u00edchute: Jahoda Ban\u00e1n, Malina Mel\u00f3n, Citr\u00f3n Limeta<\/li>\n<li data-start=\"6688\" data-end=\"6761\">Mesh-Coil pre intenz\u00edvne oblaky pary a dlhodob\u00fa chu\u0165<\/li>\n<li data-start=\"6762\" data-end=\"6817\">Opakovane nab\u00edjate\u013en\u00e1 bat\u00e9ria s r\u00fdchlym nab\u00edjan\u00edm Type-C<\/li>\n<li data-start=\"6818\" data-end=\"6867\">Individu\u00e1lne \u00farovne nikot\u00ednu od 0% do 5%<\/li>\n<\/ul>\n<p data-start=\"6869\" data-end=\"6998\" data-is-last-node=\"\" data-is-only-node=\"\">Za\u017eite BANG KING 45000 Puffs e\u0161te dnes a vychutnajte si nezabudnute\u013en\u00fd z\u00e1\u017eitok z vapovania, ktor\u00fd v\u00e1s nesklame!<\/p>","protected":false},"excerpt":{"rendered":"<p>\u2705 Extr\u00e9mne ve\u013ea cigariet \u2013 A\u017e 45 000 cigariet, pre extra dlh\u00e9 pote\u0161enie z parenia!<br \/>\n\u2705 \u017diadne coln\u00e9 poplatky &amp; bezplatn\u00e1 doprava \u2013 Jednoducho objednajte, bez \u010fal\u0161\u00edch n\u00e1kladov!<br \/>\n\u2705 Tri chute v jednom \u2013 Prepnite pod\u013ea \u017eelania, trojn\u00e1sobn\u00fd p\u00f4\u017eitok!<\/p>","protected":false},"featured_media":5619,"template":"","meta":[],"etheme_brands":[],"product_brand":[101],"product_cat":[66,49,61,87],"product_tag":[],"class_list":{"0":"post-5602","1":"product","2":"type-product","3":"status-publish","4":"has-post-thumbnail","6":"product_brand-bang-king-vape","7":"product_cat-45k-vape","8":"product_cat-einweg-e-zigarette","9":"product_cat-f","10":"product_cat-v","12":"first","13":"instock","14":"shipping-taxable","15":"purchasable","16":"product-type-variable"},"yoast_head":"<!-- This site is optimized with the Yoast SEO plugin v26.5 - https:\/\/yoast.com\/wordpress\/plugins\/seo\/ -->\n<title>Drei frische Geschmacksrichtungen Erdbeer-Banane Himbeer-Wassermelone Zitrone-Limette BANG KING 45k puffs | vapingnet.de<\/title>\n<meta name=\"description\" content=\"BANG KING 45.000 Z\u00fcge \u2013 Drei frische Geschmacksrichtungen: Erdbeer-Banane, Himbeer-Wassermelone, Zitrone-Limette, Mesh-Spule, 650-mAh-Akku\" \/>\n<meta name=\"robots\" content=\"index, follow, max-snippet:-1, max-image-preview:large, max-video-preview:-1\" \/>\n<link rel=\"canonical\" href=\"https:\/\/vapingnet.de\/sk\/vape\/drei-frische-geschmacksrichtungen-erdbeer-banane-himbeer-wassermelone-zitrone-limette-bang-king-45k-puffs\/\" \/>\n<meta property=\"og:locale\" content=\"sk_SK\" \/>\n<meta property=\"og:type\" content=\"article\" \/>\n<meta property=\"og:title\" content=\"Drei frische Geschmacksrichtungen Erdbeer-Banane Himbeer-Wassermelone Zitrone-Limette BANG KING 45k puffs | vapingnet.de\" \/>\n<meta property=\"og:description\" content=\"BANG KING 45.000 Z\u00fcge \u2013 Drei frische Geschmacksrichtungen: Erdbeer-Banane, Himbeer-Wassermelone, Zitrone-Limette, Mesh-Spule, 650-mAh-Akku\" \/>\n<meta property=\"og:url\" content=\"https:\/\/vapingnet.de\/sk\/vape\/drei-frische-geschmacksrichtungen-erdbeer-banane-himbeer-wassermelone-zitrone-limette-bang-king-45k-puffs\/\" \/>\n<meta property=\"og:site_name\" content=\"Vapingnet.de\" \/>\n<meta property=\"article:publisher\" content=\"https:\/\/www.facebook.com\/vapingnetde\/\" \/>\n<meta property=\"article:modified_time\" content=\"2025-06-19T03:40:39+00:00\" \/>\n<meta property=\"og:image\" content=\"https:\/\/vapingnet.de\/wp-content\/uploads\/2025\/03\/45k_Strawberry-Banana_Raspberry-Watermelon_Lemon-Lime-1.png\" \/>\n\t<meta property=\"og:image:width\" content=\"1000\" \/>\n\t<meta property=\"og:image:height\" content=\"1000\" \/>\n\t<meta property=\"og:image:type\" content=\"image\/png\" \/>\n<meta name=\"twitter:card\" content=\"summary_large_image\" \/>\n<meta name=\"twitter:label1\" content=\"Est. reading time\" \/>\n\t<meta name=\"twitter:data1\" content=\"5 minutes\" \/>\n<script type=\"application\/ld+json\" class=\"yoast-schema-graph\">{\"@context\":\"https:\/\/schema.org\",\"@graph\":[{\"@type\":\"WebPage\",\"@id\":\"https:\/\/vapingnet.de\/vape\/drei-frische-geschmacksrichtungen-erdbeer-banane-himbeer-wassermelone-zitrone-limette-bang-king-45k-puffs\/\",\"url\":\"https:\/\/vapingnet.de\/vape\/drei-frische-geschmacksrichtungen-erdbeer-banane-himbeer-wassermelone-zitrone-limette-bang-king-45k-puffs\/\",\"name\":\"Drei frische Geschmacksrichtungen Erdbeer-Banane Himbeer-Wassermelone Zitrone-Limette BANG KING 45k puffs | vapingnet.de\",\"isPartOf\":{\"@id\":\"https:\/\/vapingnet.de\/#website\"},\"primaryImageOfPage\":{\"@id\":\"https:\/\/vapingnet.de\/vape\/drei-frische-geschmacksrichtungen-erdbeer-banane-himbeer-wassermelone-zitrone-limette-bang-king-45k-puffs\/#primaryimage\"},\"image\":{\"@id\":\"https:\/\/vapingnet.de\/vape\/drei-frische-geschmacksrichtungen-erdbeer-banane-himbeer-wassermelone-zitrone-limette-bang-king-45k-puffs\/#primaryimage\"},\"thumbnailUrl\":\"https:\/\/vapingnet.de\/wp-content\/uploads\/2025\/03\/45k_Strawberry-Banana_Raspberry-Watermelon_Lemon-Lime-1.png\",\"datePublished\":\"2025-03-18T07:10:10+00:00\",\"dateModified\":\"2025-06-19T03:40:39+00:00\",\"description\":\"BANG KING 45.000 Z\u00fcge \u2013 Drei frische Geschmacksrichtungen: Erdbeer-Banane, Himbeer-Wassermelone, Zitrone-Limette, Mesh-Spule, 650-mAh-Akku\",\"breadcrumb\":{\"@id\":\"https:\/\/vapingnet.de\/vape\/drei-frische-geschmacksrichtungen-erdbeer-banane-himbeer-wassermelone-zitrone-limette-bang-king-45k-puffs\/#breadcrumb\"},\"inLanguage\":\"sk-SK\",\"potentialAction\":[{\"@type\":\"ReadAction\",\"target\":[\"https:\/\/vapingnet.de\/vape\/drei-frische-geschmacksrichtungen-erdbeer-banane-himbeer-wassermelone-zitrone-limette-bang-king-45k-puffs\/\"]}]},{\"@type\":\"ImageObject\",\"inLanguage\":\"sk-SK\",\"@id\":\"https:\/\/vapingnet.de\/vape\/drei-frische-geschmacksrichtungen-erdbeer-banane-himbeer-wassermelone-zitrone-limette-bang-king-45k-puffs\/#primaryimage\",\"url\":\"https:\/\/vapingnet.de\/wp-content\/uploads\/2025\/03\/45k_Strawberry-Banana_Raspberry-Watermelon_Lemon-Lime-1.png\",\"contentUrl\":\"https:\/\/vapingnet.de\/wp-content\/uploads\/2025\/03\/45k_Strawberry-Banana_Raspberry-Watermelon_Lemon-Lime-1.png\",\"width\":1000,\"height\":1000},{\"@type\":\"BreadcrumbList\",\"@id\":\"https:\/\/vapingnet.de\/vape\/drei-frische-geschmacksrichtungen-erdbeer-banane-himbeer-wassermelone-zitrone-limette-bang-king-45k-puffs\/#breadcrumb\",\"itemListElement\":[{\"@type\":\"ListItem\",\"position\":1,\"name\":\"Home\",\"item\":\"https:\/\/vapingnet.de\/\"},{\"@type\":\"ListItem\",\"position\":2,\"name\":\"Shop\",\"item\":\"https:\/\/vapingnet.de\/vape\/\"},{\"@type\":\"ListItem\",\"position\":3,\"name\":\"Drei frische Geschmacksrichtungen Erdbeer-Banane Himbeer-Wassermelone Zitrone-Limette BANG KING 45k puffs\"}]},{\"@type\":\"WebSite\",\"@id\":\"https:\/\/vapingnet.de\/#website\",\"url\":\"https:\/\/vapingnet.de\/\",\"name\":\"Vapingnet.de\",\"description\":\"\",\"publisher\":{\"@id\":\"https:\/\/vapingnet.de\/#organization\"},\"potentialAction\":[{\"@type\":\"SearchAction\",\"target\":{\"@type\":\"EntryPoint\",\"urlTemplate\":\"https:\/\/vapingnet.de\/?s={search_term_string}\"},\"query-input\":{\"@type\":\"PropertyValueSpecification\",\"valueRequired\":true,\"valueName\":\"search_term_string\"}}],\"inLanguage\":\"sk-SK\"},{\"@type\":\"Organization\",\"@id\":\"https:\/\/vapingnet.de\/#organization\",\"name\":\"Vapingnet.de\",\"url\":\"https:\/\/vapingnet.de\/\",\"logo\":{\"@type\":\"ImageObject\",\"inLanguage\":\"sk-SK\",\"@id\":\"https:\/\/vapingnet.de\/#\/schema\/logo\/image\/\",\"url\":\"https:\/\/vapingnet.de\/wp-content\/uploads\/2025\/03\/cropped-vapingnet.de_.jpg\",\"contentUrl\":\"https:\/\/vapingnet.de\/wp-content\/uploads\/2025\/03\/cropped-vapingnet.de_.jpg\",\"width\":512,\"height\":512,\"caption\":\"Vapingnet.de\"},\"image\":{\"@id\":\"https:\/\/vapingnet.de\/#\/schema\/logo\/image\/\"},\"sameAs\":[\"https:\/\/www.facebook.com\/vapingnetde\/\"]}]}<\/script>\n<!-- \/ Yoast SEO plugin. -->","yoast_head_json":{"title":"Drei frische Geschmacksrichtungen Erdbeer-Banane Himbeer-Wassermelone Zitrone-Limette BANG KING 45k puffs | vapingnet.de","description":"BANG KING 45.000 Z\u00fcge \u2013 Drei frische Geschmacksrichtungen: Erdbeer-Banane, Himbeer-Wassermelone, Zitrone-Limette, Mesh-Spule, 650-mAh-Akku","robots":{"index":"index","follow":"follow","max-snippet":"max-snippet:-1","max-image-preview":"max-image-preview:large","max-video-preview":"max-video-preview:-1"},"canonical":"https:\/\/vapingnet.de\/sk\/vape\/drei-frische-geschmacksrichtungen-erdbeer-banane-himbeer-wassermelone-zitrone-limette-bang-king-45k-puffs\/","og_locale":"sk_SK","og_type":"article","og_title":"Drei frische Geschmacksrichtungen Erdbeer-Banane Himbeer-Wassermelone Zitrone-Limette BANG KING 45k puffs | vapingnet.de","og_description":"BANG KING 45.000 Z\u00fcge \u2013 Drei frische Geschmacksrichtungen: Erdbeer-Banane, Himbeer-Wassermelone, Zitrone-Limette, Mesh-Spule, 650-mAh-Akku","og_url":"https:\/\/vapingnet.de\/sk\/vape\/drei-frische-geschmacksrichtungen-erdbeer-banane-himbeer-wassermelone-zitrone-limette-bang-king-45k-puffs\/","og_site_name":"Vapingnet.de","article_publisher":"https:\/\/www.facebook.com\/vapingnetde\/","article_modified_time":"2025-06-19T03:40:39+00:00","og_image":[{"width":1000,"height":1000,"url":"https:\/\/vapingnet.de\/wp-content\/uploads\/2025\/03\/45k_Strawberry-Banana_Raspberry-Watermelon_Lemon-Lime-1.png","type":"image\/png"}],"twitter_card":"summary_large_image","twitter_misc":{"Est. reading time":"5 minutes"},"schema":{"@context":"https:\/\/schema.org","@graph":[{"@type":"WebPage","@id":"https:\/\/vapingnet.de\/vape\/drei-frische-geschmacksrichtungen-erdbeer-banane-himbeer-wassermelone-zitrone-limette-bang-king-45k-puffs\/","url":"https:\/\/vapingnet.de\/vape\/drei-frische-geschmacksrichtungen-erdbeer-banane-himbeer-wassermelone-zitrone-limette-bang-king-45k-puffs\/","name":"Drei frische Geschmacksrichtungen Erdbeer-Banane Himbeer-Wassermelone Zitrone-Limette BANG KING 45k puffs | vapingnet.de","isPartOf":{"@id":"https:\/\/vapingnet.de\/#website"},"primaryImageOfPage":{"@id":"https:\/\/vapingnet.de\/vape\/drei-frische-geschmacksrichtungen-erdbeer-banane-himbeer-wassermelone-zitrone-limette-bang-king-45k-puffs\/#primaryimage"},"image":{"@id":"https:\/\/vapingnet.de\/vape\/drei-frische-geschmacksrichtungen-erdbeer-banane-himbeer-wassermelone-zitrone-limette-bang-king-45k-puffs\/#primaryimage"},"thumbnailUrl":"https:\/\/vapingnet.de\/wp-content\/uploads\/2025\/03\/45k_Strawberry-Banana_Raspberry-Watermelon_Lemon-Lime-1.png","datePublished":"2025-03-18T07:10:10+00:00","dateModified":"2025-06-19T03:40:39+00:00","description":"BANG KING 45.000 Z\u00fcge \u2013 Drei frische Geschmacksrichtungen: Erdbeer-Banane, Himbeer-Wassermelone, Zitrone-Limette, Mesh-Spule, 650-mAh-Akku","breadcrumb":{"@id":"https:\/\/vapingnet.de\/vape\/drei-frische-geschmacksrichtungen-erdbeer-banane-himbeer-wassermelone-zitrone-limette-bang-king-45k-puffs\/#breadcrumb"},"inLanguage":"sk-SK","potentialAction":[{"@type":"ReadAction","target":["https:\/\/vapingnet.de\/vape\/drei-frische-geschmacksrichtungen-erdbeer-banane-himbeer-wassermelone-zitrone-limette-bang-king-45k-puffs\/"]}]},{"@type":"ImageObject","inLanguage":"sk-SK","@id":"https:\/\/vapingnet.de\/vape\/drei-frische-geschmacksrichtungen-erdbeer-banane-himbeer-wassermelone-zitrone-limette-bang-king-45k-puffs\/#primaryimage","url":"https:\/\/vapingnet.de\/wp-content\/uploads\/2025\/03\/45k_Strawberry-Banana_Raspberry-Watermelon_Lemon-Lime-1.png","contentUrl":"https:\/\/vapingnet.de\/wp-content\/uploads\/2025\/03\/45k_Strawberry-Banana_Raspberry-Watermelon_Lemon-Lime-1.png","width":1000,"height":1000},{"@type":"BreadcrumbList","@id":"https:\/\/vapingnet.de\/vape\/drei-frische-geschmacksrichtungen-erdbeer-banane-himbeer-wassermelone-zitrone-limette-bang-king-45k-puffs\/#breadcrumb","itemListElement":[{"@type":"ListItem","position":1,"name":"Home","item":"https:\/\/vapingnet.de\/"},{"@type":"ListItem","position":2,"name":"Shop","item":"https:\/\/vapingnet.de\/vape\/"},{"@type":"ListItem","position":3,"name":"Drei frische Geschmacksrichtungen Erdbeer-Banane Himbeer-Wassermelone Zitrone-Limette BANG KING 45k puffs"}]},{"@type":"WebSite","@id":"https:\/\/vapingnet.de\/#website","url":"https:\/\/vapingnet.de\/","name":"Vapingnet.de","description":"","publisher":{"@id":"https:\/\/vapingnet.de\/#organization"},"potentialAction":[{"@type":"SearchAction","target":{"@type":"EntryPoint","urlTemplate":"https:\/\/vapingnet.de\/?s={search_term_string}"},"query-input":{"@type":"PropertyValueSpecification","valueRequired":true,"valueName":"search_term_string"}}],"inLanguage":"sk-SK"},{"@type":"Organization","@id":"https:\/\/vapingnet.de\/#organization","name":"Vapingnet.de","url":"https:\/\/vapingnet.de\/","logo":{"@type":"ImageObject","inLanguage":"sk-SK","@id":"https:\/\/vapingnet.de\/#\/schema\/logo\/image\/","url":"https:\/\/vapingnet.de\/wp-content\/uploads\/2025\/03\/cropped-vapingnet.de_.jpg","contentUrl":"https:\/\/vapingnet.de\/wp-content\/uploads\/2025\/03\/cropped-vapingnet.de_.jpg","width":512,"height":512,"caption":"Vapingnet.de"},"image":{"@id":"https:\/\/vapingnet.de\/#\/schema\/logo\/image\/"},"sameAs":["https:\/\/www.facebook.com\/vapingnetde\/"]}]}},"tiered_pricing_type":"fixed","tiered_pricing_fixed_rules":[],"tiered_pricing_product_settings":{"layout":"default","base_unit_name":{"singular":null,"plural":null},"default_variation":null},"tiered_pricing_minimum_quantity":null,"tiered_pricing_roles_data":[],"tiered_pricing_percentage_rules":[],"_links":{"self":[{"href":"https:\/\/vapingnet.de\/sk\/wp-json\/wp\/v2\/product\/5602","targetHints":{"allow":["GET"]}}],"collection":[{"href":"https:\/\/vapingnet.de\/sk\/wp-json\/wp\/v2\/product"}],"about":[{"href":"https:\/\/vapingnet.de\/sk\/wp-json\/wp\/v2\/types\/product"}],"version-history":[{"count":5,"href":"https:\/\/vapingnet.de\/sk\/wp-json\/wp\/v2\/product\/5602\/revisions"}],"predecessor-version":[{"id":5967,"href":"https:\/\/vapingnet.de\/sk\/wp-json\/wp\/v2\/product\/5602\/revisions\/5967"}],"wp:featuredmedia":[{"embeddable":true,"href":"https:\/\/vapingnet.de\/sk\/wp-json\/wp\/v2\/media\/5619"}],"wp:attachment":[{"href":"https:\/\/vapingnet.de\/sk\/wp-json\/wp\/v2\/media?parent=5602"}],"wp:term":[{"taxonomy":"brand","embeddable":true,"href":"https:\/\/vapingnet.de\/sk\/wp-json\/wp\/v2\/etheme_brands?post=5602"},{"taxonomy":"product_brand","embeddable":true,"href":"https:\/\/vapingnet.de\/sk\/wp-json\/wp\/v2\/product_brand?post=5602"},{"taxonomy":"product_cat","embeddable":true,"href":"https:\/\/vapingnet.de\/sk\/wp-json\/wp\/v2\/product_cat?post=5602"},{"taxonomy":"product_tag","embeddable":true,"href":"https:\/\/vapingnet.de\/sk\/wp-json\/wp\/v2\/product_tag?post=5602"}],"curies":[{"name":"wp","href":"https:\/\/api.w.org\/{rel}","templated":true}]}}