{"id":5652,"date":"2025-03-18T08:05:17","date_gmt":"2025-03-18T08:05:17","guid":{"rendered":"https:\/\/vapingnet.de\/?post_type=product&#038;p=5652"},"modified":"2025-06-19T03:40:37","modified_gmt":"2025-06-19T03:40:37","slug":"himbeer-wassermelone-mango-pfirsich-erdbeer-kiwi-bang-king-45000-puffs-bieten-3-arten-von-genuss","status":"publish","type":"product","link":"https:\/\/vapingnet.de\/sk\/vape\/himbeer-wassermelone-mango-pfirsich-erdbeer-kiwi-bang-king-45000-puffs-bieten-3-arten-von-genuss\/","title":{"rendered":"Malina-Watermelon Mango-Peach Jahodovo-Kivi BANG KING 45000 Puffs pon\u00faka 3 druhy p\u00f4\u017eitku"},"content":{"rendered":"<h3 data-start=\"0\" data-end=\"95\">BANG KING 45000 Puffs Malina-Watermel\u00f3n, Mango-Peach, Jahoda-Kivi Tri intenz\u00edvne ovocn\u00e9 ar\u00f3my pre ultim\u00e1tne z\u00e1\u017eitky z vapovania<\/h3>\n<p data-start=\"97\" data-end=\"460\">BANG KING 45000 Puffs stanovuje nov\u00e9 \u0161tandardy v oblasti <strong><a href=\"https:\/\/vapingnet.de\/sk\/k\/einweg-e-zigarette\/\">Jednorazov\u00e9 e-cigaretky<\/a><\/strong>. S <strong><a href=\"https:\/\/vapingnet.de\/sk\/k\/45k-vape\/\">45k vape<\/a><\/strong>, inovat\u00edvnym 3-v-1 syst\u00e9mom chuti a v\u00fdkonnou technol\u00f3giou Mesh-Coil, tento model pon\u00faka prvotriedny z\u00e1\u017eitok z vapovania. Nab\u00edjate\u013en\u00e1 bat\u00e9ria 650mAh s r\u00fdchlym nab\u00edjan\u00edm cez Type-C zabezpe\u010duje dlh\u00fa dobu pou\u017e\u00edvania.<\/p>\n<p data-start=\"462\" data-end=\"606\">Ar\u00f3my Raspberry Watermelon, Mango Peach a Strawberry Kiwi zabezpe\u010duj\u00fa rozmanit\u00fd p\u00f4\u017eitok a intenz\u00edvne chu\u0165ov\u00e9 z\u00e1\u017eitky.<\/p>\n<h2 data-start=\"613\" data-end=\"650\">Preh\u013ead vlastnost\u00ed produktu<\/h2>\n<div class=\"overflow-x-auto contain-inline-size\">\n<table data-start=\"652\" data-end=\"1165\">\n<thead data-start=\"652\" data-end=\"696\">\n<tr data-start=\"652\" data-end=\"696\">\n<th data-start=\"652\" data-end=\"675\">Vlastnos\u0165<\/th>\n<th data-start=\"675\" data-end=\"696\">Popis<\/th>\n<\/tr>\n<\/thead>\n<tbody data-start=\"741\" data-end=\"1165\">\n<tr data-start=\"741\" data-end=\"779\">\n<td>Po\u010det \u0165ahov<\/td>\n<td>45 000 \u0164ahov<\/td>\n<\/tr>\n<tr data-start=\"780\" data-end=\"834\">\n<td>Ar\u00f3ma syst\u00e9m<\/td>\n<td>Technol\u00f3gia 3-v-1 pr\u00edchut\u00ed<\/td>\n<\/tr>\n<tr data-start=\"835\" data-end=\"904\">\n<td>Technol\u00f3gia \u0161pir\u00e1lky<\/td>\n<td>1.0-Ohm-Mesh-Coil pre intenz\u00edvnu chu\u0165<\/td>\n<\/tr>\n<tr data-start=\"905\" data-end=\"954\">\n<td>Kapacita bat\u00e9rie<\/td>\n<td>650mAh, nab\u00edjate\u013en\u00e1<\/td>\n<\/tr>\n<tr data-start=\"955\" data-end=\"1001\">\n<td>Pripojenie na nab\u00edjanie<\/td>\n<td>Type-C-R\u00fdchle nab\u00edjanie<\/td>\n<\/tr>\n<tr data-start=\"1002\" data-end=\"1042\">\n<td>Sila nikot\u00ednu<\/td>\n<td>0%, 2%, 3%, 5%<\/td>\n<\/tr>\n<tr data-start=\"1043\" data-end=\"1109\">\n<td>Balenie na jednotku<\/td>\n<td>10 kusov na krabicu, 20 krab\u00edc na kart\u00f3n<\/td>\n<\/tr>\n<tr data-start=\"1110\" data-end=\"1165\">\n<td>Prepravn\u00e9 ve\u013ekosti<\/td>\n<td>100 alebo 200 kusov na kart\u00f3n<\/td>\n<\/tr>\n<\/tbody>\n<\/table>\n<\/div>\n<h2 data-start=\"1172\" data-end=\"1205\">Tri jedine\u010dn\u00e9 ar\u00f3my<\/h2>\n<p data-start=\"1207\" data-end=\"1317\">V\u010faka technol\u00f3gii 3-komorov\u00e9ho syst\u00e9mu je mo\u017en\u00e9 kedyko\u013evek prep\u00edna\u0165 medzi tromi prvotriednymi ovocn\u00fdmi ar\u00f3mami.<\/p>\n<p data-start=\"1319\" data-end=\"1491\">Malina Mel\u00f3n<br data-start=\"1345\" data-end=\"1348\" \/>Ovocn\u00e1 kombin\u00e1cia sladk\u00fdch mal\u00edn a \u0161\u0165avnatej vodnej mel\u00f3nu \u2013 dokonale vyv\u00e1\u017een\u00e1 medzi ar\u00f3mou bob\u00fa\u013e a osvie\u017euj\u00facou sladkos\u0165ou.<\/p>\n<p data-start=\"1493\" data-end=\"1653\">Mango Brosky\u0148a<br data-start=\"1510\" data-end=\"1513\" \/>Tropick\u00e9 mango sa stret\u00e1va s jemn\u00fdm marhu\u013eom \u2013 sladk\u00fd a \u0161\u0165avnat\u00fd chu\u0165ov\u00fd z\u00e1\u017eitok s pr\u00edjemnou rovnov\u00e1hou medzi svie\u017eos\u0165ou a sladkos\u0165ou.<\/p>\n<p data-start=\"1655\" data-end=\"1807\">Jahoda Kiwi<br data-start=\"1676\" data-end=\"1679\" \/>Sladk\u00e1 intenzita jahody sa sp\u00e1ja s \u013eahkou kyslos\u0165ou kivi, \u010d\u00edm vznik\u00e1 \u0161\u0165avnat\u00e1 ovocn\u00e1 ar\u00f3ma.<\/p>\n<p data-start=\"1809\" data-end=\"1924\">Tieto ar\u00f3my zost\u00e1vaj\u00fa v\u010faka vysoko kvalitnej technol\u00f3gii Mesh-Coil rovnak\u00e9 intenz\u00edvne a\u017e do posledn\u00e9ho \u0165ahu.<\/p>\n<h2 data-start=\"1931\" data-end=\"1971\">Najmodernej\u0161ia technol\u00f3gia Mesh-Coil<\/h2>\n<p data-start=\"1973\" data-end=\"2075\">1.0-Ohm-Mesh-Coil zabezpe\u010duje rovnomern\u00e9 odparovanie a maximalizuje h\u013abku chuti.<\/p>\n<p data-start=\"2077\" data-end=\"2278\">V\u00fdhody Mesh-Coil:<br data-start=\"2107\" data-end=\"2110\" \/>Intenz\u00edvnej\u0161ie ar\u00f3my v\u010faka v\u00e4\u010d\u0161ej ploche odparovania<br data-start=\"2163\" data-end=\"2166\" \/>Hustej\u0161ie oblaky pary pre plnohodnotn\u00fd z\u00e1\u017eitok<br data-start=\"2218\" data-end=\"2221\" \/>Rovnomern\u00e9 rozlo\u017eenie tepla pre kon\u0161tantn\u00fa chu\u0165<\/p>\n<p data-start=\"2280\" data-end=\"2385\">V\u010faka tejto technol\u00f3gii zost\u00e1va ar\u00f3ma od za\u010diatku do konca rovnak\u00e1 bez straty intenzity.<\/p>\n<h2 data-start=\"2392\" data-end=\"2454\">V\u00fdkonn\u00e1 bat\u00e9ria 650mAh s r\u00fdchlym nab\u00edjan\u00edm cez Type-C<\/h2>\n<p data-start=\"2456\" data-end=\"2675\">V\u00fdhody opakovane nab\u00edjate\u013enej bat\u00e9rie:<br data-start=\"2500\" data-end=\"2503\" \/>Type-C nab\u00edjac\u00ed port pre r\u00fdchle a efekt\u00edvne nab\u00edjanie<br data-start=\"2565\" data-end=\"2568\" \/>Plne nabit\u00fd za iba dve hodiny<br data-start=\"2613\" data-end=\"2616\" \/>Dlh\u0161ia doba pou\u017e\u00edvania ako be\u017en\u00e9 jednorazov\u00e9 vaporiz\u00e9ry<\/p>\n<p data-start=\"2677\" data-end=\"2809\">Tieto funkcie robia <strong><a href=\"https:\/\/vapingnet.de\/sk\/bang-king-45000-puffs\/\">BANG KING 45000 Puffs<\/a><\/strong> ekonomickej\u0161\u00ed a ekologickej\u0161\u00ed ako mnoho in\u00fdch jednorazov\u00fdch modelov.<\/p>\n<h2 data-start=\"2816\" data-end=\"2860\">Individu\u00e1lne volite\u013en\u00e9 \u00farovne nikot\u00ednu<\/h2>\n<div class=\"overflow-x-auto contain-inline-size\">\n<table data-start=\"2862\" data-end=\"3241\">\n<thead data-start=\"2862\" data-end=\"2902\">\n<tr data-start=\"2862\" data-end=\"2902\">\n<th data-start=\"2862\" data-end=\"2882\">Siln\u00e1 nikot\u00ednov\u00e1 koncentr\u00e1cia<\/th>\n<th data-start=\"2882\" data-end=\"2902\">Vhodn\u00e9 pre<\/th>\n<\/tr>\n<\/thead>\n<tbody data-start=\"2941\" data-end=\"3241\">\n<tr data-start=\"2941\" data-end=\"3018\">\n<td>0% (bez nikot\u00ednu)<\/td>\n<td>Damp\u00e9ri, ktor\u00ed si chc\u00fa vychutna\u0165 \u010dist\u00fa chu\u0165<\/td>\n<\/tr>\n<tr data-start=\"3019\" data-end=\"3061\">\n<td>2% (20mg\/ml)<\/td>\n<td>Pr\u00edle\u017eitostn\u00ed damp\u00e9ri<\/td>\n<\/tr>\n<tr data-start=\"3062\" data-end=\"3156\">\n<td>3% (30mg\/ml)<\/td>\n<td>Pou\u017e\u00edvatelia, ktor\u00ed preferuj\u00fa rovnov\u00e1hu medzi chu\u0165ou a nikot\u00ednom<\/td>\n<\/tr>\n<tr data-start=\"3157\" data-end=\"3241\">\n<td>5% (50mg\/ml)<\/td>\n<td>Sk\u00fasen\u00ed damp\u00e9ri, ktor\u00ed potrebuj\u00fa intenz\u00edvnu nikot\u00ednov\u00fa silu<\/td>\n<\/tr>\n<\/tbody>\n<\/table>\n<\/div>\n<p data-start=\"3243\" data-end=\"3321\">T\u00e1to vo\u013eba umo\u017e\u0148uje individu\u00e1lny z\u00e1\u017eitok z vapovania pre v\u0161etky preferencie.<\/p>\n<h2 data-start=\"3328\" data-end=\"3385\">Balenie a preprava \u2013 optimalizovan\u00e9 pre predajcov<\/h2>\n<p data-start=\"3387\" data-end=\"3600\">10 kusov v balen\u00ed \u2013 ide\u00e1lne pre maloobchod<br data-start=\"3438\" data-end=\"3441\" \/>20 balen\u00ed v kart\u00f3ne \u2013 praktick\u00e9 pre ve\u013ekoobchodn\u00edkov<br data-start=\"3494\" data-end=\"3497\" \/>Prepravn\u00e9 ve\u013ekosti: 100 alebo 200 kusov v kart\u00f3ne \u2013 efekt\u00edvne balenie pre skladovanie a odosielanie<\/p>\n<p data-start=\"3602\" data-end=\"3707\">V\u010faka optimalizovan\u00e9mu baleniu je zabezpe\u010den\u00e1 jednoduch\u00e1 manipul\u00e1cia a plynul\u00e1 preprava.<\/p>\n<h2 data-start=\"3714\" data-end=\"3774\">Pr\u00e9miov\u00fd jednorazov\u00fd vaporiz\u00e9r pre maxim\u00e1lnu rozmanitos\u0165<\/h2>\n<p data-start=\"3776\" data-end=\"4102\">Tri chu\u0165ov\u00e9 komory pre rozmanit\u00fd p\u00f4\u017eitok<br data-start=\"3835\" data-end=\"3838\" \/>Technol\u00f3gia Mesh-Coil pre intenz\u00edvnu chu\u0165 a hust\u00e9 dymov\u00e9 oblaky<br data-start=\"3913\" data-end=\"3916\" \/>Dob\u00edjate\u013en\u00e1 bat\u00e9ria 650mAh s r\u00fdchlym nab\u00edjan\u00edm cez Type-C<br data-start=\"3982\" data-end=\"3985\" \/>Individu\u00e1lne volite\u013en\u00e9 \u00farovne nikot\u00ednu od 0% do 5%<br data-start=\"4040\" data-end=\"4043\" \/>Optim\u00e1lne balenie pre maloobchod a ve\u013ekoobchod<\/p>\n<p data-start=\"4104\" data-end=\"4331\" data-is-last-node=\"\" data-is-only-node=\"\">S Raspberry Watermelon, Mango Peach a Strawberry Kiwi pon\u00faka BANG KING 45000 Pufov neporovnate\u013en\u00fd z\u00e1\u017eitok z vapovania s v\u00fdnimo\u010dnou chu\u0165ou. Objednajte teraz a za\u017eite \u010fal\u0161iu \u00farove\u0148 vapovania!<\/p>","protected":false},"excerpt":{"rendered":"<p>\u2705 Extr\u00e9mne ve\u013ea cigariet \u2013 A\u017e 45 000 cigariet, pre extra dlh\u00e9 pote\u0161enie z parenia!<br \/>\n\u2705 \u017diadne coln\u00e9 poplatky &amp; bezplatn\u00e1 doprava \u2013 Jednoducho objednajte, bez \u010fal\u0161\u00edch n\u00e1kladov!<br \/>\n\u2705 Tri chute v jednom \u2013 Prepnite pod\u013ea \u017eelania, trojn\u00e1sobn\u00fd p\u00f4\u017eitok!<\/p>","protected":false},"featured_media":5618,"template":"","meta":[],"etheme_brands":[],"product_brand":[101],"product_cat":[66,49,61,87],"product_tag":[],"class_list":{"0":"post-5652","1":"product","2":"type-product","3":"status-publish","4":"has-post-thumbnail","6":"product_brand-bang-king-vape","7":"product_cat-45k-vape","8":"product_cat-einweg-e-zigarette","9":"product_cat-f","10":"product_cat-v","12":"first","13":"instock","14":"shipping-taxable","15":"purchasable","16":"product-type-variable"},"yoast_head":"<!-- This site is optimized with the Yoast SEO plugin v26.5 - https:\/\/yoast.com\/wordpress\/plugins\/seo\/ -->\n<title>Himbeer-Wassermelone Mango-Pfirsich Erdbeer-Kiwi BANG KING 45000 Puffs bieten 3 Arten von Genuss | vapingnet.de<\/title>\n<meta name=\"description\" content=\"W\u00e4hlen Sie BANG KING 45000 Puffs f\u00fcr einen intensiven Genuss in 3 einzigartigen Geschmacksrichtungen: Himbeer-Wassermelone, Mango-Pfirsich, Erdbeer-Kiwi.\" \/>\n<meta name=\"robots\" content=\"index, follow, max-snippet:-1, max-image-preview:large, max-video-preview:-1\" \/>\n<link rel=\"canonical\" href=\"https:\/\/vapingnet.de\/sk\/vape\/himbeer-wassermelone-mango-pfirsich-erdbeer-kiwi-bang-king-45000-puffs-bieten-3-arten-von-genuss\/\" \/>\n<meta property=\"og:locale\" content=\"sk_SK\" \/>\n<meta property=\"og:type\" content=\"article\" \/>\n<meta property=\"og:title\" content=\"Himbeer-Wassermelone Mango-Pfirsich Erdbeer-Kiwi BANG KING 45000 Puffs bieten 3 Arten von Genuss | vapingnet.de\" \/>\n<meta property=\"og:description\" content=\"W\u00e4hlen Sie BANG KING 45000 Puffs f\u00fcr einen intensiven Genuss in 3 einzigartigen Geschmacksrichtungen: Himbeer-Wassermelone, Mango-Pfirsich, Erdbeer-Kiwi.\" \/>\n<meta property=\"og:url\" content=\"https:\/\/vapingnet.de\/sk\/vape\/himbeer-wassermelone-mango-pfirsich-erdbeer-kiwi-bang-king-45000-puffs-bieten-3-arten-von-genuss\/\" \/>\n<meta property=\"og:site_name\" content=\"Vapingnet.de\" \/>\n<meta property=\"article:publisher\" content=\"https:\/\/www.facebook.com\/vapingnetde\/\" \/>\n<meta property=\"article:modified_time\" content=\"2025-06-19T03:40:37+00:00\" \/>\n<meta property=\"og:image\" content=\"https:\/\/vapingnet.de\/wp-content\/uploads\/2025\/03\/45k_Raspberry-Watermelon_Mango-Peach_Strawberry-Kiwi-1.png\" \/>\n\t<meta property=\"og:image:width\" content=\"1000\" \/>\n\t<meta property=\"og:image:height\" content=\"1000\" \/>\n\t<meta property=\"og:image:type\" content=\"image\/png\" \/>\n<meta name=\"twitter:card\" content=\"summary_large_image\" \/>\n<meta name=\"twitter:label1\" content=\"Est. reading time\" \/>\n\t<meta name=\"twitter:data1\" content=\"3 minutes\" \/>\n<script type=\"application\/ld+json\" class=\"yoast-schema-graph\">{\"@context\":\"https:\/\/schema.org\",\"@graph\":[{\"@type\":\"WebPage\",\"@id\":\"https:\/\/vapingnet.de\/vape\/himbeer-wassermelone-mango-pfirsich-erdbeer-kiwi-bang-king-45000-puffs-bieten-3-arten-von-genuss\/\",\"url\":\"https:\/\/vapingnet.de\/vape\/himbeer-wassermelone-mango-pfirsich-erdbeer-kiwi-bang-king-45000-puffs-bieten-3-arten-von-genuss\/\",\"name\":\"Himbeer-Wassermelone Mango-Pfirsich Erdbeer-Kiwi BANG KING 45000 Puffs bieten 3 Arten von Genuss | vapingnet.de\",\"isPartOf\":{\"@id\":\"https:\/\/vapingnet.de\/#website\"},\"primaryImageOfPage\":{\"@id\":\"https:\/\/vapingnet.de\/vape\/himbeer-wassermelone-mango-pfirsich-erdbeer-kiwi-bang-king-45000-puffs-bieten-3-arten-von-genuss\/#primaryimage\"},\"image\":{\"@id\":\"https:\/\/vapingnet.de\/vape\/himbeer-wassermelone-mango-pfirsich-erdbeer-kiwi-bang-king-45000-puffs-bieten-3-arten-von-genuss\/#primaryimage\"},\"thumbnailUrl\":\"https:\/\/vapingnet.de\/wp-content\/uploads\/2025\/03\/45k_Raspberry-Watermelon_Mango-Peach_Strawberry-Kiwi-1.png\",\"datePublished\":\"2025-03-18T08:05:17+00:00\",\"dateModified\":\"2025-06-19T03:40:37+00:00\",\"description\":\"W\u00e4hlen Sie BANG KING 45000 Puffs f\u00fcr einen intensiven Genuss in 3 einzigartigen Geschmacksrichtungen: Himbeer-Wassermelone, Mango-Pfirsich, Erdbeer-Kiwi.\",\"breadcrumb\":{\"@id\":\"https:\/\/vapingnet.de\/vape\/himbeer-wassermelone-mango-pfirsich-erdbeer-kiwi-bang-king-45000-puffs-bieten-3-arten-von-genuss\/#breadcrumb\"},\"inLanguage\":\"sk-SK\",\"potentialAction\":[{\"@type\":\"ReadAction\",\"target\":[\"https:\/\/vapingnet.de\/vape\/himbeer-wassermelone-mango-pfirsich-erdbeer-kiwi-bang-king-45000-puffs-bieten-3-arten-von-genuss\/\"]}]},{\"@type\":\"ImageObject\",\"inLanguage\":\"sk-SK\",\"@id\":\"https:\/\/vapingnet.de\/vape\/himbeer-wassermelone-mango-pfirsich-erdbeer-kiwi-bang-king-45000-puffs-bieten-3-arten-von-genuss\/#primaryimage\",\"url\":\"https:\/\/vapingnet.de\/wp-content\/uploads\/2025\/03\/45k_Raspberry-Watermelon_Mango-Peach_Strawberry-Kiwi-1.png\",\"contentUrl\":\"https:\/\/vapingnet.de\/wp-content\/uploads\/2025\/03\/45k_Raspberry-Watermelon_Mango-Peach_Strawberry-Kiwi-1.png\",\"width\":1000,\"height\":1000},{\"@type\":\"BreadcrumbList\",\"@id\":\"https:\/\/vapingnet.de\/vape\/himbeer-wassermelone-mango-pfirsich-erdbeer-kiwi-bang-king-45000-puffs-bieten-3-arten-von-genuss\/#breadcrumb\",\"itemListElement\":[{\"@type\":\"ListItem\",\"position\":1,\"name\":\"Home\",\"item\":\"https:\/\/vapingnet.de\/\"},{\"@type\":\"ListItem\",\"position\":2,\"name\":\"Shop\",\"item\":\"https:\/\/vapingnet.de\/vape\/\"},{\"@type\":\"ListItem\",\"position\":3,\"name\":\"Himbeer-Wassermelone Mango-Pfirsich Erdbeer-Kiwi BANG KING 45000 Puffs bieten 3 Arten von Genuss\"}]},{\"@type\":\"WebSite\",\"@id\":\"https:\/\/vapingnet.de\/#website\",\"url\":\"https:\/\/vapingnet.de\/\",\"name\":\"Vapingnet.de\",\"description\":\"\",\"publisher\":{\"@id\":\"https:\/\/vapingnet.de\/#organization\"},\"potentialAction\":[{\"@type\":\"SearchAction\",\"target\":{\"@type\":\"EntryPoint\",\"urlTemplate\":\"https:\/\/vapingnet.de\/?s={search_term_string}\"},\"query-input\":{\"@type\":\"PropertyValueSpecification\",\"valueRequired\":true,\"valueName\":\"search_term_string\"}}],\"inLanguage\":\"sk-SK\"},{\"@type\":\"Organization\",\"@id\":\"https:\/\/vapingnet.de\/#organization\",\"name\":\"Vapingnet.de\",\"url\":\"https:\/\/vapingnet.de\/\",\"logo\":{\"@type\":\"ImageObject\",\"inLanguage\":\"sk-SK\",\"@id\":\"https:\/\/vapingnet.de\/#\/schema\/logo\/image\/\",\"url\":\"https:\/\/vapingnet.de\/wp-content\/uploads\/2025\/03\/cropped-vapingnet.de_.jpg\",\"contentUrl\":\"https:\/\/vapingnet.de\/wp-content\/uploads\/2025\/03\/cropped-vapingnet.de_.jpg\",\"width\":512,\"height\":512,\"caption\":\"Vapingnet.de\"},\"image\":{\"@id\":\"https:\/\/vapingnet.de\/#\/schema\/logo\/image\/\"},\"sameAs\":[\"https:\/\/www.facebook.com\/vapingnetde\/\"]}]}<\/script>\n<!-- \/ Yoast SEO plugin. -->","yoast_head_json":{"title":"Himbeer-Wassermelone Mango-Pfirsich Erdbeer-Kiwi BANG KING 45000 Puffs bieten 3 Arten von Genuss | vapingnet.de","description":"W\u00e4hlen Sie BANG KING 45000 Puffs f\u00fcr einen intensiven Genuss in 3 einzigartigen Geschmacksrichtungen: Himbeer-Wassermelone, Mango-Pfirsich, Erdbeer-Kiwi.","robots":{"index":"index","follow":"follow","max-snippet":"max-snippet:-1","max-image-preview":"max-image-preview:large","max-video-preview":"max-video-preview:-1"},"canonical":"https:\/\/vapingnet.de\/sk\/vape\/himbeer-wassermelone-mango-pfirsich-erdbeer-kiwi-bang-king-45000-puffs-bieten-3-arten-von-genuss\/","og_locale":"sk_SK","og_type":"article","og_title":"Himbeer-Wassermelone Mango-Pfirsich Erdbeer-Kiwi BANG KING 45000 Puffs bieten 3 Arten von Genuss | vapingnet.de","og_description":"W\u00e4hlen Sie BANG KING 45000 Puffs f\u00fcr einen intensiven Genuss in 3 einzigartigen Geschmacksrichtungen: Himbeer-Wassermelone, Mango-Pfirsich, Erdbeer-Kiwi.","og_url":"https:\/\/vapingnet.de\/sk\/vape\/himbeer-wassermelone-mango-pfirsich-erdbeer-kiwi-bang-king-45000-puffs-bieten-3-arten-von-genuss\/","og_site_name":"Vapingnet.de","article_publisher":"https:\/\/www.facebook.com\/vapingnetde\/","article_modified_time":"2025-06-19T03:40:37+00:00","og_image":[{"width":1000,"height":1000,"url":"https:\/\/vapingnet.de\/wp-content\/uploads\/2025\/03\/45k_Raspberry-Watermelon_Mango-Peach_Strawberry-Kiwi-1.png","type":"image\/png"}],"twitter_card":"summary_large_image","twitter_misc":{"Est. reading time":"3 minutes"},"schema":{"@context":"https:\/\/schema.org","@graph":[{"@type":"WebPage","@id":"https:\/\/vapingnet.de\/vape\/himbeer-wassermelone-mango-pfirsich-erdbeer-kiwi-bang-king-45000-puffs-bieten-3-arten-von-genuss\/","url":"https:\/\/vapingnet.de\/vape\/himbeer-wassermelone-mango-pfirsich-erdbeer-kiwi-bang-king-45000-puffs-bieten-3-arten-von-genuss\/","name":"Himbeer-Wassermelone Mango-Pfirsich Erdbeer-Kiwi BANG KING 45000 Puffs bieten 3 Arten von Genuss | vapingnet.de","isPartOf":{"@id":"https:\/\/vapingnet.de\/#website"},"primaryImageOfPage":{"@id":"https:\/\/vapingnet.de\/vape\/himbeer-wassermelone-mango-pfirsich-erdbeer-kiwi-bang-king-45000-puffs-bieten-3-arten-von-genuss\/#primaryimage"},"image":{"@id":"https:\/\/vapingnet.de\/vape\/himbeer-wassermelone-mango-pfirsich-erdbeer-kiwi-bang-king-45000-puffs-bieten-3-arten-von-genuss\/#primaryimage"},"thumbnailUrl":"https:\/\/vapingnet.de\/wp-content\/uploads\/2025\/03\/45k_Raspberry-Watermelon_Mango-Peach_Strawberry-Kiwi-1.png","datePublished":"2025-03-18T08:05:17+00:00","dateModified":"2025-06-19T03:40:37+00:00","description":"W\u00e4hlen Sie BANG KING 45000 Puffs f\u00fcr einen intensiven Genuss in 3 einzigartigen Geschmacksrichtungen: Himbeer-Wassermelone, Mango-Pfirsich, Erdbeer-Kiwi.","breadcrumb":{"@id":"https:\/\/vapingnet.de\/vape\/himbeer-wassermelone-mango-pfirsich-erdbeer-kiwi-bang-king-45000-puffs-bieten-3-arten-von-genuss\/#breadcrumb"},"inLanguage":"sk-SK","potentialAction":[{"@type":"ReadAction","target":["https:\/\/vapingnet.de\/vape\/himbeer-wassermelone-mango-pfirsich-erdbeer-kiwi-bang-king-45000-puffs-bieten-3-arten-von-genuss\/"]}]},{"@type":"ImageObject","inLanguage":"sk-SK","@id":"https:\/\/vapingnet.de\/vape\/himbeer-wassermelone-mango-pfirsich-erdbeer-kiwi-bang-king-45000-puffs-bieten-3-arten-von-genuss\/#primaryimage","url":"https:\/\/vapingnet.de\/wp-content\/uploads\/2025\/03\/45k_Raspberry-Watermelon_Mango-Peach_Strawberry-Kiwi-1.png","contentUrl":"https:\/\/vapingnet.de\/wp-content\/uploads\/2025\/03\/45k_Raspberry-Watermelon_Mango-Peach_Strawberry-Kiwi-1.png","width":1000,"height":1000},{"@type":"BreadcrumbList","@id":"https:\/\/vapingnet.de\/vape\/himbeer-wassermelone-mango-pfirsich-erdbeer-kiwi-bang-king-45000-puffs-bieten-3-arten-von-genuss\/#breadcrumb","itemListElement":[{"@type":"ListItem","position":1,"name":"Home","item":"https:\/\/vapingnet.de\/"},{"@type":"ListItem","position":2,"name":"Shop","item":"https:\/\/vapingnet.de\/vape\/"},{"@type":"ListItem","position":3,"name":"Himbeer-Wassermelone Mango-Pfirsich Erdbeer-Kiwi BANG KING 45000 Puffs bieten 3 Arten von Genuss"}]},{"@type":"WebSite","@id":"https:\/\/vapingnet.de\/#website","url":"https:\/\/vapingnet.de\/","name":"Vapingnet.de","description":"","publisher":{"@id":"https:\/\/vapingnet.de\/#organization"},"potentialAction":[{"@type":"SearchAction","target":{"@type":"EntryPoint","urlTemplate":"https:\/\/vapingnet.de\/?s={search_term_string}"},"query-input":{"@type":"PropertyValueSpecification","valueRequired":true,"valueName":"search_term_string"}}],"inLanguage":"sk-SK"},{"@type":"Organization","@id":"https:\/\/vapingnet.de\/#organization","name":"Vapingnet.de","url":"https:\/\/vapingnet.de\/","logo":{"@type":"ImageObject","inLanguage":"sk-SK","@id":"https:\/\/vapingnet.de\/#\/schema\/logo\/image\/","url":"https:\/\/vapingnet.de\/wp-content\/uploads\/2025\/03\/cropped-vapingnet.de_.jpg","contentUrl":"https:\/\/vapingnet.de\/wp-content\/uploads\/2025\/03\/cropped-vapingnet.de_.jpg","width":512,"height":512,"caption":"Vapingnet.de"},"image":{"@id":"https:\/\/vapingnet.de\/#\/schema\/logo\/image\/"},"sameAs":["https:\/\/www.facebook.com\/vapingnetde\/"]}]}},"tiered_pricing_type":"fixed","tiered_pricing_fixed_rules":[],"tiered_pricing_product_settings":{"layout":"default","base_unit_name":{"singular":null,"plural":null},"default_variation":null},"tiered_pricing_minimum_quantity":null,"tiered_pricing_roles_data":[],"tiered_pricing_percentage_rules":[],"_links":{"self":[{"href":"https:\/\/vapingnet.de\/sk\/wp-json\/wp\/v2\/product\/5652","targetHints":{"allow":["GET"]}}],"collection":[{"href":"https:\/\/vapingnet.de\/sk\/wp-json\/wp\/v2\/product"}],"about":[{"href":"https:\/\/vapingnet.de\/sk\/wp-json\/wp\/v2\/types\/product"}],"version-history":[{"count":3,"href":"https:\/\/vapingnet.de\/sk\/wp-json\/wp\/v2\/product\/5652\/revisions"}],"predecessor-version":[{"id":5961,"href":"https:\/\/vapingnet.de\/sk\/wp-json\/wp\/v2\/product\/5652\/revisions\/5961"}],"wp:featuredmedia":[{"embeddable":true,"href":"https:\/\/vapingnet.de\/sk\/wp-json\/wp\/v2\/media\/5618"}],"wp:attachment":[{"href":"https:\/\/vapingnet.de\/sk\/wp-json\/wp\/v2\/media?parent=5652"}],"wp:term":[{"taxonomy":"brand","embeddable":true,"href":"https:\/\/vapingnet.de\/sk\/wp-json\/wp\/v2\/etheme_brands?post=5652"},{"taxonomy":"product_brand","embeddable":true,"href":"https:\/\/vapingnet.de\/sk\/wp-json\/wp\/v2\/product_brand?post=5652"},{"taxonomy":"product_cat","embeddable":true,"href":"https:\/\/vapingnet.de\/sk\/wp-json\/wp\/v2\/product_cat?post=5652"},{"taxonomy":"product_tag","embeddable":true,"href":"https:\/\/vapingnet.de\/sk\/wp-json\/wp\/v2\/product_tag?post=5652"}],"curies":[{"name":"wp","href":"https:\/\/api.w.org\/{rel}","templated":true}]}}