{"id":5694,"date":"2025-03-19T03:23:58","date_gmt":"2025-03-19T03:23:58","guid":{"rendered":"https:\/\/vapingnet.de\/?post_type=product&#038;p=5694"},"modified":"2026-04-14T06:41:05","modified_gmt":"2026-04-14T06:41:05","slug":"nexa-ultra-50k-50000-zuege-mit-20-ml-b-pop-liquid-premium-einweg-e-zigarette","status":"publish","type":"product","link":"https:\/\/vapingnet.de\/sk\/vape\/nexa-ultra-50k-50000-zuege-mit-20-ml-b-pop-liquid-premium-einweg-e-zigarette\/","title":{"rendered":"NEXA Ultra 50K 50000 \u0165ahov s 20 ml B-Pop-Liquid pr\u00e9miov\u00e1 jednorazov\u00e1 e-cigareta"},"content":{"rendered":"<h2 data-pm-slice=\"1 1 []\">NEXA Ultra 50K Puff Jednorazov\u00e1 e-cigareta B-Pop Bud\u00facnos\u0165 jednorazov\u00fdch vapov v Deutschland<\/h2>\n<p>Trh s jednorazov\u00fdmi e-cigaretami sa neust\u00e1le vyv\u00edja, a s t\u00fdm <strong><a href=\"https:\/\/vapingnet.de\/sk\/nexa-ultra-50000-puffs\/\">NEXA Ultra 50K Puff<\/a> <\/strong>Jednorazov\u00e1 e-cigareta nastavuje nov\u00e9 \u0161tandardy v odvetv\u00ed. Tento revolu\u010dn\u00fd pr\u00edstroj kombinuje extr\u00e9mne dlh\u00fa \u017eivotnos\u0165 s najmodernej\u0161ou technol\u00f3giou a pon\u00faka vapistom prvotriedny z\u00e1\u017eitok. V tomto \u010dl\u00e1nku sa podrobne pozrieme na funkcie, v\u00fdhody a potenci\u00e1lny vplyv tejto pr\u00e9miovej jednorazovej e-cigarety na slovenskom trhu.<\/p>\n<div><\/div>\n<h3>Technick\u00e9 \u0161pecifik\u00e1cie a vynikaj\u00face vlastnosti<\/h3>\n<p>NEXA Ultra 50K Puff redefinuje hranice segmentu jednorazov\u00fdch vapov a vynik\u00e1 p\u00f4sobiv\u00fdmi funkciami:<\/p>\n<ul data-spread=\"false\">\n<li>Po\u010det potiahnut\u00ed: A\u017e 50 000 \u0165ahov \u2013 jeden z najvy\u0161\u0161\u00edch na trhu<\/li>\n<li>Obsah nikot\u00ednu: 5 % pre intenz\u00edvny a uspokojiv\u00fd vapovac\u00ed z\u00e1\u017eitok<\/li>\n<li>Prieh\u013eadn\u00e1 kry\u0161t\u00e1lov\u00e1 n\u00e1dr\u017eka s 20 ml tekutiny \u2013 v\u017edy vidite\u013en\u00e1 na sledovanie stavu plnenia<\/li>\n<li>Bat\u00e9ria 800 mAh s r\u00fdchlym nab\u00edjan\u00edm USB-C pre dlh\u0161ie pou\u017e\u00edvanie a pohodln\u00e9 nab\u00edjanie<\/li>\n<li>Dvojit\u00e9 re\u017eimy nap\u00e1jania:\n<ul data-spread=\"false\">\n<li>Norm\u00e1lny re\u017eim: 50K \u0165ahov pre dlh\u0161ie pou\u017e\u00edvanie<\/li>\n<li>Turbo re\u017eim: 30K \u0165ahov pre intenz\u00edvnej\u0161iu tvorbu pary<\/li>\n<\/ul>\n<\/li>\n<li>Inovat\u00edvny 3D zakriven\u00fd displej na zobrazenie stavu bat\u00e9rie a hladiny tekutiny<\/li>\n<li>Automatick\u00e9 potiahnutie pre jednoduch\u00e9 a intuit\u00edvne pou\u017e\u00edvanie<\/li>\n<li>Pr\u00edchu\u0165: B-Pop \u2013 nov\u00e1 a vzru\u0161uj\u00faca kombin\u00e1cia ar\u00f3m<\/li>\n<li>Balenie: 5 kusov v krabici, ide\u00e1lne pre maloobchod alebo ve\u013ek\u00e9 objedn\u00e1vky<\/li>\n<\/ul>\n<div><\/div>\n<h3>Pre\u010do je NEXA Ultra 50K zmenou hry?<\/h3>\n<p>NEXA Ultra 50K nie je len \u010fal\u0161ou <strong><a href=\"https:\/\/vapingnet.de\/sk\/k\/einweg-e-zigarette\/\">Jednorazov\u00e1 elektronick\u00e1 cigareta<\/a><\/strong> \u2013 predstavuje revol\u00faciu v odvetv\u00ed. Tu s\u00fa hlavn\u00e9 d\u00f4vody, pre\u010do sp\u00f4sobuje pozornos\u0165 v Deutschland:<\/p>\n<h4>1. Extr\u00e9mne vysok\u00fd po\u010det \u0165ahov \u2013 najdlh\u0161ie pou\u017e\u00edvanie v segmente jednorazov\u00fdch zariaden\u00ed<\/h4>\n<p>S <strong><a href=\"https:\/\/vapingnet.de\/sk\/k\/50k-vape\/\">50k vape<\/a><\/strong>\u00a0toto e-cigareta pon\u00faka e\u0161te nikdy nev\u00eddan\u00fa \u017eivotnos\u0165. Pre porovnanie: V\u00e4\u010d\u0161ina jednorazov\u00fdch vapov pon\u00faka len medzi 5 000 a 15 000 \u0165ahov. To rob\u00ed NEXA Ultra 50K jednou z najtrv\u00e1cnej\u0161\u00edch mo\u017enost\u00ed na trhu.<\/p>\n<h4>2. Pokro\u010dil\u00e1 bat\u00e9riov\u00e1 technol\u00f3gia s r\u00fdchlym nab\u00edjan\u00edm<\/h4>\n<p>Zatia\u013e \u010do mnoh\u00e9 jednorazov\u00e9 zariadenia musia by\u0165 vyhoden\u00e9 po vybit\u00ed bat\u00e9rie, 800 mAh bat\u00e9ria s funkciou r\u00fdchleho nab\u00edjania cez USB-C umo\u017e\u0148uje ekologickej\u0161ie a praktickej\u0161ie pou\u017e\u00edvanie. Pou\u017e\u00edvatelia m\u00f4\u017eu zariadenie jednoducho nabi\u0165 a \u010falej pou\u017e\u00edva\u0165.<\/p>\n<h4>3. Inovat\u00edvna technol\u00f3gia dvojit\u00e9ho re\u017eimu<\/h4>\n<p>V\u00e4\u010d\u0161ina jednorazov\u00fdch e-cigariet pon\u00faka len jeden v\u00fdkonov\u00fd re\u017eim, no NEXA Ultra 50K sa odli\u0161uje dvoma r\u00f4znymi re\u017eimami:<\/p>\n<ul data-spread=\"false\">\n<li>Norm\u00e1lny re\u017eim (50K \u0165ahov): Ide\u00e1lny na ka\u017edodenn\u00e9 pou\u017eitie s vyv\u00e1\u017eenou produkciou pary a chuti.<\/li>\n<li>Turbo re\u017eim (30K \u0165ahov): Pre t\u00fdch, ktor\u00ed preferuj\u00fa intenz\u00edvnej\u0161iu tvorbu pary a silnej\u0161iu ar\u00f3mu.<\/li>\n<\/ul>\n<h4>4. 3D zakriven\u00fd displej pre maxim\u00e1lnu kontrolu<\/h4>\n<p>Absol\u00fatnou novinkou v oblasti jednorazov\u00fdch vapov je 3D zakriven\u00fd displej. Zobrazuje stav bat\u00e9rie a zost\u00e1vaj\u00faci objem n\u00e1plne \u2013 funkciu, ktor\u00fa doteraz na\u0161li takmer v\u00fdlu\u010dne v high-endov\u00fdch pod syst\u00e9moch.<\/p>\n<h4>5. Vy\u0161\u0161ia kvalita n\u00e1pln\u00ed a jedine\u010dn\u00e1 ar\u00f3ma<\/h4>\n<p>S pr\u00edchu\u0165ou B-Pop pon\u00faka NEXA Ultra 50K nov\u00fd a vzru\u0161uj\u00faci z\u00e1\u017eitok z chuti. Vy\u0161\u0161ia kvalita zlo\u017eiek zabezpe\u010duje intenz\u00edvnu a rovnomern\u00fa chu\u0165 a\u017e do posledn\u00e9ho \u0165ahu.<\/p>\n<div><\/div>\n<h3>Trhov\u00fd potenci\u00e1l a cie\u013eov\u00e1 skupina v Deutschland<\/h3>\n<p>Dopyt po trv\u00e1cnych a v\u00fdkonn\u00fdch jednorazov\u00fdch e-cigaret\u00e1ch neust\u00e1le rastie, najm\u00e4 v Deutschland. NEXA Ultra 50K je ur\u010den\u00e1 pre nasleduj\u00face cie\u013eov\u00e9 skupiny:<\/p>\n<ul data-spread=\"false\">\n<li>Sk\u00fasen\u00ed vaperi, ktor\u00ed h\u013eadaj\u00fa dlhodob\u00fa a v\u00fdkonn\u00fa alternat\u00edvu k tradi\u010dn\u00fdm jednorazov\u00fdm e-cigaret\u00e1m.<\/li>\n<li>Pr\u00edle\u017eitostn\u00ed vaperi, ktor\u00ed klad\u00fa d\u00f4raz na jednoduch\u00e9 pou\u017e\u00edvanie bez starost\u00ed o dop\u013a\u0148anie alebo zlo\u017eit\u00e9 nastavenia.<\/li>\n<li>Predajcovia a ve\u013ekoobchodn\u00edci, ktor\u00ed chc\u00fa svojim z\u00e1kazn\u00edkom pon\u00faknu\u0165 inovat\u00edvne a kvalitn\u00e9 produkty.<\/li>\n<\/ul>\n<p>S mo\u017enos\u0165ou zak\u00fapenia 5 zariaden\u00ed v balen\u00ed je NEXA Ultra 50K vhodn\u00e1 pre maloobchod aj v\u00e4\u010d\u0161ie objedn\u00e1vky v vapeshopoch alebo online obchodoch.<\/p>\n<h3>Je NEXA Ultra 50K bud\u00facnos\u0165ou jednorazov\u00fdch e-cigariet?<\/h3>\n<p>NEXA Ultra 50K Puff Jednorazov\u00e1 e-cigareta sp\u00e1ja v\u00fdkon, inov\u00e1cie a odolnos\u0165 v jednom zariaden\u00ed a stanovuje nov\u00e9 \u0161tandardy v odvetv\u00ed. Pon\u00faka jednu z najvy\u0161\u0161\u00edch po\u010dtov potiahnut\u00ed, v\u00fdkonn\u00fa bat\u00e9riu s r\u00fdchlym nab\u00edjan\u00edm, jedine\u010dn\u00fa pr\u00edchu\u0165 a modern\u00fd displej \u2013 v\u0161etko v kompaktnom a \u0161t\u00fdlovom dizajne.<\/p>\n<p>Pre slovensk\u00fd trh je tento produkt skuto\u010dn\u00fdm obohaten\u00edm, najm\u00e4 pre vapery, ktor\u00ed h\u013eadaj\u00fa kvalitn\u00fd a dlhotrvaj\u00faci z\u00e1\u017eitok. Predajcovia, ktor\u00ed si v\u010das zabezpe\u010dia NEXA Ultra 50K, m\u00f4\u017eu profitova\u0165 z inovat\u00edvneho produktu, ktor\u00fd sa v\u00fdrazne odli\u0161uje od konkurencie.<\/p>\n<p>\u010ci u\u017e na vlastn\u00e9 pou\u017eitie alebo ako predajca \u2013 NEXA Ultra 50K je jasn\u00e9 odpor\u00fa\u010danie pre v\u0161etk\u00fdch, ktor\u00ed chc\u00fa vy\u0165a\u017ei\u0165 maximum zo svojho vapovacieho z\u00e1\u017eitku.<\/p>\n<p>&nbsp;<\/p>","protected":false},"excerpt":{"rendered":"<p>NEXA Ultra 50K Puff Einweg E-Zigarette B-Pop Die Zukunft der Einweg-Vapes in Deutschland Der Markt f\u00fcr Einweg-E-Zigaretten entwickelt sich stetig weiter, und mit der NEXA&#8230;<\/p>","protected":false},"featured_media":5724,"template":"","meta":[],"etheme_brands":[],"product_brand":[],"product_cat":[67,49,61],"product_tag":[],"class_list":{"0":"post-5694","1":"product","2":"type-product","3":"status-publish","4":"has-post-thumbnail","6":"product_cat-50k-vape","7":"product_cat-einweg-e-zigarette","8":"product_cat-f","10":"first","11":"outofstock","12":"shipping-taxable","13":"purchasable","14":"product-type-variable"},"yoast_head":"<!-- This site is optimized with the Yoast SEO plugin v26.5 - https:\/\/yoast.com\/wordpress\/plugins\/seo\/ -->\n<title>NEXA Ultra 50K 50000 Z\u00fcge mit 20 ml B-Pop-Liquid Premium-Einweg-E-Zigarette | Vapingnet.de<\/title>\n<meta name=\"description\" content=\"NEXA Ultra 50K: 50.000 Z\u00fcge, 20 ml B-Pop Liquid, USB-C, Dual-Modus, 3D-Display, transparenter Tank \u2013 Premium-Einweg-Vape!\" \/>\n<meta name=\"robots\" content=\"index, follow, max-snippet:-1, max-image-preview:large, max-video-preview:-1\" \/>\n<link rel=\"canonical\" href=\"https:\/\/vapingnet.de\/sk\/vape\/nexa-ultra-50k-50000-zuege-mit-20-ml-b-pop-liquid-premium-einweg-e-zigarette\/\" \/>\n<meta property=\"og:locale\" content=\"sk_SK\" \/>\n<meta property=\"og:type\" content=\"article\" \/>\n<meta property=\"og:title\" content=\"NEXA Ultra 50K 50000 Z\u00fcge mit 20 ml B-Pop-Liquid Premium-Einweg-E-Zigarette | Vapingnet.de\" \/>\n<meta property=\"og:description\" content=\"NEXA Ultra 50K: 50.000 Z\u00fcge, 20 ml B-Pop Liquid, USB-C, Dual-Modus, 3D-Display, transparenter Tank \u2013 Premium-Einweg-Vape!\" \/>\n<meta property=\"og:url\" content=\"https:\/\/vapingnet.de\/sk\/vape\/nexa-ultra-50k-50000-zuege-mit-20-ml-b-pop-liquid-premium-einweg-e-zigarette\/\" \/>\n<meta property=\"og:site_name\" content=\"Vapingnet.de\" \/>\n<meta property=\"article:publisher\" content=\"https:\/\/www.facebook.com\/vapingnetde\/\" \/>\n<meta property=\"article:modified_time\" content=\"2026-04-14T06:41:05+00:00\" \/>\n<meta property=\"og:image\" content=\"https:\/\/vapingnet.de\/wp-content\/uploads\/2025\/03\/NEXA-Ultra-Vape-50000-B-Pop-1.png\" \/>\n\t<meta property=\"og:image:width\" content=\"1000\" \/>\n\t<meta property=\"og:image:height\" content=\"1000\" \/>\n\t<meta property=\"og:image:type\" content=\"image\/png\" \/>\n<meta name=\"twitter:card\" content=\"summary_large_image\" \/>\n<meta name=\"twitter:label1\" content=\"Est. reading time\" \/>\n\t<meta name=\"twitter:data1\" content=\"4 minutes\" \/>\n<script type=\"application\/ld+json\" class=\"yoast-schema-graph\">{\"@context\":\"https:\/\/schema.org\",\"@graph\":[{\"@type\":\"WebPage\",\"@id\":\"https:\/\/vapingnet.de\/vape\/nexa-ultra-50k-50000-zuege-mit-20-ml-b-pop-liquid-premium-einweg-e-zigarette\/\",\"url\":\"https:\/\/vapingnet.de\/vape\/nexa-ultra-50k-50000-zuege-mit-20-ml-b-pop-liquid-premium-einweg-e-zigarette\/\",\"name\":\"NEXA Ultra 50K 50000 Z\u00fcge mit 20 ml B-Pop-Liquid Premium-Einweg-E-Zigarette | Vapingnet.de\",\"isPartOf\":{\"@id\":\"https:\/\/vapingnet.de\/#website\"},\"primaryImageOfPage\":{\"@id\":\"https:\/\/vapingnet.de\/vape\/nexa-ultra-50k-50000-zuege-mit-20-ml-b-pop-liquid-premium-einweg-e-zigarette\/#primaryimage\"},\"image\":{\"@id\":\"https:\/\/vapingnet.de\/vape\/nexa-ultra-50k-50000-zuege-mit-20-ml-b-pop-liquid-premium-einweg-e-zigarette\/#primaryimage\"},\"thumbnailUrl\":\"https:\/\/vapingnet.de\/wp-content\/uploads\/2025\/03\/NEXA-Ultra-Vape-50000-B-Pop-1.png\",\"datePublished\":\"2025-03-19T03:23:58+00:00\",\"dateModified\":\"2026-04-14T06:41:05+00:00\",\"description\":\"NEXA Ultra 50K: 50.000 Z\u00fcge, 20 ml B-Pop Liquid, USB-C, Dual-Modus, 3D-Display, transparenter Tank \u2013 Premium-Einweg-Vape!\",\"breadcrumb\":{\"@id\":\"https:\/\/vapingnet.de\/vape\/nexa-ultra-50k-50000-zuege-mit-20-ml-b-pop-liquid-premium-einweg-e-zigarette\/#breadcrumb\"},\"inLanguage\":\"sk-SK\",\"potentialAction\":[{\"@type\":\"ReadAction\",\"target\":[\"https:\/\/vapingnet.de\/vape\/nexa-ultra-50k-50000-zuege-mit-20-ml-b-pop-liquid-premium-einweg-e-zigarette\/\"]}]},{\"@type\":\"ImageObject\",\"inLanguage\":\"sk-SK\",\"@id\":\"https:\/\/vapingnet.de\/vape\/nexa-ultra-50k-50000-zuege-mit-20-ml-b-pop-liquid-premium-einweg-e-zigarette\/#primaryimage\",\"url\":\"https:\/\/vapingnet.de\/wp-content\/uploads\/2025\/03\/NEXA-Ultra-Vape-50000-B-Pop-1.png\",\"contentUrl\":\"https:\/\/vapingnet.de\/wp-content\/uploads\/2025\/03\/NEXA-Ultra-Vape-50000-B-Pop-1.png\",\"width\":1000,\"height\":1000},{\"@type\":\"BreadcrumbList\",\"@id\":\"https:\/\/vapingnet.de\/vape\/nexa-ultra-50k-50000-zuege-mit-20-ml-b-pop-liquid-premium-einweg-e-zigarette\/#breadcrumb\",\"itemListElement\":[{\"@type\":\"ListItem\",\"position\":1,\"name\":\"Home\",\"item\":\"https:\/\/vapingnet.de\/\"},{\"@type\":\"ListItem\",\"position\":2,\"name\":\"Shop\",\"item\":\"https:\/\/vapingnet.de\/vape\/\"},{\"@type\":\"ListItem\",\"position\":3,\"name\":\"NEXA Ultra 50K 50000 Z\u00fcge mit 20 ml B-Pop-Liquid Premium-Einweg-E-Zigarette\"}]},{\"@type\":\"WebSite\",\"@id\":\"https:\/\/vapingnet.de\/#website\",\"url\":\"https:\/\/vapingnet.de\/\",\"name\":\"Vapingnet.de\",\"description\":\"\",\"publisher\":{\"@id\":\"https:\/\/vapingnet.de\/#organization\"},\"potentialAction\":[{\"@type\":\"SearchAction\",\"target\":{\"@type\":\"EntryPoint\",\"urlTemplate\":\"https:\/\/vapingnet.de\/?s={search_term_string}\"},\"query-input\":{\"@type\":\"PropertyValueSpecification\",\"valueRequired\":true,\"valueName\":\"search_term_string\"}}],\"inLanguage\":\"sk-SK\"},{\"@type\":\"Organization\",\"@id\":\"https:\/\/vapingnet.de\/#organization\",\"name\":\"Vapingnet.de\",\"url\":\"https:\/\/vapingnet.de\/\",\"logo\":{\"@type\":\"ImageObject\",\"inLanguage\":\"sk-SK\",\"@id\":\"https:\/\/vapingnet.de\/#\/schema\/logo\/image\/\",\"url\":\"https:\/\/vapingnet.de\/wp-content\/uploads\/2025\/03\/cropped-vapingnet.de_.jpg\",\"contentUrl\":\"https:\/\/vapingnet.de\/wp-content\/uploads\/2025\/03\/cropped-vapingnet.de_.jpg\",\"width\":512,\"height\":512,\"caption\":\"Vapingnet.de\"},\"image\":{\"@id\":\"https:\/\/vapingnet.de\/#\/schema\/logo\/image\/\"},\"sameAs\":[\"https:\/\/www.facebook.com\/vapingnetde\/\"]}]}<\/script>\n<!-- \/ Yoast SEO plugin. -->","yoast_head_json":{"title":"NEXA Ultra 50K 50000 Z\u00fcge mit 20 ml B-Pop-Liquid Premium-Einweg-E-Zigarette | Vapingnet.de","description":"NEXA Ultra 50K: 50.000 Z\u00fcge, 20 ml B-Pop Liquid, USB-C, Dual-Modus, 3D-Display, transparenter Tank \u2013 Premium-Einweg-Vape!","robots":{"index":"index","follow":"follow","max-snippet":"max-snippet:-1","max-image-preview":"max-image-preview:large","max-video-preview":"max-video-preview:-1"},"canonical":"https:\/\/vapingnet.de\/sk\/vape\/nexa-ultra-50k-50000-zuege-mit-20-ml-b-pop-liquid-premium-einweg-e-zigarette\/","og_locale":"sk_SK","og_type":"article","og_title":"NEXA Ultra 50K 50000 Z\u00fcge mit 20 ml B-Pop-Liquid Premium-Einweg-E-Zigarette | Vapingnet.de","og_description":"NEXA Ultra 50K: 50.000 Z\u00fcge, 20 ml B-Pop Liquid, USB-C, Dual-Modus, 3D-Display, transparenter Tank \u2013 Premium-Einweg-Vape!","og_url":"https:\/\/vapingnet.de\/sk\/vape\/nexa-ultra-50k-50000-zuege-mit-20-ml-b-pop-liquid-premium-einweg-e-zigarette\/","og_site_name":"Vapingnet.de","article_publisher":"https:\/\/www.facebook.com\/vapingnetde\/","article_modified_time":"2026-04-14T06:41:05+00:00","og_image":[{"width":1000,"height":1000,"url":"https:\/\/vapingnet.de\/wp-content\/uploads\/2025\/03\/NEXA-Ultra-Vape-50000-B-Pop-1.png","type":"image\/png"}],"twitter_card":"summary_large_image","twitter_misc":{"Est. reading time":"4 minutes"},"schema":{"@context":"https:\/\/schema.org","@graph":[{"@type":"WebPage","@id":"https:\/\/vapingnet.de\/vape\/nexa-ultra-50k-50000-zuege-mit-20-ml-b-pop-liquid-premium-einweg-e-zigarette\/","url":"https:\/\/vapingnet.de\/vape\/nexa-ultra-50k-50000-zuege-mit-20-ml-b-pop-liquid-premium-einweg-e-zigarette\/","name":"NEXA Ultra 50K 50000 Z\u00fcge mit 20 ml B-Pop-Liquid Premium-Einweg-E-Zigarette | Vapingnet.de","isPartOf":{"@id":"https:\/\/vapingnet.de\/#website"},"primaryImageOfPage":{"@id":"https:\/\/vapingnet.de\/vape\/nexa-ultra-50k-50000-zuege-mit-20-ml-b-pop-liquid-premium-einweg-e-zigarette\/#primaryimage"},"image":{"@id":"https:\/\/vapingnet.de\/vape\/nexa-ultra-50k-50000-zuege-mit-20-ml-b-pop-liquid-premium-einweg-e-zigarette\/#primaryimage"},"thumbnailUrl":"https:\/\/vapingnet.de\/wp-content\/uploads\/2025\/03\/NEXA-Ultra-Vape-50000-B-Pop-1.png","datePublished":"2025-03-19T03:23:58+00:00","dateModified":"2026-04-14T06:41:05+00:00","description":"NEXA Ultra 50K: 50.000 Z\u00fcge, 20 ml B-Pop Liquid, USB-C, Dual-Modus, 3D-Display, transparenter Tank \u2013 Premium-Einweg-Vape!","breadcrumb":{"@id":"https:\/\/vapingnet.de\/vape\/nexa-ultra-50k-50000-zuege-mit-20-ml-b-pop-liquid-premium-einweg-e-zigarette\/#breadcrumb"},"inLanguage":"sk-SK","potentialAction":[{"@type":"ReadAction","target":["https:\/\/vapingnet.de\/vape\/nexa-ultra-50k-50000-zuege-mit-20-ml-b-pop-liquid-premium-einweg-e-zigarette\/"]}]},{"@type":"ImageObject","inLanguage":"sk-SK","@id":"https:\/\/vapingnet.de\/vape\/nexa-ultra-50k-50000-zuege-mit-20-ml-b-pop-liquid-premium-einweg-e-zigarette\/#primaryimage","url":"https:\/\/vapingnet.de\/wp-content\/uploads\/2025\/03\/NEXA-Ultra-Vape-50000-B-Pop-1.png","contentUrl":"https:\/\/vapingnet.de\/wp-content\/uploads\/2025\/03\/NEXA-Ultra-Vape-50000-B-Pop-1.png","width":1000,"height":1000},{"@type":"BreadcrumbList","@id":"https:\/\/vapingnet.de\/vape\/nexa-ultra-50k-50000-zuege-mit-20-ml-b-pop-liquid-premium-einweg-e-zigarette\/#breadcrumb","itemListElement":[{"@type":"ListItem","position":1,"name":"Home","item":"https:\/\/vapingnet.de\/"},{"@type":"ListItem","position":2,"name":"Shop","item":"https:\/\/vapingnet.de\/vape\/"},{"@type":"ListItem","position":3,"name":"NEXA Ultra 50K 50000 Z\u00fcge mit 20 ml B-Pop-Liquid Premium-Einweg-E-Zigarette"}]},{"@type":"WebSite","@id":"https:\/\/vapingnet.de\/#website","url":"https:\/\/vapingnet.de\/","name":"Vapingnet.de","description":"","publisher":{"@id":"https:\/\/vapingnet.de\/#organization"},"potentialAction":[{"@type":"SearchAction","target":{"@type":"EntryPoint","urlTemplate":"https:\/\/vapingnet.de\/?s={search_term_string}"},"query-input":{"@type":"PropertyValueSpecification","valueRequired":true,"valueName":"search_term_string"}}],"inLanguage":"sk-SK"},{"@type":"Organization","@id":"https:\/\/vapingnet.de\/#organization","name":"Vapingnet.de","url":"https:\/\/vapingnet.de\/","logo":{"@type":"ImageObject","inLanguage":"sk-SK","@id":"https:\/\/vapingnet.de\/#\/schema\/logo\/image\/","url":"https:\/\/vapingnet.de\/wp-content\/uploads\/2025\/03\/cropped-vapingnet.de_.jpg","contentUrl":"https:\/\/vapingnet.de\/wp-content\/uploads\/2025\/03\/cropped-vapingnet.de_.jpg","width":512,"height":512,"caption":"Vapingnet.de"},"image":{"@id":"https:\/\/vapingnet.de\/#\/schema\/logo\/image\/"},"sameAs":["https:\/\/www.facebook.com\/vapingnetde\/"]}]}},"tiered_pricing_type":"fixed","tiered_pricing_fixed_rules":[],"tiered_pricing_product_settings":{"layout":"default","base_unit_name":{"singular":null,"plural":null},"default_variation":null},"tiered_pricing_minimum_quantity":null,"tiered_pricing_roles_data":[],"tiered_pricing_percentage_rules":[],"_links":{"self":[{"href":"https:\/\/vapingnet.de\/sk\/wp-json\/wp\/v2\/product\/5694","targetHints":{"allow":["GET"]}}],"collection":[{"href":"https:\/\/vapingnet.de\/sk\/wp-json\/wp\/v2\/product"}],"about":[{"href":"https:\/\/vapingnet.de\/sk\/wp-json\/wp\/v2\/types\/product"}],"version-history":[{"count":1,"href":"https:\/\/vapingnet.de\/sk\/wp-json\/wp\/v2\/product\/5694\/revisions"}],"predecessor-version":[{"id":5726,"href":"https:\/\/vapingnet.de\/sk\/wp-json\/wp\/v2\/product\/5694\/revisions\/5726"}],"wp:featuredmedia":[{"embeddable":true,"href":"https:\/\/vapingnet.de\/sk\/wp-json\/wp\/v2\/media\/5724"}],"wp:attachment":[{"href":"https:\/\/vapingnet.de\/sk\/wp-json\/wp\/v2\/media?parent=5694"}],"wp:term":[{"taxonomy":"brand","embeddable":true,"href":"https:\/\/vapingnet.de\/sk\/wp-json\/wp\/v2\/etheme_brands?post=5694"},{"taxonomy":"product_brand","embeddable":true,"href":"https:\/\/vapingnet.de\/sk\/wp-json\/wp\/v2\/product_brand?post=5694"},{"taxonomy":"product_cat","embeddable":true,"href":"https:\/\/vapingnet.de\/sk\/wp-json\/wp\/v2\/product_cat?post=5694"},{"taxonomy":"product_tag","embeddable":true,"href":"https:\/\/vapingnet.de\/sk\/wp-json\/wp\/v2\/product_tag?post=5694"}],"curies":[{"name":"wp","href":"https:\/\/api.w.org\/{rel}","templated":true}]}}