{"id":5727,"date":"2025-03-19T05:38:06","date_gmt":"2025-03-19T05:38:06","guid":{"rendered":"https:\/\/vapingnet.de\/?post_type=product&#038;p=5727"},"modified":"2026-04-14T06:41:05","modified_gmt":"2026-04-14T06:41:05","slug":"cooles-e-zigaretten-erlebnis-nexa-ultra-50k-eine-reichhaltige-mischung-aus-suesser-blaubeere-und-erfrischendem-eisgeschmack","status":"publish","type":"product","link":"https:\/\/vapingnet.de\/sk\/vape\/cooles-e-zigaretten-erlebnis-nexa-ultra-50k-eine-reichhaltige-mischung-aus-suesser-blaubeere-und-erfrischendem-eisgeschmack\/","title":{"rendered":"Skvel\u00fd z\u00e1\u017eitok s e-cigaretou NEXA Ultra 50K. Bohat\u00e1 zmes sladkej \u010du\u010doriedky a osvie\u017euj\u00facej chuti \u013eadu"},"content":{"rendered":"<h2 data-start=\"0\" data-end=\"70\">NEXA Ultra 50K Puff Jednor\u00e1zov\u00e1 e-cigareta Blue Razz Ice Edition<\/h2>\n<p data-start=\"72\" data-end=\"438\">NEXA Ultra 50K definuje \u0161tandard pre <strong><a href=\"https:\/\/vapingnet.de\/sk\/k\/einweg-e-zigarette\/\">Jednorazov\u00e9 e-cigaretky<\/a><\/strong> nov\u00e9 a kombinuje vysok\u00fd v\u00fdkon, inovat\u00edvny dizajn a jedine\u010dn\u00fd z\u00e1\u017eitok z chuti. S p\u00f4sobivou <strong><a href=\"https:\/\/vapingnet.de\/sk\/k\/50k-vape\/\">50k vape<\/a><\/strong> Kapacitou, 800-mAh bat\u00e9riou s r\u00fdchlym nab\u00edjan\u00edm cez USB-C a prieh\u013eadnou kry\u0161t\u00e1lovou n\u00e1dr\u017ekou s objemom 20 ml tekutiny, nastavuje tento model nov\u00e9 \u0161tandardy.<\/p>\n<p data-start=\"440\" data-end=\"751\">Obzvl\u00e1\u0161\u0165 v\u00fdnimo\u010dn\u00e1 je ed\u00edcia Blue Razz Ice, ktor\u00e1 v\u00e1s presved\u010d\u00ed dokonale vyv\u00e1\u017eenou zmesou sladk\u00fdch modr\u00fdch mal\u00edn a osvie\u017euj\u00facej \u013eadovej pozn\u00e1mky. T\u00e1to kombin\u00e1cia zabezpe\u010duje intenz\u00edvny, ovocno-chladiv\u00fd z\u00e1\u017eitok z vapovania, ktor\u00fd nadchne za\u010diato\u010dn\u00edkov aj sk\u00fasen\u00fdch vapovac\u00edch nad\u0161encov.<\/p>\n<h3 data-start=\"758\" data-end=\"796\">Technick\u00e9 \u00fadaje a vlastnosti<\/h3>\n<p data-start=\"798\" data-end=\"1000\">T\u00e1 <strong><a href=\"https:\/\/vapingnet.de\/sk\/nexa-ultra-50000-puffs\/\">NEXA Ultra 50K pufy<\/a><\/strong> pon\u00faka mno\u017estvo funkci\u00ed, ktor\u00e9 ju robia ide\u00e1lnou vo\u013ebou pre n\u00e1ro\u010dn\u00fdch vapovac\u00edch pou\u017e\u00edvate\u013eov. V nasleduj\u00facej tabu\u013eke s\u00fa zhrnut\u00e9 najd\u00f4le\u017eitej\u0161ie technick\u00e9 \u00fadaje:<\/p>\n<div class=\"overflow-x-auto contain-inline-size\">\n<table data-start=\"1002\" data-end=\"1819\">\n<thead data-start=\"1002\" data-end=\"1044\">\n<tr data-start=\"1002\" data-end=\"1044\">\n<th data-start=\"1002\" data-end=\"1024\">Vlastnos\u0165<\/th>\n<th data-start=\"1024\" data-end=\"1044\">Popis<\/th>\n<\/tr>\n<\/thead>\n<tbody data-start=\"1088\" data-end=\"1819\">\n<tr data-start=\"1088\" data-end=\"1136\">\n<td>Po\u010det potiahnut\u00ed<\/td>\n<td>A\u017e 50 000 potiahnut\u00ed<\/td>\n<\/tr>\n<tr data-start=\"1137\" data-end=\"1178\">\n<td>Obsah nikot\u00ednu<\/td>\n<td>5 % Nikot\u00ednov\u00e1 so\u013e<\/td>\n<\/tr>\n<tr data-start=\"1179\" data-end=\"1231\">\n<td>Kapacita e-liquidu<\/td>\n<td>20 ml (vidite\u013en\u00e1 n\u00e1dr\u017eka)<\/td>\n<\/tr>\n<tr data-start=\"1232\" data-end=\"1339\">\n<td>Chute<\/td>\n<td>Blue Razz Ice \u2013 sladk\u00e9, \u0161\u0165avnat\u00e9 modr\u00e9 maliny s osvie\u017euj\u00facou \u013eadovou pozn\u00e1mkou<\/td>\n<\/tr>\n<tr data-start=\"1340\" data-end=\"1409\">\n<td>Kapacita bat\u00e9rie<\/td>\n<td>800 mAh, dob\u00edjate\u013en\u00e1 cez USB-C<\/td>\n<\/tr>\n<tr data-start=\"1410\" data-end=\"1499\">\n<td>Re\u017eimy v\u00fdkonu<\/td>\n<td>Dvojit\u00e1 technol\u00f3gia re\u017eimu: Norm\u00e1lny re\u017eim (50K) \/ Turbo re\u017eim (30K)<\/td>\n<\/tr>\n<tr data-start=\"1500\" data-end=\"1612\">\n<td>Displej<\/td>\n<td>3D zakriven\u00fd displej s ukazovate\u013eom stavu bat\u00e9rie, hladiny tekutiny a re\u017eimu v\u00fdkonu<\/td>\n<\/tr>\n<tr data-start=\"1613\" data-end=\"1682\">\n<td>Aktiv\u00e1cia<\/td>\n<td>Aktiv\u00e1cia potiahnut\u00edm \u2013 nie je potrebn\u00fd \u017eiadny tla\u010didlo<\/td>\n<\/tr>\n<tr data-start=\"1683\" data-end=\"1778\">\n<td>Dizajn<\/td>\n<td>Prieh\u013eadn\u00e1 kry\u0161t\u00e1lov\u00e1 n\u00e1dr\u017eka pre jasn\u00fd poh\u013ead na hladinu tekutiny<\/td>\n<\/tr>\n<tr data-start=\"1779\" data-end=\"1819\">\n<td>Balenie<\/td>\n<td>5 kusov v krabici<\/td>\n<\/tr>\n<\/tbody>\n<\/table>\n<\/div>\n<h3 data-start=\"1826\" data-end=\"1892\">Pre\u010do je NEXA Ultra 50K jednou z najlep\u0161\u00edch jednor\u00e1zov\u00fdch vapovac\u00edch zariaden\u00ed<\/h3>\n<p data-start=\"1894\" data-end=\"2120\">NEXA Ultra 50K Blue Razz Ice Edition bola \u0161peci\u00e1lne vyvinut\u00e1 pre vapovac\u00edch nad\u0161encov, ktor\u00ed klad\u00fa d\u00f4raz na kvalitu, v\u00fdkon a chu\u0165. Sp\u00e1ja najmodernej\u0161iu technol\u00f3giu s v\u00fdnimo\u010dn\u00fdm z\u00e1\u017eitkom z chuti.<\/p>\n<h4 data-start=\"2122\" data-end=\"2179\">1. Maxim\u00e1lna kapacita puffu \u2013 A\u017e 50 000 \u0165ahov<\/h4>\n<p data-start=\"2180\" data-end=\"2400\">V\u00e4\u010d\u0161ina jednorazov\u00fdch e-cigariet m\u00e1 obmedzen\u00fa kapacitu puffu od 5 000 do <strong><a href=\"https:\/\/vapingnet.de\/sk\/k\/vape-15000-zuege\/\">15000 potiahnutiami<\/a><\/strong>. NEXA Ultra 50K ide ove\u013ea \u010falej a pon\u00faka s technol\u00f3giou Dual-Mode dva r\u00f4zne re\u017eimy:<\/p>\n<p data-start=\"2402\" data-end=\"2563\">Norm\u00e1lny re\u017eim (50K vape) \u2013 Dlh\u0161ia doba pou\u017e\u00edvania pre maxim\u00e1lny p\u00f4\u017eitok<br data-start=\"2479\" data-end=\"2482\" \/>Turbo re\u017eim (<strong><a href=\"https:\/\/vapingnet.de\/sk\/k\/vape-30000-zuege\/\">30K vape<\/a><\/strong>) \u2013 Zv\u00fd\u0161en\u00fd v\u00fdkon pre intenz\u00edvnej\u0161ie tvorenie pary<\/p>\n<p data-start=\"2565\" data-end=\"2708\">V\u010faka t\u00fdmto mo\u017enostiam si pou\u017e\u00edvate\u013e m\u00f4\u017ee prisp\u00f4sobi\u0165 svoj z\u00e1\u017eitok z vapovania \u2013 funkciu, ktor\u00e1 doteraz bola dostupn\u00e1 len na high-endov\u00fdch zariadeniach.<\/p>\n<h4 data-start=\"2715\" data-end=\"2773\">2. Jedine\u010dn\u00e1 chu\u0165, ktor\u00e1 nadchne \u2013 Blue Razz Ice<\/h4>\n<p data-start=\"2774\" data-end=\"2926\">Chu\u0165 je rozhoduj\u00facim faktorom pri v\u00fdbere e-cigarety a ed\u00edcia Blue Razz Ice pon\u00faka neporovnate\u013en\u00fa ar\u00f3mu.<\/p>\n<p data-start=\"2928\" data-end=\"3194\">Ovocn\u00e1 sladkos\u0165 modr\u00fdch mal\u00edn zabezpe\u010duje intenz\u00edvnu, \u0161\u0165avnat\u00fa pozn\u00e1mku.<br data-start=\"3014\" data-end=\"3017\" \/>Osvie\u017euj\u00faci chladiv\u00fd efekt, ktor\u00fd vytv\u00e1ra pr\u00edjemne chladn\u00fd z\u00e1\u017eitok z vapovania.<br data-start=\"3099\" data-end=\"3102\" \/>Jasn\u00e1 a intenz\u00edvna chu\u0165 v\u010faka kvalitn\u00fdm ar\u00f3mam a technol\u00f3gii mesh-coil.<\/p>\n<p data-start=\"3196\" data-end=\"3317\">T\u00e1to kombin\u00e1cia chut\u00ed rob\u00ed NEXA Ultra 50K ide\u00e1lnou pre v\u0161etk\u00fdch, ktor\u00ed miluj\u00fa ovocn\u00e9 a osvie\u017euj\u00face vapy.<\/p>\n<h4 data-start=\"3324\" data-end=\"3396\">Transparentn\u00e1 kri\u0161t\u00e1\u013eov\u00e1 n\u00e1dr\u017eka \u2013 V\u017edy s preh\u013eadom o stave liquidu<\/h4>\n<p data-start=\"3397\" data-end=\"3646\">Jednou z vynikaj\u00facich dizajnov\u00fdch vlastnost\u00ed NEXA Ultra 50K je vidite\u013en\u00e1 n\u00e1dr\u017e na tekutinu. Zatia\u013e \u010do mnoho jednorazov\u00fdch zariaden\u00ed m\u00e1 uzavret\u00fa n\u00e1dr\u017e, prieh\u013eadn\u00e1 kry\u0161t\u00e1lov\u00e1 n\u00e1dr\u017e umo\u017e\u0148uje priame sledovanie zost\u00e1vaj\u00faceho e-liquidu.<\/p>\n<p data-start=\"3648\" data-end=\"3796\">\u0160t\u00fdlov\u00fd a modern\u00fd dizajn<br data-start=\"3685\" data-end=\"3688\" \/>Zabra\u0148uje ne\u010dakan\u00e9mu vypr\u00e1zdneniu tekutiny<br data-start=\"3741\" data-end=\"3744\" \/>U\u013eah\u010duje sledovanie spotreby<\/p>\n<p data-start=\"3798\" data-end=\"3923\">Pre ve\u013ek\u00fdch vapova\u010dov je to rozhoduj\u00faca v\u00fdhoda, preto\u017ee m\u00f4\u017eu kedyko\u013evek kontrolova\u0165 hladinu tekutiny.<\/p>\n<h4 data-start=\"3930\" data-end=\"3988\">4. V\u00fdkonn\u00e1 bat\u00e9ria s r\u00fdchlym nab\u00edjan\u00edm cez USB-C<\/h4>\n<p data-start=\"3989\" data-end=\"4129\">Bat\u00e9ria 800 mAh NEXA Ultra 50K je opakovane nab\u00edjate\u013en\u00e1 a v\u010faka r\u00fdchlemu nab\u00edjaniu USB-C sa d\u00e1 r\u00fdchlo nabi\u0165.<\/p>\n<p data-start=\"4131\" data-end=\"4293\">Dlh\u0161ia doba pou\u017e\u00edvania bez preru\u0161enia<br data-start=\"4180\" data-end=\"4183\" \/>R\u00fdchle nab\u00edjanie pre nepretr\u017eit\u00fd z\u00e1\u017eitok z parenia<br data-start=\"4237\" data-end=\"4240\" \/>Stav bat\u00e9rie je kedyko\u013evek \u010ditate\u013en\u00fd na displeji<\/p>\n<p data-start=\"4295\" data-end=\"4406\">T\u00fdm sa v\u00fdrazne predl\u017euje pou\u017e\u00edvanie zariadenia, \u010do ho odli\u0161uje od be\u017en\u00fdch jednorazov\u00fdch e-cigariet.<\/p>\n<h4>5. 3D zakriven\u00fd displej \u2013 v\u0161etky d\u00f4le\u017eit\u00e9 inform\u00e1cie na dosah<\/h4>\n<p data-start=\"4483\" data-end=\"4689\">V\u00e4\u010d\u0161ina jednorazov\u00fdch e cigariet nem\u00e1 \u017eiadne alebo len jednoduch\u00e9 LED indik\u00e1tory. NEXA Ultra 50K je vybaven\u00e1 modern\u00fdm 3D zakriven\u00fdm displejom, ktor\u00fd zobrazuje d\u00f4le\u017eit\u00e9 inform\u00e1cie:<\/p>\n<p data-start=\"4691\" data-end=\"4907\">Stav bat\u00e9rie \u2013 ukazuje, kedy je potrebn\u00e9 nab\u00edjanie.<br data-start=\"4755\" data-end=\"4758\" \/>Stav e-liquidu \u2013 zabra\u0148uje ne\u010dakan\u00fdm nedostatkom.<br data-start=\"4816\" data-end=\"4819\" \/>Aktu\u00e1lny re\u017eim v\u00fdkonu (Norm\u00e1lny \/ Turbo) \u2013 prisp\u00f4sobuje z\u00e1\u017eitok z parenia individu\u00e1lne.<\/p>\n<p data-start=\"4909\" data-end=\"5004\">T\u00e1to funkcia poskytuje maxim\u00e1lny komfort a rob\u00ed zariadenie obzvl\u00e1\u0161\u0165 pou\u017e\u00edvate\u013esky pr\u00edvetiv\u00fdm.<\/p>\n<h3>Pre koho je ur\u010den\u00e1 NEXA Ultra 50K Blue Razz Ice?<\/h3>\n<p data-start=\"5076\" data-end=\"5117\">NEXA Ultra 50K je ur\u010den\u00e1 pre:<\/p>\n<p data-start=\"5119\" data-end=\"5449\">P\u00e1li\u010dov, ktor\u00ed klad\u00fa d\u00f4raz na intenz\u00edvny chu\u0165ov\u00fd z\u00e1\u017eitok.<br data-start=\"5193\" data-end=\"5196\" \/>Dlhodob\u00fdch pou\u017e\u00edvate\u013eov, ktor\u00ed preferuj\u00fa vysok\u00fa kapacitu na potiahnutie.<br data-start=\"5262\" data-end=\"5265\" \/>Za\u010diato\u010dn\u00edkov, ktor\u00ed h\u013eadaj\u00fa jednoduch\u00fa a kvalitn\u00fa jednorazov\u00fa e-cigaretu.<br data-start=\"5349\" data-end=\"5352\" \/>Predajcov, ktor\u00ed chc\u00fa svojim z\u00e1kazn\u00edkom pon\u00faknu\u0165 pr\u00e9miov\u00fd jednorazov\u00fd vaporiz\u00e9r s vysokou dopytom.<\/p>\n<h3>Pr\u00e9miov\u00fd jednorazov\u00fd vaporiz\u00e9r najvy\u0161\u0161ej triedy<\/h3>\n<p data-start=\"5514\" data-end=\"5769\">NEXA Ultra 50K Blue Razz Ice Edition kombinuje v\u00fdkonn\u00fa technol\u00f3giu, premyslen\u00fd dizajn a vynikaj\u00facu chu\u0165. Je jednou z najpokro\u010dilej\u0161\u00edch jednorazov\u00fdch e cigariet na trhu a pon\u00faka nasledovn\u00e9 v\u00fdhody:<\/p>\n<p data-start=\"5771\" data-end=\"6055\">A\u017e 50 000 \u0165ahmi s technol\u00f3giou Dual-Mode<br data-start=\"5821\" data-end=\"5824\" \/>Intenz\u00edvna chu\u0165 Blue Razz Ice \u2013 ovocn\u00e1 a osvie\u017euj\u00faca<br data-start=\"5893\" data-end=\"5896\" \/>Opakovane nab\u00edjate\u013en\u00e1 bat\u00e9ria 800 mAh s USB-C<br data-start=\"5942\" data-end=\"5945\" \/>Prieh\u013eadn\u00e1 kry\u0161t\u00e1lov\u00e1 n\u00e1dr\u017e na jasn\u00fd vizu\u00e1l tekutiny<br data-start=\"6001\" data-end=\"6004\" \/>3D zakriven\u00fd displej so v\u0161etk\u00fdmi d\u00f4le\u017eit\u00fdmi inform\u00e1ciami<\/p>\n<p data-start=\"6057\" data-end=\"6182\" data-is-last-node=\"\" data-is-only-node=\"\">Pre v\u0161etk\u00fdch, ktor\u00ed h\u013eadaj\u00fa prvotriedny z\u00e1\u017eitok z vapovania, je NEXA Ultra 50K Blue Razz Ice jasnou vo\u013ebou na k\u00fapu!<\/p>","protected":false},"excerpt":{"rendered":"<p>NEXA Ultra 50K Puff Einweg E-Zigarette Blue Razz Ice Edition Die NEXA Ultra 50K definiert den Standard f\u00fcr Einweg-E-Zigaretten neu und kombiniert hohe Leistung, innovatives&#8230;<\/p>","protected":false},"featured_media":5710,"template":"","meta":[],"etheme_brands":[],"product_brand":[],"product_cat":[67,49,61],"product_tag":[],"class_list":{"0":"post-5727","1":"product","2":"type-product","3":"status-publish","4":"has-post-thumbnail","6":"product_cat-50k-vape","7":"product_cat-einweg-e-zigarette","8":"product_cat-f","10":"first","11":"outofstock","12":"shipping-taxable","13":"purchasable","14":"product-type-variable"},"yoast_head":"<!-- This site is optimized with the Yoast SEO plugin v26.5 - https:\/\/yoast.com\/wordpress\/plugins\/seo\/ -->\n<title>Cooles E-Zigaretten-Erlebnis NEXA Ultra 50K Eine reichhaltige Mischung aus s\u00fc\u00dfer Blaubeere und erfrischendem Eisgeschmack | Vapingnet.de<\/title>\n<meta name=\"description\" content=\"NEXA Ultra 50K Ein intensiver Mix aus s\u00fc\u00dfen blauen Himbeeren und erfrischender Eisnote f\u00fcr ein angenehm k\u00fchles Dampferlebnis!\" \/>\n<meta name=\"robots\" content=\"index, follow, max-snippet:-1, max-image-preview:large, max-video-preview:-1\" \/>\n<link rel=\"canonical\" href=\"https:\/\/vapingnet.de\/sk\/vape\/cooles-e-zigaretten-erlebnis-nexa-ultra-50k-eine-reichhaltige-mischung-aus-suesser-blaubeere-und-erfrischendem-eisgeschmack\/\" \/>\n<meta property=\"og:locale\" content=\"sk_SK\" \/>\n<meta property=\"og:type\" content=\"article\" \/>\n<meta property=\"og:title\" content=\"Cooles E-Zigaretten-Erlebnis NEXA Ultra 50K Eine reichhaltige Mischung aus s\u00fc\u00dfer Blaubeere und erfrischendem Eisgeschmack | Vapingnet.de\" \/>\n<meta property=\"og:description\" content=\"NEXA Ultra 50K Ein intensiver Mix aus s\u00fc\u00dfen blauen Himbeeren und erfrischender Eisnote f\u00fcr ein angenehm k\u00fchles Dampferlebnis!\" \/>\n<meta property=\"og:url\" content=\"https:\/\/vapingnet.de\/sk\/vape\/cooles-e-zigaretten-erlebnis-nexa-ultra-50k-eine-reichhaltige-mischung-aus-suesser-blaubeere-und-erfrischendem-eisgeschmack\/\" \/>\n<meta property=\"og:site_name\" content=\"Vapingnet.de\" \/>\n<meta property=\"article:publisher\" content=\"https:\/\/www.facebook.com\/vapingnetde\/\" \/>\n<meta property=\"article:modified_time\" content=\"2026-04-14T06:41:05+00:00\" \/>\n<meta property=\"og:image\" content=\"https:\/\/vapingnet.de\/wp-content\/uploads\/2025\/03\/50K_BLUE_RAZZ_ICE-1.png\" \/>\n\t<meta property=\"og:image:width\" content=\"1000\" \/>\n\t<meta property=\"og:image:height\" content=\"1000\" \/>\n\t<meta property=\"og:image:type\" content=\"image\/png\" \/>\n<meta name=\"twitter:card\" content=\"summary_large_image\" \/>\n<meta name=\"twitter:label1\" content=\"Est. reading time\" \/>\n\t<meta name=\"twitter:data1\" content=\"5 minutes\" \/>\n<script type=\"application\/ld+json\" class=\"yoast-schema-graph\">{\"@context\":\"https:\/\/schema.org\",\"@graph\":[{\"@type\":\"WebPage\",\"@id\":\"https:\/\/vapingnet.de\/vape\/cooles-e-zigaretten-erlebnis-nexa-ultra-50k-eine-reichhaltige-mischung-aus-suesser-blaubeere-und-erfrischendem-eisgeschmack\/\",\"url\":\"https:\/\/vapingnet.de\/vape\/cooles-e-zigaretten-erlebnis-nexa-ultra-50k-eine-reichhaltige-mischung-aus-suesser-blaubeere-und-erfrischendem-eisgeschmack\/\",\"name\":\"Cooles E-Zigaretten-Erlebnis NEXA Ultra 50K Eine reichhaltige Mischung aus s\u00fc\u00dfer Blaubeere und erfrischendem Eisgeschmack | Vapingnet.de\",\"isPartOf\":{\"@id\":\"https:\/\/vapingnet.de\/#website\"},\"primaryImageOfPage\":{\"@id\":\"https:\/\/vapingnet.de\/vape\/cooles-e-zigaretten-erlebnis-nexa-ultra-50k-eine-reichhaltige-mischung-aus-suesser-blaubeere-und-erfrischendem-eisgeschmack\/#primaryimage\"},\"image\":{\"@id\":\"https:\/\/vapingnet.de\/vape\/cooles-e-zigaretten-erlebnis-nexa-ultra-50k-eine-reichhaltige-mischung-aus-suesser-blaubeere-und-erfrischendem-eisgeschmack\/#primaryimage\"},\"thumbnailUrl\":\"https:\/\/vapingnet.de\/wp-content\/uploads\/2025\/03\/50K_BLUE_RAZZ_ICE-1.png\",\"datePublished\":\"2025-03-19T05:38:06+00:00\",\"dateModified\":\"2026-04-14T06:41:05+00:00\",\"description\":\"NEXA Ultra 50K Ein intensiver Mix aus s\u00fc\u00dfen blauen Himbeeren und erfrischender Eisnote f\u00fcr ein angenehm k\u00fchles Dampferlebnis!\",\"breadcrumb\":{\"@id\":\"https:\/\/vapingnet.de\/vape\/cooles-e-zigaretten-erlebnis-nexa-ultra-50k-eine-reichhaltige-mischung-aus-suesser-blaubeere-und-erfrischendem-eisgeschmack\/#breadcrumb\"},\"inLanguage\":\"sk-SK\",\"potentialAction\":[{\"@type\":\"ReadAction\",\"target\":[\"https:\/\/vapingnet.de\/vape\/cooles-e-zigaretten-erlebnis-nexa-ultra-50k-eine-reichhaltige-mischung-aus-suesser-blaubeere-und-erfrischendem-eisgeschmack\/\"]}]},{\"@type\":\"ImageObject\",\"inLanguage\":\"sk-SK\",\"@id\":\"https:\/\/vapingnet.de\/vape\/cooles-e-zigaretten-erlebnis-nexa-ultra-50k-eine-reichhaltige-mischung-aus-suesser-blaubeere-und-erfrischendem-eisgeschmack\/#primaryimage\",\"url\":\"https:\/\/vapingnet.de\/wp-content\/uploads\/2025\/03\/50K_BLUE_RAZZ_ICE-1.png\",\"contentUrl\":\"https:\/\/vapingnet.de\/wp-content\/uploads\/2025\/03\/50K_BLUE_RAZZ_ICE-1.png\",\"width\":1000,\"height\":1000},{\"@type\":\"BreadcrumbList\",\"@id\":\"https:\/\/vapingnet.de\/vape\/cooles-e-zigaretten-erlebnis-nexa-ultra-50k-eine-reichhaltige-mischung-aus-suesser-blaubeere-und-erfrischendem-eisgeschmack\/#breadcrumb\",\"itemListElement\":[{\"@type\":\"ListItem\",\"position\":1,\"name\":\"Home\",\"item\":\"https:\/\/vapingnet.de\/\"},{\"@type\":\"ListItem\",\"position\":2,\"name\":\"Shop\",\"item\":\"https:\/\/vapingnet.de\/vape\/\"},{\"@type\":\"ListItem\",\"position\":3,\"name\":\"Cooles E-Zigaretten-Erlebnis NEXA Ultra 50K Eine reichhaltige Mischung aus s\u00fc\u00dfer Blaubeere und erfrischendem Eisgeschmack\"}]},{\"@type\":\"WebSite\",\"@id\":\"https:\/\/vapingnet.de\/#website\",\"url\":\"https:\/\/vapingnet.de\/\",\"name\":\"Vapingnet.de\",\"description\":\"\",\"publisher\":{\"@id\":\"https:\/\/vapingnet.de\/#organization\"},\"potentialAction\":[{\"@type\":\"SearchAction\",\"target\":{\"@type\":\"EntryPoint\",\"urlTemplate\":\"https:\/\/vapingnet.de\/?s={search_term_string}\"},\"query-input\":{\"@type\":\"PropertyValueSpecification\",\"valueRequired\":true,\"valueName\":\"search_term_string\"}}],\"inLanguage\":\"sk-SK\"},{\"@type\":\"Organization\",\"@id\":\"https:\/\/vapingnet.de\/#organization\",\"name\":\"Vapingnet.de\",\"url\":\"https:\/\/vapingnet.de\/\",\"logo\":{\"@type\":\"ImageObject\",\"inLanguage\":\"sk-SK\",\"@id\":\"https:\/\/vapingnet.de\/#\/schema\/logo\/image\/\",\"url\":\"https:\/\/vapingnet.de\/wp-content\/uploads\/2025\/03\/cropped-vapingnet.de_.jpg\",\"contentUrl\":\"https:\/\/vapingnet.de\/wp-content\/uploads\/2025\/03\/cropped-vapingnet.de_.jpg\",\"width\":512,\"height\":512,\"caption\":\"Vapingnet.de\"},\"image\":{\"@id\":\"https:\/\/vapingnet.de\/#\/schema\/logo\/image\/\"},\"sameAs\":[\"https:\/\/www.facebook.com\/vapingnetde\/\"]}]}<\/script>\n<!-- \/ Yoast SEO plugin. -->","yoast_head_json":{"title":"Cooles E-Zigaretten-Erlebnis NEXA Ultra 50K Eine reichhaltige Mischung aus s\u00fc\u00dfer Blaubeere und erfrischendem Eisgeschmack | Vapingnet.de","description":"NEXA Ultra 50K Ein intensiver Mix aus s\u00fc\u00dfen blauen Himbeeren und erfrischender Eisnote f\u00fcr ein angenehm k\u00fchles Dampferlebnis!","robots":{"index":"index","follow":"follow","max-snippet":"max-snippet:-1","max-image-preview":"max-image-preview:large","max-video-preview":"max-video-preview:-1"},"canonical":"https:\/\/vapingnet.de\/sk\/vape\/cooles-e-zigaretten-erlebnis-nexa-ultra-50k-eine-reichhaltige-mischung-aus-suesser-blaubeere-und-erfrischendem-eisgeschmack\/","og_locale":"sk_SK","og_type":"article","og_title":"Cooles E-Zigaretten-Erlebnis NEXA Ultra 50K Eine reichhaltige Mischung aus s\u00fc\u00dfer Blaubeere und erfrischendem Eisgeschmack | Vapingnet.de","og_description":"NEXA Ultra 50K Ein intensiver Mix aus s\u00fc\u00dfen blauen Himbeeren und erfrischender Eisnote f\u00fcr ein angenehm k\u00fchles Dampferlebnis!","og_url":"https:\/\/vapingnet.de\/sk\/vape\/cooles-e-zigaretten-erlebnis-nexa-ultra-50k-eine-reichhaltige-mischung-aus-suesser-blaubeere-und-erfrischendem-eisgeschmack\/","og_site_name":"Vapingnet.de","article_publisher":"https:\/\/www.facebook.com\/vapingnetde\/","article_modified_time":"2026-04-14T06:41:05+00:00","og_image":[{"width":1000,"height":1000,"url":"https:\/\/vapingnet.de\/wp-content\/uploads\/2025\/03\/50K_BLUE_RAZZ_ICE-1.png","type":"image\/png"}],"twitter_card":"summary_large_image","twitter_misc":{"Est. reading time":"5 minutes"},"schema":{"@context":"https:\/\/schema.org","@graph":[{"@type":"WebPage","@id":"https:\/\/vapingnet.de\/vape\/cooles-e-zigaretten-erlebnis-nexa-ultra-50k-eine-reichhaltige-mischung-aus-suesser-blaubeere-und-erfrischendem-eisgeschmack\/","url":"https:\/\/vapingnet.de\/vape\/cooles-e-zigaretten-erlebnis-nexa-ultra-50k-eine-reichhaltige-mischung-aus-suesser-blaubeere-und-erfrischendem-eisgeschmack\/","name":"Cooles E-Zigaretten-Erlebnis NEXA Ultra 50K Eine reichhaltige Mischung aus s\u00fc\u00dfer Blaubeere und erfrischendem Eisgeschmack | Vapingnet.de","isPartOf":{"@id":"https:\/\/vapingnet.de\/#website"},"primaryImageOfPage":{"@id":"https:\/\/vapingnet.de\/vape\/cooles-e-zigaretten-erlebnis-nexa-ultra-50k-eine-reichhaltige-mischung-aus-suesser-blaubeere-und-erfrischendem-eisgeschmack\/#primaryimage"},"image":{"@id":"https:\/\/vapingnet.de\/vape\/cooles-e-zigaretten-erlebnis-nexa-ultra-50k-eine-reichhaltige-mischung-aus-suesser-blaubeere-und-erfrischendem-eisgeschmack\/#primaryimage"},"thumbnailUrl":"https:\/\/vapingnet.de\/wp-content\/uploads\/2025\/03\/50K_BLUE_RAZZ_ICE-1.png","datePublished":"2025-03-19T05:38:06+00:00","dateModified":"2026-04-14T06:41:05+00:00","description":"NEXA Ultra 50K Ein intensiver Mix aus s\u00fc\u00dfen blauen Himbeeren und erfrischender Eisnote f\u00fcr ein angenehm k\u00fchles Dampferlebnis!","breadcrumb":{"@id":"https:\/\/vapingnet.de\/vape\/cooles-e-zigaretten-erlebnis-nexa-ultra-50k-eine-reichhaltige-mischung-aus-suesser-blaubeere-und-erfrischendem-eisgeschmack\/#breadcrumb"},"inLanguage":"sk-SK","potentialAction":[{"@type":"ReadAction","target":["https:\/\/vapingnet.de\/vape\/cooles-e-zigaretten-erlebnis-nexa-ultra-50k-eine-reichhaltige-mischung-aus-suesser-blaubeere-und-erfrischendem-eisgeschmack\/"]}]},{"@type":"ImageObject","inLanguage":"sk-SK","@id":"https:\/\/vapingnet.de\/vape\/cooles-e-zigaretten-erlebnis-nexa-ultra-50k-eine-reichhaltige-mischung-aus-suesser-blaubeere-und-erfrischendem-eisgeschmack\/#primaryimage","url":"https:\/\/vapingnet.de\/wp-content\/uploads\/2025\/03\/50K_BLUE_RAZZ_ICE-1.png","contentUrl":"https:\/\/vapingnet.de\/wp-content\/uploads\/2025\/03\/50K_BLUE_RAZZ_ICE-1.png","width":1000,"height":1000},{"@type":"BreadcrumbList","@id":"https:\/\/vapingnet.de\/vape\/cooles-e-zigaretten-erlebnis-nexa-ultra-50k-eine-reichhaltige-mischung-aus-suesser-blaubeere-und-erfrischendem-eisgeschmack\/#breadcrumb","itemListElement":[{"@type":"ListItem","position":1,"name":"Home","item":"https:\/\/vapingnet.de\/"},{"@type":"ListItem","position":2,"name":"Shop","item":"https:\/\/vapingnet.de\/vape\/"},{"@type":"ListItem","position":3,"name":"Cooles E-Zigaretten-Erlebnis NEXA Ultra 50K Eine reichhaltige Mischung aus s\u00fc\u00dfer Blaubeere und erfrischendem Eisgeschmack"}]},{"@type":"WebSite","@id":"https:\/\/vapingnet.de\/#website","url":"https:\/\/vapingnet.de\/","name":"Vapingnet.de","description":"","publisher":{"@id":"https:\/\/vapingnet.de\/#organization"},"potentialAction":[{"@type":"SearchAction","target":{"@type":"EntryPoint","urlTemplate":"https:\/\/vapingnet.de\/?s={search_term_string}"},"query-input":{"@type":"PropertyValueSpecification","valueRequired":true,"valueName":"search_term_string"}}],"inLanguage":"sk-SK"},{"@type":"Organization","@id":"https:\/\/vapingnet.de\/#organization","name":"Vapingnet.de","url":"https:\/\/vapingnet.de\/","logo":{"@type":"ImageObject","inLanguage":"sk-SK","@id":"https:\/\/vapingnet.de\/#\/schema\/logo\/image\/","url":"https:\/\/vapingnet.de\/wp-content\/uploads\/2025\/03\/cropped-vapingnet.de_.jpg","contentUrl":"https:\/\/vapingnet.de\/wp-content\/uploads\/2025\/03\/cropped-vapingnet.de_.jpg","width":512,"height":512,"caption":"Vapingnet.de"},"image":{"@id":"https:\/\/vapingnet.de\/#\/schema\/logo\/image\/"},"sameAs":["https:\/\/www.facebook.com\/vapingnetde\/"]}]}},"tiered_pricing_type":"fixed","tiered_pricing_fixed_rules":[],"tiered_pricing_product_settings":{"layout":"default","base_unit_name":{"singular":null,"plural":null},"default_variation":null},"tiered_pricing_minimum_quantity":null,"tiered_pricing_roles_data":[],"tiered_pricing_percentage_rules":[],"_links":{"self":[{"href":"https:\/\/vapingnet.de\/sk\/wp-json\/wp\/v2\/product\/5727","targetHints":{"allow":["GET"]}}],"collection":[{"href":"https:\/\/vapingnet.de\/sk\/wp-json\/wp\/v2\/product"}],"about":[{"href":"https:\/\/vapingnet.de\/sk\/wp-json\/wp\/v2\/types\/product"}],"version-history":[{"count":1,"href":"https:\/\/vapingnet.de\/sk\/wp-json\/wp\/v2\/product\/5727\/revisions"}],"predecessor-version":[{"id":5755,"href":"https:\/\/vapingnet.de\/sk\/wp-json\/wp\/v2\/product\/5727\/revisions\/5755"}],"wp:featuredmedia":[{"embeddable":true,"href":"https:\/\/vapingnet.de\/sk\/wp-json\/wp\/v2\/media\/5710"}],"wp:attachment":[{"href":"https:\/\/vapingnet.de\/sk\/wp-json\/wp\/v2\/media?parent=5727"}],"wp:term":[{"taxonomy":"brand","embeddable":true,"href":"https:\/\/vapingnet.de\/sk\/wp-json\/wp\/v2\/etheme_brands?post=5727"},{"taxonomy":"product_brand","embeddable":true,"href":"https:\/\/vapingnet.de\/sk\/wp-json\/wp\/v2\/product_brand?post=5727"},{"taxonomy":"product_cat","embeddable":true,"href":"https:\/\/vapingnet.de\/sk\/wp-json\/wp\/v2\/product_cat?post=5727"},{"taxonomy":"product_tag","embeddable":true,"href":"https:\/\/vapingnet.de\/sk\/wp-json\/wp\/v2\/product_tag?post=5727"}],"curies":[{"name":"wp","href":"https:\/\/api.w.org\/{rel}","templated":true}]}}