{"id":5729,"date":"2025-03-19T05:38:08","date_gmt":"2025-03-19T05:38:08","guid":{"rendered":"https:\/\/vapingnet.de\/?post_type=product&#038;p=5729"},"modified":"2025-06-19T03:37:14","modified_gmt":"2025-06-19T03:37:14","slug":"nexa-ultra-50k-hat-die-erfrischende-suesse-saftiger-blaubeeren-und-frischer-wassermelone","status":"publish","type":"product","link":"https:\/\/vapingnet.de\/sk\/vape\/nexa-ultra-50k-hat-die-erfrischende-suesse-saftiger-blaubeeren-und-frischer-wassermelone\/","title":{"rendered":"NEXA Ultra 50K m\u00e1 osvie\u017euj\u00facu sladkos\u0165 \u0161\u0165avnat\u00fdch \u010du\u010doriedok a \u010derstvej vodnej mel\u00f3nu"},"content":{"rendered":"<h2 data-start=\"0\" data-end=\"77\">NEXA Ultra 50K Puff Jednor\u00e1zov\u00e1 e-cigareta \u2013 Ed\u00edcia Blueberry Watermelon<\/h2>\n<p data-start=\"79\" data-end=\"319\">NEXA Ultra 50K je jednou z najpokro\u010dilej\u0161\u00edch <strong><a href=\"https:\/\/vapingnet.de\/sk\/k\/einweg-e-zigarette\/\">Jednorazov\u00e9 e-cigaretky<\/a><\/strong> na trhu. S kapacitou a\u017e <strong><a href=\"https:\/\/vapingnet.de\/sk\/k\/50k-vape\/\">50k vape<\/a><\/strong>, 800-mAh bat\u00e9riou s r\u00fdchlym nab\u00edjan\u00edm USB-C a prieh\u013eadnou 20 ml kry\u0161t\u00e1lovou n\u00e1dr\u017ekou nastavuje nov\u00e9 \u0161tandardy.<\/p>\n<p data-start=\"321\" data-end=\"532\">Pr\u00edchu\u0165 Blueberry Watermelon kombinuje ovocn\u00fa sladkos\u0165 zrel\u00fdch \u010du\u010doriedok s \u0161\u0165avnatou svie\u017eos\u0165ou vodnej mel\u00f3nu \u2013 ide\u00e1lna pre dlh\u00e9, osvie\u017euj\u00face vapovanie.<\/p>\n<h3 data-start=\"541\" data-end=\"579\">FAQ \u2013 \u010casto kladen\u00e9 ot\u00e1zky<\/h3>\n<h4 data-start=\"581\" data-end=\"633\">1. \u010co rob\u00ed NEXA Ultra 50K v\u00fdnimo\u010dnou?<\/h4>\n<p data-start=\"634\" data-end=\"736\">T\u00e1 <strong><a href=\"https:\/\/vapingnet.de\/sk\/nexa-ultra-50000-puffs\/\">NEXA Ultra 50K pufy<\/a><\/strong> odli\u0161uje sa nieko\u013ek\u00fdmi pr\u00e9miov\u00fdmi funkciami od in\u00fdch jednor\u00e1zov\u00fdch e-cigariet:<\/p>\n<ul data-start=\"738\" data-end=\"1165\">\n<li data-start=\"738\" data-end=\"796\">A\u017e 50 000 \u0165ahov pre mimoriadne dlh\u00fa \u017eivotnos\u0165<\/li>\n<li data-start=\"797\" data-end=\"948\">Dvojm\u00f3dov\u00e1 technol\u00f3gia:\n<ul data-start=\"826\" data-end=\"948\">\n<li data-start=\"826\" data-end=\"883\">Norm\u00e1lny re\u017eim (50K \u0165ahov) pre dlh\u0161iu v\u00fddr\u017e<\/li>\n<li data-start=\"886\" data-end=\"948\">Turbo re\u017eim (30K \u0165ahov) pre intenz\u00edvnej\u0161\u00ed dym a chu\u0165<\/li>\n<\/ul>\n<\/li>\n<li data-start=\"949\" data-end=\"1018\">R\u00fdchle nab\u00edjanie USB-C pre r\u00fdchle a efekt\u00edvne nap\u00e1janie<\/li>\n<li data-start=\"1019\" data-end=\"1088\">3D zakriven\u00fd displej s ukazovate\u013eom bat\u00e9rie, hladiny n\u00e1plne a re\u017eimu<\/li>\n<li data-start=\"1089\" data-end=\"1165\">Prieh\u013eadn\u00e1 kry\u0161t\u00e1lov\u00e1 n\u00e1dr\u017eka \u2013 v\u017edy vidie\u0165 hladinu n\u00e1plne<\/li>\n<\/ul>\n<h4 data-start=\"1174\" data-end=\"1240\">2. Ako chut\u00ed NEXA Ultra 50K Blueberry Watermelon?<\/h4>\n<p data-start=\"1241\" data-end=\"1313\">T\u00e1to pr\u00edchu\u0165 pon\u00faka intenz\u00edvnu a vyv\u00e1\u017een\u00fa ar\u00f3mu:<\/p>\n<ul data-start=\"1315\" data-end=\"1519\">\n<li data-start=\"1315\" data-end=\"1375\">Sladk\u00e9, \u0161\u0165avnat\u00e9 \u010du\u010doriedky zabezpe\u010duj\u00fa ovocn\u00fa h\u013abku<\/li>\n<li data-start=\"1376\" data-end=\"1443\">Osvie\u017eaj\u00faci vodn\u00fd mel\u00f3n prid\u00e1va letn\u00fa \u013eahkos\u0165<\/li>\n<li data-start=\"1444\" data-end=\"1519\">Perfektne vyv\u00e1\u017een\u00e9 pre pr\u00edjemn\u00fd, dlhotrvaj\u00faci z\u00e1\u017eitok z vapovania<\/li>\n<\/ul>\n<p data-start=\"1521\" data-end=\"1609\">T\u00e1to kombin\u00e1cia ju rob\u00ed ide\u00e1lnou pre v\u0161etk\u00fdch, ktor\u00ed miluj\u00fa ovocn\u00e9 a osvie\u017euj\u00face ar\u00f3my.<\/p>\n<h4 data-start=\"1618\" data-end=\"1669\">3. Ako funguje syst\u00e9m Dual-Mode?<\/h4>\n<p data-start=\"1670\" data-end=\"1717\">NEXA Ultra 50K pon\u00faka dva re\u017eimy v\u00fdkonu:<\/p>\n<ul data-start=\"1719\" data-end=\"1884\">\n<li data-start=\"1719\" data-end=\"1802\">Norm\u00e1lny re\u017eim (50K \u0165ahov) \u2013 pre dlh\u0161iu \u017eivotnos\u0165 a rovnomern\u00fd parn\u00fd v\u00fdkon<\/li>\n<li data-start=\"1803\" data-end=\"1884\">Turbo re\u017eim (30K \u0165ahov) \u2013 produkuje hustej\u0161\u00ed par a intenz\u00edvnej\u0161iu chu\u0165<\/li>\n<\/ul>\n<p data-start=\"1886\" data-end=\"1966\">V\u010faka tejto flexibilite si m\u00f4\u017eu pou\u017e\u00edvatelia prisp\u00f4sobi\u0165 svoj z\u00e1\u017eitok z vapovania pod\u013ea seba.<\/p>\n<h4 data-start=\"1975\" data-end=\"2036\">4. Ako dlho vydr\u017e\u00ed bat\u00e9ria a ako sa nab\u00edja?<\/h4>\n<ul data-start=\"2037\" data-end=\"2259\">\n<li data-start=\"2037\" data-end=\"2090\">Bat\u00e9ria 800 mAh \u2013 navrhnut\u00e1 pre dlh\u00fa v\u00fddr\u017e<\/li>\n<li data-start=\"2091\" data-end=\"2159\">R\u00fdchle nab\u00edjanie cez USB-C \u2013 umo\u017e\u0148uje r\u00fdchle a pohodln\u00e9 nab\u00edjanie<\/li>\n<li data-start=\"2160\" data-end=\"2259\">Indik\u00e1tor stavu bat\u00e9rie na displeji zabezpe\u010duje, \u017ee m\u00e1te v\u017edy preh\u013ead o stave nabitia<\/li>\n<\/ul>\n<p data-start=\"2261\" data-end=\"2314\">\u017diadne otravn\u00e9 \u010dakanie alebo n\u00e1hle v\u00fdpadky.<\/p>\n<h4 data-start=\"2323\" data-end=\"2377\">5. \u010co prin\u00e1\u0161a prieh\u013eadn\u00e1 kry\u0161t\u00e1lov\u00e1 n\u00e1dr\u017e?<\/h4>\n<p data-start=\"2378\" data-end=\"2518\">Mnoh\u00e9 jednorazov\u00e9 vaporiz\u00e9ry maj\u00fa uzavret\u00e9 n\u00e1dr\u017ee, tak\u017ee pou\u017e\u00edvatelia nem\u00f4\u017eu vidie\u0165 hladinu tekutiny. Kry\u0161t\u00e1lov\u00e1 n\u00e1dr\u017e NEXA Ultra 50K pon\u00faka:<\/p>\n<ul data-start=\"2520\" data-end=\"2668\">\n<li data-start=\"2520\" data-end=\"2555\">Modern\u00fd dizajn s elegantn\u00fdm vzh\u013eadom<\/li>\n<li data-start=\"2556\" data-end=\"2623\">St\u00e1la kontrola hladiny tekutiny \u2013 \u017eiadne prekvapenia<\/li>\n<li data-start=\"2624\" data-end=\"2668\">Jednoduch\u0161ie sledovanie spotreby<\/li>\n<\/ul>\n<p data-start=\"2670\" data-end=\"2733\">T\u00e1to inov\u00e1cia v\u00fdrazne zvy\u0161uje pou\u017e\u00edvate\u013esk\u00fa priate\u013enos\u0165.<\/p>\n<h4 data-start=\"2742\" data-end=\"2816\">6. Pre koho je vhodn\u00fd NEXA Ultra 50K Blueberry Watermelon?<\/h4>\n<ul data-start=\"2817\" data-end=\"3084\">\n<li data-start=\"2817\" data-end=\"2880\">Vaping nad\u0161enci, ktor\u00ed miluj\u00fa ovocn\u00e9 a osvie\u017euj\u00face ar\u00f3my<\/li>\n<li data-start=\"2881\" data-end=\"2937\">Vaping s vysokou kapacitou na \u0165ahy<\/li>\n<li data-start=\"2938\" data-end=\"3011\">Za\u010diato\u010dn\u00edci, ktor\u00ed h\u013eadaj\u00fa jednoduch\u00fd a v\u00fdkonn\u00fd jednorazov\u00fd vaporiz\u00e9r<\/li>\n<li data-start=\"3012\" data-end=\"3084\">Obchodn\u00edci, ktor\u00ed chc\u00fa pon\u00faknu\u0165 pr\u00e9miov\u00fd produkt s vysokou dopytovos\u0165ou<\/li>\n<\/ul>\n<h4 data-start=\"3093\" data-end=\"3151\">7. Ak\u00e9 v\u00fdhody pon\u00faka 3D zakriven\u00fd displej?<\/h4>\n<ul data-start=\"3152\" data-end=\"3355\">\n<li data-start=\"3152\" data-end=\"3220\">Indik\u00e1tor stavu bat\u00e9rie \u2013 Ukazuje, kedy je potrebn\u00e9 nab\u00edjanie<\/li>\n<li data-start=\"3221\" data-end=\"3281\">Indik\u00e1tor hladiny kvapaliny \u2013 Zabr\u00e1ni ne\u010dakan\u00e9mu vypr\u00e1zdneniu<\/li>\n<li data-start=\"3282\" data-end=\"3355\">Indik\u00e1tor re\u017eimu nap\u00e1jania \u2013 Ukazuje, \u010di je akt\u00edvny norm\u00e1lny alebo turbo re\u017eim<\/li>\n<\/ul>\n<p data-start=\"3357\" data-end=\"3436\">Tieto funkcie robia pou\u017e\u00edvanie NEXA Ultra 50K mimoriadne pohodln\u00fdm.<\/p>\n<h3>Stoj\u00ed za to NEXA Ultra 50K Blueberry Watermelon?<\/h3>\n<p data-start=\"3518\" data-end=\"3568\">Ur\u010dite. NEXA Ultra 50K presved\u010d\u00ed svojimi:<\/p>\n<ul data-start=\"3570\" data-end=\"3839\">\n<li data-start=\"3570\" data-end=\"3618\">A\u017e 50 000 \u0165ahmi s technol\u00f3giou Dual-Mode<\/li>\n<li data-start=\"3619\" data-end=\"3684\">Intenz\u00edvna, ovocn\u00e1 chu\u0165 s \u010du\u010doriedkami a vodnou mel\u00f3nom<\/li>\n<li data-start=\"3685\" data-end=\"3741\">R\u00fdchle nab\u00edjanie cez USB-C pre nep\u0159eru\u0161ovan\u00e9 vapovanie<\/li>\n<li data-start=\"3742\" data-end=\"3790\">Prieh\u013eadn\u00e1 n\u00e1dr\u017e na 20 ml pre \u00fapln\u00fa kontrolu<\/li>\n<li data-start=\"3791\" data-end=\"3839\">3D displej so v\u0161etk\u00fdmi d\u00f4le\u017eit\u00fdmi inform\u00e1ciami<\/li>\n<\/ul>\n<p data-start=\"3841\" data-end=\"4002\" data-is-last-node=\"\" data-is-only-node=\"\">Ak h\u013ead\u00e1te v\u00fdkonn\u00fa, chu\u0165ovo bohat\u00fa a inovat\u00edvnu jednorazov\u00fa vapov\u00fa zariadenie, s NEXA Ultra 50K Blueberry Watermelon Edition urob\u00edte spr\u00e1vnu vo\u013ebu.<\/p>","protected":false},"excerpt":{"rendered":"<p>NEXA Ultra 50K Puff Einweg E-Zigarette \u2013 Blueberry Watermelon Edition Die NEXA Ultra 50K ist eine der fortschrittlichsten Einweg-E-Zigaretten auf dem Markt. Mit bis zu&#8230;<\/p>","protected":false},"featured_media":5711,"template":"","meta":[],"etheme_brands":[],"product_brand":[],"product_cat":[67,49,61],"product_tag":[],"class_list":{"0":"post-5729","1":"product","2":"type-product","3":"status-publish","4":"has-post-thumbnail","6":"product_cat-50k-vape","7":"product_cat-einweg-e-zigarette","8":"product_cat-f","10":"first","11":"instock","12":"shipping-taxable","13":"purchasable","14":"product-type-variable"},"yoast_head":"<!-- This site is optimized with the Yoast SEO plugin v26.5 - https:\/\/yoast.com\/wordpress\/plugins\/seo\/ -->\n<title>NEXA Ultra 50K hat die erfrischende S\u00fc\u00dfe saftiger Blaubeeren und frischer Wassermelone | Vapingnet.de<\/title>\n<meta name=\"description\" content=\"Die NEXA Ultra 50K bietet bis zu 50000 Z\u00fcge mit dem erfrischend s\u00fc\u00dfen Geschmack von saftigen Blaubeeren und frischer Wassermelone.\" \/>\n<meta name=\"robots\" content=\"index, follow, max-snippet:-1, max-image-preview:large, max-video-preview:-1\" \/>\n<link rel=\"canonical\" href=\"https:\/\/vapingnet.de\/sk\/vape\/nexa-ultra-50k-hat-die-erfrischende-suesse-saftiger-blaubeeren-und-frischer-wassermelone\/\" \/>\n<meta property=\"og:locale\" content=\"sk_SK\" \/>\n<meta property=\"og:type\" content=\"article\" \/>\n<meta property=\"og:title\" content=\"NEXA Ultra 50K hat die erfrischende S\u00fc\u00dfe saftiger Blaubeeren und frischer Wassermelone | Vapingnet.de\" \/>\n<meta property=\"og:description\" content=\"Die NEXA Ultra 50K bietet bis zu 50000 Z\u00fcge mit dem erfrischend s\u00fc\u00dfen Geschmack von saftigen Blaubeeren und frischer Wassermelone.\" \/>\n<meta property=\"og:url\" content=\"https:\/\/vapingnet.de\/sk\/vape\/nexa-ultra-50k-hat-die-erfrischende-suesse-saftiger-blaubeeren-und-frischer-wassermelone\/\" \/>\n<meta property=\"og:site_name\" content=\"Vapingnet.de\" \/>\n<meta property=\"article:publisher\" content=\"https:\/\/www.facebook.com\/vapingnetde\/\" \/>\n<meta property=\"article:modified_time\" content=\"2025-06-19T03:37:14+00:00\" \/>\n<meta property=\"og:image\" content=\"https:\/\/vapingnet.de\/wp-content\/uploads\/2025\/03\/50K_BLUEBERRY_WATERMELON-1.png\" \/>\n\t<meta property=\"og:image:width\" content=\"1000\" \/>\n\t<meta property=\"og:image:height\" content=\"1000\" \/>\n\t<meta property=\"og:image:type\" content=\"image\/png\" \/>\n<meta name=\"twitter:card\" content=\"summary_large_image\" \/>\n<meta name=\"twitter:label1\" content=\"Est. reading time\" \/>\n\t<meta name=\"twitter:data1\" content=\"3 minutes\" \/>\n<script type=\"application\/ld+json\" class=\"yoast-schema-graph\">{\"@context\":\"https:\/\/schema.org\",\"@graph\":[{\"@type\":\"WebPage\",\"@id\":\"https:\/\/vapingnet.de\/vape\/nexa-ultra-50k-hat-die-erfrischende-suesse-saftiger-blaubeeren-und-frischer-wassermelone\/\",\"url\":\"https:\/\/vapingnet.de\/vape\/nexa-ultra-50k-hat-die-erfrischende-suesse-saftiger-blaubeeren-und-frischer-wassermelone\/\",\"name\":\"NEXA Ultra 50K hat die erfrischende S\u00fc\u00dfe saftiger Blaubeeren und frischer Wassermelone | Vapingnet.de\",\"isPartOf\":{\"@id\":\"https:\/\/vapingnet.de\/#website\"},\"primaryImageOfPage\":{\"@id\":\"https:\/\/vapingnet.de\/vape\/nexa-ultra-50k-hat-die-erfrischende-suesse-saftiger-blaubeeren-und-frischer-wassermelone\/#primaryimage\"},\"image\":{\"@id\":\"https:\/\/vapingnet.de\/vape\/nexa-ultra-50k-hat-die-erfrischende-suesse-saftiger-blaubeeren-und-frischer-wassermelone\/#primaryimage\"},\"thumbnailUrl\":\"https:\/\/vapingnet.de\/wp-content\/uploads\/2025\/03\/50K_BLUEBERRY_WATERMELON-1.png\",\"datePublished\":\"2025-03-19T05:38:08+00:00\",\"dateModified\":\"2025-06-19T03:37:14+00:00\",\"description\":\"Die NEXA Ultra 50K bietet bis zu 50000 Z\u00fcge mit dem erfrischend s\u00fc\u00dfen Geschmack von saftigen Blaubeeren und frischer Wassermelone.\",\"breadcrumb\":{\"@id\":\"https:\/\/vapingnet.de\/vape\/nexa-ultra-50k-hat-die-erfrischende-suesse-saftiger-blaubeeren-und-frischer-wassermelone\/#breadcrumb\"},\"inLanguage\":\"sk-SK\",\"potentialAction\":[{\"@type\":\"ReadAction\",\"target\":[\"https:\/\/vapingnet.de\/vape\/nexa-ultra-50k-hat-die-erfrischende-suesse-saftiger-blaubeeren-und-frischer-wassermelone\/\"]}]},{\"@type\":\"ImageObject\",\"inLanguage\":\"sk-SK\",\"@id\":\"https:\/\/vapingnet.de\/vape\/nexa-ultra-50k-hat-die-erfrischende-suesse-saftiger-blaubeeren-und-frischer-wassermelone\/#primaryimage\",\"url\":\"https:\/\/vapingnet.de\/wp-content\/uploads\/2025\/03\/50K_BLUEBERRY_WATERMELON-1.png\",\"contentUrl\":\"https:\/\/vapingnet.de\/wp-content\/uploads\/2025\/03\/50K_BLUEBERRY_WATERMELON-1.png\",\"width\":1000,\"height\":1000},{\"@type\":\"BreadcrumbList\",\"@id\":\"https:\/\/vapingnet.de\/vape\/nexa-ultra-50k-hat-die-erfrischende-suesse-saftiger-blaubeeren-und-frischer-wassermelone\/#breadcrumb\",\"itemListElement\":[{\"@type\":\"ListItem\",\"position\":1,\"name\":\"Home\",\"item\":\"https:\/\/vapingnet.de\/\"},{\"@type\":\"ListItem\",\"position\":2,\"name\":\"Shop\",\"item\":\"https:\/\/vapingnet.de\/vape\/\"},{\"@type\":\"ListItem\",\"position\":3,\"name\":\"NEXA Ultra 50K hat die erfrischende S\u00fc\u00dfe saftiger Blaubeeren und frischer Wassermelone\"}]},{\"@type\":\"WebSite\",\"@id\":\"https:\/\/vapingnet.de\/#website\",\"url\":\"https:\/\/vapingnet.de\/\",\"name\":\"Vapingnet.de\",\"description\":\"\",\"publisher\":{\"@id\":\"https:\/\/vapingnet.de\/#organization\"},\"potentialAction\":[{\"@type\":\"SearchAction\",\"target\":{\"@type\":\"EntryPoint\",\"urlTemplate\":\"https:\/\/vapingnet.de\/?s={search_term_string}\"},\"query-input\":{\"@type\":\"PropertyValueSpecification\",\"valueRequired\":true,\"valueName\":\"search_term_string\"}}],\"inLanguage\":\"sk-SK\"},{\"@type\":\"Organization\",\"@id\":\"https:\/\/vapingnet.de\/#organization\",\"name\":\"Vapingnet.de\",\"url\":\"https:\/\/vapingnet.de\/\",\"logo\":{\"@type\":\"ImageObject\",\"inLanguage\":\"sk-SK\",\"@id\":\"https:\/\/vapingnet.de\/#\/schema\/logo\/image\/\",\"url\":\"https:\/\/vapingnet.de\/wp-content\/uploads\/2025\/03\/cropped-vapingnet.de_.jpg\",\"contentUrl\":\"https:\/\/vapingnet.de\/wp-content\/uploads\/2025\/03\/cropped-vapingnet.de_.jpg\",\"width\":512,\"height\":512,\"caption\":\"Vapingnet.de\"},\"image\":{\"@id\":\"https:\/\/vapingnet.de\/#\/schema\/logo\/image\/\"},\"sameAs\":[\"https:\/\/www.facebook.com\/vapingnetde\/\"]}]}<\/script>\n<!-- \/ Yoast SEO plugin. -->","yoast_head_json":{"title":"NEXA Ultra 50K hat die erfrischende S\u00fc\u00dfe saftiger Blaubeeren und frischer Wassermelone | Vapingnet.de","description":"Die NEXA Ultra 50K bietet bis zu 50000 Z\u00fcge mit dem erfrischend s\u00fc\u00dfen Geschmack von saftigen Blaubeeren und frischer Wassermelone.","robots":{"index":"index","follow":"follow","max-snippet":"max-snippet:-1","max-image-preview":"max-image-preview:large","max-video-preview":"max-video-preview:-1"},"canonical":"https:\/\/vapingnet.de\/sk\/vape\/nexa-ultra-50k-hat-die-erfrischende-suesse-saftiger-blaubeeren-und-frischer-wassermelone\/","og_locale":"sk_SK","og_type":"article","og_title":"NEXA Ultra 50K hat die erfrischende S\u00fc\u00dfe saftiger Blaubeeren und frischer Wassermelone | Vapingnet.de","og_description":"Die NEXA Ultra 50K bietet bis zu 50000 Z\u00fcge mit dem erfrischend s\u00fc\u00dfen Geschmack von saftigen Blaubeeren und frischer Wassermelone.","og_url":"https:\/\/vapingnet.de\/sk\/vape\/nexa-ultra-50k-hat-die-erfrischende-suesse-saftiger-blaubeeren-und-frischer-wassermelone\/","og_site_name":"Vapingnet.de","article_publisher":"https:\/\/www.facebook.com\/vapingnetde\/","article_modified_time":"2025-06-19T03:37:14+00:00","og_image":[{"width":1000,"height":1000,"url":"https:\/\/vapingnet.de\/wp-content\/uploads\/2025\/03\/50K_BLUEBERRY_WATERMELON-1.png","type":"image\/png"}],"twitter_card":"summary_large_image","twitter_misc":{"Est. reading time":"3 minutes"},"schema":{"@context":"https:\/\/schema.org","@graph":[{"@type":"WebPage","@id":"https:\/\/vapingnet.de\/vape\/nexa-ultra-50k-hat-die-erfrischende-suesse-saftiger-blaubeeren-und-frischer-wassermelone\/","url":"https:\/\/vapingnet.de\/vape\/nexa-ultra-50k-hat-die-erfrischende-suesse-saftiger-blaubeeren-und-frischer-wassermelone\/","name":"NEXA Ultra 50K hat die erfrischende S\u00fc\u00dfe saftiger Blaubeeren und frischer Wassermelone | Vapingnet.de","isPartOf":{"@id":"https:\/\/vapingnet.de\/#website"},"primaryImageOfPage":{"@id":"https:\/\/vapingnet.de\/vape\/nexa-ultra-50k-hat-die-erfrischende-suesse-saftiger-blaubeeren-und-frischer-wassermelone\/#primaryimage"},"image":{"@id":"https:\/\/vapingnet.de\/vape\/nexa-ultra-50k-hat-die-erfrischende-suesse-saftiger-blaubeeren-und-frischer-wassermelone\/#primaryimage"},"thumbnailUrl":"https:\/\/vapingnet.de\/wp-content\/uploads\/2025\/03\/50K_BLUEBERRY_WATERMELON-1.png","datePublished":"2025-03-19T05:38:08+00:00","dateModified":"2025-06-19T03:37:14+00:00","description":"Die NEXA Ultra 50K bietet bis zu 50000 Z\u00fcge mit dem erfrischend s\u00fc\u00dfen Geschmack von saftigen Blaubeeren und frischer Wassermelone.","breadcrumb":{"@id":"https:\/\/vapingnet.de\/vape\/nexa-ultra-50k-hat-die-erfrischende-suesse-saftiger-blaubeeren-und-frischer-wassermelone\/#breadcrumb"},"inLanguage":"sk-SK","potentialAction":[{"@type":"ReadAction","target":["https:\/\/vapingnet.de\/vape\/nexa-ultra-50k-hat-die-erfrischende-suesse-saftiger-blaubeeren-und-frischer-wassermelone\/"]}]},{"@type":"ImageObject","inLanguage":"sk-SK","@id":"https:\/\/vapingnet.de\/vape\/nexa-ultra-50k-hat-die-erfrischende-suesse-saftiger-blaubeeren-und-frischer-wassermelone\/#primaryimage","url":"https:\/\/vapingnet.de\/wp-content\/uploads\/2025\/03\/50K_BLUEBERRY_WATERMELON-1.png","contentUrl":"https:\/\/vapingnet.de\/wp-content\/uploads\/2025\/03\/50K_BLUEBERRY_WATERMELON-1.png","width":1000,"height":1000},{"@type":"BreadcrumbList","@id":"https:\/\/vapingnet.de\/vape\/nexa-ultra-50k-hat-die-erfrischende-suesse-saftiger-blaubeeren-und-frischer-wassermelone\/#breadcrumb","itemListElement":[{"@type":"ListItem","position":1,"name":"Home","item":"https:\/\/vapingnet.de\/"},{"@type":"ListItem","position":2,"name":"Shop","item":"https:\/\/vapingnet.de\/vape\/"},{"@type":"ListItem","position":3,"name":"NEXA Ultra 50K hat die erfrischende S\u00fc\u00dfe saftiger Blaubeeren und frischer Wassermelone"}]},{"@type":"WebSite","@id":"https:\/\/vapingnet.de\/#website","url":"https:\/\/vapingnet.de\/","name":"Vapingnet.de","description":"","publisher":{"@id":"https:\/\/vapingnet.de\/#organization"},"potentialAction":[{"@type":"SearchAction","target":{"@type":"EntryPoint","urlTemplate":"https:\/\/vapingnet.de\/?s={search_term_string}"},"query-input":{"@type":"PropertyValueSpecification","valueRequired":true,"valueName":"search_term_string"}}],"inLanguage":"sk-SK"},{"@type":"Organization","@id":"https:\/\/vapingnet.de\/#organization","name":"Vapingnet.de","url":"https:\/\/vapingnet.de\/","logo":{"@type":"ImageObject","inLanguage":"sk-SK","@id":"https:\/\/vapingnet.de\/#\/schema\/logo\/image\/","url":"https:\/\/vapingnet.de\/wp-content\/uploads\/2025\/03\/cropped-vapingnet.de_.jpg","contentUrl":"https:\/\/vapingnet.de\/wp-content\/uploads\/2025\/03\/cropped-vapingnet.de_.jpg","width":512,"height":512,"caption":"Vapingnet.de"},"image":{"@id":"https:\/\/vapingnet.de\/#\/schema\/logo\/image\/"},"sameAs":["https:\/\/www.facebook.com\/vapingnetde\/"]}]}},"tiered_pricing_type":"fixed","tiered_pricing_fixed_rules":[],"tiered_pricing_product_settings":{"layout":"default","base_unit_name":{"singular":null,"plural":null},"default_variation":null},"tiered_pricing_minimum_quantity":null,"tiered_pricing_roles_data":[],"tiered_pricing_percentage_rules":[],"_links":{"self":[{"href":"https:\/\/vapingnet.de\/sk\/wp-json\/wp\/v2\/product\/5729","targetHints":{"allow":["GET"]}}],"collection":[{"href":"https:\/\/vapingnet.de\/sk\/wp-json\/wp\/v2\/product"}],"about":[{"href":"https:\/\/vapingnet.de\/sk\/wp-json\/wp\/v2\/types\/product"}],"version-history":[{"count":1,"href":"https:\/\/vapingnet.de\/sk\/wp-json\/wp\/v2\/product\/5729\/revisions"}],"predecessor-version":[{"id":5756,"href":"https:\/\/vapingnet.de\/sk\/wp-json\/wp\/v2\/product\/5729\/revisions\/5756"}],"wp:featuredmedia":[{"embeddable":true,"href":"https:\/\/vapingnet.de\/sk\/wp-json\/wp\/v2\/media\/5711"}],"wp:attachment":[{"href":"https:\/\/vapingnet.de\/sk\/wp-json\/wp\/v2\/media?parent=5729"}],"wp:term":[{"taxonomy":"brand","embeddable":true,"href":"https:\/\/vapingnet.de\/sk\/wp-json\/wp\/v2\/etheme_brands?post=5729"},{"taxonomy":"product_brand","embeddable":true,"href":"https:\/\/vapingnet.de\/sk\/wp-json\/wp\/v2\/product_brand?post=5729"},{"taxonomy":"product_cat","embeddable":true,"href":"https:\/\/vapingnet.de\/sk\/wp-json\/wp\/v2\/product_cat?post=5729"},{"taxonomy":"product_tag","embeddable":true,"href":"https:\/\/vapingnet.de\/sk\/wp-json\/wp\/v2\/product_tag?post=5729"}],"curies":[{"name":"wp","href":"https:\/\/api.w.org\/{rel}","templated":true}]}}