{"id":5735,"date":"2025-03-19T05:38:15","date_gmt":"2025-03-19T05:38:15","guid":{"rendered":"https:\/\/vapingnet.de\/?post_type=product&#038;p=5735"},"modified":"2025-06-19T03:37:13","modified_gmt":"2025-06-19T03:37:13","slug":"nexa-ultra-50k-fcuking-fab-hat-einen-fruchtig-suessen-geschmack-und-eine-benutzerfreundliche-puff-aktivierung","status":"publish","type":"product","link":"https:\/\/vapingnet.de\/sk\/vape\/nexa-ultra-50k-fcuking-fab-hat-einen-fruchtig-suessen-geschmack-und-eine-benutzerfreundliche-puff-aktivierung\/","title":{"rendered":"NEXA Ultra 50K Fcuking Fab m\u00e1 ovocn\u00fa sladk\u00fa chu\u0165 a pou\u017e\u00edvate\u013esky pr\u00edvetiv\u00fa aktiv\u00e1ciu puffov"},"content":{"rendered":"<h2 data-start=\"0\" data-end=\"66\">NEXA Ultra 50K Puff Jednor\u00e1zov\u00e1 e-cigareta Fcuking Fab Edition<\/h2>\n<p data-start=\"68\" data-end=\"675\">Vo svete e-cigariet s\u00fa st\u00e1le nov\u00e9 inov\u00e1cie, ktor\u00e9 robia faj\u010denie e\u0161te pr\u00edjemnej\u0161\u00edm. NEXA Ultra 50K Puff Jednor\u00e1zov\u00e1 e-cigareta, \u0161peci\u00e1lne v ed\u00edcii Fcuking Fab, je tak\u00fdmto majstrovsk\u00fdm dielom. S pozoruhodnou <strong><a href=\"https:\/\/vapingnet.de\/sk\/k\/50k-vape\/\">50k vape<\/a><\/strong>, modern\u00fdm 3D zakriven\u00fdm displejom, prieh\u013eadnou kry\u0161t\u00e1lovou n\u00e1dr\u017ekou s 20 ml tekutiny a dvoma re\u017eimami v\u00fdkonu, sa t\u00e1to e-cigareta odli\u0161uje od mnoh\u00fdch in\u00fdch. Pre faj\u010diarov, ktor\u00ed h\u013eadaj\u00fa dlhodob\u00fd, chu\u0165ovo vynikaj\u00faci a pou\u017e\u00edvate\u013esky pr\u00edvetiv\u00fd z\u00e1\u017eitok, je <strong><a href=\"https:\/\/vapingnet.de\/sk\/nexa-ultra-50000-puffs\/\">NEXA Ultra 50K pufy<\/a><\/strong> Fcuking Fab presne tou spr\u00e1vnou vo\u013ebou.<\/p>\n<p data-start=\"677\" data-end=\"905\">V tomto \u010dl\u00e1nku sa podrobne pozrieme na funkcie, chu\u0165ov\u00fd z\u00e1\u017eitok a v\u00fdhody tejto NEXA Ultra 50K a pre\u010do je v\u00fdbornou vo\u013ebou pre faj\u010diarov v Deutschland a v E\u00da.<\/p>\n<h3 data-start=\"907\" data-end=\"956\">Fcuking Fab: Chu\u0165, ktor\u00e1 nadchne<\/h3>\n<p data-start=\"958\" data-end=\"1556\">Chu\u0165 Fcuking Fab pon\u00faka v\u00fdnimo\u010dn\u00fa chu\u0165ov\u00fa kompoz\u00edciu, ktor\u00e1 je ide\u00e1lna pre faj\u010diarov h\u013eadaj\u00facich nie\u010do nov\u00e9 a intenz\u00edvne. T\u00e1to ed\u00edcia kombinuje siln\u00fa ovocn\u00fa sladkos\u0165 s \u013eahkou svie\u017eos\u0165ou, ktor\u00e1 pr\u00edjemne dop\u013a\u0148a chu\u0165. Ide o \u010derstv\u00fa a sladk\u00fa zmes, vhodn\u00fa pre za\u010diato\u010dn\u00edkov aj sk\u00fasen\u00fdch faj\u010diarov. Fcuking Fab je chu\u0165, ktor\u00e1 rob\u00ed faj\u010denie vzru\u0161uj\u00facim z\u00e1\u017eitkom \u2013 ovocn\u00e1, sladk\u00e1, ale aj s n\u00e1dychom chladivej svie\u017eosti, ktor\u00e1 o\u017eivuje jazyk.<\/p>\n<p data-start=\"1558\" data-end=\"1825\">T\u00e1to chu\u0165 zost\u00e1va dlho v pam\u00e4ti a ned\u00e1 faj\u010diarovi pokoj. Je to komplexn\u00e1 a vyv\u00e1\u017een\u00e1 ar\u00f3ma, ktor\u00e1 v kombin\u00e1cii s dlh\u00fdm po\u010dtom \u0165ahov a skvel\u00fdm v\u00fdkonom NEXA Ultra 50K vedie k nezabudnute\u013en\u00e9mu z\u00e1\u017eitku.<\/p>\n<h3 data-start=\"1827\" data-end=\"1881\">50 000 \u0165ahov \u2013 V\u00fdnimo\u010dn\u00e1 \u017eivotnos\u0165<\/h3>\n<p data-start=\"1883\" data-end=\"2386\">S neuverite\u013en\u00fdm po\u010dtom \u0165ahov a\u017e do 50 000 pon\u00faka NEXA Ultra 50K jeden z najvy\u0161\u0161\u00edch po\u010dtov puffov na trhu. Pre mnoh\u00fdch faj\u010diarov, ktor\u00ed h\u013eadaj\u00fa <strong><a href=\"https:\/\/vapingnet.de\/sk\/k\/einweg-e-zigarette\/\">Jednorazov\u00e1 elektronick\u00e1 cigareta<\/a><\/strong> znamen\u00e1 to dlh\u00fa dobu pou\u017e\u00edvania, k\u00fdm bude zariadenie potrebn\u00e9 vymeni\u0165. Tento vysok\u00fd po\u010det \u0165ahov je obzvl\u00e1\u0161\u0165 v\u00fdhodn\u00fd pre faj\u010diarov, ktor\u00ed ve\u013ea cestuj\u00fa a h\u013eadaj\u00fa zariadenie, ktor\u00e9 bude spo\u013eahlivo fungova\u0165 dlh\u00fa dobu bez nutnosti neust\u00e1leho h\u013eadania novej e-cigarety.<\/p>\n<h3 data-start=\"2388\" data-end=\"2438\">Prieh\u013eadn\u00e1 kry\u0161t\u00e1lov\u00e1 n\u00e1dr\u017eka s 20 ml tekutiny<\/h3>\n<p data-start=\"2440\" data-end=\"3008\">Prieh\u013eadn\u00e1 kry\u0161t\u00e1lov\u00e1 n\u00e1dr\u017eka nie je len estetick\u00fdm prvkom, ale aj ve\u013emi praktick\u00e1. S objemom 20 ml tekutiny pon\u00faka NEXA Ultra 50K dostatok kapacity na podporu vysok\u00e9ho po\u010dtu puffov. Prieh\u013eadn\u00e1 n\u00e1dr\u017eka umo\u017e\u0148uje faj\u010diarovi sledova\u0165 hladinu tekutiny kedyko\u013evek, bez nutnosti otv\u00e1rania alebo rozoberania zariadenia. To zvy\u0161uje pou\u017e\u00edvate\u013esk\u00fa priate\u013eskos\u0165 a kontrolu. Faj\u010diar tak m\u00f4\u017ee by\u0165 ist\u00fd, \u017ee m\u00e1 v\u017edy presn\u00fa predstavu o zost\u00e1vaj\u00facom mno\u017estve tekutiny.<\/p>\n<h3 data-start=\"3010\" data-end=\"3055\">Dvojit\u00fd re\u017eim syst\u00e9mu pre v\u00e4\u010d\u0161iu flexibilitu<\/h3>\n<p data-start=\"3057\" data-end=\"3182\">NEXA Ultra 50K prich\u00e1dza s dvoma re\u017eimami v\u00fdkonu, ktor\u00e9 je mo\u017en\u00e9 prisp\u00f4sobi\u0165 individu\u00e1lnym preferenci\u00e1m faj\u010diara:<\/p>\n<ul data-start=\"3184\" data-end=\"3552\">\n<li data-start=\"3184\" data-end=\"3370\">Norm\u00e1lny re\u017eim (50K \u0165ahov): Tento re\u017eim je ide\u00e1lny pre dlhodob\u00e9 pou\u017e\u00edvanie. \u0164ahy s\u00fa rovnomern\u00e9 a poskytuj\u00fa pr\u00edjemn\u00e9 mno\u017estvo pary na ka\u017edodenn\u00e9 pou\u017eitie.<\/li>\n<li data-start=\"3371\" data-end=\"3552\">Turbo re\u017eim (30K \u0165ahov): Pre faj\u010diarov, ktor\u00ed h\u013eadaj\u00fa intenz\u00edvnej\u0161\u00ed dym s v\u00fdraznej\u0161ou chu\u0165ou a v\u00e4\u010d\u0161\u00edm mno\u017estvom pary, pon\u00faka turbo re\u017eim vynikaj\u00facu mo\u017enos\u0165.<\/li>\n<\/ul>\n<p data-start=\"3554\" data-end=\"3723\">Tento syst\u00e9m s dvoma re\u017eimami je obzvl\u00e1\u0161\u0165 v\u00fdhodn\u00fd, preto\u017ee umo\u017e\u0148uje faj\u010diarom vybra\u0165 si po\u017eadovan\u00fd efekt pary a chuti pod\u013ea situ\u00e1cie.<\/p>\n<h3 data-start=\"3725\" data-end=\"3768\">Bat\u00e9ria 800 mAh s r\u00fdchlym nab\u00edjan\u00edm USB-C<\/h3>\n<p data-start=\"3770\" data-end=\"4203\">V\u00fdkonn\u00e1 bat\u00e9ria s kapacitou 800 mAh zabezpe\u010duje, \u017ee NEXA Ultra 50K E-cigareta m\u00f4\u017ee by\u0165 dostato\u010dne dlho pou\u017e\u00edvan\u00e1 na dosiahnutie 50 000 \u0165ahov. V\u010faka r\u00fdchlemu nab\u00edjaniu USB-C je bat\u00e9ria r\u00fdchlo nabit\u00e1, tak\u017ee dlh\u00e9 \u010dakanie na nabitie nepretrhne p\u00f4\u017eitok. Technol\u00f3gia USB-C zabezpe\u010duje efekt\u00edvne nab\u00edjanie bat\u00e9rie, \u010do rob\u00ed pou\u017e\u00edvanie e-cigarety ve\u013emi pohodln\u00fdm aj na cest\u00e1ch.<\/p>\n<h3 data-start=\"4205\" data-end=\"4257\">3D zakriven\u00fd displej pre jasn\u00e9 inform\u00e1cie<\/h3>\n<p data-start=\"4259\" data-end=\"4646\">3D zakriven\u00fd displej NEXA Ultra 50K je \u010fal\u0161\u00edm vrcholom, ktor\u00fd zvy\u0161uje komfort a pou\u017e\u00edvate\u013esk\u00fa pr\u00edvetivos\u0165 e-cigarety. Zobrazuje d\u00f4le\u017eit\u00e9 inform\u00e1cie, ako je stav bat\u00e9rie a hladina n\u00e1plne, tak\u017ee pou\u017e\u00edvate\u013e je v\u017edy v obraze. Tento typ displeja je nielen funk\u010dn\u00fd, ale aj zabezpe\u010duje modern\u00fd a futuristick\u00fd dizajn.<\/p>\n<h3 data-start=\"4648\" data-end=\"4692\">Aktiv\u00e1cia \u0165ahom pre jednoduch\u00e9 ovl\u00e1danie<\/h3>\n<p data-start=\"4694\" data-end=\"5015\">Aktiv\u00e1cia \u0165ahom zabezpe\u010duje, \u017ee NEXA Ultra 50K je mimoriadne pou\u017e\u00edvate\u013esky pr\u00edvetiv\u00e1. Neexistuj\u00fa \u017eiadne tla\u010didl\u00e1 alebo zlo\u017eit\u00e9 ovl\u00e1danie \u2013 sta\u010d\u00ed \u0165aha\u0165 a za\u010da\u0165 vapova\u0165. Toto jednoduch\u00e9 ovl\u00e1danie je ide\u00e1lne pre za\u010diato\u010dn\u00edkov a zabezpe\u010duje, \u017ee vapovanie je v\u017edy jednoduch\u00e9 a pr\u00edjemn\u00e9.<\/p>\n<h3 data-start=\"5017\" data-end=\"5047\">\u0160pecifik\u00e1cie produktu:<\/h3>\n<div class=\"overflow-x-auto contain-inline-size\">\n<table data-start=\"5049\" data-end=\"5906\">\n<thead data-start=\"5049\" data-end=\"5133\">\n<tr data-start=\"5049\" data-end=\"5133\">\n<th data-start=\"5049\" data-end=\"5078\">Vlastnos\u0165<\/th>\n<th data-start=\"5078\" data-end=\"5133\">Detaily<\/th>\n<\/tr>\n<\/thead>\n<tbody data-start=\"5219\" data-end=\"5906\">\n<tr data-start=\"5219\" data-end=\"5303\">\n<td>Po\u010det potiahnut\u00ed<\/td>\n<td>A\u017e 50 000 potiahnut\u00ed<\/td>\n<\/tr>\n<tr data-start=\"5304\" data-end=\"5389\">\n<td>Obsah nikot\u00ednu<\/td>\n<td>5%<\/td>\n<\/tr>\n<tr data-start=\"5390\" data-end=\"5474\">\n<td>Kapacita n\u00e1dr\u017ee<\/td>\n<td>20 ml prieh\u013eadn\u00e1 kry\u0161t\u00e1lov\u00e1 n\u00e1dr\u017e<\/td>\n<\/tr>\n<tr data-start=\"5475\" data-end=\"5560\">\n<td>Bat\u00e9ria<\/td>\n<td>800 mAh s r\u00fdchlym nab\u00edjan\u00edm cez USB-C<\/td>\n<\/tr>\n<tr data-start=\"5561\" data-end=\"5651\">\n<td>Re\u017eimy v\u00fdkonu<\/td>\n<td>Dvojit\u00fd re\u017eim: Norm\u00e1lny re\u017eim (50 000 \u0165ahov), Turbo re\u017eim (30 000 \u0165ahov)<\/td>\n<\/tr>\n<tr data-start=\"5652\" data-end=\"5736\">\n<td>Displej<\/td>\n<td>3D zakriven\u00fd displej<\/td>\n<\/tr>\n<tr data-start=\"5737\" data-end=\"5821\">\n<td>Aktiv\u00e1cia<\/td>\n<td>Aktiv\u00e1cia na jednoduch\u00e9 pou\u017eitie<\/td>\n<\/tr>\n<tr data-start=\"5822\" data-end=\"5906\">\n<td>Balenie<\/td>\n<td>5 kusov v krabici<\/td>\n<\/tr>\n<\/tbody>\n<\/table>\n<\/div>\n<h3 data-start=\"5908\" data-end=\"5944\">\u010casto kladen\u00e9 ot\u00e1zky (FAQ)<\/h3>\n<h4 data-start=\"5946\" data-end=\"6008\">\u010co rob\u00ed NEXA Ultra 50K Fcuking Fab tak v\u00fdnimo\u010dnou?<\/h4>\n<p data-start=\"6009\" data-end=\"6357\">NEXA Ultra 50K Fcuking Fab vynik\u00e1 svojou v\u00fdnimo\u010dnou kombin\u00e1ciou 50 000 \u0165ahov, prieh\u013eadn\u00e9ho kry\u0161t\u00e1lov\u00e9ho tanku, dvojit\u00fdch re\u017eimov v\u00fdkonu a jednoduch\u00e9ho syst\u00e9mu aktiv\u00e1cie \u0165ahom. Tento univerz\u00e1lny model je ide\u00e1lny pre vapery, ktor\u00e9 h\u013eadaj\u00fa dlhodob\u00e9 pou\u017e\u00edvanie a pou\u017e\u00edvate\u013esky pr\u00edvetiv\u00fa manipul\u00e1ciu.<\/p>\n<h4 data-start=\"6359\" data-end=\"6404\">Ako chut\u00ed ed\u00edcia Fcuking Fab?<\/h4>\n<p data-start=\"6405\" data-end=\"6665\">Chute Fcuking Fab pon\u00faka sladk\u00fa a ovocn\u00fa zmes, ktor\u00e1 je doplnen\u00e1 jemnou svie\u017eos\u0165ou. Chu\u0165 je \u017eiv\u00e1 a osvie\u017euj\u00faca, \u010do z neho rob\u00ed ide\u00e1lneho spolo\u010dn\u00edka na cel\u00fd de\u0148.<\/p>\n<h4 data-start=\"6667\" data-end=\"6727\">Ako dlho vydr\u017e\u00ed bat\u00e9ria a ako r\u00fdchlo sa nab\u00edja?<\/h4>\n<p data-start=\"6728\" data-end=\"6969\">Bat\u00e9ria s kapacitou 800 mAh v NEXA Ultra 50K spo\u013eahlivo vydr\u017e\u00ed po\u010das celej doby pou\u017e\u00edvania. R\u00fdchle nab\u00edjanie USB-C zabezpe\u010duje r\u00fdchle doplnenie energie, \u010do poskytuje mimoriadne pou\u017e\u00edvate\u013esky pr\u00edjemn\u00fd z\u00e1\u017eitok.<\/p>\n<h4 data-start=\"6971\" data-end=\"7017\">Ako funguje syst\u00e9m dvojit\u00e9ho re\u017eimu?<\/h4>\n<p data-start=\"7018\" data-end=\"7069\">Syst\u00e9m dvojit\u00e9ho re\u017eimu pon\u00faka dve nastavenia:<\/p>\n<ul data-start=\"7071\" data-end=\"7213\">\n<li data-start=\"7071\" data-end=\"7133\">Norm\u00e1lny re\u017eim (50 000 \u0165ahov): Ide\u00e1lny pre dlhodob\u00e9 pote\u0161enie<\/li>\n<li data-start=\"7134\" data-end=\"7213\">Turbo re\u017eim (30 000 \u0165ahov): Pre intenz\u00edvnej\u0161\u00ed efekt pary a chuti<\/li>\n<\/ul>\n<h4 data-start=\"7215\" data-end=\"7281\">Ko\u013eko e-cigariet je v balen\u00ed?<\/h4>\n<p data-start=\"7282\" data-end=\"7411\">V balen\u00ed je 5 kusov NEXA Ultra 50K Fcuking Fab, tak\u017ee m\u00e1te dostatok z\u00e1sob na dlh\u0161\u00ed \u010das.<\/p>\n<p data-start=\"7427\" data-end=\"7989\" data-is-last-node=\"\" data-is-only-node=\"\">NEXA Ultra 50K Fcuking Fab je jednou z najlep\u0161\u00edch mo\u017enost\u00ed na trhu pre vapery, ktor\u00e9 h\u013eadaj\u00fa vysok\u00fd v\u00fdkon a vynikaj\u00facu chu\u0165. S mo\u017enos\u0165ou prep\u00ednania medzi norm\u00e1lnym a turbo re\u017eimom, prieh\u013eadn\u00fdm kry\u0161t\u00e1lov\u00fdm tankom a vysokou kapacitou puffov ur\u010dite spln\u00ed potreby mnoh\u00fdch vapery v SR a E\u00da. Ak h\u013ead\u00e1te spo\u013eahliv\u00fa a inovat\u00edvnu e-cigaretu, s NEXA Ultra 50K ur\u010dite urob\u00edte skvel\u00fa vo\u013ebu.<\/p>","protected":false},"excerpt":{"rendered":"<p>NEXA Ultra 50K Puff Einweg E-Zigarette Fcuking Fab Edition In der Welt der E-Zigaretten gibt es immer neue Innovationen, die das Dampfen noch angenehmer machen&#8230;.<\/p>","protected":false},"featured_media":5714,"template":"","meta":[],"etheme_brands":[],"product_brand":[],"product_cat":[67,49,61],"product_tag":[],"class_list":{"0":"post-5735","1":"product","2":"type-product","3":"status-publish","4":"has-post-thumbnail","6":"product_cat-50k-vape","7":"product_cat-einweg-e-zigarette","8":"product_cat-f","10":"first","11":"instock","12":"shipping-taxable","13":"purchasable","14":"product-type-variable"},"yoast_head":"<!-- This site is optimized with the Yoast SEO plugin v26.5 - https:\/\/yoast.com\/wordpress\/plugins\/seo\/ -->\n<title>NEXA Ultra 50K Fcuking Fab hat einen fruchtig-s\u00fc\u00dfen Geschmack und eine benutzerfreundliche Puff-Aktivierung | Vapingnet.de<\/title>\n<meta name=\"description\" content=\"Die NEXA Ultra 50K Fcuking Fab bietet bis zu 50.000 Z\u00fcge, einen fruchtig-s\u00fc\u00dfen Geschmack, ein transparentes Design und benutzerfreundliche Zugaktivierung.\" \/>\n<meta name=\"robots\" content=\"index, follow, max-snippet:-1, max-image-preview:large, max-video-preview:-1\" \/>\n<link rel=\"canonical\" href=\"https:\/\/vapingnet.de\/sk\/vape\/nexa-ultra-50k-fcuking-fab-hat-einen-fruchtig-suessen-geschmack-und-eine-benutzerfreundliche-puff-aktivierung\/\" \/>\n<meta property=\"og:locale\" content=\"sk_SK\" \/>\n<meta property=\"og:type\" content=\"article\" \/>\n<meta property=\"og:title\" content=\"NEXA Ultra 50K Fcuking Fab hat einen fruchtig-s\u00fc\u00dfen Geschmack und eine benutzerfreundliche Puff-Aktivierung | Vapingnet.de\" \/>\n<meta property=\"og:description\" content=\"Die NEXA Ultra 50K Fcuking Fab bietet bis zu 50.000 Z\u00fcge, einen fruchtig-s\u00fc\u00dfen Geschmack, ein transparentes Design und benutzerfreundliche Zugaktivierung.\" \/>\n<meta property=\"og:url\" content=\"https:\/\/vapingnet.de\/sk\/vape\/nexa-ultra-50k-fcuking-fab-hat-einen-fruchtig-suessen-geschmack-und-eine-benutzerfreundliche-puff-aktivierung\/\" \/>\n<meta property=\"og:site_name\" content=\"Vapingnet.de\" \/>\n<meta property=\"article:publisher\" content=\"https:\/\/www.facebook.com\/vapingnetde\/\" \/>\n<meta property=\"article:modified_time\" content=\"2025-06-19T03:37:13+00:00\" \/>\n<meta property=\"og:image\" content=\"https:\/\/vapingnet.de\/wp-content\/uploads\/2025\/03\/50K_FCKN_FAB-1.png\" \/>\n\t<meta property=\"og:image:width\" content=\"1000\" \/>\n\t<meta property=\"og:image:height\" content=\"1000\" \/>\n\t<meta property=\"og:image:type\" content=\"image\/png\" \/>\n<meta name=\"twitter:card\" content=\"summary_large_image\" \/>\n<meta name=\"twitter:label1\" content=\"Est. reading time\" \/>\n\t<meta name=\"twitter:data1\" content=\"6 minutes\" \/>\n<script type=\"application\/ld+json\" class=\"yoast-schema-graph\">{\"@context\":\"https:\/\/schema.org\",\"@graph\":[{\"@type\":\"WebPage\",\"@id\":\"https:\/\/vapingnet.de\/vape\/nexa-ultra-50k-fcuking-fab-hat-einen-fruchtig-suessen-geschmack-und-eine-benutzerfreundliche-puff-aktivierung\/\",\"url\":\"https:\/\/vapingnet.de\/vape\/nexa-ultra-50k-fcuking-fab-hat-einen-fruchtig-suessen-geschmack-und-eine-benutzerfreundliche-puff-aktivierung\/\",\"name\":\"NEXA Ultra 50K Fcuking Fab hat einen fruchtig-s\u00fc\u00dfen Geschmack und eine benutzerfreundliche Puff-Aktivierung | Vapingnet.de\",\"isPartOf\":{\"@id\":\"https:\/\/vapingnet.de\/#website\"},\"primaryImageOfPage\":{\"@id\":\"https:\/\/vapingnet.de\/vape\/nexa-ultra-50k-fcuking-fab-hat-einen-fruchtig-suessen-geschmack-und-eine-benutzerfreundliche-puff-aktivierung\/#primaryimage\"},\"image\":{\"@id\":\"https:\/\/vapingnet.de\/vape\/nexa-ultra-50k-fcuking-fab-hat-einen-fruchtig-suessen-geschmack-und-eine-benutzerfreundliche-puff-aktivierung\/#primaryimage\"},\"thumbnailUrl\":\"https:\/\/vapingnet.de\/wp-content\/uploads\/2025\/03\/50K_FCKN_FAB-1.png\",\"datePublished\":\"2025-03-19T05:38:15+00:00\",\"dateModified\":\"2025-06-19T03:37:13+00:00\",\"description\":\"Die NEXA Ultra 50K Fcuking Fab bietet bis zu 50.000 Z\u00fcge, einen fruchtig-s\u00fc\u00dfen Geschmack, ein transparentes Design und benutzerfreundliche Zugaktivierung.\",\"breadcrumb\":{\"@id\":\"https:\/\/vapingnet.de\/vape\/nexa-ultra-50k-fcuking-fab-hat-einen-fruchtig-suessen-geschmack-und-eine-benutzerfreundliche-puff-aktivierung\/#breadcrumb\"},\"inLanguage\":\"sk-SK\",\"potentialAction\":[{\"@type\":\"ReadAction\",\"target\":[\"https:\/\/vapingnet.de\/vape\/nexa-ultra-50k-fcuking-fab-hat-einen-fruchtig-suessen-geschmack-und-eine-benutzerfreundliche-puff-aktivierung\/\"]}]},{\"@type\":\"ImageObject\",\"inLanguage\":\"sk-SK\",\"@id\":\"https:\/\/vapingnet.de\/vape\/nexa-ultra-50k-fcuking-fab-hat-einen-fruchtig-suessen-geschmack-und-eine-benutzerfreundliche-puff-aktivierung\/#primaryimage\",\"url\":\"https:\/\/vapingnet.de\/wp-content\/uploads\/2025\/03\/50K_FCKN_FAB-1.png\",\"contentUrl\":\"https:\/\/vapingnet.de\/wp-content\/uploads\/2025\/03\/50K_FCKN_FAB-1.png\",\"width\":1000,\"height\":1000},{\"@type\":\"BreadcrumbList\",\"@id\":\"https:\/\/vapingnet.de\/vape\/nexa-ultra-50k-fcuking-fab-hat-einen-fruchtig-suessen-geschmack-und-eine-benutzerfreundliche-puff-aktivierung\/#breadcrumb\",\"itemListElement\":[{\"@type\":\"ListItem\",\"position\":1,\"name\":\"Home\",\"item\":\"https:\/\/vapingnet.de\/\"},{\"@type\":\"ListItem\",\"position\":2,\"name\":\"Shop\",\"item\":\"https:\/\/vapingnet.de\/vape\/\"},{\"@type\":\"ListItem\",\"position\":3,\"name\":\"NEXA Ultra 50K Fcuking Fab hat einen fruchtig-s\u00fc\u00dfen Geschmack und eine benutzerfreundliche Puff-Aktivierung\"}]},{\"@type\":\"WebSite\",\"@id\":\"https:\/\/vapingnet.de\/#website\",\"url\":\"https:\/\/vapingnet.de\/\",\"name\":\"Vapingnet.de\",\"description\":\"\",\"publisher\":{\"@id\":\"https:\/\/vapingnet.de\/#organization\"},\"potentialAction\":[{\"@type\":\"SearchAction\",\"target\":{\"@type\":\"EntryPoint\",\"urlTemplate\":\"https:\/\/vapingnet.de\/?s={search_term_string}\"},\"query-input\":{\"@type\":\"PropertyValueSpecification\",\"valueRequired\":true,\"valueName\":\"search_term_string\"}}],\"inLanguage\":\"sk-SK\"},{\"@type\":\"Organization\",\"@id\":\"https:\/\/vapingnet.de\/#organization\",\"name\":\"Vapingnet.de\",\"url\":\"https:\/\/vapingnet.de\/\",\"logo\":{\"@type\":\"ImageObject\",\"inLanguage\":\"sk-SK\",\"@id\":\"https:\/\/vapingnet.de\/#\/schema\/logo\/image\/\",\"url\":\"https:\/\/vapingnet.de\/wp-content\/uploads\/2025\/03\/cropped-vapingnet.de_.jpg\",\"contentUrl\":\"https:\/\/vapingnet.de\/wp-content\/uploads\/2025\/03\/cropped-vapingnet.de_.jpg\",\"width\":512,\"height\":512,\"caption\":\"Vapingnet.de\"},\"image\":{\"@id\":\"https:\/\/vapingnet.de\/#\/schema\/logo\/image\/\"},\"sameAs\":[\"https:\/\/www.facebook.com\/vapingnetde\/\"]}]}<\/script>\n<!-- \/ Yoast SEO plugin. -->","yoast_head_json":{"title":"NEXA Ultra 50K Fcuking Fab hat einen fruchtig-s\u00fc\u00dfen Geschmack und eine benutzerfreundliche Puff-Aktivierung | Vapingnet.de","description":"Die NEXA Ultra 50K Fcuking Fab bietet bis zu 50.000 Z\u00fcge, einen fruchtig-s\u00fc\u00dfen Geschmack, ein transparentes Design und benutzerfreundliche Zugaktivierung.","robots":{"index":"index","follow":"follow","max-snippet":"max-snippet:-1","max-image-preview":"max-image-preview:large","max-video-preview":"max-video-preview:-1"},"canonical":"https:\/\/vapingnet.de\/sk\/vape\/nexa-ultra-50k-fcuking-fab-hat-einen-fruchtig-suessen-geschmack-und-eine-benutzerfreundliche-puff-aktivierung\/","og_locale":"sk_SK","og_type":"article","og_title":"NEXA Ultra 50K Fcuking Fab hat einen fruchtig-s\u00fc\u00dfen Geschmack und eine benutzerfreundliche Puff-Aktivierung | Vapingnet.de","og_description":"Die NEXA Ultra 50K Fcuking Fab bietet bis zu 50.000 Z\u00fcge, einen fruchtig-s\u00fc\u00dfen Geschmack, ein transparentes Design und benutzerfreundliche Zugaktivierung.","og_url":"https:\/\/vapingnet.de\/sk\/vape\/nexa-ultra-50k-fcuking-fab-hat-einen-fruchtig-suessen-geschmack-und-eine-benutzerfreundliche-puff-aktivierung\/","og_site_name":"Vapingnet.de","article_publisher":"https:\/\/www.facebook.com\/vapingnetde\/","article_modified_time":"2025-06-19T03:37:13+00:00","og_image":[{"width":1000,"height":1000,"url":"https:\/\/vapingnet.de\/wp-content\/uploads\/2025\/03\/50K_FCKN_FAB-1.png","type":"image\/png"}],"twitter_card":"summary_large_image","twitter_misc":{"Est. reading time":"6 minutes"},"schema":{"@context":"https:\/\/schema.org","@graph":[{"@type":"WebPage","@id":"https:\/\/vapingnet.de\/vape\/nexa-ultra-50k-fcuking-fab-hat-einen-fruchtig-suessen-geschmack-und-eine-benutzerfreundliche-puff-aktivierung\/","url":"https:\/\/vapingnet.de\/vape\/nexa-ultra-50k-fcuking-fab-hat-einen-fruchtig-suessen-geschmack-und-eine-benutzerfreundliche-puff-aktivierung\/","name":"NEXA Ultra 50K Fcuking Fab hat einen fruchtig-s\u00fc\u00dfen Geschmack und eine benutzerfreundliche Puff-Aktivierung | Vapingnet.de","isPartOf":{"@id":"https:\/\/vapingnet.de\/#website"},"primaryImageOfPage":{"@id":"https:\/\/vapingnet.de\/vape\/nexa-ultra-50k-fcuking-fab-hat-einen-fruchtig-suessen-geschmack-und-eine-benutzerfreundliche-puff-aktivierung\/#primaryimage"},"image":{"@id":"https:\/\/vapingnet.de\/vape\/nexa-ultra-50k-fcuking-fab-hat-einen-fruchtig-suessen-geschmack-und-eine-benutzerfreundliche-puff-aktivierung\/#primaryimage"},"thumbnailUrl":"https:\/\/vapingnet.de\/wp-content\/uploads\/2025\/03\/50K_FCKN_FAB-1.png","datePublished":"2025-03-19T05:38:15+00:00","dateModified":"2025-06-19T03:37:13+00:00","description":"Die NEXA Ultra 50K Fcuking Fab bietet bis zu 50.000 Z\u00fcge, einen fruchtig-s\u00fc\u00dfen Geschmack, ein transparentes Design und benutzerfreundliche Zugaktivierung.","breadcrumb":{"@id":"https:\/\/vapingnet.de\/vape\/nexa-ultra-50k-fcuking-fab-hat-einen-fruchtig-suessen-geschmack-und-eine-benutzerfreundliche-puff-aktivierung\/#breadcrumb"},"inLanguage":"sk-SK","potentialAction":[{"@type":"ReadAction","target":["https:\/\/vapingnet.de\/vape\/nexa-ultra-50k-fcuking-fab-hat-einen-fruchtig-suessen-geschmack-und-eine-benutzerfreundliche-puff-aktivierung\/"]}]},{"@type":"ImageObject","inLanguage":"sk-SK","@id":"https:\/\/vapingnet.de\/vape\/nexa-ultra-50k-fcuking-fab-hat-einen-fruchtig-suessen-geschmack-und-eine-benutzerfreundliche-puff-aktivierung\/#primaryimage","url":"https:\/\/vapingnet.de\/wp-content\/uploads\/2025\/03\/50K_FCKN_FAB-1.png","contentUrl":"https:\/\/vapingnet.de\/wp-content\/uploads\/2025\/03\/50K_FCKN_FAB-1.png","width":1000,"height":1000},{"@type":"BreadcrumbList","@id":"https:\/\/vapingnet.de\/vape\/nexa-ultra-50k-fcuking-fab-hat-einen-fruchtig-suessen-geschmack-und-eine-benutzerfreundliche-puff-aktivierung\/#breadcrumb","itemListElement":[{"@type":"ListItem","position":1,"name":"Home","item":"https:\/\/vapingnet.de\/"},{"@type":"ListItem","position":2,"name":"Shop","item":"https:\/\/vapingnet.de\/vape\/"},{"@type":"ListItem","position":3,"name":"NEXA Ultra 50K Fcuking Fab hat einen fruchtig-s\u00fc\u00dfen Geschmack und eine benutzerfreundliche Puff-Aktivierung"}]},{"@type":"WebSite","@id":"https:\/\/vapingnet.de\/#website","url":"https:\/\/vapingnet.de\/","name":"Vapingnet.de","description":"","publisher":{"@id":"https:\/\/vapingnet.de\/#organization"},"potentialAction":[{"@type":"SearchAction","target":{"@type":"EntryPoint","urlTemplate":"https:\/\/vapingnet.de\/?s={search_term_string}"},"query-input":{"@type":"PropertyValueSpecification","valueRequired":true,"valueName":"search_term_string"}}],"inLanguage":"sk-SK"},{"@type":"Organization","@id":"https:\/\/vapingnet.de\/#organization","name":"Vapingnet.de","url":"https:\/\/vapingnet.de\/","logo":{"@type":"ImageObject","inLanguage":"sk-SK","@id":"https:\/\/vapingnet.de\/#\/schema\/logo\/image\/","url":"https:\/\/vapingnet.de\/wp-content\/uploads\/2025\/03\/cropped-vapingnet.de_.jpg","contentUrl":"https:\/\/vapingnet.de\/wp-content\/uploads\/2025\/03\/cropped-vapingnet.de_.jpg","width":512,"height":512,"caption":"Vapingnet.de"},"image":{"@id":"https:\/\/vapingnet.de\/#\/schema\/logo\/image\/"},"sameAs":["https:\/\/www.facebook.com\/vapingnetde\/"]}]}},"tiered_pricing_type":"fixed","tiered_pricing_fixed_rules":[],"tiered_pricing_product_settings":{"layout":"default","base_unit_name":{"singular":null,"plural":null},"default_variation":null},"tiered_pricing_minimum_quantity":null,"tiered_pricing_roles_data":[],"tiered_pricing_percentage_rules":[],"_links":{"self":[{"href":"https:\/\/vapingnet.de\/sk\/wp-json\/wp\/v2\/product\/5735","targetHints":{"allow":["GET"]}}],"collection":[{"href":"https:\/\/vapingnet.de\/sk\/wp-json\/wp\/v2\/product"}],"about":[{"href":"https:\/\/vapingnet.de\/sk\/wp-json\/wp\/v2\/types\/product"}],"version-history":[{"count":1,"href":"https:\/\/vapingnet.de\/sk\/wp-json\/wp\/v2\/product\/5735\/revisions"}],"predecessor-version":[{"id":5763,"href":"https:\/\/vapingnet.de\/sk\/wp-json\/wp\/v2\/product\/5735\/revisions\/5763"}],"wp:featuredmedia":[{"embeddable":true,"href":"https:\/\/vapingnet.de\/sk\/wp-json\/wp\/v2\/media\/5714"}],"wp:attachment":[{"href":"https:\/\/vapingnet.de\/sk\/wp-json\/wp\/v2\/media?parent=5735"}],"wp:term":[{"taxonomy":"brand","embeddable":true,"href":"https:\/\/vapingnet.de\/sk\/wp-json\/wp\/v2\/etheme_brands?post=5735"},{"taxonomy":"product_brand","embeddable":true,"href":"https:\/\/vapingnet.de\/sk\/wp-json\/wp\/v2\/product_brand?post=5735"},{"taxonomy":"product_cat","embeddable":true,"href":"https:\/\/vapingnet.de\/sk\/wp-json\/wp\/v2\/product_cat?post=5735"},{"taxonomy":"product_tag","embeddable":true,"href":"https:\/\/vapingnet.de\/sk\/wp-json\/wp\/v2\/product_tag?post=5735"}],"curies":[{"name":"wp","href":"https:\/\/api.w.org\/{rel}","templated":true}]}}