{"id":5737,"date":"2025-03-19T05:38:17","date_gmt":"2025-03-19T05:38:17","guid":{"rendered":"https:\/\/vapingnet.de\/?post_type=product&#038;p=5737"},"modified":"2026-04-14T06:41:05","modified_gmt":"2026-04-14T06:41:05","slug":"der-nexa-ultra-50k-mit-georgia-peach-ice-liefert-50000-zuege-spitzentechnologie-und-vollen-geschmack","status":"publish","type":"product","link":"https:\/\/vapingnet.de\/sk\/vape\/der-nexa-ultra-50k-mit-georgia-peach-ice-liefert-50000-zuege-spitzentechnologie-und-vollen-geschmack\/","title":{"rendered":"NEXA Ultra 50K s Georgia Peach Ice poskytuje 50000 \u0165ahov \u0161pi\u010dkovou technol\u00f3giou a plnou chu\u0165ou"},"content":{"rendered":"<h2 data-start=\"0\" data-end=\"96\">NEXA Ultra 50K Puff Jednor\u00e1zov\u00e1 e-cigareta Georgia Peach Ice Revolu\u010dn\u00fd v\u00fdkon pre n\u00e1ro\u010dn\u00fdch faj\u010diarov vapingu<\/h2>\n<p data-start=\"98\" data-end=\"470\">Vitajte v bud\u00facnosti vapingu \u2013 s NEXA Ultra 50K Puff Jednor\u00e1zovou e-cigaretou dosiahnete \u00faplne nov\u00fa \u00farove\u0148 v\u00fdkonu a p\u00f4\u017eitku. T\u00e1to najmodernej\u0161ia e-cigareta kombinuje p\u00f4sobiv\u00fa technol\u00f3giu s pou\u017e\u00edvate\u013esky pr\u00edvetiv\u00fdm dizajnom a je \u0161peci\u00e1lne navrhnut\u00e1 pre faj\u010diarov vapingu, ktor\u00ed klad\u00fa d\u00f4raz na kvalitu, odolnos\u0165 a intenz\u00edvnu chu\u0165.<\/p>\n<h3 data-start=\"472\" data-end=\"528\">Maxim\u00e1lny v\u00fdkon pre neporovnate\u013en\u00fd p\u00f4\u017eitok<\/h3>\n<p data-start=\"529\" data-end=\"882\">NEXA Ultra stanovuje nov\u00e9 \u0161tandardy s mimoriadnou kapacitou puffov a\u017e do <strong><a href=\"https:\/\/vapingnet.de\/sk\/k\/50k-vape\/\">50k vape<\/a><\/strong> \u2013 \u00fapln\u00e1 vz\u00e1cnos\u0165 na trhu <strong><a href=\"https:\/\/vapingnet.de\/sk\/k\/einweg-e-zigarette\/\">Jednorazov\u00e9 e-cigaretky<\/a><\/strong>. To jej poskytuje vynikaj\u00facu odolnos\u0165 a je ide\u00e1lna pre faj\u010diarov vapingu, ktor\u00ed h\u013eadaj\u00fa dlhodob\u00fd z\u00e1\u017eitok bez neust\u00e1leho kupovania nov\u00e9ho zariadenia.<\/p>\n<p data-start=\"884\" data-end=\"986\">Pre t\u00fdch, ktor\u00ed maj\u00fa radi e\u0161te intenz\u00edvnej\u0161\u00ed z\u00e1\u017eitok, NEXA Ultra pon\u00faka dva r\u00f4zne re\u017eimy vapingu:<\/p>\n<ul data-start=\"987\" data-end=\"1362\">\n<li data-start=\"987\" data-end=\"1136\">Norm\u00e1lny re\u017eim (50K puffov) \u2013 Ide\u00e1lny pre rovnomern\u00e9, dlhodob\u00e9 pou\u017e\u00edvanie s optimalizovanou v\u00fddr\u017eou bat\u00e9rie a jemn\u00fdm rozvojom chuti.<\/li>\n<li data-start=\"1137\" data-end=\"1362\">Turbo re\u017eim (30K puffov) \u2013 Pre t\u00fdch, ktor\u00ed chc\u00fa maxim\u00e1lny v\u00fdkon v krat\u0161om \u010dase. Tento re\u017eim poskytuje silnej\u0161iu produkciu pary a intenz\u00edvnej\u0161iu chu\u0165 na \u00fakor mierneho zn\u00ed\u017eenia po\u010dtu puffov.<\/li>\n<\/ul>\n<p data-start=\"1364\" data-end=\"1532\">T\u00e1to technol\u00f3gia s dvojit\u00fdm re\u017eimom zabezpe\u010duje maxim\u00e1lnu flexibilitu a rob\u00ed NEXA Ultra ide\u00e1lnou vo\u013ebou pre t\u00fdch, ktor\u00ed si chc\u00fa prisp\u00f4sobi\u0165 svoj z\u00e1\u017eitok z vapingu.<\/p>\n<h3 data-start=\"1534\" data-end=\"1594\">Prieh\u013eadn\u00e1 sklenen\u00e1 n\u00e1dr\u017eka \u2013 Vidie\u0165, \u010do vapujete<\/h3>\n<p data-start=\"1595\" data-end=\"1892\">Jedn\u00fdm z najinovat\u00edvnej\u0161\u00edch aspektov NEXA Ultra je jej vidite\u013en\u00e1 n\u00e1dr\u017eka na e-liquid s objemom 20 ml. Tento prieh\u013eadn\u00fd dizajn umo\u017e\u0148uje pou\u017e\u00edvate\u013eovi sledova\u0165 hladinu tekutiny kedyko\u013evek, \u010d\u00edm sa vyhnete prekvapeniam sp\u00f4soben\u00fdm n\u00e1hlym vypr\u00e1zdnen\u00edm zariadenia.<\/p>\n<p data-start=\"1894\" data-end=\"2079\">Vysoko kvalitn\u00fd sklenen\u00fd dizajn n\u00e1dr\u017eky nielen vyzer\u00e1 elegantne, ale aj zabezpe\u010duje rovnomern\u00e9 rozlo\u017eenie tekutiny a kon\u0161tantn\u00fd z\u00e1\u017eitok z vapingu od za\u010diatku do konca.<\/p>\n<h3 data-start=\"2081\" data-end=\"2133\">Jedine\u010dn\u00e1 chu\u0165: Georgia Peach Ice<\/h3>\n<p data-start=\"2134\" data-end=\"2502\">NEXA Ultra 50K v pr\u00edchuti Georgia Peach Ice prin\u00e1\u0161a k\u00fasok juhu priamo do v\u00e1\u0161ho vapingu. Intenz\u00edvna chu\u0165 \u0161\u0165avnat\u00fdch, slnkom zrel\u00fdch brosk\u00fd\u0148 sa stret\u00e1va s pr\u00edjemnou chladivos\u0165ou \u010derstv\u00e9ho mentolu a vytv\u00e1ra tak jedine\u010dn\u00fd z\u00e1\u017eitok z vapingu. Ide\u00e1lne pre t\u00fdch, ktor\u00ed miluj\u00fa ovocn\u00e9 ar\u00f3my s n\u00e1dychom osvie\u017eenia.<\/p>\n<p data-start=\"2504\" data-end=\"2729\">Vysoko kvalitn\u00e1 tekut\u00e1 formula s 5% nikot\u00ednu pon\u00faka siln\u00fd, ale st\u00e1le pr\u00edjemn\u00fd \u00fa\u010dinok nikot\u00ednu \u2013 ide\u00e1lny pre prech\u00e1dzaj\u00facich na vaping a sk\u00fasen\u00fdch faj\u010diarov, ktor\u00ed h\u013eadaj\u00fa intenz\u00edvny, ale vyv\u00e1\u017een\u00fd z\u00e1\u017eitok.<\/p>\n<h3 data-start=\"2731\" data-end=\"2791\">Pokro\u010dil\u00e1 technol\u00f3gia s 3D zakriven\u00fdm displejom<\/h3>\n<p data-start=\"2792\" data-end=\"3051\">\u010eal\u0161\u00edm vrcholom NEXA Ultra je jej modern\u00fd 3D zakriven\u00fd displej. Tento kvalitn\u00fd displej zobrazuje v\u0161etky d\u00f4le\u017eit\u00e9 inform\u00e1cie na jeden poh\u013ead, vr\u00e1tane stavu bat\u00e9rie a hladiny tekutiny. Pou\u017e\u00edvatelia tak maj\u00fa v\u017edy pln\u00fa kontrolu nad svojim zariaden\u00edm.<\/p>\n<p data-start=\"3053\" data-end=\"3303\">Elegantn\u00fd zakriven\u00fd sklenen\u00fd vzh\u013ead nielen p\u00f4sob\u00ed futuristicky, ale aj zabezpe\u010duje pohodln\u00e9 ovl\u00e1danie. Tento dizajn jasne odli\u0161uje NEXA Ultra od be\u017en\u00fdch jednor\u00e1zov\u00fdch e cigariet a zd\u00f4raz\u0148uje jej pr\u00e9miov\u00fd charakter.<\/p>\n<h3 data-start=\"3305\" data-end=\"3360\">V\u00fdkonn\u00e1 bat\u00e9ria s r\u00fdchlym nab\u00edjan\u00edm<\/h3>\n<p data-start=\"3361\" data-end=\"3617\">Napriek svojej gigantickej kapacite na puff, je NEXA Ultra vybaven\u00e1 v\u00fdkonnou bat\u00e9riou 800 mAh, ktor\u00fa je mo\u017en\u00e9 r\u00fdchlo nabi\u0165 pomocou USB-C Quick Charge. \u017diadne dlh\u00e9 \u010dakanie \u2013 jednoducho nabite a pokra\u010dujte v vapovan\u00ed.<\/p>\n<p data-start=\"3619\" data-end=\"3818\">Kombin\u00e1cia energeticky \u00fasporn\u00e9ho dizajnu a najmodernej\u0161ej technol\u00f3gie \u010dipov zabezpe\u010duje dlh\u00fa v\u00fddr\u017e bat\u00e9rie a stabiln\u00fd v\u00fdkon, \u010di u\u017e v norm\u00e1lnom alebo turbo re\u017eime.<\/p>\n<h3 data-start=\"3820\" data-end=\"3874\">Jednoduch\u00e9 ovl\u00e1danie \u2013 ide\u00e1lne pre ka\u017edodenn\u00e9 pou\u017eitie<\/h3>\n<p data-start=\"3875\" data-end=\"4129\">Ako sa patr\u00ed na modern\u00fa jednorazov\u00fa e-cigaretu, je NEXA Ultra aktivovan\u00e1 \u0165ahom, t. j. nevy\u017eaduje tla\u010didlo na aktiv\u00e1ciu. Sta\u010d\u00ed \u0165aha\u0165 a vychutn\u00e1va\u0165 si \u2013 presne to rob\u00ed t\u00fato e-cigaretu mimoriadne pohodlnou a vhodnou pre za\u010diato\u010dn\u00edkov.<\/p>\n<p data-start=\"4131\" data-end=\"4264\">Kompaktn\u00fd, ale z\u00e1rove\u0148 \u0161t\u00fdlov\u00fd dizajn ju rob\u00ed ide\u00e1lnou na cestovanie, bez toho, aby ste museli obetova\u0165 v\u00fdkon alebo chu\u0165.<\/p>\n<h3 data-start=\"4266\" data-end=\"4324\">Praktick\u00e9 balenie pre \u010dast\u00fdch pou\u017e\u00edvate\u013eov a predajcov<\/h3>\n<p data-start=\"4325\" data-end=\"4543\">T\u00e1 <strong><a href=\"https:\/\/vapingnet.de\/sk\/nexa-ultra-50000-puffs\/\">NEXA Ultra 50K Puff<\/a><\/strong> dod\u00e1va sa v krabici s 5 kusmi \u2013 ide\u00e1lne pre osobn\u00fa z\u00e1sobu alebo pre predajcov, ktor\u00ed chc\u00fa svojim z\u00e1kazn\u00edkom pon\u00faknu\u0165 pr\u00e9miov\u00fd produkt s v\u00fdnimo\u010dnou \u017eivotnos\u0165ou.<\/p>\n<h3>Pre\u010do je NEXA Ultra 50K ide\u00e1lna pre bud\u00facnos\u0165 jednorazov\u00fdch e-cigariet<\/h3>\n<p data-start=\"4628\" data-end=\"4871\">So svojou vynikaj\u00facou kapacitou 50 000 puffov, inovat\u00edvnou kry\u0161t\u00e1lovou n\u00e1dr\u017eou, dvomi v\u00fdkonov\u00fdmi re\u017eimami, kvalitn\u00fdm 3D displejom a silnou bat\u00e9riou nastavuje NEXA Ultra nov\u00e9 \u0161tandardy vo svete jednorazov\u00fdch vapov.<\/p>\n<p data-start=\"4873\" data-end=\"5161\">Pr\u00edchu\u0165 Georgia Peach Ice poskytuje osvie\u017euj\u00faci, ovocn\u00fd z\u00e1\u017eitok, ktor\u00fd rob\u00ed ka\u017ed\u00fd \u0165ah p\u00f4\u017eitkom. \u010ci u\u017e pre sk\u00fasen\u00fdch vapistov alebo nov\u00e1\u010dikov \u2013 t\u00e1to e-cigareta presved\u010d\u00ed na celej \u010diare a pon\u00faka to najlep\u0161ie, \u010do trh v s\u00fa\u010dasnosti pon\u00faka.<\/p>\n<p data-start=\"5163\" data-end=\"5376\" data-is-last-node=\"\" data-is-only-node=\"\">S NEXA Ultra 50K Puff jednorazovou e-cigaretou za\u017eijete vapovanie v \u00faplne novej dimenzii. Kto sa zameriava na najvy\u0161\u0161iu kvalitu, najmodernej\u0161iu technol\u00f3giu a maxim\u00e1lnu chu\u0165, ten nem\u00f4\u017ee prejs\u0165 okolo tohto zariadenia.<\/p>","protected":false},"excerpt":{"rendered":"<p>NEXA Ultra 50K Puff Einweg E-Zigarette Georgia Peach lce Revolution\u00e4re Leistung f\u00fcr anspruchsvolle Dampfer Willkommen in der Zukunft des Dampfens \u2013 mit der NEXA Ultra&#8230;<\/p>","protected":false},"featured_media":5715,"template":"","meta":[],"etheme_brands":[],"product_brand":[],"product_cat":[67,49,61],"product_tag":[],"class_list":{"0":"post-5737","1":"product","2":"type-product","3":"status-publish","4":"has-post-thumbnail","6":"product_cat-50k-vape","7":"product_cat-einweg-e-zigarette","8":"product_cat-f","10":"first","11":"outofstock","12":"shipping-taxable","13":"purchasable","14":"product-type-variable"},"yoast_head":"<!-- This site is optimized with the Yoast SEO plugin v26.5 - https:\/\/yoast.com\/wordpress\/plugins\/seo\/ -->\n<title>Der NEXA Ultra 50K mit Georgia Peach Ice liefert 50000 Z\u00fcge Spitzentechnologie und vollen Geschmack | Vapingnet.de<\/title>\n<meta name=\"description\" content=\"Die NEXA Ultra 50K mit Georgia Peach Ice bietet 50.000 Z\u00fcge, 20 ml Kristalltank, 800 mAh Akku &amp; 3D-Display \u2013 High-Tech &amp; intensiver Geschmack!\" \/>\n<meta name=\"robots\" content=\"index, follow, max-snippet:-1, max-image-preview:large, max-video-preview:-1\" \/>\n<link rel=\"canonical\" href=\"https:\/\/vapingnet.de\/sk\/vape\/der-nexa-ultra-50k-mit-georgia-peach-ice-liefert-50000-zuege-spitzentechnologie-und-vollen-geschmack\/\" \/>\n<meta property=\"og:locale\" content=\"sk_SK\" \/>\n<meta property=\"og:type\" content=\"article\" \/>\n<meta property=\"og:title\" content=\"Der NEXA Ultra 50K mit Georgia Peach Ice liefert 50000 Z\u00fcge Spitzentechnologie und vollen Geschmack | Vapingnet.de\" \/>\n<meta property=\"og:description\" content=\"Die NEXA Ultra 50K mit Georgia Peach Ice bietet 50.000 Z\u00fcge, 20 ml Kristalltank, 800 mAh Akku &amp; 3D-Display \u2013 High-Tech &amp; intensiver Geschmack!\" \/>\n<meta property=\"og:url\" content=\"https:\/\/vapingnet.de\/sk\/vape\/der-nexa-ultra-50k-mit-georgia-peach-ice-liefert-50000-zuege-spitzentechnologie-und-vollen-geschmack\/\" \/>\n<meta property=\"og:site_name\" content=\"Vapingnet.de\" \/>\n<meta property=\"article:publisher\" content=\"https:\/\/www.facebook.com\/vapingnetde\/\" \/>\n<meta property=\"article:modified_time\" content=\"2026-04-14T06:41:05+00:00\" \/>\n<meta property=\"og:image\" content=\"https:\/\/vapingnet.de\/wp-content\/uploads\/2025\/03\/50K_GEORGIA_PEACH_ICE-1.png\" \/>\n\t<meta property=\"og:image:width\" content=\"1000\" \/>\n\t<meta property=\"og:image:height\" content=\"1000\" \/>\n\t<meta property=\"og:image:type\" content=\"image\/png\" \/>\n<meta name=\"twitter:card\" content=\"summary_large_image\" \/>\n<meta name=\"twitter:label1\" content=\"Est. reading time\" \/>\n\t<meta name=\"twitter:data1\" content=\"5 minutes\" \/>\n<script type=\"application\/ld+json\" class=\"yoast-schema-graph\">{\"@context\":\"https:\/\/schema.org\",\"@graph\":[{\"@type\":\"WebPage\",\"@id\":\"https:\/\/vapingnet.de\/vape\/der-nexa-ultra-50k-mit-georgia-peach-ice-liefert-50000-zuege-spitzentechnologie-und-vollen-geschmack\/\",\"url\":\"https:\/\/vapingnet.de\/vape\/der-nexa-ultra-50k-mit-georgia-peach-ice-liefert-50000-zuege-spitzentechnologie-und-vollen-geschmack\/\",\"name\":\"Der NEXA Ultra 50K mit Georgia Peach Ice liefert 50000 Z\u00fcge Spitzentechnologie und vollen Geschmack | Vapingnet.de\",\"isPartOf\":{\"@id\":\"https:\/\/vapingnet.de\/#website\"},\"primaryImageOfPage\":{\"@id\":\"https:\/\/vapingnet.de\/vape\/der-nexa-ultra-50k-mit-georgia-peach-ice-liefert-50000-zuege-spitzentechnologie-und-vollen-geschmack\/#primaryimage\"},\"image\":{\"@id\":\"https:\/\/vapingnet.de\/vape\/der-nexa-ultra-50k-mit-georgia-peach-ice-liefert-50000-zuege-spitzentechnologie-und-vollen-geschmack\/#primaryimage\"},\"thumbnailUrl\":\"https:\/\/vapingnet.de\/wp-content\/uploads\/2025\/03\/50K_GEORGIA_PEACH_ICE-1.png\",\"datePublished\":\"2025-03-19T05:38:17+00:00\",\"dateModified\":\"2026-04-14T06:41:05+00:00\",\"description\":\"Die NEXA Ultra 50K mit Georgia Peach Ice bietet 50.000 Z\u00fcge, 20 ml Kristalltank, 800 mAh Akku & 3D-Display \u2013 High-Tech & intensiver Geschmack!\",\"breadcrumb\":{\"@id\":\"https:\/\/vapingnet.de\/vape\/der-nexa-ultra-50k-mit-georgia-peach-ice-liefert-50000-zuege-spitzentechnologie-und-vollen-geschmack\/#breadcrumb\"},\"inLanguage\":\"sk-SK\",\"potentialAction\":[{\"@type\":\"ReadAction\",\"target\":[\"https:\/\/vapingnet.de\/vape\/der-nexa-ultra-50k-mit-georgia-peach-ice-liefert-50000-zuege-spitzentechnologie-und-vollen-geschmack\/\"]}]},{\"@type\":\"ImageObject\",\"inLanguage\":\"sk-SK\",\"@id\":\"https:\/\/vapingnet.de\/vape\/der-nexa-ultra-50k-mit-georgia-peach-ice-liefert-50000-zuege-spitzentechnologie-und-vollen-geschmack\/#primaryimage\",\"url\":\"https:\/\/vapingnet.de\/wp-content\/uploads\/2025\/03\/50K_GEORGIA_PEACH_ICE-1.png\",\"contentUrl\":\"https:\/\/vapingnet.de\/wp-content\/uploads\/2025\/03\/50K_GEORGIA_PEACH_ICE-1.png\",\"width\":1000,\"height\":1000},{\"@type\":\"BreadcrumbList\",\"@id\":\"https:\/\/vapingnet.de\/vape\/der-nexa-ultra-50k-mit-georgia-peach-ice-liefert-50000-zuege-spitzentechnologie-und-vollen-geschmack\/#breadcrumb\",\"itemListElement\":[{\"@type\":\"ListItem\",\"position\":1,\"name\":\"Home\",\"item\":\"https:\/\/vapingnet.de\/\"},{\"@type\":\"ListItem\",\"position\":2,\"name\":\"Shop\",\"item\":\"https:\/\/vapingnet.de\/vape\/\"},{\"@type\":\"ListItem\",\"position\":3,\"name\":\"Der NEXA Ultra 50K mit Georgia Peach Ice liefert 50000 Z\u00fcge Spitzentechnologie und vollen Geschmack\"}]},{\"@type\":\"WebSite\",\"@id\":\"https:\/\/vapingnet.de\/#website\",\"url\":\"https:\/\/vapingnet.de\/\",\"name\":\"Vapingnet.de\",\"description\":\"\",\"publisher\":{\"@id\":\"https:\/\/vapingnet.de\/#organization\"},\"potentialAction\":[{\"@type\":\"SearchAction\",\"target\":{\"@type\":\"EntryPoint\",\"urlTemplate\":\"https:\/\/vapingnet.de\/?s={search_term_string}\"},\"query-input\":{\"@type\":\"PropertyValueSpecification\",\"valueRequired\":true,\"valueName\":\"search_term_string\"}}],\"inLanguage\":\"sk-SK\"},{\"@type\":\"Organization\",\"@id\":\"https:\/\/vapingnet.de\/#organization\",\"name\":\"Vapingnet.de\",\"url\":\"https:\/\/vapingnet.de\/\",\"logo\":{\"@type\":\"ImageObject\",\"inLanguage\":\"sk-SK\",\"@id\":\"https:\/\/vapingnet.de\/#\/schema\/logo\/image\/\",\"url\":\"https:\/\/vapingnet.de\/wp-content\/uploads\/2025\/03\/cropped-vapingnet.de_.jpg\",\"contentUrl\":\"https:\/\/vapingnet.de\/wp-content\/uploads\/2025\/03\/cropped-vapingnet.de_.jpg\",\"width\":512,\"height\":512,\"caption\":\"Vapingnet.de\"},\"image\":{\"@id\":\"https:\/\/vapingnet.de\/#\/schema\/logo\/image\/\"},\"sameAs\":[\"https:\/\/www.facebook.com\/vapingnetde\/\"]}]}<\/script>\n<!-- \/ Yoast SEO plugin. -->","yoast_head_json":{"title":"Der NEXA Ultra 50K mit Georgia Peach Ice liefert 50000 Z\u00fcge Spitzentechnologie und vollen Geschmack | Vapingnet.de","description":"Die NEXA Ultra 50K mit Georgia Peach Ice bietet 50.000 Z\u00fcge, 20 ml Kristalltank, 800 mAh Akku & 3D-Display \u2013 High-Tech & intensiver Geschmack!","robots":{"index":"index","follow":"follow","max-snippet":"max-snippet:-1","max-image-preview":"max-image-preview:large","max-video-preview":"max-video-preview:-1"},"canonical":"https:\/\/vapingnet.de\/sk\/vape\/der-nexa-ultra-50k-mit-georgia-peach-ice-liefert-50000-zuege-spitzentechnologie-und-vollen-geschmack\/","og_locale":"sk_SK","og_type":"article","og_title":"Der NEXA Ultra 50K mit Georgia Peach Ice liefert 50000 Z\u00fcge Spitzentechnologie und vollen Geschmack | Vapingnet.de","og_description":"Die NEXA Ultra 50K mit Georgia Peach Ice bietet 50.000 Z\u00fcge, 20 ml Kristalltank, 800 mAh Akku & 3D-Display \u2013 High-Tech & intensiver Geschmack!","og_url":"https:\/\/vapingnet.de\/sk\/vape\/der-nexa-ultra-50k-mit-georgia-peach-ice-liefert-50000-zuege-spitzentechnologie-und-vollen-geschmack\/","og_site_name":"Vapingnet.de","article_publisher":"https:\/\/www.facebook.com\/vapingnetde\/","article_modified_time":"2026-04-14T06:41:05+00:00","og_image":[{"width":1000,"height":1000,"url":"https:\/\/vapingnet.de\/wp-content\/uploads\/2025\/03\/50K_GEORGIA_PEACH_ICE-1.png","type":"image\/png"}],"twitter_card":"summary_large_image","twitter_misc":{"Est. reading time":"5 minutes"},"schema":{"@context":"https:\/\/schema.org","@graph":[{"@type":"WebPage","@id":"https:\/\/vapingnet.de\/vape\/der-nexa-ultra-50k-mit-georgia-peach-ice-liefert-50000-zuege-spitzentechnologie-und-vollen-geschmack\/","url":"https:\/\/vapingnet.de\/vape\/der-nexa-ultra-50k-mit-georgia-peach-ice-liefert-50000-zuege-spitzentechnologie-und-vollen-geschmack\/","name":"Der NEXA Ultra 50K mit Georgia Peach Ice liefert 50000 Z\u00fcge Spitzentechnologie und vollen Geschmack | Vapingnet.de","isPartOf":{"@id":"https:\/\/vapingnet.de\/#website"},"primaryImageOfPage":{"@id":"https:\/\/vapingnet.de\/vape\/der-nexa-ultra-50k-mit-georgia-peach-ice-liefert-50000-zuege-spitzentechnologie-und-vollen-geschmack\/#primaryimage"},"image":{"@id":"https:\/\/vapingnet.de\/vape\/der-nexa-ultra-50k-mit-georgia-peach-ice-liefert-50000-zuege-spitzentechnologie-und-vollen-geschmack\/#primaryimage"},"thumbnailUrl":"https:\/\/vapingnet.de\/wp-content\/uploads\/2025\/03\/50K_GEORGIA_PEACH_ICE-1.png","datePublished":"2025-03-19T05:38:17+00:00","dateModified":"2026-04-14T06:41:05+00:00","description":"Die NEXA Ultra 50K mit Georgia Peach Ice bietet 50.000 Z\u00fcge, 20 ml Kristalltank, 800 mAh Akku & 3D-Display \u2013 High-Tech & intensiver Geschmack!","breadcrumb":{"@id":"https:\/\/vapingnet.de\/vape\/der-nexa-ultra-50k-mit-georgia-peach-ice-liefert-50000-zuege-spitzentechnologie-und-vollen-geschmack\/#breadcrumb"},"inLanguage":"sk-SK","potentialAction":[{"@type":"ReadAction","target":["https:\/\/vapingnet.de\/vape\/der-nexa-ultra-50k-mit-georgia-peach-ice-liefert-50000-zuege-spitzentechnologie-und-vollen-geschmack\/"]}]},{"@type":"ImageObject","inLanguage":"sk-SK","@id":"https:\/\/vapingnet.de\/vape\/der-nexa-ultra-50k-mit-georgia-peach-ice-liefert-50000-zuege-spitzentechnologie-und-vollen-geschmack\/#primaryimage","url":"https:\/\/vapingnet.de\/wp-content\/uploads\/2025\/03\/50K_GEORGIA_PEACH_ICE-1.png","contentUrl":"https:\/\/vapingnet.de\/wp-content\/uploads\/2025\/03\/50K_GEORGIA_PEACH_ICE-1.png","width":1000,"height":1000},{"@type":"BreadcrumbList","@id":"https:\/\/vapingnet.de\/vape\/der-nexa-ultra-50k-mit-georgia-peach-ice-liefert-50000-zuege-spitzentechnologie-und-vollen-geschmack\/#breadcrumb","itemListElement":[{"@type":"ListItem","position":1,"name":"Home","item":"https:\/\/vapingnet.de\/"},{"@type":"ListItem","position":2,"name":"Shop","item":"https:\/\/vapingnet.de\/vape\/"},{"@type":"ListItem","position":3,"name":"Der NEXA Ultra 50K mit Georgia Peach Ice liefert 50000 Z\u00fcge Spitzentechnologie und vollen Geschmack"}]},{"@type":"WebSite","@id":"https:\/\/vapingnet.de\/#website","url":"https:\/\/vapingnet.de\/","name":"Vapingnet.de","description":"","publisher":{"@id":"https:\/\/vapingnet.de\/#organization"},"potentialAction":[{"@type":"SearchAction","target":{"@type":"EntryPoint","urlTemplate":"https:\/\/vapingnet.de\/?s={search_term_string}"},"query-input":{"@type":"PropertyValueSpecification","valueRequired":true,"valueName":"search_term_string"}}],"inLanguage":"sk-SK"},{"@type":"Organization","@id":"https:\/\/vapingnet.de\/#organization","name":"Vapingnet.de","url":"https:\/\/vapingnet.de\/","logo":{"@type":"ImageObject","inLanguage":"sk-SK","@id":"https:\/\/vapingnet.de\/#\/schema\/logo\/image\/","url":"https:\/\/vapingnet.de\/wp-content\/uploads\/2025\/03\/cropped-vapingnet.de_.jpg","contentUrl":"https:\/\/vapingnet.de\/wp-content\/uploads\/2025\/03\/cropped-vapingnet.de_.jpg","width":512,"height":512,"caption":"Vapingnet.de"},"image":{"@id":"https:\/\/vapingnet.de\/#\/schema\/logo\/image\/"},"sameAs":["https:\/\/www.facebook.com\/vapingnetde\/"]}]}},"tiered_pricing_type":"fixed","tiered_pricing_fixed_rules":[],"tiered_pricing_product_settings":{"layout":"default","base_unit_name":{"singular":null,"plural":null},"default_variation":null},"tiered_pricing_minimum_quantity":null,"tiered_pricing_roles_data":[],"tiered_pricing_percentage_rules":[],"_links":{"self":[{"href":"https:\/\/vapingnet.de\/sk\/wp-json\/wp\/v2\/product\/5737","targetHints":{"allow":["GET"]}}],"collection":[{"href":"https:\/\/vapingnet.de\/sk\/wp-json\/wp\/v2\/product"}],"about":[{"href":"https:\/\/vapingnet.de\/sk\/wp-json\/wp\/v2\/types\/product"}],"version-history":[{"count":1,"href":"https:\/\/vapingnet.de\/sk\/wp-json\/wp\/v2\/product\/5737\/revisions"}],"predecessor-version":[{"id":5764,"href":"https:\/\/vapingnet.de\/sk\/wp-json\/wp\/v2\/product\/5737\/revisions\/5764"}],"wp:featuredmedia":[{"embeddable":true,"href":"https:\/\/vapingnet.de\/sk\/wp-json\/wp\/v2\/media\/5715"}],"wp:attachment":[{"href":"https:\/\/vapingnet.de\/sk\/wp-json\/wp\/v2\/media?parent=5737"}],"wp:term":[{"taxonomy":"brand","embeddable":true,"href":"https:\/\/vapingnet.de\/sk\/wp-json\/wp\/v2\/etheme_brands?post=5737"},{"taxonomy":"product_brand","embeddable":true,"href":"https:\/\/vapingnet.de\/sk\/wp-json\/wp\/v2\/product_brand?post=5737"},{"taxonomy":"product_cat","embeddable":true,"href":"https:\/\/vapingnet.de\/sk\/wp-json\/wp\/v2\/product_cat?post=5737"},{"taxonomy":"product_tag","embeddable":true,"href":"https:\/\/vapingnet.de\/sk\/wp-json\/wp\/v2\/product_tag?post=5737"}],"curies":[{"name":"wp","href":"https:\/\/api.w.org\/{rel}","templated":true}]}}