{"id":5739,"date":"2025-03-19T05:38:19","date_gmt":"2025-03-19T05:38:19","guid":{"rendered":"https:\/\/vapingnet.de\/?post_type=product&#038;p=5739"},"modified":"2025-06-19T03:37:12","modified_gmt":"2025-06-19T03:37:12","slug":"sonnengereifte-mangos-mit-einem-hauch-tropischer-frische-nexa-ultra-50k-und-mango-oasis","status":"publish","type":"product","link":"https:\/\/vapingnet.de\/sk\/vape\/sonnengereifte-mangos-mit-einem-hauch-tropischer-frische-nexa-ultra-50k-und-mango-oasis\/","title":{"rendered":"Slne\u010dne zrel\u00e9 manga s n\u00e1dychom tropickej svie\u017eosti NEXA Ultra 50K a Mango Oasis"},"content":{"rendered":"<h2 data-start=\"0\" data-end=\"90\">NEXA Ultra 50K Puff Jednorazov\u00e1 E-Cigareta Inov\u00e1cia stret\u00e1va tropick\u00fd p\u00f4\u017eitok<\/h2>\n<p data-start=\"92\" data-end=\"518\">NEXA Ultra 50K Puff <strong><a href=\"https:\/\/vapingnet.de\/sk\/k\/einweg-e-zigarette\/\">Jednorazov\u00e1 e-cigareta<\/a><\/strong> je ide\u00e1lnou vo\u013ebou pre n\u00e1ro\u010dn\u00fdch faj\u010diarov, ktor\u00ed klad\u00fa d\u00f4raz na v\u00fdnimo\u010dn\u00fd v\u00fdkon, modern\u00fd dizajn a intenz\u00edvnu chu\u0165. S p\u00f4sobivou kapacitou puffov <strong><a href=\"https:\/\/vapingnet.de\/sk\/k\/50k-vape\/\">50k vape<\/a><\/strong>, vidite\u013enou kry\u0161t\u00e1lovou n\u00e1dr\u017ekou s 20 ml tekutiny a najmodernej\u0161ou 3D zakrivenou displejovou technol\u00f3giou nastavuje toto zariadenie nov\u00e9 \u0161tandardy v oblasti jednorazov\u00fdch e-cigariet.<\/p>\n<h3 data-start=\"520\" data-end=\"588\">Maxim\u00e1lny v\u00fdkon \u2013 Dva re\u017eimy pre individu\u00e1lne faj\u010denie<\/h3>\n<p data-start=\"589\" data-end=\"754\">NEXA Ultra pon\u00faka nielen extr\u00e9mne vysok\u00fd po\u010det puffov, ale aj dva r\u00f4zne re\u017eimy faj\u010denia, aby si pou\u017e\u00edvate\u013e mohol prisp\u00f4sobi\u0165 z\u00e1\u017eitok pod\u013ea svojich preferenci\u00ed:<\/p>\n<ul data-start=\"755\" data-end=\"1051\">\n<li data-start=\"755\" data-end=\"894\">Norm\u00e1lny re\u017eim (50K puffov) \u2013 Zabezpe\u010duje rovnomern\u00fd v\u00fdvoj pary s optim\u00e1lnou v\u00fddr\u017eou bat\u00e9rie a jemn\u00fdm rozvojom chuti.<\/li>\n<li data-start=\"895\" data-end=\"1051\">Turbo re\u017eim (30K puffov) \u2013 Pre intenz\u00edvnej\u0161iu paru a silnej\u0161iu chu\u0165, ide\u00e1lny pre faj\u010diarov, ktor\u00ed chc\u00fa vychutna\u0165 si pln\u00e9 ar\u00f3my naraz.<\/li>\n<\/ul>\n<p data-start=\"1053\" data-end=\"1217\">V\u010faka tejto flexibilnej vo\u013ebe sa NEXA Ultra 50K odli\u0161uje od be\u017en\u00fdch jednorazov\u00fdch vape a umo\u017e\u0148uje individu\u00e1lne ovl\u00e1danie z\u00e1\u017eitku z faj\u010denia.<\/p>\n<h3 data-start=\"1219\" data-end=\"1289\">Prieh\u013eadn\u00e1 kry\u0161t\u00e1lov\u00e1 n\u00e1dr\u017eka \u2013 Jasn\u00fd poh\u013ead na hladinu tekutiny<\/h3>\n<p data-start=\"1290\" data-end=\"1596\">\u0160peci\u00e1lnou atrakciou NEXA Ultra je jej vidite\u013en\u00e1 20 ml kry\u0161t\u00e1lov\u00e1 n\u00e1dr\u017eka. Tento inovat\u00edvny dizajn umo\u017e\u0148uje kontrolu hladiny tekutiny kedyko\u013evek, tak\u017ee v\u017edy presne viete, kedy je potrebn\u00e9 doplni\u0165 \u2013 aj ke\u010f pri kapacite 50 000 potiahnut\u00ed to bude zriedkav\u00e9.<\/p>\n<p data-start=\"1598\" data-end=\"1774\">Kry\u0161t\u00e1lov\u00fd efekt navy\u0161e zabezpe\u010duje elegantn\u00fd vzh\u013ead a dod\u00e1va zariadeniu jedine\u010dn\u00fd, futuristick\u00fd vzh\u013ead, ktor\u00fd jasne odli\u0161uje od in\u00fdch jednorazov\u00fdch e-cigariet.<\/p>\n<h3 data-start=\"1776\" data-end=\"1850\">Pr\u00edchu\u0165: Mango Oasis \u2013 Tropick\u00fd p\u00f4\u017eitok pri ka\u017edom potiahnut\u00ed<\/h3>\n<p data-start=\"1851\" data-end=\"2020\">T\u00e1 <strong><a href=\"https:\/\/vapingnet.de\/sk\/nexa-ultra-50000-puffs\/\">NEXA Ultra 50K pufy<\/a><\/strong> je dostupn\u00e1 v unik\u00e1tnej variante Mango Oasis \u2013 tropick\u00e1, sladk\u00e1 chu\u0165, ktor\u00e1 evokuje pocit slne\u010dn\u00e9ho raja.<\/p>\n<p data-start=\"2022\" data-end=\"2302\">Pri ka\u017edom potiahnut\u00ed sa rozv\u00edja ar\u00f3ma zrel\u00e9ho, \u0161\u0165avnat\u00e9ho manga, ktor\u00e1 je dokonale vyv\u00e1\u017een\u00e1 jemnou svie\u017eos\u0165ou. Tento exotick\u00fd a osvie\u017euj\u00faci z\u00e1\u017eitok z faj\u010denia je ide\u00e1lny pre milovn\u00edkov ovocn\u00fdch chut\u00ed a prin\u00e1\u0161a k\u00fasok tropick\u00e9ho slnka do ka\u017edodenn\u00e9ho \u017eivota.<\/p>\n<p data-start=\"2304\" data-end=\"2456\">Stupe\u0148 nikot\u00ednu 5 % zabezpe\u010duje pr\u00edjemn\u00fd, ale siln\u00fd nikot\u00ednov\u00fd z\u00e1\u0161\u013eah, ktor\u00fd uspokoj\u00ed ako prechodn\u00edkov, tak sk\u00fasen\u00fdch faj\u010diarov.<\/p>\n<h3 data-start=\"2458\" data-end=\"2518\">Najmodernej\u0161\u00ed 3D zakriven\u00fd displej pre \u00fapln\u00fa kontrolu<\/h3>\n<p data-start=\"2519\" data-end=\"2860\">NEXA Ultra 50K je vybaven\u00e1 inovat\u00edvnym 3D zakriven\u00fdm displejom, ktor\u00fd preh\u013eadne zobrazuje v\u0161etky d\u00f4le\u017eit\u00e9 inform\u00e1cie:<br data-start=\"2645\" data-end=\"2648\" \/>Stav bat\u00e9rie \u2013 V\u017edy vedie\u0165, kedy je potrebn\u00e9 nab\u00edjanie.<br data-start=\"2710\" data-end=\"2713\" \/>Hladina tekutiny \u2013 V\u010faka prieh\u013eadn\u00e9mu dizajnu n\u00e1dr\u017eky st\u00e1le na o\u010diach.<br data-start=\"2783\" data-end=\"2786\" \/>Re\u017eim \u2013 Jednoducho prep\u00edna\u0165 medzi norm\u00e1lnym a turbo re\u017eimom.<\/p>\n<p data-start=\"2862\" data-end=\"2976\">Zaklenut\u00e9 sklenen\u00e9 prevedenie dod\u00e1va e-cigarete elegantn\u00fd vzh\u013ead a odli\u0161uje ju od be\u017en\u00fdch modelov.<\/p>\n<h3 data-start=\"2978\" data-end=\"3041\">V\u00fdkonn\u00e1 bat\u00e9ria 800 mAh s r\u00fdchlym nab\u00edjan\u00edm USB-C<\/h3>\n<p data-start=\"3042\" data-end=\"3312\">V\u010faka bat\u00e9rii 800 mAh pon\u00faka NEXA Ultra vynikaj\u00facu v\u00fddr\u017e. Ak by sa bat\u00e9ria predsa len vybila, funkcia r\u00fdchleho nab\u00edjania USB-C zabezpe\u010d\u00ed r\u00fdchle a jednoduch\u00e9 dobitie \u2013 tak\u017ee zariadenie je op\u00e4\u0165 pripraven\u00e9 na pou\u017eitie v kr\u00e1tkom \u010dase.<\/p>\n<p data-start=\"3314\" data-end=\"3424\">V\u010faka energeticky \u00faspornej technol\u00f3gii zost\u00e1va v\u00fdkon stabiln\u00fd, \u010di u\u017e v norm\u00e1lnom alebo turbo re\u017eime.<\/p>\n<h3 data-start=\"3426\" data-end=\"3479\">Jednoduch\u00e9 ovl\u00e1danie \u2013 ide\u00e1lne na ka\u017edodenn\u00e9 pou\u017eitie<\/h3>\n<p data-start=\"3480\" data-end=\"3703\">Ako sa patr\u00ed na modern\u00fa jednorazov\u00fa e-cigaretu, je NEXA Ultra aktivovan\u00e1 \u0165ahom, to znamen\u00e1, \u017ee sa aktivuje jednoduch\u00fdm \u0165ahom za \u00fastnik \u2013 \u017eiadne tla\u010didl\u00e1, \u017eiadne zlo\u017eit\u00e9 nastavovanie.<\/p>\n<p data-start=\"3705\" data-end=\"3805\">Kompaktn\u00fd dizajn zabezpe\u010duje maxim\u00e1lny komfort, \u010di u\u017e ste na cest\u00e1ch, v pr\u00e1ci alebo doma.<\/p>\n<h3 data-start=\"3807\" data-end=\"3873\">7. Praktick\u00e9 balenie \u2013 Ide\u00e1lne pre \u010dast\u00fdch pou\u017e\u00edvate\u013eov a predajcov<\/h3>\n<p data-start=\"3874\" data-end=\"4134\">Jednorazov\u00e1 e-cigareta NEXA Ultra 50K Puff sa dod\u00e1va v balen\u00ed s 5 kusmi. To z nej rob\u00ed nielen ide\u00e1lnu vo\u013ebu pre vlastn\u00fa potrebu, ale aj pre predajcov, ktor\u00ed chc\u00fa svojim z\u00e1kazn\u00edkom pon\u00faknu\u0165 exkluz\u00edvny, v\u00fdkonn\u00fd produkt.<\/p>\n<h3 data-start=\"4136\" data-end=\"4212\">Pre\u010do je NEXA Ultra 50K s Mango Oasis nevyhnutnos\u0165ou<\/h3>\n<p data-start=\"4213\" data-end=\"4475\">S jej extr\u00e9mnou kapacitou na potiahnutia, inovat\u00edvnou kry\u0161t\u00e1lovou n\u00e1dr\u017eou, v\u00fdkonn\u00fdmi re\u017eimami, kvalitn\u00fdm 3D displejom a dlhou v\u00fddr\u017eou bat\u00e9rie nastavuje NEXA Ultra 50K Puff jednorazov\u00e1 e-cigareta nov\u00e9 \u0161tandardy v svete vapingu.<\/p>\n<p data-start=\"4477\" data-end=\"4683\">Pr\u00edchu\u0165 Mango Oasis pon\u00faka dokonal\u00fa rovnov\u00e1hu medzi sladkou, exotickou mangom a pr\u00edjemnou svie\u017eos\u0165ou \u2013 ide\u00e1lna pre t\u00fdch, ktor\u00ed si chc\u00fa vychutna\u0165 chu\u0165 leta pri ka\u017edom n\u00e1dychu.<\/p>\n<p data-start=\"4685\" data-end=\"4888\" data-is-last-node=\"\" data-is-only-node=\"\">\u010ci u\u017e pre sk\u00fasen\u00fdch vapistov alebo nov\u00e1\u010dikov \u2013 NEXA Ultra 50K Puff je dokonal\u00e9 zariadenie pre v\u0161etk\u00fdch, ktor\u00ed klad\u00fa d\u00f4raz na najvy\u0161\u0161iu kvalitu, najmodernej\u0161iu technol\u00f3giu a jedine\u010dn\u00fd chu\u0165ov\u00fd z\u00e1\u017eitok.<\/p>","protected":false},"excerpt":{"rendered":"<p>NEXA Ultra 50K Puff Einweg E-Zigarette Innovation trifft auf tropischen Genuss Die NEXA Ultra 50K Puff Einweg E-Zigarette ist die perfekte Wahl f\u00fcr anspruchsvolle Dampfer,&#8230;<\/p>","protected":false},"featured_media":5716,"template":"","meta":[],"etheme_brands":[],"product_brand":[],"product_cat":[67,49,61],"product_tag":[],"class_list":{"0":"post-5739","1":"product","2":"type-product","3":"status-publish","4":"has-post-thumbnail","6":"product_cat-50k-vape","7":"product_cat-einweg-e-zigarette","8":"product_cat-f","10":"first","11":"instock","12":"shipping-taxable","13":"purchasable","14":"product-type-variable"},"yoast_head":"<!-- This site is optimized with the Yoast SEO plugin v26.5 - https:\/\/yoast.com\/wordpress\/plugins\/seo\/ -->\n<title>Sonnengereifte Mangos mit einem Hauch tropischer Frische NEXA Ultra 50K und Mango Oasis | Vapingnet.de<\/title>\n<meta name=\"description\" content=\"NEXA Ultra 50K mit Mango Oasis liefert 50.000 Z\u00fcge und ein unvergleichliches Dampferlebnis \u2013 tropisch-s\u00fc\u00dfer Mangogenuss mit jeder Inhalation!\" \/>\n<meta name=\"robots\" content=\"index, follow, max-snippet:-1, max-image-preview:large, max-video-preview:-1\" \/>\n<link rel=\"canonical\" href=\"https:\/\/vapingnet.de\/sk\/vape\/sonnengereifte-mangos-mit-einem-hauch-tropischer-frische-nexa-ultra-50k-und-mango-oasis\/\" \/>\n<meta property=\"og:locale\" content=\"sk_SK\" \/>\n<meta property=\"og:type\" content=\"article\" \/>\n<meta property=\"og:title\" content=\"Sonnengereifte Mangos mit einem Hauch tropischer Frische NEXA Ultra 50K und Mango Oasis | Vapingnet.de\" \/>\n<meta property=\"og:description\" content=\"NEXA Ultra 50K mit Mango Oasis liefert 50.000 Z\u00fcge und ein unvergleichliches Dampferlebnis \u2013 tropisch-s\u00fc\u00dfer Mangogenuss mit jeder Inhalation!\" \/>\n<meta property=\"og:url\" content=\"https:\/\/vapingnet.de\/sk\/vape\/sonnengereifte-mangos-mit-einem-hauch-tropischer-frische-nexa-ultra-50k-und-mango-oasis\/\" \/>\n<meta property=\"og:site_name\" content=\"Vapingnet.de\" \/>\n<meta property=\"article:publisher\" content=\"https:\/\/www.facebook.com\/vapingnetde\/\" \/>\n<meta property=\"article:modified_time\" content=\"2025-06-19T03:37:12+00:00\" \/>\n<meta property=\"og:image\" content=\"https:\/\/vapingnet.de\/wp-content\/uploads\/2025\/03\/50K_MANGO_OASIS-1.png\" \/>\n\t<meta property=\"og:image:width\" content=\"1000\" \/>\n\t<meta property=\"og:image:height\" content=\"1000\" \/>\n\t<meta property=\"og:image:type\" content=\"image\/png\" \/>\n<meta name=\"twitter:card\" content=\"summary_large_image\" \/>\n<meta name=\"twitter:label1\" content=\"Est. reading time\" \/>\n\t<meta name=\"twitter:data1\" content=\"4 minutes\" \/>\n<script type=\"application\/ld+json\" class=\"yoast-schema-graph\">{\"@context\":\"https:\/\/schema.org\",\"@graph\":[{\"@type\":\"WebPage\",\"@id\":\"https:\/\/vapingnet.de\/vape\/sonnengereifte-mangos-mit-einem-hauch-tropischer-frische-nexa-ultra-50k-und-mango-oasis\/\",\"url\":\"https:\/\/vapingnet.de\/vape\/sonnengereifte-mangos-mit-einem-hauch-tropischer-frische-nexa-ultra-50k-und-mango-oasis\/\",\"name\":\"Sonnengereifte Mangos mit einem Hauch tropischer Frische NEXA Ultra 50K und Mango Oasis | Vapingnet.de\",\"isPartOf\":{\"@id\":\"https:\/\/vapingnet.de\/#website\"},\"primaryImageOfPage\":{\"@id\":\"https:\/\/vapingnet.de\/vape\/sonnengereifte-mangos-mit-einem-hauch-tropischer-frische-nexa-ultra-50k-und-mango-oasis\/#primaryimage\"},\"image\":{\"@id\":\"https:\/\/vapingnet.de\/vape\/sonnengereifte-mangos-mit-einem-hauch-tropischer-frische-nexa-ultra-50k-und-mango-oasis\/#primaryimage\"},\"thumbnailUrl\":\"https:\/\/vapingnet.de\/wp-content\/uploads\/2025\/03\/50K_MANGO_OASIS-1.png\",\"datePublished\":\"2025-03-19T05:38:19+00:00\",\"dateModified\":\"2025-06-19T03:37:12+00:00\",\"description\":\"NEXA Ultra 50K mit Mango Oasis liefert 50.000 Z\u00fcge und ein unvergleichliches Dampferlebnis \u2013 tropisch-s\u00fc\u00dfer Mangogenuss mit jeder Inhalation!\",\"breadcrumb\":{\"@id\":\"https:\/\/vapingnet.de\/vape\/sonnengereifte-mangos-mit-einem-hauch-tropischer-frische-nexa-ultra-50k-und-mango-oasis\/#breadcrumb\"},\"inLanguage\":\"sk-SK\",\"potentialAction\":[{\"@type\":\"ReadAction\",\"target\":[\"https:\/\/vapingnet.de\/vape\/sonnengereifte-mangos-mit-einem-hauch-tropischer-frische-nexa-ultra-50k-und-mango-oasis\/\"]}]},{\"@type\":\"ImageObject\",\"inLanguage\":\"sk-SK\",\"@id\":\"https:\/\/vapingnet.de\/vape\/sonnengereifte-mangos-mit-einem-hauch-tropischer-frische-nexa-ultra-50k-und-mango-oasis\/#primaryimage\",\"url\":\"https:\/\/vapingnet.de\/wp-content\/uploads\/2025\/03\/50K_MANGO_OASIS-1.png\",\"contentUrl\":\"https:\/\/vapingnet.de\/wp-content\/uploads\/2025\/03\/50K_MANGO_OASIS-1.png\",\"width\":1000,\"height\":1000},{\"@type\":\"BreadcrumbList\",\"@id\":\"https:\/\/vapingnet.de\/vape\/sonnengereifte-mangos-mit-einem-hauch-tropischer-frische-nexa-ultra-50k-und-mango-oasis\/#breadcrumb\",\"itemListElement\":[{\"@type\":\"ListItem\",\"position\":1,\"name\":\"Home\",\"item\":\"https:\/\/vapingnet.de\/\"},{\"@type\":\"ListItem\",\"position\":2,\"name\":\"Shop\",\"item\":\"https:\/\/vapingnet.de\/vape\/\"},{\"@type\":\"ListItem\",\"position\":3,\"name\":\"Sonnengereifte Mangos mit einem Hauch tropischer Frische NEXA Ultra 50K und Mango Oasis\"}]},{\"@type\":\"WebSite\",\"@id\":\"https:\/\/vapingnet.de\/#website\",\"url\":\"https:\/\/vapingnet.de\/\",\"name\":\"Vapingnet.de\",\"description\":\"\",\"publisher\":{\"@id\":\"https:\/\/vapingnet.de\/#organization\"},\"potentialAction\":[{\"@type\":\"SearchAction\",\"target\":{\"@type\":\"EntryPoint\",\"urlTemplate\":\"https:\/\/vapingnet.de\/?s={search_term_string}\"},\"query-input\":{\"@type\":\"PropertyValueSpecification\",\"valueRequired\":true,\"valueName\":\"search_term_string\"}}],\"inLanguage\":\"sk-SK\"},{\"@type\":\"Organization\",\"@id\":\"https:\/\/vapingnet.de\/#organization\",\"name\":\"Vapingnet.de\",\"url\":\"https:\/\/vapingnet.de\/\",\"logo\":{\"@type\":\"ImageObject\",\"inLanguage\":\"sk-SK\",\"@id\":\"https:\/\/vapingnet.de\/#\/schema\/logo\/image\/\",\"url\":\"https:\/\/vapingnet.de\/wp-content\/uploads\/2025\/03\/cropped-vapingnet.de_.jpg\",\"contentUrl\":\"https:\/\/vapingnet.de\/wp-content\/uploads\/2025\/03\/cropped-vapingnet.de_.jpg\",\"width\":512,\"height\":512,\"caption\":\"Vapingnet.de\"},\"image\":{\"@id\":\"https:\/\/vapingnet.de\/#\/schema\/logo\/image\/\"},\"sameAs\":[\"https:\/\/www.facebook.com\/vapingnetde\/\"]}]}<\/script>\n<!-- \/ Yoast SEO plugin. -->","yoast_head_json":{"title":"Sonnengereifte Mangos mit einem Hauch tropischer Frische NEXA Ultra 50K und Mango Oasis | Vapingnet.de","description":"NEXA Ultra 50K mit Mango Oasis liefert 50.000 Z\u00fcge und ein unvergleichliches Dampferlebnis \u2013 tropisch-s\u00fc\u00dfer Mangogenuss mit jeder Inhalation!","robots":{"index":"index","follow":"follow","max-snippet":"max-snippet:-1","max-image-preview":"max-image-preview:large","max-video-preview":"max-video-preview:-1"},"canonical":"https:\/\/vapingnet.de\/sk\/vape\/sonnengereifte-mangos-mit-einem-hauch-tropischer-frische-nexa-ultra-50k-und-mango-oasis\/","og_locale":"sk_SK","og_type":"article","og_title":"Sonnengereifte Mangos mit einem Hauch tropischer Frische NEXA Ultra 50K und Mango Oasis | Vapingnet.de","og_description":"NEXA Ultra 50K mit Mango Oasis liefert 50.000 Z\u00fcge und ein unvergleichliches Dampferlebnis \u2013 tropisch-s\u00fc\u00dfer Mangogenuss mit jeder Inhalation!","og_url":"https:\/\/vapingnet.de\/sk\/vape\/sonnengereifte-mangos-mit-einem-hauch-tropischer-frische-nexa-ultra-50k-und-mango-oasis\/","og_site_name":"Vapingnet.de","article_publisher":"https:\/\/www.facebook.com\/vapingnetde\/","article_modified_time":"2025-06-19T03:37:12+00:00","og_image":[{"width":1000,"height":1000,"url":"https:\/\/vapingnet.de\/wp-content\/uploads\/2025\/03\/50K_MANGO_OASIS-1.png","type":"image\/png"}],"twitter_card":"summary_large_image","twitter_misc":{"Est. reading time":"4 minutes"},"schema":{"@context":"https:\/\/schema.org","@graph":[{"@type":"WebPage","@id":"https:\/\/vapingnet.de\/vape\/sonnengereifte-mangos-mit-einem-hauch-tropischer-frische-nexa-ultra-50k-und-mango-oasis\/","url":"https:\/\/vapingnet.de\/vape\/sonnengereifte-mangos-mit-einem-hauch-tropischer-frische-nexa-ultra-50k-und-mango-oasis\/","name":"Sonnengereifte Mangos mit einem Hauch tropischer Frische NEXA Ultra 50K und Mango Oasis | Vapingnet.de","isPartOf":{"@id":"https:\/\/vapingnet.de\/#website"},"primaryImageOfPage":{"@id":"https:\/\/vapingnet.de\/vape\/sonnengereifte-mangos-mit-einem-hauch-tropischer-frische-nexa-ultra-50k-und-mango-oasis\/#primaryimage"},"image":{"@id":"https:\/\/vapingnet.de\/vape\/sonnengereifte-mangos-mit-einem-hauch-tropischer-frische-nexa-ultra-50k-und-mango-oasis\/#primaryimage"},"thumbnailUrl":"https:\/\/vapingnet.de\/wp-content\/uploads\/2025\/03\/50K_MANGO_OASIS-1.png","datePublished":"2025-03-19T05:38:19+00:00","dateModified":"2025-06-19T03:37:12+00:00","description":"NEXA Ultra 50K mit Mango Oasis liefert 50.000 Z\u00fcge und ein unvergleichliches Dampferlebnis \u2013 tropisch-s\u00fc\u00dfer Mangogenuss mit jeder Inhalation!","breadcrumb":{"@id":"https:\/\/vapingnet.de\/vape\/sonnengereifte-mangos-mit-einem-hauch-tropischer-frische-nexa-ultra-50k-und-mango-oasis\/#breadcrumb"},"inLanguage":"sk-SK","potentialAction":[{"@type":"ReadAction","target":["https:\/\/vapingnet.de\/vape\/sonnengereifte-mangos-mit-einem-hauch-tropischer-frische-nexa-ultra-50k-und-mango-oasis\/"]}]},{"@type":"ImageObject","inLanguage":"sk-SK","@id":"https:\/\/vapingnet.de\/vape\/sonnengereifte-mangos-mit-einem-hauch-tropischer-frische-nexa-ultra-50k-und-mango-oasis\/#primaryimage","url":"https:\/\/vapingnet.de\/wp-content\/uploads\/2025\/03\/50K_MANGO_OASIS-1.png","contentUrl":"https:\/\/vapingnet.de\/wp-content\/uploads\/2025\/03\/50K_MANGO_OASIS-1.png","width":1000,"height":1000},{"@type":"BreadcrumbList","@id":"https:\/\/vapingnet.de\/vape\/sonnengereifte-mangos-mit-einem-hauch-tropischer-frische-nexa-ultra-50k-und-mango-oasis\/#breadcrumb","itemListElement":[{"@type":"ListItem","position":1,"name":"Home","item":"https:\/\/vapingnet.de\/"},{"@type":"ListItem","position":2,"name":"Shop","item":"https:\/\/vapingnet.de\/vape\/"},{"@type":"ListItem","position":3,"name":"Sonnengereifte Mangos mit einem Hauch tropischer Frische NEXA Ultra 50K und Mango Oasis"}]},{"@type":"WebSite","@id":"https:\/\/vapingnet.de\/#website","url":"https:\/\/vapingnet.de\/","name":"Vapingnet.de","description":"","publisher":{"@id":"https:\/\/vapingnet.de\/#organization"},"potentialAction":[{"@type":"SearchAction","target":{"@type":"EntryPoint","urlTemplate":"https:\/\/vapingnet.de\/?s={search_term_string}"},"query-input":{"@type":"PropertyValueSpecification","valueRequired":true,"valueName":"search_term_string"}}],"inLanguage":"sk-SK"},{"@type":"Organization","@id":"https:\/\/vapingnet.de\/#organization","name":"Vapingnet.de","url":"https:\/\/vapingnet.de\/","logo":{"@type":"ImageObject","inLanguage":"sk-SK","@id":"https:\/\/vapingnet.de\/#\/schema\/logo\/image\/","url":"https:\/\/vapingnet.de\/wp-content\/uploads\/2025\/03\/cropped-vapingnet.de_.jpg","contentUrl":"https:\/\/vapingnet.de\/wp-content\/uploads\/2025\/03\/cropped-vapingnet.de_.jpg","width":512,"height":512,"caption":"Vapingnet.de"},"image":{"@id":"https:\/\/vapingnet.de\/#\/schema\/logo\/image\/"},"sameAs":["https:\/\/www.facebook.com\/vapingnetde\/"]}]}},"tiered_pricing_type":"fixed","tiered_pricing_fixed_rules":[],"tiered_pricing_product_settings":{"layout":"default","base_unit_name":{"singular":null,"plural":null},"default_variation":null},"tiered_pricing_minimum_quantity":null,"tiered_pricing_roles_data":[],"tiered_pricing_percentage_rules":[],"_links":{"self":[{"href":"https:\/\/vapingnet.de\/sk\/wp-json\/wp\/v2\/product\/5739","targetHints":{"allow":["GET"]}}],"collection":[{"href":"https:\/\/vapingnet.de\/sk\/wp-json\/wp\/v2\/product"}],"about":[{"href":"https:\/\/vapingnet.de\/sk\/wp-json\/wp\/v2\/types\/product"}],"version-history":[{"count":1,"href":"https:\/\/vapingnet.de\/sk\/wp-json\/wp\/v2\/product\/5739\/revisions"}],"predecessor-version":[{"id":5765,"href":"https:\/\/vapingnet.de\/sk\/wp-json\/wp\/v2\/product\/5739\/revisions\/5765"}],"wp:featuredmedia":[{"embeddable":true,"href":"https:\/\/vapingnet.de\/sk\/wp-json\/wp\/v2\/media\/5716"}],"wp:attachment":[{"href":"https:\/\/vapingnet.de\/sk\/wp-json\/wp\/v2\/media?parent=5739"}],"wp:term":[{"taxonomy":"brand","embeddable":true,"href":"https:\/\/vapingnet.de\/sk\/wp-json\/wp\/v2\/etheme_brands?post=5739"},{"taxonomy":"product_brand","embeddable":true,"href":"https:\/\/vapingnet.de\/sk\/wp-json\/wp\/v2\/product_brand?post=5739"},{"taxonomy":"product_cat","embeddable":true,"href":"https:\/\/vapingnet.de\/sk\/wp-json\/wp\/v2\/product_cat?post=5739"},{"taxonomy":"product_tag","embeddable":true,"href":"https:\/\/vapingnet.de\/sk\/wp-json\/wp\/v2\/product_tag?post=5739"}],"curies":[{"name":"wp","href":"https:\/\/api.w.org\/{rel}","templated":true}]}}