{"id":5741,"date":"2025-03-19T05:38:20","date_gmt":"2025-03-19T05:38:20","guid":{"rendered":"https:\/\/vapingnet.de\/?post_type=product&#038;p=5741"},"modified":"2026-04-14T06:41:05","modified_gmt":"2026-04-14T06:41:05","slug":"nexa-ultra-50k-miami-mint-bietet-eine-erfrischende-minz-mischung-mit-einem-hauch-suesse-perfekt-fuer-einen-kuehlen-mentholigen-genuss","status":"publish","type":"product","link":"https:\/\/vapingnet.de\/sk\/vape\/nexa-ultra-50k-miami-mint-bietet-eine-erfrischende-minz-mischung-mit-einem-hauch-suesse-perfekt-fuer-einen-kuehlen-mentholigen-genuss\/","title":{"rendered":"NEXA Ultra 50K Miami Mint pon\u00faka osvie\u017euj\u00facu m\u00e4tov\u00fa zmes s n\u00e1dychom sladkosti, ide\u00e1lne pre chladiv\u00fd mentolov\u00fd p\u00f4\u017eitok"},"content":{"rendered":"<h2 data-start=\"0\" data-end=\"111\">NEXA Ultra 50K Puff Jednorazov\u00e1 e-cigareta \u2013 Maxim\u00e1lny v\u00fdkon stret\u00e1va osvie\u017euj\u00faci z\u00e1\u017eitok z Miami Mint<\/h2>\n<p data-start=\"113\" data-end=\"465\">NEXA Ultra 50K Puff <strong><a href=\"https:\/\/vapingnet.de\/sk\/k\/einweg-e-zigarette\/\">Jednorazov\u00e1 e-cigareta<\/a><\/strong> stanovuje nov\u00e9 \u0161tandardy v svete vapingu. S obrovskou kapacitou <strong><a href=\"https:\/\/vapingnet.de\/sk\/k\/50k-vape\/\">50k vape<\/a><\/strong>, vidite\u013enou 20 ml kry\u0161t\u00e1lovou n\u00e1dr\u017ekou, v\u00fdkonnou 800-mAh bat\u00e9riou s r\u00fdchlym nab\u00edjan\u00edm USB-C a modern\u00fdm 3D zakriven\u00fdm displejom je toto zariadenie ide\u00e1lnou vo\u013ebou pre n\u00e1ro\u010dn\u00fdch vapistov.<\/p>\n<h3 data-start=\"467\" data-end=\"539\">Maxim\u00e1lny v\u00fdkon \u2013 Dva re\u017eimy pre individu\u00e1lny z\u00e1\u017eitok z vapingu<\/h3>\n<p data-start=\"540\" data-end=\"635\">NEXA Ultra pon\u00faka s dvomi r\u00f4znymi re\u017eimami vapingu prisp\u00f4sobite\u013en\u00fd z\u00e1\u017eitok:<\/p>\n<ul data-start=\"636\" data-end=\"858\">\n<li data-start=\"636\" data-end=\"740\">Norm\u00e1lny re\u017eim (50K Pufov) \u2013 Optimalizovan\u00fd pre maxim\u00e1lnu kapacitu pufov a jemn\u00e9 rozv\u00edjanie chuti.<\/li>\n<li data-start=\"741\" data-end=\"858\">Turbo re\u017eim (30K Pufov) \u2013 Pre intenz\u00edvny paru a silnej\u0161iu chu\u0165 \u2013 ide\u00e1lny pre milovn\u00edkov silnej\u0161\u00edch \u0165ahov.<\/li>\n<\/ul>\n<p data-start=\"860\" data-end=\"1016\">V\u010faka tejto technol\u00f3gii dvojit\u00e9ho re\u017eimu sa NEXA Ultra 50K jasne odli\u0161uje od in\u00fdch jednorazov\u00fdch vapov a umo\u017e\u0148uje flexibiln\u00e9 pou\u017e\u00edvanie pod\u013ea preferenci\u00ed.<\/p>\n<h3 data-start=\"1018\" data-end=\"1088\">Prieh\u013eadn\u00e1 kry\u0161t\u00e1lov\u00e1 n\u00e1dr\u017eka \u2013 Jasn\u00fd poh\u013ead na hladinu tekutiny<\/h3>\n<p data-start=\"1089\" data-end=\"1405\">V\u010faka 20 ml kry\u0161t\u00e1lovej n\u00e1dr\u017eke je mo\u017en\u00e9 kedyko\u013evek skontrolova\u0165 hladinu tekutiny \u2013 \u017eiadne h\u00e1danie, kedy d\u00f4jde z\u00e1soba. Elegantn\u00fd kry\u0161t\u00e1lov\u00fd dizajn nielen\u017ee p\u00f4sob\u00ed \u0161t\u00fdlovo, ale tie\u017e prispieva k rovnomern\u00e9mu rozlo\u017eeniu tekutiny, tak\u017ee ka\u017ed\u00fd \u0165ah je kon\u0161tantn\u00fd a intenz\u00edvny.<\/p>\n<h3 data-start=\"1407\" data-end=\"1492\">Chute: Miami Mint \u2013 \u013dadov\u00e1 svie\u017eos\u0165 s n\u00e1dychom luxusu<\/h3>\n<p data-start=\"1493\" data-end=\"1749\">T\u00e1 <a href=\"https:\/\/vapingnet.de\/sk\/nexa-ultra-50000-puffs\/\"><strong>NEXA Ultra 50K pufy<\/strong><\/a> Miami Mint pon\u00faka jedine\u010dn\u00fd z\u00e1\u017eitok z vapingu, ktor\u00fd predstavuje \u010dist\u00fa svie\u017eos\u0165. In\u0161pirovan\u00fd pulzuj\u00facim no\u010dn\u00fdm \u017eivotom Miami, kombinuje tento ar\u00f3ma kri\u0161t\u00e1\u013eovo \u010dist\u00fa m\u00e4tu s chladiv\u00fdm v\u00e1nkom, ktor\u00fd okam\u017eite osvie\u017ei a o\u017eiv\u00ed.<\/p>\n<p data-start=\"1751\" data-end=\"1990\">Ka\u017ed\u00fd \u0165ah odha\u013euje dokonale vyv\u00e1\u017een\u00fa zmes chladnej m\u00e4ty a jemn\u00e9ho sladkast\u00e9ho podt\u00f3nu, ktor\u00e1 zabezpe\u010duje dlhodob\u00fd, osvie\u017euj\u00faci pocit v \u00fastach. Ide\u00e1lne pre vapistov, ktor\u00ed miluj\u00fa chrumkav\u00fa, mentolov\u00fa note.<\/p>\n<p data-start=\"1992\" data-end=\"2203\">S 5 % obsahom nikot\u00ednu poskytuje verzia Miami Mint intenz\u00edvny, ale pr\u00edjemn\u00fd nikot\u00ednov\u00fd z\u00e1\u017eitok \u2013 ide\u00e1lny pre prechody z in\u00fdch zariaden\u00ed a sk\u00fasen\u00fdch vapistov, ktor\u00ed h\u013eadaj\u00fa siln\u00fd, ale hladk\u00fd z\u00e1\u017eitok.<\/p>\n<h3 data-start=\"2205\" data-end=\"2275\">High-Tech s 3D zakriven\u00fdm displejom \u2013 V\u0161etky inform\u00e1cie na prv\u00fd poh\u013ead<\/h3>\n<p data-start=\"2276\" data-end=\"2554\">Modern\u00fd 3D zakriven\u00fd displej zobrazuje v\u0161etky d\u00f4le\u017eit\u00e9 inform\u00e1cie:<br data-start=\"2348\" data-end=\"2351\" \/>Stav bat\u00e9rie \u2013 U\u017e nikdy nebudete prekvapen\u00ed vybitou bat\u00e9riou.<br data-start=\"2405\" data-end=\"2408\" \/>Hladina tekutiny \u2013 Vidite\u013en\u00e1 kedyko\u013evek v\u010faka prieh\u013eadnej n\u00e1dr\u017eke.<br data-start=\"2476\" data-end=\"2479\" \/>Re\u017eimov\u00e9 zobrazenie \u2013 Jednoduch\u00e1 zmena medzi norm\u00e1lnym a turbo re\u017eimom.<\/p>\n<p data-start=\"2556\" data-end=\"2669\">Vysokokvalitn\u00e1 sklenen\u00e1 optika dod\u00e1va NEXA Ultra luxusn\u00fd vzh\u013ead a pod\u010diarkuje jej modern\u00fd dizajn.<\/p>\n<h3 data-start=\"2671\" data-end=\"2726\">V\u00fdkonn\u00e1 bat\u00e9ria s r\u00fdchlym nab\u00edjan\u00edm USB-C<\/h3>\n<p data-start=\"2727\" data-end=\"2935\">Kapacita bat\u00e9rie 800 mAh zaru\u010duje dlh\u00fa dobu pou\u017e\u00edvania. V\u010faka r\u00fdchlemu nab\u00edjaniu USB-C je zariadenie pripraven\u00e9 na pou\u017eitie v kr\u00e1tkom \u010dase \u2013 \u017eiadne dlh\u00e9 \u010dakanie, len nab\u00edja\u0165 a pokra\u010dova\u0165 v vapingu.<\/p>\n<p data-start=\"2937\" data-end=\"3089\">Energeticky efekt\u00edvna technol\u00f3gia \u010dipov zabezpe\u010duje, \u017ee v\u00fdkon zost\u00e1va stabiln\u00fd a\u017e do posledn\u00e9ho potiahnutia \u2013 \u010di u\u017e v norm\u00e1lnom alebo turbo re\u017eime.<\/p>\n<h3 data-start=\"3091\" data-end=\"3144\">Jednoduch\u00e9 ovl\u00e1danie \u2013 ide\u00e1lne pre ka\u017edodenn\u00e9 pou\u017eitie<\/h3>\n<p data-start=\"3145\" data-end=\"3356\">NEXA Ultra 50K je aktivovan\u00e1 \u0165ahom, t. j. nevy\u017eaduje tla\u010didlo na aktiv\u00e1ciu \u2013 sta\u010d\u00ed potiahnu\u0165 a u\u017e\u00edva\u0165 si. S jej kompaktn\u00fdm a elegantn\u00fdm dizajnom je ide\u00e1lnym spolo\u010dn\u00edkom na cest\u00e1ch.<\/p>\n<h3 data-start=\"3358\" data-end=\"3424\">7. Praktick\u00e9 balenie \u2013 Ide\u00e1lne pre \u010dast\u00fdch pou\u017e\u00edvate\u013eov a predajcov<\/h3>\n<p data-start=\"3425\" data-end=\"3649\">NEXA Ultra 50K Miami Mint je dod\u00e1van\u00e1 v balen\u00ed po 5 kusov \u2013 ide\u00e1lne pre osobn\u00fa z\u00e1sobu alebo pre predajcov, ktor\u00ed chc\u00fa svojim z\u00e1kazn\u00edkom pon\u00faknu\u0165 pr\u00e9miov\u00fd produkt s v\u00fdnimo\u010dnou \u017eivotnos\u0165ou.<\/p>\n<h3 data-start=\"3651\" data-end=\"3722\">Pre\u010do je NEXA Ultra 50K Miami Mint nevyhnutnos\u0165ou<\/h3>\n<p data-start=\"3723\" data-end=\"3957\">S obrovskou kapacitou puffu, inovat\u00edvnou kry\u0161t\u00e1lovou n\u00e1dr\u017ekou, dvomi re\u017eimami parenia, kvalitn\u00fdm 3D displejom a dlh\u00fdm v\u00fddr\u017eou bat\u00e9rie je NEXA Ultra 50K Puff jednorazov\u00e1 e-cigareta triedy sama o sebe.<\/p>\n<p data-start=\"3959\" data-end=\"4117\">Verzia Miami Mint pon\u00faka neporovnate\u013en\u00fa svie\u017eos\u0165 a zabezpe\u010duje chladn\u00fd, osvie\u017euj\u00faci z\u00e1\u017eitok z parenia, ktor\u00fd je ide\u00e1lny pre ka\u017edodenn\u00e9 pote\u0161enie.<\/p>\n<p data-start=\"4119\" data-end=\"4346\" data-is-last-node=\"\" data-is-only-node=\"\">\u010ci u\u017e ste sk\u00fasen\u00fd vap\u00e9r alebo za\u010diato\u010dn\u00edk \u2013 NEXA Ultra 50K Puff Miami Mint kombinuje najmodernej\u0161iu technol\u00f3giu s intenz\u00edvnym osvie\u017een\u00edm a je ide\u00e1lnou vo\u013ebou pre t\u00fdch, ktor\u00ed h\u013eadaj\u00fa najvy\u0161\u0161iu kvalitu a maxim\u00e1lne pote\u0161enie.<\/p>","protected":false},"excerpt":{"rendered":"<p>NEXA Ultra 50K Puff Einweg E-Zigarette \u2013 Maximale Leistung trifft auf erfrischenden Miami Mint Genuss Die NEXA Ultra 50K Puff Einweg E-Zigarette setzt neue Ma\u00dfst\u00e4be&#8230;<\/p>","protected":false},"featured_media":5717,"template":"","meta":[],"etheme_brands":[],"product_brand":[],"product_cat":[67,49,61],"product_tag":[],"class_list":{"0":"post-5741","1":"product","2":"type-product","3":"status-publish","4":"has-post-thumbnail","6":"product_cat-50k-vape","7":"product_cat-einweg-e-zigarette","8":"product_cat-f","10":"first","11":"outofstock","12":"shipping-taxable","13":"purchasable","14":"product-type-variable"},"yoast_head":"<!-- This site is optimized with the Yoast SEO plugin v26.5 - https:\/\/yoast.com\/wordpress\/plugins\/seo\/ -->\n<title>NEXA Ultra 50K Miami Mint bietet eine erfrischende Minz-Mischung mit einem Hauch S\u00fc\u00dfe perfekt f\u00fcr einen k\u00fchlen mentholigen Genuss | Vapingnet.de<\/title>\n<meta name=\"description\" content=\"NEXA Ultra 50K Miami Mint bietet eine erfrischende Minz-Mischung mit einem Hauch S\u00fc\u00dfe \u2013 perfekt f\u00fcr einen k\u00fchlen, mentholigen Genuss.\" \/>\n<meta name=\"robots\" content=\"index, follow, max-snippet:-1, max-image-preview:large, max-video-preview:-1\" \/>\n<link rel=\"canonical\" href=\"https:\/\/vapingnet.de\/sk\/vape\/nexa-ultra-50k-miami-mint-bietet-eine-erfrischende-minz-mischung-mit-einem-hauch-suesse-perfekt-fuer-einen-kuehlen-mentholigen-genuss\/\" \/>\n<meta property=\"og:locale\" content=\"sk_SK\" \/>\n<meta property=\"og:type\" content=\"article\" \/>\n<meta property=\"og:title\" content=\"NEXA Ultra 50K Miami Mint bietet eine erfrischende Minz-Mischung mit einem Hauch S\u00fc\u00dfe perfekt f\u00fcr einen k\u00fchlen mentholigen Genuss | Vapingnet.de\" \/>\n<meta property=\"og:description\" content=\"NEXA Ultra 50K Miami Mint bietet eine erfrischende Minz-Mischung mit einem Hauch S\u00fc\u00dfe \u2013 perfekt f\u00fcr einen k\u00fchlen, mentholigen Genuss.\" \/>\n<meta property=\"og:url\" content=\"https:\/\/vapingnet.de\/sk\/vape\/nexa-ultra-50k-miami-mint-bietet-eine-erfrischende-minz-mischung-mit-einem-hauch-suesse-perfekt-fuer-einen-kuehlen-mentholigen-genuss\/\" \/>\n<meta property=\"og:site_name\" content=\"Vapingnet.de\" \/>\n<meta property=\"article:publisher\" content=\"https:\/\/www.facebook.com\/vapingnetde\/\" \/>\n<meta property=\"article:modified_time\" content=\"2026-04-14T06:41:05+00:00\" \/>\n<meta property=\"og:image\" content=\"https:\/\/vapingnet.de\/wp-content\/uploads\/2025\/03\/50K_MIAMI_MINT-1.png\" \/>\n\t<meta property=\"og:image:width\" content=\"1000\" \/>\n\t<meta property=\"og:image:height\" content=\"1000\" \/>\n\t<meta property=\"og:image:type\" content=\"image\/png\" \/>\n<meta name=\"twitter:card\" content=\"summary_large_image\" \/>\n<meta name=\"twitter:label1\" content=\"Est. reading time\" \/>\n\t<meta name=\"twitter:data1\" content=\"4 minutes\" \/>\n<script type=\"application\/ld+json\" class=\"yoast-schema-graph\">{\"@context\":\"https:\/\/schema.org\",\"@graph\":[{\"@type\":\"WebPage\",\"@id\":\"https:\/\/vapingnet.de\/vape\/nexa-ultra-50k-miami-mint-bietet-eine-erfrischende-minz-mischung-mit-einem-hauch-suesse-perfekt-fuer-einen-kuehlen-mentholigen-genuss\/\",\"url\":\"https:\/\/vapingnet.de\/vape\/nexa-ultra-50k-miami-mint-bietet-eine-erfrischende-minz-mischung-mit-einem-hauch-suesse-perfekt-fuer-einen-kuehlen-mentholigen-genuss\/\",\"name\":\"NEXA Ultra 50K Miami Mint bietet eine erfrischende Minz-Mischung mit einem Hauch S\u00fc\u00dfe perfekt f\u00fcr einen k\u00fchlen mentholigen Genuss | Vapingnet.de\",\"isPartOf\":{\"@id\":\"https:\/\/vapingnet.de\/#website\"},\"primaryImageOfPage\":{\"@id\":\"https:\/\/vapingnet.de\/vape\/nexa-ultra-50k-miami-mint-bietet-eine-erfrischende-minz-mischung-mit-einem-hauch-suesse-perfekt-fuer-einen-kuehlen-mentholigen-genuss\/#primaryimage\"},\"image\":{\"@id\":\"https:\/\/vapingnet.de\/vape\/nexa-ultra-50k-miami-mint-bietet-eine-erfrischende-minz-mischung-mit-einem-hauch-suesse-perfekt-fuer-einen-kuehlen-mentholigen-genuss\/#primaryimage\"},\"thumbnailUrl\":\"https:\/\/vapingnet.de\/wp-content\/uploads\/2025\/03\/50K_MIAMI_MINT-1.png\",\"datePublished\":\"2025-03-19T05:38:20+00:00\",\"dateModified\":\"2026-04-14T06:41:05+00:00\",\"description\":\"NEXA Ultra 50K Miami Mint bietet eine erfrischende Minz-Mischung mit einem Hauch S\u00fc\u00dfe \u2013 perfekt f\u00fcr einen k\u00fchlen, mentholigen Genuss.\",\"breadcrumb\":{\"@id\":\"https:\/\/vapingnet.de\/vape\/nexa-ultra-50k-miami-mint-bietet-eine-erfrischende-minz-mischung-mit-einem-hauch-suesse-perfekt-fuer-einen-kuehlen-mentholigen-genuss\/#breadcrumb\"},\"inLanguage\":\"sk-SK\",\"potentialAction\":[{\"@type\":\"ReadAction\",\"target\":[\"https:\/\/vapingnet.de\/vape\/nexa-ultra-50k-miami-mint-bietet-eine-erfrischende-minz-mischung-mit-einem-hauch-suesse-perfekt-fuer-einen-kuehlen-mentholigen-genuss\/\"]}]},{\"@type\":\"ImageObject\",\"inLanguage\":\"sk-SK\",\"@id\":\"https:\/\/vapingnet.de\/vape\/nexa-ultra-50k-miami-mint-bietet-eine-erfrischende-minz-mischung-mit-einem-hauch-suesse-perfekt-fuer-einen-kuehlen-mentholigen-genuss\/#primaryimage\",\"url\":\"https:\/\/vapingnet.de\/wp-content\/uploads\/2025\/03\/50K_MIAMI_MINT-1.png\",\"contentUrl\":\"https:\/\/vapingnet.de\/wp-content\/uploads\/2025\/03\/50K_MIAMI_MINT-1.png\",\"width\":1000,\"height\":1000},{\"@type\":\"BreadcrumbList\",\"@id\":\"https:\/\/vapingnet.de\/vape\/nexa-ultra-50k-miami-mint-bietet-eine-erfrischende-minz-mischung-mit-einem-hauch-suesse-perfekt-fuer-einen-kuehlen-mentholigen-genuss\/#breadcrumb\",\"itemListElement\":[{\"@type\":\"ListItem\",\"position\":1,\"name\":\"Home\",\"item\":\"https:\/\/vapingnet.de\/\"},{\"@type\":\"ListItem\",\"position\":2,\"name\":\"Shop\",\"item\":\"https:\/\/vapingnet.de\/vape\/\"},{\"@type\":\"ListItem\",\"position\":3,\"name\":\"NEXA Ultra 50K Miami Mint bietet eine erfrischende Minz-Mischung mit einem Hauch S\u00fc\u00dfe perfekt f\u00fcr einen k\u00fchlen mentholigen Genuss\"}]},{\"@type\":\"WebSite\",\"@id\":\"https:\/\/vapingnet.de\/#website\",\"url\":\"https:\/\/vapingnet.de\/\",\"name\":\"Vapingnet.de\",\"description\":\"\",\"publisher\":{\"@id\":\"https:\/\/vapingnet.de\/#organization\"},\"potentialAction\":[{\"@type\":\"SearchAction\",\"target\":{\"@type\":\"EntryPoint\",\"urlTemplate\":\"https:\/\/vapingnet.de\/?s={search_term_string}\"},\"query-input\":{\"@type\":\"PropertyValueSpecification\",\"valueRequired\":true,\"valueName\":\"search_term_string\"}}],\"inLanguage\":\"sk-SK\"},{\"@type\":\"Organization\",\"@id\":\"https:\/\/vapingnet.de\/#organization\",\"name\":\"Vapingnet.de\",\"url\":\"https:\/\/vapingnet.de\/\",\"logo\":{\"@type\":\"ImageObject\",\"inLanguage\":\"sk-SK\",\"@id\":\"https:\/\/vapingnet.de\/#\/schema\/logo\/image\/\",\"url\":\"https:\/\/vapingnet.de\/wp-content\/uploads\/2025\/03\/cropped-vapingnet.de_.jpg\",\"contentUrl\":\"https:\/\/vapingnet.de\/wp-content\/uploads\/2025\/03\/cropped-vapingnet.de_.jpg\",\"width\":512,\"height\":512,\"caption\":\"Vapingnet.de\"},\"image\":{\"@id\":\"https:\/\/vapingnet.de\/#\/schema\/logo\/image\/\"},\"sameAs\":[\"https:\/\/www.facebook.com\/vapingnetde\/\"]}]}<\/script>\n<!-- \/ Yoast SEO plugin. -->","yoast_head_json":{"title":"NEXA Ultra 50K Miami Mint bietet eine erfrischende Minz-Mischung mit einem Hauch S\u00fc\u00dfe perfekt f\u00fcr einen k\u00fchlen mentholigen Genuss | Vapingnet.de","description":"NEXA Ultra 50K Miami Mint bietet eine erfrischende Minz-Mischung mit einem Hauch S\u00fc\u00dfe \u2013 perfekt f\u00fcr einen k\u00fchlen, mentholigen Genuss.","robots":{"index":"index","follow":"follow","max-snippet":"max-snippet:-1","max-image-preview":"max-image-preview:large","max-video-preview":"max-video-preview:-1"},"canonical":"https:\/\/vapingnet.de\/sk\/vape\/nexa-ultra-50k-miami-mint-bietet-eine-erfrischende-minz-mischung-mit-einem-hauch-suesse-perfekt-fuer-einen-kuehlen-mentholigen-genuss\/","og_locale":"sk_SK","og_type":"article","og_title":"NEXA Ultra 50K Miami Mint bietet eine erfrischende Minz-Mischung mit einem Hauch S\u00fc\u00dfe perfekt f\u00fcr einen k\u00fchlen mentholigen Genuss | Vapingnet.de","og_description":"NEXA Ultra 50K Miami Mint bietet eine erfrischende Minz-Mischung mit einem Hauch S\u00fc\u00dfe \u2013 perfekt f\u00fcr einen k\u00fchlen, mentholigen Genuss.","og_url":"https:\/\/vapingnet.de\/sk\/vape\/nexa-ultra-50k-miami-mint-bietet-eine-erfrischende-minz-mischung-mit-einem-hauch-suesse-perfekt-fuer-einen-kuehlen-mentholigen-genuss\/","og_site_name":"Vapingnet.de","article_publisher":"https:\/\/www.facebook.com\/vapingnetde\/","article_modified_time":"2026-04-14T06:41:05+00:00","og_image":[{"width":1000,"height":1000,"url":"https:\/\/vapingnet.de\/wp-content\/uploads\/2025\/03\/50K_MIAMI_MINT-1.png","type":"image\/png"}],"twitter_card":"summary_large_image","twitter_misc":{"Est. reading time":"4 minutes"},"schema":{"@context":"https:\/\/schema.org","@graph":[{"@type":"WebPage","@id":"https:\/\/vapingnet.de\/vape\/nexa-ultra-50k-miami-mint-bietet-eine-erfrischende-minz-mischung-mit-einem-hauch-suesse-perfekt-fuer-einen-kuehlen-mentholigen-genuss\/","url":"https:\/\/vapingnet.de\/vape\/nexa-ultra-50k-miami-mint-bietet-eine-erfrischende-minz-mischung-mit-einem-hauch-suesse-perfekt-fuer-einen-kuehlen-mentholigen-genuss\/","name":"NEXA Ultra 50K Miami Mint bietet eine erfrischende Minz-Mischung mit einem Hauch S\u00fc\u00dfe perfekt f\u00fcr einen k\u00fchlen mentholigen Genuss | Vapingnet.de","isPartOf":{"@id":"https:\/\/vapingnet.de\/#website"},"primaryImageOfPage":{"@id":"https:\/\/vapingnet.de\/vape\/nexa-ultra-50k-miami-mint-bietet-eine-erfrischende-minz-mischung-mit-einem-hauch-suesse-perfekt-fuer-einen-kuehlen-mentholigen-genuss\/#primaryimage"},"image":{"@id":"https:\/\/vapingnet.de\/vape\/nexa-ultra-50k-miami-mint-bietet-eine-erfrischende-minz-mischung-mit-einem-hauch-suesse-perfekt-fuer-einen-kuehlen-mentholigen-genuss\/#primaryimage"},"thumbnailUrl":"https:\/\/vapingnet.de\/wp-content\/uploads\/2025\/03\/50K_MIAMI_MINT-1.png","datePublished":"2025-03-19T05:38:20+00:00","dateModified":"2026-04-14T06:41:05+00:00","description":"NEXA Ultra 50K Miami Mint bietet eine erfrischende Minz-Mischung mit einem Hauch S\u00fc\u00dfe \u2013 perfekt f\u00fcr einen k\u00fchlen, mentholigen Genuss.","breadcrumb":{"@id":"https:\/\/vapingnet.de\/vape\/nexa-ultra-50k-miami-mint-bietet-eine-erfrischende-minz-mischung-mit-einem-hauch-suesse-perfekt-fuer-einen-kuehlen-mentholigen-genuss\/#breadcrumb"},"inLanguage":"sk-SK","potentialAction":[{"@type":"ReadAction","target":["https:\/\/vapingnet.de\/vape\/nexa-ultra-50k-miami-mint-bietet-eine-erfrischende-minz-mischung-mit-einem-hauch-suesse-perfekt-fuer-einen-kuehlen-mentholigen-genuss\/"]}]},{"@type":"ImageObject","inLanguage":"sk-SK","@id":"https:\/\/vapingnet.de\/vape\/nexa-ultra-50k-miami-mint-bietet-eine-erfrischende-minz-mischung-mit-einem-hauch-suesse-perfekt-fuer-einen-kuehlen-mentholigen-genuss\/#primaryimage","url":"https:\/\/vapingnet.de\/wp-content\/uploads\/2025\/03\/50K_MIAMI_MINT-1.png","contentUrl":"https:\/\/vapingnet.de\/wp-content\/uploads\/2025\/03\/50K_MIAMI_MINT-1.png","width":1000,"height":1000},{"@type":"BreadcrumbList","@id":"https:\/\/vapingnet.de\/vape\/nexa-ultra-50k-miami-mint-bietet-eine-erfrischende-minz-mischung-mit-einem-hauch-suesse-perfekt-fuer-einen-kuehlen-mentholigen-genuss\/#breadcrumb","itemListElement":[{"@type":"ListItem","position":1,"name":"Home","item":"https:\/\/vapingnet.de\/"},{"@type":"ListItem","position":2,"name":"Shop","item":"https:\/\/vapingnet.de\/vape\/"},{"@type":"ListItem","position":3,"name":"NEXA Ultra 50K Miami Mint bietet eine erfrischende Minz-Mischung mit einem Hauch S\u00fc\u00dfe perfekt f\u00fcr einen k\u00fchlen mentholigen Genuss"}]},{"@type":"WebSite","@id":"https:\/\/vapingnet.de\/#website","url":"https:\/\/vapingnet.de\/","name":"Vapingnet.de","description":"","publisher":{"@id":"https:\/\/vapingnet.de\/#organization"},"potentialAction":[{"@type":"SearchAction","target":{"@type":"EntryPoint","urlTemplate":"https:\/\/vapingnet.de\/?s={search_term_string}"},"query-input":{"@type":"PropertyValueSpecification","valueRequired":true,"valueName":"search_term_string"}}],"inLanguage":"sk-SK"},{"@type":"Organization","@id":"https:\/\/vapingnet.de\/#organization","name":"Vapingnet.de","url":"https:\/\/vapingnet.de\/","logo":{"@type":"ImageObject","inLanguage":"sk-SK","@id":"https:\/\/vapingnet.de\/#\/schema\/logo\/image\/","url":"https:\/\/vapingnet.de\/wp-content\/uploads\/2025\/03\/cropped-vapingnet.de_.jpg","contentUrl":"https:\/\/vapingnet.de\/wp-content\/uploads\/2025\/03\/cropped-vapingnet.de_.jpg","width":512,"height":512,"caption":"Vapingnet.de"},"image":{"@id":"https:\/\/vapingnet.de\/#\/schema\/logo\/image\/"},"sameAs":["https:\/\/www.facebook.com\/vapingnetde\/"]}]}},"tiered_pricing_type":"fixed","tiered_pricing_fixed_rules":[],"tiered_pricing_product_settings":{"layout":"default","base_unit_name":{"singular":null,"plural":null},"default_variation":null},"tiered_pricing_minimum_quantity":null,"tiered_pricing_roles_data":[],"tiered_pricing_percentage_rules":[],"_links":{"self":[{"href":"https:\/\/vapingnet.de\/sk\/wp-json\/wp\/v2\/product\/5741","targetHints":{"allow":["GET"]}}],"collection":[{"href":"https:\/\/vapingnet.de\/sk\/wp-json\/wp\/v2\/product"}],"about":[{"href":"https:\/\/vapingnet.de\/sk\/wp-json\/wp\/v2\/types\/product"}],"version-history":[{"count":1,"href":"https:\/\/vapingnet.de\/sk\/wp-json\/wp\/v2\/product\/5741\/revisions"}],"predecessor-version":[{"id":5766,"href":"https:\/\/vapingnet.de\/sk\/wp-json\/wp\/v2\/product\/5741\/revisions\/5766"}],"wp:featuredmedia":[{"embeddable":true,"href":"https:\/\/vapingnet.de\/sk\/wp-json\/wp\/v2\/media\/5717"}],"wp:attachment":[{"href":"https:\/\/vapingnet.de\/sk\/wp-json\/wp\/v2\/media?parent=5741"}],"wp:term":[{"taxonomy":"brand","embeddable":true,"href":"https:\/\/vapingnet.de\/sk\/wp-json\/wp\/v2\/etheme_brands?post=5741"},{"taxonomy":"product_brand","embeddable":true,"href":"https:\/\/vapingnet.de\/sk\/wp-json\/wp\/v2\/product_brand?post=5741"},{"taxonomy":"product_cat","embeddable":true,"href":"https:\/\/vapingnet.de\/sk\/wp-json\/wp\/v2\/product_cat?post=5741"},{"taxonomy":"product_tag","embeddable":true,"href":"https:\/\/vapingnet.de\/sk\/wp-json\/wp\/v2\/product_tag?post=5741"}],"curies":[{"name":"wp","href":"https:\/\/api.w.org\/{rel}","templated":true}]}}