{"id":5743,"date":"2025-03-19T05:38:24","date_gmt":"2025-03-19T05:38:24","guid":{"rendered":"https:\/\/vapingnet.de\/?post_type=product&#038;p=5743"},"modified":"2026-04-14T06:41:05","modified_gmt":"2026-04-14T06:41:05","slug":"nexa-ultra-50k-sour-apple-ice-bringt-den-reichen-geschmack-von-gruenen-aepfeln","status":"publish","type":"product","link":"https:\/\/vapingnet.de\/sk\/vape\/nexa-ultra-50k-sour-apple-ice-bringt-den-reichen-geschmack-von-gruenen-aepfeln\/","title":{"rendered":"NEXA Ultra 50K Sour Apple Ice prin\u00e1\u0161a bohat\u00fa chu\u0165 zelen\u00fdch jab\u013ak"},"content":{"rendered":"<h2 data-start=\"0\" data-end=\"112\"><strong data-start=\"0\" data-end=\"112\">NEXA Ultra 50K Puff Jednor\u00e1zov\u00e1 e-cigareta Sour Apple Ice \u2013 Dokonal\u00e9 osvie\u017eenie pre n\u00e1ro\u010dn\u00fdch vapera<\/strong><\/h2>\n<p data-start=\"114\" data-end=\"504\">NEXA Ultra 50K Puff <strong><a href=\"https:\/\/vapingnet.de\/sk\/k\/einweg-e-zigarette\/\">Jednorazov\u00e1 e-cigareta<\/a><\/strong> je skuto\u010dn\u00fdm meni\u010dom hier v oblasti jednor\u00e1zov\u00fdch vapov a stanovuje nov\u00e9 \u0161tandardy v oblasti v\u00fdkonu, dizajnu a chuti. Ak h\u013ead\u00e1te intenz\u00edvny, osvie\u017euj\u00faci z\u00e1\u017eitok, ktor\u00fd va\u0161e chu\u0165ov\u00e9 poh\u00e1riky rozmazn\u00e1 jedine\u010dnou svie\u017eos\u0165ou, potom je NEXA Ultra 50K v variante \u201eSour Apple Ice\u201c presne to, \u010do h\u013ead\u00e1te.<\/p>\n<h3 data-start=\"506\" data-end=\"583\">1. Dokonal\u00e1 s\u00fahra ovocnej sladkosti a osvie\u017euj\u00facej chladivosti<\/h3>\n<p data-start=\"585\" data-end=\"1247\">Chu\u0165 \u201eSour Apple Ice\u201c NEXA Ultra 50K je vydarenou kombin\u00e1ciou sladkej svie\u017eosti zelen\u00fdch jab\u013ak a osvie\u017euj\u00facej, \u013eadovej pozn\u00e1mky, ktor\u00e1 zanech\u00e1va trval\u00fd dojem. Chu\u0165 za\u010d\u00edna \u017eivou, ovocnou kyslos\u0165ou, ktor\u00e1 sa okam\u017eite men\u00ed na sladk\u00fa, \u013eahko citrusov\u00fa svie\u017eos\u0165, zatia\u013e \u010do \u013eadov\u00e1 m\u00e4tov\u00e1 pozn\u00e1mka obklopuje jazyk chladiv\u00fdm a povzbudzuj\u00facim pocitom. V\u00fdsledkom je vyv\u00e1\u017een\u00fd, intenz\u00edvny z\u00e1\u017eitok z vapovania, ktor\u00fd nadchne ako milovn\u00edkov ovocia, tak aj fan\u00fa\u0161ikov osvie\u017euj\u00facich ar\u00f3m. Chu\u0165 Sour Apple Ice je ide\u00e1lna na ka\u017edodenn\u00e9 u\u017e\u00edvanie a prin\u00e1\u0161a chladiv\u00fd, svie\u017ei z\u00e1\u017eitok pri ka\u017edom \u0165ahu.<\/p>\n<h3 data-start=\"1249\" data-end=\"1320\">2. Vynikaj\u00faca kapacita \u2013 50 000 \u0165ahov pre dlhodob\u00fd p\u00f4\u017eitok<\/h3>\n<p data-start=\"1322\" data-end=\"1794\">V\u00fdraznou vlastnos\u0165ou <strong><a href=\"https:\/\/vapingnet.de\/sk\/nexa-ultra-50000-puffs\/\">NEXA Ultra 50K pufy<\/a><\/strong> je jej neuverite\u013en\u00e1 kapacita <strong><a href=\"https:\/\/vapingnet.de\/sk\/k\/50k-vape\/\">50k vape<\/a><\/strong>. V porovnan\u00ed s mnoh\u00fdmi in\u00fdmi jednor\u00e1zov\u00fdmi vapami na trhu, ktor\u00e9 \u010dasto pon\u00fakaj\u00fa len ni\u017e\u0161\u00ed po\u010det \u0165ahov, sa NEXA Ultra 50K vyzna\u010duje svojou mimoriadnou odolnos\u0165ou. T\u00e1to vysok\u00e1 po\u010detnos\u0165 \u0165ahov zabezpe\u010duje, \u017ee m\u00f4\u017eete e-cigaretu pou\u017e\u00edva\u0165 dlh\u00fa dobu bez ob\u00e1v z r\u00fdchleho spotreby n\u00e1plne.<\/p>\n<p data-start=\"1796\" data-end=\"2239\">20 ml e-liquidu v prieh\u013eadnej kri\u0161t\u00e1\u013eovej n\u00e1dr\u017eke poskytuje dostatok z\u00e1sob na d\u00f4kladn\u00e9 pou\u017e\u00edvanie a z\u00e1rove\u0148 zaru\u010duje, \u017ee si m\u00f4\u017eete vychutna\u0165 chu\u0165ov\u00fd z\u00e1\u017eitok v plnej intenzite. Prieh\u013eadn\u00e1 n\u00e1dr\u017eka v\u00e1m umo\u017e\u0148uje kedyko\u013evek skontrolova\u0165 hladinu n\u00e1plne, aby ste nikdy neboli prekvapen\u00ed, ke\u010f z\u00e1soba d\u00f4jde. To prin\u00e1\u0161a \u010fal\u0161\u00ed komfort a pou\u017e\u00edvate\u013esky pr\u00edvetiv\u00e9 ovl\u00e1danie.<\/p>\n<h3 data-start=\"2241\" data-end=\"2307\">3. Dual-Mode technol\u00f3gia \u2013 flexibilita pre ka\u017ed\u00fd z\u00e1\u017eitok z vapovania<\/h3>\n<p data-start=\"2309\" data-end=\"2463\">NEXA Ultra 50K prich\u00e1dza s dvoma r\u00f4znymi re\u017eimami vapovania, ktor\u00e9 v\u00e1m umo\u017e\u0148uj\u00fa prisp\u00f4sobi\u0165 si z\u00e1\u017eitok pod\u013ea vlastn\u00fdch preferenci\u00ed.<\/p>\n<ul data-start=\"2465\" data-end=\"3339\">\n<li data-start=\"2465\" data-end=\"2846\">\n<p data-start=\"2467\" data-end=\"2846\"><strong data-start=\"2467\" data-end=\"2495\">Norm\u00e1lny re\u017eim (50K \u0165ahov):<\/strong> Tento re\u017eim je optimalizovan\u00fd pre maxim\u00e1lnu kapacitu \u0165ahov a zabezpe\u010duje jemn\u00fd, rovnomern\u00fd rozvoj chuti. Ide\u00e1lny pre ka\u017edodenn\u00e9 u\u017e\u00edvanie, pri ktorom sa svie\u017eos\u0165 chuti Sour Apple Ice harmonicky prejavuje. V tomto re\u017eime si m\u00f4\u017eete vychutna\u0165 pln\u00fdch 50 000 \u0165ahov bez kompromisov v kvalite pary.<\/p>\n<\/li>\n<li data-start=\"2850\" data-end=\"3339\">\n<p data-start=\"2852\" data-end=\"3339\"><strong data-start=\"2852\" data-end=\"2879\">Turbo re\u017eim (30K \u0165ahov):<\/strong> Ak m\u00e1te radi intenz\u00edvnej\u0161ie z\u00e1\u017eitky, potom je turbo re\u017eim tou spr\u00e1vnou vo\u013ebou. V tomto re\u017eime sa para st\u00e1va hustej\u0161ou a chu\u0165 intenz\u00edvnej\u0161ia, \u010do vedie k silnej\u0161iemu nikot\u00ednov\u00e9mu z\u00e1\u017eitku. Ide\u00e1lne pre vapera, ktor\u00ed preferuj\u00fa silnej\u0161ie \u0165ahy a chc\u00fa za\u017ei\u0165 intenz\u00edvnej\u0161iu chu\u0165 Sour Apple Ice. Hoci kapacita \u0165ahov v turbo re\u017eime je obmedzen\u00e1 na 30 000 \u0165ahov, tento re\u017eim poskytuje nezamenite\u013en\u00fd, siln\u00fd z\u00e1\u017eitok z vapovania.<\/p>\n<\/li>\n<\/ul>\n<p data-start=\"3341\" data-end=\"3552\">V\u010faka dual-mode technol\u00f3gii sa NEXA Ultra 50K odli\u0161uje od in\u00fdch jednor\u00e1zov\u00fdch vapov t\u00fdm, \u017ee umo\u017e\u0148uje flexibiln\u00e9 pou\u017e\u00edvanie, ktor\u00e9 vyhovuje r\u00f4znym potreb\u00e1m a preferenci\u00e1m vapera.<\/p>\n<h3 data-start=\"3554\" data-end=\"3608\">4. Inovat\u00edvny dizajn \u2013 modern\u00fd 3D zakriven\u00fd displej<\/h3>\n<p data-start=\"3610\" data-end=\"3844\">NEXA Ultra 50K nie je len technick\u00fdm majstrovsk\u00fdm dielom, ale aj vizu\u00e1lnym skvostom. Pr\u00edstroj je vybaven\u00fd modern\u00fdm 3D zakriven\u00fdm displejom, ktor\u00fd zobrazuje v\u0161etky d\u00f4le\u017eit\u00e9 inform\u00e1cie na prv\u00fd poh\u013ead. Medzi ne patr\u00ed:<\/p>\n<ul data-start=\"3846\" data-end=\"4297\">\n<li data-start=\"3846\" data-end=\"3973\"><strong data-start=\"3848\" data-end=\"3862\">Stav bat\u00e9rie:<\/strong> M\u00f4\u017eete kedyko\u013evek skontrolova\u0165 aktu\u00e1lny stav bat\u00e9rie a presne vedie\u0165, kedy je \u010das zariadenie nabi\u0165.<\/li>\n<li data-start=\"3974\" data-end=\"4134\"><strong data-start=\"3976\" data-end=\"3992\">\u00darove\u0148 kvapaliny:<\/strong> V\u010faka prieh\u013eadnej n\u00e1dr\u017ei je \u00farove\u0148 kvapaliny v\u017edy vidite\u013en\u00e1, tak\u017ee m\u00f4\u017eete kedyko\u013evek vidie\u0165, ko\u013eko kvapaliny e\u0161te zost\u00e1va.<\/li>\n<li data-start=\"4135\" data-end=\"4297\"><strong data-start=\"4137\" data-end=\"4155\">Zobrazenie re\u017eimu:<\/strong> Jednoduch\u00e9 zobrazenie aktu\u00e1lneho re\u017eimu pary (Norm\u00e1lny alebo Turbo), tak\u017ee m\u00f4\u017eete r\u00fdchlo a jednoducho prep\u00edna\u0165 medzi oboma re\u017eimami.<\/li>\n<\/ul>\n<p data-start=\"4299\" data-end=\"4455\">Vysokokvalitn\u00fd dizajn displeja dod\u00e1va NEXA Ultra 50K luxusn\u00fd n\u00e1dych, ktor\u00fd dokonale lad\u00ed s jej modern\u00fdm a elegantn\u00fdm vzh\u013eadom.<\/p>\n<h3 data-start=\"4457\" data-end=\"4506\">5. Praktick\u00e9 ovl\u00e1danie a jednoduch\u00e9 pou\u017e\u00edvanie<\/h3>\n<p data-start=\"4508\" data-end=\"4954\">NEXA Ultra 50K je mimoriadne pou\u017e\u00edvate\u013esky pr\u00edvetiv\u00e1 a je vhodn\u00e1 pre vapery v\u0161etk\u00fdch \u00farovn\u00ed sk\u00fasenost\u00ed. Pr\u00edstroj je <strong data-start=\"4637\" data-end=\"4655\">aktivovan\u00fd \u0165ahom<\/strong>, \u010do znamen\u00e1, \u017ee ho sta\u010d\u00ed nasadi\u0165 a potiahnu\u0165, aby sa aktivoval \u2013 \u017eiadne tla\u010didl\u00e1, \u017eiadne zlo\u017eit\u00e9 ovl\u00e1danie. Toto jednoduch\u00e9 ovl\u00e1danie rob\u00ed NEXA Ultra 50K praktickou vo\u013ebou pre ka\u017edodenn\u00e9 pou\u017eitie a ide\u00e1lnou pre vapery, ktor\u00ed h\u013eadaj\u00fa jednoduch\u00fd z\u00e1\u017eitok.<\/p>\n<p data-start=\"4956\" data-end=\"5198\">V\u010faka kompaktn\u00e9mu dizajnu sa pr\u00edstroj pohodlne zmest\u00ed do ka\u017edej ta\u0161ky a d\u00e1 sa \u013eahko pou\u017e\u00edva\u0165 na cest\u00e1ch. \u010ci u\u017e ste na ceste do pr\u00e1ce alebo na prech\u00e1dzke, NEXA Ultra 50K je ide\u00e1lny spolo\u010dn\u00edk na ka\u017ed\u00fd de\u0148.<\/p>\n<h3 data-start=\"5200\" data-end=\"5252\">6. V\u00fdkonn\u00e1 bat\u00e9ria s r\u00fdchlym nab\u00edjan\u00edm USB-C<\/h3>\n<p data-start=\"5254\" data-end=\"5643\">\u010eal\u0161ou v\u00fdhodou NEXA Ultra 50K je v\u00fdkonn\u00e1 <strong data-start=\"5318\" data-end=\"5334\">800 mAh bat\u00e9ria<\/strong>, ktor\u00e1 zabezpe\u010duje dlh\u00fa dobu pou\u017e\u00edvania. V\u010faka <strong data-start=\"5385\" data-end=\"5408\">r\u00fdchlemu nab\u00edjaniu USB-C<\/strong> m\u00f4\u017eete pr\u00edstroj dobi\u0165 v kr\u00e1tkom \u010dase a by\u0165 op\u00e4\u0165 pripraven\u00ed na pou\u017eitie. To znamen\u00e1, \u017ee nikdy nebudete musie\u0165 dlho \u010daka\u0165 na nab\u00edja\u010dku a va\u0161a NEXA Ultra 50K je v\u017edy pripraven\u00e1, ke\u010f ju potrebujete.<\/p>\n<p data-start=\"5645\" data-end=\"5869\">Energeticky efekt\u00edvna technol\u00f3gia \u010dipu zabezpe\u010duje, \u017ee v\u00fdkon zariadenia zost\u00e1va kon\u0161tantn\u00fd a\u017e do posledn\u00e9ho potiahnutia, tak\u017ee si m\u00f4\u017eete vychutna\u0165 vysokokvalitn\u00fd z\u00e1\u017eitok z vapovania kedyko\u013evek, \u010di u\u017e v norm\u00e1lnom alebo turbo re\u017eime.<\/p>\n<h3 data-start=\"5871\" data-end=\"5922\">7. Ide\u00e1lna vo\u013eba pre \u010dast\u00fdch pou\u017e\u00edvate\u013eov a predajcov<\/h3>\n<p data-start=\"5924\" data-end=\"6374\">NEXA Ultra 50K je dod\u00e1van\u00e1 v praktickom balen\u00ed s <strong data-start=\"5984\" data-end=\"6003\">5 kusov v krabici<\/strong> dodan\u00edm. T\u00e1to ve\u013ekos\u0165 balenia je ide\u00e1lna pre osobn\u00e9 z\u00e1soby aj pre predajcov, ktor\u00ed chc\u00fa svojim z\u00e1kazn\u00edkom pon\u00faknu\u0165 pr\u00e9miov\u00fd produkt, ktor\u00fd vynik\u00e1 dlhou \u017eivotnos\u0165ou a v\u00fdnimo\u010dn\u00fdm v\u00fdkonom. Vysok\u00e1 kapacita puffov a jedine\u010dn\u00e1 chu\u0165 robia z NEXA Ultra 50K atrakt\u00edvnu ponuku pre \u010dast\u00fdch pou\u017e\u00edvate\u013eov a n\u00e1ro\u010dn\u00fdch vapery.<\/p>\n<h3>Pre\u010do by ste si ur\u010dite mali vysk\u00fa\u0161a\u0165 NEXA Ultra 50K Sour Apple Ice<\/h3>\n<p data-start=\"6461\" data-end=\"6831\">Jednorazov\u00e1 e-cigareta NEXA Ultra 50K Puff s pr\u00edchu\u0165ou Sour Apple Ice je skuto\u010dnou inov\u00e1ciou na trhu jednorazov\u00fdch vapov. S obrovskou kapacitou na potiahnutia, flexibilnou technol\u00f3giou dvojit\u00e9ho re\u017eimu, prieh\u013eadnou kry\u0161t\u00e1lovou n\u00e1dr\u017ekou, modern\u00fdm 3D zakriven\u00fdm displejom a v\u00fdkonnou bat\u00e9riou pon\u00faka toto zariadenie v\u0161etko, \u010do srdce vapera t\u00fa\u017ei.<\/p>\n<p data-start=\"6833\" data-end=\"7157\">Pr\u00edchu\u0165 Sour Apple Ice je dokonalou kombin\u00e1ciou ovocnej svie\u017eosti a \u013eadovej chladivosti \u2013 ide\u00e1lna pre vapera, ktor\u00fd h\u013ead\u00e1 intenz\u00edvny, osvie\u017euj\u00faci z\u00e1\u017eitok. S nikot\u00ednovou silou 5 % poskytuje NEXA Ultra 50K pr\u00edjemn\u00fd nikot\u00ednov\u00fd z\u00e1\u0161leh, ktor\u00fd oslov\u00ed ako za\u010diato\u010dn\u00edkov, tak sk\u00fasen\u00fdch vapov.<\/p>\n<p data-start=\"7159\" data-end=\"7377\" data-is-last-node=\"\" data-is-only-node=\"\">\u010ci u\u017e h\u013ead\u00e1te ka\u017edodenn\u00e9ho spolo\u010dn\u00edka pre va\u0161u vapovaciu rutinu alebo pon\u00fakate v\u00fdnimo\u010dn\u00fd produkt na profesion\u00e1lny predaj, NEXA Ultra 50K Sour Apple Ice je ur\u010dite spr\u00e1vnou vo\u013ebou.<\/p>","protected":false},"excerpt":{"rendered":"<p>NEXA Ultra 50K Puff Einweg E-Zigarette Sour Apple Ice \u2013 Die perfekte Erfrischung f\u00fcr anspruchsvolle Dampfer Die NEXA Ultra 50K Puff Einweg E-Zigarette ist ein&#8230;<\/p>","protected":false},"featured_media":5718,"template":"","meta":[],"etheme_brands":[],"product_brand":[],"product_cat":[67,49,61],"product_tag":[],"class_list":{"0":"post-5743","1":"product","2":"type-product","3":"status-publish","4":"has-post-thumbnail","6":"product_cat-50k-vape","7":"product_cat-einweg-e-zigarette","8":"product_cat-f","10":"first","11":"outofstock","12":"shipping-taxable","13":"purchasable","14":"product-type-variable"},"yoast_head":"<!-- This site is optimized with the Yoast SEO plugin v26.5 - https:\/\/yoast.com\/wordpress\/plugins\/seo\/ -->\n<title>NEXA Ultra 50K Sour Apple Ice bringt den reichen Geschmack von gr\u00fcnen \u00c4pfeln | Vapingnet.de<\/title>\n<meta name=\"description\" content=\"NEXA Ultra 50K Sour Apple Ice kombiniert den intensiven Geschmack gr\u00fcner \u00c4pfel mit einer k\u00fchlen, eisigen Note \u2013 erfrischend und fruchtig.\" \/>\n<meta name=\"robots\" content=\"index, follow, max-snippet:-1, max-image-preview:large, max-video-preview:-1\" \/>\n<link rel=\"canonical\" href=\"https:\/\/vapingnet.de\/sk\/vape\/nexa-ultra-50k-sour-apple-ice-bringt-den-reichen-geschmack-von-gruenen-aepfeln\/\" \/>\n<meta property=\"og:locale\" content=\"sk_SK\" \/>\n<meta property=\"og:type\" content=\"article\" \/>\n<meta property=\"og:title\" content=\"NEXA Ultra 50K Sour Apple Ice bringt den reichen Geschmack von gr\u00fcnen \u00c4pfeln | Vapingnet.de\" \/>\n<meta property=\"og:description\" content=\"NEXA Ultra 50K Sour Apple Ice kombiniert den intensiven Geschmack gr\u00fcner \u00c4pfel mit einer k\u00fchlen, eisigen Note \u2013 erfrischend und fruchtig.\" \/>\n<meta property=\"og:url\" content=\"https:\/\/vapingnet.de\/sk\/vape\/nexa-ultra-50k-sour-apple-ice-bringt-den-reichen-geschmack-von-gruenen-aepfeln\/\" \/>\n<meta property=\"og:site_name\" content=\"Vapingnet.de\" \/>\n<meta property=\"article:publisher\" content=\"https:\/\/www.facebook.com\/vapingnetde\/\" \/>\n<meta property=\"article:modified_time\" content=\"2026-04-14T06:41:05+00:00\" \/>\n<meta property=\"og:image\" content=\"https:\/\/vapingnet.de\/wp-content\/uploads\/2025\/03\/50K_SOUR_APPLE_ICE-1.png\" \/>\n\t<meta property=\"og:image:width\" content=\"1000\" \/>\n\t<meta property=\"og:image:height\" content=\"1000\" \/>\n\t<meta property=\"og:image:type\" content=\"image\/png\" \/>\n<meta name=\"twitter:card\" content=\"summary_large_image\" \/>\n<meta name=\"twitter:label1\" content=\"Est. reading time\" \/>\n\t<meta name=\"twitter:data1\" content=\"6 minutes\" \/>\n<script type=\"application\/ld+json\" class=\"yoast-schema-graph\">{\"@context\":\"https:\/\/schema.org\",\"@graph\":[{\"@type\":\"WebPage\",\"@id\":\"https:\/\/vapingnet.de\/vape\/nexa-ultra-50k-sour-apple-ice-bringt-den-reichen-geschmack-von-gruenen-aepfeln\/\",\"url\":\"https:\/\/vapingnet.de\/vape\/nexa-ultra-50k-sour-apple-ice-bringt-den-reichen-geschmack-von-gruenen-aepfeln\/\",\"name\":\"NEXA Ultra 50K Sour Apple Ice bringt den reichen Geschmack von gr\u00fcnen \u00c4pfeln | Vapingnet.de\",\"isPartOf\":{\"@id\":\"https:\/\/vapingnet.de\/#website\"},\"primaryImageOfPage\":{\"@id\":\"https:\/\/vapingnet.de\/vape\/nexa-ultra-50k-sour-apple-ice-bringt-den-reichen-geschmack-von-gruenen-aepfeln\/#primaryimage\"},\"image\":{\"@id\":\"https:\/\/vapingnet.de\/vape\/nexa-ultra-50k-sour-apple-ice-bringt-den-reichen-geschmack-von-gruenen-aepfeln\/#primaryimage\"},\"thumbnailUrl\":\"https:\/\/vapingnet.de\/wp-content\/uploads\/2025\/03\/50K_SOUR_APPLE_ICE-1.png\",\"datePublished\":\"2025-03-19T05:38:24+00:00\",\"dateModified\":\"2026-04-14T06:41:05+00:00\",\"description\":\"NEXA Ultra 50K Sour Apple Ice kombiniert den intensiven Geschmack gr\u00fcner \u00c4pfel mit einer k\u00fchlen, eisigen Note \u2013 erfrischend und fruchtig.\",\"breadcrumb\":{\"@id\":\"https:\/\/vapingnet.de\/vape\/nexa-ultra-50k-sour-apple-ice-bringt-den-reichen-geschmack-von-gruenen-aepfeln\/#breadcrumb\"},\"inLanguage\":\"sk-SK\",\"potentialAction\":[{\"@type\":\"ReadAction\",\"target\":[\"https:\/\/vapingnet.de\/vape\/nexa-ultra-50k-sour-apple-ice-bringt-den-reichen-geschmack-von-gruenen-aepfeln\/\"]}]},{\"@type\":\"ImageObject\",\"inLanguage\":\"sk-SK\",\"@id\":\"https:\/\/vapingnet.de\/vape\/nexa-ultra-50k-sour-apple-ice-bringt-den-reichen-geschmack-von-gruenen-aepfeln\/#primaryimage\",\"url\":\"https:\/\/vapingnet.de\/wp-content\/uploads\/2025\/03\/50K_SOUR_APPLE_ICE-1.png\",\"contentUrl\":\"https:\/\/vapingnet.de\/wp-content\/uploads\/2025\/03\/50K_SOUR_APPLE_ICE-1.png\",\"width\":1000,\"height\":1000},{\"@type\":\"BreadcrumbList\",\"@id\":\"https:\/\/vapingnet.de\/vape\/nexa-ultra-50k-sour-apple-ice-bringt-den-reichen-geschmack-von-gruenen-aepfeln\/#breadcrumb\",\"itemListElement\":[{\"@type\":\"ListItem\",\"position\":1,\"name\":\"Home\",\"item\":\"https:\/\/vapingnet.de\/\"},{\"@type\":\"ListItem\",\"position\":2,\"name\":\"Shop\",\"item\":\"https:\/\/vapingnet.de\/vape\/\"},{\"@type\":\"ListItem\",\"position\":3,\"name\":\"NEXA Ultra 50K Sour Apple Ice bringt den reichen Geschmack von gr\u00fcnen \u00c4pfeln\"}]},{\"@type\":\"WebSite\",\"@id\":\"https:\/\/vapingnet.de\/#website\",\"url\":\"https:\/\/vapingnet.de\/\",\"name\":\"Vapingnet.de\",\"description\":\"\",\"publisher\":{\"@id\":\"https:\/\/vapingnet.de\/#organization\"},\"potentialAction\":[{\"@type\":\"SearchAction\",\"target\":{\"@type\":\"EntryPoint\",\"urlTemplate\":\"https:\/\/vapingnet.de\/?s={search_term_string}\"},\"query-input\":{\"@type\":\"PropertyValueSpecification\",\"valueRequired\":true,\"valueName\":\"search_term_string\"}}],\"inLanguage\":\"sk-SK\"},{\"@type\":\"Organization\",\"@id\":\"https:\/\/vapingnet.de\/#organization\",\"name\":\"Vapingnet.de\",\"url\":\"https:\/\/vapingnet.de\/\",\"logo\":{\"@type\":\"ImageObject\",\"inLanguage\":\"sk-SK\",\"@id\":\"https:\/\/vapingnet.de\/#\/schema\/logo\/image\/\",\"url\":\"https:\/\/vapingnet.de\/wp-content\/uploads\/2025\/03\/cropped-vapingnet.de_.jpg\",\"contentUrl\":\"https:\/\/vapingnet.de\/wp-content\/uploads\/2025\/03\/cropped-vapingnet.de_.jpg\",\"width\":512,\"height\":512,\"caption\":\"Vapingnet.de\"},\"image\":{\"@id\":\"https:\/\/vapingnet.de\/#\/schema\/logo\/image\/\"},\"sameAs\":[\"https:\/\/www.facebook.com\/vapingnetde\/\"]}]}<\/script>\n<!-- \/ Yoast SEO plugin. -->","yoast_head_json":{"title":"NEXA Ultra 50K Sour Apple Ice bringt den reichen Geschmack von gr\u00fcnen \u00c4pfeln | Vapingnet.de","description":"NEXA Ultra 50K Sour Apple Ice kombiniert den intensiven Geschmack gr\u00fcner \u00c4pfel mit einer k\u00fchlen, eisigen Note \u2013 erfrischend und fruchtig.","robots":{"index":"index","follow":"follow","max-snippet":"max-snippet:-1","max-image-preview":"max-image-preview:large","max-video-preview":"max-video-preview:-1"},"canonical":"https:\/\/vapingnet.de\/sk\/vape\/nexa-ultra-50k-sour-apple-ice-bringt-den-reichen-geschmack-von-gruenen-aepfeln\/","og_locale":"sk_SK","og_type":"article","og_title":"NEXA Ultra 50K Sour Apple Ice bringt den reichen Geschmack von gr\u00fcnen \u00c4pfeln | Vapingnet.de","og_description":"NEXA Ultra 50K Sour Apple Ice kombiniert den intensiven Geschmack gr\u00fcner \u00c4pfel mit einer k\u00fchlen, eisigen Note \u2013 erfrischend und fruchtig.","og_url":"https:\/\/vapingnet.de\/sk\/vape\/nexa-ultra-50k-sour-apple-ice-bringt-den-reichen-geschmack-von-gruenen-aepfeln\/","og_site_name":"Vapingnet.de","article_publisher":"https:\/\/www.facebook.com\/vapingnetde\/","article_modified_time":"2026-04-14T06:41:05+00:00","og_image":[{"width":1000,"height":1000,"url":"https:\/\/vapingnet.de\/wp-content\/uploads\/2025\/03\/50K_SOUR_APPLE_ICE-1.png","type":"image\/png"}],"twitter_card":"summary_large_image","twitter_misc":{"Est. reading time":"6 minutes"},"schema":{"@context":"https:\/\/schema.org","@graph":[{"@type":"WebPage","@id":"https:\/\/vapingnet.de\/vape\/nexa-ultra-50k-sour-apple-ice-bringt-den-reichen-geschmack-von-gruenen-aepfeln\/","url":"https:\/\/vapingnet.de\/vape\/nexa-ultra-50k-sour-apple-ice-bringt-den-reichen-geschmack-von-gruenen-aepfeln\/","name":"NEXA Ultra 50K Sour Apple Ice bringt den reichen Geschmack von gr\u00fcnen \u00c4pfeln | Vapingnet.de","isPartOf":{"@id":"https:\/\/vapingnet.de\/#website"},"primaryImageOfPage":{"@id":"https:\/\/vapingnet.de\/vape\/nexa-ultra-50k-sour-apple-ice-bringt-den-reichen-geschmack-von-gruenen-aepfeln\/#primaryimage"},"image":{"@id":"https:\/\/vapingnet.de\/vape\/nexa-ultra-50k-sour-apple-ice-bringt-den-reichen-geschmack-von-gruenen-aepfeln\/#primaryimage"},"thumbnailUrl":"https:\/\/vapingnet.de\/wp-content\/uploads\/2025\/03\/50K_SOUR_APPLE_ICE-1.png","datePublished":"2025-03-19T05:38:24+00:00","dateModified":"2026-04-14T06:41:05+00:00","description":"NEXA Ultra 50K Sour Apple Ice kombiniert den intensiven Geschmack gr\u00fcner \u00c4pfel mit einer k\u00fchlen, eisigen Note \u2013 erfrischend und fruchtig.","breadcrumb":{"@id":"https:\/\/vapingnet.de\/vape\/nexa-ultra-50k-sour-apple-ice-bringt-den-reichen-geschmack-von-gruenen-aepfeln\/#breadcrumb"},"inLanguage":"sk-SK","potentialAction":[{"@type":"ReadAction","target":["https:\/\/vapingnet.de\/vape\/nexa-ultra-50k-sour-apple-ice-bringt-den-reichen-geschmack-von-gruenen-aepfeln\/"]}]},{"@type":"ImageObject","inLanguage":"sk-SK","@id":"https:\/\/vapingnet.de\/vape\/nexa-ultra-50k-sour-apple-ice-bringt-den-reichen-geschmack-von-gruenen-aepfeln\/#primaryimage","url":"https:\/\/vapingnet.de\/wp-content\/uploads\/2025\/03\/50K_SOUR_APPLE_ICE-1.png","contentUrl":"https:\/\/vapingnet.de\/wp-content\/uploads\/2025\/03\/50K_SOUR_APPLE_ICE-1.png","width":1000,"height":1000},{"@type":"BreadcrumbList","@id":"https:\/\/vapingnet.de\/vape\/nexa-ultra-50k-sour-apple-ice-bringt-den-reichen-geschmack-von-gruenen-aepfeln\/#breadcrumb","itemListElement":[{"@type":"ListItem","position":1,"name":"Home","item":"https:\/\/vapingnet.de\/"},{"@type":"ListItem","position":2,"name":"Shop","item":"https:\/\/vapingnet.de\/vape\/"},{"@type":"ListItem","position":3,"name":"NEXA Ultra 50K Sour Apple Ice bringt den reichen Geschmack von gr\u00fcnen \u00c4pfeln"}]},{"@type":"WebSite","@id":"https:\/\/vapingnet.de\/#website","url":"https:\/\/vapingnet.de\/","name":"Vapingnet.de","description":"","publisher":{"@id":"https:\/\/vapingnet.de\/#organization"},"potentialAction":[{"@type":"SearchAction","target":{"@type":"EntryPoint","urlTemplate":"https:\/\/vapingnet.de\/?s={search_term_string}"},"query-input":{"@type":"PropertyValueSpecification","valueRequired":true,"valueName":"search_term_string"}}],"inLanguage":"sk-SK"},{"@type":"Organization","@id":"https:\/\/vapingnet.de\/#organization","name":"Vapingnet.de","url":"https:\/\/vapingnet.de\/","logo":{"@type":"ImageObject","inLanguage":"sk-SK","@id":"https:\/\/vapingnet.de\/#\/schema\/logo\/image\/","url":"https:\/\/vapingnet.de\/wp-content\/uploads\/2025\/03\/cropped-vapingnet.de_.jpg","contentUrl":"https:\/\/vapingnet.de\/wp-content\/uploads\/2025\/03\/cropped-vapingnet.de_.jpg","width":512,"height":512,"caption":"Vapingnet.de"},"image":{"@id":"https:\/\/vapingnet.de\/#\/schema\/logo\/image\/"},"sameAs":["https:\/\/www.facebook.com\/vapingnetde\/"]}]}},"tiered_pricing_type":"fixed","tiered_pricing_fixed_rules":[],"tiered_pricing_product_settings":{"layout":"default","base_unit_name":{"singular":null,"plural":null},"default_variation":null},"tiered_pricing_minimum_quantity":null,"tiered_pricing_roles_data":[],"tiered_pricing_percentage_rules":[],"_links":{"self":[{"href":"https:\/\/vapingnet.de\/sk\/wp-json\/wp\/v2\/product\/5743","targetHints":{"allow":["GET"]}}],"collection":[{"href":"https:\/\/vapingnet.de\/sk\/wp-json\/wp\/v2\/product"}],"about":[{"href":"https:\/\/vapingnet.de\/sk\/wp-json\/wp\/v2\/types\/product"}],"version-history":[{"count":1,"href":"https:\/\/vapingnet.de\/sk\/wp-json\/wp\/v2\/product\/5743\/revisions"}],"predecessor-version":[{"id":5767,"href":"https:\/\/vapingnet.de\/sk\/wp-json\/wp\/v2\/product\/5743\/revisions\/5767"}],"wp:featuredmedia":[{"embeddable":true,"href":"https:\/\/vapingnet.de\/sk\/wp-json\/wp\/v2\/media\/5718"}],"wp:attachment":[{"href":"https:\/\/vapingnet.de\/sk\/wp-json\/wp\/v2\/media?parent=5743"}],"wp:term":[{"taxonomy":"brand","embeddable":true,"href":"https:\/\/vapingnet.de\/sk\/wp-json\/wp\/v2\/etheme_brands?post=5743"},{"taxonomy":"product_brand","embeddable":true,"href":"https:\/\/vapingnet.de\/sk\/wp-json\/wp\/v2\/product_brand?post=5743"},{"taxonomy":"product_cat","embeddable":true,"href":"https:\/\/vapingnet.de\/sk\/wp-json\/wp\/v2\/product_cat?post=5743"},{"taxonomy":"product_tag","embeddable":true,"href":"https:\/\/vapingnet.de\/sk\/wp-json\/wp\/v2\/product_tag?post=5743"}],"curies":[{"name":"wp","href":"https:\/\/api.w.org\/{rel}","templated":true}]}}