{"id":5745,"date":"2025-03-19T05:38:25","date_gmt":"2025-03-19T05:38:25","guid":{"rendered":"https:\/\/vapingnet.de\/?post_type=product&#038;p=5745"},"modified":"2026-04-14T06:41:05","modified_gmt":"2026-04-14T06:41:05","slug":"nexa-ultra-50k-erdbeer-banane-fruchtiges-dampferlebnis-suesse-erdbeere-und-cremige-banane-fuer-ein-erfrischendes-erlebnis","status":"publish","type":"product","link":"https:\/\/vapingnet.de\/sk\/vape\/nexa-ultra-50k-erdbeer-banane-fruchtiges-dampferlebnis-suesse-erdbeere-und-cremige-banane-fuer-ein-erfrischendes-erlebnis\/","title":{"rendered":"NEXA Ultra 50K Jahoda, ban\u00e1n Ovocn\u00fd vapovanie Sladk\u00e1 jahoda a kr\u00e9mov\u00fd ban\u00e1n pre osvie\u017euj\u00faci z\u00e1\u017eitok"},"content":{"rendered":"<h2 data-start=\"100\" data-end=\"165\">NEXA Ultra 50K Puff Jednorazov\u00e1 E-Cigareta: Jahodov\u00fd Ban\u00e1n<\/h2>\n<p data-start=\"167\" data-end=\"511\">NEXA Ultra 50K pon\u00faka skvel\u00fa kombin\u00e1ciu p\u00f4sobiv\u00e9ho v\u00fdkonu a lahodnej chuti. Ak ste milovn\u00edkom ovocn\u00fdch ar\u00f3m, potom je verzia \u201eJahodov\u00fd Ban\u00e1n\u201c presne to, \u010do h\u013ead\u00e1te. Sp\u00e1ja sladkos\u0165 jah\u00f4d a kr\u00e9movitos\u0165 ban\u00e1nu, aby poskytla jedine\u010dn\u00fd z\u00e1\u017eitok z vapovania.<\/p>\n<div class=\"overflow-x-auto contain-inline-size\">\n<table data-start=\"513\" data-end=\"3166\">\n<thead data-start=\"513\" data-end=\"688\">\n<tr data-start=\"513\" data-end=\"688\">\n<th data-start=\"513\" data-end=\"544\">Vlastnos\u0165<\/th>\n<th data-start=\"544\" data-end=\"688\">Detaily<\/th>\n<\/tr>\n<\/thead>\n<tbody data-start=\"865\" data-end=\"3166\">\n<tr data-start=\"865\" data-end=\"1041\">\n<td>Model<\/td>\n<td>NEXA Ultra 50K Puff Jednor\u00e1zov\u00e1 E-cigareta<\/td>\n<\/tr>\n<tr data-start=\"1042\" data-end=\"1218\">\n<td>Chute<\/td>\n<td>Jahodov\u00fd Ban\u00e1n (Jahoda &amp; Ban\u00e1n)<\/td>\n<\/tr>\n<tr data-start=\"1219\" data-end=\"1395\">\n<td>Kapacita Puffov<\/td>\n<td>50 000 \u0165ahov<\/td>\n<\/tr>\n<tr data-start=\"1396\" data-end=\"1571\">\n<td>Silnos\u0165 nikot\u00ednu<\/td>\n<td>5%<\/td>\n<\/tr>\n<tr data-start=\"1572\" data-end=\"1748\">\n<td>E-liquid n\u00e1dr\u017e<\/td>\n<td>20 ml prieh\u013eadn\u00e1 kry\u0161t\u00e1lov\u00e1 n\u00e1dr\u017e<\/td>\n<\/tr>\n<tr data-start=\"1749\" data-end=\"1925\">\n<td>Kapacita bat\u00e9rie<\/td>\n<td>800 mAh (r\u00fdchle nab\u00edjanie USB-C)<\/td>\n<\/tr>\n<tr data-start=\"1926\" data-end=\"2102\">\n<td>Re\u017eimy parenia<\/td>\n<td>Dva re\u017eimy:<\/td>\n<\/tr>\n<tr data-start=\"2103\" data-end=\"2278\">\n<td><\/td>\n<td>\u2013 Norm\u00e1lny re\u017eim: 50 000 \u0165ahov, jemn\u00fd chu\u0165ov\u00fd z\u00e1\u017eitok<\/td>\n<\/tr>\n<tr data-start=\"2279\" data-end=\"2452\">\n<td><\/td>\n<td>\u2013 Turbo re\u017eim: 30 000 \u0165ahov, intenz\u00edvnej\u0161\u00ed dym a chu\u0165<\/td>\n<\/tr>\n<tr data-start=\"2453\" data-end=\"2629\">\n<td>Displej<\/td>\n<td>3D zakriven\u00fd displej, zobrazuje stav bat\u00e9rie, hladinu tekutiny a re\u017eim<\/td>\n<\/tr>\n<tr data-start=\"2630\" data-end=\"2806\">\n<td>Aktiv\u00e1cia<\/td>\n<td>Aktivovan\u00e9 \u0165ahom (sta\u010d\u00ed \u0165aha\u0165, aby ste za\u010dali vapova\u0165)<\/td>\n<\/tr>\n<tr data-start=\"2807\" data-end=\"2986\">\n<td>Balenie na jednotku<\/td>\n<td>5 kusov v krabici<\/td>\n<\/tr>\n<tr data-start=\"2987\" data-end=\"3166\">\n<td>Popis ar\u00f3my<\/td>\n<td>Harmonick\u00e1 zmes sladkosti jah\u00f4d a kr\u00e9movit\u00e9ho ban\u00e1nu, ktor\u00e1 pon\u00faka pr\u00edjemn\u00fd ovocn\u00fd z\u00e1\u017eitok z vapovania.<\/td>\n<\/tr>\n<\/tbody>\n<\/table>\n<\/div>\n<h3 data-start=\"3173\" data-end=\"3221\">1. Chu\u0165ov\u00fd z\u00e1\u017eitok: Jahoda &amp; Ban\u00e1n<\/h3>\n<p data-start=\"3223\" data-end=\"3615\">Verzia \u201eJahodov\u00fd Ban\u00e1n\u201c kombinuje \u010derstv\u00fa sladkos\u0165 jah\u00f4d s kr\u00e9movitos\u0165ou ban\u00e1nu do chutn\u00e9ho, ovocn\u00e9ho z\u00e1\u017eitku. Jahoda dod\u00e1va intenz\u00edvnu sladk\u00fa chu\u0165, zatia\u013e \u010do ban\u00e1n dop\u013a\u0148a z\u00e1\u017eitok z vapovania jemnou, takmer kr\u00e9movou text\u00farou. Chu\u0165 zost\u00e1va v\u017edy \u010derstv\u00e1 a vyv\u00e1\u017een\u00e1 \u2013 nie pr\u00edli\u0161 sladk\u00e1, ale st\u00e1le ve\u013emi pr\u00edjemn\u00e1.<\/p>\n<p data-start=\"3617\" data-end=\"3919\">Jahoda prin\u00e1\u0161a sladk\u00fa, takmer kyslast\u00fa svie\u017eos\u0165, zatia\u013e \u010do ban\u00e1n so svojou kr\u00e9movou, exotickou pozn\u00e1mkou zabezpe\u010duje harmonick\u00fa rovnov\u00e1hu. Ka\u017ed\u00fd \u0165ah pon\u00faka rovnomern\u00fa zmes t\u00fdchto dvoch ovocn\u00fdch t\u00f3nov, \u010do zabezpe\u010duje konzistentn\u00fd a dlhotrvaj\u00faci chu\u0165ov\u00fd z\u00e1\u017eitok.<\/p>\n<h3 data-start=\"3921\" data-end=\"3965\">2. 50 000 \u0165ahov \u2013 Dlh\u00e1 doba pou\u017e\u00edvania<\/h3>\n<p data-start=\"3967\" data-end=\"4343\">T\u00e1 <strong><a href=\"https:\/\/vapingnet.de\/sk\/k\/50k-vape\/\">50k vape<\/a><\/strong>\u00a0NEXA Ultra 50K je viac ne\u017e dostato\u010dn\u00e1 na dlhodob\u00e9 u\u017e\u00edvanie. S 20 ml kry\u0161talick\u00fdm tankom si m\u00f4\u017eete vychutn\u00e1va\u0165 verziu \u201eJahodov\u00fd Ban\u00e1n\u201c po dlh\u0161iu dobu. Prieh\u013eadn\u00fd tank umo\u017e\u0148uje jednoduch\u00fa kontrolu hladiny tekutiny, tak\u017ee v\u017edy viete, kedy je \u010das nabi\u0165 alebo doplni\u0165 zariadenie.<\/p>\n<h3 data-start=\"4345\" data-end=\"4395\">3. Dual-mode technol\u00f3gia pre flexibilitu<\/h3>\n<p data-start=\"4397\" data-end=\"4488\">S dual-mode technol\u00f3giou pon\u00faka NEXA Ultra 50K prisp\u00f4sobite\u013en\u00fd z\u00e1\u017eitok z vapovania:<\/p>\n<ul data-start=\"4490\" data-end=\"4898\">\n<li data-start=\"4490\" data-end=\"4672\">\n<p data-start=\"4492\" data-end=\"4672\">Norm\u00e1lny re\u017eim (50K \u0165ahov): Tento re\u017eim je ur\u010den\u00fd na rovnomern\u00e9 a jemn\u00e9 vapovanie. Ar\u00f3my \u201eJahodov\u00fd Ban\u00e1n\u201c sa rozv\u00edjaj\u00fa jemne a dlhotrvaj\u00faco.<\/p>\n<\/li>\n<li data-start=\"4676\" data-end=\"4898\">\n<p data-start=\"4678\" data-end=\"4898\">Turbo re\u017eim (30K \u0165ahov): Pre intenz\u00edvnej\u0161\u00ed paru a silnej\u0161iu chu\u0165. V tomto re\u017eime je para hustej\u0161ia a ovocn\u00e1 chu\u0165 e\u0161te intenz\u00edvnej\u0161ia, ide\u00e1lne pre vapovanie, ktor\u00e9 h\u013ead\u00e1 silnej\u0161\u00ed z\u00e1\u017eitok.<\/p>\n<\/li>\n<\/ul>\n<h3 data-start=\"4900\" data-end=\"4949\">4. 3D zakriven\u00fd displej pre jednoduch\u00e9 pou\u017eitie<\/h3>\n<p data-start=\"4951\" data-end=\"5305\">3D zakriven\u00fd displej NEXA Ultra 50K zobrazuje d\u00f4le\u017eit\u00e9 inform\u00e1cie v modernom, elegantnom dizajne. Ukazuje stav bat\u00e9rie, hladinu tekutiny a aktu\u00e1lny re\u017eim vapovania, tak\u017ee ste v\u017edy informovan\u00ed. Jasn\u00fd, dobre \u010ditate\u013en\u00fd displej zabezpe\u010duje, \u017ee nikdy nebudete v tme, pokia\u013e ide o stav v\u00e1\u0161ho zariadenia.<\/p>\n<h3 data-start=\"5307\" data-end=\"5358\">5. R\u00fdchle nab\u00edjanie USB-C pre r\u00fdchle pou\u017eitie<\/h3>\n<p data-start=\"5360\" data-end=\"5587\">V\u010faka bat\u00e9rii s kapacitou 800 mAh a r\u00fdchlemu nab\u00edjaniu USB-C m\u00f4\u017eete zariadenie r\u00fdchlo nabi\u0165 a okam\u017eite znova pou\u017e\u00edva\u0165. R\u00fdchly proces nab\u00edjania zabezpe\u010duje, \u017ee nikdy nebudete dlho \u010daka\u0165 na \u010fal\u0161iu vapovaciu rel\u00e1ciu.<\/p>\n<h3 data-start=\"5589\" data-end=\"5644\">6. Jednoduch\u00e9 ovl\u00e1danie \u2013 Ide\u00e1lne na ka\u017edodenn\u00e9 pou\u017eitie<\/h3>\n<p data-start=\"5646\" data-end=\"5995\">NEXA Ultra 50K je aktivovan\u00e1 \u0165ahom, \u010do znamen\u00e1, \u017ee sa automaticky aktivuje, ke\u010f na \u0148u \u0165ah\u00e1te. Nie je potrebn\u00e9 stl\u00e1\u010da\u0165 \u017eiadne tla\u010didlo na spustenie vapovania \u2013 sta\u010d\u00ed \u0165aha\u0165 a u\u017e\u00edva\u0165 si. T\u00e1to pou\u017e\u00edvate\u013esky pr\u00edvetiv\u00e1 funkcia rob\u00ed zariadenie ide\u00e1lnym pre v\u0161etk\u00fdch, ktor\u00ed h\u013eadaj\u00fa jednoduch\u00e9, r\u00fdchle rie\u0161enie pre svoj vapovac\u00ed z\u00e1\u017eitok.<\/p>\n<h3 data-start=\"5997\" data-end=\"6054\">7. Perfektn\u00e9 balenie pre predajcov a \u010dast\u00fdch pou\u017e\u00edvate\u013eov<\/h3>\n<p data-start=\"6056\" data-end=\"6387\">NEXA Ultra 50K je dod\u00e1van\u00e1 v balen\u00ed po 5 kusov, \u010do ju rob\u00ed atrakt\u00edvnou pre osobn\u00e9 z\u00e1soby aj pre predajcov. T\u00e1to ve\u013ekos\u0165 balenia umo\u017e\u0148uje n\u00e1kup a predaj produktu s vysokou n\u00e1kladovou efekt\u00edvnos\u0165ou, zatia\u013e \u010do dlh\u00e1 puff kapacita rob\u00ed produkt obzvl\u00e1\u0161\u0165 zauj\u00edmav\u00fdm pre \u010dast\u00fdch pou\u017e\u00edvate\u013eov.<\/p>\n<h3 data-start=\"6389\" data-end=\"6455\">8. Pre\u010do je NEXA Ultra 50K Strawberry Banana nevyhnutnos\u0165ou<\/h3>\n<p data-start=\"6457\" data-end=\"7048\">Zhrnut\u00edm mo\u017eno poveda\u0165, \u017ee <strong><a href=\"https:\/\/vapingnet.de\/sk\/nexa-ultra-50000-puffs\/\">NEXA Ultra 50K pufy<\/a><\/strong> Strawberry Banana v\u010faka svojej p\u00f4sobivej puff kapacite a ovocnej chuti je vynikajou vo\u013ebou pre vapery, ktor\u00ed h\u013eadaj\u00fa kombin\u00e1ciu dlhodobej v\u00fddr\u017ee a intenz\u00edvneho p\u00f4\u017eitku. Chu\u0165 jahody a ban\u00e1nu je dokonale vyv\u00e1\u017een\u00e1 a poskytuje osvie\u017euj\u00faci, ovocn\u00fd z\u00e1\u017eitok pri ka\u017edom \u0165ahu. Modern\u00fd dizajn, technol\u00f3gia dvojit\u00e9ho re\u017eimu a 3D zakriven\u00fd displej robia z NEXA Ultra 50K zariadenie, ktor\u00e9 presved\u010d\u00ed nielen technol\u00f3giou, ale aj chu\u0165ou.<\/p>\n<p data-start=\"7050\" data-end=\"7287\">Pre vapery, ktor\u00ed h\u013eadaj\u00fa dlhodob\u00fd ovocn\u00fd z\u00e1\u017eitok s technickou podporou a jednoduch\u00fdm pou\u017e\u00edvan\u00edm, je NEXA Ultra 50K Strawberry Banana ur\u010dite spr\u00e1vnou vo\u013ebou.<\/p>","protected":false},"excerpt":{"rendered":"<p>NEXA Ultra 50K Puff Einweg E-Zigarette: Strawberry Banana Die NEXA Ultra 50K bietet eine gro\u00dfartige Kombination aus beeindruckender Leistung und k\u00f6stlichem Geschmack. Wenn Sie ein&#8230;<\/p>","protected":false},"featured_media":5719,"template":"","meta":[],"etheme_brands":[],"product_brand":[],"product_cat":[67,49,61],"product_tag":[],"class_list":{"0":"post-5745","1":"product","2":"type-product","3":"status-publish","4":"has-post-thumbnail","6":"product_cat-50k-vape","7":"product_cat-einweg-e-zigarette","8":"product_cat-f","10":"first","11":"outofstock","12":"shipping-taxable","13":"purchasable","14":"product-type-variable"},"yoast_head":"<!-- This site is optimized with the Yoast SEO plugin v26.5 - https:\/\/yoast.com\/wordpress\/plugins\/seo\/ -->\n<title>NEXA Ultra 50K Erdbeer Banane Fruchtiges Dampferlebnis S\u00fc\u00dfe Erdbeere und cremige Banane f\u00fcr ein erfrischendes Erlebnis | Vapingnet.de<\/title>\n<meta name=\"description\" content=\"NEXA Ultra 50K Strawberry Banana bietet die perfekte Mischung aus s\u00fc\u00dfer Erdbeere und cremiger Banane f\u00fcr ein erfrischendes, fruchtiges Dampferlebnis.\" \/>\n<meta name=\"robots\" content=\"index, follow, max-snippet:-1, max-image-preview:large, max-video-preview:-1\" \/>\n<link rel=\"canonical\" href=\"https:\/\/vapingnet.de\/sk\/vape\/nexa-ultra-50k-erdbeer-banane-fruchtiges-dampferlebnis-suesse-erdbeere-und-cremige-banane-fuer-ein-erfrischendes-erlebnis\/\" \/>\n<meta property=\"og:locale\" content=\"sk_SK\" \/>\n<meta property=\"og:type\" content=\"article\" \/>\n<meta property=\"og:title\" content=\"NEXA Ultra 50K Erdbeer Banane Fruchtiges Dampferlebnis S\u00fc\u00dfe Erdbeere und cremige Banane f\u00fcr ein erfrischendes Erlebnis | Vapingnet.de\" \/>\n<meta property=\"og:description\" content=\"NEXA Ultra 50K Strawberry Banana bietet die perfekte Mischung aus s\u00fc\u00dfer Erdbeere und cremiger Banane f\u00fcr ein erfrischendes, fruchtiges Dampferlebnis.\" \/>\n<meta property=\"og:url\" content=\"https:\/\/vapingnet.de\/sk\/vape\/nexa-ultra-50k-erdbeer-banane-fruchtiges-dampferlebnis-suesse-erdbeere-und-cremige-banane-fuer-ein-erfrischendes-erlebnis\/\" \/>\n<meta property=\"og:site_name\" content=\"Vapingnet.de\" \/>\n<meta property=\"article:publisher\" content=\"https:\/\/www.facebook.com\/vapingnetde\/\" \/>\n<meta property=\"article:modified_time\" content=\"2026-04-14T06:41:05+00:00\" \/>\n<meta property=\"og:image\" content=\"https:\/\/vapingnet.de\/wp-content\/uploads\/2025\/03\/50K_STRAWBERRY_BANANA-1.png\" \/>\n\t<meta property=\"og:image:width\" content=\"1000\" \/>\n\t<meta property=\"og:image:height\" content=\"1000\" \/>\n\t<meta property=\"og:image:type\" content=\"image\/png\" \/>\n<meta name=\"twitter:card\" content=\"summary_large_image\" \/>\n<meta name=\"twitter:label1\" content=\"Est. reading time\" \/>\n\t<meta name=\"twitter:data1\" content=\"5 minutes\" \/>\n<script type=\"application\/ld+json\" class=\"yoast-schema-graph\">{\"@context\":\"https:\/\/schema.org\",\"@graph\":[{\"@type\":\"WebPage\",\"@id\":\"https:\/\/vapingnet.de\/vape\/nexa-ultra-50k-erdbeer-banane-fruchtiges-dampferlebnis-suesse-erdbeere-und-cremige-banane-fuer-ein-erfrischendes-erlebnis\/\",\"url\":\"https:\/\/vapingnet.de\/vape\/nexa-ultra-50k-erdbeer-banane-fruchtiges-dampferlebnis-suesse-erdbeere-und-cremige-banane-fuer-ein-erfrischendes-erlebnis\/\",\"name\":\"NEXA Ultra 50K Erdbeer Banane Fruchtiges Dampferlebnis S\u00fc\u00dfe Erdbeere und cremige Banane f\u00fcr ein erfrischendes Erlebnis | Vapingnet.de\",\"isPartOf\":{\"@id\":\"https:\/\/vapingnet.de\/#website\"},\"primaryImageOfPage\":{\"@id\":\"https:\/\/vapingnet.de\/vape\/nexa-ultra-50k-erdbeer-banane-fruchtiges-dampferlebnis-suesse-erdbeere-und-cremige-banane-fuer-ein-erfrischendes-erlebnis\/#primaryimage\"},\"image\":{\"@id\":\"https:\/\/vapingnet.de\/vape\/nexa-ultra-50k-erdbeer-banane-fruchtiges-dampferlebnis-suesse-erdbeere-und-cremige-banane-fuer-ein-erfrischendes-erlebnis\/#primaryimage\"},\"thumbnailUrl\":\"https:\/\/vapingnet.de\/wp-content\/uploads\/2025\/03\/50K_STRAWBERRY_BANANA-1.png\",\"datePublished\":\"2025-03-19T05:38:25+00:00\",\"dateModified\":\"2026-04-14T06:41:05+00:00\",\"description\":\"NEXA Ultra 50K Strawberry Banana bietet die perfekte Mischung aus s\u00fc\u00dfer Erdbeere und cremiger Banane f\u00fcr ein erfrischendes, fruchtiges Dampferlebnis.\",\"breadcrumb\":{\"@id\":\"https:\/\/vapingnet.de\/vape\/nexa-ultra-50k-erdbeer-banane-fruchtiges-dampferlebnis-suesse-erdbeere-und-cremige-banane-fuer-ein-erfrischendes-erlebnis\/#breadcrumb\"},\"inLanguage\":\"sk-SK\",\"potentialAction\":[{\"@type\":\"ReadAction\",\"target\":[\"https:\/\/vapingnet.de\/vape\/nexa-ultra-50k-erdbeer-banane-fruchtiges-dampferlebnis-suesse-erdbeere-und-cremige-banane-fuer-ein-erfrischendes-erlebnis\/\"]}]},{\"@type\":\"ImageObject\",\"inLanguage\":\"sk-SK\",\"@id\":\"https:\/\/vapingnet.de\/vape\/nexa-ultra-50k-erdbeer-banane-fruchtiges-dampferlebnis-suesse-erdbeere-und-cremige-banane-fuer-ein-erfrischendes-erlebnis\/#primaryimage\",\"url\":\"https:\/\/vapingnet.de\/wp-content\/uploads\/2025\/03\/50K_STRAWBERRY_BANANA-1.png\",\"contentUrl\":\"https:\/\/vapingnet.de\/wp-content\/uploads\/2025\/03\/50K_STRAWBERRY_BANANA-1.png\",\"width\":1000,\"height\":1000},{\"@type\":\"BreadcrumbList\",\"@id\":\"https:\/\/vapingnet.de\/vape\/nexa-ultra-50k-erdbeer-banane-fruchtiges-dampferlebnis-suesse-erdbeere-und-cremige-banane-fuer-ein-erfrischendes-erlebnis\/#breadcrumb\",\"itemListElement\":[{\"@type\":\"ListItem\",\"position\":1,\"name\":\"Home\",\"item\":\"https:\/\/vapingnet.de\/\"},{\"@type\":\"ListItem\",\"position\":2,\"name\":\"Shop\",\"item\":\"https:\/\/vapingnet.de\/vape\/\"},{\"@type\":\"ListItem\",\"position\":3,\"name\":\"NEXA Ultra 50K Erdbeer Banane Fruchtiges Dampferlebnis S\u00fc\u00dfe Erdbeere und cremige Banane f\u00fcr ein erfrischendes Erlebnis\"}]},{\"@type\":\"WebSite\",\"@id\":\"https:\/\/vapingnet.de\/#website\",\"url\":\"https:\/\/vapingnet.de\/\",\"name\":\"Vapingnet.de\",\"description\":\"\",\"publisher\":{\"@id\":\"https:\/\/vapingnet.de\/#organization\"},\"potentialAction\":[{\"@type\":\"SearchAction\",\"target\":{\"@type\":\"EntryPoint\",\"urlTemplate\":\"https:\/\/vapingnet.de\/?s={search_term_string}\"},\"query-input\":{\"@type\":\"PropertyValueSpecification\",\"valueRequired\":true,\"valueName\":\"search_term_string\"}}],\"inLanguage\":\"sk-SK\"},{\"@type\":\"Organization\",\"@id\":\"https:\/\/vapingnet.de\/#organization\",\"name\":\"Vapingnet.de\",\"url\":\"https:\/\/vapingnet.de\/\",\"logo\":{\"@type\":\"ImageObject\",\"inLanguage\":\"sk-SK\",\"@id\":\"https:\/\/vapingnet.de\/#\/schema\/logo\/image\/\",\"url\":\"https:\/\/vapingnet.de\/wp-content\/uploads\/2025\/03\/cropped-vapingnet.de_.jpg\",\"contentUrl\":\"https:\/\/vapingnet.de\/wp-content\/uploads\/2025\/03\/cropped-vapingnet.de_.jpg\",\"width\":512,\"height\":512,\"caption\":\"Vapingnet.de\"},\"image\":{\"@id\":\"https:\/\/vapingnet.de\/#\/schema\/logo\/image\/\"},\"sameAs\":[\"https:\/\/www.facebook.com\/vapingnetde\/\"]}]}<\/script>\n<!-- \/ Yoast SEO plugin. -->","yoast_head_json":{"title":"NEXA Ultra 50K Erdbeer Banane Fruchtiges Dampferlebnis S\u00fc\u00dfe Erdbeere und cremige Banane f\u00fcr ein erfrischendes Erlebnis | Vapingnet.de","description":"NEXA Ultra 50K Strawberry Banana bietet die perfekte Mischung aus s\u00fc\u00dfer Erdbeere und cremiger Banane f\u00fcr ein erfrischendes, fruchtiges Dampferlebnis.","robots":{"index":"index","follow":"follow","max-snippet":"max-snippet:-1","max-image-preview":"max-image-preview:large","max-video-preview":"max-video-preview:-1"},"canonical":"https:\/\/vapingnet.de\/sk\/vape\/nexa-ultra-50k-erdbeer-banane-fruchtiges-dampferlebnis-suesse-erdbeere-und-cremige-banane-fuer-ein-erfrischendes-erlebnis\/","og_locale":"sk_SK","og_type":"article","og_title":"NEXA Ultra 50K Erdbeer Banane Fruchtiges Dampferlebnis S\u00fc\u00dfe Erdbeere und cremige Banane f\u00fcr ein erfrischendes Erlebnis | Vapingnet.de","og_description":"NEXA Ultra 50K Strawberry Banana bietet die perfekte Mischung aus s\u00fc\u00dfer Erdbeere und cremiger Banane f\u00fcr ein erfrischendes, fruchtiges Dampferlebnis.","og_url":"https:\/\/vapingnet.de\/sk\/vape\/nexa-ultra-50k-erdbeer-banane-fruchtiges-dampferlebnis-suesse-erdbeere-und-cremige-banane-fuer-ein-erfrischendes-erlebnis\/","og_site_name":"Vapingnet.de","article_publisher":"https:\/\/www.facebook.com\/vapingnetde\/","article_modified_time":"2026-04-14T06:41:05+00:00","og_image":[{"width":1000,"height":1000,"url":"https:\/\/vapingnet.de\/wp-content\/uploads\/2025\/03\/50K_STRAWBERRY_BANANA-1.png","type":"image\/png"}],"twitter_card":"summary_large_image","twitter_misc":{"Est. reading time":"5 minutes"},"schema":{"@context":"https:\/\/schema.org","@graph":[{"@type":"WebPage","@id":"https:\/\/vapingnet.de\/vape\/nexa-ultra-50k-erdbeer-banane-fruchtiges-dampferlebnis-suesse-erdbeere-und-cremige-banane-fuer-ein-erfrischendes-erlebnis\/","url":"https:\/\/vapingnet.de\/vape\/nexa-ultra-50k-erdbeer-banane-fruchtiges-dampferlebnis-suesse-erdbeere-und-cremige-banane-fuer-ein-erfrischendes-erlebnis\/","name":"NEXA Ultra 50K Erdbeer Banane Fruchtiges Dampferlebnis S\u00fc\u00dfe Erdbeere und cremige Banane f\u00fcr ein erfrischendes Erlebnis | Vapingnet.de","isPartOf":{"@id":"https:\/\/vapingnet.de\/#website"},"primaryImageOfPage":{"@id":"https:\/\/vapingnet.de\/vape\/nexa-ultra-50k-erdbeer-banane-fruchtiges-dampferlebnis-suesse-erdbeere-und-cremige-banane-fuer-ein-erfrischendes-erlebnis\/#primaryimage"},"image":{"@id":"https:\/\/vapingnet.de\/vape\/nexa-ultra-50k-erdbeer-banane-fruchtiges-dampferlebnis-suesse-erdbeere-und-cremige-banane-fuer-ein-erfrischendes-erlebnis\/#primaryimage"},"thumbnailUrl":"https:\/\/vapingnet.de\/wp-content\/uploads\/2025\/03\/50K_STRAWBERRY_BANANA-1.png","datePublished":"2025-03-19T05:38:25+00:00","dateModified":"2026-04-14T06:41:05+00:00","description":"NEXA Ultra 50K Strawberry Banana bietet die perfekte Mischung aus s\u00fc\u00dfer Erdbeere und cremiger Banane f\u00fcr ein erfrischendes, fruchtiges Dampferlebnis.","breadcrumb":{"@id":"https:\/\/vapingnet.de\/vape\/nexa-ultra-50k-erdbeer-banane-fruchtiges-dampferlebnis-suesse-erdbeere-und-cremige-banane-fuer-ein-erfrischendes-erlebnis\/#breadcrumb"},"inLanguage":"sk-SK","potentialAction":[{"@type":"ReadAction","target":["https:\/\/vapingnet.de\/vape\/nexa-ultra-50k-erdbeer-banane-fruchtiges-dampferlebnis-suesse-erdbeere-und-cremige-banane-fuer-ein-erfrischendes-erlebnis\/"]}]},{"@type":"ImageObject","inLanguage":"sk-SK","@id":"https:\/\/vapingnet.de\/vape\/nexa-ultra-50k-erdbeer-banane-fruchtiges-dampferlebnis-suesse-erdbeere-und-cremige-banane-fuer-ein-erfrischendes-erlebnis\/#primaryimage","url":"https:\/\/vapingnet.de\/wp-content\/uploads\/2025\/03\/50K_STRAWBERRY_BANANA-1.png","contentUrl":"https:\/\/vapingnet.de\/wp-content\/uploads\/2025\/03\/50K_STRAWBERRY_BANANA-1.png","width":1000,"height":1000},{"@type":"BreadcrumbList","@id":"https:\/\/vapingnet.de\/vape\/nexa-ultra-50k-erdbeer-banane-fruchtiges-dampferlebnis-suesse-erdbeere-und-cremige-banane-fuer-ein-erfrischendes-erlebnis\/#breadcrumb","itemListElement":[{"@type":"ListItem","position":1,"name":"Home","item":"https:\/\/vapingnet.de\/"},{"@type":"ListItem","position":2,"name":"Shop","item":"https:\/\/vapingnet.de\/vape\/"},{"@type":"ListItem","position":3,"name":"NEXA Ultra 50K Erdbeer Banane Fruchtiges Dampferlebnis S\u00fc\u00dfe Erdbeere und cremige Banane f\u00fcr ein erfrischendes Erlebnis"}]},{"@type":"WebSite","@id":"https:\/\/vapingnet.de\/#website","url":"https:\/\/vapingnet.de\/","name":"Vapingnet.de","description":"","publisher":{"@id":"https:\/\/vapingnet.de\/#organization"},"potentialAction":[{"@type":"SearchAction","target":{"@type":"EntryPoint","urlTemplate":"https:\/\/vapingnet.de\/?s={search_term_string}"},"query-input":{"@type":"PropertyValueSpecification","valueRequired":true,"valueName":"search_term_string"}}],"inLanguage":"sk-SK"},{"@type":"Organization","@id":"https:\/\/vapingnet.de\/#organization","name":"Vapingnet.de","url":"https:\/\/vapingnet.de\/","logo":{"@type":"ImageObject","inLanguage":"sk-SK","@id":"https:\/\/vapingnet.de\/#\/schema\/logo\/image\/","url":"https:\/\/vapingnet.de\/wp-content\/uploads\/2025\/03\/cropped-vapingnet.de_.jpg","contentUrl":"https:\/\/vapingnet.de\/wp-content\/uploads\/2025\/03\/cropped-vapingnet.de_.jpg","width":512,"height":512,"caption":"Vapingnet.de"},"image":{"@id":"https:\/\/vapingnet.de\/#\/schema\/logo\/image\/"},"sameAs":["https:\/\/www.facebook.com\/vapingnetde\/"]}]}},"tiered_pricing_type":"fixed","tiered_pricing_fixed_rules":[],"tiered_pricing_product_settings":{"layout":"default","base_unit_name":{"singular":null,"plural":null},"default_variation":null},"tiered_pricing_minimum_quantity":null,"tiered_pricing_roles_data":[],"tiered_pricing_percentage_rules":[],"_links":{"self":[{"href":"https:\/\/vapingnet.de\/sk\/wp-json\/wp\/v2\/product\/5745","targetHints":{"allow":["GET"]}}],"collection":[{"href":"https:\/\/vapingnet.de\/sk\/wp-json\/wp\/v2\/product"}],"about":[{"href":"https:\/\/vapingnet.de\/sk\/wp-json\/wp\/v2\/types\/product"}],"version-history":[{"count":1,"href":"https:\/\/vapingnet.de\/sk\/wp-json\/wp\/v2\/product\/5745\/revisions"}],"predecessor-version":[{"id":5768,"href":"https:\/\/vapingnet.de\/sk\/wp-json\/wp\/v2\/product\/5745\/revisions\/5768"}],"wp:featuredmedia":[{"embeddable":true,"href":"https:\/\/vapingnet.de\/sk\/wp-json\/wp\/v2\/media\/5719"}],"wp:attachment":[{"href":"https:\/\/vapingnet.de\/sk\/wp-json\/wp\/v2\/media?parent=5745"}],"wp:term":[{"taxonomy":"brand","embeddable":true,"href":"https:\/\/vapingnet.de\/sk\/wp-json\/wp\/v2\/etheme_brands?post=5745"},{"taxonomy":"product_brand","embeddable":true,"href":"https:\/\/vapingnet.de\/sk\/wp-json\/wp\/v2\/product_brand?post=5745"},{"taxonomy":"product_cat","embeddable":true,"href":"https:\/\/vapingnet.de\/sk\/wp-json\/wp\/v2\/product_cat?post=5745"},{"taxonomy":"product_tag","embeddable":true,"href":"https:\/\/vapingnet.de\/sk\/wp-json\/wp\/v2\/product_tag?post=5745"}],"curies":[{"name":"wp","href":"https:\/\/api.w.org\/{rel}","templated":true}]}}