{"id":5747,"date":"2025-03-19T05:38:28","date_gmt":"2025-03-19T05:38:28","guid":{"rendered":"https:\/\/vapingnet.de\/?post_type=product&#038;p=5747"},"modified":"2025-06-19T03:37:10","modified_gmt":"2025-06-19T03:37:10","slug":"nexa-ultra-50k-strawberry-ice-kombiniert-suesse-erdbeere-mit-erfrischendem-minzgeschmack","status":"publish","type":"product","link":"https:\/\/vapingnet.de\/sk\/vape\/nexa-ultra-50k-strawberry-ice-kombiniert-suesse-erdbeere-mit-erfrischendem-minzgeschmack\/","title":{"rendered":"NEXA Ultra 50K Strawberry Ice kombinuje sladk\u00fa jahodu s osvie\u017euj\u00facou m\u00e4tovou chu\u0165ou"},"content":{"rendered":"<h2 data-start=\"0\" data-end=\"117\">NEXA Ultra 50K Puff Jednorazov\u00e1 E-Cigareta Strawberry Ice Jednoduch\u00fd z\u00e1\u017eitok s dymom s ovocnou a chladivou chu\u0165ou<\/h2>\n<p data-start=\"119\" data-end=\"574\">NEXA Ultra 50K Puff <strong><a href=\"https:\/\/vapingnet.de\/sk\/k\/einweg-e-zigarette\/\">Jednorazov\u00e1 e-cigareta<\/a><\/strong> pon\u00faka so svojou ar\u00f3mou Strawberry Ice dokonal\u00fa kombin\u00e1ciu sladkej jahody a chladiv\u00e9ho mentolu, ktor\u00e1 pos\u00fava z\u00e1\u017eitok z faj\u010denia na vy\u0161\u0161iu \u00farove\u0148. S p\u00f4sobivou kapacitou 50 000 \u0165ahov, elegantn\u00fdm 3D zakriven\u00fdm displejom a prieh\u013eadnou kry\u0161t\u00e1lovou n\u00e1dr\u017ekou tento model kombinuje technol\u00f3giu aj chu\u0165 v podobe, ktor\u00e1 je ur\u010den\u00e1 pre n\u00e1ro\u010dn\u00fdch faj\u010diarov.<\/p>\n<p data-start=\"576\" data-end=\"735\">V nasleduj\u00facich riadkoch predstavujeme vynikaj\u00face vlastnosti NEXA Ultra 50K a podrobne sa pozrieme na ar\u00f3mu Strawberry Ice.<\/p>\n<div class=\"overflow-x-auto contain-inline-size\">\n<table data-start=\"742\" data-end=\"2718\">\n<thead data-start=\"742\" data-end=\"870\">\n<tr data-start=\"742\" data-end=\"870\">\n<th data-start=\"742\" data-end=\"773\">Vlastnos\u0165<\/th>\n<th data-start=\"773\" data-end=\"870\">Detaily<\/th>\n<\/tr>\n<\/thead>\n<tbody data-start=\"1000\" data-end=\"2718\">\n<tr data-start=\"1000\" data-end=\"1130\">\n<td>Model<\/td>\n<td>NEXA Ultra 50K Puff Jednor\u00e1zov\u00e1 E-cigareta<\/td>\n<\/tr>\n<tr data-start=\"1131\" data-end=\"1261\">\n<td>Chute<\/td>\n<td>Strawberry Ice (jahoda &amp; mentol)<\/td>\n<\/tr>\n<tr data-start=\"1262\" data-end=\"1391\">\n<td>Kapacita Puffov<\/td>\n<td>50 000 \u0165ahov<\/td>\n<\/tr>\n<tr data-start=\"1392\" data-end=\"1522\">\n<td>Silnos\u0165 nikot\u00ednu<\/td>\n<td>5%<\/td>\n<\/tr>\n<tr data-start=\"1523\" data-end=\"1653\">\n<td>E-liquid n\u00e1dr\u017e<\/td>\n<td>20 ml prieh\u013eadn\u00e1 kry\u0161t\u00e1lov\u00e1 n\u00e1dr\u017e<\/td>\n<\/tr>\n<tr data-start=\"1654\" data-end=\"1784\">\n<td>Kapacita bat\u00e9rie<\/td>\n<td>800 mAh (r\u00fdchle nab\u00edjanie USB-C)<\/td>\n<\/tr>\n<tr data-start=\"1785\" data-end=\"1913\">\n<td>Re\u017eimy parenia<\/td>\n<td>Dva re\u017eimy:<\/td>\n<\/tr>\n<tr data-start=\"1914\" data-end=\"2043\">\n<td><\/td>\n<td>\u2013 Norm\u00e1lny re\u017eim: 50 000 \u0165ahov, jemn\u00fd chu\u0165ov\u00fd z\u00e1\u017eitok<\/td>\n<\/tr>\n<tr data-start=\"2044\" data-end=\"2171\">\n<td><\/td>\n<td>\u2013 Turbo re\u017eim: 30 000 \u0165ahov, intenz\u00edvnej\u0161\u00ed dym a chu\u0165<\/td>\n<\/tr>\n<tr data-start=\"2172\" data-end=\"2301\">\n<td>Displej<\/td>\n<td>3D zakriven\u00fd displej, zobrazuje stav bat\u00e9rie, hladinu tekutiny a re\u017eim<\/td>\n<\/tr>\n<tr data-start=\"2302\" data-end=\"2432\">\n<td>Aktiv\u00e1cia<\/td>\n<td>Aktivovan\u00e9 \u0165ahom (sta\u010d\u00ed \u0165aha\u0165, aby ste za\u010dali vapova\u0165)<\/td>\n<\/tr>\n<tr data-start=\"2433\" data-end=\"2561\">\n<td>Balenie na jednotku<\/td>\n<td>5 kusov v krabici<\/td>\n<\/tr>\n<tr data-start=\"2562\" data-end=\"2718\">\n<td>Popis ar\u00f3my<\/td>\n<td>Vyv\u00e1\u017een\u00e1 zmes sladkej, zrel\u00e9 jahody a osvie\u017euj\u00faceho mentolu pre chladiv\u00fd, ovocn\u00fd z\u00e1\u017eitok z faj\u010denia.<\/td>\n<\/tr>\n<\/tbody>\n<\/table>\n<\/div>\n<h3 data-start=\"2725\" data-end=\"2776\">1. Chu\u0165ov\u00fd z\u00e1\u017eitok: jahoda a mentol<\/h3>\n<p data-start=\"2778\" data-end=\"3369\">Ar\u00f3ma Strawberry Ice <strong><a href=\"https:\/\/vapingnet.de\/sk\/nexa-ultra-50000-puffs\/\">NEXA Ultra 50K pufy<\/a><\/strong> pon\u00faka osvie\u017euj\u00facu kombin\u00e1ciu chuti zrelej jahody a siln\u00e9ho mentolov\u00e9ho n\u00e1dychu. Jahoda zabezpe\u010duje sladk\u00fa a ovocn\u00fa z\u00e1klad\u0148u, ktor\u00e1 obklop\u00ed chu\u0165ov\u00e9 poh\u00e1riky svojou plnou a prirodzenou svie\u017eos\u0165ou. No skuto\u010dn\u00e1 magia prich\u00e1dza od mentolu, ktor\u00fd sa dokonale sp\u00e1ja s ovocnos\u0165ou jahody a zabezpe\u010duje chladiv\u00fd, osvie\u017euj\u00faci pocit. Ka\u017ed\u00fd \u0165ah zanech\u00e1va pr\u00edjemne svie\u017ei, takmer \u013eadov\u00fd pocit v \u00fastach, \u010do je obzvl\u00e1\u0161\u0165 osvie\u017euj\u00face v hor\u00facich d\u0148och.<\/p>\n<p data-start=\"3371\" data-end=\"3682\">Kombin\u00e1cia sladkej jahody a osvie\u017euj\u00faceho mentolu rob\u00ed ar\u00f3mu Strawberry Ice ide\u00e1lnym celodenn\u00fdm vapom, ktor\u00fd nie je pr\u00edli\u0161 sladk\u00fd, ale pr\u00edjemn\u00fd a osvie\u017euj\u00faci. Mentolov\u00e1 nota dop\u013a\u0148a ar\u00f3mu a rob\u00ed dym chladn\u00fdm, bez prekrytia ovocnej chuti.<\/p>\n<h3 data-start=\"3684\" data-end=\"3739\">2. 50 000 \u0165ahov \u2013 Nezrovnate\u013en\u00e1 v\u00fddr\u017enos\u0165<\/h3>\n<p data-start=\"3741\" data-end=\"4105\">T\u00e1 <strong><a href=\"https:\/\/vapingnet.de\/sk\/k\/50k-vape\/\">50k vape<\/a><\/strong> NEXA Ultra 50K garantuje dlh\u00fa \u017eivotnos\u0165. 20 ml kry\u0161t\u00e1lov\u00e1 n\u00e1dr\u017eka zabezpe\u010duje dlhodob\u00e9 pote\u0161enie, zatia\u013e \u010do prieh\u013eadn\u00e1 n\u00e1dr\u017eka umo\u017e\u0148uje faj\u010diarovi sledova\u0165 hladinu tekutiny kedyko\u013evek. Tak sa vyhnete prekvapeniam a m\u00f4\u017eete si by\u0165 ist\u00ed, \u017ee z\u00e1soba tekutiny sa nikdy nevy\u010derp\u00e1 neo\u010dak\u00e1vane.<\/p>\n<p data-start=\"4107\" data-end=\"4308\">N\u00e1dr\u017eka m\u00e1 elegantn\u00fd kry\u0161t\u00e1lov\u00fd vzh\u013ead, ktor\u00fd je nielen vizu\u00e1lne atrakt\u00edvny, ale aj zabezpe\u010duje rovnomern\u00e9 rozlo\u017eenie E-liquidu, tak\u017ee ka\u017ed\u00fd \u0165ah je kon\u0161tantn\u00fd a intenz\u00edvny.<\/p>\n<h3 data-start=\"4310\" data-end=\"4368\">3. Dva re\u017eimy pre prisp\u00f4sobenie v\u00e1\u0161mu vkusu<\/h3>\n<p data-start=\"4370\" data-end=\"4507\">NEXA Ultra 50K pon\u00faka dva r\u00f4zne re\u017eimy dymu, ktor\u00e9 umo\u017e\u0148uj\u00fa individu\u00e1lne prisp\u00f4sobenie osobn\u00e9mu vkusu:<\/p>\n<ul data-start=\"4509\" data-end=\"4934\">\n<li data-start=\"4509\" data-end=\"4698\">\n<p data-start=\"4511\" data-end=\"4698\">Norm\u00e1lny re\u017eim (50K \u0165ahov): Tento re\u017eim zabezpe\u010duje jemn\u00e9 rozvinutie chuti jahody a mentolu. Ide\u00e1lne pre faj\u010diarov, ktor\u00ed preferuj\u00fa jemn\u00fd, kon\u0161tantn\u00fd z\u00e1\u017eitok z faj\u010denia.<\/p>\n<\/li>\n<li data-start=\"4702\" data-end=\"4934\">\n<p data-start=\"4704\" data-end=\"4934\">Turbo re\u017eim (30K \u0165ahov): Pre faj\u010diarov, ktor\u00ed chc\u00fa intenz\u00edvnej\u0161\u00ed dym a silnej\u0161ie rozvinutie chuti. V tomto re\u017eime je dym hustej\u0161\u00ed a ar\u00f3ma Strawberry Ice je v\u00fdraznej\u0161ia a vzru\u0161uj\u00facej\u0161ia.<\/p>\n<\/li>\n<\/ul>\n<p data-start=\"4936\" data-end=\"5153\">V\u010faka tejto technol\u00f3gii s dvoma re\u017eimami si m\u00f4\u017eete svoj z\u00e1\u017eitok z faj\u010denia prisp\u00f4sobi\u0165 a pod\u013ea n\u00e1lady si vybra\u0165 medzi relaxa\u010dnou, jemnou chu\u0165ou alebo intenz\u00edvnej\u0161\u00edm dymov\u00fdm a chu\u0165ov\u00fdm z\u00e1\u017eitkom.<\/p>\n<h3 data-start=\"5155\" data-end=\"5215\">4. 3D zakriven\u00fd displej pre v\u00e4\u010d\u0161iu pou\u017e\u00edvate\u013esk\u00fa pohodlnos\u0165<\/h3>\n<p data-start=\"5217\" data-end=\"5625\">3D zakriven\u00fd displej NEXA Ultra 50K pon\u00faka nielen futuristick\u00fd vzh\u013ead, ale aj ve\u013emi praktick\u00fa funkciu. Na displeji s\u00fa zobrazen\u00e9 v\u0161etky d\u00f4le\u017eit\u00e9 inform\u00e1cie, ako je stav bat\u00e9rie, hladina tekutiny a aktu\u00e1lny re\u017eim. T\u00fdm m\u00e1te v\u0161etko pod kontrolou a m\u00f4\u017eete zariadenie pou\u017e\u00edva\u0165 jednoducho a efekt\u00edvne, bez ob\u00e1v o stav zariadenia.<\/p>\n<h3 data-start=\"5627\" data-end=\"5674\">5. R\u00fdchle nab\u00edjanie a dlh\u00e1 v\u00fddr\u017e bat\u00e9rie<\/h3>\n<p data-start=\"5676\" data-end=\"6018\">Bat\u00e9ria s kapacitou 800 mAh v NEXA Ultra 50K zabezpe\u010duje dlh\u00fa v\u00fddr\u017e. V\u010faka r\u00fdchlemu nab\u00edjaniu USB-C m\u00f4\u017eete zariadenie r\u00fdchlo nabi\u0165 a by\u0165 v\u017edy pripraven\u00fd na \u010fal\u0161ie vapovanie. T\u00e1to technol\u00f3gia zabezpe\u010duje, \u017ee bat\u00e9ria vydr\u017e\u00ed aj po\u010das intenz\u00edvneho vapovania a nemus\u00edte pl\u00e1nova\u0165 dlh\u00e9 \u010dasy nab\u00edjania.<\/p>\n<h3 data-start=\"6020\" data-end=\"6077\">6. Jednoduch\u00e9 ovl\u00e1danie pre ka\u017edodenn\u00e9 pou\u017eitie<\/h3>\n<p data-start=\"6079\" data-end=\"6410\">NEXA Ultra 50K je aktivovan\u00e1 \u0165ahom, \u010do znamen\u00e1, \u017ee sa automaticky zapne, ke\u010f na \u0148u \u0165ah\u00e1te. Nie je potrebn\u00e9 stl\u00e1\u010da\u0165 tla\u010didlo \u2013 \u0165ah, a vapovanie sa okam\u017eite za\u010dne. To rob\u00ed zariadenie obzvl\u00e1\u0161\u0165 pou\u017e\u00edvate\u013esky pr\u00edvetiv\u00fdm a ide\u00e1lnym pre vapovanie, ktor\u00e9 h\u013ead\u00e1 jednoduch\u00fd a nen\u00e1ro\u010dn\u00fd z\u00e1\u017eitok.<\/p>\n<p data-start=\"6412\" data-end=\"6681\">S jej elegantn\u00fdm dizajnom a jednoduch\u00fdm ovl\u00e1dan\u00edm je NEXA Ultra 50K dokonal\u00fdm spolo\u010dn\u00edkom na ka\u017ed\u00fd de\u0148. Pohodlne sa zmest\u00ed do ta\u0161ky a je v\u017edy pripraven\u00e1 na pou\u017eitie, ke\u010f m\u00e1te chu\u0165 na \u010derstv\u00fd a pr\u00edjemn\u00fd vapovac\u00ed z\u00e1\u017eitok.<\/p>\n<h3 data-start=\"6683\" data-end=\"6750\">7. Praktick\u00e9 balenie \u2013 Ide\u00e1lne pre \u010dast\u00fdch pou\u017e\u00edvate\u013eov a predajcov<\/h3>\n<p data-start=\"6752\" data-end=\"7083\">NEXA Ultra 50K Strawberry Ice je dod\u00e1van\u00e1 v balen\u00ed po 5 kusov, \u010do ju rob\u00ed atrakt\u00edvnou pre \u010dast\u00fdch pou\u017e\u00edvate\u013eov aj predajcov. Dlh\u00e1 \u017eivotnos\u0165 a vysok\u00e1 kapacita puffov robia tento model vynikaj\u00facou vo\u013ebou pre vapovanie, ktor\u00e9 h\u013ead\u00e1 kvalitn\u00fd a odoln\u00fd produkt.<\/p>\n<h3 data-start=\"7085\" data-end=\"7161\">8. Pre\u010do je NEXA Ultra 50K Strawberry Ice nevyhnutn\u00e1<\/h3>\n<p data-start=\"7163\" data-end=\"7530\">NEXA Ultra 50K Strawberry Ice pon\u00faka dokonal\u00fa kombin\u00e1ciu najmodernej\u0161ej technol\u00f3gie, pou\u017e\u00edvate\u013esky pr\u00edvetiv\u00e9ho dizajnu a jedine\u010dn\u00e9ho chu\u0165ov\u00e9ho z\u00e1\u017eitku. Ar\u00f3ma Strawberry Ice sp\u00e1ja sladkos\u0165 jahody s osvie\u017euj\u00facim mentolom a zabezpe\u010duje pr\u00edjemne chladiv\u00fd vapovac\u00ed z\u00e1\u017eitok, ktor\u00fd spr\u00edjemn\u00ed ka\u017ed\u00fd \u0165ah.<\/p>\n<p data-start=\"7532\" data-end=\"7945\">\u010ci u\u017e na ka\u017edodenn\u00e9 pou\u017eitie alebo ako osvie\u017euj\u00faci p\u00f4\u017eitok medzi\u010dasom \u2013 NEXA Ultra 50K je ide\u00e1lnou vo\u013ebou pre t\u00fdch, ktor\u00ed h\u013eadaj\u00fa \u010derstv\u00fd, ovocn\u00fd vapovac\u00ed z\u00e1\u017eitok. S technol\u00f3giou dual-mode, dlh\u00fdm kapacitou puffov a praktick\u00fdm ovl\u00e1dan\u00edm sa tento model odli\u0161uje od in\u00fdch jednorazov\u00fdch vaporiz\u00e9rov a zabezpe\u010duje, \u017ee ka\u017ed\u00fd vap\u00e9r za\u017eije dokonal\u00fd vapovac\u00ed z\u00e1\u017eitok.<\/p>","protected":false},"excerpt":{"rendered":"<p>NEXA Ultra 50K Puff Einweg E-Zigarette Strawberry Ice Ein Erfrischendes Dampferlebnis mit Frucht und K\u00fchle Die NEXA Ultra 50K Puff Einweg E-Zigarette bietet mit ihrem&#8230;<\/p>","protected":false},"featured_media":5720,"template":"","meta":[],"etheme_brands":[],"product_brand":[],"product_cat":[67,49,61],"product_tag":[],"class_list":{"0":"post-5747","1":"product","2":"type-product","3":"status-publish","4":"has-post-thumbnail","6":"product_cat-50k-vape","7":"product_cat-einweg-e-zigarette","8":"product_cat-f","10":"first","11":"instock","12":"shipping-taxable","13":"purchasable","14":"product-type-variable"},"yoast_head":"<!-- This site is optimized with the Yoast SEO plugin v26.5 - https:\/\/yoast.com\/wordpress\/plugins\/seo\/ -->\n<title>NEXA Ultra 50K Strawberry Ice kombiniert s\u00fc\u00dfe Erdbeere mit erfrischendem Minzgeschmack | Vapingnet.de<\/title>\n<meta name=\"description\" content=\"NEXA Ultra 50K Strawberry Ice kombiniert s\u00fc\u00dfe Erdbeere mit k\u00fchlem Minzgeschmack f\u00fcr ein erfrischendes, fruchtiges Dampferlebnis.\" \/>\n<meta name=\"robots\" content=\"index, follow, max-snippet:-1, max-image-preview:large, max-video-preview:-1\" \/>\n<link rel=\"canonical\" href=\"https:\/\/vapingnet.de\/sk\/vape\/nexa-ultra-50k-strawberry-ice-kombiniert-suesse-erdbeere-mit-erfrischendem-minzgeschmack\/\" \/>\n<meta property=\"og:locale\" content=\"sk_SK\" \/>\n<meta property=\"og:type\" content=\"article\" \/>\n<meta property=\"og:title\" content=\"NEXA Ultra 50K Strawberry Ice kombiniert s\u00fc\u00dfe Erdbeere mit erfrischendem Minzgeschmack | Vapingnet.de\" \/>\n<meta property=\"og:description\" content=\"NEXA Ultra 50K Strawberry Ice kombiniert s\u00fc\u00dfe Erdbeere mit k\u00fchlem Minzgeschmack f\u00fcr ein erfrischendes, fruchtiges Dampferlebnis.\" \/>\n<meta property=\"og:url\" content=\"https:\/\/vapingnet.de\/sk\/vape\/nexa-ultra-50k-strawberry-ice-kombiniert-suesse-erdbeere-mit-erfrischendem-minzgeschmack\/\" \/>\n<meta property=\"og:site_name\" content=\"Vapingnet.de\" \/>\n<meta property=\"article:publisher\" content=\"https:\/\/www.facebook.com\/vapingnetde\/\" \/>\n<meta property=\"article:modified_time\" content=\"2025-06-19T03:37:10+00:00\" \/>\n<meta property=\"og:image\" content=\"https:\/\/vapingnet.de\/wp-content\/uploads\/2025\/03\/50K_STRAWBERRY_ICE-1.png\" \/>\n\t<meta property=\"og:image:width\" content=\"1000\" \/>\n\t<meta property=\"og:image:height\" content=\"1000\" \/>\n\t<meta property=\"og:image:type\" content=\"image\/png\" \/>\n<meta name=\"twitter:card\" content=\"summary_large_image\" \/>\n<meta name=\"twitter:label1\" content=\"Est. reading time\" \/>\n\t<meta name=\"twitter:data1\" content=\"6 minutes\" \/>\n<script type=\"application\/ld+json\" class=\"yoast-schema-graph\">{\"@context\":\"https:\/\/schema.org\",\"@graph\":[{\"@type\":\"WebPage\",\"@id\":\"https:\/\/vapingnet.de\/vape\/nexa-ultra-50k-strawberry-ice-kombiniert-suesse-erdbeere-mit-erfrischendem-minzgeschmack\/\",\"url\":\"https:\/\/vapingnet.de\/vape\/nexa-ultra-50k-strawberry-ice-kombiniert-suesse-erdbeere-mit-erfrischendem-minzgeschmack\/\",\"name\":\"NEXA Ultra 50K Strawberry Ice kombiniert s\u00fc\u00dfe Erdbeere mit erfrischendem Minzgeschmack | Vapingnet.de\",\"isPartOf\":{\"@id\":\"https:\/\/vapingnet.de\/#website\"},\"primaryImageOfPage\":{\"@id\":\"https:\/\/vapingnet.de\/vape\/nexa-ultra-50k-strawberry-ice-kombiniert-suesse-erdbeere-mit-erfrischendem-minzgeschmack\/#primaryimage\"},\"image\":{\"@id\":\"https:\/\/vapingnet.de\/vape\/nexa-ultra-50k-strawberry-ice-kombiniert-suesse-erdbeere-mit-erfrischendem-minzgeschmack\/#primaryimage\"},\"thumbnailUrl\":\"https:\/\/vapingnet.de\/wp-content\/uploads\/2025\/03\/50K_STRAWBERRY_ICE-1.png\",\"datePublished\":\"2025-03-19T05:38:28+00:00\",\"dateModified\":\"2025-06-19T03:37:10+00:00\",\"description\":\"NEXA Ultra 50K Strawberry Ice kombiniert s\u00fc\u00dfe Erdbeere mit k\u00fchlem Minzgeschmack f\u00fcr ein erfrischendes, fruchtiges Dampferlebnis.\",\"breadcrumb\":{\"@id\":\"https:\/\/vapingnet.de\/vape\/nexa-ultra-50k-strawberry-ice-kombiniert-suesse-erdbeere-mit-erfrischendem-minzgeschmack\/#breadcrumb\"},\"inLanguage\":\"sk-SK\",\"potentialAction\":[{\"@type\":\"ReadAction\",\"target\":[\"https:\/\/vapingnet.de\/vape\/nexa-ultra-50k-strawberry-ice-kombiniert-suesse-erdbeere-mit-erfrischendem-minzgeschmack\/\"]}]},{\"@type\":\"ImageObject\",\"inLanguage\":\"sk-SK\",\"@id\":\"https:\/\/vapingnet.de\/vape\/nexa-ultra-50k-strawberry-ice-kombiniert-suesse-erdbeere-mit-erfrischendem-minzgeschmack\/#primaryimage\",\"url\":\"https:\/\/vapingnet.de\/wp-content\/uploads\/2025\/03\/50K_STRAWBERRY_ICE-1.png\",\"contentUrl\":\"https:\/\/vapingnet.de\/wp-content\/uploads\/2025\/03\/50K_STRAWBERRY_ICE-1.png\",\"width\":1000,\"height\":1000},{\"@type\":\"BreadcrumbList\",\"@id\":\"https:\/\/vapingnet.de\/vape\/nexa-ultra-50k-strawberry-ice-kombiniert-suesse-erdbeere-mit-erfrischendem-minzgeschmack\/#breadcrumb\",\"itemListElement\":[{\"@type\":\"ListItem\",\"position\":1,\"name\":\"Home\",\"item\":\"https:\/\/vapingnet.de\/\"},{\"@type\":\"ListItem\",\"position\":2,\"name\":\"Shop\",\"item\":\"https:\/\/vapingnet.de\/vape\/\"},{\"@type\":\"ListItem\",\"position\":3,\"name\":\"NEXA Ultra 50K Strawberry Ice kombiniert s\u00fc\u00dfe Erdbeere mit erfrischendem Minzgeschmack\"}]},{\"@type\":\"WebSite\",\"@id\":\"https:\/\/vapingnet.de\/#website\",\"url\":\"https:\/\/vapingnet.de\/\",\"name\":\"Vapingnet.de\",\"description\":\"\",\"publisher\":{\"@id\":\"https:\/\/vapingnet.de\/#organization\"},\"potentialAction\":[{\"@type\":\"SearchAction\",\"target\":{\"@type\":\"EntryPoint\",\"urlTemplate\":\"https:\/\/vapingnet.de\/?s={search_term_string}\"},\"query-input\":{\"@type\":\"PropertyValueSpecification\",\"valueRequired\":true,\"valueName\":\"search_term_string\"}}],\"inLanguage\":\"sk-SK\"},{\"@type\":\"Organization\",\"@id\":\"https:\/\/vapingnet.de\/#organization\",\"name\":\"Vapingnet.de\",\"url\":\"https:\/\/vapingnet.de\/\",\"logo\":{\"@type\":\"ImageObject\",\"inLanguage\":\"sk-SK\",\"@id\":\"https:\/\/vapingnet.de\/#\/schema\/logo\/image\/\",\"url\":\"https:\/\/vapingnet.de\/wp-content\/uploads\/2025\/03\/cropped-vapingnet.de_.jpg\",\"contentUrl\":\"https:\/\/vapingnet.de\/wp-content\/uploads\/2025\/03\/cropped-vapingnet.de_.jpg\",\"width\":512,\"height\":512,\"caption\":\"Vapingnet.de\"},\"image\":{\"@id\":\"https:\/\/vapingnet.de\/#\/schema\/logo\/image\/\"},\"sameAs\":[\"https:\/\/www.facebook.com\/vapingnetde\/\"]}]}<\/script>\n<!-- \/ Yoast SEO plugin. -->","yoast_head_json":{"title":"NEXA Ultra 50K Strawberry Ice kombiniert s\u00fc\u00dfe Erdbeere mit erfrischendem Minzgeschmack | Vapingnet.de","description":"NEXA Ultra 50K Strawberry Ice kombiniert s\u00fc\u00dfe Erdbeere mit k\u00fchlem Minzgeschmack f\u00fcr ein erfrischendes, fruchtiges Dampferlebnis.","robots":{"index":"index","follow":"follow","max-snippet":"max-snippet:-1","max-image-preview":"max-image-preview:large","max-video-preview":"max-video-preview:-1"},"canonical":"https:\/\/vapingnet.de\/sk\/vape\/nexa-ultra-50k-strawberry-ice-kombiniert-suesse-erdbeere-mit-erfrischendem-minzgeschmack\/","og_locale":"sk_SK","og_type":"article","og_title":"NEXA Ultra 50K Strawberry Ice kombiniert s\u00fc\u00dfe Erdbeere mit erfrischendem Minzgeschmack | Vapingnet.de","og_description":"NEXA Ultra 50K Strawberry Ice kombiniert s\u00fc\u00dfe Erdbeere mit k\u00fchlem Minzgeschmack f\u00fcr ein erfrischendes, fruchtiges Dampferlebnis.","og_url":"https:\/\/vapingnet.de\/sk\/vape\/nexa-ultra-50k-strawberry-ice-kombiniert-suesse-erdbeere-mit-erfrischendem-minzgeschmack\/","og_site_name":"Vapingnet.de","article_publisher":"https:\/\/www.facebook.com\/vapingnetde\/","article_modified_time":"2025-06-19T03:37:10+00:00","og_image":[{"width":1000,"height":1000,"url":"https:\/\/vapingnet.de\/wp-content\/uploads\/2025\/03\/50K_STRAWBERRY_ICE-1.png","type":"image\/png"}],"twitter_card":"summary_large_image","twitter_misc":{"Est. reading time":"6 minutes"},"schema":{"@context":"https:\/\/schema.org","@graph":[{"@type":"WebPage","@id":"https:\/\/vapingnet.de\/vape\/nexa-ultra-50k-strawberry-ice-kombiniert-suesse-erdbeere-mit-erfrischendem-minzgeschmack\/","url":"https:\/\/vapingnet.de\/vape\/nexa-ultra-50k-strawberry-ice-kombiniert-suesse-erdbeere-mit-erfrischendem-minzgeschmack\/","name":"NEXA Ultra 50K Strawberry Ice kombiniert s\u00fc\u00dfe Erdbeere mit erfrischendem Minzgeschmack | Vapingnet.de","isPartOf":{"@id":"https:\/\/vapingnet.de\/#website"},"primaryImageOfPage":{"@id":"https:\/\/vapingnet.de\/vape\/nexa-ultra-50k-strawberry-ice-kombiniert-suesse-erdbeere-mit-erfrischendem-minzgeschmack\/#primaryimage"},"image":{"@id":"https:\/\/vapingnet.de\/vape\/nexa-ultra-50k-strawberry-ice-kombiniert-suesse-erdbeere-mit-erfrischendem-minzgeschmack\/#primaryimage"},"thumbnailUrl":"https:\/\/vapingnet.de\/wp-content\/uploads\/2025\/03\/50K_STRAWBERRY_ICE-1.png","datePublished":"2025-03-19T05:38:28+00:00","dateModified":"2025-06-19T03:37:10+00:00","description":"NEXA Ultra 50K Strawberry Ice kombiniert s\u00fc\u00dfe Erdbeere mit k\u00fchlem Minzgeschmack f\u00fcr ein erfrischendes, fruchtiges Dampferlebnis.","breadcrumb":{"@id":"https:\/\/vapingnet.de\/vape\/nexa-ultra-50k-strawberry-ice-kombiniert-suesse-erdbeere-mit-erfrischendem-minzgeschmack\/#breadcrumb"},"inLanguage":"sk-SK","potentialAction":[{"@type":"ReadAction","target":["https:\/\/vapingnet.de\/vape\/nexa-ultra-50k-strawberry-ice-kombiniert-suesse-erdbeere-mit-erfrischendem-minzgeschmack\/"]}]},{"@type":"ImageObject","inLanguage":"sk-SK","@id":"https:\/\/vapingnet.de\/vape\/nexa-ultra-50k-strawberry-ice-kombiniert-suesse-erdbeere-mit-erfrischendem-minzgeschmack\/#primaryimage","url":"https:\/\/vapingnet.de\/wp-content\/uploads\/2025\/03\/50K_STRAWBERRY_ICE-1.png","contentUrl":"https:\/\/vapingnet.de\/wp-content\/uploads\/2025\/03\/50K_STRAWBERRY_ICE-1.png","width":1000,"height":1000},{"@type":"BreadcrumbList","@id":"https:\/\/vapingnet.de\/vape\/nexa-ultra-50k-strawberry-ice-kombiniert-suesse-erdbeere-mit-erfrischendem-minzgeschmack\/#breadcrumb","itemListElement":[{"@type":"ListItem","position":1,"name":"Home","item":"https:\/\/vapingnet.de\/"},{"@type":"ListItem","position":2,"name":"Shop","item":"https:\/\/vapingnet.de\/vape\/"},{"@type":"ListItem","position":3,"name":"NEXA Ultra 50K Strawberry Ice kombiniert s\u00fc\u00dfe Erdbeere mit erfrischendem Minzgeschmack"}]},{"@type":"WebSite","@id":"https:\/\/vapingnet.de\/#website","url":"https:\/\/vapingnet.de\/","name":"Vapingnet.de","description":"","publisher":{"@id":"https:\/\/vapingnet.de\/#organization"},"potentialAction":[{"@type":"SearchAction","target":{"@type":"EntryPoint","urlTemplate":"https:\/\/vapingnet.de\/?s={search_term_string}"},"query-input":{"@type":"PropertyValueSpecification","valueRequired":true,"valueName":"search_term_string"}}],"inLanguage":"sk-SK"},{"@type":"Organization","@id":"https:\/\/vapingnet.de\/#organization","name":"Vapingnet.de","url":"https:\/\/vapingnet.de\/","logo":{"@type":"ImageObject","inLanguage":"sk-SK","@id":"https:\/\/vapingnet.de\/#\/schema\/logo\/image\/","url":"https:\/\/vapingnet.de\/wp-content\/uploads\/2025\/03\/cropped-vapingnet.de_.jpg","contentUrl":"https:\/\/vapingnet.de\/wp-content\/uploads\/2025\/03\/cropped-vapingnet.de_.jpg","width":512,"height":512,"caption":"Vapingnet.de"},"image":{"@id":"https:\/\/vapingnet.de\/#\/schema\/logo\/image\/"},"sameAs":["https:\/\/www.facebook.com\/vapingnetde\/"]}]}},"tiered_pricing_type":"fixed","tiered_pricing_fixed_rules":[],"tiered_pricing_product_settings":{"layout":"default","base_unit_name":{"singular":null,"plural":null},"default_variation":null},"tiered_pricing_minimum_quantity":null,"tiered_pricing_roles_data":[],"tiered_pricing_percentage_rules":[],"_links":{"self":[{"href":"https:\/\/vapingnet.de\/sk\/wp-json\/wp\/v2\/product\/5747","targetHints":{"allow":["GET"]}}],"collection":[{"href":"https:\/\/vapingnet.de\/sk\/wp-json\/wp\/v2\/product"}],"about":[{"href":"https:\/\/vapingnet.de\/sk\/wp-json\/wp\/v2\/types\/product"}],"version-history":[{"count":2,"href":"https:\/\/vapingnet.de\/sk\/wp-json\/wp\/v2\/product\/5747\/revisions"}],"predecessor-version":[{"id":6024,"href":"https:\/\/vapingnet.de\/sk\/wp-json\/wp\/v2\/product\/5747\/revisions\/6024"}],"wp:featuredmedia":[{"embeddable":true,"href":"https:\/\/vapingnet.de\/sk\/wp-json\/wp\/v2\/media\/5720"}],"wp:attachment":[{"href":"https:\/\/vapingnet.de\/sk\/wp-json\/wp\/v2\/media?parent=5747"}],"wp:term":[{"taxonomy":"brand","embeddable":true,"href":"https:\/\/vapingnet.de\/sk\/wp-json\/wp\/v2\/etheme_brands?post=5747"},{"taxonomy":"product_brand","embeddable":true,"href":"https:\/\/vapingnet.de\/sk\/wp-json\/wp\/v2\/product_brand?post=5747"},{"taxonomy":"product_cat","embeddable":true,"href":"https:\/\/vapingnet.de\/sk\/wp-json\/wp\/v2\/product_cat?post=5747"},{"taxonomy":"product_tag","embeddable":true,"href":"https:\/\/vapingnet.de\/sk\/wp-json\/wp\/v2\/product_tag?post=5747"}],"curies":[{"name":"wp","href":"https:\/\/api.w.org\/{rel}","templated":true}]}}