{"id":5749,"date":"2025-03-19T05:38:30","date_gmt":"2025-03-19T05:38:30","guid":{"rendered":"https:\/\/vapingnet.de\/?post_type=product&#038;p=5749"},"modified":"2026-04-14T06:41:05","modified_gmt":"2026-04-14T06:41:05","slug":"erfrischendes-e-zigaretten-erlebnis-nexa-ultra-50k-triple-berry-die-perfekte-kombination-aus-erdbeere-himbeere-und-blaubeere","status":"publish","type":"product","link":"https:\/\/vapingnet.de\/sk\/vape\/erfrischendes-e-zigaretten-erlebnis-nexa-ultra-50k-triple-berry-die-perfekte-kombination-aus-erdbeere-himbeere-und-blaubeere\/","title":{"rendered":"Osvie\u017euj\u00faci z\u00e1\u017eitok z e-cigariet NEXA Ultra 50K Triple Berry Dokonal\u00e1 kombin\u00e1cia jahody, maliny a \u010du\u010doriedky"},"content":{"rendered":"<h2 data-start=\"0\" data-end=\"107\">NEXA Ultra 50K Puff Jednor\u00e1zov\u00e9 E-Cigarety Triple Berry \u2013 Ovocn\u00e1 chu\u0165, ktor\u00e1 o\u017eivuje v\u0161etky zmysly<\/h2>\n<p data-start=\"109\" data-end=\"514\">NEXA Ultra 50K Puff <strong><a href=\"https:\/\/vapingnet.de\/sk\/k\/einweg-e-zigarette\/\">Jednorazov\u00e1 e-cigareta<\/a><\/strong> s ar\u00f3mou Triple Berry nastavuje nov\u00e9 \u0161tandardy pre milovn\u00edkov ovocia, ktor\u00ed h\u013eadaj\u00fa intenz\u00edvny a osvie\u017euj\u00faci z\u00e1\u017eitok z vapovania. S mimoriadnou kapacitou Puffov <strong><a href=\"https:\/\/vapingnet.de\/sk\/k\/50k-vape\/\">50k vape<\/a><\/strong> a modern\u00fdm dizajnom tento model pon\u00faka nielen vynikaj\u00faci v\u00fdkon, ale aj chu\u0165ov\u00fd z\u00e1\u017eitok, ktor\u00fd je v ka\u017edej d\u00e1vke ovocn\u00fd a lahodn\u00fd.<\/p>\n<p data-start=\"516\" data-end=\"728\">V tomto \u010dl\u00e1nku sa podrobne pozrieme na pr\u00edchu\u0165 Triple Berry a v\u00fdnimo\u010dn\u00e9 vlastnosti <strong><a href=\"https:\/\/vapingnet.de\/sk\/nexa-ultra-50000-puffs\/\">NEXA Ultra 50K pufy<\/a><\/strong>, ktor\u00e9 v\u00e1s urobia dokonal\u00fdm spolo\u010dn\u00edkom pre ka\u017ed\u00e9ho vapera.<\/p>\n<div class=\"overflow-x-auto contain-inline-size\">\n<table data-start=\"735\" data-end=\"2729\">\n<thead data-start=\"735\" data-end=\"863\">\n<tr data-start=\"735\" data-end=\"863\">\n<th data-start=\"735\" data-end=\"766\">Vlastnos\u0165<\/th>\n<th data-start=\"766\" data-end=\"863\">Detaily<\/th>\n<\/tr>\n<\/thead>\n<tbody data-start=\"993\" data-end=\"2729\">\n<tr data-start=\"993\" data-end=\"1123\">\n<td>Model<\/td>\n<td>NEXA Ultra 50K Puff Jednor\u00e1zov\u00e1 E-cigareta<\/td>\n<\/tr>\n<tr data-start=\"1124\" data-end=\"1252\">\n<td>Chute<\/td>\n<td>Triple Berry (zmes jahody, maliny a \u010du\u010doriedky)<\/td>\n<\/tr>\n<tr data-start=\"1253\" data-end=\"1382\">\n<td>Kapacita Puffov<\/td>\n<td>50 000 \u0165ahov<\/td>\n<\/tr>\n<tr data-start=\"1383\" data-end=\"1513\">\n<td>Silnos\u0165 nikot\u00ednu<\/td>\n<td>5%<\/td>\n<\/tr>\n<tr data-start=\"1514\" data-end=\"1644\">\n<td>E-liquid n\u00e1dr\u017e<\/td>\n<td>20 ml prieh\u013eadn\u00e1 kry\u0161t\u00e1lov\u00e1 n\u00e1dr\u017e<\/td>\n<\/tr>\n<tr data-start=\"1645\" data-end=\"1775\">\n<td>Kapacita bat\u00e9rie<\/td>\n<td>800 mAh (r\u00fdchle nab\u00edjanie USB-C)<\/td>\n<\/tr>\n<tr data-start=\"1776\" data-end=\"1904\">\n<td>Re\u017eimy parenia<\/td>\n<td>Dva re\u017eimy:<\/td>\n<\/tr>\n<tr data-start=\"1905\" data-end=\"2034\">\n<td><\/td>\n<td>\u2013 Norm\u00e1lny re\u017eim: 50 000 \u0165ahov, jemn\u00fd chu\u0165ov\u00fd z\u00e1\u017eitok<\/td>\n<\/tr>\n<tr data-start=\"2035\" data-end=\"2162\">\n<td><\/td>\n<td>\u2013 Turbo re\u017eim: 30 000 \u0165ahov, intenz\u00edvnej\u0161\u00ed dym a chu\u0165<\/td>\n<\/tr>\n<tr data-start=\"2163\" data-end=\"2292\">\n<td>Displej<\/td>\n<td>3D zakriven\u00fd displej, zobrazuje stav bat\u00e9rie, hladinu tekutiny a re\u017eim<\/td>\n<\/tr>\n<tr data-start=\"2293\" data-end=\"2423\">\n<td>Aktiv\u00e1cia<\/td>\n<td>Aktivovan\u00e9 \u0165ahom (sta\u010d\u00ed \u0165aha\u0165, aby ste za\u010dali vapova\u0165)<\/td>\n<\/tr>\n<tr data-start=\"2424\" data-end=\"2552\">\n<td>Balenie na jednotku<\/td>\n<td>5 kusov v krabici<\/td>\n<\/tr>\n<tr data-start=\"2553\" data-end=\"2729\">\n<td>Popis ar\u00f3my<\/td>\n<td>Harmonick\u00e1 zmes \u010derstvej jahody, maliny a \u010du\u010doriedky, ktor\u00e1 pon\u00faka osvie\u017euj\u00faci ovocn\u00fd z\u00e1\u017eitok z vapovania.<\/td>\n<\/tr>\n<\/tbody>\n<\/table>\n<\/div>\n<h3 data-start=\"2736\" data-end=\"2804\">1. Z\u00e1\u017eitok z chuti: Dokonal\u00e1 zmes troch bob\u00fa\u013e<\/h3>\n<p data-start=\"2806\" data-end=\"3361\">Pr\u00edchu\u0165 Triple Berry v NEXA Ultra 50K sp\u00e1ja ar\u00f3my jah\u00f4d, mal\u00edn a \u010du\u010doriedok, ktor\u00e9 spolu vytv\u00e1raj\u00fa harmonick\u00fd a svie\u017ei ovocn\u00fd z\u00e1\u017eitok. Pri prvom \u0165ahu poc\u00edtite sladk\u00fa a \u0161\u0165avnat\u00fa jahodu, ktor\u00e1 obklop\u00ed v\u00e1\u0161 jazyk. N\u00e1sledne prich\u00e1dza malina, ktor\u00e1 obohacuje chu\u0165 jemnou kyslos\u0165ou a osvie\u017euj\u00facou notou. Celkov\u00fd z\u00e1\u017eitok uzatv\u00e1ra \u010du\u010doriedka s jemnou sladkos\u0165ou a mierne hork\u00fdm podt\u00f3nom, \u010d\u00edm zabezpe\u010duje dokonal\u00fa rovnov\u00e1hu.<\/p>\n<p data-start=\"3363\" data-end=\"3740\">Ka\u017ed\u00fd \u0165ah ar\u00f3my Triple Berry je ako osvie\u017euj\u00faci ovocn\u00fd \u0161al\u00e1t \u2013 sladk\u00fd, ale nie pr\u00edli\u0161 intenz\u00edvny, a presne tak\u00e1 je spr\u00e1vna d\u00e1vka svie\u017eosti na to, aby bolo vapovanie pr\u00edjemn\u00fdm, ovocn\u00fdm z\u00e1\u017eitkom. Ide\u00e1lna vo\u013eba pre vapovaniechtiv\u00fdch, ktor\u00ed radi vychutn\u00e1vaj\u00fa ovocn\u00e9 ar\u00f3my po\u010das cel\u00e9ho d\u0148a, bez toho, aby p\u00f4sobili pr\u00edli\u0161 sladko alebo ohromuj\u00faco.<\/p>\n<h3 data-start=\"3742\" data-end=\"3795\">2. 50 000 \u0165ahov \u2013 Dlhodob\u00fd z\u00e1\u017eitok<\/h3>\n<p data-start=\"3797\" data-end=\"4179\">S kapacitou 50 000 \u0165ahov pon\u00faka NEXA Ultra 50K neuverite\u013en\u00fa v\u00fddr\u017e. 20 ml kry\u0161t\u00e1lov\u00e1 n\u00e1dr\u017e zabezpe\u010duje, \u017ee pri intenz\u00edvnom pou\u017e\u00edvan\u00ed nikdy nezostanete bez n\u00e1plne. Prieh\u013eadn\u00e1 kry\u0161t\u00e1lov\u00e1 n\u00e1dr\u017e v\u00e1m umo\u017e\u0148uje sledova\u0165 hladinu n\u00e1plne kedyko\u013evek, tak\u017ee v\u017edy viete, kedy je \u010das na v\u00fdmenu.<\/p>\n<p data-start=\"4181\" data-end=\"4411\">Kry\u0161t\u00e1lov\u00fd vzh\u013ead n\u00e1dr\u017ee nielen prid\u00e1va na elegantnom vzh\u013eade zariadenia, ale aj zabezpe\u010duje rovnomern\u00e9 rozlo\u017eenie n\u00e1plne, \u010do v\u00e1m pri ka\u017edom \u0165ahu poskytuje kon\u0161tantn\u00fd, intenz\u00edvny vapovac\u00ed z\u00e1\u017eitok.<\/p>\n<h3 data-start=\"4413\" data-end=\"4480\">3. Dvojm\u00f3dov\u00e1 technol\u00f3gia \u2013 prisp\u00f4sobenie va\u0161im preferenci\u00e1m vapovania<\/h3>\n<p data-start=\"4482\" data-end=\"4609\">NEXA Ultra 50K pon\u00faka dva re\u017eimy vapovania, ktor\u00e9 v\u00e1m d\u00e1vaj\u00fa slobodu prisp\u00f4sobi\u0165 si z\u00e1\u017eitok pod\u013ea svojich preferenci\u00ed:<\/p>\n<ul data-start=\"4611\" data-end=\"5116\">\n<li data-start=\"4611\" data-end=\"4835\">\n<p data-start=\"4613\" data-end=\"4835\">Norm\u00e1lny re\u017eim (50 000 \u0165ahov): Tento re\u017eim zabezpe\u010duje jemn\u00e9 a rovnomern\u00e9 rozvinutie pr\u00edchute Triple Berry, ide\u00e1lny pre vapovaniechtiv\u00fdch, ktor\u00ed chc\u00fa vychutn\u00e1va\u0165 ovocn\u00fa chu\u0165 v jej plnej, harmonickej podobe.<\/p>\n<\/li>\n<li data-start=\"4839\" data-end=\"5116\">\n<p data-start=\"4841\" data-end=\"5116\">Turbo re\u017eim (30 000 \u0165ahov): Ak h\u013ead\u00e1te silnej\u0161iu produkciu pary a intenz\u00edvnej\u0161iu chu\u0165, m\u00f4\u017eete zvoli\u0165 Turbo re\u017eim. V tomto re\u017eime sa chu\u0165 st\u00e1va intenz\u00edvnej\u0161ou a para hustej\u0161ia, \u010do rob\u00ed pr\u00edchu\u0165 Triple Berry e\u0161te \u017eiv\u0161ou.<\/p>\n<\/li>\n<\/ul>\n<p data-start=\"5118\" data-end=\"5285\">V\u010faka dvojm\u00f3dovej technol\u00f3gii m\u00e1te mo\u017enos\u0165 prep\u00edna\u0165 medzi jemn\u00fdm a intenz\u00edvnej\u0161\u00edm z\u00e1\u017eitkom z vapovania pod\u013ea n\u00e1lady a potreby.<\/p>\n<h3 data-start=\"5287\" data-end=\"5354\">4. 3D zakriven\u00fd displej pre pou\u017e\u00edvate\u013esky pr\u00edvetiv\u00fd z\u00e1\u017eitok<\/h3>\n<p data-start=\"5356\" data-end=\"5702\">3D zakriven\u00fd displej NEXA Ultra 50K nie je len vizu\u00e1lnym prvkom, ale aj ve\u013emi funk\u010dn\u00fdm. Zobrazuje v\u0161etky d\u00f4le\u017eit\u00e9 inform\u00e1cie, ako je stav bat\u00e9rie, hladina n\u00e1plne a aktu\u00e1lny re\u017eim vapovania. Tak m\u00e1te v\u017edy preh\u013ead o v\u0161etk\u00fdch relevantn\u00fdch d\u00e1tach a m\u00f4\u017eete cie\u013eavedome riadi\u0165 svoj z\u00e1\u017eitok z vapovania.<\/p>\n<p data-start=\"5704\" data-end=\"5875\">Vysokokvalitn\u00e1 sklenen\u00e1 optika displeja prispieva k luxusn\u00e9mu celkov\u00e9mu vzh\u013eadu a zabezpe\u010duje, \u017ee zariadenie nielen dobre funguje, ale aj \u0161t\u00fdlovo vyzer\u00e1.<\/p>\n<h3 data-start=\"5877\" data-end=\"5929\">5. R\u00fdchle nab\u00edjanie a dlh\u00e1 v\u00fddr\u017e bat\u00e9rie<\/h3>\n<p data-start=\"5931\" data-end=\"6281\">Kapacita bat\u00e9rie 800 mAh v NEXA Ultra 50K zabezpe\u010duje, \u017ee m\u00f4\u017eete vapova\u0165 dlho bez neust\u00e1leho h\u013eadania nab\u00edja\u010dky. Ak sa bat\u00e9ria vy\u010derp\u00e1, m\u00f4\u017eete ju v\u010faka r\u00fdchlemu nab\u00edjaniu USB-C dobi\u0165 v kr\u00e1tkom \u010dase a pokra\u010dova\u0165 vo vapovan\u00ed \u2013 \u017eiadne dlh\u00e9 \u010dakanie, len nab\u00edja\u0165 a vapova\u0165 \u010falej.<\/p>\n<h3 data-start=\"6283\" data-end=\"6340\">6. Jednoduch\u00e9 ovl\u00e1danie pre ka\u017edodenn\u00e9 pou\u017eitie<\/h3>\n<p data-start=\"6342\" data-end=\"6696\">Dizajn aktivovan\u00fd \u0165ahom v NEXA Ultra 50K rob\u00ed vapovanie jednoduch\u00fdm a pohodln\u00fdm. Nemus\u00edte stl\u00e1\u010da\u0165 \u017eiadne tla\u010didlo ani zariadenie manu\u00e1lne zap\u00edna\u0165 \u2013 sta\u010d\u00ed \u0165aha\u0165 a vychutn\u00e1va\u0165 si pr\u00edchu\u0165 Triple Berry. Tento pou\u017e\u00edvate\u013esky pr\u00edvetiv\u00fd dizajn je ide\u00e1lny pre vapovaniechtiv\u00fdch, ktor\u00ed h\u013eadaj\u00fa jednoduch\u00e9 rie\u0161enie, pripraven\u00e9 na pou\u017eitie kedyko\u013evek.<\/p>\n<p data-start=\"6698\" data-end=\"6881\">Kompaktn\u00e1 ve\u013ekos\u0165 a elegantn\u00fd dizajn robia zariadenie ide\u00e1lnym spolo\u010dn\u00edkom na cest\u00e1ch, tak\u017ee si m\u00f4\u017eete vychutna\u0165 ovocn\u00fd Triple Berry z\u00e1\u017eitok kdeko\u013evek.<\/p>\n<h3 data-start=\"6883\" data-end=\"6950\">7. Praktick\u00e9 balenie \u2013 Ide\u00e1lne pre \u010dast\u00fdch pou\u017e\u00edvate\u013eov a predajcov<\/h3>\n<p data-start=\"6952\" data-end=\"7367\">NEXA Ultra 50K Triple Berry je dod\u00e1van\u00e1 v balen\u00ed po 5 kusov, \u010do ju rob\u00ed atrakt\u00edvnou najm\u00e4 pre \u010dast\u00fdch pou\u017e\u00edvate\u013eov a predajcov. S tak vysokou kapacitou puffu je to vynikaj\u00faca vo\u013eba pre v\u0161etk\u00fdch, ktor\u00ed h\u013eadaj\u00fa kvalitn\u00fd a odoln\u00fd produkt. Praktick\u00e9 balenie tie\u017e umo\u017e\u0148uje predajcom pon\u00faknu\u0165 svojim z\u00e1kazn\u00edkom pr\u00e9miov\u00fd produkt s dlhodobou \u017eivotnos\u0165ou.<\/p>\n<h3 data-start=\"7369\" data-end=\"7458\">8. Pre\u010do je NEXA Ultra 50K Triple Berry nevyhnutnos\u0165ou pre milovn\u00edkov ovocia<\/h3>\n<p data-start=\"7460\" data-end=\"7810\">NEXA Ultra 50K Triple Berry je ide\u00e1lnou vo\u013ebou pre v\u0161etk\u00fdch, ktor\u00ed miluj\u00fa ovocn\u00e9 ar\u00f3my a nechc\u00fa pri tom robi\u0165 kompromisy v kvalite a v\u00fdkone. S vysokou kapacitou puffu, modern\u00fdm dizajnom, technol\u00f3giou Dual-Mode a jednoduchou obsluhou pon\u00faka tento model v\u0161etko, \u010do po\u017eaduj\u00fa vaperi.<\/p>\n<p data-start=\"7812\" data-end=\"8115\">Aroma Triple Berry zabezpe\u010duje lahodn\u00fd, ovocn\u00fd vapovac\u00ed z\u00e1\u017eitok, ktor\u00fd je nielen sladk\u00fd, ale aj osvie\u017euj\u00faci a \u017eiv\u00fd. \u010ci u\u017e na denn\u00e9 pou\u017eitie alebo ob\u010dasn\u00fd p\u00f4\u017eitok \u2013 tento model je ide\u00e1lnou vo\u013ebou pre v\u0161etk\u00fdch, ktor\u00ed h\u013eadaj\u00fa osvie\u017euj\u00face, ovocn\u00e9 vapovanie.<\/p>\n<p data-start=\"8117\" data-end=\"8286\" data-is-last-node=\"\" data-is-only-node=\"\">Zvo\u013ete NEXA Ultra 50K Triple Berry, ak h\u013ead\u00e1te kvalitn\u00fd, dlhodob\u00fd vapovac\u00ed z\u00e1\u017eitok, ktor\u00fd si budete m\u00f4c\u0165 opakovane vychutn\u00e1va\u0165.<\/p>","protected":false},"excerpt":{"rendered":"<p>NEXA Ultra 50K Puff Einweg E-Zigaretten Triple Berry \u2013 Ein Fruchtiger Genuss Der Alle Sinne Belebt Die NEXA Ultra 50K Puff Einweg E-Zigarette mit dem&#8230;<\/p>","protected":false},"featured_media":5721,"template":"","meta":[],"etheme_brands":[],"product_brand":[],"product_cat":[67,49,61],"product_tag":[],"class_list":{"0":"post-5749","1":"product","2":"type-product","3":"status-publish","4":"has-post-thumbnail","6":"product_cat-50k-vape","7":"product_cat-einweg-e-zigarette","8":"product_cat-f","10":"first","11":"outofstock","12":"shipping-taxable","13":"purchasable","14":"product-type-variable"},"yoast_head":"<!-- This site is optimized with the Yoast SEO plugin v26.5 - https:\/\/yoast.com\/wordpress\/plugins\/seo\/ -->\n<title>Erfrischendes E-Zigaretten-Erlebnis NEXA Ultra 50K Triple Berry Die perfekte Kombination aus Erdbeere Himbeere und Blaubeere | Vapingnet.de<\/title>\n<meta name=\"description\" content=\"NEXA Ultra 50K Triple Berry ist die perfekte Mischung aus Erdbeere, Himbeere und Blaubeere f\u00fcr ein erfrischendes Dampferlebnis\" \/>\n<meta name=\"robots\" content=\"index, follow, max-snippet:-1, max-image-preview:large, max-video-preview:-1\" \/>\n<link rel=\"canonical\" href=\"https:\/\/vapingnet.de\/sk\/vape\/erfrischendes-e-zigaretten-erlebnis-nexa-ultra-50k-triple-berry-die-perfekte-kombination-aus-erdbeere-himbeere-und-blaubeere\/\" \/>\n<meta property=\"og:locale\" content=\"sk_SK\" \/>\n<meta property=\"og:type\" content=\"article\" \/>\n<meta property=\"og:title\" content=\"Erfrischendes E-Zigaretten-Erlebnis NEXA Ultra 50K Triple Berry Die perfekte Kombination aus Erdbeere Himbeere und Blaubeere | Vapingnet.de\" \/>\n<meta property=\"og:description\" content=\"NEXA Ultra 50K Triple Berry ist die perfekte Mischung aus Erdbeere, Himbeere und Blaubeere f\u00fcr ein erfrischendes Dampferlebnis\" \/>\n<meta property=\"og:url\" content=\"https:\/\/vapingnet.de\/sk\/vape\/erfrischendes-e-zigaretten-erlebnis-nexa-ultra-50k-triple-berry-die-perfekte-kombination-aus-erdbeere-himbeere-und-blaubeere\/\" \/>\n<meta property=\"og:site_name\" content=\"Vapingnet.de\" \/>\n<meta property=\"article:publisher\" content=\"https:\/\/www.facebook.com\/vapingnetde\/\" \/>\n<meta property=\"article:modified_time\" content=\"2026-04-14T06:41:05+00:00\" \/>\n<meta property=\"og:image\" content=\"https:\/\/vapingnet.de\/wp-content\/uploads\/2025\/03\/50K_TRIPLE_BERRY-1.png\" \/>\n\t<meta property=\"og:image:width\" content=\"1000\" \/>\n\t<meta property=\"og:image:height\" content=\"1000\" \/>\n\t<meta property=\"og:image:type\" content=\"image\/png\" \/>\n<meta name=\"twitter:card\" content=\"summary_large_image\" \/>\n<meta name=\"twitter:label1\" content=\"Est. reading time\" \/>\n\t<meta name=\"twitter:data1\" content=\"6 minutes\" \/>\n<script type=\"application\/ld+json\" class=\"yoast-schema-graph\">{\"@context\":\"https:\/\/schema.org\",\"@graph\":[{\"@type\":\"WebPage\",\"@id\":\"https:\/\/vapingnet.de\/vape\/erfrischendes-e-zigaretten-erlebnis-nexa-ultra-50k-triple-berry-die-perfekte-kombination-aus-erdbeere-himbeere-und-blaubeere\/\",\"url\":\"https:\/\/vapingnet.de\/vape\/erfrischendes-e-zigaretten-erlebnis-nexa-ultra-50k-triple-berry-die-perfekte-kombination-aus-erdbeere-himbeere-und-blaubeere\/\",\"name\":\"Erfrischendes E-Zigaretten-Erlebnis NEXA Ultra 50K Triple Berry Die perfekte Kombination aus Erdbeere Himbeere und Blaubeere | Vapingnet.de\",\"isPartOf\":{\"@id\":\"https:\/\/vapingnet.de\/#website\"},\"primaryImageOfPage\":{\"@id\":\"https:\/\/vapingnet.de\/vape\/erfrischendes-e-zigaretten-erlebnis-nexa-ultra-50k-triple-berry-die-perfekte-kombination-aus-erdbeere-himbeere-und-blaubeere\/#primaryimage\"},\"image\":{\"@id\":\"https:\/\/vapingnet.de\/vape\/erfrischendes-e-zigaretten-erlebnis-nexa-ultra-50k-triple-berry-die-perfekte-kombination-aus-erdbeere-himbeere-und-blaubeere\/#primaryimage\"},\"thumbnailUrl\":\"https:\/\/vapingnet.de\/wp-content\/uploads\/2025\/03\/50K_TRIPLE_BERRY-1.png\",\"datePublished\":\"2025-03-19T05:38:30+00:00\",\"dateModified\":\"2026-04-14T06:41:05+00:00\",\"description\":\"NEXA Ultra 50K Triple Berry ist die perfekte Mischung aus Erdbeere, Himbeere und Blaubeere f\u00fcr ein erfrischendes Dampferlebnis\",\"breadcrumb\":{\"@id\":\"https:\/\/vapingnet.de\/vape\/erfrischendes-e-zigaretten-erlebnis-nexa-ultra-50k-triple-berry-die-perfekte-kombination-aus-erdbeere-himbeere-und-blaubeere\/#breadcrumb\"},\"inLanguage\":\"sk-SK\",\"potentialAction\":[{\"@type\":\"ReadAction\",\"target\":[\"https:\/\/vapingnet.de\/vape\/erfrischendes-e-zigaretten-erlebnis-nexa-ultra-50k-triple-berry-die-perfekte-kombination-aus-erdbeere-himbeere-und-blaubeere\/\"]}]},{\"@type\":\"ImageObject\",\"inLanguage\":\"sk-SK\",\"@id\":\"https:\/\/vapingnet.de\/vape\/erfrischendes-e-zigaretten-erlebnis-nexa-ultra-50k-triple-berry-die-perfekte-kombination-aus-erdbeere-himbeere-und-blaubeere\/#primaryimage\",\"url\":\"https:\/\/vapingnet.de\/wp-content\/uploads\/2025\/03\/50K_TRIPLE_BERRY-1.png\",\"contentUrl\":\"https:\/\/vapingnet.de\/wp-content\/uploads\/2025\/03\/50K_TRIPLE_BERRY-1.png\",\"width\":1000,\"height\":1000},{\"@type\":\"BreadcrumbList\",\"@id\":\"https:\/\/vapingnet.de\/vape\/erfrischendes-e-zigaretten-erlebnis-nexa-ultra-50k-triple-berry-die-perfekte-kombination-aus-erdbeere-himbeere-und-blaubeere\/#breadcrumb\",\"itemListElement\":[{\"@type\":\"ListItem\",\"position\":1,\"name\":\"Home\",\"item\":\"https:\/\/vapingnet.de\/\"},{\"@type\":\"ListItem\",\"position\":2,\"name\":\"Shop\",\"item\":\"https:\/\/vapingnet.de\/vape\/\"},{\"@type\":\"ListItem\",\"position\":3,\"name\":\"Erfrischendes E-Zigaretten-Erlebnis NEXA Ultra 50K Triple Berry Die perfekte Kombination aus Erdbeere Himbeere und Blaubeere\"}]},{\"@type\":\"WebSite\",\"@id\":\"https:\/\/vapingnet.de\/#website\",\"url\":\"https:\/\/vapingnet.de\/\",\"name\":\"Vapingnet.de\",\"description\":\"\",\"publisher\":{\"@id\":\"https:\/\/vapingnet.de\/#organization\"},\"potentialAction\":[{\"@type\":\"SearchAction\",\"target\":{\"@type\":\"EntryPoint\",\"urlTemplate\":\"https:\/\/vapingnet.de\/?s={search_term_string}\"},\"query-input\":{\"@type\":\"PropertyValueSpecification\",\"valueRequired\":true,\"valueName\":\"search_term_string\"}}],\"inLanguage\":\"sk-SK\"},{\"@type\":\"Organization\",\"@id\":\"https:\/\/vapingnet.de\/#organization\",\"name\":\"Vapingnet.de\",\"url\":\"https:\/\/vapingnet.de\/\",\"logo\":{\"@type\":\"ImageObject\",\"inLanguage\":\"sk-SK\",\"@id\":\"https:\/\/vapingnet.de\/#\/schema\/logo\/image\/\",\"url\":\"https:\/\/vapingnet.de\/wp-content\/uploads\/2025\/03\/cropped-vapingnet.de_.jpg\",\"contentUrl\":\"https:\/\/vapingnet.de\/wp-content\/uploads\/2025\/03\/cropped-vapingnet.de_.jpg\",\"width\":512,\"height\":512,\"caption\":\"Vapingnet.de\"},\"image\":{\"@id\":\"https:\/\/vapingnet.de\/#\/schema\/logo\/image\/\"},\"sameAs\":[\"https:\/\/www.facebook.com\/vapingnetde\/\"]}]}<\/script>\n<!-- \/ Yoast SEO plugin. -->","yoast_head_json":{"title":"Erfrischendes E-Zigaretten-Erlebnis NEXA Ultra 50K Triple Berry Die perfekte Kombination aus Erdbeere Himbeere und Blaubeere | Vapingnet.de","description":"NEXA Ultra 50K Triple Berry ist die perfekte Mischung aus Erdbeere, Himbeere und Blaubeere f\u00fcr ein erfrischendes Dampferlebnis","robots":{"index":"index","follow":"follow","max-snippet":"max-snippet:-1","max-image-preview":"max-image-preview:large","max-video-preview":"max-video-preview:-1"},"canonical":"https:\/\/vapingnet.de\/sk\/vape\/erfrischendes-e-zigaretten-erlebnis-nexa-ultra-50k-triple-berry-die-perfekte-kombination-aus-erdbeere-himbeere-und-blaubeere\/","og_locale":"sk_SK","og_type":"article","og_title":"Erfrischendes E-Zigaretten-Erlebnis NEXA Ultra 50K Triple Berry Die perfekte Kombination aus Erdbeere Himbeere und Blaubeere | Vapingnet.de","og_description":"NEXA Ultra 50K Triple Berry ist die perfekte Mischung aus Erdbeere, Himbeere und Blaubeere f\u00fcr ein erfrischendes Dampferlebnis","og_url":"https:\/\/vapingnet.de\/sk\/vape\/erfrischendes-e-zigaretten-erlebnis-nexa-ultra-50k-triple-berry-die-perfekte-kombination-aus-erdbeere-himbeere-und-blaubeere\/","og_site_name":"Vapingnet.de","article_publisher":"https:\/\/www.facebook.com\/vapingnetde\/","article_modified_time":"2026-04-14T06:41:05+00:00","og_image":[{"width":1000,"height":1000,"url":"https:\/\/vapingnet.de\/wp-content\/uploads\/2025\/03\/50K_TRIPLE_BERRY-1.png","type":"image\/png"}],"twitter_card":"summary_large_image","twitter_misc":{"Est. reading time":"6 minutes"},"schema":{"@context":"https:\/\/schema.org","@graph":[{"@type":"WebPage","@id":"https:\/\/vapingnet.de\/vape\/erfrischendes-e-zigaretten-erlebnis-nexa-ultra-50k-triple-berry-die-perfekte-kombination-aus-erdbeere-himbeere-und-blaubeere\/","url":"https:\/\/vapingnet.de\/vape\/erfrischendes-e-zigaretten-erlebnis-nexa-ultra-50k-triple-berry-die-perfekte-kombination-aus-erdbeere-himbeere-und-blaubeere\/","name":"Erfrischendes E-Zigaretten-Erlebnis NEXA Ultra 50K Triple Berry Die perfekte Kombination aus Erdbeere Himbeere und Blaubeere | Vapingnet.de","isPartOf":{"@id":"https:\/\/vapingnet.de\/#website"},"primaryImageOfPage":{"@id":"https:\/\/vapingnet.de\/vape\/erfrischendes-e-zigaretten-erlebnis-nexa-ultra-50k-triple-berry-die-perfekte-kombination-aus-erdbeere-himbeere-und-blaubeere\/#primaryimage"},"image":{"@id":"https:\/\/vapingnet.de\/vape\/erfrischendes-e-zigaretten-erlebnis-nexa-ultra-50k-triple-berry-die-perfekte-kombination-aus-erdbeere-himbeere-und-blaubeere\/#primaryimage"},"thumbnailUrl":"https:\/\/vapingnet.de\/wp-content\/uploads\/2025\/03\/50K_TRIPLE_BERRY-1.png","datePublished":"2025-03-19T05:38:30+00:00","dateModified":"2026-04-14T06:41:05+00:00","description":"NEXA Ultra 50K Triple Berry ist die perfekte Mischung aus Erdbeere, Himbeere und Blaubeere f\u00fcr ein erfrischendes Dampferlebnis","breadcrumb":{"@id":"https:\/\/vapingnet.de\/vape\/erfrischendes-e-zigaretten-erlebnis-nexa-ultra-50k-triple-berry-die-perfekte-kombination-aus-erdbeere-himbeere-und-blaubeere\/#breadcrumb"},"inLanguage":"sk-SK","potentialAction":[{"@type":"ReadAction","target":["https:\/\/vapingnet.de\/vape\/erfrischendes-e-zigaretten-erlebnis-nexa-ultra-50k-triple-berry-die-perfekte-kombination-aus-erdbeere-himbeere-und-blaubeere\/"]}]},{"@type":"ImageObject","inLanguage":"sk-SK","@id":"https:\/\/vapingnet.de\/vape\/erfrischendes-e-zigaretten-erlebnis-nexa-ultra-50k-triple-berry-die-perfekte-kombination-aus-erdbeere-himbeere-und-blaubeere\/#primaryimage","url":"https:\/\/vapingnet.de\/wp-content\/uploads\/2025\/03\/50K_TRIPLE_BERRY-1.png","contentUrl":"https:\/\/vapingnet.de\/wp-content\/uploads\/2025\/03\/50K_TRIPLE_BERRY-1.png","width":1000,"height":1000},{"@type":"BreadcrumbList","@id":"https:\/\/vapingnet.de\/vape\/erfrischendes-e-zigaretten-erlebnis-nexa-ultra-50k-triple-berry-die-perfekte-kombination-aus-erdbeere-himbeere-und-blaubeere\/#breadcrumb","itemListElement":[{"@type":"ListItem","position":1,"name":"Home","item":"https:\/\/vapingnet.de\/"},{"@type":"ListItem","position":2,"name":"Shop","item":"https:\/\/vapingnet.de\/vape\/"},{"@type":"ListItem","position":3,"name":"Erfrischendes E-Zigaretten-Erlebnis NEXA Ultra 50K Triple Berry Die perfekte Kombination aus Erdbeere Himbeere und Blaubeere"}]},{"@type":"WebSite","@id":"https:\/\/vapingnet.de\/#website","url":"https:\/\/vapingnet.de\/","name":"Vapingnet.de","description":"","publisher":{"@id":"https:\/\/vapingnet.de\/#organization"},"potentialAction":[{"@type":"SearchAction","target":{"@type":"EntryPoint","urlTemplate":"https:\/\/vapingnet.de\/?s={search_term_string}"},"query-input":{"@type":"PropertyValueSpecification","valueRequired":true,"valueName":"search_term_string"}}],"inLanguage":"sk-SK"},{"@type":"Organization","@id":"https:\/\/vapingnet.de\/#organization","name":"Vapingnet.de","url":"https:\/\/vapingnet.de\/","logo":{"@type":"ImageObject","inLanguage":"sk-SK","@id":"https:\/\/vapingnet.de\/#\/schema\/logo\/image\/","url":"https:\/\/vapingnet.de\/wp-content\/uploads\/2025\/03\/cropped-vapingnet.de_.jpg","contentUrl":"https:\/\/vapingnet.de\/wp-content\/uploads\/2025\/03\/cropped-vapingnet.de_.jpg","width":512,"height":512,"caption":"Vapingnet.de"},"image":{"@id":"https:\/\/vapingnet.de\/#\/schema\/logo\/image\/"},"sameAs":["https:\/\/www.facebook.com\/vapingnetde\/"]}]}},"tiered_pricing_type":"fixed","tiered_pricing_fixed_rules":[],"tiered_pricing_product_settings":{"layout":"default","base_unit_name":{"singular":null,"plural":null},"default_variation":null},"tiered_pricing_minimum_quantity":null,"tiered_pricing_roles_data":[],"tiered_pricing_percentage_rules":[],"_links":{"self":[{"href":"https:\/\/vapingnet.de\/sk\/wp-json\/wp\/v2\/product\/5749","targetHints":{"allow":["GET"]}}],"collection":[{"href":"https:\/\/vapingnet.de\/sk\/wp-json\/wp\/v2\/product"}],"about":[{"href":"https:\/\/vapingnet.de\/sk\/wp-json\/wp\/v2\/types\/product"}],"version-history":[{"count":1,"href":"https:\/\/vapingnet.de\/sk\/wp-json\/wp\/v2\/product\/5749\/revisions"}],"predecessor-version":[{"id":5770,"href":"https:\/\/vapingnet.de\/sk\/wp-json\/wp\/v2\/product\/5749\/revisions\/5770"}],"wp:featuredmedia":[{"embeddable":true,"href":"https:\/\/vapingnet.de\/sk\/wp-json\/wp\/v2\/media\/5721"}],"wp:attachment":[{"href":"https:\/\/vapingnet.de\/sk\/wp-json\/wp\/v2\/media?parent=5749"}],"wp:term":[{"taxonomy":"brand","embeddable":true,"href":"https:\/\/vapingnet.de\/sk\/wp-json\/wp\/v2\/etheme_brands?post=5749"},{"taxonomy":"product_brand","embeddable":true,"href":"https:\/\/vapingnet.de\/sk\/wp-json\/wp\/v2\/product_brand?post=5749"},{"taxonomy":"product_cat","embeddable":true,"href":"https:\/\/vapingnet.de\/sk\/wp-json\/wp\/v2\/product_cat?post=5749"},{"taxonomy":"product_tag","embeddable":true,"href":"https:\/\/vapingnet.de\/sk\/wp-json\/wp\/v2\/product_tag?post=5749"}],"curies":[{"name":"wp","href":"https:\/\/api.w.org\/{rel}","templated":true}]}}