{"id":5751,"date":"2025-03-19T05:38:34","date_gmt":"2025-03-19T05:38:34","guid":{"rendered":"https:\/\/vapingnet.de\/?post_type=product&#038;p=5751"},"modified":"2026-04-14T06:41:05","modified_gmt":"2026-04-14T06:41:05","slug":"nexa-ultra-50k-watermelon-ice-bietet-ihnen-ein-erfrischendes-und-intensives-raucherlebnis","status":"publish","type":"product","link":"https:\/\/vapingnet.de\/sk\/vape\/nexa-ultra-50k-watermelon-ice-bietet-ihnen-ein-erfrischendes-und-intensives-raucherlebnis\/","title":{"rendered":"NEXA Ultra 50K Watermelon Ice v\u00e1m pon\u00faka osvie\u017euj\u00faci a intenz\u00edvny z\u00e1\u017eitok z faj\u010denia."},"content":{"rendered":"<h2 data-start=\"0\" data-end=\"88\">NEXA Ultra 50K Puff Jednor\u00e1zov\u00e1 e-cigareta \u2013 Maxim\u00e1lna svie\u017eos\u0165 s Watermelon Ice<\/h2>\n<p data-start=\"90\" data-end=\"482\">NEXA Ultra 50K Puff <strong><a href=\"https:\/\/vapingnet.de\/sk\/k\/einweg-e-zigarette\/\">Jednorazov\u00e1 e-cigareta<\/a><\/strong> stanovuje nov\u00e9 \u0161tandardy pre intenz\u00edvne z\u00e1\u017eitky z chuti a maxim\u00e1lnu \u017eivotnos\u0165. S <strong><a href=\"https:\/\/vapingnet.de\/sk\/k\/50k-vape\/\">50k vape<\/a><\/strong>, vidite\u013enou 20 ml kry\u0161t\u00e1lovou n\u00e1dr\u017ekou, v\u00fdkonnou 800 mAh bat\u00e9riou s r\u00fdchlym nab\u00edjan\u00edm cez USB-C a modern\u00fdm 3D zakriven\u00fdm displejom kombinuje toto zariadenie vynikaj\u00facu technol\u00f3giu s neporovnate\u013enou kvalitou ar\u00f3my.<\/p>\n<h3 data-start=\"491\" data-end=\"560\">Maxim\u00e1lny v\u00fdkon Dva re\u017eimy pre individu\u00e1lnu kontrolu<\/h3>\n<p data-start=\"562\" data-end=\"659\">NEXA Ultra 50K pon\u00faka dva odli\u0161n\u00e9 re\u017eimy parenia pre personalizovan\u00e9 pou\u017e\u00edvanie:<\/p>\n<div class=\"overflow-x-auto contain-inline-size\">\n<table data-start=\"661\" data-end=\"971\">\n<thead data-start=\"661\" data-end=\"714\">\n<tr data-start=\"661\" data-end=\"714\">\n<th data-start=\"661\" data-end=\"677\">Re\u017eim<\/th>\n<th data-start=\"677\" data-end=\"698\">Kapacita Puffov<\/th>\n<th data-start=\"698\" data-end=\"714\">Z\u00e1\u017eitok<\/th>\n<\/tr>\n<\/thead>\n<tbody data-start=\"765\" data-end=\"971\">\n<tr data-start=\"765\" data-end=\"854\">\n<td>Norm\u00e1lny re\u017eim<\/td>\n<td>50 000 potiahnut\u00ed<\/td>\n<td>Vyv\u00e1\u017een\u00e9, dlhotrvaj\u00face rozv\u00edjanie chuti<\/td>\n<\/tr>\n<tr data-start=\"855\" data-end=\"971\">\n<td>Turbo re\u017eim<\/td>\n<td>30 000 potiahnut\u00ed<\/td>\n<td>Intenz\u00edvnej\u0161\u00ed dym a silnej\u0161ia chu\u0165 pre e\u0161te intenz\u00edvnej\u0161iu ar\u00f3mu<\/td>\n<\/tr>\n<\/tbody>\n<\/table>\n<\/div>\n<p data-start=\"973\" data-end=\"1133\">V\u010faka tejto inovat\u00edvnej technol\u00f3gii s dvojit\u00fdm re\u017eimom sa NEXA Ultra 50K odli\u0161uje od in\u00fdch jednor\u00e1zov\u00fdch e-cigariet a umo\u017e\u0148uje flexibiln\u00fd z\u00e1\u017eitok z parenia.<\/p>\n<h3 data-start=\"1142\" data-end=\"1210\">Kry\u0161t\u00e1lovo \u010dist\u00e1 n\u00e1dr\u017eka \u2013 Pln\u00e1 kontrola nad hladinou tekutiny<\/h3>\n<p data-start=\"1212\" data-end=\"1542\">20 ml kry\u0161t\u00e1lov\u00e1 n\u00e1dr\u017eka nielen\u017ee poskytuje elegantn\u00fd dizajn, ale aj jasn\u00fd preh\u013ead o zost\u00e1vaj\u00facej hladine tekutiny. T\u00fdm odpad\u00e1 h\u00e1danie, kedy je potrebn\u00e9 doplni\u0165. Rovnomern\u00e9 rozlo\u017eenie tekutiny zabezpe\u010duje kon\u0161tantn\u00fa vysok\u00fa kvalitu chuti od za\u010diatku do konca.<\/p>\n<h3 data-start=\"1551\" data-end=\"1637\">Pr\u00edchu\u0165: Watermelon Ice \u2013 Osve\u017euj\u00faca letn\u00e1 svie\u017eos\u0165 pri ka\u017edom \u0165ahu<\/h3>\n<p data-start=\"1639\" data-end=\"1931\">NEXA Ultra 50K Watermelon Ice pon\u00faka neodolate\u013en\u00fa kombin\u00e1ciu \u0161\u0165avnatej vodnej mel\u00f3nu a chladnej, \u013eadovej svie\u017eosti. Ka\u017ed\u00fd \u0165ah uvo\u013e\u0148uje ovocn\u00fa ar\u00f3mu zrel\u00fdch vodn\u00fdch mel\u00f3nov, dokonale vyv\u00e1\u017een\u00fa s osvie\u017euj\u00facim chladiv\u00fdm efektom, ktor\u00fd osvie\u017euje chu\u0165ov\u00e9 poh\u00e1riky.<\/p>\n<p data-start=\"1933\" data-end=\"2129\">T\u00e1to harmonick\u00e1 kombin\u00e1cia chut\u00ed pripom\u00edna \u013eadov\u00fd koktail z vodn\u00e9ho mel\u00f3nu v hor\u00faci letn\u00fd de\u0148 \u2013 ide\u00e1lna pre parn\u00edkov, ktor\u00ed miluj\u00fa ovocn\u00fa svie\u017eos\u0165 s chladiv\u00fdm v\u00e1nkom.<\/p>\n<p data-start=\"2131\" data-end=\"2335\">S 5 % nikot\u00ednovou silou pon\u00faka Watermelon Ice pr\u00edjemn\u00fd, ale siln\u00fd nikot\u00ednov\u00fd z\u00e1\u017eitok \u2013 ide\u00e1lny pre prech\u00e1dzaj\u00facich na in\u00e9 zariadenia a sk\u00fasen\u00fdch parn\u00edkov, ktor\u00ed preferuj\u00fa hladk\u00fa, ale intenz\u00edvnu ar\u00f3mu.<\/p>\n<h3 data-start=\"2344\" data-end=\"2398\">Inovat\u00edvna technol\u00f3gia s 3D zakriven\u00fdm displejom<\/h3>\n<p data-start=\"2400\" data-end=\"2493\">Vysoko kvalitn\u00fd 3D zakriven\u00fd displej zobrazuje v\u0161etky d\u00f4le\u017eit\u00e9 inform\u00e1cie na jeden poh\u013ead:<\/p>\n<p data-start=\"2495\" data-end=\"2712\">Stav bat\u00e9rie \u2013 \u017diadne prekvapenia sp\u00f4soben\u00e9 n\u00e1hlym vybit\u00edm.<br data-start=\"2561\" data-end=\"2564\" \/>\u00darove\u0148 kvapaliny \u2013 V\u017edy vidite\u013en\u00e1 v\u010faka prieh\u013eadnej n\u00e1dr\u017ei.<br data-start=\"2628\" data-end=\"2631\" \/>Re\u017eimov\u00e9 zobrazenie \u2013 Prechod medzi norm\u00e1lnym a turbo re\u017eimom na jeden poh\u013ead.<\/p>\n<p data-start=\"2714\" data-end=\"2862\">Modern\u00fd displej s optikou skla dod\u00e1va NEXA Ultra 50K nielen elegantn\u00fd vzh\u013ead, ale aj intuit\u00edvne ovl\u00e1danie.<\/p>\n<h3 data-start=\"2871\" data-end=\"2938\">800 mAh bat\u00e9ria s r\u00fdchlym nab\u00edjan\u00edm cez USB-C \u2013 Maxim\u00e1lna efektivita<\/h3>\n<p data-start=\"2940\" data-end=\"3115\">V\u00fdkonn\u00e1 800-mAh bat\u00e9ria zabezpe\u010duje p\u00f4sobiv\u00fa v\u00fddr\u017e, tak\u017ee vap\u00e9r si m\u00f4\u017ee vychutn\u00e1va\u0165 konzistentn\u00fd z\u00e1\u017eitok aj po\u010das dlh\u0161\u00edch obdob\u00ed.<\/p>\n<p data-start=\"3117\" data-end=\"3378\">V\u010faka USB-C r\u00fdchlemu nab\u00edjaniu je e-cigareta pripraven\u00e1 na pou\u017eitie v kr\u00e1tkom \u010dase \u2013 \u017eiadne otravn\u00e9 \u010dakanie, len nab\u00edjajte a pokra\u010dujte vo vapovan\u00ed. Energeticky \u00fasporn\u00fd \u010dip zabezpe\u010duje stabiln\u00fd v\u00fdkon, \u010di u\u017e v norm\u00e1lnom alebo turbo re\u017eime.<\/p>\n<h3 data-start=\"3387\" data-end=\"3453\">Pou\u017e\u00edvate\u013esk\u00e1 pr\u00edvetivos\u0165 a dizajn \u2013 Perfektne na ka\u017edodenn\u00e9 pou\u017eitie<\/h3>\n<p data-start=\"3455\" data-end=\"3753\">T\u00e1 <strong><a href=\"https:\/\/vapingnet.de\/sk\/nexa-ultra-50000-puffs\/\">NEXA Ultra 50K vape<\/a><\/strong> je aktivovan\u00fd \u0165ahom, \u010do znamen\u00e1, \u017ee nie je potrebn\u00fd \u017eiadny tla\u010didlo na aktiv\u00e1ciu \u2013 jednoducho \u0165ahajte a vychutn\u00e1vajte si. Jeho kompaktn\u00fd a elegantn\u00fd dizajn ho rob\u00ed ide\u00e1lnym spolo\u010dn\u00edkom na cest\u00e1ch, zatia\u013e \u010do vysokokvalitn\u00e9 spracovanie zabezpe\u010duje pr\u00edjemn\u00fd pocit pri pou\u017e\u00edvan\u00ed.<\/p>\n<h3 data-start=\"3762\" data-end=\"3812\">Balenie \u2013 Ide\u00e1lne pre vap\u00e9rov a predajcov<\/h3>\n<p data-start=\"3814\" data-end=\"4033\">NEXA Ultra 50K Watermelon Ice je dod\u00e1van\u00e1 v balen\u00ed po 5 kusov \u2013 ide\u00e1lne pre osobn\u00fa z\u00e1sobu alebo pre predajcov, ktor\u00ed chc\u00fa svojim z\u00e1kazn\u00edkom pon\u00faknu\u0165 kvalitn\u00fd, odoln\u00fd jednorazov\u00fd vaporiz\u00e9r.<\/p>\n<h3 data-start=\"4042\" data-end=\"4117\">Pre\u010do je NEXA Ultra 50K Watermelon Ice nevyhnutnos\u0165ou<\/h3>\n<p data-start=\"4119\" data-end=\"4327\">S obrovskou kapacitou na potiahnutie, inovat\u00edvnou kry\u0161t\u00e1lovou n\u00e1dr\u017ekou, dvomi re\u017eimami vapovania, modern\u00fdm 3D displejom a dlhou v\u00fddr\u017eou bat\u00e9rie pon\u00faka NEXA Ultra 50K neporovnate\u013en\u00fd z\u00e1\u017eitok z vapovania.<\/p>\n<p data-start=\"4329\" data-end=\"4529\">Verzia Watermelon Ice v\u00e1s presved\u010d\u00ed dokonalou kombin\u00e1ciou ovocnej vodnej mel\u00f3nu a \u013eadovej svie\u017eosti, ide\u00e1lna pre vap\u00e9rov, ktor\u00ed h\u013eadaj\u00fa osvie\u017euj\u00faci a chutn\u00fd z\u00e1\u017eitok.<\/p>\n<p data-start=\"4531\" data-end=\"4758\" data-is-last-node=\"\" data-is-only-node=\"\">\u010ci u\u017e ste sk\u00fasen\u00fd vap\u00e9r alebo za\u010diato\u010dn\u00edk \u2013 NEXA Ultra 50K Watermelon Ice sp\u00e1ja najmodernej\u0161iu technol\u00f3giu s intenz\u00edvnou svie\u017eos\u0165ou a je ide\u00e1lnou vo\u013ebou pre t\u00fdch, ktor\u00ed h\u013eadaj\u00fa najvy\u0161\u0161iu kvalitu a maxim\u00e1lny p\u00f4\u017eitok.<\/p>","protected":false},"excerpt":{"rendered":"<p>NEXA Ultra 50K Puff Einweg E-Zigarette \u2013 Ultimative Frische mit Watermelon Ice Die NEXA Ultra 50K Puff Einweg E-Zigarette setzt neue Ma\u00dfst\u00e4be f\u00fcr intensive Geschmackserlebnisse&#8230;<\/p>","protected":false},"featured_media":5722,"template":"","meta":[],"etheme_brands":[],"product_brand":[],"product_cat":[67,49,61],"product_tag":[],"class_list":{"0":"post-5751","1":"product","2":"type-product","3":"status-publish","4":"has-post-thumbnail","6":"product_cat-50k-vape","7":"product_cat-einweg-e-zigarette","8":"product_cat-f","10":"first","11":"outofstock","12":"shipping-taxable","13":"purchasable","14":"product-type-variable"},"yoast_head":"<!-- This site is optimized with the Yoast SEO plugin v26.5 - https:\/\/yoast.com\/wordpress\/plugins\/seo\/ -->\n<title>NEXA Ultra 50K Watermelon Ice bietet Ihnen ein erfrischendes und intensives Raucherlebnis. | Vapingnet.de<\/title>\n<meta name=\"description\" content=\"NEXA Ultra 50K Watermelon Ice kombiniert saftige Wassermelone mit einer eisigen Frische f\u00fcr ein erfrischendes und intensives Dampferlebnis.\" \/>\n<meta name=\"robots\" content=\"index, follow, max-snippet:-1, max-image-preview:large, max-video-preview:-1\" \/>\n<link rel=\"canonical\" href=\"https:\/\/vapingnet.de\/sk\/vape\/nexa-ultra-50k-watermelon-ice-bietet-ihnen-ein-erfrischendes-und-intensives-raucherlebnis\/\" \/>\n<meta property=\"og:locale\" content=\"sk_SK\" \/>\n<meta property=\"og:type\" content=\"article\" \/>\n<meta property=\"og:title\" content=\"NEXA Ultra 50K Watermelon Ice bietet Ihnen ein erfrischendes und intensives Raucherlebnis. | Vapingnet.de\" \/>\n<meta property=\"og:description\" content=\"NEXA Ultra 50K Watermelon Ice kombiniert saftige Wassermelone mit einer eisigen Frische f\u00fcr ein erfrischendes und intensives Dampferlebnis.\" \/>\n<meta property=\"og:url\" content=\"https:\/\/vapingnet.de\/sk\/vape\/nexa-ultra-50k-watermelon-ice-bietet-ihnen-ein-erfrischendes-und-intensives-raucherlebnis\/\" \/>\n<meta property=\"og:site_name\" content=\"Vapingnet.de\" \/>\n<meta property=\"article:publisher\" content=\"https:\/\/www.facebook.com\/vapingnetde\/\" \/>\n<meta property=\"article:modified_time\" content=\"2026-04-14T06:41:05+00:00\" \/>\n<meta property=\"og:image\" content=\"https:\/\/vapingnet.de\/wp-content\/uploads\/2025\/03\/50K_WATERMELON_ICE-1.png\" \/>\n\t<meta property=\"og:image:width\" content=\"1000\" \/>\n\t<meta property=\"og:image:height\" content=\"1000\" \/>\n\t<meta property=\"og:image:type\" content=\"image\/png\" \/>\n<meta name=\"twitter:card\" content=\"summary_large_image\" \/>\n<meta name=\"twitter:label1\" content=\"Est. reading time\" \/>\n\t<meta name=\"twitter:data1\" content=\"4 minutes\" \/>\n<script type=\"application\/ld+json\" class=\"yoast-schema-graph\">{\"@context\":\"https:\/\/schema.org\",\"@graph\":[{\"@type\":\"WebPage\",\"@id\":\"https:\/\/vapingnet.de\/vape\/nexa-ultra-50k-watermelon-ice-bietet-ihnen-ein-erfrischendes-und-intensives-raucherlebnis\/\",\"url\":\"https:\/\/vapingnet.de\/vape\/nexa-ultra-50k-watermelon-ice-bietet-ihnen-ein-erfrischendes-und-intensives-raucherlebnis\/\",\"name\":\"NEXA Ultra 50K Watermelon Ice bietet Ihnen ein erfrischendes und intensives Raucherlebnis. | Vapingnet.de\",\"isPartOf\":{\"@id\":\"https:\/\/vapingnet.de\/#website\"},\"primaryImageOfPage\":{\"@id\":\"https:\/\/vapingnet.de\/vape\/nexa-ultra-50k-watermelon-ice-bietet-ihnen-ein-erfrischendes-und-intensives-raucherlebnis\/#primaryimage\"},\"image\":{\"@id\":\"https:\/\/vapingnet.de\/vape\/nexa-ultra-50k-watermelon-ice-bietet-ihnen-ein-erfrischendes-und-intensives-raucherlebnis\/#primaryimage\"},\"thumbnailUrl\":\"https:\/\/vapingnet.de\/wp-content\/uploads\/2025\/03\/50K_WATERMELON_ICE-1.png\",\"datePublished\":\"2025-03-19T05:38:34+00:00\",\"dateModified\":\"2026-04-14T06:41:05+00:00\",\"description\":\"NEXA Ultra 50K Watermelon Ice kombiniert saftige Wassermelone mit einer eisigen Frische f\u00fcr ein erfrischendes und intensives Dampferlebnis.\",\"breadcrumb\":{\"@id\":\"https:\/\/vapingnet.de\/vape\/nexa-ultra-50k-watermelon-ice-bietet-ihnen-ein-erfrischendes-und-intensives-raucherlebnis\/#breadcrumb\"},\"inLanguage\":\"sk-SK\",\"potentialAction\":[{\"@type\":\"ReadAction\",\"target\":[\"https:\/\/vapingnet.de\/vape\/nexa-ultra-50k-watermelon-ice-bietet-ihnen-ein-erfrischendes-und-intensives-raucherlebnis\/\"]}]},{\"@type\":\"ImageObject\",\"inLanguage\":\"sk-SK\",\"@id\":\"https:\/\/vapingnet.de\/vape\/nexa-ultra-50k-watermelon-ice-bietet-ihnen-ein-erfrischendes-und-intensives-raucherlebnis\/#primaryimage\",\"url\":\"https:\/\/vapingnet.de\/wp-content\/uploads\/2025\/03\/50K_WATERMELON_ICE-1.png\",\"contentUrl\":\"https:\/\/vapingnet.de\/wp-content\/uploads\/2025\/03\/50K_WATERMELON_ICE-1.png\",\"width\":1000,\"height\":1000},{\"@type\":\"BreadcrumbList\",\"@id\":\"https:\/\/vapingnet.de\/vape\/nexa-ultra-50k-watermelon-ice-bietet-ihnen-ein-erfrischendes-und-intensives-raucherlebnis\/#breadcrumb\",\"itemListElement\":[{\"@type\":\"ListItem\",\"position\":1,\"name\":\"Home\",\"item\":\"https:\/\/vapingnet.de\/\"},{\"@type\":\"ListItem\",\"position\":2,\"name\":\"Shop\",\"item\":\"https:\/\/vapingnet.de\/vape\/\"},{\"@type\":\"ListItem\",\"position\":3,\"name\":\"NEXA Ultra 50K Watermelon Ice bietet Ihnen ein erfrischendes und intensives Raucherlebnis.\"}]},{\"@type\":\"WebSite\",\"@id\":\"https:\/\/vapingnet.de\/#website\",\"url\":\"https:\/\/vapingnet.de\/\",\"name\":\"Vapingnet.de\",\"description\":\"\",\"publisher\":{\"@id\":\"https:\/\/vapingnet.de\/#organization\"},\"potentialAction\":[{\"@type\":\"SearchAction\",\"target\":{\"@type\":\"EntryPoint\",\"urlTemplate\":\"https:\/\/vapingnet.de\/?s={search_term_string}\"},\"query-input\":{\"@type\":\"PropertyValueSpecification\",\"valueRequired\":true,\"valueName\":\"search_term_string\"}}],\"inLanguage\":\"sk-SK\"},{\"@type\":\"Organization\",\"@id\":\"https:\/\/vapingnet.de\/#organization\",\"name\":\"Vapingnet.de\",\"url\":\"https:\/\/vapingnet.de\/\",\"logo\":{\"@type\":\"ImageObject\",\"inLanguage\":\"sk-SK\",\"@id\":\"https:\/\/vapingnet.de\/#\/schema\/logo\/image\/\",\"url\":\"https:\/\/vapingnet.de\/wp-content\/uploads\/2025\/03\/cropped-vapingnet.de_.jpg\",\"contentUrl\":\"https:\/\/vapingnet.de\/wp-content\/uploads\/2025\/03\/cropped-vapingnet.de_.jpg\",\"width\":512,\"height\":512,\"caption\":\"Vapingnet.de\"},\"image\":{\"@id\":\"https:\/\/vapingnet.de\/#\/schema\/logo\/image\/\"},\"sameAs\":[\"https:\/\/www.facebook.com\/vapingnetde\/\"]}]}<\/script>\n<!-- \/ Yoast SEO plugin. -->","yoast_head_json":{"title":"NEXA Ultra 50K Watermelon Ice bietet Ihnen ein erfrischendes und intensives Raucherlebnis. | Vapingnet.de","description":"NEXA Ultra 50K Watermelon Ice kombiniert saftige Wassermelone mit einer eisigen Frische f\u00fcr ein erfrischendes und intensives Dampferlebnis.","robots":{"index":"index","follow":"follow","max-snippet":"max-snippet:-1","max-image-preview":"max-image-preview:large","max-video-preview":"max-video-preview:-1"},"canonical":"https:\/\/vapingnet.de\/sk\/vape\/nexa-ultra-50k-watermelon-ice-bietet-ihnen-ein-erfrischendes-und-intensives-raucherlebnis\/","og_locale":"sk_SK","og_type":"article","og_title":"NEXA Ultra 50K Watermelon Ice bietet Ihnen ein erfrischendes und intensives Raucherlebnis. | Vapingnet.de","og_description":"NEXA Ultra 50K Watermelon Ice kombiniert saftige Wassermelone mit einer eisigen Frische f\u00fcr ein erfrischendes und intensives Dampferlebnis.","og_url":"https:\/\/vapingnet.de\/sk\/vape\/nexa-ultra-50k-watermelon-ice-bietet-ihnen-ein-erfrischendes-und-intensives-raucherlebnis\/","og_site_name":"Vapingnet.de","article_publisher":"https:\/\/www.facebook.com\/vapingnetde\/","article_modified_time":"2026-04-14T06:41:05+00:00","og_image":[{"width":1000,"height":1000,"url":"https:\/\/vapingnet.de\/wp-content\/uploads\/2025\/03\/50K_WATERMELON_ICE-1.png","type":"image\/png"}],"twitter_card":"summary_large_image","twitter_misc":{"Est. reading time":"4 minutes"},"schema":{"@context":"https:\/\/schema.org","@graph":[{"@type":"WebPage","@id":"https:\/\/vapingnet.de\/vape\/nexa-ultra-50k-watermelon-ice-bietet-ihnen-ein-erfrischendes-und-intensives-raucherlebnis\/","url":"https:\/\/vapingnet.de\/vape\/nexa-ultra-50k-watermelon-ice-bietet-ihnen-ein-erfrischendes-und-intensives-raucherlebnis\/","name":"NEXA Ultra 50K Watermelon Ice bietet Ihnen ein erfrischendes und intensives Raucherlebnis. | Vapingnet.de","isPartOf":{"@id":"https:\/\/vapingnet.de\/#website"},"primaryImageOfPage":{"@id":"https:\/\/vapingnet.de\/vape\/nexa-ultra-50k-watermelon-ice-bietet-ihnen-ein-erfrischendes-und-intensives-raucherlebnis\/#primaryimage"},"image":{"@id":"https:\/\/vapingnet.de\/vape\/nexa-ultra-50k-watermelon-ice-bietet-ihnen-ein-erfrischendes-und-intensives-raucherlebnis\/#primaryimage"},"thumbnailUrl":"https:\/\/vapingnet.de\/wp-content\/uploads\/2025\/03\/50K_WATERMELON_ICE-1.png","datePublished":"2025-03-19T05:38:34+00:00","dateModified":"2026-04-14T06:41:05+00:00","description":"NEXA Ultra 50K Watermelon Ice kombiniert saftige Wassermelone mit einer eisigen Frische f\u00fcr ein erfrischendes und intensives Dampferlebnis.","breadcrumb":{"@id":"https:\/\/vapingnet.de\/vape\/nexa-ultra-50k-watermelon-ice-bietet-ihnen-ein-erfrischendes-und-intensives-raucherlebnis\/#breadcrumb"},"inLanguage":"sk-SK","potentialAction":[{"@type":"ReadAction","target":["https:\/\/vapingnet.de\/vape\/nexa-ultra-50k-watermelon-ice-bietet-ihnen-ein-erfrischendes-und-intensives-raucherlebnis\/"]}]},{"@type":"ImageObject","inLanguage":"sk-SK","@id":"https:\/\/vapingnet.de\/vape\/nexa-ultra-50k-watermelon-ice-bietet-ihnen-ein-erfrischendes-und-intensives-raucherlebnis\/#primaryimage","url":"https:\/\/vapingnet.de\/wp-content\/uploads\/2025\/03\/50K_WATERMELON_ICE-1.png","contentUrl":"https:\/\/vapingnet.de\/wp-content\/uploads\/2025\/03\/50K_WATERMELON_ICE-1.png","width":1000,"height":1000},{"@type":"BreadcrumbList","@id":"https:\/\/vapingnet.de\/vape\/nexa-ultra-50k-watermelon-ice-bietet-ihnen-ein-erfrischendes-und-intensives-raucherlebnis\/#breadcrumb","itemListElement":[{"@type":"ListItem","position":1,"name":"Home","item":"https:\/\/vapingnet.de\/"},{"@type":"ListItem","position":2,"name":"Shop","item":"https:\/\/vapingnet.de\/vape\/"},{"@type":"ListItem","position":3,"name":"NEXA Ultra 50K Watermelon Ice bietet Ihnen ein erfrischendes und intensives Raucherlebnis."}]},{"@type":"WebSite","@id":"https:\/\/vapingnet.de\/#website","url":"https:\/\/vapingnet.de\/","name":"Vapingnet.de","description":"","publisher":{"@id":"https:\/\/vapingnet.de\/#organization"},"potentialAction":[{"@type":"SearchAction","target":{"@type":"EntryPoint","urlTemplate":"https:\/\/vapingnet.de\/?s={search_term_string}"},"query-input":{"@type":"PropertyValueSpecification","valueRequired":true,"valueName":"search_term_string"}}],"inLanguage":"sk-SK"},{"@type":"Organization","@id":"https:\/\/vapingnet.de\/#organization","name":"Vapingnet.de","url":"https:\/\/vapingnet.de\/","logo":{"@type":"ImageObject","inLanguage":"sk-SK","@id":"https:\/\/vapingnet.de\/#\/schema\/logo\/image\/","url":"https:\/\/vapingnet.de\/wp-content\/uploads\/2025\/03\/cropped-vapingnet.de_.jpg","contentUrl":"https:\/\/vapingnet.de\/wp-content\/uploads\/2025\/03\/cropped-vapingnet.de_.jpg","width":512,"height":512,"caption":"Vapingnet.de"},"image":{"@id":"https:\/\/vapingnet.de\/#\/schema\/logo\/image\/"},"sameAs":["https:\/\/www.facebook.com\/vapingnetde\/"]}]}},"tiered_pricing_type":"fixed","tiered_pricing_fixed_rules":[],"tiered_pricing_product_settings":{"layout":"default","base_unit_name":{"singular":null,"plural":null},"default_variation":null},"tiered_pricing_minimum_quantity":null,"tiered_pricing_roles_data":[],"tiered_pricing_percentage_rules":[],"_links":{"self":[{"href":"https:\/\/vapingnet.de\/sk\/wp-json\/wp\/v2\/product\/5751","targetHints":{"allow":["GET"]}}],"collection":[{"href":"https:\/\/vapingnet.de\/sk\/wp-json\/wp\/v2\/product"}],"about":[{"href":"https:\/\/vapingnet.de\/sk\/wp-json\/wp\/v2\/types\/product"}],"version-history":[{"count":1,"href":"https:\/\/vapingnet.de\/sk\/wp-json\/wp\/v2\/product\/5751\/revisions"}],"predecessor-version":[{"id":5771,"href":"https:\/\/vapingnet.de\/sk\/wp-json\/wp\/v2\/product\/5751\/revisions\/5771"}],"wp:featuredmedia":[{"embeddable":true,"href":"https:\/\/vapingnet.de\/sk\/wp-json\/wp\/v2\/media\/5722"}],"wp:attachment":[{"href":"https:\/\/vapingnet.de\/sk\/wp-json\/wp\/v2\/media?parent=5751"}],"wp:term":[{"taxonomy":"brand","embeddable":true,"href":"https:\/\/vapingnet.de\/sk\/wp-json\/wp\/v2\/etheme_brands?post=5751"},{"taxonomy":"product_brand","embeddable":true,"href":"https:\/\/vapingnet.de\/sk\/wp-json\/wp\/v2\/product_brand?post=5751"},{"taxonomy":"product_cat","embeddable":true,"href":"https:\/\/vapingnet.de\/sk\/wp-json\/wp\/v2\/product_cat?post=5751"},{"taxonomy":"product_tag","embeddable":true,"href":"https:\/\/vapingnet.de\/sk\/wp-json\/wp\/v2\/product_tag?post=5751"}],"curies":[{"name":"wp","href":"https:\/\/api.w.org\/{rel}","templated":true}]}}