{"id":5808,"date":"2025-03-24T03:07:38","date_gmt":"2025-03-24T03:07:38","guid":{"rendered":"https:\/\/vapingnet.de\/?post_type=product&#038;p=5808"},"modified":"2026-01-25T09:17:39","modified_gmt":"2026-01-25T09:17:39","slug":"erlebe-bang-king-50000-puffs-watermelon-blueberry-cherry-mit-doppeltem","status":"publish","type":"product","link":"https:\/\/vapingnet.de\/sk\/vape\/erlebe-bang-king-50000-puffs-watermelon-blueberry-cherry-mit-doppeltem\/","title":{"rendered":"Za\u017eite Bang King 50000 potiahnut\u00ed Watermelon &amp; Blueberry Cherry s dvojit\u00fdm"},"content":{"rendered":"<h2 data-start=\"0\" data-end=\"78\">Bang King 50000 Puff Jednorazov\u00e1 e-cigareta \u2013 Nov\u00fd z\u00e1\u017eitok pre teba<\/h2>\n<p class=\"\" data-start=\"80\" data-end=\"445\">V oblasti e-cigariet kombinuje Bang King 50000 Puff Jednorazov\u00e1 e-cigareta inov\u00e1cie a v\u00fdkon a pon\u00faka pou\u017e\u00edvate\u013eom mimoriadny z\u00e1\u017eitok. Od p\u00f4sobivej \u017eivotnosti po jedine\u010dn\u00fd dvojit\u00fd dizajn chuti, t\u00e1to e-cigareta poskytuje pou\u017e\u00edvate\u013eom maxim\u00e1lny z\u00e1\u017eitok z h\u013eadiska chuti, vzh\u013eadu a funk\u010dnosti.<\/p>\n<ul>\n<li data-start=\"447\" data-end=\"495\">Extr\u00e9mne dlh\u00e1 \u017eivotnos\u0165 \u2013 50000 potiahnut\u00ed<br \/>\n\u0160peci\u00e1lnos\u0165ou Bang King Jednorazovej e-cigarety je jej \u017eivotnos\u0165 50000 potiahnut\u00ed, \u010do je na trhu ve\u013emi zriedkav\u00e9. \u010ci u\u017e v be\u017enom dni alebo na cest\u00e1ch, t\u00e1to e-cigareta \u0165a bude sprev\u00e1dza\u0165 dlh\u0161\u00ed \u010das, bez toho aby si ju musel \u010dasto meni\u0165, \u010do ti umo\u017en\u00ed bezstarostn\u00e9 pou\u017e\u00edvanie a minimalizuje v\u00fdmenu a spotrebu.<\/li>\n<li data-start=\"858\" data-end=\"935\">Technol\u00f3gia mesh cievky \u2013 K\u013e\u00fa\u010d k lep\u0161ej chuti<br \/>\nS 1,0 Ohmovou mesh cievkou zabezpe\u010duje Bang King e-cigareta rovnomern\u00e9 a efekt\u00edvne zahrievanie e-liquidu, \u010do vedie k hust\u00e9mu dymu a intenz\u00edvnej chuti. \u010ci u\u017e ide o osvie\u017euj\u00facu vodn\u00fa mel\u00f3nov\u00fa chu\u0165 alebo pln\u00fa chu\u0165 bor\u016fvky s \u010dere\u0161\u0148ou, technol\u00f3gia mesh cievky zabezpe\u010duje, \u017ee obe chute s\u00fa dokonale vynikaj\u00face, pri\u010dom ka\u017ed\u00fd pot je nezabudnute\u013en\u00fd z\u00e1\u017eitok.<\/li>\n<li data-start=\"1393\" data-end=\"1445\">Dvojit\u00e1 chu\u0165 \u2013 Viacero z\u00e1\u017eitkov<br \/>\n\u010eal\u0161\u00edm vynikaj\u00facim znakom Bang King e-cigarety je jej dvojit\u00e1 chu\u0165. M\u00f4\u017ee\u0161 si s\u00fa\u010dasne vychutn\u00e1va\u0165 vodn\u00fa mel\u00f3nov\u00fa a bor\u016fvkov\u00fa \u010dere\u0161\u0148ov\u00fa chu\u0165, \u010do ti poskytuje rozmanit\u00fd z\u00e1\u017eitok z chuti. Ka\u017ed\u00fd pot prin\u00e1\u0161a nov\u00fd z\u00e1\u017eitok, ktor\u00fd kombinuje svie\u017ee a sladk\u00e9 ar\u00f3my.<\/li>\n<li data-start=\"1792\" data-end=\"1859\">Efekt\u00edvne nab\u00edjanie \u2013 Bat\u00e9ria 850mAh a USB-C port<br \/>\nBang King e-cigareta m\u00e1 ve\u013ek\u00fa bat\u00e9riu 850mAh, ktor\u00e1 zaru\u010duje dlhodob\u00e9 pou\u017e\u00edvanie, a USB-C port pre r\u00fdchle nab\u00edjanie. Aj pri intenz\u00edvnom pou\u017e\u00edvan\u00ed zost\u00e1va bat\u00e9ria dlho funk\u010dn\u00e1 a r\u00fdchly nab\u00edjac\u00ed port zabezpe\u010duje, \u017ee nebude\u0161 musie\u0165 dlho \u010daka\u0165 na nabitie.<\/li>\n<li data-start=\"2192\" data-end=\"2243\">LCD displej \u2013 Zobrazenie stavu bat\u00e9rie v re\u00e1lnom \u010dase<br \/>\nE-cigareta je vybaven\u00e1 LCD displejom, ktor\u00fd ti kedyko\u013evek uk\u00e1\u017ee aktu\u00e1lny stav bat\u00e9rie. Tak si m\u00f4\u017ee\u0161 by\u0165 ist\u00fd, \u017ee bat\u00e9ria je v\u017edy dostato\u010dne nabit\u00e1 a nikdy nebude\u0161 bez energie. T\u00fdmto sp\u00f4sobom je pou\u017e\u00edvanie e-cigarety v\u017edy plynul\u00e9 a pohodln\u00e9.<\/li>\n<li data-start=\"2550\" data-end=\"2598\">Bezcoln\u00fd n\u00e1kup \u2013 Pohodln\u00fd n\u00e1kup<br \/>\nAk si k\u00fapi\u0161 Bang King 50000 Puff Jednorazov\u00fa e-cigaretu cez vapingnet.de, m\u00f4\u017ee\u0161 vyu\u017ei\u0165 bezcoln\u00fd n\u00e1kup, \u010do tvoj n\u00e1kup e\u0161te viac zjednodu\u0161\u00ed a zn\u00ed\u017ei n\u00e1klady. Doba doru\u010denia je pribli\u017ene 7-15 pracovn\u00fdch dn\u00ed a v porovnan\u00ed s in\u00fdmi zna\u010dkami je doru\u010denie r\u00fdchlej\u0161ie, tak\u017ee nebude\u0161 musie\u0165 dlho \u010daka\u0165 na svoj produkt.<\/li>\n<li data-start=\"2957\" data-end=\"3014\">R\u00f4zne \u00farovne nikot\u00ednu \u2013 Pre ka\u017ed\u00e9 potreby<br \/>\nBang King e-cigareta pon\u00faka r\u00f4zne \u00farovne nikot\u00ednu: 0%, 2%, 3%, 5%, tak\u017ee si ka\u017ed\u00fd n\u00e1jde svoju. \u010ci u\u017e preferuje\u0161 \u013eahk\u00e9 faj\u010denie alebo intenz\u00edvnej\u0161\u00ed nikot\u00ednov\u00fd z\u00e1\u017eitok, m\u00f4\u017ee\u0161 si vybra\u0165 vhodn\u00fa \u00farove\u0148 nikot\u00ednu a prisp\u00f4sobi\u0165 si svoju osobn\u00fa sk\u00fasenos\u0165 s vapovan\u00edm.<\/li>\n<\/ul>\n<h3 data-start=\"3361\" data-end=\"3371\">Pre\u010do je Bang King 50000 Puff Jednorazov\u00e1 e-cigareta tou spr\u00e1vnou vo\u013ebou pre teba<\/h3>\n<p class=\"\" data-start=\"3373\" data-end=\"3880\">Bang King 50000 Puff Jednorazov\u00e1 e-cigareta presvied\u010da svojou dlhodobou \u017eivotnos\u0165ou, pokro\u010dilou technol\u00f3giou mesh cievky, praktick\u00fdmi funkciami nab\u00edjania, jedine\u010dnou dvojitou chu\u0165ou a LCD displejom na zobrazenie stavu bat\u00e9rie. Ak h\u013ead\u00e1\u0161 odoln\u00fa a v\u00fdkonn\u00fa e-cigaretu, ktor\u00e1 ti poskytne jedine\u010dn\u00fd vapovac\u00ed z\u00e1\u017eitok, Bang King 50000 Puff je ur\u010dite spr\u00e1vnou vo\u013ebou pre teba. Nav\u0161t\u00edv teraz vapingnet.de a za\u017ei maxim\u00e1lne vapovanie!<\/p>","protected":false},"excerpt":{"rendered":"<p>Bang King 50000 Puff jednorazov\u00e1 e-cigareta \u2013 Nov\u00fd z\u00e1\u017eitok z faj\u010denia pre teba V oblasti e-cigariet Bang King 50000 Puff jednorazov\u00e1 e-cigareta kombinuje inov\u00e1cie...<\/p>","protected":false},"featured_media":5809,"template":"","meta":[],"etheme_brands":[],"product_brand":[101],"product_cat":[67,49,61,87],"product_tag":[],"class_list":{"0":"post-5808","1":"product","2":"type-product","3":"status-publish","4":"has-post-thumbnail","6":"product_brand-bang-king-vape","7":"product_cat-50k-vape","8":"product_cat-einweg-e-zigarette","9":"product_cat-f","10":"product_cat-v","12":"first","13":"instock","14":"shipping-taxable","15":"purchasable","16":"product-type-simple"},"yoast_head":"<!-- This site is optimized with the Yoast SEO plugin v26.5 - https:\/\/yoast.com\/wordpress\/plugins\/seo\/ -->\n<title>Erlebe Bang King 50000 Puffs Watermelon &amp; Blueberry Cherry mit doppeltem | Vapingnet.de<\/title>\n<meta name=\"description\" content=\"Entdecke Erlebe Bang King 50000 Puffs Watermelon &amp; Blueberry Cherry mit doppeltem bei vapingnet.de, \u25ba Gro\u00dfe Auswahl an Geschmacksrichtungen &amp; super g\u00fcnstig!\" \/>\n<meta name=\"robots\" content=\"index, follow, max-snippet:-1, max-image-preview:large, max-video-preview:-1\" \/>\n<link rel=\"canonical\" href=\"https:\/\/vapingnet.de\/sk\/vape\/erlebe-bang-king-50000-puffs-watermelon-blueberry-cherry-mit-doppeltem\/\" \/>\n<meta property=\"og:locale\" content=\"sk_SK\" \/>\n<meta property=\"og:type\" content=\"article\" \/>\n<meta property=\"og:title\" content=\"Erlebe Bang King 50000 Puffs Watermelon &amp; Blueberry Cherry mit doppeltem | Vapingnet.de\" \/>\n<meta property=\"og:description\" content=\"Entdecke Erlebe Bang King 50000 Puffs Watermelon &amp; Blueberry Cherry mit doppeltem bei vapingnet.de, \u25ba Gro\u00dfe Auswahl an Geschmacksrichtungen &amp; super g\u00fcnstig!\" \/>\n<meta property=\"og:url\" content=\"https:\/\/vapingnet.de\/sk\/vape\/erlebe-bang-king-50000-puffs-watermelon-blueberry-cherry-mit-doppeltem\/\" \/>\n<meta property=\"og:site_name\" content=\"Vapingnet.de\" \/>\n<meta property=\"article:publisher\" content=\"https:\/\/www.facebook.com\/vapingnetde\/\" \/>\n<meta property=\"article:modified_time\" content=\"2026-01-25T09:17:39+00:00\" \/>\n<meta property=\"og:image\" content=\"https:\/\/vapingnet.de\/wp-content\/uploads\/2025\/03\/bang50k-watermelon-und-blueberry-cherry.png\" \/>\n\t<meta property=\"og:image:width\" content=\"1000\" \/>\n\t<meta property=\"og:image:height\" content=\"1000\" \/>\n\t<meta property=\"og:image:type\" content=\"image\/png\" \/>\n<meta name=\"twitter:card\" content=\"summary_large_image\" \/>\n<meta name=\"twitter:label1\" content=\"Est. reading time\" \/>\n\t<meta name=\"twitter:data1\" content=\"4 minutes\" \/>\n<script type=\"application\/ld+json\" class=\"yoast-schema-graph\">{\"@context\":\"https:\/\/schema.org\",\"@graph\":[{\"@type\":\"WebPage\",\"@id\":\"https:\/\/vapingnet.de\/vape\/erlebe-bang-king-50000-puffs-watermelon-blueberry-cherry-mit-doppeltem\/\",\"url\":\"https:\/\/vapingnet.de\/vape\/erlebe-bang-king-50000-puffs-watermelon-blueberry-cherry-mit-doppeltem\/\",\"name\":\"Erlebe Bang King 50000 Puffs Watermelon & Blueberry Cherry mit doppeltem | Vapingnet.de\",\"isPartOf\":{\"@id\":\"https:\/\/vapingnet.de\/#website\"},\"primaryImageOfPage\":{\"@id\":\"https:\/\/vapingnet.de\/vape\/erlebe-bang-king-50000-puffs-watermelon-blueberry-cherry-mit-doppeltem\/#primaryimage\"},\"image\":{\"@id\":\"https:\/\/vapingnet.de\/vape\/erlebe-bang-king-50000-puffs-watermelon-blueberry-cherry-mit-doppeltem\/#primaryimage\"},\"thumbnailUrl\":\"https:\/\/vapingnet.de\/wp-content\/uploads\/2025\/03\/bang50k-watermelon-und-blueberry-cherry.png\",\"datePublished\":\"2025-03-24T03:07:38+00:00\",\"dateModified\":\"2026-01-25T09:17:39+00:00\",\"description\":\"Entdecke Erlebe Bang King 50000 Puffs Watermelon & Blueberry Cherry mit doppeltem bei vapingnet.de, \u25ba Gro\u00dfe Auswahl an Geschmacksrichtungen & super g\u00fcnstig!\",\"breadcrumb\":{\"@id\":\"https:\/\/vapingnet.de\/vape\/erlebe-bang-king-50000-puffs-watermelon-blueberry-cherry-mit-doppeltem\/#breadcrumb\"},\"inLanguage\":\"sk-SK\",\"potentialAction\":[{\"@type\":\"ReadAction\",\"target\":[\"https:\/\/vapingnet.de\/vape\/erlebe-bang-king-50000-puffs-watermelon-blueberry-cherry-mit-doppeltem\/\"]}]},{\"@type\":\"ImageObject\",\"inLanguage\":\"sk-SK\",\"@id\":\"https:\/\/vapingnet.de\/vape\/erlebe-bang-king-50000-puffs-watermelon-blueberry-cherry-mit-doppeltem\/#primaryimage\",\"url\":\"https:\/\/vapingnet.de\/wp-content\/uploads\/2025\/03\/bang50k-watermelon-und-blueberry-cherry.png\",\"contentUrl\":\"https:\/\/vapingnet.de\/wp-content\/uploads\/2025\/03\/bang50k-watermelon-und-blueberry-cherry.png\",\"width\":1000,\"height\":1000,\"caption\":\"bang50k-watermelon und blueberry cherry\"},{\"@type\":\"BreadcrumbList\",\"@id\":\"https:\/\/vapingnet.de\/vape\/erlebe-bang-king-50000-puffs-watermelon-blueberry-cherry-mit-doppeltem\/#breadcrumb\",\"itemListElement\":[{\"@type\":\"ListItem\",\"position\":1,\"name\":\"Home\",\"item\":\"https:\/\/vapingnet.de\/\"},{\"@type\":\"ListItem\",\"position\":2,\"name\":\"Shop\",\"item\":\"https:\/\/vapingnet.de\/vape\/\"},{\"@type\":\"ListItem\",\"position\":3,\"name\":\"Erlebe Bang King 50000 Puffs Watermelon &#038; Blueberry Cherry mit doppeltem\"}]},{\"@type\":\"WebSite\",\"@id\":\"https:\/\/vapingnet.de\/#website\",\"url\":\"https:\/\/vapingnet.de\/\",\"name\":\"Vapingnet.de\",\"description\":\"\",\"publisher\":{\"@id\":\"https:\/\/vapingnet.de\/#organization\"},\"potentialAction\":[{\"@type\":\"SearchAction\",\"target\":{\"@type\":\"EntryPoint\",\"urlTemplate\":\"https:\/\/vapingnet.de\/?s={search_term_string}\"},\"query-input\":{\"@type\":\"PropertyValueSpecification\",\"valueRequired\":true,\"valueName\":\"search_term_string\"}}],\"inLanguage\":\"sk-SK\"},{\"@type\":\"Organization\",\"@id\":\"https:\/\/vapingnet.de\/#organization\",\"name\":\"Vapingnet.de\",\"url\":\"https:\/\/vapingnet.de\/\",\"logo\":{\"@type\":\"ImageObject\",\"inLanguage\":\"sk-SK\",\"@id\":\"https:\/\/vapingnet.de\/#\/schema\/logo\/image\/\",\"url\":\"https:\/\/vapingnet.de\/wp-content\/uploads\/2025\/03\/cropped-vapingnet.de_.jpg\",\"contentUrl\":\"https:\/\/vapingnet.de\/wp-content\/uploads\/2025\/03\/cropped-vapingnet.de_.jpg\",\"width\":512,\"height\":512,\"caption\":\"Vapingnet.de\"},\"image\":{\"@id\":\"https:\/\/vapingnet.de\/#\/schema\/logo\/image\/\"},\"sameAs\":[\"https:\/\/www.facebook.com\/vapingnetde\/\"]}]}<\/script>\n<!-- \/ Yoast SEO plugin. -->","yoast_head_json":{"title":"Erlebe Bang King 50000 Puffs Watermelon & Blueberry Cherry mit doppeltem | Vapingnet.de","description":"Entdecke Erlebe Bang King 50000 Puffs Watermelon & Blueberry Cherry mit doppeltem bei vapingnet.de, \u25ba Gro\u00dfe Auswahl an Geschmacksrichtungen & super g\u00fcnstig!","robots":{"index":"index","follow":"follow","max-snippet":"max-snippet:-1","max-image-preview":"max-image-preview:large","max-video-preview":"max-video-preview:-1"},"canonical":"https:\/\/vapingnet.de\/sk\/vape\/erlebe-bang-king-50000-puffs-watermelon-blueberry-cherry-mit-doppeltem\/","og_locale":"sk_SK","og_type":"article","og_title":"Erlebe Bang King 50000 Puffs Watermelon & Blueberry Cherry mit doppeltem | Vapingnet.de","og_description":"Entdecke Erlebe Bang King 50000 Puffs Watermelon & Blueberry Cherry mit doppeltem bei vapingnet.de, \u25ba Gro\u00dfe Auswahl an Geschmacksrichtungen & super g\u00fcnstig!","og_url":"https:\/\/vapingnet.de\/sk\/vape\/erlebe-bang-king-50000-puffs-watermelon-blueberry-cherry-mit-doppeltem\/","og_site_name":"Vapingnet.de","article_publisher":"https:\/\/www.facebook.com\/vapingnetde\/","article_modified_time":"2026-01-25T09:17:39+00:00","og_image":[{"width":1000,"height":1000,"url":"https:\/\/vapingnet.de\/wp-content\/uploads\/2025\/03\/bang50k-watermelon-und-blueberry-cherry.png","type":"image\/png"}],"twitter_card":"summary_large_image","twitter_misc":{"Est. reading time":"4 minutes"},"schema":{"@context":"https:\/\/schema.org","@graph":[{"@type":"WebPage","@id":"https:\/\/vapingnet.de\/vape\/erlebe-bang-king-50000-puffs-watermelon-blueberry-cherry-mit-doppeltem\/","url":"https:\/\/vapingnet.de\/vape\/erlebe-bang-king-50000-puffs-watermelon-blueberry-cherry-mit-doppeltem\/","name":"Erlebe Bang King 50000 Puffs Watermelon & Blueberry Cherry mit doppeltem | Vapingnet.de","isPartOf":{"@id":"https:\/\/vapingnet.de\/#website"},"primaryImageOfPage":{"@id":"https:\/\/vapingnet.de\/vape\/erlebe-bang-king-50000-puffs-watermelon-blueberry-cherry-mit-doppeltem\/#primaryimage"},"image":{"@id":"https:\/\/vapingnet.de\/vape\/erlebe-bang-king-50000-puffs-watermelon-blueberry-cherry-mit-doppeltem\/#primaryimage"},"thumbnailUrl":"https:\/\/vapingnet.de\/wp-content\/uploads\/2025\/03\/bang50k-watermelon-und-blueberry-cherry.png","datePublished":"2025-03-24T03:07:38+00:00","dateModified":"2026-01-25T09:17:39+00:00","description":"Entdecke Erlebe Bang King 50000 Puffs Watermelon & Blueberry Cherry mit doppeltem bei vapingnet.de, \u25ba Gro\u00dfe Auswahl an Geschmacksrichtungen & super g\u00fcnstig!","breadcrumb":{"@id":"https:\/\/vapingnet.de\/vape\/erlebe-bang-king-50000-puffs-watermelon-blueberry-cherry-mit-doppeltem\/#breadcrumb"},"inLanguage":"sk-SK","potentialAction":[{"@type":"ReadAction","target":["https:\/\/vapingnet.de\/vape\/erlebe-bang-king-50000-puffs-watermelon-blueberry-cherry-mit-doppeltem\/"]}]},{"@type":"ImageObject","inLanguage":"sk-SK","@id":"https:\/\/vapingnet.de\/vape\/erlebe-bang-king-50000-puffs-watermelon-blueberry-cherry-mit-doppeltem\/#primaryimage","url":"https:\/\/vapingnet.de\/wp-content\/uploads\/2025\/03\/bang50k-watermelon-und-blueberry-cherry.png","contentUrl":"https:\/\/vapingnet.de\/wp-content\/uploads\/2025\/03\/bang50k-watermelon-und-blueberry-cherry.png","width":1000,"height":1000,"caption":"bang50k-watermelon und blueberry cherry"},{"@type":"BreadcrumbList","@id":"https:\/\/vapingnet.de\/vape\/erlebe-bang-king-50000-puffs-watermelon-blueberry-cherry-mit-doppeltem\/#breadcrumb","itemListElement":[{"@type":"ListItem","position":1,"name":"Home","item":"https:\/\/vapingnet.de\/"},{"@type":"ListItem","position":2,"name":"Shop","item":"https:\/\/vapingnet.de\/vape\/"},{"@type":"ListItem","position":3,"name":"Erlebe Bang King 50000 Puffs Watermelon &#038; Blueberry Cherry mit doppeltem"}]},{"@type":"WebSite","@id":"https:\/\/vapingnet.de\/#website","url":"https:\/\/vapingnet.de\/","name":"Vapingnet.de","description":"","publisher":{"@id":"https:\/\/vapingnet.de\/#organization"},"potentialAction":[{"@type":"SearchAction","target":{"@type":"EntryPoint","urlTemplate":"https:\/\/vapingnet.de\/?s={search_term_string}"},"query-input":{"@type":"PropertyValueSpecification","valueRequired":true,"valueName":"search_term_string"}}],"inLanguage":"sk-SK"},{"@type":"Organization","@id":"https:\/\/vapingnet.de\/#organization","name":"Vapingnet.de","url":"https:\/\/vapingnet.de\/","logo":{"@type":"ImageObject","inLanguage":"sk-SK","@id":"https:\/\/vapingnet.de\/#\/schema\/logo\/image\/","url":"https:\/\/vapingnet.de\/wp-content\/uploads\/2025\/03\/cropped-vapingnet.de_.jpg","contentUrl":"https:\/\/vapingnet.de\/wp-content\/uploads\/2025\/03\/cropped-vapingnet.de_.jpg","width":512,"height":512,"caption":"Vapingnet.de"},"image":{"@id":"https:\/\/vapingnet.de\/#\/schema\/logo\/image\/"},"sameAs":["https:\/\/www.facebook.com\/vapingnetde\/"]}]}},"tiered_pricing_type":"fixed","tiered_pricing_fixed_rules":{"10":"12.44","60":"11.96","110":"10.63","200":"9.3"},"tiered_pricing_product_settings":{"layout":"default","base_unit_name":{"singular":null,"plural":null},"default_variation":null},"tiered_pricing_minimum_quantity":null,"tiered_pricing_roles_data":[],"tiered_pricing_percentage_rules":[],"_links":{"self":[{"href":"https:\/\/vapingnet.de\/sk\/wp-json\/wp\/v2\/product\/5808","targetHints":{"allow":["GET"]}}],"collection":[{"href":"https:\/\/vapingnet.de\/sk\/wp-json\/wp\/v2\/product"}],"about":[{"href":"https:\/\/vapingnet.de\/sk\/wp-json\/wp\/v2\/types\/product"}],"version-history":[{"count":3,"href":"https:\/\/vapingnet.de\/sk\/wp-json\/wp\/v2\/product\/5808\/revisions"}],"predecessor-version":[{"id":7547,"href":"https:\/\/vapingnet.de\/sk\/wp-json\/wp\/v2\/product\/5808\/revisions\/7547"}],"wp:featuredmedia":[{"embeddable":true,"href":"https:\/\/vapingnet.de\/sk\/wp-json\/wp\/v2\/media\/5809"}],"wp:attachment":[{"href":"https:\/\/vapingnet.de\/sk\/wp-json\/wp\/v2\/media?parent=5808"}],"wp:term":[{"taxonomy":"brand","embeddable":true,"href":"https:\/\/vapingnet.de\/sk\/wp-json\/wp\/v2\/etheme_brands?post=5808"},{"taxonomy":"product_brand","embeddable":true,"href":"https:\/\/vapingnet.de\/sk\/wp-json\/wp\/v2\/product_brand?post=5808"},{"taxonomy":"product_cat","embeddable":true,"href":"https:\/\/vapingnet.de\/sk\/wp-json\/wp\/v2\/product_cat?post=5808"},{"taxonomy":"product_tag","embeddable":true,"href":"https:\/\/vapingnet.de\/sk\/wp-json\/wp\/v2\/product_tag?post=5808"}],"curies":[{"name":"wp","href":"https:\/\/api.w.org\/{rel}","templated":true}]}}