{"id":5812,"date":"2025-03-24T03:17:59","date_gmt":"2025-03-24T03:17:59","guid":{"rendered":"https:\/\/vapingnet.de\/?post_type=product&#038;p=5812"},"modified":"2026-01-25T09:15:59","modified_gmt":"2026-01-25T09:15:59","slug":"duty-free-shopping-bang-king-50000-puffs-blueberry-ice-and-peach-ice-zum-grosshandelspreis","status":"publish","type":"product","link":"https:\/\/vapingnet.de\/sk\/vape\/duty-free-shopping-bang-king-50000-puffs-blueberry-ice-and-peach-ice-zum-grosshandelspreis\/","title":{"rendered":"Duty-Free n\u00e1kupy Bang King 50000 Pufov Blueberry Ice a Peach Ice za ve\u013ekoobchodn\u00fa cenu"},"content":{"rendered":"<h2 data-start=\"98\" data-end=\"171\">Bang King 50000 Puffs \u2013 Maxim\u00e1lny z\u00e1\u017eitok z vapovania s dvojit\u00fdm pr\u00edchu\u0165ou<\/h2>\n<p class=\"\" data-start=\"173\" data-end=\"529\"><strong>Ultim\u00e1lny v\u00fdkon pre skuto\u010dn\u00fdch milovn\u00edkov vapovania<\/strong><\/p>\n<p class=\"\" data-start=\"173\" data-end=\"529\">Bang King 50000 Puffs je ide\u00e1lnou vo\u013ebou pre t\u00fdch, ktor\u00ed h\u013eadaj\u00fa v\u00fdkonn\u00fa, intenz\u00edvnu a dlhotrvaj\u00facu jednorazov\u00fa e-cigaretu. S najmodernej\u0161ou technol\u00f3giou mesh cievky, ve\u013ek\u00fdm z\u00e1sobn\u00edkom na e-liquid a odolnou bat\u00e9riou pon\u00faka tento model nezabudnute\u013en\u00fd z\u00e1\u017eitok z vapovania.<\/p>\n<h4 data-start=\"536\" data-end=\"569\">Preh\u013ead produktov\u00fdch detailov<\/h4>\n<div class=\"overflow-x-auto contain-inline-size\">\n<table style=\"height: 355px;\" width=\"709\" data-start=\"571\" data-end=\"1167\">\n<thead data-start=\"571\" data-end=\"638\">\n<tr data-start=\"571\" data-end=\"638\">\n<th data-start=\"571\" data-end=\"596\">Vlastnos\u0165<\/th>\n<th data-start=\"596\" data-end=\"638\">Detaily<\/th>\n<\/tr>\n<\/thead>\n<tbody data-start=\"706\" data-end=\"1167\">\n<tr data-start=\"706\" data-end=\"771\">\n<td>Maxim\u00e1lny po\u010det \u0165ahov<\/td>\n<td>A\u017e 50 000 potiahnut\u00ed<\/td>\n<\/tr>\n<tr data-start=\"772\" data-end=\"836\">\n<td>Cievka<\/td>\n<td>Mesh cievka 1,0 Ohm<\/td>\n<\/tr>\n<tr data-start=\"837\" data-end=\"902\">\n<td>Kapacita e-liquidu<\/td>\n<td>50 ml<\/td>\n<\/tr>\n<tr data-start=\"903\" data-end=\"968\">\n<td>Siln\u00e1 nikot\u00ednov\u00e1 koncentr\u00e1cia<\/td>\n<td>0% \/ 2% \/ 3% \/ 5%<\/td>\n<\/tr>\n<tr data-start=\"969\" data-end=\"1034\">\n<td>Kapacita bat\u00e9rie<\/td>\n<td>850mAh, dob\u00edjate\u013en\u00e1 cez Typ-C<\/td>\n<\/tr>\n<tr data-start=\"1035\" data-end=\"1099\">\n<td>Displej<\/td>\n<td>LCD digit\u00e1lny displej<\/td>\n<\/tr>\n<tr data-start=\"1100\" data-end=\"1167\">\n<td>chut\u00ed<\/td>\n<td>Blueberry Ice &amp; Peach Ice<\/td>\n<\/tr>\n<\/tbody>\n<\/table>\n<\/div>\n<h3 data-start=\"1174\" data-end=\"1212\">Pre\u010do Bang King 50000 Puffs?<\/h3>\n<p class=\"\" data-start=\"1214\" data-end=\"1747\">\u00a0Extra dlh\u00e9 pou\u017e\u00edvanie \u2013 A\u017e 50 000 \u0165ahov pre mesa\u010dn\u00e9 vapovanie bez dop\u013a\u0148ania alebo v\u00fdmeny.<br data-start=\"1312\" data-end=\"1315\" \/>Intenz\u00edvna chu\u0165 \u2013 Dve osvie\u017euj\u00face pr\u00edchute v jednom zariaden\u00ed: Blueberry Ice pre ovocn\u00fa svie\u017eos\u0165 a Peach Ice pre sladk\u00fa, chladiv\u00fa pozn\u00e1mku.<br data-start=\"1462\" data-end=\"1465\" \/>V\u00fdkonn\u00e1 bat\u00e9ria \u2013 S 850mAh a r\u00fdchlym nab\u00edjan\u00edm cez Typ-C je v\u017edy pripraven\u00e1 na pou\u017eitie.<br data-start=\"1549\" data-end=\"1552\" \/>\u00a0Najmodernej\u0161ia technol\u00f3gia mesh cievky \u2013 Zabezpe\u010duje rovnomern\u00e9 odparovanie a mimoriadne jemn\u00fd z\u00e1\u017eitok z vapovania.<br data-start=\"1669\" data-end=\"1672\" \/>Praktick\u00fd LCD displej \u2013 Zobrazuje stav bat\u00e9rie a po\u010det \u0165ahov v re\u00e1lnom \u010dase.<\/p>\n<h4 data-start=\"1754\" data-end=\"1802\">R\u00fdchle doru\u010denie &amp; bezstarostn\u00fd n\u00e1kup<\/h4>\n<ul data-start=\"1804\" data-end=\"2106\">\n<li class=\"\" data-start=\"1804\" data-end=\"1896\">\n<p class=\"\" data-start=\"1806\" data-end=\"1896\">Doba doru\u010denia: 7-15 pracovn\u00fdch dn\u00ed \u2013 Va\u0161a objedn\u00e1vka bude r\u00fdchlo a spo\u013eahlivo doru\u010den\u00e1.<\/p>\n<\/li>\n<li class=\"\" data-start=\"1897\" data-end=\"1975\">\n<p class=\"\" data-start=\"1899\" data-end=\"1975\">Nakupovanie bez cla \u2013 \u017diadne dodato\u010dn\u00e9 n\u00e1klady alebo skryt\u00e9 poplatky.<\/p>\n<\/li>\n<li class=\"\" data-start=\"1976\" data-end=\"2106\">\n<p class=\"\" data-start=\"1978\" data-end=\"2106\">Jednoduch\u00e1 a bezpe\u010dn\u00e1 objedn\u00e1vka \u2013 Priamo na vapingnet.de a pohodlne doru\u010denie domov.<\/p>\n<\/li>\n<\/ul>\n<h3 data-start=\"2113\" data-end=\"2383\">Objavte teraz Bang King 50000 Puffs!<\/h3>\n<p class=\"\" data-start=\"2113\" data-end=\"2383\">Za\u017eite neporovnate\u013en\u00fa chu\u0165 a najvy\u0161\u0161iu kvalitu \u2013 zabezpe\u010dte si svoju jednorazov\u00fa e-cigaretu Bang King 50000 Puffs na vapingnet.de a vychutnajte si vapovanie na najvy\u0161\u0161ej \u00farovni!<\/p>","protected":false},"excerpt":{"rendered":"<p>Bang King 50000 Pufov \u2013 Maxim\u00e1lny z\u00e1\u017eitok z vapovania s dvojitou chu\u0165ou V\u00fdkonnos\u0165 pre skuto\u010dn\u00fdch milovn\u00edkov vapovania Bang King 50000 Pufov je ide\u00e1lnou vo\u013ebou pre...<\/p>","protected":false},"featured_media":5819,"template":"","meta":[],"etheme_brands":[],"product_brand":[101],"product_cat":[67,49,61,87],"product_tag":[],"class_list":{"0":"post-5812","1":"product","2":"type-product","3":"status-publish","4":"has-post-thumbnail","6":"product_brand-bang-king-vape","7":"product_cat-50k-vape","8":"product_cat-einweg-e-zigarette","9":"product_cat-f","10":"product_cat-v","12":"first","13":"instock","14":"shipping-taxable","15":"purchasable","16":"product-type-simple"},"yoast_head":"<!-- This site is optimized with the Yoast SEO plugin v26.5 - https:\/\/yoast.com\/wordpress\/plugins\/seo\/ -->\n<title>Duty-Free Shopping Bang King 50000 Puffs Blueberry Ice and Peach Ice zum Gro\u00dfhandelspreis | Vapingnet.de<\/title>\n<meta name=\"description\" content=\"Entdecke Duty-Free Shopping Bang King 50000 Puffs Blueberry Ice and Peach Ice zum Gro\u00dfhandelspreis bei vapingnet.de, \u25ba Gro\u00dfe Auswahl an Geschmacksrichtungen &amp; super g\u00fcnstig!\" \/>\n<meta name=\"robots\" content=\"index, follow, max-snippet:-1, max-image-preview:large, max-video-preview:-1\" \/>\n<link rel=\"canonical\" href=\"https:\/\/vapingnet.de\/sk\/vape\/duty-free-shopping-bang-king-50000-puffs-blueberry-ice-and-peach-ice-zum-grosshandelspreis\/\" \/>\n<meta property=\"og:locale\" content=\"sk_SK\" \/>\n<meta property=\"og:type\" content=\"article\" \/>\n<meta property=\"og:title\" content=\"Duty-Free Shopping Bang King 50000 Puffs Blueberry Ice and Peach Ice zum Gro\u00dfhandelspreis | Vapingnet.de\" \/>\n<meta property=\"og:description\" content=\"Entdecke Duty-Free Shopping Bang King 50000 Puffs Blueberry Ice and Peach Ice zum Gro\u00dfhandelspreis bei vapingnet.de, \u25ba Gro\u00dfe Auswahl an Geschmacksrichtungen &amp; super g\u00fcnstig!\" \/>\n<meta property=\"og:url\" content=\"https:\/\/vapingnet.de\/sk\/vape\/duty-free-shopping-bang-king-50000-puffs-blueberry-ice-and-peach-ice-zum-grosshandelspreis\/\" \/>\n<meta property=\"og:site_name\" content=\"Vapingnet.de\" \/>\n<meta property=\"article:publisher\" content=\"https:\/\/www.facebook.com\/vapingnetde\/\" \/>\n<meta property=\"article:modified_time\" content=\"2026-01-25T09:15:59+00:00\" \/>\n<meta property=\"og:image\" content=\"https:\/\/vapingnet.de\/wp-content\/uploads\/2025\/03\/blueberry-ice-und-peach-ice.png\" \/>\n\t<meta property=\"og:image:width\" content=\"1000\" \/>\n\t<meta property=\"og:image:height\" content=\"1000\" \/>\n\t<meta property=\"og:image:type\" content=\"image\/png\" \/>\n<meta name=\"twitter:card\" content=\"summary_large_image\" \/>\n<meta name=\"twitter:label1\" content=\"Est. reading time\" \/>\n\t<meta name=\"twitter:data1\" content=\"2 minutes\" \/>\n<script type=\"application\/ld+json\" class=\"yoast-schema-graph\">{\"@context\":\"https:\/\/schema.org\",\"@graph\":[{\"@type\":\"WebPage\",\"@id\":\"https:\/\/vapingnet.de\/vape\/duty-free-shopping-bang-king-50000-puffs-blueberry-ice-and-peach-ice-zum-grosshandelspreis\/\",\"url\":\"https:\/\/vapingnet.de\/vape\/duty-free-shopping-bang-king-50000-puffs-blueberry-ice-and-peach-ice-zum-grosshandelspreis\/\",\"name\":\"Duty-Free Shopping Bang King 50000 Puffs Blueberry Ice and Peach Ice zum Gro\u00dfhandelspreis | Vapingnet.de\",\"isPartOf\":{\"@id\":\"https:\/\/vapingnet.de\/#website\"},\"primaryImageOfPage\":{\"@id\":\"https:\/\/vapingnet.de\/vape\/duty-free-shopping-bang-king-50000-puffs-blueberry-ice-and-peach-ice-zum-grosshandelspreis\/#primaryimage\"},\"image\":{\"@id\":\"https:\/\/vapingnet.de\/vape\/duty-free-shopping-bang-king-50000-puffs-blueberry-ice-and-peach-ice-zum-grosshandelspreis\/#primaryimage\"},\"thumbnailUrl\":\"https:\/\/vapingnet.de\/wp-content\/uploads\/2025\/03\/blueberry-ice-und-peach-ice.png\",\"datePublished\":\"2025-03-24T03:17:59+00:00\",\"dateModified\":\"2026-01-25T09:15:59+00:00\",\"description\":\"Entdecke Duty-Free Shopping Bang King 50000 Puffs Blueberry Ice and Peach Ice zum Gro\u00dfhandelspreis bei vapingnet.de, \u25ba Gro\u00dfe Auswahl an Geschmacksrichtungen & super g\u00fcnstig!\",\"breadcrumb\":{\"@id\":\"https:\/\/vapingnet.de\/vape\/duty-free-shopping-bang-king-50000-puffs-blueberry-ice-and-peach-ice-zum-grosshandelspreis\/#breadcrumb\"},\"inLanguage\":\"sk-SK\",\"potentialAction\":[{\"@type\":\"ReadAction\",\"target\":[\"https:\/\/vapingnet.de\/vape\/duty-free-shopping-bang-king-50000-puffs-blueberry-ice-and-peach-ice-zum-grosshandelspreis\/\"]}]},{\"@type\":\"ImageObject\",\"inLanguage\":\"sk-SK\",\"@id\":\"https:\/\/vapingnet.de\/vape\/duty-free-shopping-bang-king-50000-puffs-blueberry-ice-and-peach-ice-zum-grosshandelspreis\/#primaryimage\",\"url\":\"https:\/\/vapingnet.de\/wp-content\/uploads\/2025\/03\/blueberry-ice-und-peach-ice.png\",\"contentUrl\":\"https:\/\/vapingnet.de\/wp-content\/uploads\/2025\/03\/blueberry-ice-und-peach-ice.png\",\"width\":1000,\"height\":1000,\"caption\":\"blueberry ice und peach ice\"},{\"@type\":\"BreadcrumbList\",\"@id\":\"https:\/\/vapingnet.de\/vape\/duty-free-shopping-bang-king-50000-puffs-blueberry-ice-and-peach-ice-zum-grosshandelspreis\/#breadcrumb\",\"itemListElement\":[{\"@type\":\"ListItem\",\"position\":1,\"name\":\"Home\",\"item\":\"https:\/\/vapingnet.de\/\"},{\"@type\":\"ListItem\",\"position\":2,\"name\":\"Shop\",\"item\":\"https:\/\/vapingnet.de\/vape\/\"},{\"@type\":\"ListItem\",\"position\":3,\"name\":\"Duty-Free Shopping Bang King 50000 Puffs Blueberry Ice and Peach Ice zum Gro\u00dfhandelspreis\"}]},{\"@type\":\"WebSite\",\"@id\":\"https:\/\/vapingnet.de\/#website\",\"url\":\"https:\/\/vapingnet.de\/\",\"name\":\"Vapingnet.de\",\"description\":\"\",\"publisher\":{\"@id\":\"https:\/\/vapingnet.de\/#organization\"},\"potentialAction\":[{\"@type\":\"SearchAction\",\"target\":{\"@type\":\"EntryPoint\",\"urlTemplate\":\"https:\/\/vapingnet.de\/?s={search_term_string}\"},\"query-input\":{\"@type\":\"PropertyValueSpecification\",\"valueRequired\":true,\"valueName\":\"search_term_string\"}}],\"inLanguage\":\"sk-SK\"},{\"@type\":\"Organization\",\"@id\":\"https:\/\/vapingnet.de\/#organization\",\"name\":\"Vapingnet.de\",\"url\":\"https:\/\/vapingnet.de\/\",\"logo\":{\"@type\":\"ImageObject\",\"inLanguage\":\"sk-SK\",\"@id\":\"https:\/\/vapingnet.de\/#\/schema\/logo\/image\/\",\"url\":\"https:\/\/vapingnet.de\/wp-content\/uploads\/2025\/03\/cropped-vapingnet.de_.jpg\",\"contentUrl\":\"https:\/\/vapingnet.de\/wp-content\/uploads\/2025\/03\/cropped-vapingnet.de_.jpg\",\"width\":512,\"height\":512,\"caption\":\"Vapingnet.de\"},\"image\":{\"@id\":\"https:\/\/vapingnet.de\/#\/schema\/logo\/image\/\"},\"sameAs\":[\"https:\/\/www.facebook.com\/vapingnetde\/\"]}]}<\/script>\n<!-- \/ Yoast SEO plugin. -->","yoast_head_json":{"title":"Duty-Free Shopping Bang King 50000 Puffs Blueberry Ice and Peach Ice zum Gro\u00dfhandelspreis | Vapingnet.de","description":"Entdecke Duty-Free Shopping Bang King 50000 Puffs Blueberry Ice and Peach Ice zum Gro\u00dfhandelspreis bei vapingnet.de, \u25ba Gro\u00dfe Auswahl an Geschmacksrichtungen & super g\u00fcnstig!","robots":{"index":"index","follow":"follow","max-snippet":"max-snippet:-1","max-image-preview":"max-image-preview:large","max-video-preview":"max-video-preview:-1"},"canonical":"https:\/\/vapingnet.de\/sk\/vape\/duty-free-shopping-bang-king-50000-puffs-blueberry-ice-and-peach-ice-zum-grosshandelspreis\/","og_locale":"sk_SK","og_type":"article","og_title":"Duty-Free Shopping Bang King 50000 Puffs Blueberry Ice and Peach Ice zum Gro\u00dfhandelspreis | Vapingnet.de","og_description":"Entdecke Duty-Free Shopping Bang King 50000 Puffs Blueberry Ice and Peach Ice zum Gro\u00dfhandelspreis bei vapingnet.de, \u25ba Gro\u00dfe Auswahl an Geschmacksrichtungen & super g\u00fcnstig!","og_url":"https:\/\/vapingnet.de\/sk\/vape\/duty-free-shopping-bang-king-50000-puffs-blueberry-ice-and-peach-ice-zum-grosshandelspreis\/","og_site_name":"Vapingnet.de","article_publisher":"https:\/\/www.facebook.com\/vapingnetde\/","article_modified_time":"2026-01-25T09:15:59+00:00","og_image":[{"width":1000,"height":1000,"url":"https:\/\/vapingnet.de\/wp-content\/uploads\/2025\/03\/blueberry-ice-und-peach-ice.png","type":"image\/png"}],"twitter_card":"summary_large_image","twitter_misc":{"Est. reading time":"2 minutes"},"schema":{"@context":"https:\/\/schema.org","@graph":[{"@type":"WebPage","@id":"https:\/\/vapingnet.de\/vape\/duty-free-shopping-bang-king-50000-puffs-blueberry-ice-and-peach-ice-zum-grosshandelspreis\/","url":"https:\/\/vapingnet.de\/vape\/duty-free-shopping-bang-king-50000-puffs-blueberry-ice-and-peach-ice-zum-grosshandelspreis\/","name":"Duty-Free Shopping Bang King 50000 Puffs Blueberry Ice and Peach Ice zum Gro\u00dfhandelspreis | Vapingnet.de","isPartOf":{"@id":"https:\/\/vapingnet.de\/#website"},"primaryImageOfPage":{"@id":"https:\/\/vapingnet.de\/vape\/duty-free-shopping-bang-king-50000-puffs-blueberry-ice-and-peach-ice-zum-grosshandelspreis\/#primaryimage"},"image":{"@id":"https:\/\/vapingnet.de\/vape\/duty-free-shopping-bang-king-50000-puffs-blueberry-ice-and-peach-ice-zum-grosshandelspreis\/#primaryimage"},"thumbnailUrl":"https:\/\/vapingnet.de\/wp-content\/uploads\/2025\/03\/blueberry-ice-und-peach-ice.png","datePublished":"2025-03-24T03:17:59+00:00","dateModified":"2026-01-25T09:15:59+00:00","description":"Entdecke Duty-Free Shopping Bang King 50000 Puffs Blueberry Ice and Peach Ice zum Gro\u00dfhandelspreis bei vapingnet.de, \u25ba Gro\u00dfe Auswahl an Geschmacksrichtungen & super g\u00fcnstig!","breadcrumb":{"@id":"https:\/\/vapingnet.de\/vape\/duty-free-shopping-bang-king-50000-puffs-blueberry-ice-and-peach-ice-zum-grosshandelspreis\/#breadcrumb"},"inLanguage":"sk-SK","potentialAction":[{"@type":"ReadAction","target":["https:\/\/vapingnet.de\/vape\/duty-free-shopping-bang-king-50000-puffs-blueberry-ice-and-peach-ice-zum-grosshandelspreis\/"]}]},{"@type":"ImageObject","inLanguage":"sk-SK","@id":"https:\/\/vapingnet.de\/vape\/duty-free-shopping-bang-king-50000-puffs-blueberry-ice-and-peach-ice-zum-grosshandelspreis\/#primaryimage","url":"https:\/\/vapingnet.de\/wp-content\/uploads\/2025\/03\/blueberry-ice-und-peach-ice.png","contentUrl":"https:\/\/vapingnet.de\/wp-content\/uploads\/2025\/03\/blueberry-ice-und-peach-ice.png","width":1000,"height":1000,"caption":"blueberry ice und peach ice"},{"@type":"BreadcrumbList","@id":"https:\/\/vapingnet.de\/vape\/duty-free-shopping-bang-king-50000-puffs-blueberry-ice-and-peach-ice-zum-grosshandelspreis\/#breadcrumb","itemListElement":[{"@type":"ListItem","position":1,"name":"Home","item":"https:\/\/vapingnet.de\/"},{"@type":"ListItem","position":2,"name":"Shop","item":"https:\/\/vapingnet.de\/vape\/"},{"@type":"ListItem","position":3,"name":"Duty-Free Shopping Bang King 50000 Puffs Blueberry Ice and Peach Ice zum Gro\u00dfhandelspreis"}]},{"@type":"WebSite","@id":"https:\/\/vapingnet.de\/#website","url":"https:\/\/vapingnet.de\/","name":"Vapingnet.de","description":"","publisher":{"@id":"https:\/\/vapingnet.de\/#organization"},"potentialAction":[{"@type":"SearchAction","target":{"@type":"EntryPoint","urlTemplate":"https:\/\/vapingnet.de\/?s={search_term_string}"},"query-input":{"@type":"PropertyValueSpecification","valueRequired":true,"valueName":"search_term_string"}}],"inLanguage":"sk-SK"},{"@type":"Organization","@id":"https:\/\/vapingnet.de\/#organization","name":"Vapingnet.de","url":"https:\/\/vapingnet.de\/","logo":{"@type":"ImageObject","inLanguage":"sk-SK","@id":"https:\/\/vapingnet.de\/#\/schema\/logo\/image\/","url":"https:\/\/vapingnet.de\/wp-content\/uploads\/2025\/03\/cropped-vapingnet.de_.jpg","contentUrl":"https:\/\/vapingnet.de\/wp-content\/uploads\/2025\/03\/cropped-vapingnet.de_.jpg","width":512,"height":512,"caption":"Vapingnet.de"},"image":{"@id":"https:\/\/vapingnet.de\/#\/schema\/logo\/image\/"},"sameAs":["https:\/\/www.facebook.com\/vapingnetde\/"]}]}},"tiered_pricing_type":"fixed","tiered_pricing_fixed_rules":{"10":"12.44","60":"11.96","110":"10.63","200":"9.3"},"tiered_pricing_product_settings":{"layout":"default","base_unit_name":{"singular":null,"plural":null},"default_variation":null},"tiered_pricing_minimum_quantity":null,"tiered_pricing_roles_data":[],"tiered_pricing_percentage_rules":[],"_links":{"self":[{"href":"https:\/\/vapingnet.de\/sk\/wp-json\/wp\/v2\/product\/5812","targetHints":{"allow":["GET"]}}],"collection":[{"href":"https:\/\/vapingnet.de\/sk\/wp-json\/wp\/v2\/product"}],"about":[{"href":"https:\/\/vapingnet.de\/sk\/wp-json\/wp\/v2\/types\/product"}],"version-history":[{"count":3,"href":"https:\/\/vapingnet.de\/sk\/wp-json\/wp\/v2\/product\/5812\/revisions"}],"predecessor-version":[{"id":7545,"href":"https:\/\/vapingnet.de\/sk\/wp-json\/wp\/v2\/product\/5812\/revisions\/7545"}],"wp:featuredmedia":[{"embeddable":true,"href":"https:\/\/vapingnet.de\/sk\/wp-json\/wp\/v2\/media\/5819"}],"wp:attachment":[{"href":"https:\/\/vapingnet.de\/sk\/wp-json\/wp\/v2\/media?parent=5812"}],"wp:term":[{"taxonomy":"brand","embeddable":true,"href":"https:\/\/vapingnet.de\/sk\/wp-json\/wp\/v2\/etheme_brands?post=5812"},{"taxonomy":"product_brand","embeddable":true,"href":"https:\/\/vapingnet.de\/sk\/wp-json\/wp\/v2\/product_brand?post=5812"},{"taxonomy":"product_cat","embeddable":true,"href":"https:\/\/vapingnet.de\/sk\/wp-json\/wp\/v2\/product_cat?post=5812"},{"taxonomy":"product_tag","embeddable":true,"href":"https:\/\/vapingnet.de\/sk\/wp-json\/wp\/v2\/product_tag?post=5812"}],"curies":[{"name":"wp","href":"https:\/\/api.w.org\/{rel}","templated":true}]}}