{"id":5815,"date":"2025-03-24T03:18:04","date_gmt":"2025-03-24T03:18:04","guid":{"rendered":"https:\/\/vapingnet.de\/?post_type=product&#038;p=5815"},"modified":"2026-01-25T09:13:37","modified_gmt":"2026-01-25T09:13:37","slug":"geniessen-sie-bang-king-50000-puffs-red-bull-and-strawberry-banana-doppelt-fruchtig-fuer-intensiven-geschmack","status":"publish","type":"product","link":"https:\/\/vapingnet.de\/sk\/vape\/geniessen-sie-bang-king-50000-puffs-red-bull-and-strawberry-banana-doppelt-fruchtig-fuer-intensiven-geschmack\/","title":{"rendered":"U\u017eite si Bang King 50000 Puffs Red Bull a Jahoda Ban\u00e1n dvojn\u00e1sobne ovocn\u00e9 pre intenz\u00edvnu chu\u0165"},"content":{"rendered":"<h2 data-start=\"0\" data-end=\"62\">Objavte Bang King 50000 Puffs Jednorazov\u00fa E-Cigaretu<\/h2>\n<p class=\"\" data-start=\"64\" data-end=\"398\">Bang King 50000 Puffs je vysoko kvalitn\u00e1 jednorazov\u00e1 e-cigareta, ktor\u00e1 bola \u0161peci\u00e1lne navrhnut\u00e1 pre milovn\u00edkov e-cigariet. S extr\u00e9mne vysok\u00fdm po\u010dtom potiahnut\u00ed, dlh\u00fdm v\u00fddr\u017eou bat\u00e9rie a bohat\u00fdmi ar\u00f3mami pon\u00faka toto zariadenie neporovnate\u013en\u00fd z\u00e1\u017eitok. Ako chu\u0165, tak aj pou\u017e\u00edvate\u013esk\u00fd z\u00e1\u017eitok prekra\u010duj\u00fa va\u0161e o\u010dak\u00e1vania.<\/p>\n<h4 data-start=\"405\" data-end=\"448\">Neporovnate\u013en\u00e1, dlh\u00e1 doba pou\u017e\u00edvania<\/h4>\n<ul data-start=\"450\" data-end=\"811\">\n<li class=\"\" data-start=\"450\" data-end=\"631\">\n<p class=\"\" data-start=\"452\" data-end=\"631\">A\u017e 50000 potiahnut\u00ed: Nemus\u00edte \u010dasto meni\u0165 zariadenie, preto\u017ee Bang King 50000 Puffs je navrhnut\u00fd na dlhodob\u00e9 pou\u017e\u00edvanie \u2013 ide\u00e1lny pre pou\u017e\u00edvate\u013eov s vysokou spotrebou.<\/p>\n<\/li>\n<li class=\"\" data-start=\"633\" data-end=\"811\">\n<p class=\"\" data-start=\"635\" data-end=\"811\">Ve\u013ekos\u0165 E-Liquidu 50 ml: Ka\u017ed\u00e9 potiahnutie je pln\u00e9 chuti, s kapacitou 50 ml E-Liquidu, \u010do v\u00fdrazne predl\u017euje pou\u017e\u00edvanie a zni\u017euje potrebu \u010dastej v\u00fdmeny.<\/p>\n<\/li>\n<\/ul>\n<h4 data-start=\"818\" data-end=\"874\">\u0160pi\u010dkov\u00e1 technol\u00f3gia tvorby pary a Dvojit\u00e9 ar\u00f3my<\/h4>\n<ul data-start=\"876\" data-end=\"1289\">\n<li class=\"\" data-start=\"876\" data-end=\"1042\">\n<p class=\"\" data-start=\"878\" data-end=\"1042\">1,0\u03a9 Mesh Cievka: S technol\u00f3giou Mesh zabezpe\u010duje 1,0\u03a9 mesh cievka rovnomern\u00e9 tvorenie pary a intenz\u00edvnej\u0161iu chu\u0165, \u010d\u00edm sa ka\u017ed\u00e9 potiahnutie st\u00e1va jemnej\u0161\u00edm a aromatickej\u0161\u00edm.<\/p>\n<\/li>\n<li class=\"\" data-start=\"1044\" data-end=\"1289\">\n<p class=\"\" data-start=\"1046\" data-end=\"1289\">Red Bull a Jahodovo-Ban\u00e1nov\u00e9 Dvojit\u00e9 ar\u00f3my: Jedine\u010dn\u00e1 kombin\u00e1cia osvie\u017euj\u00facej chuti Red Bull a sladkej jahodovo-ban\u00e1novej chuti, ktor\u00e1 v\u00e1m poskytne neporovnate\u013en\u00fd chu\u0165ov\u00fd z\u00e1\u017eitok a \u010derstv\u00fa rozmanitos\u0165.<\/p>\n<\/li>\n<\/ul>\n<h4 data-start=\"1296\" data-end=\"1334\">Kompletn\u00e9 funk\u010dn\u00e9 vlastnosti<\/h4>\n<ul data-start=\"1336\" data-end=\"1887\">\n<li class=\"\" data-start=\"1336\" data-end=\"1528\">\n<p class=\"\" data-start=\"1338\" data-end=\"1528\">LCD displej: Sledujte v re\u00e1lnom \u010dase zost\u00e1vaj\u00facu kapacitu bat\u00e9rie a po\u010det potiahnut\u00ed. Tak m\u00e1te v\u017edy kontrolu nad stavom zariadenia a vyhnete sa n\u00e1hlym v\u00fdpadkom.<\/p>\n<\/li>\n<li class=\"\" data-start=\"1530\" data-end=\"1724\">\n<p class=\"\" data-start=\"1532\" data-end=\"1724\">850mAh dob\u00edjate\u013en\u00e1 bat\u00e9ria: Bat\u00e9ria podporuje r\u00fdchle nab\u00edjanie cez Type-C port a zaru\u010duje dlh\u00fa \u017eivotnos\u0165. Ide\u00e1lne pre pou\u017e\u00edvate\u013eov, ktor\u00ed zariadenie pou\u017e\u00edvaj\u00fa pravidelne.<\/p>\n<\/li>\n<li class=\"\" data-start=\"1726\" data-end=\"1887\">\n<p class=\"\" data-start=\"1728\" data-end=\"1887\">R\u00f4zne \u00farovne nikot\u00ednu: Vyberte si medzi \u00farov\u0148ami nikot\u00ednu 0%, 2%, 3% a 5%, aby ste na\u0161li t\u00fa spr\u00e1vnu intenzitu \u2013 od \u013eahkej po siln\u00fa.<\/p>\n<\/li>\n<\/ul>\n<h3>Inform\u00e1cie o k\u00fape<\/h3>\n<ul data-start=\"1919\" data-end=\"2316\">\n<li class=\"\" data-start=\"1919\" data-end=\"2027\">\n<p class=\"\" data-start=\"1921\" data-end=\"2027\">Coln\u00e1 bezplatn\u00e1: V\u0161etky objedn\u00e1vky s\u00fa osloboden\u00e9 od coln\u00fdch poplatkov, tak\u017ee nebud\u00fa \u017eiadne dodato\u010dn\u00e9 n\u00e1klady.<\/p>\n<\/li>\n<li class=\"\" data-start=\"2028\" data-end=\"2182\">\n<p class=\"\" data-start=\"2030\" data-end=\"2182\">Doba doru\u010denia: Odhadovan\u00e1 doba doru\u010denia je 7-15 pracovn\u00fdch dn\u00ed, z\u00e1sielka je odoslan\u00e1 letecky, tak\u017ee va\u0161a objedn\u00e1vka bude r\u00fdchlo u v\u00e1s.<\/p>\n<\/li>\n<li class=\"\" data-start=\"2183\" data-end=\"2316\">\n<p class=\"\" data-start=\"2185\" data-end=\"2316\">K\u00fapi\u0165 teraz: <a href=\"https:\/\/vapingnet.de\/sk\/\" target=\"_new\" rel=\"noopener\" data-start=\"2203\" data-end=\"2273\">Kliknite sem, aby ste nav\u0161t\u00edvili vapingnet.de<\/a> a zak\u00fapili si svoju Bang King 50000 Puffs.<\/p>\n<\/li>\n<\/ul>\n<p class=\"\" data-start=\"2323\" data-end=\"2536\">Bang King 50000 Puffs je viac ne\u017e len jednorazov\u00e1 e-cigareta \u2013 pon\u00faka nov\u00fd z\u00e1\u017eitok pre pou\u017e\u00edvate\u013eov e-cigariet. Vyberte si tento produkt a u\u017e\u00edvajte si svoje vapovanie dlh\u0161ie a intenz\u00edvnej\u0161ie!<\/p>","protected":false},"excerpt":{"rendered":"<p>Entdecken Sie den Bang King 50000 Puffs Einweg E-Zigarette Der Bang King 50000 Puffs ist eine hochwertige Einweg-E-Zigarette, die speziell f\u00fcr E-Zigaretten-Liebhaber entwickelt wurde. Mit&#8230;<\/p>","protected":false},"featured_media":5822,"template":"","meta":[],"etheme_brands":[],"product_brand":[101],"product_cat":[67,49,61,87],"product_tag":[],"class_list":{"0":"post-5815","1":"product","2":"type-product","3":"status-publish","4":"has-post-thumbnail","6":"product_brand-bang-king-vape","7":"product_cat-50k-vape","8":"product_cat-einweg-e-zigarette","9":"product_cat-f","10":"product_cat-v","12":"first","13":"instock","14":"shipping-taxable","15":"purchasable","16":"product-type-simple"},"yoast_head":"<!-- This site is optimized with the Yoast SEO plugin v26.5 - https:\/\/yoast.com\/wordpress\/plugins\/seo\/ -->\n<title>Genie\u00dfen Sie Bang King 50000 Puffs Red Bull and Strawberry Banana doppelt fruchtig f\u00fcr intensiven Geschmack | Vapingnet.de<\/title>\n<meta name=\"description\" content=\"Entdecke Genie\u00dfen Sie Bang King 50000 Puffs Red Bull and Strawberry Banana doppelt fruchtig f\u00fcr intensiven Geschmack bei vapingnet.de, \u25ba Gro\u00dfe Auswahl an Geschmacksrichtungen &amp; super g\u00fcnstig!\" \/>\n<meta name=\"robots\" content=\"index, follow, max-snippet:-1, max-image-preview:large, max-video-preview:-1\" \/>\n<link rel=\"canonical\" href=\"https:\/\/vapingnet.de\/sk\/vape\/geniessen-sie-bang-king-50000-puffs-red-bull-and-strawberry-banana-doppelt-fruchtig-fuer-intensiven-geschmack\/\" \/>\n<meta property=\"og:locale\" content=\"sk_SK\" \/>\n<meta property=\"og:type\" content=\"article\" \/>\n<meta property=\"og:title\" content=\"Genie\u00dfen Sie Bang King 50000 Puffs Red Bull and Strawberry Banana doppelt fruchtig f\u00fcr intensiven Geschmack | Vapingnet.de\" \/>\n<meta property=\"og:description\" content=\"Entdecke Genie\u00dfen Sie Bang King 50000 Puffs Red Bull and Strawberry Banana doppelt fruchtig f\u00fcr intensiven Geschmack bei vapingnet.de, \u25ba Gro\u00dfe Auswahl an Geschmacksrichtungen &amp; super g\u00fcnstig!\" \/>\n<meta property=\"og:url\" content=\"https:\/\/vapingnet.de\/sk\/vape\/geniessen-sie-bang-king-50000-puffs-red-bull-and-strawberry-banana-doppelt-fruchtig-fuer-intensiven-geschmack\/\" \/>\n<meta property=\"og:site_name\" content=\"Vapingnet.de\" \/>\n<meta property=\"article:publisher\" content=\"https:\/\/www.facebook.com\/vapingnetde\/\" \/>\n<meta property=\"article:modified_time\" content=\"2026-01-25T09:13:37+00:00\" \/>\n<meta property=\"og:image\" content=\"https:\/\/vapingnet.de\/wp-content\/uploads\/2025\/03\/bang50k-red-bull-und-strawberry-banana.png\" \/>\n\t<meta property=\"og:image:width\" content=\"1000\" \/>\n\t<meta property=\"og:image:height\" content=\"1000\" \/>\n\t<meta property=\"og:image:type\" content=\"image\/png\" \/>\n<meta name=\"twitter:card\" content=\"summary_large_image\" \/>\n<meta name=\"twitter:label1\" content=\"Est. reading time\" \/>\n\t<meta name=\"twitter:data1\" content=\"2 minutes\" \/>\n<script type=\"application\/ld+json\" class=\"yoast-schema-graph\">{\"@context\":\"https:\/\/schema.org\",\"@graph\":[{\"@type\":\"WebPage\",\"@id\":\"https:\/\/vapingnet.de\/vape\/geniessen-sie-bang-king-50000-puffs-red-bull-and-strawberry-banana-doppelt-fruchtig-fuer-intensiven-geschmack\/\",\"url\":\"https:\/\/vapingnet.de\/vape\/geniessen-sie-bang-king-50000-puffs-red-bull-and-strawberry-banana-doppelt-fruchtig-fuer-intensiven-geschmack\/\",\"name\":\"Genie\u00dfen Sie Bang King 50000 Puffs Red Bull and Strawberry Banana doppelt fruchtig f\u00fcr intensiven Geschmack | Vapingnet.de\",\"isPartOf\":{\"@id\":\"https:\/\/vapingnet.de\/#website\"},\"primaryImageOfPage\":{\"@id\":\"https:\/\/vapingnet.de\/vape\/geniessen-sie-bang-king-50000-puffs-red-bull-and-strawberry-banana-doppelt-fruchtig-fuer-intensiven-geschmack\/#primaryimage\"},\"image\":{\"@id\":\"https:\/\/vapingnet.de\/vape\/geniessen-sie-bang-king-50000-puffs-red-bull-and-strawberry-banana-doppelt-fruchtig-fuer-intensiven-geschmack\/#primaryimage\"},\"thumbnailUrl\":\"https:\/\/vapingnet.de\/wp-content\/uploads\/2025\/03\/bang50k-red-bull-und-strawberry-banana.png\",\"datePublished\":\"2025-03-24T03:18:04+00:00\",\"dateModified\":\"2026-01-25T09:13:37+00:00\",\"description\":\"Entdecke Genie\u00dfen Sie Bang King 50000 Puffs Red Bull and Strawberry Banana doppelt fruchtig f\u00fcr intensiven Geschmack bei vapingnet.de, \u25ba Gro\u00dfe Auswahl an Geschmacksrichtungen & super g\u00fcnstig!\",\"breadcrumb\":{\"@id\":\"https:\/\/vapingnet.de\/vape\/geniessen-sie-bang-king-50000-puffs-red-bull-and-strawberry-banana-doppelt-fruchtig-fuer-intensiven-geschmack\/#breadcrumb\"},\"inLanguage\":\"sk-SK\",\"potentialAction\":[{\"@type\":\"ReadAction\",\"target\":[\"https:\/\/vapingnet.de\/vape\/geniessen-sie-bang-king-50000-puffs-red-bull-and-strawberry-banana-doppelt-fruchtig-fuer-intensiven-geschmack\/\"]}]},{\"@type\":\"ImageObject\",\"inLanguage\":\"sk-SK\",\"@id\":\"https:\/\/vapingnet.de\/vape\/geniessen-sie-bang-king-50000-puffs-red-bull-and-strawberry-banana-doppelt-fruchtig-fuer-intensiven-geschmack\/#primaryimage\",\"url\":\"https:\/\/vapingnet.de\/wp-content\/uploads\/2025\/03\/bang50k-red-bull-und-strawberry-banana.png\",\"contentUrl\":\"https:\/\/vapingnet.de\/wp-content\/uploads\/2025\/03\/bang50k-red-bull-und-strawberry-banana.png\",\"width\":1000,\"height\":1000,\"caption\":\"bang50k-red bull und strawberry banana\"},{\"@type\":\"BreadcrumbList\",\"@id\":\"https:\/\/vapingnet.de\/vape\/geniessen-sie-bang-king-50000-puffs-red-bull-and-strawberry-banana-doppelt-fruchtig-fuer-intensiven-geschmack\/#breadcrumb\",\"itemListElement\":[{\"@type\":\"ListItem\",\"position\":1,\"name\":\"Home\",\"item\":\"https:\/\/vapingnet.de\/\"},{\"@type\":\"ListItem\",\"position\":2,\"name\":\"Shop\",\"item\":\"https:\/\/vapingnet.de\/vape\/\"},{\"@type\":\"ListItem\",\"position\":3,\"name\":\"Genie\u00dfen Sie Bang King 50000 Puffs Red Bull and Strawberry Banana doppelt fruchtig f\u00fcr intensiven Geschmack\"}]},{\"@type\":\"WebSite\",\"@id\":\"https:\/\/vapingnet.de\/#website\",\"url\":\"https:\/\/vapingnet.de\/\",\"name\":\"Vapingnet.de\",\"description\":\"\",\"publisher\":{\"@id\":\"https:\/\/vapingnet.de\/#organization\"},\"potentialAction\":[{\"@type\":\"SearchAction\",\"target\":{\"@type\":\"EntryPoint\",\"urlTemplate\":\"https:\/\/vapingnet.de\/?s={search_term_string}\"},\"query-input\":{\"@type\":\"PropertyValueSpecification\",\"valueRequired\":true,\"valueName\":\"search_term_string\"}}],\"inLanguage\":\"sk-SK\"},{\"@type\":\"Organization\",\"@id\":\"https:\/\/vapingnet.de\/#organization\",\"name\":\"Vapingnet.de\",\"url\":\"https:\/\/vapingnet.de\/\",\"logo\":{\"@type\":\"ImageObject\",\"inLanguage\":\"sk-SK\",\"@id\":\"https:\/\/vapingnet.de\/#\/schema\/logo\/image\/\",\"url\":\"https:\/\/vapingnet.de\/wp-content\/uploads\/2025\/03\/cropped-vapingnet.de_.jpg\",\"contentUrl\":\"https:\/\/vapingnet.de\/wp-content\/uploads\/2025\/03\/cropped-vapingnet.de_.jpg\",\"width\":512,\"height\":512,\"caption\":\"Vapingnet.de\"},\"image\":{\"@id\":\"https:\/\/vapingnet.de\/#\/schema\/logo\/image\/\"},\"sameAs\":[\"https:\/\/www.facebook.com\/vapingnetde\/\"]}]}<\/script>\n<!-- \/ Yoast SEO plugin. -->","yoast_head_json":{"title":"Genie\u00dfen Sie Bang King 50000 Puffs Red Bull and Strawberry Banana doppelt fruchtig f\u00fcr intensiven Geschmack | Vapingnet.de","description":"Entdecke Genie\u00dfen Sie Bang King 50000 Puffs Red Bull and Strawberry Banana doppelt fruchtig f\u00fcr intensiven Geschmack bei vapingnet.de, \u25ba Gro\u00dfe Auswahl an Geschmacksrichtungen & super g\u00fcnstig!","robots":{"index":"index","follow":"follow","max-snippet":"max-snippet:-1","max-image-preview":"max-image-preview:large","max-video-preview":"max-video-preview:-1"},"canonical":"https:\/\/vapingnet.de\/sk\/vape\/geniessen-sie-bang-king-50000-puffs-red-bull-and-strawberry-banana-doppelt-fruchtig-fuer-intensiven-geschmack\/","og_locale":"sk_SK","og_type":"article","og_title":"Genie\u00dfen Sie Bang King 50000 Puffs Red Bull and Strawberry Banana doppelt fruchtig f\u00fcr intensiven Geschmack | Vapingnet.de","og_description":"Entdecke Genie\u00dfen Sie Bang King 50000 Puffs Red Bull and Strawberry Banana doppelt fruchtig f\u00fcr intensiven Geschmack bei vapingnet.de, \u25ba Gro\u00dfe Auswahl an Geschmacksrichtungen & super g\u00fcnstig!","og_url":"https:\/\/vapingnet.de\/sk\/vape\/geniessen-sie-bang-king-50000-puffs-red-bull-and-strawberry-banana-doppelt-fruchtig-fuer-intensiven-geschmack\/","og_site_name":"Vapingnet.de","article_publisher":"https:\/\/www.facebook.com\/vapingnetde\/","article_modified_time":"2026-01-25T09:13:37+00:00","og_image":[{"width":1000,"height":1000,"url":"https:\/\/vapingnet.de\/wp-content\/uploads\/2025\/03\/bang50k-red-bull-und-strawberry-banana.png","type":"image\/png"}],"twitter_card":"summary_large_image","twitter_misc":{"Est. reading time":"2 minutes"},"schema":{"@context":"https:\/\/schema.org","@graph":[{"@type":"WebPage","@id":"https:\/\/vapingnet.de\/vape\/geniessen-sie-bang-king-50000-puffs-red-bull-and-strawberry-banana-doppelt-fruchtig-fuer-intensiven-geschmack\/","url":"https:\/\/vapingnet.de\/vape\/geniessen-sie-bang-king-50000-puffs-red-bull-and-strawberry-banana-doppelt-fruchtig-fuer-intensiven-geschmack\/","name":"Genie\u00dfen Sie Bang King 50000 Puffs Red Bull and Strawberry Banana doppelt fruchtig f\u00fcr intensiven Geschmack | Vapingnet.de","isPartOf":{"@id":"https:\/\/vapingnet.de\/#website"},"primaryImageOfPage":{"@id":"https:\/\/vapingnet.de\/vape\/geniessen-sie-bang-king-50000-puffs-red-bull-and-strawberry-banana-doppelt-fruchtig-fuer-intensiven-geschmack\/#primaryimage"},"image":{"@id":"https:\/\/vapingnet.de\/vape\/geniessen-sie-bang-king-50000-puffs-red-bull-and-strawberry-banana-doppelt-fruchtig-fuer-intensiven-geschmack\/#primaryimage"},"thumbnailUrl":"https:\/\/vapingnet.de\/wp-content\/uploads\/2025\/03\/bang50k-red-bull-und-strawberry-banana.png","datePublished":"2025-03-24T03:18:04+00:00","dateModified":"2026-01-25T09:13:37+00:00","description":"Entdecke Genie\u00dfen Sie Bang King 50000 Puffs Red Bull and Strawberry Banana doppelt fruchtig f\u00fcr intensiven Geschmack bei vapingnet.de, \u25ba Gro\u00dfe Auswahl an Geschmacksrichtungen & super g\u00fcnstig!","breadcrumb":{"@id":"https:\/\/vapingnet.de\/vape\/geniessen-sie-bang-king-50000-puffs-red-bull-and-strawberry-banana-doppelt-fruchtig-fuer-intensiven-geschmack\/#breadcrumb"},"inLanguage":"sk-SK","potentialAction":[{"@type":"ReadAction","target":["https:\/\/vapingnet.de\/vape\/geniessen-sie-bang-king-50000-puffs-red-bull-and-strawberry-banana-doppelt-fruchtig-fuer-intensiven-geschmack\/"]}]},{"@type":"ImageObject","inLanguage":"sk-SK","@id":"https:\/\/vapingnet.de\/vape\/geniessen-sie-bang-king-50000-puffs-red-bull-and-strawberry-banana-doppelt-fruchtig-fuer-intensiven-geschmack\/#primaryimage","url":"https:\/\/vapingnet.de\/wp-content\/uploads\/2025\/03\/bang50k-red-bull-und-strawberry-banana.png","contentUrl":"https:\/\/vapingnet.de\/wp-content\/uploads\/2025\/03\/bang50k-red-bull-und-strawberry-banana.png","width":1000,"height":1000,"caption":"bang50k-red bull und strawberry banana"},{"@type":"BreadcrumbList","@id":"https:\/\/vapingnet.de\/vape\/geniessen-sie-bang-king-50000-puffs-red-bull-and-strawberry-banana-doppelt-fruchtig-fuer-intensiven-geschmack\/#breadcrumb","itemListElement":[{"@type":"ListItem","position":1,"name":"Home","item":"https:\/\/vapingnet.de\/"},{"@type":"ListItem","position":2,"name":"Shop","item":"https:\/\/vapingnet.de\/vape\/"},{"@type":"ListItem","position":3,"name":"Genie\u00dfen Sie Bang King 50000 Puffs Red Bull and Strawberry Banana doppelt fruchtig f\u00fcr intensiven Geschmack"}]},{"@type":"WebSite","@id":"https:\/\/vapingnet.de\/#website","url":"https:\/\/vapingnet.de\/","name":"Vapingnet.de","description":"","publisher":{"@id":"https:\/\/vapingnet.de\/#organization"},"potentialAction":[{"@type":"SearchAction","target":{"@type":"EntryPoint","urlTemplate":"https:\/\/vapingnet.de\/?s={search_term_string}"},"query-input":{"@type":"PropertyValueSpecification","valueRequired":true,"valueName":"search_term_string"}}],"inLanguage":"sk-SK"},{"@type":"Organization","@id":"https:\/\/vapingnet.de\/#organization","name":"Vapingnet.de","url":"https:\/\/vapingnet.de\/","logo":{"@type":"ImageObject","inLanguage":"sk-SK","@id":"https:\/\/vapingnet.de\/#\/schema\/logo\/image\/","url":"https:\/\/vapingnet.de\/wp-content\/uploads\/2025\/03\/cropped-vapingnet.de_.jpg","contentUrl":"https:\/\/vapingnet.de\/wp-content\/uploads\/2025\/03\/cropped-vapingnet.de_.jpg","width":512,"height":512,"caption":"Vapingnet.de"},"image":{"@id":"https:\/\/vapingnet.de\/#\/schema\/logo\/image\/"},"sameAs":["https:\/\/www.facebook.com\/vapingnetde\/"]}]}},"tiered_pricing_type":"fixed","tiered_pricing_fixed_rules":{"10":"12.44","60":"11.96","110":"10.63","200":"9.3"},"tiered_pricing_product_settings":{"layout":"default","base_unit_name":{"singular":null,"plural":null},"default_variation":null},"tiered_pricing_minimum_quantity":null,"tiered_pricing_roles_data":[],"tiered_pricing_percentage_rules":[],"_links":{"self":[{"href":"https:\/\/vapingnet.de\/sk\/wp-json\/wp\/v2\/product\/5815","targetHints":{"allow":["GET"]}}],"collection":[{"href":"https:\/\/vapingnet.de\/sk\/wp-json\/wp\/v2\/product"}],"about":[{"href":"https:\/\/vapingnet.de\/sk\/wp-json\/wp\/v2\/types\/product"}],"version-history":[{"count":3,"href":"https:\/\/vapingnet.de\/sk\/wp-json\/wp\/v2\/product\/5815\/revisions"}],"predecessor-version":[{"id":7543,"href":"https:\/\/vapingnet.de\/sk\/wp-json\/wp\/v2\/product\/5815\/revisions\/7543"}],"wp:featuredmedia":[{"embeddable":true,"href":"https:\/\/vapingnet.de\/sk\/wp-json\/wp\/v2\/media\/5822"}],"wp:attachment":[{"href":"https:\/\/vapingnet.de\/sk\/wp-json\/wp\/v2\/media?parent=5815"}],"wp:term":[{"taxonomy":"brand","embeddable":true,"href":"https:\/\/vapingnet.de\/sk\/wp-json\/wp\/v2\/etheme_brands?post=5815"},{"taxonomy":"product_brand","embeddable":true,"href":"https:\/\/vapingnet.de\/sk\/wp-json\/wp\/v2\/product_brand?post=5815"},{"taxonomy":"product_cat","embeddable":true,"href":"https:\/\/vapingnet.de\/sk\/wp-json\/wp\/v2\/product_cat?post=5815"},{"taxonomy":"product_tag","embeddable":true,"href":"https:\/\/vapingnet.de\/sk\/wp-json\/wp\/v2\/product_tag?post=5815"}],"curies":[{"name":"wp","href":"https:\/\/api.w.org\/{rel}","templated":true}]}}