{"id":5816,"date":"2025-03-24T03:18:05","date_gmt":"2025-03-24T03:18:05","guid":{"rendered":"https:\/\/vapingnet.de\/?post_type=product&#038;p=5816"},"modified":"2026-01-25T09:12:57","modified_gmt":"2026-01-25T09:12:57","slug":"bang-king-50000-puffs-red-bull-and-blueberry-watermelon-doppelt-fruchtig-ideal-fuer-den-taeglichen-gebrauch","status":"publish","type":"product","link":"https:\/\/vapingnet.de\/sk\/vape\/bang-king-50000-puffs-red-bull-and-blueberry-watermelon-doppelt-fruchtig-ideal-fuer-den-taeglichen-gebrauch\/","title":{"rendered":"Bang King 50000 Puffs Red Bull a \u010cu\u010doriedka Mel\u00f3n dvojn\u00e1sobne ovocn\u00e9 ide\u00e1lne na ka\u017edodenn\u00e9 pou\u017eitie"},"content":{"rendered":"<h2 data-start=\"0\" data-end=\"93\">Bang King 50000 Puffs Jednor\u00e1zov\u00e1 e-cigareta \u2013 Dlh\u00e1 \u017eivotnos\u0165 a dvojit\u00e1 chu\u0165ov\u00e1 sk\u00fasenos\u0165<\/h2>\n<p class=\"\" data-start=\"95\" data-end=\"437\">Bang King 50000 Puffs Jednor\u00e1zov\u00e1 e-cigareta pon\u00faka n\u00e1ro\u010dn\u00fdm pou\u017e\u00edvate\u013eom revolu\u010dn\u00fd produkt, ktor\u00fd vynik\u00e1 extr\u00e9mnou \u017eivotnos\u0165ou, ve\u013ekou kapacitou e-liquidu a bohat\u00fdmi chu\u0165ov\u00fdmi kombin\u00e1ciami. T\u00e1to jednor\u00e1zov\u00e1 e-cigareta prevy\u0161uje tradi\u010dn\u00e9 modely a poskytuje v\u00e1m \u00faplne nov\u00fd z\u00e1\u017eitok pri ka\u017edom \u0165ahu.<\/p>\n<h3 class=\"\" data-start=\"444\" data-end=\"472\">Vlastnosti produktu<\/h3>\n<ul data-start=\"474\" data-end=\"2009\">\n<li class=\"\" data-start=\"474\" data-end=\"771\">\n<p class=\"\" data-start=\"476\" data-end=\"771\">50000 \u0165ahov Dlh\u00e1 \u017eivotnos\u0165 Bang King 50000 Puffs Jednor\u00e1zov\u00e1 e-cigareta pon\u00faka neuverite\u013en\u00fdch 50000 \u0165ahov, \u010d\u00edm stanovuje nov\u00e9 \u0161tandardy. \u010ci ste pr\u00edle\u017eitostn\u00fd faj\u010diar alebo intenz\u00edvny pou\u017e\u00edvate\u013e, toto zariadenie zabezpe\u010d\u00ed, \u017ee si ho budete m\u00f4c\u0165 dlho u\u017e\u00edva\u0165.<\/p>\n<\/li>\n<li class=\"\" data-start=\"773\" data-end=\"1042\">\n<p class=\"\" data-start=\"775\" data-end=\"1042\">50 ml Ve\u013ek\u00e1 kapacita e-liquidu S ve\u013ekorysou kapacitou 50 ml e-liquidu sa u\u017e nemus\u00edte ob\u00e1va\u0165 \u010dast\u00e9ho dop\u013a\u0148ania. M\u00f4\u017eete zariadenie pou\u017e\u00edva\u0165 dlh\u0161\u00ed \u010das bez neust\u00e1leho h\u013eadania tekutiny.<\/p>\n<\/li>\n<li class=\"\" data-start=\"1044\" data-end=\"1249\">\n<p class=\"\" data-start=\"1046\" data-end=\"1249\">1,0\u03a9 Mesh-\u0161pir\u00e1lka 1,0\u03a9 Mesh-\u0161pir\u00e1lka zabezpe\u010duje rovnomern\u00e9 odparovanie a jemnej\u0161iu produkciu pary. Tak si pri ka\u017edom \u0165ahu vychutn\u00e1te intenz\u00edvnej\u0161\u00ed a pr\u00edjemnej\u0161\u00ed chu\u0165ov\u00fd z\u00e1\u017eitok.<\/p>\n<\/li>\n<li class=\"\" data-start=\"1251\" data-end=\"1482\">\n<p class=\"\" data-start=\"1253\" data-end=\"1482\">Obsah nikot\u00ednu: 0%\/2%\/3%\/5% Bang King 50000 Puffs Jednor\u00e1zov\u00e1 e-cigareta je dostupn\u00e1 v \u0161tyroch sil\u00e1ch nikot\u00ednu: 0% \/ 2% \/ 3% \/ 5%. N\u00e1jdete tak ide\u00e1lnu silu nikot\u00ednu pre va\u0161e osobn\u00e9 chu\u0165ov\u00e9 preferencie.<\/p>\n<\/li>\n<li class=\"\" data-start=\"1484\" data-end=\"1753\">\n<p class=\"\" data-start=\"1486\" data-end=\"1753\">LCD digit\u00e1lny displej Vybaven\u00fd LCD digit\u00e1lnym displejom, ktor\u00fd zobrazuje stav bat\u00e9rie a zost\u00e1vaj\u00face pou\u017e\u00edvanie, m\u00f4\u017eete kedyko\u013evek sledova\u0165 stav svojej e-cigarety a by\u0165 si ist\u00ed, \u017ee neostanete bez pary.<\/p>\n<\/li>\n<li class=\"\" data-start=\"1755\" data-end=\"2009\">\n<p class=\"\" data-start=\"1757\" data-end=\"2009\">850mAh bat\u00e9ria a r\u00fdchle nab\u00edjanie cez Type-C Zabudovan\u00e1 bat\u00e9ria s kapacitou 850mAh podporuje r\u00fdchle nab\u00edjanie cez Type-C, tak\u017ee svoju e-cigaretu m\u00f4\u017eete r\u00fdchlo nabi\u0165. T\u00fdm zost\u00e1va va\u0161e z\u00e1\u017eitok v\u017edy kon\u0161tantn\u00fd a spo\u013eahliv\u00fd.<\/p>\n<\/li>\n<\/ul>\n<h4 data-start=\"2016\" data-end=\"2082\">Dvojit\u00e1 rozmanitos\u0165 chut\u00ed pre jedine\u010dn\u00fd z\u00e1\u017eitok<\/h4>\n<p class=\"\" data-start=\"2084\" data-end=\"2405\">Bang King 50000 Puffs pon\u00faka v\u00fdnimo\u010dn\u00fa dvojit\u00fa chu\u0165ov\u00fa kombin\u00e1ciu: Red Bull a Blueberry Watermelon. M\u00f4\u017eete si vychutna\u0165 osvie\u017euj\u00faci \u00fa\u010dinok Red Bullu a sladk\u00fa svie\u017eos\u0165 borievok a vodn\u00e9ho mel\u00f3nu s\u00fa\u010dasne. Ka\u017ed\u00e9 vdychnutie sa st\u00e1va intenz\u00edvnym chu\u0165ov\u00fdm z\u00e1\u017eitkom.<\/p>\n<h3>Pre\u010do si vybra\u0165 Bang King 50000 Puffs?<\/h3>\n<ul data-start=\"2483\" data-end=\"2897\">\n<li class=\"\" data-start=\"2483\" data-end=\"2577\">\n<p class=\"\" data-start=\"2485\" data-end=\"2577\">Coln\u00e1 vo\u013enos\u0165: Vyu\u017eite coln\u00fa vo\u013enos\u0165, ktor\u00e1 u\u013eah\u010duje n\u00e1kupn\u00fd proces.<\/p>\n<\/li>\n<li class=\"\" data-start=\"2578\" data-end=\"2717\">\n<p class=\"\" data-start=\"2580\" data-end=\"2717\">R\u00fdchle doru\u010denie: Doru\u010denie prebieha do 7-15 pracovn\u00fdch dn\u00ed, aby ste svoju objedn\u00e1vku dostali r\u00fdchlo a efekt\u00edvne.<\/p>\n<\/li>\n<li class=\"\" data-start=\"2718\" data-end=\"2897\">\n<p class=\"\" data-start=\"2720\" data-end=\"2897\">Vysok\u00fd v\u00fdkon: S dlhodob\u00fdm pou\u017e\u00edvan\u00edm, ve\u013ekou kapacitou e-liquidu a presnou technol\u00f3giou odparovania pon\u00faka toto zariadenie v\u00fdnimo\u010dn\u00fd z\u00e1\u017eitok pri ka\u017edom \u0165ahu.<\/p>\n<\/li>\n<\/ul>\n<h3>K\u00fapte teraz a za\u017eite nov\u00fd z\u00e1\u017eitok<\/h3>\n<p class=\"\" data-start=\"2958\" data-end=\"3210\">Ak h\u013ead\u00e1te v\u00fdkonn\u00fa e-cigaretu, Bang King 50000 Puffs je va\u0161ou ide\u00e1lnou vo\u013ebou. Nav\u0161t\u00edvte teraz vapingnet.de a zabezpe\u010dte si tento kvalitn\u00fd produkt pre va\u0161e ka\u017edodenn\u00e9 vapovanie!<\/p>\n<p class=\"\" data-start=\"3217\" data-end=\"3442\">Bang King 50000 Puffs nie je len inov\u00e1ciou v oblasti jednor\u00e1zov\u00fdch e-cigariet, ale aj za\u010diatkom nov\u00e9ho vapovacieho z\u00e1\u017eitku. Vychutnajte si nekone\u010dn\u00fa rados\u0165, ktor\u00fa tento v\u00fdnimo\u010dn\u00fd produkt pon\u00faka!<\/p>","protected":false},"excerpt":{"rendered":"<p>Bang King 50000 Puffs Jednor\u00e1zov\u00e1 e-cigareta \u2013 Dlh\u00e1 \u017eivotnos\u0165 a dvojn\u00e1sobn\u00e1 chu\u0165ov\u00e1 sk\u00fasenos\u0165 Bang King 50000 Puffs Jednor\u00e1zov\u00e1 e-cigareta pon\u00faka n\u00e1ro\u010dn\u00fdm pou\u017e\u00edvate\u013eom revolu\u010dn\u00fd produkt, ktor\u00fd s...<\/p>","protected":false},"featured_media":5823,"template":"","meta":[],"etheme_brands":[],"product_brand":[101],"product_cat":[67,49,61,87],"product_tag":[],"class_list":{"0":"post-5816","1":"product","2":"type-product","3":"status-publish","4":"has-post-thumbnail","6":"product_brand-bang-king-vape","7":"product_cat-50k-vape","8":"product_cat-einweg-e-zigarette","9":"product_cat-f","10":"product_cat-v","12":"first","13":"instock","14":"shipping-taxable","15":"purchasable","16":"product-type-simple"},"yoast_head":"<!-- This site is optimized with the Yoast SEO plugin v26.5 - https:\/\/yoast.com\/wordpress\/plugins\/seo\/ -->\n<title>Bang King 50000 Puffs Red Bull and Blueberry Watermelon doppelt fruchtig ideal f\u00fcr den t\u00e4glichen Gebrauch | Vapingnet.de<\/title>\n<meta name=\"description\" content=\"Entdecke Bang King 50000 Puffs Red Bull and Blueberry Watermelon doppelt fruchtig ideal f\u00fcr den t\u00e4glichen Gebrauch bei vapingnet.de, \u25ba Gro\u00dfe Auswahl an Geschmacksrichtungen &amp; super g\u00fcnstig!\" \/>\n<meta name=\"robots\" content=\"index, follow, max-snippet:-1, max-image-preview:large, max-video-preview:-1\" \/>\n<link rel=\"canonical\" href=\"https:\/\/vapingnet.de\/sk\/vape\/bang-king-50000-puffs-red-bull-and-blueberry-watermelon-doppelt-fruchtig-ideal-fuer-den-taeglichen-gebrauch\/\" \/>\n<meta property=\"og:locale\" content=\"sk_SK\" \/>\n<meta property=\"og:type\" content=\"article\" \/>\n<meta property=\"og:title\" content=\"Bang King 50000 Puffs Red Bull and Blueberry Watermelon doppelt fruchtig ideal f\u00fcr den t\u00e4glichen Gebrauch | Vapingnet.de\" \/>\n<meta property=\"og:description\" content=\"Entdecke Bang King 50000 Puffs Red Bull and Blueberry Watermelon doppelt fruchtig ideal f\u00fcr den t\u00e4glichen Gebrauch bei vapingnet.de, \u25ba Gro\u00dfe Auswahl an Geschmacksrichtungen &amp; super g\u00fcnstig!\" \/>\n<meta property=\"og:url\" content=\"https:\/\/vapingnet.de\/sk\/vape\/bang-king-50000-puffs-red-bull-and-blueberry-watermelon-doppelt-fruchtig-ideal-fuer-den-taeglichen-gebrauch\/\" \/>\n<meta property=\"og:site_name\" content=\"Vapingnet.de\" \/>\n<meta property=\"article:publisher\" content=\"https:\/\/www.facebook.com\/vapingnetde\/\" \/>\n<meta property=\"article:modified_time\" content=\"2026-01-25T09:12:57+00:00\" \/>\n<meta property=\"og:image\" content=\"https:\/\/vapingnet.de\/wp-content\/uploads\/2025\/03\/bang50k-red-bull-und-blueberry-watermelon.png\" \/>\n\t<meta property=\"og:image:width\" content=\"1000\" \/>\n\t<meta property=\"og:image:height\" content=\"1000\" \/>\n\t<meta property=\"og:image:type\" content=\"image\/png\" \/>\n<meta name=\"twitter:card\" content=\"summary_large_image\" \/>\n<meta name=\"twitter:label1\" content=\"Est. reading time\" \/>\n\t<meta name=\"twitter:data1\" content=\"3 minutes\" \/>\n<script type=\"application\/ld+json\" class=\"yoast-schema-graph\">{\"@context\":\"https:\/\/schema.org\",\"@graph\":[{\"@type\":\"WebPage\",\"@id\":\"https:\/\/vapingnet.de\/vape\/bang-king-50000-puffs-red-bull-and-blueberry-watermelon-doppelt-fruchtig-ideal-fuer-den-taeglichen-gebrauch\/\",\"url\":\"https:\/\/vapingnet.de\/vape\/bang-king-50000-puffs-red-bull-and-blueberry-watermelon-doppelt-fruchtig-ideal-fuer-den-taeglichen-gebrauch\/\",\"name\":\"Bang King 50000 Puffs Red Bull and Blueberry Watermelon doppelt fruchtig ideal f\u00fcr den t\u00e4glichen Gebrauch | Vapingnet.de\",\"isPartOf\":{\"@id\":\"https:\/\/vapingnet.de\/#website\"},\"primaryImageOfPage\":{\"@id\":\"https:\/\/vapingnet.de\/vape\/bang-king-50000-puffs-red-bull-and-blueberry-watermelon-doppelt-fruchtig-ideal-fuer-den-taeglichen-gebrauch\/#primaryimage\"},\"image\":{\"@id\":\"https:\/\/vapingnet.de\/vape\/bang-king-50000-puffs-red-bull-and-blueberry-watermelon-doppelt-fruchtig-ideal-fuer-den-taeglichen-gebrauch\/#primaryimage\"},\"thumbnailUrl\":\"https:\/\/vapingnet.de\/wp-content\/uploads\/2025\/03\/bang50k-red-bull-und-blueberry-watermelon.png\",\"datePublished\":\"2025-03-24T03:18:05+00:00\",\"dateModified\":\"2026-01-25T09:12:57+00:00\",\"description\":\"Entdecke Bang King 50000 Puffs Red Bull and Blueberry Watermelon doppelt fruchtig ideal f\u00fcr den t\u00e4glichen Gebrauch bei vapingnet.de, \u25ba Gro\u00dfe Auswahl an Geschmacksrichtungen & super g\u00fcnstig!\",\"breadcrumb\":{\"@id\":\"https:\/\/vapingnet.de\/vape\/bang-king-50000-puffs-red-bull-and-blueberry-watermelon-doppelt-fruchtig-ideal-fuer-den-taeglichen-gebrauch\/#breadcrumb\"},\"inLanguage\":\"sk-SK\",\"potentialAction\":[{\"@type\":\"ReadAction\",\"target\":[\"https:\/\/vapingnet.de\/vape\/bang-king-50000-puffs-red-bull-and-blueberry-watermelon-doppelt-fruchtig-ideal-fuer-den-taeglichen-gebrauch\/\"]}]},{\"@type\":\"ImageObject\",\"inLanguage\":\"sk-SK\",\"@id\":\"https:\/\/vapingnet.de\/vape\/bang-king-50000-puffs-red-bull-and-blueberry-watermelon-doppelt-fruchtig-ideal-fuer-den-taeglichen-gebrauch\/#primaryimage\",\"url\":\"https:\/\/vapingnet.de\/wp-content\/uploads\/2025\/03\/bang50k-red-bull-und-blueberry-watermelon.png\",\"contentUrl\":\"https:\/\/vapingnet.de\/wp-content\/uploads\/2025\/03\/bang50k-red-bull-und-blueberry-watermelon.png\",\"width\":1000,\"height\":1000,\"caption\":\"bang50k-red bull und blueberry watermelon\"},{\"@type\":\"BreadcrumbList\",\"@id\":\"https:\/\/vapingnet.de\/vape\/bang-king-50000-puffs-red-bull-and-blueberry-watermelon-doppelt-fruchtig-ideal-fuer-den-taeglichen-gebrauch\/#breadcrumb\",\"itemListElement\":[{\"@type\":\"ListItem\",\"position\":1,\"name\":\"Home\",\"item\":\"https:\/\/vapingnet.de\/\"},{\"@type\":\"ListItem\",\"position\":2,\"name\":\"Shop\",\"item\":\"https:\/\/vapingnet.de\/vape\/\"},{\"@type\":\"ListItem\",\"position\":3,\"name\":\"Bang King 50000 Puffs Red Bull and Blueberry Watermelon doppelt fruchtig ideal f\u00fcr den t\u00e4glichen Gebrauch\"}]},{\"@type\":\"WebSite\",\"@id\":\"https:\/\/vapingnet.de\/#website\",\"url\":\"https:\/\/vapingnet.de\/\",\"name\":\"Vapingnet.de\",\"description\":\"\",\"publisher\":{\"@id\":\"https:\/\/vapingnet.de\/#organization\"},\"potentialAction\":[{\"@type\":\"SearchAction\",\"target\":{\"@type\":\"EntryPoint\",\"urlTemplate\":\"https:\/\/vapingnet.de\/?s={search_term_string}\"},\"query-input\":{\"@type\":\"PropertyValueSpecification\",\"valueRequired\":true,\"valueName\":\"search_term_string\"}}],\"inLanguage\":\"sk-SK\"},{\"@type\":\"Organization\",\"@id\":\"https:\/\/vapingnet.de\/#organization\",\"name\":\"Vapingnet.de\",\"url\":\"https:\/\/vapingnet.de\/\",\"logo\":{\"@type\":\"ImageObject\",\"inLanguage\":\"sk-SK\",\"@id\":\"https:\/\/vapingnet.de\/#\/schema\/logo\/image\/\",\"url\":\"https:\/\/vapingnet.de\/wp-content\/uploads\/2025\/03\/cropped-vapingnet.de_.jpg\",\"contentUrl\":\"https:\/\/vapingnet.de\/wp-content\/uploads\/2025\/03\/cropped-vapingnet.de_.jpg\",\"width\":512,\"height\":512,\"caption\":\"Vapingnet.de\"},\"image\":{\"@id\":\"https:\/\/vapingnet.de\/#\/schema\/logo\/image\/\"},\"sameAs\":[\"https:\/\/www.facebook.com\/vapingnetde\/\"]}]}<\/script>\n<!-- \/ Yoast SEO plugin. -->","yoast_head_json":{"title":"Bang King 50000 Puffs Red Bull and Blueberry Watermelon doppelt fruchtig ideal f\u00fcr den t\u00e4glichen Gebrauch | Vapingnet.de","description":"Entdecke Bang King 50000 Puffs Red Bull and Blueberry Watermelon doppelt fruchtig ideal f\u00fcr den t\u00e4glichen Gebrauch bei vapingnet.de, \u25ba Gro\u00dfe Auswahl an Geschmacksrichtungen & super g\u00fcnstig!","robots":{"index":"index","follow":"follow","max-snippet":"max-snippet:-1","max-image-preview":"max-image-preview:large","max-video-preview":"max-video-preview:-1"},"canonical":"https:\/\/vapingnet.de\/sk\/vape\/bang-king-50000-puffs-red-bull-and-blueberry-watermelon-doppelt-fruchtig-ideal-fuer-den-taeglichen-gebrauch\/","og_locale":"sk_SK","og_type":"article","og_title":"Bang King 50000 Puffs Red Bull and Blueberry Watermelon doppelt fruchtig ideal f\u00fcr den t\u00e4glichen Gebrauch | Vapingnet.de","og_description":"Entdecke Bang King 50000 Puffs Red Bull and Blueberry Watermelon doppelt fruchtig ideal f\u00fcr den t\u00e4glichen Gebrauch bei vapingnet.de, \u25ba Gro\u00dfe Auswahl an Geschmacksrichtungen & super g\u00fcnstig!","og_url":"https:\/\/vapingnet.de\/sk\/vape\/bang-king-50000-puffs-red-bull-and-blueberry-watermelon-doppelt-fruchtig-ideal-fuer-den-taeglichen-gebrauch\/","og_site_name":"Vapingnet.de","article_publisher":"https:\/\/www.facebook.com\/vapingnetde\/","article_modified_time":"2026-01-25T09:12:57+00:00","og_image":[{"width":1000,"height":1000,"url":"https:\/\/vapingnet.de\/wp-content\/uploads\/2025\/03\/bang50k-red-bull-und-blueberry-watermelon.png","type":"image\/png"}],"twitter_card":"summary_large_image","twitter_misc":{"Est. reading time":"3 minutes"},"schema":{"@context":"https:\/\/schema.org","@graph":[{"@type":"WebPage","@id":"https:\/\/vapingnet.de\/vape\/bang-king-50000-puffs-red-bull-and-blueberry-watermelon-doppelt-fruchtig-ideal-fuer-den-taeglichen-gebrauch\/","url":"https:\/\/vapingnet.de\/vape\/bang-king-50000-puffs-red-bull-and-blueberry-watermelon-doppelt-fruchtig-ideal-fuer-den-taeglichen-gebrauch\/","name":"Bang King 50000 Puffs Red Bull and Blueberry Watermelon doppelt fruchtig ideal f\u00fcr den t\u00e4glichen Gebrauch | Vapingnet.de","isPartOf":{"@id":"https:\/\/vapingnet.de\/#website"},"primaryImageOfPage":{"@id":"https:\/\/vapingnet.de\/vape\/bang-king-50000-puffs-red-bull-and-blueberry-watermelon-doppelt-fruchtig-ideal-fuer-den-taeglichen-gebrauch\/#primaryimage"},"image":{"@id":"https:\/\/vapingnet.de\/vape\/bang-king-50000-puffs-red-bull-and-blueberry-watermelon-doppelt-fruchtig-ideal-fuer-den-taeglichen-gebrauch\/#primaryimage"},"thumbnailUrl":"https:\/\/vapingnet.de\/wp-content\/uploads\/2025\/03\/bang50k-red-bull-und-blueberry-watermelon.png","datePublished":"2025-03-24T03:18:05+00:00","dateModified":"2026-01-25T09:12:57+00:00","description":"Entdecke Bang King 50000 Puffs Red Bull and Blueberry Watermelon doppelt fruchtig ideal f\u00fcr den t\u00e4glichen Gebrauch bei vapingnet.de, \u25ba Gro\u00dfe Auswahl an Geschmacksrichtungen & super g\u00fcnstig!","breadcrumb":{"@id":"https:\/\/vapingnet.de\/vape\/bang-king-50000-puffs-red-bull-and-blueberry-watermelon-doppelt-fruchtig-ideal-fuer-den-taeglichen-gebrauch\/#breadcrumb"},"inLanguage":"sk-SK","potentialAction":[{"@type":"ReadAction","target":["https:\/\/vapingnet.de\/vape\/bang-king-50000-puffs-red-bull-and-blueberry-watermelon-doppelt-fruchtig-ideal-fuer-den-taeglichen-gebrauch\/"]}]},{"@type":"ImageObject","inLanguage":"sk-SK","@id":"https:\/\/vapingnet.de\/vape\/bang-king-50000-puffs-red-bull-and-blueberry-watermelon-doppelt-fruchtig-ideal-fuer-den-taeglichen-gebrauch\/#primaryimage","url":"https:\/\/vapingnet.de\/wp-content\/uploads\/2025\/03\/bang50k-red-bull-und-blueberry-watermelon.png","contentUrl":"https:\/\/vapingnet.de\/wp-content\/uploads\/2025\/03\/bang50k-red-bull-und-blueberry-watermelon.png","width":1000,"height":1000,"caption":"bang50k-red bull und blueberry watermelon"},{"@type":"BreadcrumbList","@id":"https:\/\/vapingnet.de\/vape\/bang-king-50000-puffs-red-bull-and-blueberry-watermelon-doppelt-fruchtig-ideal-fuer-den-taeglichen-gebrauch\/#breadcrumb","itemListElement":[{"@type":"ListItem","position":1,"name":"Home","item":"https:\/\/vapingnet.de\/"},{"@type":"ListItem","position":2,"name":"Shop","item":"https:\/\/vapingnet.de\/vape\/"},{"@type":"ListItem","position":3,"name":"Bang King 50000 Puffs Red Bull and Blueberry Watermelon doppelt fruchtig ideal f\u00fcr den t\u00e4glichen Gebrauch"}]},{"@type":"WebSite","@id":"https:\/\/vapingnet.de\/#website","url":"https:\/\/vapingnet.de\/","name":"Vapingnet.de","description":"","publisher":{"@id":"https:\/\/vapingnet.de\/#organization"},"potentialAction":[{"@type":"SearchAction","target":{"@type":"EntryPoint","urlTemplate":"https:\/\/vapingnet.de\/?s={search_term_string}"},"query-input":{"@type":"PropertyValueSpecification","valueRequired":true,"valueName":"search_term_string"}}],"inLanguage":"sk-SK"},{"@type":"Organization","@id":"https:\/\/vapingnet.de\/#organization","name":"Vapingnet.de","url":"https:\/\/vapingnet.de\/","logo":{"@type":"ImageObject","inLanguage":"sk-SK","@id":"https:\/\/vapingnet.de\/#\/schema\/logo\/image\/","url":"https:\/\/vapingnet.de\/wp-content\/uploads\/2025\/03\/cropped-vapingnet.de_.jpg","contentUrl":"https:\/\/vapingnet.de\/wp-content\/uploads\/2025\/03\/cropped-vapingnet.de_.jpg","width":512,"height":512,"caption":"Vapingnet.de"},"image":{"@id":"https:\/\/vapingnet.de\/#\/schema\/logo\/image\/"},"sameAs":["https:\/\/www.facebook.com\/vapingnetde\/"]}]}},"tiered_pricing_type":"fixed","tiered_pricing_fixed_rules":{"10":"12.44","60":"11.96","110":"10.63","200":"9.3"},"tiered_pricing_product_settings":{"layout":"default","base_unit_name":{"singular":null,"plural":null},"default_variation":null},"tiered_pricing_minimum_quantity":null,"tiered_pricing_roles_data":[],"tiered_pricing_percentage_rules":[],"_links":{"self":[{"href":"https:\/\/vapingnet.de\/sk\/wp-json\/wp\/v2\/product\/5816","targetHints":{"allow":["GET"]}}],"collection":[{"href":"https:\/\/vapingnet.de\/sk\/wp-json\/wp\/v2\/product"}],"about":[{"href":"https:\/\/vapingnet.de\/sk\/wp-json\/wp\/v2\/types\/product"}],"version-history":[{"count":3,"href":"https:\/\/vapingnet.de\/sk\/wp-json\/wp\/v2\/product\/5816\/revisions"}],"predecessor-version":[{"id":7542,"href":"https:\/\/vapingnet.de\/sk\/wp-json\/wp\/v2\/product\/5816\/revisions\/7542"}],"wp:featuredmedia":[{"embeddable":true,"href":"https:\/\/vapingnet.de\/sk\/wp-json\/wp\/v2\/media\/5823"}],"wp:attachment":[{"href":"https:\/\/vapingnet.de\/sk\/wp-json\/wp\/v2\/media?parent=5816"}],"wp:term":[{"taxonomy":"brand","embeddable":true,"href":"https:\/\/vapingnet.de\/sk\/wp-json\/wp\/v2\/etheme_brands?post=5816"},{"taxonomy":"product_brand","embeddable":true,"href":"https:\/\/vapingnet.de\/sk\/wp-json\/wp\/v2\/product_brand?post=5816"},{"taxonomy":"product_cat","embeddable":true,"href":"https:\/\/vapingnet.de\/sk\/wp-json\/wp\/v2\/product_cat?post=5816"},{"taxonomy":"product_tag","embeddable":true,"href":"https:\/\/vapingnet.de\/sk\/wp-json\/wp\/v2\/product_tag?post=5816"}],"curies":[{"name":"wp","href":"https:\/\/api.w.org\/{rel}","templated":true}]}}