{"id":5817,"date":"2025-03-24T03:18:07","date_gmt":"2025-03-24T03:18:07","guid":{"rendered":"https:\/\/vapingnet.de\/?post_type=product&#038;p=5817"},"modified":"2026-01-25T09:12:18","modified_gmt":"2026-01-25T09:12:18","slug":"bang-king-50000-puffs-strawberry-mango-and-watermelon-bubble-gum-der-ideale-vape-fuer-intensive-fruchtnoten","status":"publish","type":"product","link":"https:\/\/vapingnet.de\/sk\/vape\/bang-king-50000-puffs-strawberry-mango-and-watermelon-bubble-gum-der-ideale-vape-fuer-intensive-fruchtnoten\/","title":{"rendered":"Bang King 50000 Puffs Jahoda Mango a Mel\u00f3n Bubble Gum ide\u00e1lny vape pre intenz\u00edvne ovocn\u00e9 t\u00f3ny"},"content":{"rendered":"<h2 data-start=\"0\" data-end=\"84\">Bang King 50000 Pufov Jednorazov\u00e1 Elektronick\u00e1 Cigareta \u2013 Odoln\u00e1 a s dvojitou chu\u0165ou<\/h2>\n<p class=\"\" data-start=\"86\" data-end=\"432\">Bang King 50000 Pufov Jednorazov\u00e1 Elektronick\u00e1 Cigareta pon\u00faka nielen extr\u00e9mne dlh\u00e9 pou\u017e\u00edvanie, ale aj bohat\u00fd chu\u0165ov\u00fd z\u00e1\u017eitok a poskytuje vap\u00e9ram pohodln\u00e9, efekt\u00edvne a pr\u00edjemn\u00e9 vapovanie. S pokro\u010dilou technol\u00f3giou a dizajnom je tento produkt skuto\u010dnou inov\u00e1ciou a odli\u0161uje sa od ostatn\u00fdch na trhu.<\/p>\n<h3 class=\"\" data-start=\"439\" data-end=\"459\">Hlavn\u00e9 vlastnosti<\/h3>\n<div class=\"overflow-x-auto contain-inline-size\">\n<table data-start=\"461\" data-end=\"1272\">\n<thead data-start=\"461\" data-end=\"543\">\n<tr data-start=\"461\" data-end=\"543\">\n<th data-start=\"461\" data-end=\"488\">Funkcia<\/th>\n<th data-start=\"488\" data-end=\"543\">Detaily<\/th>\n<\/tr>\n<\/thead>\n<tbody data-start=\"628\" data-end=\"1272\">\n<tr data-start=\"628\" data-end=\"713\">\n<td>Maxim\u00e1lny po\u010det \u0165ahov<\/td>\n<td>50 000 \u0165ahov, pre dlhodob\u00e9 pou\u017e\u00edvanie.<\/td>\n<\/tr>\n<tr data-start=\"714\" data-end=\"834\">\n<td>Vaporiza\u010dn\u00fd jadro<\/td>\n<td>1,0\u03a9 Mesh cievka, zabezpe\u010duje rovnomern\u00e9 odparovanie a intenz\u00edvnej\u0161iu chu\u0165.<\/td>\n<\/tr>\n<tr data-start=\"835\" data-end=\"948\">\n<td>Kapacita e-liquidu<\/td>\n<td>50 ml, ve\u013ek\u00e1 kapacita tekutiny, zni\u017euje potrebu \u010dast\u00e9ho dop\u013a\u0148ania.<\/td>\n<\/tr>\n<tr data-start=\"949\" data-end=\"1037\">\n<td>Koncentr\u00e1cia nikot\u00ednu<\/td>\n<td>Vyberte si medzi obsahom nikot\u00ednu 0% \/ 2% \/ 3% \/ 5%.<\/td>\n<\/tr>\n<tr data-start=\"1038\" data-end=\"1157\">\n<td>Displej<\/td>\n<td>LCD digit\u00e1lny displej, zobrazuje zost\u00e1vaj\u00facu kapacitu bat\u00e9rie a pokrok.<\/td>\n<\/tr>\n<tr data-start=\"1158\" data-end=\"1272\">\n<td>Bat\u00e9ria a nab\u00edjac\u00ed port<\/td>\n<td>850mAh bat\u00e9ria, podporuje r\u00fdchle nab\u00edjanie cez Type-C pre r\u00fdchle dobitie.<\/td>\n<\/tr>\n<\/tbody>\n<\/table>\n<\/div>\n<h4 data-start=\"1279\" data-end=\"1347\">Chu\u0165ov\u00fd z\u00e1\u017eitok: Jahodovo-mangov\u00e1 a Mel\u00f3nov\u00e1 \u017euva\u010dka<\/h4>\n<p class=\"\" data-start=\"1349\" data-end=\"1709\">Bang King 50000 Pufov pon\u00faka dve lahodn\u00e9 pr\u00edchute: Jahodovo-mangov\u00e1 a Mel\u00f3nov\u00e1 \u017euva\u010dka. Ka\u017ed\u00fd \u0165ah prin\u00e1\u0161a intenz\u00edvny chu\u0165ov\u00fd z\u00e1\u017eitok: sladk\u00e1 kombin\u00e1cia jahody a manga alebo osvie\u017euj\u00faci mel\u00f3n spolu so sladkou chu\u0165ou \u017euva\u010dky. Obe pr\u00edchute pon\u00fakaj\u00fa jedine\u010dn\u00fd z\u00e1\u017eitok z vapovania.<\/p>\n<h3>V\u00fdhody a hlavn\u00e9 body<\/h3>\n<ul data-start=\"1749\" data-end=\"2275\">\n<li class=\"\" data-start=\"1749\" data-end=\"1912\">\n<p class=\"\" data-start=\"1751\" data-end=\"1912\">Coln\u00e9 vo\u013en\u00e9 n\u00e1kupy<br data-start=\"1773\" data-end=\"1776\" \/>Nebu\u010fte si starosti s coln\u00fdmi poplatkami! U\u017e\u00edvajte si bezcoln\u00e9 n\u00e1kupy a z\u00edskajte tento kvalitn\u00fd produkt jednoducho.<\/p>\n<\/li>\n<li class=\"\" data-start=\"1914\" data-end=\"2103\">\n<p class=\"\" data-start=\"1916\" data-end=\"2103\">R\u00fdchle doru\u010denie<br data-start=\"1937\" data-end=\"1940\" \/>Doru\u010denie je zabezpe\u010den\u00e9 letecky a bude doru\u010den\u00e9 do 7-15 pracovn\u00fdch dn\u00ed, tak\u017ee si m\u00f4\u017eete r\u00fdchlo vychutna\u0165 svoj nov\u00fd produkt.<\/p>\n<\/li>\n<li class=\"\" data-start=\"2105\" data-end=\"2275\">\n<p class=\"\" data-start=\"2107\" data-end=\"2275\">Jednoduch\u00e9 pou\u017e\u00edvanie<br data-start=\"2127\" data-end=\"2130\" \/>S LCD displejom m\u00f4\u017eete kedyko\u013evek sledova\u0165 zost\u00e1vaj\u00facu kapacitu bat\u00e9rie a po\u010det zost\u00e1vaj\u00facich \u0165ahov, tak\u017ee nikdy nezostanete bez energie.<\/p>\n<\/li>\n<\/ul>\n<h3 class=\"\" data-start=\"2282\" data-end=\"2333\">K\u00fapte teraz a vychutnajte si nov\u00e9 z\u00e1\u017eitky<\/h3>\n<p class=\"\" data-start=\"2335\" data-end=\"2611\">Bang King 50000 Pufov je ide\u00e1lnou vo\u013ebou pre vap\u00e9rov, ktor\u00ed h\u013eadaj\u00fa kvalitn\u00fd, odoln\u00fd produkt. S jej extr\u00e9mnou v\u00fddr\u017eou, ve\u013ekou kapacitou tekutiny a dvojitou chu\u0165ou je ide\u00e1lna na ka\u017edodenn\u00e9 pou\u017eitie alebo na \u0161peci\u00e1lne pr\u00edle\u017eitosti.<\/p>\n<p class=\"\" data-start=\"2613\" data-end=\"2772\">Nav\u0161t\u00edvte vapingnet.de, nakupujte teraz a za\u017eite tento inovat\u00edvny jednorazov\u00fd e-cigaretu s jedine\u010dn\u00fdm z\u00e1\u017eitkom z parenia!<\/p>\n<p class=\"\" data-start=\"2779\" data-end=\"2930\">Bang King 50000 Puffs pon\u00faka dlh\u0161ie, intenz\u00edvnej\u0161ie a inteligentnej\u0161ie z\u00e1\u017eitky z parenia. Za\u017eite rozdiel \u2013 nakupujte teraz a vychutnajte si!<\/p>","protected":false},"excerpt":{"rendered":"<p>Bang King 50000 Puffs Einweg-E-Zigarette \u2013 Langlebig und mit doppeltem Geschmack Die Bang King 50000 Puffs Einweg-E-Zigarette bietet nicht nur eine extrem lange Nutzung sondern&#8230;<\/p>","protected":false},"featured_media":5824,"template":"","meta":[],"etheme_brands":[],"product_brand":[101],"product_cat":[67,49,61,87],"product_tag":[],"class_list":{"0":"post-5817","1":"product","2":"type-product","3":"status-publish","4":"has-post-thumbnail","6":"product_brand-bang-king-vape","7":"product_cat-50k-vape","8":"product_cat-einweg-e-zigarette","9":"product_cat-f","10":"product_cat-v","12":"first","13":"instock","14":"shipping-taxable","15":"purchasable","16":"product-type-simple"},"yoast_head":"<!-- This site is optimized with the Yoast SEO plugin v26.5 - https:\/\/yoast.com\/wordpress\/plugins\/seo\/ -->\n<title>Bang King 50000 Puffs Strawberry Mango and Watermelon Bubble Gum der ideale Vape f\u00fcr intensive Fruchtnoten | Vapingnet.de<\/title>\n<meta name=\"description\" content=\"Entdecke Bang King 50000 Puffs Strawberry Mango and Watermelon Bubble Gum der ideale Vape f\u00fcr intensive Fruchtnoten bei vapingnet.de, \u25ba Gro\u00dfe Auswahl an Geschmacksrichtungen &amp; super g\u00fcnstig!\" \/>\n<meta name=\"robots\" content=\"index, follow, max-snippet:-1, max-image-preview:large, max-video-preview:-1\" \/>\n<link rel=\"canonical\" href=\"https:\/\/vapingnet.de\/sk\/vape\/bang-king-50000-puffs-strawberry-mango-and-watermelon-bubble-gum-der-ideale-vape-fuer-intensive-fruchtnoten\/\" \/>\n<meta property=\"og:locale\" content=\"sk_SK\" \/>\n<meta property=\"og:type\" content=\"article\" \/>\n<meta property=\"og:title\" content=\"Bang King 50000 Puffs Strawberry Mango and Watermelon Bubble Gum der ideale Vape f\u00fcr intensive Fruchtnoten | Vapingnet.de\" \/>\n<meta property=\"og:description\" content=\"Entdecke Bang King 50000 Puffs Strawberry Mango and Watermelon Bubble Gum der ideale Vape f\u00fcr intensive Fruchtnoten bei vapingnet.de, \u25ba Gro\u00dfe Auswahl an Geschmacksrichtungen &amp; super g\u00fcnstig!\" \/>\n<meta property=\"og:url\" content=\"https:\/\/vapingnet.de\/sk\/vape\/bang-king-50000-puffs-strawberry-mango-and-watermelon-bubble-gum-der-ideale-vape-fuer-intensive-fruchtnoten\/\" \/>\n<meta property=\"og:site_name\" content=\"Vapingnet.de\" \/>\n<meta property=\"article:publisher\" content=\"https:\/\/www.facebook.com\/vapingnetde\/\" \/>\n<meta property=\"article:modified_time\" content=\"2026-01-25T09:12:18+00:00\" \/>\n<meta property=\"og:image\" content=\"https:\/\/vapingnet.de\/wp-content\/uploads\/2025\/03\/strawberry-mango-und-watermelon-bubble-gum.png\" \/>\n\t<meta property=\"og:image:width\" content=\"1000\" \/>\n\t<meta property=\"og:image:height\" content=\"1000\" \/>\n\t<meta property=\"og:image:type\" content=\"image\/png\" \/>\n<meta name=\"twitter:card\" content=\"summary_large_image\" \/>\n<meta name=\"twitter:label1\" content=\"Est. reading time\" \/>\n\t<meta name=\"twitter:data1\" content=\"3 minutes\" \/>\n<script type=\"application\/ld+json\" class=\"yoast-schema-graph\">{\"@context\":\"https:\/\/schema.org\",\"@graph\":[{\"@type\":\"WebPage\",\"@id\":\"https:\/\/vapingnet.de\/vape\/bang-king-50000-puffs-strawberry-mango-and-watermelon-bubble-gum-der-ideale-vape-fuer-intensive-fruchtnoten\/\",\"url\":\"https:\/\/vapingnet.de\/vape\/bang-king-50000-puffs-strawberry-mango-and-watermelon-bubble-gum-der-ideale-vape-fuer-intensive-fruchtnoten\/\",\"name\":\"Bang King 50000 Puffs Strawberry Mango and Watermelon Bubble Gum der ideale Vape f\u00fcr intensive Fruchtnoten | Vapingnet.de\",\"isPartOf\":{\"@id\":\"https:\/\/vapingnet.de\/#website\"},\"primaryImageOfPage\":{\"@id\":\"https:\/\/vapingnet.de\/vape\/bang-king-50000-puffs-strawberry-mango-and-watermelon-bubble-gum-der-ideale-vape-fuer-intensive-fruchtnoten\/#primaryimage\"},\"image\":{\"@id\":\"https:\/\/vapingnet.de\/vape\/bang-king-50000-puffs-strawberry-mango-and-watermelon-bubble-gum-der-ideale-vape-fuer-intensive-fruchtnoten\/#primaryimage\"},\"thumbnailUrl\":\"https:\/\/vapingnet.de\/wp-content\/uploads\/2025\/03\/strawberry-mango-und-watermelon-bubble-gum.png\",\"datePublished\":\"2025-03-24T03:18:07+00:00\",\"dateModified\":\"2026-01-25T09:12:18+00:00\",\"description\":\"Entdecke Bang King 50000 Puffs Strawberry Mango and Watermelon Bubble Gum der ideale Vape f\u00fcr intensive Fruchtnoten bei vapingnet.de, \u25ba Gro\u00dfe Auswahl an Geschmacksrichtungen & super g\u00fcnstig!\",\"breadcrumb\":{\"@id\":\"https:\/\/vapingnet.de\/vape\/bang-king-50000-puffs-strawberry-mango-and-watermelon-bubble-gum-der-ideale-vape-fuer-intensive-fruchtnoten\/#breadcrumb\"},\"inLanguage\":\"sk-SK\",\"potentialAction\":[{\"@type\":\"ReadAction\",\"target\":[\"https:\/\/vapingnet.de\/vape\/bang-king-50000-puffs-strawberry-mango-and-watermelon-bubble-gum-der-ideale-vape-fuer-intensive-fruchtnoten\/\"]}]},{\"@type\":\"ImageObject\",\"inLanguage\":\"sk-SK\",\"@id\":\"https:\/\/vapingnet.de\/vape\/bang-king-50000-puffs-strawberry-mango-and-watermelon-bubble-gum-der-ideale-vape-fuer-intensive-fruchtnoten\/#primaryimage\",\"url\":\"https:\/\/vapingnet.de\/wp-content\/uploads\/2025\/03\/strawberry-mango-und-watermelon-bubble-gum.png\",\"contentUrl\":\"https:\/\/vapingnet.de\/wp-content\/uploads\/2025\/03\/strawberry-mango-und-watermelon-bubble-gum.png\",\"width\":1000,\"height\":1000,\"caption\":\"strawberry mango und watermelon bubble gum\"},{\"@type\":\"BreadcrumbList\",\"@id\":\"https:\/\/vapingnet.de\/vape\/bang-king-50000-puffs-strawberry-mango-and-watermelon-bubble-gum-der-ideale-vape-fuer-intensive-fruchtnoten\/#breadcrumb\",\"itemListElement\":[{\"@type\":\"ListItem\",\"position\":1,\"name\":\"Home\",\"item\":\"https:\/\/vapingnet.de\/\"},{\"@type\":\"ListItem\",\"position\":2,\"name\":\"Shop\",\"item\":\"https:\/\/vapingnet.de\/vape\/\"},{\"@type\":\"ListItem\",\"position\":3,\"name\":\"Bang King 50000 Puffs Strawberry Mango and Watermelon Bubble Gum der ideale Vape f\u00fcr intensive Fruchtnoten\"}]},{\"@type\":\"WebSite\",\"@id\":\"https:\/\/vapingnet.de\/#website\",\"url\":\"https:\/\/vapingnet.de\/\",\"name\":\"Vapingnet.de\",\"description\":\"\",\"publisher\":{\"@id\":\"https:\/\/vapingnet.de\/#organization\"},\"potentialAction\":[{\"@type\":\"SearchAction\",\"target\":{\"@type\":\"EntryPoint\",\"urlTemplate\":\"https:\/\/vapingnet.de\/?s={search_term_string}\"},\"query-input\":{\"@type\":\"PropertyValueSpecification\",\"valueRequired\":true,\"valueName\":\"search_term_string\"}}],\"inLanguage\":\"sk-SK\"},{\"@type\":\"Organization\",\"@id\":\"https:\/\/vapingnet.de\/#organization\",\"name\":\"Vapingnet.de\",\"url\":\"https:\/\/vapingnet.de\/\",\"logo\":{\"@type\":\"ImageObject\",\"inLanguage\":\"sk-SK\",\"@id\":\"https:\/\/vapingnet.de\/#\/schema\/logo\/image\/\",\"url\":\"https:\/\/vapingnet.de\/wp-content\/uploads\/2025\/03\/cropped-vapingnet.de_.jpg\",\"contentUrl\":\"https:\/\/vapingnet.de\/wp-content\/uploads\/2025\/03\/cropped-vapingnet.de_.jpg\",\"width\":512,\"height\":512,\"caption\":\"Vapingnet.de\"},\"image\":{\"@id\":\"https:\/\/vapingnet.de\/#\/schema\/logo\/image\/\"},\"sameAs\":[\"https:\/\/www.facebook.com\/vapingnetde\/\"]}]}<\/script>\n<!-- \/ Yoast SEO plugin. -->","yoast_head_json":{"title":"Bang King 50000 Puffs Strawberry Mango and Watermelon Bubble Gum der ideale Vape f\u00fcr intensive Fruchtnoten | Vapingnet.de","description":"Entdecke Bang King 50000 Puffs Strawberry Mango and Watermelon Bubble Gum der ideale Vape f\u00fcr intensive Fruchtnoten bei vapingnet.de, \u25ba Gro\u00dfe Auswahl an Geschmacksrichtungen & super g\u00fcnstig!","robots":{"index":"index","follow":"follow","max-snippet":"max-snippet:-1","max-image-preview":"max-image-preview:large","max-video-preview":"max-video-preview:-1"},"canonical":"https:\/\/vapingnet.de\/sk\/vape\/bang-king-50000-puffs-strawberry-mango-and-watermelon-bubble-gum-der-ideale-vape-fuer-intensive-fruchtnoten\/","og_locale":"sk_SK","og_type":"article","og_title":"Bang King 50000 Puffs Strawberry Mango and Watermelon Bubble Gum der ideale Vape f\u00fcr intensive Fruchtnoten | Vapingnet.de","og_description":"Entdecke Bang King 50000 Puffs Strawberry Mango and Watermelon Bubble Gum der ideale Vape f\u00fcr intensive Fruchtnoten bei vapingnet.de, \u25ba Gro\u00dfe Auswahl an Geschmacksrichtungen & super g\u00fcnstig!","og_url":"https:\/\/vapingnet.de\/sk\/vape\/bang-king-50000-puffs-strawberry-mango-and-watermelon-bubble-gum-der-ideale-vape-fuer-intensive-fruchtnoten\/","og_site_name":"Vapingnet.de","article_publisher":"https:\/\/www.facebook.com\/vapingnetde\/","article_modified_time":"2026-01-25T09:12:18+00:00","og_image":[{"width":1000,"height":1000,"url":"https:\/\/vapingnet.de\/wp-content\/uploads\/2025\/03\/strawberry-mango-und-watermelon-bubble-gum.png","type":"image\/png"}],"twitter_card":"summary_large_image","twitter_misc":{"Est. reading time":"3 minutes"},"schema":{"@context":"https:\/\/schema.org","@graph":[{"@type":"WebPage","@id":"https:\/\/vapingnet.de\/vape\/bang-king-50000-puffs-strawberry-mango-and-watermelon-bubble-gum-der-ideale-vape-fuer-intensive-fruchtnoten\/","url":"https:\/\/vapingnet.de\/vape\/bang-king-50000-puffs-strawberry-mango-and-watermelon-bubble-gum-der-ideale-vape-fuer-intensive-fruchtnoten\/","name":"Bang King 50000 Puffs Strawberry Mango and Watermelon Bubble Gum der ideale Vape f\u00fcr intensive Fruchtnoten | Vapingnet.de","isPartOf":{"@id":"https:\/\/vapingnet.de\/#website"},"primaryImageOfPage":{"@id":"https:\/\/vapingnet.de\/vape\/bang-king-50000-puffs-strawberry-mango-and-watermelon-bubble-gum-der-ideale-vape-fuer-intensive-fruchtnoten\/#primaryimage"},"image":{"@id":"https:\/\/vapingnet.de\/vape\/bang-king-50000-puffs-strawberry-mango-and-watermelon-bubble-gum-der-ideale-vape-fuer-intensive-fruchtnoten\/#primaryimage"},"thumbnailUrl":"https:\/\/vapingnet.de\/wp-content\/uploads\/2025\/03\/strawberry-mango-und-watermelon-bubble-gum.png","datePublished":"2025-03-24T03:18:07+00:00","dateModified":"2026-01-25T09:12:18+00:00","description":"Entdecke Bang King 50000 Puffs Strawberry Mango and Watermelon Bubble Gum der ideale Vape f\u00fcr intensive Fruchtnoten bei vapingnet.de, \u25ba Gro\u00dfe Auswahl an Geschmacksrichtungen & super g\u00fcnstig!","breadcrumb":{"@id":"https:\/\/vapingnet.de\/vape\/bang-king-50000-puffs-strawberry-mango-and-watermelon-bubble-gum-der-ideale-vape-fuer-intensive-fruchtnoten\/#breadcrumb"},"inLanguage":"sk-SK","potentialAction":[{"@type":"ReadAction","target":["https:\/\/vapingnet.de\/vape\/bang-king-50000-puffs-strawberry-mango-and-watermelon-bubble-gum-der-ideale-vape-fuer-intensive-fruchtnoten\/"]}]},{"@type":"ImageObject","inLanguage":"sk-SK","@id":"https:\/\/vapingnet.de\/vape\/bang-king-50000-puffs-strawberry-mango-and-watermelon-bubble-gum-der-ideale-vape-fuer-intensive-fruchtnoten\/#primaryimage","url":"https:\/\/vapingnet.de\/wp-content\/uploads\/2025\/03\/strawberry-mango-und-watermelon-bubble-gum.png","contentUrl":"https:\/\/vapingnet.de\/wp-content\/uploads\/2025\/03\/strawberry-mango-und-watermelon-bubble-gum.png","width":1000,"height":1000,"caption":"strawberry mango und watermelon bubble gum"},{"@type":"BreadcrumbList","@id":"https:\/\/vapingnet.de\/vape\/bang-king-50000-puffs-strawberry-mango-and-watermelon-bubble-gum-der-ideale-vape-fuer-intensive-fruchtnoten\/#breadcrumb","itemListElement":[{"@type":"ListItem","position":1,"name":"Home","item":"https:\/\/vapingnet.de\/"},{"@type":"ListItem","position":2,"name":"Shop","item":"https:\/\/vapingnet.de\/vape\/"},{"@type":"ListItem","position":3,"name":"Bang King 50000 Puffs Strawberry Mango and Watermelon Bubble Gum der ideale Vape f\u00fcr intensive Fruchtnoten"}]},{"@type":"WebSite","@id":"https:\/\/vapingnet.de\/#website","url":"https:\/\/vapingnet.de\/","name":"Vapingnet.de","description":"","publisher":{"@id":"https:\/\/vapingnet.de\/#organization"},"potentialAction":[{"@type":"SearchAction","target":{"@type":"EntryPoint","urlTemplate":"https:\/\/vapingnet.de\/?s={search_term_string}"},"query-input":{"@type":"PropertyValueSpecification","valueRequired":true,"valueName":"search_term_string"}}],"inLanguage":"sk-SK"},{"@type":"Organization","@id":"https:\/\/vapingnet.de\/#organization","name":"Vapingnet.de","url":"https:\/\/vapingnet.de\/","logo":{"@type":"ImageObject","inLanguage":"sk-SK","@id":"https:\/\/vapingnet.de\/#\/schema\/logo\/image\/","url":"https:\/\/vapingnet.de\/wp-content\/uploads\/2025\/03\/cropped-vapingnet.de_.jpg","contentUrl":"https:\/\/vapingnet.de\/wp-content\/uploads\/2025\/03\/cropped-vapingnet.de_.jpg","width":512,"height":512,"caption":"Vapingnet.de"},"image":{"@id":"https:\/\/vapingnet.de\/#\/schema\/logo\/image\/"},"sameAs":["https:\/\/www.facebook.com\/vapingnetde\/"]}]}},"tiered_pricing_type":"fixed","tiered_pricing_fixed_rules":{"10":"12.44","60":"11.96","110":"10.63","200":"9.3"},"tiered_pricing_product_settings":{"layout":"default","base_unit_name":{"singular":null,"plural":null},"default_variation":null},"tiered_pricing_minimum_quantity":null,"tiered_pricing_roles_data":[],"tiered_pricing_percentage_rules":[],"_links":{"self":[{"href":"https:\/\/vapingnet.de\/sk\/wp-json\/wp\/v2\/product\/5817","targetHints":{"allow":["GET"]}}],"collection":[{"href":"https:\/\/vapingnet.de\/sk\/wp-json\/wp\/v2\/product"}],"about":[{"href":"https:\/\/vapingnet.de\/sk\/wp-json\/wp\/v2\/types\/product"}],"version-history":[{"count":3,"href":"https:\/\/vapingnet.de\/sk\/wp-json\/wp\/v2\/product\/5817\/revisions"}],"predecessor-version":[{"id":7541,"href":"https:\/\/vapingnet.de\/sk\/wp-json\/wp\/v2\/product\/5817\/revisions\/7541"}],"wp:featuredmedia":[{"embeddable":true,"href":"https:\/\/vapingnet.de\/sk\/wp-json\/wp\/v2\/media\/5824"}],"wp:attachment":[{"href":"https:\/\/vapingnet.de\/sk\/wp-json\/wp\/v2\/media?parent=5817"}],"wp:term":[{"taxonomy":"brand","embeddable":true,"href":"https:\/\/vapingnet.de\/sk\/wp-json\/wp\/v2\/etheme_brands?post=5817"},{"taxonomy":"product_brand","embeddable":true,"href":"https:\/\/vapingnet.de\/sk\/wp-json\/wp\/v2\/product_brand?post=5817"},{"taxonomy":"product_cat","embeddable":true,"href":"https:\/\/vapingnet.de\/sk\/wp-json\/wp\/v2\/product_cat?post=5817"},{"taxonomy":"product_tag","embeddable":true,"href":"https:\/\/vapingnet.de\/sk\/wp-json\/wp\/v2\/product_tag?post=5817"}],"curies":[{"name":"wp","href":"https:\/\/api.w.org\/{rel}","templated":true}]}}