{"id":5839,"date":"2025-03-24T06:00:47","date_gmt":"2025-03-24T06:00:47","guid":{"rendered":"https:\/\/vapingnet.de\/?post_type=product&#038;p=5839"},"modified":"2026-01-25T09:11:40","modified_gmt":"2026-01-25T09:11:40","slug":"bang-king-50000-puffs-strawberry-mango-strawberry-kiwi-doppelt-fruchtig-und-jetzt-zu-einem-exklusiven-rabatt","status":"publish","type":"product","link":"https:\/\/vapingnet.de\/sk\/vape\/bang-king-50000-puffs-strawberry-mango-strawberry-kiwi-doppelt-fruchtig-und-jetzt-zu-einem-exklusiven-rabatt\/","title":{"rendered":"Bang King 50000 Puffs Jahoda Mango &amp; Jahoda Kiwi dvojn\u00e1sobne ovocn\u00e1 a teraz s exkluz\u00edvnou z\u013eavou"},"content":{"rendered":"<h2 data-start=\"0\" data-end=\"80\">Bang King 50000 Puffs Jednor\u00e1zov\u00e1 E-Cigareta \u2013 Najvy\u0161\u0161\u00ed p\u00f4\u017eitok a odolnos\u0165<\/h2>\n<p class=\"\" data-start=\"82\" data-end=\"418\">Bang King 50000 Puffs Jednor\u00e1zov\u00e1 E-Cigareta je dokonalou vo\u013ebou pre vapery, ktor\u00ed h\u013eadaj\u00fa extr\u00e9mne dlh\u00e9 pou\u017e\u00edvanie, ve\u013ek\u00fa kapacitu n\u00e1plne a dvojit\u00fd z\u00e1\u017eitok z chuti. \u010ci u\u017e na ka\u017edodenn\u00e9 pou\u017eitie alebo na \u0161peci\u00e1lne pr\u00edle\u017eitosti, pon\u00faka v\u00e1m pohodln\u00fd a intenz\u00edvny z\u00e1\u017eitok z vapovania.<\/p>\n<h3 class=\"\" data-start=\"425\" data-end=\"446\">Hlavn\u00e9 vlastnosti<\/h3>\n<ul data-start=\"448\" data-end=\"1587\">\n<li class=\"\" data-start=\"448\" data-end=\"610\">\n<p class=\"\" data-start=\"450\" data-end=\"610\">Maxim\u00e1lny po\u010det \u0165ahov:<br data-start=\"468\" data-end=\"471\" \/>S a\u017e do <a href=\"https:\/\/vapingnet.de\/sk\/k\/50k-vape\/\" target=\"_blank\" rel=\"noopener\"><strong>50 000 potiahnut\u00ed<\/strong><\/a> m\u00f4\u017eete si vychutna\u0165 mimoriadne dlh\u00e9 pou\u017e\u00edvanie bez starost\u00ed o \u010dast\u00e9 dop\u013a\u0148anie.<\/p>\n<\/li>\n<li class=\"\" data-start=\"612\" data-end=\"817\">\n<p class=\"\" data-start=\"614\" data-end=\"817\">Efekt\u00edvne jadro ohrevu:<br data-start=\"645\" data-end=\"648\" \/>Vybaven\u00e9 1,0\u03a9 mesh cievkou, ktor\u00e1 zabezpe\u010duje rovnomern\u00e9 odparovanie a poskytuje konzistentn\u00fa, bohat\u00fa expl\u00f3ziu chuti pri ka\u017edom \u0165ahu.<\/p>\n<\/li>\n<li class=\"\" data-start=\"819\" data-end=\"987\">\n<p class=\"\" data-start=\"821\" data-end=\"987\">Ve\u013ek\u00e1 kapacita n\u00e1plne:<br data-start=\"848\" data-end=\"851\" \/>S 50 ml e-n\u00e1plne t\u00e1to e-cigareta pon\u00faka dlh\u00fa \u017eivotnos\u0165 a zni\u017euje potrebu \u010dast\u00e9ho dop\u013a\u0148ania.<\/p>\n<\/li>\n<li class=\"\" data-start=\"989\" data-end=\"1182\">\n<p class=\"\" data-start=\"991\" data-end=\"1182\">Nastavite\u013en\u00e1 koncentr\u00e1cia nikot\u00ednu:<br data-start=\"1029\" data-end=\"1032\" \/>Vyberte si medzi 0% \/ 2% \/ 3% \/ 5% obsahom nikot\u00ednu, aby ste si mohli vychutna\u0165 dokonal\u00fd z\u00e1\u017eitok z vapovania, ktor\u00fd vyhovuje va\u0161im individu\u00e1lnym potreb\u00e1m.<\/p>\n<\/li>\n<li class=\"\" data-start=\"1184\" data-end=\"1367\">\n<p class=\"\" data-start=\"1186\" data-end=\"1367\">Bat\u00e9ria a nab\u00edjanie:<br data-start=\"1212\" data-end=\"1215\" \/>Vybaven\u00e1 850mAh bat\u00e9riou, ktor\u00fa je mo\u017en\u00e9 r\u00fdchlo nabi\u0165 pomocou Type-C r\u00fdchleho nab\u00edjania, aby bol v\u00e1\u0161 pr\u00edstroj v\u017edy pripraven\u00fd na pou\u017eitie.<\/p>\n<\/li>\n<li class=\"\" data-start=\"1369\" data-end=\"1587\">\n<p class=\"\" data-start=\"1371\" data-end=\"1587\">LCD digit\u00e1lny displej:<br data-start=\"1394\" data-end=\"1397\" \/>LCD displej v\u00e1m kedyko\u013evek uk\u00e1\u017ee zost\u00e1vaj\u00facu kapacitu bat\u00e9rie a po\u010det zost\u00e1vaj\u00facich \u0165ahov, \u010do zabezpe\u010duje praktick\u00e9 a pou\u017e\u00edvate\u013esky pr\u00edvetiv\u00e9 ovl\u00e1danie.<\/p>\n<\/li>\n<\/ul>\n<h4 data-start=\"1594\" data-end=\"1659\">Jedine\u010dn\u00e1 chu\u0165: Jahoda Mango a Jahoda Kiwi<\/h4>\n<p class=\"\" data-start=\"1661\" data-end=\"1778\">Bang King 50000 Puffs pon\u00faka dve lahodn\u00e9 pr\u00edchute: Jahoda Mango a Jahoda Kiwi.<\/p>\n<ul data-start=\"1779\" data-end=\"2080\">\n<li class=\"\" data-start=\"1779\" data-end=\"1919\">\n<p class=\"\" data-start=\"1781\" data-end=\"1919\">Jahoda Mango: Sladk\u00e1 jahoda sa stret\u00e1va s tropickou svie\u017eos\u0165ou manga, \u010do vytv\u00e1ra ovocn\u00fa a intenz\u00edvnu chu\u0165.<\/p>\n<\/li>\n<li class=\"\" data-start=\"1920\" data-end=\"2080\">\n<p class=\"\" data-start=\"1922\" data-end=\"2080\">Jahoda Kiwi: Sladk\u00e1 chu\u0165 jahody je kombinovan\u00e1 s \u010derstvou, mierne kyslou chu\u0165ou kiwi, \u010do poskytuje osvie\u017euj\u00faci a ovocn\u00fd p\u00f4\u017eitok.<\/p>\n<\/li>\n<\/ul>\n<p class=\"\" data-start=\"2082\" data-end=\"2184\">Obe pr\u00edchute pon\u00fakaj\u00fa nezamenite\u013en\u00fd z\u00e1\u017eitok, ktor\u00fd rozmazn\u00e1 va\u0161e chu\u0165ov\u00e9 poh\u00e1riky.<\/p>\n<h3 class=\"\" data-start=\"2191\" data-end=\"2222\">V\u00fdhody a hlavn\u00e9 body<\/h3>\n<ul data-start=\"2224\" data-end=\"2713\">\n<li class=\"\" data-start=\"2224\" data-end=\"2380\">\n<p class=\"\" data-start=\"2226\" data-end=\"2380\">Bezcoln\u00e9 n\u00e1kupy:<br data-start=\"2249\" data-end=\"2252\" \/>Na vapingnet.de m\u00f4\u017eete nakupova\u0165 bez ob\u00e1v, preto\u017ee neplatia \u017eiadne clo \u2013 tak je nakupovanie e\u0161te pr\u00edjemnej\u0161ie.<\/p>\n<\/li>\n<li class=\"\" data-start=\"2382\" data-end=\"2531\">\n<p class=\"\" data-start=\"2384\" data-end=\"2531\">R\u00fdchle doru\u010denie:<br data-start=\"2406\" data-end=\"2409\" \/>U\u017eite si r\u00fdchle doru\u010denie do 7-15 pracovn\u00fdch dn\u00ed, preto\u017ee produkt je zasielan\u00fd letecky.<\/p>\n<\/li>\n<li class=\"\" data-start=\"2533\" data-end=\"2713\">\n<p class=\"\" data-start=\"2535\" data-end=\"2713\">Vysok\u00e1 kvalita:<br data-start=\"2560\" data-end=\"2563\" \/>Ka\u017ed\u00e1 e-cigareta je vyroben\u00e1 s najvy\u0161\u0161ou presnos\u0165ou a kvalitou, aby v\u00e1m poskytla spo\u013eahliv\u00fd a kvalitn\u00fd z\u00e1\u017eitok z vapovania.<\/p>\n<\/li>\n<\/ul>\n<h3 class=\"\" data-start=\"2720\" data-end=\"2775\">K\u00fapte teraz a za\u017eite maxim\u00e1lnu chu\u0165<\/h3>\n<p class=\"\" data-start=\"2777\" data-end=\"3110\">Bang King 50000 Puffs je ide\u00e1lnou vo\u013ebou pre vapovanie, ktor\u00e9 h\u013ead\u00e1 odoln\u00fd, intenz\u00edvny a pohodln\u00fd z\u00e1\u017eitok. S jej extr\u00e9mne dlh\u00fdm pou\u017e\u00edvan\u00edm, ve\u013ekou kapacitou n\u00e1plne a neporovnate\u013en\u00fdmi chu\u0165ov\u00fdmi z\u00e1\u017eitkami je vhodn\u00e1 na ka\u017edodenn\u00e9 pou\u017eitie aj na \u0161peci\u00e1lne pr\u00edle\u017eitosti.<\/p>\n<p class=\"\" data-start=\"3112\" data-end=\"3226\">Nav\u0161t\u00edvte teraz vapingnet.de a k\u00fapte si svoju Bang King 50000 Puffs e\u0161te dnes!<\/p>\n<p class=\"\" data-start=\"3233\" data-end=\"3367\">Bang King 50000 Puffs \u2013 pre dlhodob\u00fd, intenz\u00edvny a inteligentn\u00fd z\u00e1\u017eitok z vapovania. Za\u017eite bud\u00facnos\u0165 vapovania!<\/p>","protected":false},"excerpt":{"rendered":"<p>Bang King 50000 Puffs Einweg E-Zigarette \u2013 H\u00f6chster Genuss und Langlebigkeit Die Bang King 50000 Puffs Einweg E-Zigarette ist die perfekte Wahl f\u00fcr Dampfer, die&#8230;<\/p>","protected":false},"featured_media":5844,"template":"","meta":[],"etheme_brands":[],"product_brand":[101],"product_cat":[67,49,61,87],"product_tag":[],"class_list":{"0":"post-5839","1":"product","2":"type-product","3":"status-publish","4":"has-post-thumbnail","6":"product_brand-bang-king-vape","7":"product_cat-50k-vape","8":"product_cat-einweg-e-zigarette","9":"product_cat-f","10":"product_cat-v","12":"first","13":"instock","14":"shipping-taxable","15":"purchasable","16":"product-type-simple"},"yoast_head":"<!-- This site is optimized with the Yoast SEO plugin v26.5 - https:\/\/yoast.com\/wordpress\/plugins\/seo\/ -->\n<title>Bang King 50000 Puffs Strawberry Mango &amp; Strawberry Kiwi doppelt fruchtig und jetzt zu einem exklusiven Rabatt | Vapingnet.de<\/title>\n<meta name=\"description\" content=\"Entdecke Bang King 50000 Puffs Strawberry Mango &amp; Strawberry Kiwi doppelt fruchtig und jetzt zu einem exklusiven Rabatt bei vapingnet.de, \u25ba Gro\u00dfe Auswahl an Geschmacksrichtungen &amp; super g\u00fcnstig!\" \/>\n<meta name=\"robots\" content=\"index, follow, max-snippet:-1, max-image-preview:large, max-video-preview:-1\" \/>\n<link rel=\"canonical\" href=\"https:\/\/vapingnet.de\/sk\/vape\/bang-king-50000-puffs-strawberry-mango-strawberry-kiwi-doppelt-fruchtig-und-jetzt-zu-einem-exklusiven-rabatt\/\" \/>\n<meta property=\"og:locale\" content=\"sk_SK\" \/>\n<meta property=\"og:type\" content=\"article\" \/>\n<meta property=\"og:title\" content=\"Bang King 50000 Puffs Strawberry Mango &amp; Strawberry Kiwi doppelt fruchtig und jetzt zu einem exklusiven Rabatt | Vapingnet.de\" \/>\n<meta property=\"og:description\" content=\"Entdecke Bang King 50000 Puffs Strawberry Mango &amp; Strawberry Kiwi doppelt fruchtig und jetzt zu einem exklusiven Rabatt bei vapingnet.de, \u25ba Gro\u00dfe Auswahl an Geschmacksrichtungen &amp; super g\u00fcnstig!\" \/>\n<meta property=\"og:url\" content=\"https:\/\/vapingnet.de\/sk\/vape\/bang-king-50000-puffs-strawberry-mango-strawberry-kiwi-doppelt-fruchtig-und-jetzt-zu-einem-exklusiven-rabatt\/\" \/>\n<meta property=\"og:site_name\" content=\"Vapingnet.de\" \/>\n<meta property=\"article:publisher\" content=\"https:\/\/www.facebook.com\/vapingnetde\/\" \/>\n<meta property=\"article:modified_time\" content=\"2026-01-25T09:11:40+00:00\" \/>\n<meta property=\"og:image\" content=\"https:\/\/vapingnet.de\/wp-content\/uploads\/2025\/03\/bang50k-strawberry-mango-und-strawberry-kiwi.png\" \/>\n\t<meta property=\"og:image:width\" content=\"1000\" \/>\n\t<meta property=\"og:image:height\" content=\"1000\" \/>\n\t<meta property=\"og:image:type\" content=\"image\/png\" \/>\n<meta name=\"twitter:card\" content=\"summary_large_image\" \/>\n<meta name=\"twitter:label1\" content=\"Est. reading time\" \/>\n\t<meta name=\"twitter:data1\" content=\"3 minutes\" \/>\n<script type=\"application\/ld+json\" class=\"yoast-schema-graph\">{\"@context\":\"https:\/\/schema.org\",\"@graph\":[{\"@type\":\"WebPage\",\"@id\":\"https:\/\/vapingnet.de\/vape\/bang-king-50000-puffs-strawberry-mango-strawberry-kiwi-doppelt-fruchtig-und-jetzt-zu-einem-exklusiven-rabatt\/\",\"url\":\"https:\/\/vapingnet.de\/vape\/bang-king-50000-puffs-strawberry-mango-strawberry-kiwi-doppelt-fruchtig-und-jetzt-zu-einem-exklusiven-rabatt\/\",\"name\":\"Bang King 50000 Puffs Strawberry Mango & Strawberry Kiwi doppelt fruchtig und jetzt zu einem exklusiven Rabatt | Vapingnet.de\",\"isPartOf\":{\"@id\":\"https:\/\/vapingnet.de\/#website\"},\"primaryImageOfPage\":{\"@id\":\"https:\/\/vapingnet.de\/vape\/bang-king-50000-puffs-strawberry-mango-strawberry-kiwi-doppelt-fruchtig-und-jetzt-zu-einem-exklusiven-rabatt\/#primaryimage\"},\"image\":{\"@id\":\"https:\/\/vapingnet.de\/vape\/bang-king-50000-puffs-strawberry-mango-strawberry-kiwi-doppelt-fruchtig-und-jetzt-zu-einem-exklusiven-rabatt\/#primaryimage\"},\"thumbnailUrl\":\"https:\/\/vapingnet.de\/wp-content\/uploads\/2025\/03\/bang50k-strawberry-mango-und-strawberry-kiwi.png\",\"datePublished\":\"2025-03-24T06:00:47+00:00\",\"dateModified\":\"2026-01-25T09:11:40+00:00\",\"description\":\"Entdecke Bang King 50000 Puffs Strawberry Mango & Strawberry Kiwi doppelt fruchtig und jetzt zu einem exklusiven Rabatt bei vapingnet.de, \u25ba Gro\u00dfe Auswahl an Geschmacksrichtungen & super g\u00fcnstig!\",\"breadcrumb\":{\"@id\":\"https:\/\/vapingnet.de\/vape\/bang-king-50000-puffs-strawberry-mango-strawberry-kiwi-doppelt-fruchtig-und-jetzt-zu-einem-exklusiven-rabatt\/#breadcrumb\"},\"inLanguage\":\"sk-SK\",\"potentialAction\":[{\"@type\":\"ReadAction\",\"target\":[\"https:\/\/vapingnet.de\/vape\/bang-king-50000-puffs-strawberry-mango-strawberry-kiwi-doppelt-fruchtig-und-jetzt-zu-einem-exklusiven-rabatt\/\"]}]},{\"@type\":\"ImageObject\",\"inLanguage\":\"sk-SK\",\"@id\":\"https:\/\/vapingnet.de\/vape\/bang-king-50000-puffs-strawberry-mango-strawberry-kiwi-doppelt-fruchtig-und-jetzt-zu-einem-exklusiven-rabatt\/#primaryimage\",\"url\":\"https:\/\/vapingnet.de\/wp-content\/uploads\/2025\/03\/bang50k-strawberry-mango-und-strawberry-kiwi.png\",\"contentUrl\":\"https:\/\/vapingnet.de\/wp-content\/uploads\/2025\/03\/bang50k-strawberry-mango-und-strawberry-kiwi.png\",\"width\":1000,\"height\":1000,\"caption\":\"bang50k-strawberry mango und strawberry kiwi\"},{\"@type\":\"BreadcrumbList\",\"@id\":\"https:\/\/vapingnet.de\/vape\/bang-king-50000-puffs-strawberry-mango-strawberry-kiwi-doppelt-fruchtig-und-jetzt-zu-einem-exklusiven-rabatt\/#breadcrumb\",\"itemListElement\":[{\"@type\":\"ListItem\",\"position\":1,\"name\":\"Home\",\"item\":\"https:\/\/vapingnet.de\/\"},{\"@type\":\"ListItem\",\"position\":2,\"name\":\"Shop\",\"item\":\"https:\/\/vapingnet.de\/vape\/\"},{\"@type\":\"ListItem\",\"position\":3,\"name\":\"Bang King 50000 Puffs Strawberry Mango &#038; Strawberry Kiwi doppelt fruchtig und jetzt zu einem exklusiven Rabatt\"}]},{\"@type\":\"WebSite\",\"@id\":\"https:\/\/vapingnet.de\/#website\",\"url\":\"https:\/\/vapingnet.de\/\",\"name\":\"Vapingnet.de\",\"description\":\"\",\"publisher\":{\"@id\":\"https:\/\/vapingnet.de\/#organization\"},\"potentialAction\":[{\"@type\":\"SearchAction\",\"target\":{\"@type\":\"EntryPoint\",\"urlTemplate\":\"https:\/\/vapingnet.de\/?s={search_term_string}\"},\"query-input\":{\"@type\":\"PropertyValueSpecification\",\"valueRequired\":true,\"valueName\":\"search_term_string\"}}],\"inLanguage\":\"sk-SK\"},{\"@type\":\"Organization\",\"@id\":\"https:\/\/vapingnet.de\/#organization\",\"name\":\"Vapingnet.de\",\"url\":\"https:\/\/vapingnet.de\/\",\"logo\":{\"@type\":\"ImageObject\",\"inLanguage\":\"sk-SK\",\"@id\":\"https:\/\/vapingnet.de\/#\/schema\/logo\/image\/\",\"url\":\"https:\/\/vapingnet.de\/wp-content\/uploads\/2025\/03\/cropped-vapingnet.de_.jpg\",\"contentUrl\":\"https:\/\/vapingnet.de\/wp-content\/uploads\/2025\/03\/cropped-vapingnet.de_.jpg\",\"width\":512,\"height\":512,\"caption\":\"Vapingnet.de\"},\"image\":{\"@id\":\"https:\/\/vapingnet.de\/#\/schema\/logo\/image\/\"},\"sameAs\":[\"https:\/\/www.facebook.com\/vapingnetde\/\"]}]}<\/script>\n<!-- \/ Yoast SEO plugin. -->","yoast_head_json":{"title":"Bang King 50000 Puffs Strawberry Mango & Strawberry Kiwi doppelt fruchtig und jetzt zu einem exklusiven Rabatt | Vapingnet.de","description":"Entdecke Bang King 50000 Puffs Strawberry Mango & Strawberry Kiwi doppelt fruchtig und jetzt zu einem exklusiven Rabatt bei vapingnet.de, \u25ba Gro\u00dfe Auswahl an Geschmacksrichtungen & super g\u00fcnstig!","robots":{"index":"index","follow":"follow","max-snippet":"max-snippet:-1","max-image-preview":"max-image-preview:large","max-video-preview":"max-video-preview:-1"},"canonical":"https:\/\/vapingnet.de\/sk\/vape\/bang-king-50000-puffs-strawberry-mango-strawberry-kiwi-doppelt-fruchtig-und-jetzt-zu-einem-exklusiven-rabatt\/","og_locale":"sk_SK","og_type":"article","og_title":"Bang King 50000 Puffs Strawberry Mango & Strawberry Kiwi doppelt fruchtig und jetzt zu einem exklusiven Rabatt | Vapingnet.de","og_description":"Entdecke Bang King 50000 Puffs Strawberry Mango & Strawberry Kiwi doppelt fruchtig und jetzt zu einem exklusiven Rabatt bei vapingnet.de, \u25ba Gro\u00dfe Auswahl an Geschmacksrichtungen & super g\u00fcnstig!","og_url":"https:\/\/vapingnet.de\/sk\/vape\/bang-king-50000-puffs-strawberry-mango-strawberry-kiwi-doppelt-fruchtig-und-jetzt-zu-einem-exklusiven-rabatt\/","og_site_name":"Vapingnet.de","article_publisher":"https:\/\/www.facebook.com\/vapingnetde\/","article_modified_time":"2026-01-25T09:11:40+00:00","og_image":[{"width":1000,"height":1000,"url":"https:\/\/vapingnet.de\/wp-content\/uploads\/2025\/03\/bang50k-strawberry-mango-und-strawberry-kiwi.png","type":"image\/png"}],"twitter_card":"summary_large_image","twitter_misc":{"Est. reading time":"3 minutes"},"schema":{"@context":"https:\/\/schema.org","@graph":[{"@type":"WebPage","@id":"https:\/\/vapingnet.de\/vape\/bang-king-50000-puffs-strawberry-mango-strawberry-kiwi-doppelt-fruchtig-und-jetzt-zu-einem-exklusiven-rabatt\/","url":"https:\/\/vapingnet.de\/vape\/bang-king-50000-puffs-strawberry-mango-strawberry-kiwi-doppelt-fruchtig-und-jetzt-zu-einem-exklusiven-rabatt\/","name":"Bang King 50000 Puffs Strawberry Mango & Strawberry Kiwi doppelt fruchtig und jetzt zu einem exklusiven Rabatt | Vapingnet.de","isPartOf":{"@id":"https:\/\/vapingnet.de\/#website"},"primaryImageOfPage":{"@id":"https:\/\/vapingnet.de\/vape\/bang-king-50000-puffs-strawberry-mango-strawberry-kiwi-doppelt-fruchtig-und-jetzt-zu-einem-exklusiven-rabatt\/#primaryimage"},"image":{"@id":"https:\/\/vapingnet.de\/vape\/bang-king-50000-puffs-strawberry-mango-strawberry-kiwi-doppelt-fruchtig-und-jetzt-zu-einem-exklusiven-rabatt\/#primaryimage"},"thumbnailUrl":"https:\/\/vapingnet.de\/wp-content\/uploads\/2025\/03\/bang50k-strawberry-mango-und-strawberry-kiwi.png","datePublished":"2025-03-24T06:00:47+00:00","dateModified":"2026-01-25T09:11:40+00:00","description":"Entdecke Bang King 50000 Puffs Strawberry Mango & Strawberry Kiwi doppelt fruchtig und jetzt zu einem exklusiven Rabatt bei vapingnet.de, \u25ba Gro\u00dfe Auswahl an Geschmacksrichtungen & super g\u00fcnstig!","breadcrumb":{"@id":"https:\/\/vapingnet.de\/vape\/bang-king-50000-puffs-strawberry-mango-strawberry-kiwi-doppelt-fruchtig-und-jetzt-zu-einem-exklusiven-rabatt\/#breadcrumb"},"inLanguage":"sk-SK","potentialAction":[{"@type":"ReadAction","target":["https:\/\/vapingnet.de\/vape\/bang-king-50000-puffs-strawberry-mango-strawberry-kiwi-doppelt-fruchtig-und-jetzt-zu-einem-exklusiven-rabatt\/"]}]},{"@type":"ImageObject","inLanguage":"sk-SK","@id":"https:\/\/vapingnet.de\/vape\/bang-king-50000-puffs-strawberry-mango-strawberry-kiwi-doppelt-fruchtig-und-jetzt-zu-einem-exklusiven-rabatt\/#primaryimage","url":"https:\/\/vapingnet.de\/wp-content\/uploads\/2025\/03\/bang50k-strawberry-mango-und-strawberry-kiwi.png","contentUrl":"https:\/\/vapingnet.de\/wp-content\/uploads\/2025\/03\/bang50k-strawberry-mango-und-strawberry-kiwi.png","width":1000,"height":1000,"caption":"bang50k-strawberry mango und strawberry kiwi"},{"@type":"BreadcrumbList","@id":"https:\/\/vapingnet.de\/vape\/bang-king-50000-puffs-strawberry-mango-strawberry-kiwi-doppelt-fruchtig-und-jetzt-zu-einem-exklusiven-rabatt\/#breadcrumb","itemListElement":[{"@type":"ListItem","position":1,"name":"Home","item":"https:\/\/vapingnet.de\/"},{"@type":"ListItem","position":2,"name":"Shop","item":"https:\/\/vapingnet.de\/vape\/"},{"@type":"ListItem","position":3,"name":"Bang King 50000 Puffs Strawberry Mango &#038; Strawberry Kiwi doppelt fruchtig und jetzt zu einem exklusiven Rabatt"}]},{"@type":"WebSite","@id":"https:\/\/vapingnet.de\/#website","url":"https:\/\/vapingnet.de\/","name":"Vapingnet.de","description":"","publisher":{"@id":"https:\/\/vapingnet.de\/#organization"},"potentialAction":[{"@type":"SearchAction","target":{"@type":"EntryPoint","urlTemplate":"https:\/\/vapingnet.de\/?s={search_term_string}"},"query-input":{"@type":"PropertyValueSpecification","valueRequired":true,"valueName":"search_term_string"}}],"inLanguage":"sk-SK"},{"@type":"Organization","@id":"https:\/\/vapingnet.de\/#organization","name":"Vapingnet.de","url":"https:\/\/vapingnet.de\/","logo":{"@type":"ImageObject","inLanguage":"sk-SK","@id":"https:\/\/vapingnet.de\/#\/schema\/logo\/image\/","url":"https:\/\/vapingnet.de\/wp-content\/uploads\/2025\/03\/cropped-vapingnet.de_.jpg","contentUrl":"https:\/\/vapingnet.de\/wp-content\/uploads\/2025\/03\/cropped-vapingnet.de_.jpg","width":512,"height":512,"caption":"Vapingnet.de"},"image":{"@id":"https:\/\/vapingnet.de\/#\/schema\/logo\/image\/"},"sameAs":["https:\/\/www.facebook.com\/vapingnetde\/"]}]}},"tiered_pricing_type":"fixed","tiered_pricing_fixed_rules":{"10":"12.44","60":"11.96","110":"10.63","200":"9.3"},"tiered_pricing_product_settings":{"layout":"default","base_unit_name":{"singular":null,"plural":null},"default_variation":null},"tiered_pricing_minimum_quantity":null,"tiered_pricing_roles_data":[],"tiered_pricing_percentage_rules":[],"_links":{"self":[{"href":"https:\/\/vapingnet.de\/sk\/wp-json\/wp\/v2\/product\/5839","targetHints":{"allow":["GET"]}}],"collection":[{"href":"https:\/\/vapingnet.de\/sk\/wp-json\/wp\/v2\/product"}],"about":[{"href":"https:\/\/vapingnet.de\/sk\/wp-json\/wp\/v2\/types\/product"}],"version-history":[{"count":3,"href":"https:\/\/vapingnet.de\/sk\/wp-json\/wp\/v2\/product\/5839\/revisions"}],"predecessor-version":[{"id":7540,"href":"https:\/\/vapingnet.de\/sk\/wp-json\/wp\/v2\/product\/5839\/revisions\/7540"}],"wp:featuredmedia":[{"embeddable":true,"href":"https:\/\/vapingnet.de\/sk\/wp-json\/wp\/v2\/media\/5844"}],"wp:attachment":[{"href":"https:\/\/vapingnet.de\/sk\/wp-json\/wp\/v2\/media?parent=5839"}],"wp:term":[{"taxonomy":"brand","embeddable":true,"href":"https:\/\/vapingnet.de\/sk\/wp-json\/wp\/v2\/etheme_brands?post=5839"},{"taxonomy":"product_brand","embeddable":true,"href":"https:\/\/vapingnet.de\/sk\/wp-json\/wp\/v2\/product_brand?post=5839"},{"taxonomy":"product_cat","embeddable":true,"href":"https:\/\/vapingnet.de\/sk\/wp-json\/wp\/v2\/product_cat?post=5839"},{"taxonomy":"product_tag","embeddable":true,"href":"https:\/\/vapingnet.de\/sk\/wp-json\/wp\/v2\/product_tag?post=5839"}],"curies":[{"name":"wp","href":"https:\/\/api.w.org\/{rel}","templated":true}]}}