{"id":5840,"date":"2025-03-24T06:01:04","date_gmt":"2025-03-24T06:01:04","guid":{"rendered":"https:\/\/vapingnet.de\/?post_type=product&#038;p=5840"},"modified":"2026-01-25T09:10:59","modified_gmt":"2026-01-25T09:10:59","slug":"bang-king-50000-puffs-doppelte-geschmackskraft-aus-strawberry-watermelon-und-black-dragon-ice-spare-jetzt-bei-deinem-kauf","status":"publish","type":"product","link":"https:\/\/vapingnet.de\/sk\/vape\/bang-king-50000-puffs-doppelte-geschmackskraft-aus-strawberry-watermelon-und-black-dragon-ice-spare-jetzt-bei-deinem-kauf\/","title":{"rendered":"Bang King 50000 Puffs Dvojn\u00e1sobn\u00e1 chu\u0165ov\u00e1 sila z Strawberry Watermelon a Black Dragon Ice U\u0161etrite pri k\u00fape"},"content":{"rendered":"<h2 data-start=\"56\" data-end=\"103\">Bang King 50000 pot\u00e1pa\u010diek na jedno pou\u017eitie E-cigareta<\/h2>\n<p class=\"\" data-start=\"105\" data-end=\"425\">Vo svete e-cigariet si Bang King 50000 pot\u00e1pa\u010diek na jedno pou\u017eitie E-cigareta z\u00edskala ob\u013eubu v\u010faka svojej vynikaj\u00facej technol\u00f3gii a mimoriadne dlhej \u017eivotnosti ako preferovan\u00e1 vo\u013eba pre mnoh\u00fdch vapistov. Jej jedine\u010dn\u00fd dizajn sp\u00e1ja vysok\u00fd v\u00fdkon a \u0161t\u00fdl a pon\u00faka v\u00e1m neporovnate\u013en\u00fd z\u00e1\u017eitok z vapovania.<\/p>\n<h4 class=\"\" data-start=\"432\" data-end=\"453\">Hlavn\u00e9 v\u00fdhody<\/h4>\n<ol data-start=\"455\" data-end=\"1455\">\n<li class=\"\" data-start=\"455\" data-end=\"859\">\n<p class=\"\" data-start=\"458\" data-end=\"497\">Super dlh\u00e1 \u017eivotnos\u0165: 50000 pot\u00e1pa\u010diek<\/p>\n<p class=\"\" data-start=\"502\" data-end=\"859\">U\u017eite si dlhodob\u00fd p\u00f4\u017eitok s Bang King jednorazovou E-cigaretou, ktor\u00e1 pon\u00faka a\u017e 50000 pot\u00e1pa\u010diek \u2013 ove\u013ea viac ako mnoho in\u00fdch jednorazov\u00fdch E-cigariet na trhu. To znamen\u00e1, \u017ee budete ma\u0165 dlh\u0161iu vapovaciu sk\u00fasenos\u0165 bez neust\u00e1lej v\u00fdmeny E-cigarety a m\u00f4\u017eete na\u010falej vychutn\u00e1va\u0165 prvotriedny z\u00e1\u017eitok z vapovania.<\/p>\n<\/li>\n<li class=\"\" data-start=\"861\" data-end=\"1156\">\n<p class=\"\" data-start=\"864\" data-end=\"906\">Pokro\u010dil\u00e1 technol\u00f3gia Mesh-Coil<\/p>\n<p class=\"\" data-start=\"911\" data-end=\"1156\">Vybaven\u00e1 1.0\u03a9 Mesh-Coil, t\u00e1to technol\u00f3gia zabezpe\u010duje, \u017ee ka\u017ed\u00fd pot\u00e1pa\u010dik prebieha rovnomerne a bez nerovnomern\u00e9ho tepeln\u00e9ho rozlo\u017eenia ako pri be\u017en\u00fdch cievkach. To zaru\u010duje vynikaj\u00faci chu\u0165ov\u00fd z\u00e1\u017eitok pri ka\u017edom pot\u00e1pa\u010diku.<\/p>\n<\/li>\n<li class=\"\" data-start=\"1158\" data-end=\"1455\">\n<p class=\"\" data-start=\"1161\" data-end=\"1211\">Ve\u013ek\u00e1 kapacita bat\u00e9rie a r\u00fdchle nab\u00edjanie<\/p>\n<p class=\"\" data-start=\"1216\" data-end=\"1455\">S bat\u00e9riou 850mAh pon\u00faka Bang King E-cigareta siln\u00fd v\u00fdkon. Pripojenie Type-C zabezpe\u010duje r\u00fdchle nab\u00edjanie, tak\u017ee svoju E-cigaretu m\u00f4\u017eete r\u00fdchlo op\u00e4\u0165 pou\u017ei\u0165 bez preru\u0161enia vapovania.<\/p>\n<\/li>\n<\/ol>\n<h4 class=\"\" data-start=\"1462\" data-end=\"1507\">Chu\u0165ov\u00e9 z\u00e1\u017eitky: Dvakr\u00e1t lep\u0161ie<\/h4>\n<p class=\"\" data-start=\"1509\" data-end=\"1754\">Bang King 50000 pot\u00e1pa\u010diek na jedno pou\u017eitie E-cigareta v\u00e1m pon\u00faka jedine\u010dn\u00e9 kombin\u00e1cie chut\u00ed Strawberry Watermelon a Black Dragon Ice. Ka\u017ed\u00fd pot\u00e1pa\u010dik je osvie\u017euj\u00faca zmes lahodn\u00fdch ovocn\u00fdch ar\u00f3m a chladiv\u00e9ho n\u00e1dychu:<\/p>\n<ul data-start=\"1756\" data-end=\"2096\">\n<li class=\"\" data-start=\"1756\" data-end=\"1922\">\n<p class=\"\" data-start=\"1758\" data-end=\"1922\">Strawberry Watermelon: Dokonal\u00e1 kombin\u00e1cia sladkosti jah\u00f4d a svie\u017eosti mel\u00f3nu \u2013 ide\u00e1lna na leto a osvie\u017euj\u00facu prest\u00e1vku.<\/p>\n<\/li>\n<li class=\"\" data-start=\"1926\" data-end=\"2096\">\n<p class=\"\" data-start=\"1928\" data-end=\"2096\">Black Dragon Ice: Jedine\u010dn\u00e1 \u013eadov\u00e1 chu\u0165 spojen\u00e1 s hlbokou ovocnou notou, ide\u00e1lna pre t\u00fdch, ktor\u00ed h\u013eadaj\u00fa siln\u00fd a osvie\u017euj\u00faci z\u00e1\u017eitok.<\/p>\n<\/li>\n<\/ul>\n<h4>Detaily produktu<\/h4>\n<div class=\"overflow-x-auto contain-inline-size\">\n<table data-start=\"2128\" data-end=\"2922\">\n<thead data-start=\"2128\" data-end=\"2210\">\n<tr data-start=\"2128\" data-end=\"2210\">\n<th data-start=\"2128\" data-end=\"2156\">Produktov\u00e9 vlastnosti<\/th>\n<th data-start=\"2156\" data-end=\"2210\">Popis<\/th>\n<\/tr>\n<\/thead>\n<tbody data-start=\"2294\" data-end=\"2922\">\n<tr data-start=\"2294\" data-end=\"2376\">\n<td>Z\u00e1\u017eitky<\/td>\n<td>50000 pot\u00e1pa\u010diek<\/td>\n<\/tr>\n<tr data-start=\"2377\" data-end=\"2469\">\n<td>Cievka<\/td>\n<td>Mesh-Coil, 1,0\u03a9 pre rovnomern\u00fd a jemn\u00fd pot\u00e1pa\u010dik.<\/td>\n<\/tr>\n<tr data-start=\"2470\" data-end=\"2564\">\n<td>Kapacita e-liquidu<\/td>\n<td>50 ml, dostato\u010dn\u00e9 na dlhodob\u00fd vapovac\u00ed z\u00e1\u017eitok.<\/td>\n<\/tr>\n<tr data-start=\"2565\" data-end=\"2661\">\n<td>Nikot\u00edn<\/td>\n<td>Dostupn\u00e9 v koncentr\u00e1ci\u00e1ch 0% \/ 2% \/ 3% \/ 5%.<\/td>\n<\/tr>\n<tr data-start=\"2662\" data-end=\"2744\">\n<td>Kapacita bat\u00e9rie<\/td>\n<td>850mAh, pre dlh\u00e9 pou\u017e\u00edvanie.<\/td>\n<\/tr>\n<tr data-start=\"2745\" data-end=\"2827\">\n<td>Pripojenie na nab\u00edjanie<\/td>\n<td>Type-C, pre r\u00fdchle nab\u00edjanie.<\/td>\n<\/tr>\n<tr data-start=\"2828\" data-end=\"2922\">\n<td>Displej<\/td>\n<td>LCD digit\u00e1lny displej, zobrazuje stav bat\u00e9rie a po\u010det pot\u00e1pa\u010diek.<\/td>\n<\/tr>\n<\/tbody>\n<\/table>\n<\/div>\n<h3 data-start=\"2929\" data-end=\"2983\">V\u00fdhody n\u00e1kupu: Coln\u00e9 vo\u013eno a r\u00fdchle doru\u010denie<\/h3>\n<ul data-start=\"2985\" data-end=\"3436\">\n<li class=\"\" data-start=\"2985\" data-end=\"3116\">\n<p class=\"\" data-start=\"2987\" data-end=\"3116\">Coln\u00e9 vo\u013eno: Pri n\u00e1kupe na vapingnet.de si u\u017e\u00edvate coln\u00e9 v\u00fdhody a z\u00edskavate produkt za v\u00fdhodnej\u0161iu cenu.<\/p>\n<\/li>\n<li class=\"\" data-start=\"3117\" data-end=\"3249\">\n<p class=\"\" data-start=\"3119\" data-end=\"3249\">R\u00fdchle doru\u010denie: S r\u00fdchlym leteck\u00fdm doru\u010den\u00edm do 7-15 pracovn\u00fdch dn\u00ed m\u00f4\u017eete svoju objedn\u00e1vku obdr\u017ea\u0165 r\u00fdchlo.<\/p>\n<\/li>\n<li class=\"\" data-start=\"3250\" data-end=\"3436\">\n<p class=\"\" data-start=\"3252\" data-end=\"3436\">Vysok\u00e1 kvalita: Ka\u017ed\u00e1 jednorazov\u00e1 elektronick\u00e1 cigareta Bang King 50000 \u0165ahov prech\u00e1dza pr\u00edsnymi kontrolami kvality, aby sa zabezpe\u010dila bezpe\u010dnos\u0165 a stabilita po\u010das pou\u017e\u00edvania.<\/p>\n<\/li>\n<\/ul>\n<h4 data-start=\"3443\" data-end=\"3495\">K\u00fapte teraz a vychutnajte si \u010derstv\u00fa chu\u0165<\/h4>\n<p class=\"\" data-start=\"3497\" data-end=\"3777\">Vyberte si jednorazov\u00fa elektronick\u00fa cigaretu Bang King 50000 \u0165ahov a u\u017e\u00edvajte si dlhodob\u00fd dymov\u00fd z\u00e1\u017eitok s r\u00f4znorod\u00fdmi chu\u0165ami. Nav\u0161t\u00edvte teraz vapingnet.de, vyberte si svoju ob\u013e\u00faben\u00fa chu\u0165 a objavte nov\u00fd svet vapovania.<\/p>","protected":false},"excerpt":{"rendered":"<p>Bang King 50000 \u0165ahov Jednor\u00e1zov\u00e1 e-cigareta Vo svete e-cigariet sa Bang King 50000 \u0165ahov Jednor\u00e1zov\u00e1 e-cigareta presadila v\u010faka svojej v\u00fdnimo\u010dnej technol\u00f3gii a...<\/p>","protected":false},"featured_media":5843,"template":"","meta":[],"etheme_brands":[],"product_brand":[101],"product_cat":[67,49,61,87],"product_tag":[],"class_list":{"0":"post-5840","1":"product","2":"type-product","3":"status-publish","4":"has-post-thumbnail","6":"product_brand-bang-king-vape","7":"product_cat-50k-vape","8":"product_cat-einweg-e-zigarette","9":"product_cat-f","10":"product_cat-v","12":"first","13":"instock","14":"shipping-taxable","15":"purchasable","16":"product-type-simple"},"yoast_head":"<!-- This site is optimized with the Yoast SEO plugin v26.5 - https:\/\/yoast.com\/wordpress\/plugins\/seo\/ -->\n<title>Bang King 50000 Puffs Doppelte Geschmackskraft aus Strawberry Watermelon und Black Dragon Ice Spare jetzt bei deinem Kauf | Vapingnet.de<\/title>\n<meta name=\"description\" content=\"Entdecke Bang King 50000 Puffs Doppelte Geschmackskraft aus Strawberry Watermelon und Black Dragon Ice Spare jetzt bei deinem Kauf bei vapingnet.de, \u25ba Gro\u00dfe Auswahl an Geschmacksrichtungen &amp; super g\u00fcnstig!\" \/>\n<meta name=\"robots\" content=\"index, follow, max-snippet:-1, max-image-preview:large, max-video-preview:-1\" \/>\n<link rel=\"canonical\" href=\"https:\/\/vapingnet.de\/sk\/vape\/bang-king-50000-puffs-doppelte-geschmackskraft-aus-strawberry-watermelon-und-black-dragon-ice-spare-jetzt-bei-deinem-kauf\/\" \/>\n<meta property=\"og:locale\" content=\"sk_SK\" \/>\n<meta property=\"og:type\" content=\"article\" \/>\n<meta property=\"og:title\" content=\"Bang King 50000 Puffs Doppelte Geschmackskraft aus Strawberry Watermelon und Black Dragon Ice Spare jetzt bei deinem Kauf | Vapingnet.de\" \/>\n<meta property=\"og:description\" content=\"Entdecke Bang King 50000 Puffs Doppelte Geschmackskraft aus Strawberry Watermelon und Black Dragon Ice Spare jetzt bei deinem Kauf bei vapingnet.de, \u25ba Gro\u00dfe Auswahl an Geschmacksrichtungen &amp; super g\u00fcnstig!\" \/>\n<meta property=\"og:url\" content=\"https:\/\/vapingnet.de\/sk\/vape\/bang-king-50000-puffs-doppelte-geschmackskraft-aus-strawberry-watermelon-und-black-dragon-ice-spare-jetzt-bei-deinem-kauf\/\" \/>\n<meta property=\"og:site_name\" content=\"Vapingnet.de\" \/>\n<meta property=\"article:publisher\" content=\"https:\/\/www.facebook.com\/vapingnetde\/\" \/>\n<meta property=\"article:modified_time\" content=\"2026-01-25T09:10:59+00:00\" \/>\n<meta property=\"og:image\" content=\"https:\/\/vapingnet.de\/wp-content\/uploads\/2025\/03\/bang50k-strawberry-watermelon-und-black-dragon-ice.png\" \/>\n\t<meta property=\"og:image:width\" content=\"1000\" \/>\n\t<meta property=\"og:image:height\" content=\"1000\" \/>\n\t<meta property=\"og:image:type\" content=\"image\/png\" \/>\n<meta name=\"twitter:card\" content=\"summary_large_image\" \/>\n<meta name=\"twitter:label1\" content=\"Est. reading time\" \/>\n\t<meta name=\"twitter:data1\" content=\"3 minutes\" \/>\n<script type=\"application\/ld+json\" class=\"yoast-schema-graph\">{\"@context\":\"https:\/\/schema.org\",\"@graph\":[{\"@type\":\"WebPage\",\"@id\":\"https:\/\/vapingnet.de\/vape\/bang-king-50000-puffs-doppelte-geschmackskraft-aus-strawberry-watermelon-und-black-dragon-ice-spare-jetzt-bei-deinem-kauf\/\",\"url\":\"https:\/\/vapingnet.de\/vape\/bang-king-50000-puffs-doppelte-geschmackskraft-aus-strawberry-watermelon-und-black-dragon-ice-spare-jetzt-bei-deinem-kauf\/\",\"name\":\"Bang King 50000 Puffs Doppelte Geschmackskraft aus Strawberry Watermelon und Black Dragon Ice Spare jetzt bei deinem Kauf | Vapingnet.de\",\"isPartOf\":{\"@id\":\"https:\/\/vapingnet.de\/#website\"},\"primaryImageOfPage\":{\"@id\":\"https:\/\/vapingnet.de\/vape\/bang-king-50000-puffs-doppelte-geschmackskraft-aus-strawberry-watermelon-und-black-dragon-ice-spare-jetzt-bei-deinem-kauf\/#primaryimage\"},\"image\":{\"@id\":\"https:\/\/vapingnet.de\/vape\/bang-king-50000-puffs-doppelte-geschmackskraft-aus-strawberry-watermelon-und-black-dragon-ice-spare-jetzt-bei-deinem-kauf\/#primaryimage\"},\"thumbnailUrl\":\"https:\/\/vapingnet.de\/wp-content\/uploads\/2025\/03\/bang50k-strawberry-watermelon-und-black-dragon-ice.png\",\"datePublished\":\"2025-03-24T06:01:04+00:00\",\"dateModified\":\"2026-01-25T09:10:59+00:00\",\"description\":\"Entdecke Bang King 50000 Puffs Doppelte Geschmackskraft aus Strawberry Watermelon und Black Dragon Ice Spare jetzt bei deinem Kauf bei vapingnet.de, \u25ba Gro\u00dfe Auswahl an Geschmacksrichtungen & super g\u00fcnstig!\",\"breadcrumb\":{\"@id\":\"https:\/\/vapingnet.de\/vape\/bang-king-50000-puffs-doppelte-geschmackskraft-aus-strawberry-watermelon-und-black-dragon-ice-spare-jetzt-bei-deinem-kauf\/#breadcrumb\"},\"inLanguage\":\"sk-SK\",\"potentialAction\":[{\"@type\":\"ReadAction\",\"target\":[\"https:\/\/vapingnet.de\/vape\/bang-king-50000-puffs-doppelte-geschmackskraft-aus-strawberry-watermelon-und-black-dragon-ice-spare-jetzt-bei-deinem-kauf\/\"]}]},{\"@type\":\"ImageObject\",\"inLanguage\":\"sk-SK\",\"@id\":\"https:\/\/vapingnet.de\/vape\/bang-king-50000-puffs-doppelte-geschmackskraft-aus-strawberry-watermelon-und-black-dragon-ice-spare-jetzt-bei-deinem-kauf\/#primaryimage\",\"url\":\"https:\/\/vapingnet.de\/wp-content\/uploads\/2025\/03\/bang50k-strawberry-watermelon-und-black-dragon-ice.png\",\"contentUrl\":\"https:\/\/vapingnet.de\/wp-content\/uploads\/2025\/03\/bang50k-strawberry-watermelon-und-black-dragon-ice.png\",\"width\":1000,\"height\":1000,\"caption\":\"bang50k-strawberry watermelon und black dragon ice\"},{\"@type\":\"BreadcrumbList\",\"@id\":\"https:\/\/vapingnet.de\/vape\/bang-king-50000-puffs-doppelte-geschmackskraft-aus-strawberry-watermelon-und-black-dragon-ice-spare-jetzt-bei-deinem-kauf\/#breadcrumb\",\"itemListElement\":[{\"@type\":\"ListItem\",\"position\":1,\"name\":\"Home\",\"item\":\"https:\/\/vapingnet.de\/\"},{\"@type\":\"ListItem\",\"position\":2,\"name\":\"Shop\",\"item\":\"https:\/\/vapingnet.de\/vape\/\"},{\"@type\":\"ListItem\",\"position\":3,\"name\":\"Bang King 50000 Puffs Doppelte Geschmackskraft aus Strawberry Watermelon und Black Dragon Ice Spare jetzt bei deinem Kauf\"}]},{\"@type\":\"WebSite\",\"@id\":\"https:\/\/vapingnet.de\/#website\",\"url\":\"https:\/\/vapingnet.de\/\",\"name\":\"Vapingnet.de\",\"description\":\"\",\"publisher\":{\"@id\":\"https:\/\/vapingnet.de\/#organization\"},\"potentialAction\":[{\"@type\":\"SearchAction\",\"target\":{\"@type\":\"EntryPoint\",\"urlTemplate\":\"https:\/\/vapingnet.de\/?s={search_term_string}\"},\"query-input\":{\"@type\":\"PropertyValueSpecification\",\"valueRequired\":true,\"valueName\":\"search_term_string\"}}],\"inLanguage\":\"sk-SK\"},{\"@type\":\"Organization\",\"@id\":\"https:\/\/vapingnet.de\/#organization\",\"name\":\"Vapingnet.de\",\"url\":\"https:\/\/vapingnet.de\/\",\"logo\":{\"@type\":\"ImageObject\",\"inLanguage\":\"sk-SK\",\"@id\":\"https:\/\/vapingnet.de\/#\/schema\/logo\/image\/\",\"url\":\"https:\/\/vapingnet.de\/wp-content\/uploads\/2025\/03\/cropped-vapingnet.de_.jpg\",\"contentUrl\":\"https:\/\/vapingnet.de\/wp-content\/uploads\/2025\/03\/cropped-vapingnet.de_.jpg\",\"width\":512,\"height\":512,\"caption\":\"Vapingnet.de\"},\"image\":{\"@id\":\"https:\/\/vapingnet.de\/#\/schema\/logo\/image\/\"},\"sameAs\":[\"https:\/\/www.facebook.com\/vapingnetde\/\"]}]}<\/script>\n<!-- \/ Yoast SEO plugin. -->","yoast_head_json":{"title":"Bang King 50000 Puffs Doppelte Geschmackskraft aus Strawberry Watermelon und Black Dragon Ice Spare jetzt bei deinem Kauf | Vapingnet.de","description":"Entdecke Bang King 50000 Puffs Doppelte Geschmackskraft aus Strawberry Watermelon und Black Dragon Ice Spare jetzt bei deinem Kauf bei vapingnet.de, \u25ba Gro\u00dfe Auswahl an Geschmacksrichtungen & super g\u00fcnstig!","robots":{"index":"index","follow":"follow","max-snippet":"max-snippet:-1","max-image-preview":"max-image-preview:large","max-video-preview":"max-video-preview:-1"},"canonical":"https:\/\/vapingnet.de\/sk\/vape\/bang-king-50000-puffs-doppelte-geschmackskraft-aus-strawberry-watermelon-und-black-dragon-ice-spare-jetzt-bei-deinem-kauf\/","og_locale":"sk_SK","og_type":"article","og_title":"Bang King 50000 Puffs Doppelte Geschmackskraft aus Strawberry Watermelon und Black Dragon Ice Spare jetzt bei deinem Kauf | Vapingnet.de","og_description":"Entdecke Bang King 50000 Puffs Doppelte Geschmackskraft aus Strawberry Watermelon und Black Dragon Ice Spare jetzt bei deinem Kauf bei vapingnet.de, \u25ba Gro\u00dfe Auswahl an Geschmacksrichtungen & super g\u00fcnstig!","og_url":"https:\/\/vapingnet.de\/sk\/vape\/bang-king-50000-puffs-doppelte-geschmackskraft-aus-strawberry-watermelon-und-black-dragon-ice-spare-jetzt-bei-deinem-kauf\/","og_site_name":"Vapingnet.de","article_publisher":"https:\/\/www.facebook.com\/vapingnetde\/","article_modified_time":"2026-01-25T09:10:59+00:00","og_image":[{"width":1000,"height":1000,"url":"https:\/\/vapingnet.de\/wp-content\/uploads\/2025\/03\/bang50k-strawberry-watermelon-und-black-dragon-ice.png","type":"image\/png"}],"twitter_card":"summary_large_image","twitter_misc":{"Est. reading time":"3 minutes"},"schema":{"@context":"https:\/\/schema.org","@graph":[{"@type":"WebPage","@id":"https:\/\/vapingnet.de\/vape\/bang-king-50000-puffs-doppelte-geschmackskraft-aus-strawberry-watermelon-und-black-dragon-ice-spare-jetzt-bei-deinem-kauf\/","url":"https:\/\/vapingnet.de\/vape\/bang-king-50000-puffs-doppelte-geschmackskraft-aus-strawberry-watermelon-und-black-dragon-ice-spare-jetzt-bei-deinem-kauf\/","name":"Bang King 50000 Puffs Doppelte Geschmackskraft aus Strawberry Watermelon und Black Dragon Ice Spare jetzt bei deinem Kauf | Vapingnet.de","isPartOf":{"@id":"https:\/\/vapingnet.de\/#website"},"primaryImageOfPage":{"@id":"https:\/\/vapingnet.de\/vape\/bang-king-50000-puffs-doppelte-geschmackskraft-aus-strawberry-watermelon-und-black-dragon-ice-spare-jetzt-bei-deinem-kauf\/#primaryimage"},"image":{"@id":"https:\/\/vapingnet.de\/vape\/bang-king-50000-puffs-doppelte-geschmackskraft-aus-strawberry-watermelon-und-black-dragon-ice-spare-jetzt-bei-deinem-kauf\/#primaryimage"},"thumbnailUrl":"https:\/\/vapingnet.de\/wp-content\/uploads\/2025\/03\/bang50k-strawberry-watermelon-und-black-dragon-ice.png","datePublished":"2025-03-24T06:01:04+00:00","dateModified":"2026-01-25T09:10:59+00:00","description":"Entdecke Bang King 50000 Puffs Doppelte Geschmackskraft aus Strawberry Watermelon und Black Dragon Ice Spare jetzt bei deinem Kauf bei vapingnet.de, \u25ba Gro\u00dfe Auswahl an Geschmacksrichtungen & super g\u00fcnstig!","breadcrumb":{"@id":"https:\/\/vapingnet.de\/vape\/bang-king-50000-puffs-doppelte-geschmackskraft-aus-strawberry-watermelon-und-black-dragon-ice-spare-jetzt-bei-deinem-kauf\/#breadcrumb"},"inLanguage":"sk-SK","potentialAction":[{"@type":"ReadAction","target":["https:\/\/vapingnet.de\/vape\/bang-king-50000-puffs-doppelte-geschmackskraft-aus-strawberry-watermelon-und-black-dragon-ice-spare-jetzt-bei-deinem-kauf\/"]}]},{"@type":"ImageObject","inLanguage":"sk-SK","@id":"https:\/\/vapingnet.de\/vape\/bang-king-50000-puffs-doppelte-geschmackskraft-aus-strawberry-watermelon-und-black-dragon-ice-spare-jetzt-bei-deinem-kauf\/#primaryimage","url":"https:\/\/vapingnet.de\/wp-content\/uploads\/2025\/03\/bang50k-strawberry-watermelon-und-black-dragon-ice.png","contentUrl":"https:\/\/vapingnet.de\/wp-content\/uploads\/2025\/03\/bang50k-strawberry-watermelon-und-black-dragon-ice.png","width":1000,"height":1000,"caption":"bang50k-strawberry watermelon und black dragon ice"},{"@type":"BreadcrumbList","@id":"https:\/\/vapingnet.de\/vape\/bang-king-50000-puffs-doppelte-geschmackskraft-aus-strawberry-watermelon-und-black-dragon-ice-spare-jetzt-bei-deinem-kauf\/#breadcrumb","itemListElement":[{"@type":"ListItem","position":1,"name":"Home","item":"https:\/\/vapingnet.de\/"},{"@type":"ListItem","position":2,"name":"Shop","item":"https:\/\/vapingnet.de\/vape\/"},{"@type":"ListItem","position":3,"name":"Bang King 50000 Puffs Doppelte Geschmackskraft aus Strawberry Watermelon und Black Dragon Ice Spare jetzt bei deinem Kauf"}]},{"@type":"WebSite","@id":"https:\/\/vapingnet.de\/#website","url":"https:\/\/vapingnet.de\/","name":"Vapingnet.de","description":"","publisher":{"@id":"https:\/\/vapingnet.de\/#organization"},"potentialAction":[{"@type":"SearchAction","target":{"@type":"EntryPoint","urlTemplate":"https:\/\/vapingnet.de\/?s={search_term_string}"},"query-input":{"@type":"PropertyValueSpecification","valueRequired":true,"valueName":"search_term_string"}}],"inLanguage":"sk-SK"},{"@type":"Organization","@id":"https:\/\/vapingnet.de\/#organization","name":"Vapingnet.de","url":"https:\/\/vapingnet.de\/","logo":{"@type":"ImageObject","inLanguage":"sk-SK","@id":"https:\/\/vapingnet.de\/#\/schema\/logo\/image\/","url":"https:\/\/vapingnet.de\/wp-content\/uploads\/2025\/03\/cropped-vapingnet.de_.jpg","contentUrl":"https:\/\/vapingnet.de\/wp-content\/uploads\/2025\/03\/cropped-vapingnet.de_.jpg","width":512,"height":512,"caption":"Vapingnet.de"},"image":{"@id":"https:\/\/vapingnet.de\/#\/schema\/logo\/image\/"},"sameAs":["https:\/\/www.facebook.com\/vapingnetde\/"]}]}},"tiered_pricing_type":"fixed","tiered_pricing_fixed_rules":{"10":"12.44","60":"11.96","110":"10.63","200":"9.3"},"tiered_pricing_product_settings":{"layout":"default","base_unit_name":{"singular":null,"plural":null},"default_variation":null},"tiered_pricing_minimum_quantity":null,"tiered_pricing_roles_data":[],"tiered_pricing_percentage_rules":[],"_links":{"self":[{"href":"https:\/\/vapingnet.de\/sk\/wp-json\/wp\/v2\/product\/5840","targetHints":{"allow":["GET"]}}],"collection":[{"href":"https:\/\/vapingnet.de\/sk\/wp-json\/wp\/v2\/product"}],"about":[{"href":"https:\/\/vapingnet.de\/sk\/wp-json\/wp\/v2\/types\/product"}],"version-history":[{"count":4,"href":"https:\/\/vapingnet.de\/sk\/wp-json\/wp\/v2\/product\/5840\/revisions"}],"predecessor-version":[{"id":7539,"href":"https:\/\/vapingnet.de\/sk\/wp-json\/wp\/v2\/product\/5840\/revisions\/7539"}],"wp:featuredmedia":[{"embeddable":true,"href":"https:\/\/vapingnet.de\/sk\/wp-json\/wp\/v2\/media\/5843"}],"wp:attachment":[{"href":"https:\/\/vapingnet.de\/sk\/wp-json\/wp\/v2\/media?parent=5840"}],"wp:term":[{"taxonomy":"brand","embeddable":true,"href":"https:\/\/vapingnet.de\/sk\/wp-json\/wp\/v2\/etheme_brands?post=5840"},{"taxonomy":"product_brand","embeddable":true,"href":"https:\/\/vapingnet.de\/sk\/wp-json\/wp\/v2\/product_brand?post=5840"},{"taxonomy":"product_cat","embeddable":true,"href":"https:\/\/vapingnet.de\/sk\/wp-json\/wp\/v2\/product_cat?post=5840"},{"taxonomy":"product_tag","embeddable":true,"href":"https:\/\/vapingnet.de\/sk\/wp-json\/wp\/v2\/product_tag?post=5840"}],"curies":[{"name":"wp","href":"https:\/\/api.w.org\/{rel}","templated":true}]}}