{"id":5841,"date":"2025-03-24T06:01:06","date_gmt":"2025-03-24T06:01:06","guid":{"rendered":"https:\/\/vapingnet.de\/?post_type=product&#038;p=5841"},"modified":"2026-01-25T09:09:25","modified_gmt":"2026-01-25T09:09:25","slug":"bang-king-50000-puffs-strawberry-watermelon-und-kiwi-passion-fruit-guava-hoechste-qualitaet-und-jetzt-zollfrei-erhaeltlich","status":"publish","type":"product","link":"https:\/\/vapingnet.de\/sk\/vape\/bang-king-50000-puffs-strawberry-watermelon-und-kiwi-passion-fruit-guava-hoechste-qualitaet-und-jetzt-zollfrei-erhaeltlich\/","title":{"rendered":"Bang King 50000 Puffs Jahoda Mel\u00f3n a Kiwi Passion Fruit Guava najvy\u0161\u0161ej kvality a teraz bez cla dostupn\u00fd"},"content":{"rendered":"<h2 data-start=\"0\" data-end=\"82\">Bang King 50000 Puffs Jednorazov\u00e1 e-cigareta \u2013 Nezabudnute\u013en\u00fd z\u00e1\u017eitok z faj\u010denia<\/h2>\n<p class=\"\" data-start=\"84\" data-end=\"478\">Bang King 50000 Puffs Jednorazov\u00e1 e-cigareta je na trhu ve\u013emi sledovan\u00e9 nov\u00e9 zariadenie na e-cigarety, ktor\u00e9 v\u010faka svojej extr\u00e9mnej \u017eivotnosti, dvojn\u00e1sobn\u00fdm mo\u017enostiam chuti a pokro\u010dilej technol\u00f3gii sa stalo ob\u013e\u00fabenou vo\u013ebou pre vapera. \u010ci ste za\u010diato\u010dn\u00edk alebo sk\u00fasen\u00fd vap\u00e9r, Bang King 50000 Puffs spln\u00ed v\u0161etky va\u0161e po\u017eiadavky.<\/p>\n<h4 class=\"\" data-start=\"480\" data-end=\"503\">Hlavn\u00e9 vlastnosti:<\/h4>\n<ul data-start=\"505\" data-end=\"2076\">\n<li class=\"\" data-start=\"505\" data-end=\"726\">\n<p class=\"\" data-start=\"507\" data-end=\"726\">Extr\u00e9mne dlh\u00e9 pou\u017e\u00edvanie: Najv\u00e4\u010d\u0161ou v\u00fdhodou Bang King 50000 Puffs Jednorazovej e-cigarety je jej \u017eivotnos\u0165 50 000 \u0165ahov. Nemus\u00edte zariadenie neust\u00e1le meni\u0165 a m\u00f4\u017eete dlhodobo vapova\u0165 bez obmedzen\u00ed.<\/p>\n<\/li>\n<li class=\"\" data-start=\"728\" data-end=\"1004\">\n<p class=\"\" data-start=\"730\" data-end=\"1004\">Mesh-\u0161pir\u00e1lov\u00e1 technol\u00f3gia: Vybaven\u00e1 1,0\u03a9 mesh-\u0161pir\u00e1lou, t\u00e1to e-cigareta poskytuje rovnomern\u00e9 zahrievanie, ktor\u00e9 zabezpe\u010duje jemn\u00fd a rovnomern\u00fd dym. Ka\u017ed\u00fd \u0165ah je tak hladk\u00fd a pln\u00fd chuti, ove\u013ea lep\u0161ie ako pri tradi\u010dn\u00fdch odporov\u00fdch \u0161pir\u00e1lach.<\/p>\n<\/li>\n<li class=\"\" data-start=\"1006\" data-end=\"1371\">\n<p class=\"\" data-start=\"1008\" data-end=\"1371\">Dvojit\u00e9 mo\u017enosti chuti pre v\u0161etky preferencie: Bang King 50000 Puffs pon\u00faka dve lahodn\u00e9 pr\u00edchute: Jahodov\u00e1 vodn\u00e1 mel\u00f3n a Kiwi Passion Fruit Guava. Prv\u00e1 kombin\u00e1cia pon\u00faka sladk\u00fa jahodov\u00fa a osvie\u017euj\u00facu vodn\u00fa mel\u00f3n, zatia\u013e \u010do druh\u00e1 prin\u00e1\u0161a exotick\u00fa tropick\u00fa chu\u0165, ktor\u00e1 pripom\u00edna dovolenku.<\/p>\n<\/li>\n<li class=\"\" data-start=\"1373\" data-end=\"1610\">\n<p class=\"\" data-start=\"1375\" data-end=\"1610\">R\u00f4zne nikot\u00ednov\u00e9 stupne: Bang King 50000 Puffs pon\u00faka v\u00fdber medzi nikot\u00ednmi 0%, 2%, 3% a 5%. Pod\u013ea svojich preferenci\u00ed si m\u00f4\u017eete nastavi\u0165 nikot\u00ednov\u00fa silu a tak si n\u00e1js\u0165 ide\u00e1lny z\u00e1\u017eitok z vapovania.<\/p>\n<\/li>\n<li class=\"\" data-start=\"1612\" data-end=\"1865\">\n<p class=\"\" data-start=\"1614\" data-end=\"1865\">Inteligentn\u00fd LCD displej: S LCD displejom m\u00e1te v\u017edy preh\u013ead o stave nabitia zariadenia a zost\u00e1vaj\u00facich \u0165ahoch. Tak ste v\u017edy informovan\u00ed a vyhnete sa preru\u0161eniu sp\u00f4soben\u00e9mu vybitou bat\u00e9riou.<\/p>\n<\/li>\n<li class=\"\" data-start=\"1867\" data-end=\"2076\">\n<p class=\"\" data-start=\"1869\" data-end=\"2076\">R\u00fdchle nab\u00edjanie Type-C: Bat\u00e9ria s kapacitou 850mAh podporuje r\u00fdchle nab\u00edjanie Type-C, v\u010faka \u010domu je zariadenie r\u00fdchlo pripraven\u00e9 na pou\u017eitie. M\u00f4\u017eete ho r\u00fdchlo nabi\u0165 a pokra\u010dova\u0165 v vapovan\u00ed.<\/p>\n<\/li>\n<\/ul>\n<h3 data-start=\"2083\" data-end=\"2162\">Pre\u010do si vybra\u0165 Bang King 50000 Puffs Jednorazov\u00fa e-cigaretu?<\/h3>\n<ul data-start=\"2164\" data-end=\"2741\">\n<li class=\"\" data-start=\"2164\" data-end=\"2455\">\n<p class=\"\" data-start=\"2166\" data-end=\"2455\">\u017diadne clo a r\u00fdchle doru\u010denie: Pri k\u00fape Bang King 50000 Puffs neplat\u00edte clo a m\u00f4\u017eete si ho pohodlne objedna\u0165 cez webov\u00fa str\u00e1nku vapingnet.de. Doru\u010denie trv\u00e1 len 7-15 pracovn\u00fdch dn\u00ed, \u010do ho rob\u00ed ide\u00e1lnym pre r\u00fdchlu v\u00fdmenu zariaden\u00ed.<\/p>\n<\/li>\n<li class=\"\" data-start=\"2457\" data-end=\"2741\">\n<p class=\"\" data-start=\"2459\" data-end=\"2741\">Jednorazov\u00fd dizajn, jednoduch\u00e9 a pohodln\u00e9: Na rozdiel od zariaden\u00ed s v\u00fdmenn\u00fdmi podmi, Bang King 50000 Puffs prich\u00e1dza v praktickom jednorazovom dizajne. Nemus\u00edte sa stara\u0165 o \u010distenie alebo v\u00fdmenu podov, jednoducho zariadenie po pou\u017eit\u00ed vyhod\u00edte.<\/p>\n<\/li>\n<\/ul>\n<p class=\"\" data-start=\"2763\" data-end=\"3161\">Bang King 50000 Puffs Jednorazov\u00e1 e-cigareta je nielen inov\u00e1ciou v vzh\u013eade, ale aj technologick\u00fdm prelomom. Jej dlh\u00e1 \u017eivotnos\u0165, bohat\u00e9 mo\u017enosti chuti a vysokokvalitn\u00fd z\u00e1\u017eitok z vapovania z nej robia nepostr\u00e1date\u013en\u00e9ho spolo\u010dn\u00edka pre vapera. Ak h\u013ead\u00e1te prvotriedny z\u00e1\u017eitok z faj\u010denia, Bang King 50000 Puffs je ur\u010dite spr\u00e1vnou vo\u013ebou.<\/p>","protected":false},"excerpt":{"rendered":"<p>Bang King 50000 Puffs Jednor\u00e1zov\u00e1 e-cigareta \u2013 Nezrovnate\u013en\u00fd z\u00e1\u017eitok z faj\u010denia Bang King 50000 Puffs Jednor\u00e1zov\u00e1 e-cigareta je nov\u00fd produkt na trhu, ktor\u00fd v\u010faka svojej...<\/p>","protected":false},"featured_media":5842,"template":"","meta":[],"etheme_brands":[],"product_brand":[101],"product_cat":[67,49,61,87],"product_tag":[],"class_list":{"0":"post-5841","1":"product","2":"type-product","3":"status-publish","4":"has-post-thumbnail","6":"product_brand-bang-king-vape","7":"product_cat-50k-vape","8":"product_cat-einweg-e-zigarette","9":"product_cat-f","10":"product_cat-v","12":"first","13":"instock","14":"shipping-taxable","15":"purchasable","16":"product-type-simple"},"yoast_head":"<!-- This site is optimized with the Yoast SEO plugin v26.5 - https:\/\/yoast.com\/wordpress\/plugins\/seo\/ -->\n<title>Bang King 50000 Puffs Strawberry Watermelon und Kiwi Passion Fruit Guava h\u00f6chste Qualit\u00e4t und jetzt zollfrei erh\u00e4ltlich | Vapingnet.de<\/title>\n<meta name=\"description\" content=\"Entdecke Bang King 50000 Puffs Strawberry Watermelon und Kiwi Passion Fruit Guava h\u00f6chste Qualit\u00e4t und jetzt zollfrei erh\u00e4ltlich bei vapingnet.de, \u25ba Gro\u00dfe Auswahl an Geschmacksrichtungen &amp; super g\u00fcnstig!\" \/>\n<meta name=\"robots\" content=\"index, follow, max-snippet:-1, max-image-preview:large, max-video-preview:-1\" \/>\n<link rel=\"canonical\" href=\"https:\/\/vapingnet.de\/sk\/vape\/bang-king-50000-puffs-strawberry-watermelon-und-kiwi-passion-fruit-guava-hoechste-qualitaet-und-jetzt-zollfrei-erhaeltlich\/\" \/>\n<meta property=\"og:locale\" content=\"sk_SK\" \/>\n<meta property=\"og:type\" content=\"article\" \/>\n<meta property=\"og:title\" content=\"Bang King 50000 Puffs Strawberry Watermelon und Kiwi Passion Fruit Guava h\u00f6chste Qualit\u00e4t und jetzt zollfrei erh\u00e4ltlich | Vapingnet.de\" \/>\n<meta property=\"og:description\" content=\"Entdecke Bang King 50000 Puffs Strawberry Watermelon und Kiwi Passion Fruit Guava h\u00f6chste Qualit\u00e4t und jetzt zollfrei erh\u00e4ltlich bei vapingnet.de, \u25ba Gro\u00dfe Auswahl an Geschmacksrichtungen &amp; super g\u00fcnstig!\" \/>\n<meta property=\"og:url\" content=\"https:\/\/vapingnet.de\/sk\/vape\/bang-king-50000-puffs-strawberry-watermelon-und-kiwi-passion-fruit-guava-hoechste-qualitaet-und-jetzt-zollfrei-erhaeltlich\/\" \/>\n<meta property=\"og:site_name\" content=\"Vapingnet.de\" \/>\n<meta property=\"article:publisher\" content=\"https:\/\/www.facebook.com\/vapingnetde\/\" \/>\n<meta property=\"article:modified_time\" content=\"2026-01-25T09:09:25+00:00\" \/>\n<meta property=\"og:image\" content=\"https:\/\/vapingnet.de\/wp-content\/uploads\/2025\/03\/bang50k-strawberry-watermelon-und-kiwi-passion-fruit-guava.png\" \/>\n\t<meta property=\"og:image:width\" content=\"1000\" \/>\n\t<meta property=\"og:image:height\" content=\"1000\" \/>\n\t<meta property=\"og:image:type\" content=\"image\/png\" \/>\n<meta name=\"twitter:card\" content=\"summary_large_image\" \/>\n<meta name=\"twitter:label1\" content=\"Est. reading time\" \/>\n\t<meta name=\"twitter:data1\" content=\"3 minutes\" \/>\n<script type=\"application\/ld+json\" class=\"yoast-schema-graph\">{\"@context\":\"https:\/\/schema.org\",\"@graph\":[{\"@type\":\"WebPage\",\"@id\":\"https:\/\/vapingnet.de\/vape\/bang-king-50000-puffs-strawberry-watermelon-und-kiwi-passion-fruit-guava-hoechste-qualitaet-und-jetzt-zollfrei-erhaeltlich\/\",\"url\":\"https:\/\/vapingnet.de\/vape\/bang-king-50000-puffs-strawberry-watermelon-und-kiwi-passion-fruit-guava-hoechste-qualitaet-und-jetzt-zollfrei-erhaeltlich\/\",\"name\":\"Bang King 50000 Puffs Strawberry Watermelon und Kiwi Passion Fruit Guava h\u00f6chste Qualit\u00e4t und jetzt zollfrei erh\u00e4ltlich | Vapingnet.de\",\"isPartOf\":{\"@id\":\"https:\/\/vapingnet.de\/#website\"},\"primaryImageOfPage\":{\"@id\":\"https:\/\/vapingnet.de\/vape\/bang-king-50000-puffs-strawberry-watermelon-und-kiwi-passion-fruit-guava-hoechste-qualitaet-und-jetzt-zollfrei-erhaeltlich\/#primaryimage\"},\"image\":{\"@id\":\"https:\/\/vapingnet.de\/vape\/bang-king-50000-puffs-strawberry-watermelon-und-kiwi-passion-fruit-guava-hoechste-qualitaet-und-jetzt-zollfrei-erhaeltlich\/#primaryimage\"},\"thumbnailUrl\":\"https:\/\/vapingnet.de\/wp-content\/uploads\/2025\/03\/bang50k-strawberry-watermelon-und-kiwi-passion-fruit-guava.png\",\"datePublished\":\"2025-03-24T06:01:06+00:00\",\"dateModified\":\"2026-01-25T09:09:25+00:00\",\"description\":\"Entdecke Bang King 50000 Puffs Strawberry Watermelon und Kiwi Passion Fruit Guava h\u00f6chste Qualit\u00e4t und jetzt zollfrei erh\u00e4ltlich bei vapingnet.de, \u25ba Gro\u00dfe Auswahl an Geschmacksrichtungen & super g\u00fcnstig!\",\"breadcrumb\":{\"@id\":\"https:\/\/vapingnet.de\/vape\/bang-king-50000-puffs-strawberry-watermelon-und-kiwi-passion-fruit-guava-hoechste-qualitaet-und-jetzt-zollfrei-erhaeltlich\/#breadcrumb\"},\"inLanguage\":\"sk-SK\",\"potentialAction\":[{\"@type\":\"ReadAction\",\"target\":[\"https:\/\/vapingnet.de\/vape\/bang-king-50000-puffs-strawberry-watermelon-und-kiwi-passion-fruit-guava-hoechste-qualitaet-und-jetzt-zollfrei-erhaeltlich\/\"]}]},{\"@type\":\"ImageObject\",\"inLanguage\":\"sk-SK\",\"@id\":\"https:\/\/vapingnet.de\/vape\/bang-king-50000-puffs-strawberry-watermelon-und-kiwi-passion-fruit-guava-hoechste-qualitaet-und-jetzt-zollfrei-erhaeltlich\/#primaryimage\",\"url\":\"https:\/\/vapingnet.de\/wp-content\/uploads\/2025\/03\/bang50k-strawberry-watermelon-und-kiwi-passion-fruit-guava.png\",\"contentUrl\":\"https:\/\/vapingnet.de\/wp-content\/uploads\/2025\/03\/bang50k-strawberry-watermelon-und-kiwi-passion-fruit-guava.png\",\"width\":1000,\"height\":1000,\"caption\":\"bang50k-strawberry watermelon und kiwi passion fruit guava\"},{\"@type\":\"BreadcrumbList\",\"@id\":\"https:\/\/vapingnet.de\/vape\/bang-king-50000-puffs-strawberry-watermelon-und-kiwi-passion-fruit-guava-hoechste-qualitaet-und-jetzt-zollfrei-erhaeltlich\/#breadcrumb\",\"itemListElement\":[{\"@type\":\"ListItem\",\"position\":1,\"name\":\"Home\",\"item\":\"https:\/\/vapingnet.de\/\"},{\"@type\":\"ListItem\",\"position\":2,\"name\":\"Shop\",\"item\":\"https:\/\/vapingnet.de\/vape\/\"},{\"@type\":\"ListItem\",\"position\":3,\"name\":\"Bang King 50000 Puffs Strawberry Watermelon und Kiwi Passion Fruit Guava h\u00f6chste Qualit\u00e4t und jetzt zollfrei erh\u00e4ltlich\"}]},{\"@type\":\"WebSite\",\"@id\":\"https:\/\/vapingnet.de\/#website\",\"url\":\"https:\/\/vapingnet.de\/\",\"name\":\"Vapingnet.de\",\"description\":\"\",\"publisher\":{\"@id\":\"https:\/\/vapingnet.de\/#organization\"},\"potentialAction\":[{\"@type\":\"SearchAction\",\"target\":{\"@type\":\"EntryPoint\",\"urlTemplate\":\"https:\/\/vapingnet.de\/?s={search_term_string}\"},\"query-input\":{\"@type\":\"PropertyValueSpecification\",\"valueRequired\":true,\"valueName\":\"search_term_string\"}}],\"inLanguage\":\"sk-SK\"},{\"@type\":\"Organization\",\"@id\":\"https:\/\/vapingnet.de\/#organization\",\"name\":\"Vapingnet.de\",\"url\":\"https:\/\/vapingnet.de\/\",\"logo\":{\"@type\":\"ImageObject\",\"inLanguage\":\"sk-SK\",\"@id\":\"https:\/\/vapingnet.de\/#\/schema\/logo\/image\/\",\"url\":\"https:\/\/vapingnet.de\/wp-content\/uploads\/2025\/03\/cropped-vapingnet.de_.jpg\",\"contentUrl\":\"https:\/\/vapingnet.de\/wp-content\/uploads\/2025\/03\/cropped-vapingnet.de_.jpg\",\"width\":512,\"height\":512,\"caption\":\"Vapingnet.de\"},\"image\":{\"@id\":\"https:\/\/vapingnet.de\/#\/schema\/logo\/image\/\"},\"sameAs\":[\"https:\/\/www.facebook.com\/vapingnetde\/\"]}]}<\/script>\n<!-- \/ Yoast SEO plugin. -->","yoast_head_json":{"title":"Bang King 50000 Puffs Strawberry Watermelon und Kiwi Passion Fruit Guava h\u00f6chste Qualit\u00e4t und jetzt zollfrei erh\u00e4ltlich | Vapingnet.de","description":"Entdecke Bang King 50000 Puffs Strawberry Watermelon und Kiwi Passion Fruit Guava h\u00f6chste Qualit\u00e4t und jetzt zollfrei erh\u00e4ltlich bei vapingnet.de, \u25ba Gro\u00dfe Auswahl an Geschmacksrichtungen & super g\u00fcnstig!","robots":{"index":"index","follow":"follow","max-snippet":"max-snippet:-1","max-image-preview":"max-image-preview:large","max-video-preview":"max-video-preview:-1"},"canonical":"https:\/\/vapingnet.de\/sk\/vape\/bang-king-50000-puffs-strawberry-watermelon-und-kiwi-passion-fruit-guava-hoechste-qualitaet-und-jetzt-zollfrei-erhaeltlich\/","og_locale":"sk_SK","og_type":"article","og_title":"Bang King 50000 Puffs Strawberry Watermelon und Kiwi Passion Fruit Guava h\u00f6chste Qualit\u00e4t und jetzt zollfrei erh\u00e4ltlich | Vapingnet.de","og_description":"Entdecke Bang King 50000 Puffs Strawberry Watermelon und Kiwi Passion Fruit Guava h\u00f6chste Qualit\u00e4t und jetzt zollfrei erh\u00e4ltlich bei vapingnet.de, \u25ba Gro\u00dfe Auswahl an Geschmacksrichtungen & super g\u00fcnstig!","og_url":"https:\/\/vapingnet.de\/sk\/vape\/bang-king-50000-puffs-strawberry-watermelon-und-kiwi-passion-fruit-guava-hoechste-qualitaet-und-jetzt-zollfrei-erhaeltlich\/","og_site_name":"Vapingnet.de","article_publisher":"https:\/\/www.facebook.com\/vapingnetde\/","article_modified_time":"2026-01-25T09:09:25+00:00","og_image":[{"width":1000,"height":1000,"url":"https:\/\/vapingnet.de\/wp-content\/uploads\/2025\/03\/bang50k-strawberry-watermelon-und-kiwi-passion-fruit-guava.png","type":"image\/png"}],"twitter_card":"summary_large_image","twitter_misc":{"Est. reading time":"3 minutes"},"schema":{"@context":"https:\/\/schema.org","@graph":[{"@type":"WebPage","@id":"https:\/\/vapingnet.de\/vape\/bang-king-50000-puffs-strawberry-watermelon-und-kiwi-passion-fruit-guava-hoechste-qualitaet-und-jetzt-zollfrei-erhaeltlich\/","url":"https:\/\/vapingnet.de\/vape\/bang-king-50000-puffs-strawberry-watermelon-und-kiwi-passion-fruit-guava-hoechste-qualitaet-und-jetzt-zollfrei-erhaeltlich\/","name":"Bang King 50000 Puffs Strawberry Watermelon und Kiwi Passion Fruit Guava h\u00f6chste Qualit\u00e4t und jetzt zollfrei erh\u00e4ltlich | Vapingnet.de","isPartOf":{"@id":"https:\/\/vapingnet.de\/#website"},"primaryImageOfPage":{"@id":"https:\/\/vapingnet.de\/vape\/bang-king-50000-puffs-strawberry-watermelon-und-kiwi-passion-fruit-guava-hoechste-qualitaet-und-jetzt-zollfrei-erhaeltlich\/#primaryimage"},"image":{"@id":"https:\/\/vapingnet.de\/vape\/bang-king-50000-puffs-strawberry-watermelon-und-kiwi-passion-fruit-guava-hoechste-qualitaet-und-jetzt-zollfrei-erhaeltlich\/#primaryimage"},"thumbnailUrl":"https:\/\/vapingnet.de\/wp-content\/uploads\/2025\/03\/bang50k-strawberry-watermelon-und-kiwi-passion-fruit-guava.png","datePublished":"2025-03-24T06:01:06+00:00","dateModified":"2026-01-25T09:09:25+00:00","description":"Entdecke Bang King 50000 Puffs Strawberry Watermelon und Kiwi Passion Fruit Guava h\u00f6chste Qualit\u00e4t und jetzt zollfrei erh\u00e4ltlich bei vapingnet.de, \u25ba Gro\u00dfe Auswahl an Geschmacksrichtungen & super g\u00fcnstig!","breadcrumb":{"@id":"https:\/\/vapingnet.de\/vape\/bang-king-50000-puffs-strawberry-watermelon-und-kiwi-passion-fruit-guava-hoechste-qualitaet-und-jetzt-zollfrei-erhaeltlich\/#breadcrumb"},"inLanguage":"sk-SK","potentialAction":[{"@type":"ReadAction","target":["https:\/\/vapingnet.de\/vape\/bang-king-50000-puffs-strawberry-watermelon-und-kiwi-passion-fruit-guava-hoechste-qualitaet-und-jetzt-zollfrei-erhaeltlich\/"]}]},{"@type":"ImageObject","inLanguage":"sk-SK","@id":"https:\/\/vapingnet.de\/vape\/bang-king-50000-puffs-strawberry-watermelon-und-kiwi-passion-fruit-guava-hoechste-qualitaet-und-jetzt-zollfrei-erhaeltlich\/#primaryimage","url":"https:\/\/vapingnet.de\/wp-content\/uploads\/2025\/03\/bang50k-strawberry-watermelon-und-kiwi-passion-fruit-guava.png","contentUrl":"https:\/\/vapingnet.de\/wp-content\/uploads\/2025\/03\/bang50k-strawberry-watermelon-und-kiwi-passion-fruit-guava.png","width":1000,"height":1000,"caption":"bang50k-strawberry watermelon und kiwi passion fruit guava"},{"@type":"BreadcrumbList","@id":"https:\/\/vapingnet.de\/vape\/bang-king-50000-puffs-strawberry-watermelon-und-kiwi-passion-fruit-guava-hoechste-qualitaet-und-jetzt-zollfrei-erhaeltlich\/#breadcrumb","itemListElement":[{"@type":"ListItem","position":1,"name":"Home","item":"https:\/\/vapingnet.de\/"},{"@type":"ListItem","position":2,"name":"Shop","item":"https:\/\/vapingnet.de\/vape\/"},{"@type":"ListItem","position":3,"name":"Bang King 50000 Puffs Strawberry Watermelon und Kiwi Passion Fruit Guava h\u00f6chste Qualit\u00e4t und jetzt zollfrei erh\u00e4ltlich"}]},{"@type":"WebSite","@id":"https:\/\/vapingnet.de\/#website","url":"https:\/\/vapingnet.de\/","name":"Vapingnet.de","description":"","publisher":{"@id":"https:\/\/vapingnet.de\/#organization"},"potentialAction":[{"@type":"SearchAction","target":{"@type":"EntryPoint","urlTemplate":"https:\/\/vapingnet.de\/?s={search_term_string}"},"query-input":{"@type":"PropertyValueSpecification","valueRequired":true,"valueName":"search_term_string"}}],"inLanguage":"sk-SK"},{"@type":"Organization","@id":"https:\/\/vapingnet.de\/#organization","name":"Vapingnet.de","url":"https:\/\/vapingnet.de\/","logo":{"@type":"ImageObject","inLanguage":"sk-SK","@id":"https:\/\/vapingnet.de\/#\/schema\/logo\/image\/","url":"https:\/\/vapingnet.de\/wp-content\/uploads\/2025\/03\/cropped-vapingnet.de_.jpg","contentUrl":"https:\/\/vapingnet.de\/wp-content\/uploads\/2025\/03\/cropped-vapingnet.de_.jpg","width":512,"height":512,"caption":"Vapingnet.de"},"image":{"@id":"https:\/\/vapingnet.de\/#\/schema\/logo\/image\/"},"sameAs":["https:\/\/www.facebook.com\/vapingnetde\/"]}]}},"tiered_pricing_type":"fixed","tiered_pricing_fixed_rules":{"10":"12.44","60":"11.96","110":"10.63","200":"9.3"},"tiered_pricing_product_settings":{"layout":"default","base_unit_name":{"singular":null,"plural":null},"default_variation":null},"tiered_pricing_minimum_quantity":null,"tiered_pricing_roles_data":[],"tiered_pricing_percentage_rules":[],"_links":{"self":[{"href":"https:\/\/vapingnet.de\/sk\/wp-json\/wp\/v2\/product\/5841","targetHints":{"allow":["GET"]}}],"collection":[{"href":"https:\/\/vapingnet.de\/sk\/wp-json\/wp\/v2\/product"}],"about":[{"href":"https:\/\/vapingnet.de\/sk\/wp-json\/wp\/v2\/types\/product"}],"version-history":[{"count":3,"href":"https:\/\/vapingnet.de\/sk\/wp-json\/wp\/v2\/product\/5841\/revisions"}],"predecessor-version":[{"id":7537,"href":"https:\/\/vapingnet.de\/sk\/wp-json\/wp\/v2\/product\/5841\/revisions\/7537"}],"wp:featuredmedia":[{"embeddable":true,"href":"https:\/\/vapingnet.de\/sk\/wp-json\/wp\/v2\/media\/5842"}],"wp:attachment":[{"href":"https:\/\/vapingnet.de\/sk\/wp-json\/wp\/v2\/media?parent=5841"}],"wp:term":[{"taxonomy":"brand","embeddable":true,"href":"https:\/\/vapingnet.de\/sk\/wp-json\/wp\/v2\/etheme_brands?post=5841"},{"taxonomy":"product_brand","embeddable":true,"href":"https:\/\/vapingnet.de\/sk\/wp-json\/wp\/v2\/product_brand?post=5841"},{"taxonomy":"product_cat","embeddable":true,"href":"https:\/\/vapingnet.de\/sk\/wp-json\/wp\/v2\/product_cat?post=5841"},{"taxonomy":"product_tag","embeddable":true,"href":"https:\/\/vapingnet.de\/sk\/wp-json\/wp\/v2\/product_tag?post=5841"}],"curies":[{"name":"wp","href":"https:\/\/api.w.org\/{rel}","templated":true}]}}