{"id":5873,"date":"2025-03-25T06:36:12","date_gmt":"2025-03-25T06:36:12","guid":{"rendered":"https:\/\/vapingnet.de\/?post_type=product&#038;p=5873"},"modified":"2025-06-19T03:40:09","modified_gmt":"2025-06-19T03:40:09","slug":"bang-king-digital-15000-puffs-blue-razz-ice-ideal-fuer-den-alltag","status":"publish","type":"product","link":"https:\/\/vapingnet.de\/sk\/vape\/bang-king-digital-15000-puffs-blue-razz-ice-ideal-fuer-den-alltag\/","title":{"rendered":"Bang King Digital 15000 Puffs Blue Razz Ice ide\u00e1lne na ka\u017ed\u00fd de\u0148"},"content":{"rendered":"<h2 data-start=\"0\" data-end=\"101\" data-immersive-translate-walked=\"be435e60-77a0-46e9-a6da-6d61292a5e22\">Bang King Digital 15000 Pufov Jednorazov\u00e1 E-Cigareta \u2013 Nezrovnate\u013en\u00fd p\u00f4\u017eitok, osvie\u017euj\u00faci a chladiv\u00fd<\/h2>\n<p class=\"\" data-start=\"103\" data-end=\"472\" data-immersive-translate-walked=\"be435e60-77a0-46e9-a6da-6d61292a5e22\">Ak h\u013ead\u00e1\u0161 v\u00fdkonn\u00fa a z\u00e1rove\u0148 \u0161t\u00fdlov\u00fa e-cigaretu, Bang King Digital 15000 Pufov je ur\u010dite tou spr\u00e1vnou vo\u013ebou. Pon\u00faka nielen neuverite\u013en\u00fd po\u010det \u0165ahov, ale aj mno\u017estvo chutn\u00fdch pr\u00edchut\u00ed a vynikaj\u00faci v\u00fdkon bat\u00e9rie a nab\u00edjania \u2013 tak\u017ee si m\u00f4\u017ee\u0161 ka\u017ed\u00fd \u0165ah vychutna\u0165 naplno.<\/p>\n<h4 data-start=\"474\" data-end=\"516\" data-immersive-translate-walked=\"be435e60-77a0-46e9-a6da-6d61292a5e22\">Nezrovnate\u013en\u00fd z\u00e1\u017eitok z pou\u017e\u00edvania<\/h4>\n<ul data-start=\"518\" data-end=\"2207\" data-immersive-translate-walked=\"be435e60-77a0-46e9-a6da-6d61292a5e22\">\n<li class=\"\" data-start=\"518\" data-end=\"829\" data-immersive-translate-walked=\"be435e60-77a0-46e9-a6da-6d61292a5e22\">\n<p class=\"\" data-start=\"520\" data-end=\"829\" data-immersive-translate-walked=\"be435e60-77a0-46e9-a6da-6d61292a5e22\">Extr\u00e9mne dlh\u00e1 doba pou\u017e\u00edvania: Ka\u017ed\u00e1 Bang King Digital 15000 Pufov e-cigareta pon\u00faka 15000 \u0165ahov, tak\u017ee sa nemus\u00ed\u0161 ob\u00e1va\u0165 \u010dast\u00fdch v\u00fdmen alebo nab\u00edjania. Je ide\u00e1lna na ka\u017edodenn\u00e9 pou\u017eitie alebo dlh\u00e9 cesty a poskytuje ti neust\u00e1ly skvel\u00fd p\u00f4\u017eitok z pary.<\/p>\n<\/li>\n<li class=\"\" data-start=\"831\" data-end=\"1146\" data-immersive-translate-walked=\"be435e60-77a0-46e9-a6da-6d61292a5e22\">\n<p class=\"\" data-start=\"833\" data-end=\"1146\" data-immersive-translate-walked=\"be435e60-77a0-46e9-a6da-6d61292a5e22\">Siln\u00e1 bat\u00e9ria a r\u00fdchle nab\u00edjanie: Bat\u00e9ria s kapacitou 650mAh je dob\u00edjate\u013en\u00e1 a vybaven\u00e1 r\u00fdchlym USB-C nab\u00edjac\u00edm portom, ktor\u00fd umo\u017e\u0148uje r\u00fdchle nab\u00edjanie. Nemus\u00ed\u0161 sa ob\u00e1va\u0165, \u017ee sa bat\u00e9ria r\u00fdchlo vybije \u2013 s touto e-cigaretou bude\u0161 v\u017edy pripraven\u00fd na \u010fal\u0161\u00ed \u0165ah.<\/p>\n<\/li>\n<li class=\"\" data-start=\"1148\" data-end=\"1443\" data-immersive-translate-walked=\"be435e60-77a0-46e9-a6da-6d61292a5e22\">\n<p class=\"\" data-start=\"1150\" data-end=\"1443\" data-immersive-translate-walked=\"be435e60-77a0-46e9-a6da-6d61292a5e22\">Osvie\u017euj\u00faca chu\u0165, mraziv\u00e1 svie\u017eos\u0165: Pr\u00edchu\u0165 Blue Razz Ice kombinuje sladkos\u0165 borievok a mal\u00edn s osvie\u017euj\u00facou \u013eadovou notou. Ka\u017ed\u00fd \u0165ah ti poskytne chladiv\u00fd, ovocn\u00fd z\u00e1\u017eitok, ktor\u00fd o\u017eiv\u00ed tvoje zmysly \u2013 ide\u00e1lne na hor\u00face dni alebo relaxa\u010dn\u00e9 chv\u00edle.<\/p>\n<\/li>\n<li class=\"\" data-start=\"1445\" data-end=\"1733\" data-immersive-translate-walked=\"be435e60-77a0-46e9-a6da-6d61292a5e22\">\n<p class=\"\" data-start=\"1447\" data-end=\"1733\" data-immersive-translate-walked=\"be435e60-77a0-46e9-a6da-6d61292a5e22\">RGB osvetlenie \u2013 P\u00fatav\u00fd efekt: RGB osvetlenie tejto e-cigarety zabezpe\u010duje, \u017ee nie je len funk\u010dn\u00e1, ale aj vizu\u00e1lne p\u00f4sobiv\u00e1. Pri ka\u017edom \u0165ahu sa aktivuje farebn\u00e1 sveteln\u00e1 show, ktor\u00e1 ti poskytne \u0161t\u00fdlov\u00fd a jedine\u010dn\u00fd z\u00e1\u017eitok z vapovania.<\/p>\n<\/li>\n<li class=\"\" data-start=\"1735\" data-end=\"1943\" data-immersive-translate-walked=\"be435e60-77a0-46e9-a6da-6d61292a5e22\">\n<p class=\"\" data-start=\"1737\" data-end=\"1943\" data-immersive-translate-walked=\"be435e60-77a0-46e9-a6da-6d61292a5e22\">Ve\u013ek\u00e1 kapacita n\u00e1plne: S 25 ml e-liquidu ti t\u00e1to e-cigareta poskytne dlhodob\u00fd v\u00fdkon pary. Nemus\u00ed\u0161 sa neust\u00e1le stara\u0165 o dop\u013a\u0148anie \u2013 ka\u017ed\u00fd \u0165ah zost\u00e1va \u010derstv\u00fd a intenz\u00edvny.<\/p>\n<\/li>\n<li class=\"\" data-start=\"1945\" data-end=\"2207\" data-immersive-translate-walked=\"be435e60-77a0-46e9-a6da-6d61292a5e22\">\n<p class=\"\" data-start=\"1947\" data-end=\"2207\" data-immersive-translate-walked=\"be435e60-77a0-46e9-a6da-6d61292a5e22\">\u013dahk\u00e1 a prenosn\u00e1: S hmotnos\u0165ou len 90 g je e-cigareta ve\u013emi \u013eahk\u00e1 a \u013eahko prenosn\u00e1. \u010ci ju chce\u0161 ulo\u017ei\u0165 do ta\u0161ky alebo batohu, je v\u017edy po ruke, aby ti poskytla okamih relaxu kedyko\u013evek.<\/p>\n<\/li>\n<\/ul>\n<h4 data-start=\"2209\" data-end=\"2260\" data-immersive-translate-walked=\"be435e60-77a0-46e9-a6da-6d61292a5e22\">V\u00fdhody n\u00e1kupu \u2013 Dokonal\u00fd z\u00e1\u017eitok<\/h4>\n<ul data-start=\"2262\" data-end=\"3181\" data-immersive-translate-walked=\"be435e60-77a0-46e9-a6da-6d61292a5e22\">\n<li class=\"\" data-start=\"2262\" data-end=\"2448\" data-immersive-translate-walked=\"be435e60-77a0-46e9-a6da-6d61292a5e22\">\n<p class=\"\" data-start=\"2264\" data-end=\"2448\" data-immersive-translate-walked=\"be435e60-77a0-46e9-a6da-6d61292a5e22\">\u017diadne clo: Nemus\u00ed\u0161 sa ob\u00e1va\u0165 dodato\u010dn\u00fdch coln\u00fdch poplatkov \u2013 u\u017e\u00edvaj si medzin\u00e1rodn\u00fa dopravu a jednoduch\u00e9 doru\u010denie bez skryt\u00fdch n\u00e1kladov.<\/p>\n<\/li>\n<li class=\"\" data-start=\"2450\" data-end=\"2672\" data-immersive-translate-walked=\"be435e60-77a0-46e9-a6da-6d61292a5e22\">\n<p class=\"\" data-start=\"2452\" data-end=\"2672\" data-immersive-translate-walked=\"be435e60-77a0-46e9-a6da-6d61292a5e22\">Jednorazov\u00fd dizajn pre komfort a praktickos\u0165: T\u00e1to e-cigareta je jednorazov\u00fd produkt, ktor\u00fd po pou\u017eit\u00ed jednoducho vyhod\u00ed\u0161. \u017diadna starostlivos\u0165 o \u010distenie alebo \u00fadr\u017ebu \u2013 len si ju u\u017ei a pokra\u010duj \u010falej.<\/p>\n<\/li>\n<li class=\"\" data-start=\"2674\" data-end=\"2897\" data-immersive-translate-walked=\"be435e60-77a0-46e9-a6da-6d61292a5e22\">\n<p class=\"\" data-start=\"2676\" data-end=\"2897\" data-immersive-translate-walked=\"be435e60-77a0-46e9-a6da-6d61292a5e22\">V\u0161estrann\u00e9 nikot\u00ednov\u00e9 koncentr\u00e1cie: Vyberate\u013en\u00e9 nikot\u00ednov\u00e9 koncentr\u00e1cie od 0,1% do 5,1% pon\u00fakaj\u00fa \u0161irok\u00fd v\u00fdber, aby si na\u0161iel presne t\u00fa spr\u00e1vnu intenzitu. Pri nikot\u00edne 0,1% alebo 3,1% m\u00f4\u017ee\u0161 urobi\u0165 ve\u013ek\u00fa objedn\u00e1vku.<\/p>\n<\/li>\n<li class=\"\" data-start=\"2899\" data-end=\"3181\" data-immersive-translate-walked=\"be435e60-77a0-46e9-a6da-6d61292a5e22\">\n<p class=\"\" data-start=\"2901\" data-end=\"3181\" data-immersive-translate-walked=\"be435e60-77a0-46e9-a6da-6d61292a5e22\">Ide\u00e1lne na jednotliv\u00e9 k\u00fapy alebo ve\u013ek\u00e9 objedn\u00e1vky: \u010ci u\u017e ju potrebuje\u0161 na osobn\u00e9 pou\u017eitie alebo vo ve\u013ekom mno\u017estve, Bang King Digital 15000 Pufov spln\u00ed v\u0161etky tvoje po\u017eiadavky. Nav\u0161t\u00edv str\u00e1nku vapingnet.de a objednaj si ju online.<\/p>\n<\/li>\n<\/ul>\n<h3>Pre\u010do by si si mal vybra\u0165 Bang King Digital 15000 Puffs?<\/h3>\n<ul data-start=\"3252\" data-end=\"3826\" data-immersive-translate-walked=\"be435e60-77a0-46e9-a6da-6d61292a5e22\">\n<li class=\"\" data-start=\"3252\" data-end=\"3467\" data-immersive-translate-walked=\"be435e60-77a0-46e9-a6da-6d61292a5e22\">\n<p class=\"\" data-start=\"3254\" data-end=\"3467\" data-immersive-translate-walked=\"be435e60-77a0-46e9-a6da-6d61292a5e22\">Dlh\u00e9 pou\u017e\u00edvanie, pohodln\u00e9 nab\u00edjanie: S 15000 \u0165ahmi a v\u00fdkonnou bat\u00e9riou je t\u00e1to e-cigareta ide\u00e1lna na dlhodob\u00e9 u\u017e\u00edvanie a pravideln\u00e9 pou\u017eitie, bez ob\u00e1v z neust\u00e1leho dop\u013a\u0148ania.<\/p>\n<\/li>\n<li class=\"\" data-start=\"3469\" data-end=\"3668\" data-immersive-translate-walked=\"be435e60-77a0-46e9-a6da-6d61292a5e22\">\n<p class=\"\" data-start=\"3471\" data-end=\"3668\" data-immersive-translate-walked=\"be435e60-77a0-46e9-a6da-6d61292a5e22\">Osvie\u017euj\u00faci z\u00e1\u017eitok s \u013eadovou pr\u00edchu\u0165ou: Pr\u00edchu\u0165 Blue Razz Ice ti pon\u00faka dokonal\u00fa rovnov\u00e1hu medzi ovocnos\u0165ou a chladivou svie\u017eos\u0165ou, ktor\u00e1 rob\u00ed ka\u017ed\u00fd \u0165ah vzru\u0161uj\u00facim z\u00e1\u017eitkom.<\/p>\n<\/li>\n<li class=\"\" data-start=\"3670\" data-end=\"3826\" data-immersive-translate-walked=\"be435e60-77a0-46e9-a6da-6d61292a5e22\">\n<p class=\"\" data-start=\"3672\" data-end=\"3826\" data-immersive-translate-walked=\"be435e60-77a0-46e9-a6da-6d61292a5e22\">Jedine\u010dn\u00e9 RGB osvetlenie: RGB osvetlenie nielen\u017ee prid\u00e1va farbu do tvojho vapovacieho z\u00e1\u017eitku, ale aj dod\u00e1va tvojmu \u0161t\u00fdlu viac osobnosti.<\/p>\n<\/li>\n<\/ul>\n<h4>Za\u017eite teraz Bang King Digital 15000 Puffs!<\/h4>\n<p class=\"\" data-start=\"3885\" data-end=\"4182\" data-immersive-translate-walked=\"be435e60-77a0-46e9-a6da-6d61292a5e22\">Nav\u0161t\u00edv str\u00e1nku vapingnet.de, aby si objednal Bang King Digital 15000 Pufov a urobil z nej svojho nov\u00e9ho spolo\u010dn\u00edka. Presved\u010d sa o kombin\u00e1cii v\u00fdkonu, \u0161t\u00fdlu a komfortu a u\u017e\u00edvaj si nezabudnute\u013en\u00fd vapovac\u00ed z\u00e1\u017eitok!<\/p>","protected":false},"excerpt":{"rendered":"<p>Bang King Digital 15000 Puffs Jednor\u00e1zov\u00e1 e-cigareta \u2013 Nezrovnate\u013en\u00fd p\u00f4\u017eitok, osvie\u017euj\u00faci a chladiv\u00fd Ak h\u013ead\u00e1te v\u00fdkonn\u00fa a z\u00e1rove\u0148 \u0161t\u00fdlov\u00fa e-cigaretu, je t\u00e1to...<\/p>","protected":false},"featured_media":5878,"template":"","meta":[],"etheme_brands":[],"product_brand":[101],"product_cat":[53,49,61],"product_tag":[],"class_list":{"0":"post-5873","1":"product","2":"type-product","3":"status-publish","4":"has-post-thumbnail","6":"product_brand-bang-king-vape","7":"product_cat-vape-15000-zuege","8":"product_cat-einweg-e-zigarette","9":"product_cat-f","11":"first","12":"instock","13":"shipping-taxable","14":"purchasable","15":"product-type-simple"},"yoast_head":"<!-- This site is optimized with the Yoast SEO plugin v26.5 - https:\/\/yoast.com\/wordpress\/plugins\/seo\/ -->\n<title>Bang King Digital 15000 Puffs Blue Razz Ice ideal f\u00fcr den Alltag | Vapingnet.de<\/title>\n<meta name=\"description\" content=\"Entdecke Bang King Digital 15000 Puffs Blue Razz Ice ideal f\u00fcr den Alltag bei vapingnet.de, \u25ba Gro\u00dfe Auswahl an Geschmacksrichtungen &amp; super g\u00fcnstig!\" \/>\n<meta name=\"robots\" content=\"index, follow, max-snippet:-1, max-image-preview:large, max-video-preview:-1\" \/>\n<link rel=\"canonical\" href=\"https:\/\/vapingnet.de\/sk\/vape\/bang-king-digital-15000-puffs-blue-razz-ice-ideal-fuer-den-alltag\/\" \/>\n<meta property=\"og:locale\" content=\"sk_SK\" \/>\n<meta property=\"og:type\" content=\"article\" \/>\n<meta property=\"og:title\" content=\"Bang King Digital 15000 Puffs Blue Razz Ice ideal f\u00fcr den Alltag | Vapingnet.de\" \/>\n<meta property=\"og:description\" content=\"Entdecke Bang King Digital 15000 Puffs Blue Razz Ice ideal f\u00fcr den Alltag bei vapingnet.de, \u25ba Gro\u00dfe Auswahl an Geschmacksrichtungen &amp; super g\u00fcnstig!\" \/>\n<meta property=\"og:url\" content=\"https:\/\/vapingnet.de\/sk\/vape\/bang-king-digital-15000-puffs-blue-razz-ice-ideal-fuer-den-alltag\/\" \/>\n<meta property=\"og:site_name\" content=\"Vapingnet.de\" \/>\n<meta property=\"article:publisher\" content=\"https:\/\/www.facebook.com\/vapingnetde\/\" \/>\n<meta property=\"article:modified_time\" content=\"2025-06-19T03:40:09+00:00\" \/>\n<meta property=\"og:image\" content=\"https:\/\/vapingnet.de\/wp-content\/uploads\/2025\/03\/Blue-Razz-ICE-1.png\" \/>\n\t<meta property=\"og:image:width\" content=\"900\" \/>\n\t<meta property=\"og:image:height\" content=\"600\" \/>\n\t<meta property=\"og:image:type\" content=\"image\/png\" \/>\n<meta name=\"twitter:card\" content=\"summary_large_image\" \/>\n<meta name=\"twitter:label1\" content=\"Est. reading time\" \/>\n\t<meta name=\"twitter:data1\" content=\"4 minutes\" \/>\n<script type=\"application\/ld+json\" class=\"yoast-schema-graph\">{\"@context\":\"https:\/\/schema.org\",\"@graph\":[{\"@type\":\"WebPage\",\"@id\":\"https:\/\/vapingnet.de\/vape\/bang-king-digital-15000-puffs-blue-razz-ice-ideal-fuer-den-alltag\/\",\"url\":\"https:\/\/vapingnet.de\/vape\/bang-king-digital-15000-puffs-blue-razz-ice-ideal-fuer-den-alltag\/\",\"name\":\"Bang King Digital 15000 Puffs Blue Razz Ice ideal f\u00fcr den Alltag | Vapingnet.de\",\"isPartOf\":{\"@id\":\"https:\/\/vapingnet.de\/#website\"},\"primaryImageOfPage\":{\"@id\":\"https:\/\/vapingnet.de\/vape\/bang-king-digital-15000-puffs-blue-razz-ice-ideal-fuer-den-alltag\/#primaryimage\"},\"image\":{\"@id\":\"https:\/\/vapingnet.de\/vape\/bang-king-digital-15000-puffs-blue-razz-ice-ideal-fuer-den-alltag\/#primaryimage\"},\"thumbnailUrl\":\"https:\/\/vapingnet.de\/wp-content\/uploads\/2025\/03\/Blue-Razz-ICE-1.png\",\"datePublished\":\"2025-03-25T06:36:12+00:00\",\"dateModified\":\"2025-06-19T03:40:09+00:00\",\"description\":\"Entdecke Bang King Digital 15000 Puffs Blue Razz Ice ideal f\u00fcr den Alltag bei vapingnet.de, \u25ba Gro\u00dfe Auswahl an Geschmacksrichtungen & super g\u00fcnstig!\",\"breadcrumb\":{\"@id\":\"https:\/\/vapingnet.de\/vape\/bang-king-digital-15000-puffs-blue-razz-ice-ideal-fuer-den-alltag\/#breadcrumb\"},\"inLanguage\":\"sk-SK\",\"potentialAction\":[{\"@type\":\"ReadAction\",\"target\":[\"https:\/\/vapingnet.de\/vape\/bang-king-digital-15000-puffs-blue-razz-ice-ideal-fuer-den-alltag\/\"]}]},{\"@type\":\"ImageObject\",\"inLanguage\":\"sk-SK\",\"@id\":\"https:\/\/vapingnet.de\/vape\/bang-king-digital-15000-puffs-blue-razz-ice-ideal-fuer-den-alltag\/#primaryimage\",\"url\":\"https:\/\/vapingnet.de\/wp-content\/uploads\/2025\/03\/Blue-Razz-ICE-1.png\",\"contentUrl\":\"https:\/\/vapingnet.de\/wp-content\/uploads\/2025\/03\/Blue-Razz-ICE-1.png\",\"width\":900,\"height\":600,\"caption\":\"Blue Razz Ice\"},{\"@type\":\"BreadcrumbList\",\"@id\":\"https:\/\/vapingnet.de\/vape\/bang-king-digital-15000-puffs-blue-razz-ice-ideal-fuer-den-alltag\/#breadcrumb\",\"itemListElement\":[{\"@type\":\"ListItem\",\"position\":1,\"name\":\"Home\",\"item\":\"https:\/\/vapingnet.de\/\"},{\"@type\":\"ListItem\",\"position\":2,\"name\":\"Shop\",\"item\":\"https:\/\/vapingnet.de\/vape\/\"},{\"@type\":\"ListItem\",\"position\":3,\"name\":\"Bang King Digital 15000 Puffs Blue Razz Ice ideal f\u00fcr den Alltag\"}]},{\"@type\":\"WebSite\",\"@id\":\"https:\/\/vapingnet.de\/#website\",\"url\":\"https:\/\/vapingnet.de\/\",\"name\":\"Vapingnet.de\",\"description\":\"\",\"publisher\":{\"@id\":\"https:\/\/vapingnet.de\/#organization\"},\"potentialAction\":[{\"@type\":\"SearchAction\",\"target\":{\"@type\":\"EntryPoint\",\"urlTemplate\":\"https:\/\/vapingnet.de\/?s={search_term_string}\"},\"query-input\":{\"@type\":\"PropertyValueSpecification\",\"valueRequired\":true,\"valueName\":\"search_term_string\"}}],\"inLanguage\":\"sk-SK\"},{\"@type\":\"Organization\",\"@id\":\"https:\/\/vapingnet.de\/#organization\",\"name\":\"Vapingnet.de\",\"url\":\"https:\/\/vapingnet.de\/\",\"logo\":{\"@type\":\"ImageObject\",\"inLanguage\":\"sk-SK\",\"@id\":\"https:\/\/vapingnet.de\/#\/schema\/logo\/image\/\",\"url\":\"https:\/\/vapingnet.de\/wp-content\/uploads\/2025\/03\/cropped-vapingnet.de_.jpg\",\"contentUrl\":\"https:\/\/vapingnet.de\/wp-content\/uploads\/2025\/03\/cropped-vapingnet.de_.jpg\",\"width\":512,\"height\":512,\"caption\":\"Vapingnet.de\"},\"image\":{\"@id\":\"https:\/\/vapingnet.de\/#\/schema\/logo\/image\/\"},\"sameAs\":[\"https:\/\/www.facebook.com\/vapingnetde\/\"]}]}<\/script>\n<!-- \/ Yoast SEO plugin. -->","yoast_head_json":{"title":"Bang King Digital 15000 Puffs Blue Razz Ice ideal f\u00fcr den Alltag | Vapingnet.de","description":"Entdecke Bang King Digital 15000 Puffs Blue Razz Ice ideal f\u00fcr den Alltag bei vapingnet.de, \u25ba Gro\u00dfe Auswahl an Geschmacksrichtungen & super g\u00fcnstig!","robots":{"index":"index","follow":"follow","max-snippet":"max-snippet:-1","max-image-preview":"max-image-preview:large","max-video-preview":"max-video-preview:-1"},"canonical":"https:\/\/vapingnet.de\/sk\/vape\/bang-king-digital-15000-puffs-blue-razz-ice-ideal-fuer-den-alltag\/","og_locale":"sk_SK","og_type":"article","og_title":"Bang King Digital 15000 Puffs Blue Razz Ice ideal f\u00fcr den Alltag | Vapingnet.de","og_description":"Entdecke Bang King Digital 15000 Puffs Blue Razz Ice ideal f\u00fcr den Alltag bei vapingnet.de, \u25ba Gro\u00dfe Auswahl an Geschmacksrichtungen & super g\u00fcnstig!","og_url":"https:\/\/vapingnet.de\/sk\/vape\/bang-king-digital-15000-puffs-blue-razz-ice-ideal-fuer-den-alltag\/","og_site_name":"Vapingnet.de","article_publisher":"https:\/\/www.facebook.com\/vapingnetde\/","article_modified_time":"2025-06-19T03:40:09+00:00","og_image":[{"width":900,"height":600,"url":"https:\/\/vapingnet.de\/wp-content\/uploads\/2025\/03\/Blue-Razz-ICE-1.png","type":"image\/png"}],"twitter_card":"summary_large_image","twitter_misc":{"Est. reading time":"4 minutes"},"schema":{"@context":"https:\/\/schema.org","@graph":[{"@type":"WebPage","@id":"https:\/\/vapingnet.de\/vape\/bang-king-digital-15000-puffs-blue-razz-ice-ideal-fuer-den-alltag\/","url":"https:\/\/vapingnet.de\/vape\/bang-king-digital-15000-puffs-blue-razz-ice-ideal-fuer-den-alltag\/","name":"Bang King Digital 15000 Puffs Blue Razz Ice ideal f\u00fcr den Alltag | Vapingnet.de","isPartOf":{"@id":"https:\/\/vapingnet.de\/#website"},"primaryImageOfPage":{"@id":"https:\/\/vapingnet.de\/vape\/bang-king-digital-15000-puffs-blue-razz-ice-ideal-fuer-den-alltag\/#primaryimage"},"image":{"@id":"https:\/\/vapingnet.de\/vape\/bang-king-digital-15000-puffs-blue-razz-ice-ideal-fuer-den-alltag\/#primaryimage"},"thumbnailUrl":"https:\/\/vapingnet.de\/wp-content\/uploads\/2025\/03\/Blue-Razz-ICE-1.png","datePublished":"2025-03-25T06:36:12+00:00","dateModified":"2025-06-19T03:40:09+00:00","description":"Entdecke Bang King Digital 15000 Puffs Blue Razz Ice ideal f\u00fcr den Alltag bei vapingnet.de, \u25ba Gro\u00dfe Auswahl an Geschmacksrichtungen & super g\u00fcnstig!","breadcrumb":{"@id":"https:\/\/vapingnet.de\/vape\/bang-king-digital-15000-puffs-blue-razz-ice-ideal-fuer-den-alltag\/#breadcrumb"},"inLanguage":"sk-SK","potentialAction":[{"@type":"ReadAction","target":["https:\/\/vapingnet.de\/vape\/bang-king-digital-15000-puffs-blue-razz-ice-ideal-fuer-den-alltag\/"]}]},{"@type":"ImageObject","inLanguage":"sk-SK","@id":"https:\/\/vapingnet.de\/vape\/bang-king-digital-15000-puffs-blue-razz-ice-ideal-fuer-den-alltag\/#primaryimage","url":"https:\/\/vapingnet.de\/wp-content\/uploads\/2025\/03\/Blue-Razz-ICE-1.png","contentUrl":"https:\/\/vapingnet.de\/wp-content\/uploads\/2025\/03\/Blue-Razz-ICE-1.png","width":900,"height":600,"caption":"Blue Razz Ice"},{"@type":"BreadcrumbList","@id":"https:\/\/vapingnet.de\/vape\/bang-king-digital-15000-puffs-blue-razz-ice-ideal-fuer-den-alltag\/#breadcrumb","itemListElement":[{"@type":"ListItem","position":1,"name":"Home","item":"https:\/\/vapingnet.de\/"},{"@type":"ListItem","position":2,"name":"Shop","item":"https:\/\/vapingnet.de\/vape\/"},{"@type":"ListItem","position":3,"name":"Bang King Digital 15000 Puffs Blue Razz Ice ideal f\u00fcr den Alltag"}]},{"@type":"WebSite","@id":"https:\/\/vapingnet.de\/#website","url":"https:\/\/vapingnet.de\/","name":"Vapingnet.de","description":"","publisher":{"@id":"https:\/\/vapingnet.de\/#organization"},"potentialAction":[{"@type":"SearchAction","target":{"@type":"EntryPoint","urlTemplate":"https:\/\/vapingnet.de\/?s={search_term_string}"},"query-input":{"@type":"PropertyValueSpecification","valueRequired":true,"valueName":"search_term_string"}}],"inLanguage":"sk-SK"},{"@type":"Organization","@id":"https:\/\/vapingnet.de\/#organization","name":"Vapingnet.de","url":"https:\/\/vapingnet.de\/","logo":{"@type":"ImageObject","inLanguage":"sk-SK","@id":"https:\/\/vapingnet.de\/#\/schema\/logo\/image\/","url":"https:\/\/vapingnet.de\/wp-content\/uploads\/2025\/03\/cropped-vapingnet.de_.jpg","contentUrl":"https:\/\/vapingnet.de\/wp-content\/uploads\/2025\/03\/cropped-vapingnet.de_.jpg","width":512,"height":512,"caption":"Vapingnet.de"},"image":{"@id":"https:\/\/vapingnet.de\/#\/schema\/logo\/image\/"},"sameAs":["https:\/\/www.facebook.com\/vapingnetde\/"]}]}},"tiered_pricing_type":"fixed","tiered_pricing_fixed_rules":{"10":"6.83","60":"6.15","110":"5.46","200":"4.78"},"tiered_pricing_product_settings":{"layout":"default","base_unit_name":{"singular":null,"plural":null},"default_variation":null},"tiered_pricing_minimum_quantity":null,"tiered_pricing_roles_data":[],"tiered_pricing_percentage_rules":[],"_links":{"self":[{"href":"https:\/\/vapingnet.de\/sk\/wp-json\/wp\/v2\/product\/5873","targetHints":{"allow":["GET"]}}],"collection":[{"href":"https:\/\/vapingnet.de\/sk\/wp-json\/wp\/v2\/product"}],"about":[{"href":"https:\/\/vapingnet.de\/sk\/wp-json\/wp\/v2\/types\/product"}],"version-history":[{"count":1,"href":"https:\/\/vapingnet.de\/sk\/wp-json\/wp\/v2\/product\/5873\/revisions"}],"predecessor-version":[{"id":5885,"href":"https:\/\/vapingnet.de\/sk\/wp-json\/wp\/v2\/product\/5873\/revisions\/5885"}],"wp:featuredmedia":[{"embeddable":true,"href":"https:\/\/vapingnet.de\/sk\/wp-json\/wp\/v2\/media\/5878"}],"wp:attachment":[{"href":"https:\/\/vapingnet.de\/sk\/wp-json\/wp\/v2\/media?parent=5873"}],"wp:term":[{"taxonomy":"brand","embeddable":true,"href":"https:\/\/vapingnet.de\/sk\/wp-json\/wp\/v2\/etheme_brands?post=5873"},{"taxonomy":"product_brand","embeddable":true,"href":"https:\/\/vapingnet.de\/sk\/wp-json\/wp\/v2\/product_brand?post=5873"},{"taxonomy":"product_cat","embeddable":true,"href":"https:\/\/vapingnet.de\/sk\/wp-json\/wp\/v2\/product_cat?post=5873"},{"taxonomy":"product_tag","embeddable":true,"href":"https:\/\/vapingnet.de\/sk\/wp-json\/wp\/v2\/product_tag?post=5873"}],"curies":[{"name":"wp","href":"https:\/\/api.w.org\/{rel}","templated":true}]}}