{"id":5874,"date":"2025-03-25T06:36:14","date_gmt":"2025-03-25T06:36:14","guid":{"rendered":"https:\/\/vapingnet.de\/?post_type=product&#038;p=5874"},"modified":"2025-06-19T03:40:09","modified_gmt":"2025-06-19T03:40:09","slug":"15000-zuege-mit-aloe-grape-bang-king-digital-fuer-dich","status":"publish","type":"product","link":"https:\/\/vapingnet.de\/sk\/vape\/15000-zuege-mit-aloe-grape-bang-king-digital-fuer-dich\/","title":{"rendered":"15000 \u0165ahov s Aloe Grape Bang King Digit\u00e1lna pre v\u00e1s"},"content":{"rendered":"<h2 data-start=\"0\" data-end=\"93\" data-immersive-translate-walked=\"be435e60-77a0-46e9-a6da-6d61292a5e22\">Bang King Digital 15000 Puffs Jednor\u00e1zov\u00e1 E-Cigareta \u2013 \u010cerstv\u00e1 chu\u0165, maxim\u00e1lny p\u00f4\u017eitok<\/h2>\n<p class=\"\" data-start=\"95\" data-end=\"523\" data-immersive-translate-walked=\"be435e60-77a0-46e9-a6da-6d61292a5e22\">Bang King Digital 15000 Puffs Jednor\u00e1zov\u00e1 E-Cigareta sa na trhu etablovala ako jedna z najlep\u0161\u00edch mo\u017enost\u00ed pre v\u0161etk\u00fdch, ktor\u00ed h\u013eadaj\u00fa v\u00fdkonn\u00fd, \u0161t\u00fdlov\u00fd a dlhotrvaj\u00faci z\u00e1\u017eitok z vapovania. S impozantn\u00fdm po\u010dtom \u0165ahov, lahodn\u00fdmi ar\u00f3mami a p\u00f4sobiv\u00fdmi RGB sveteln\u00fdmi efektmi je t\u00e1to e-cigareta dokonal\u00fdm spolo\u010dn\u00edkom pre t\u00fdch, ktor\u00ed chc\u00fa za\u017ei\u0165 v\u00fdnimo\u010dn\u00fd vapovac\u00ed z\u00e1\u017eitok.<\/p>\n<h5 data-start=\"525\" data-end=\"570\" data-immersive-translate-walked=\"be435e60-77a0-46e9-a6da-6d61292a5e22\">Extr\u00e9mne dlh\u00e9 pou\u017e\u00edvanie, siln\u00fd v\u00fdkon<\/h5>\n<ul data-start=\"572\" data-end=\"1111\" data-immersive-translate-walked=\"be435e60-77a0-46e9-a6da-6d61292a5e22\">\n<li class=\"\" data-start=\"572\" data-end=\"830\" data-immersive-translate-walked=\"be435e60-77a0-46e9-a6da-6d61292a5e22\">\n<p class=\"\" data-start=\"574\" data-end=\"830\" data-immersive-translate-walked=\"be435e60-77a0-46e9-a6da-6d61292a5e22\">15000 \u0165ahov: Ka\u017ed\u00e1 Bang King Digital 15000 Puffs e-cigareta pon\u00faka a\u017e 15000 \u0165ahov, \u010do znamen\u00e1, \u017ee sa nemus\u00edte neust\u00e1le stara\u0165 o v\u00fdmenu. T\u00e1to dlh\u00e1 \u017eivotnos\u0165 zabezpe\u010duje pohodln\u00e9 vapovanie po dlh\u0161iu dobu.<\/p>\n<\/li>\n<li class=\"\" data-start=\"832\" data-end=\"1111\" data-immersive-translate-walked=\"be435e60-77a0-46e9-a6da-6d61292a5e22\">\n<p class=\"\" data-start=\"834\" data-end=\"1111\" data-immersive-translate-walked=\"be435e60-77a0-46e9-a6da-6d61292a5e22\">650mAh dob\u00edjate\u013en\u00e1 bat\u00e9ria: Bat\u00e9ria s kapacitou 650mAh sa nab\u00edja cez typ-c r\u00fdchlonab\u00edjac\u00ed port. To zabezpe\u010duje r\u00fdchle nab\u00edjanie bat\u00e9rie a dlhodob\u00fd v\u00fdkon, tak\u017ee sa nemus\u00edte ob\u00e1va\u0165 r\u00fdchleho vybitia.<\/p>\n<\/li>\n<\/ul>\n<h5 data-start=\"1113\" data-end=\"1155\" data-immersive-translate-walked=\"be435e60-77a0-46e9-a6da-6d61292a5e22\">\u010cerstv\u00e1 chu\u0165, mraziv\u00e1 svie\u017eos\u0165<\/h5>\n<ul data-start=\"1157\" data-end=\"1494\" data-immersive-translate-walked=\"be435e60-77a0-46e9-a6da-6d61292a5e22\">\n<li class=\"\" data-start=\"1157\" data-end=\"1494\" data-immersive-translate-walked=\"be435e60-77a0-46e9-a6da-6d61292a5e22\">\n<p class=\"\" data-start=\"1159\" data-end=\"1494\" data-immersive-translate-walked=\"be435e60-77a0-46e9-a6da-6d61292a5e22\">Aloe Grape chu\u0165: Kombin\u00e1cia Aloe Grape sp\u00e1ja svie\u017eu, zelen\u00fa chu\u0165 Aloe Vera s sladkou, ovocnou ar\u00f3mou hrozna. Ka\u017ed\u00fd \u0165ah v\u00e1m prin\u00e1\u0161a osvie\u017euj\u00faci, chladiv\u00fd z\u00e1\u017eitok, ktor\u00fd o\u017eiv\u00ed va\u0161e zmysly a ochlad\u00ed v\u00e1s v ka\u017edej situ\u00e1cii \u2013 ide\u00e1lne na hor\u00face dni alebo relaxa\u010dn\u00e9 chv\u00edle.<\/p>\n<\/li>\n<\/ul>\n<h5>P\u00f4sobiv\u00e9 RGB sveteln\u00e9 efekty<\/h5>\n<ul data-start=\"1537\" data-end=\"1828\" data-immersive-translate-walked=\"be435e60-77a0-46e9-a6da-6d61292a5e22\">\n<li class=\"\" data-start=\"1537\" data-end=\"1828\" data-immersive-translate-walked=\"be435e60-77a0-46e9-a6da-6d61292a5e22\">\n<p class=\"\" data-start=\"1539\" data-end=\"1828\" data-immersive-translate-walked=\"be435e60-77a0-46e9-a6da-6d61292a5e22\">RGB sveteln\u00e1 indik\u00e1cia: S RGB osvetlen\u00edm sa ka\u017ed\u00e9 vapovanie st\u00e1va vizu\u00e1lnym z\u00e1\u017eitkom. Svetlo sa men\u00ed pod\u013ea \u0165ahu a vytv\u00e1ra \u00fachvatn\u00fd, \u017eiv\u00fd farebn\u00fd efekt. Prin\u00e1\u0161a nielen funk\u010dnos\u0165, ale aj \u0161t\u00fdl a osobnos\u0165 do v\u00e1\u0161ho vapovacieho z\u00e1\u017eitku.<\/p>\n<\/li>\n<\/ul>\n<h5 data-start=\"1830\" data-end=\"1885\" data-immersive-translate-walked=\"be435e60-77a0-46e9-a6da-6d61292a5e22\">Ve\u013ek\u00e1 kapacita n\u00e1plne, dlhodob\u00fd p\u00f4\u017eitok<\/h5>\n<ul data-start=\"1887\" data-end=\"2416\" data-immersive-translate-walked=\"be435e60-77a0-46e9-a6da-6d61292a5e22\">\n<li class=\"\" data-start=\"1887\" data-end=\"2128\" data-immersive-translate-walked=\"be435e60-77a0-46e9-a6da-6d61292a5e22\">\n<p class=\"\" data-start=\"1889\" data-end=\"2128\" data-immersive-translate-walked=\"be435e60-77a0-46e9-a6da-6d61292a5e22\">25ml e-liquid: S kapacitou 25ml n\u00e1plne sa m\u00f4\u017eete te\u0161i\u0165 na dlh\u00e9 vapovacie z\u00e1\u017eitky bez neust\u00e1leho dop\u013a\u0148ania. Pri ka\u017edom \u0165ahu si vychutn\u00e1te rovnomern\u00fa a intenz\u00edvnu chu\u0165ov\u00fa sk\u00fasenos\u0165.<\/p>\n<\/li>\n<li class=\"\" data-start=\"2130\" data-end=\"2416\" data-immersive-translate-walked=\"be435e60-77a0-46e9-a6da-6d61292a5e22\">\n<p class=\"\" data-start=\"2132\" data-end=\"2416\" data-immersive-translate-walked=\"be435e60-77a0-46e9-a6da-6d61292a5e22\">\u013dahk\u00e1 a prenosn\u00e1: S hmotnos\u0165ou len 90g je e-cigareta neuverite\u013ene \u013eahk\u00e1 a \u013eahko prenosn\u00e1. Bez probl\u00e9mov sa zmest\u00ed do ta\u0161ky a umo\u017en\u00ed v\u00e1m kedyko\u013evek si vychutna\u0165 pohodln\u00e9 vapovanie \u2013 \u010di u\u017e na cest\u00e1ch alebo pri stretnut\u00ed s priate\u013emi.<\/p>\n<\/li>\n<\/ul>\n<h5 data-start=\"2418\" data-end=\"2470\" data-immersive-translate-walked=\"be435e60-77a0-46e9-a6da-6d61292a5e22\">R\u00f4zne \u00farovne nikot\u00ednu pre ka\u017ed\u00e9 potreby<\/h5>\n<ul data-start=\"2472\" data-end=\"2799\" data-immersive-translate-walked=\"be435e60-77a0-46e9-a6da-6d61292a5e22\">\n<li class=\"\" data-start=\"2472\" data-end=\"2799\" data-immersive-translate-walked=\"be435e60-77a0-46e9-a6da-6d61292a5e22\">\n<p class=\"\" data-start=\"2474\" data-end=\"2799\" data-immersive-translate-walked=\"be435e60-77a0-46e9-a6da-6d61292a5e22\">Bang King Digital 15000 Puffs e-cigareta je dostupn\u00e1 v \u0161tyroch \u00farovniach nikot\u00ednu: 0%, 2%, 3%, 5%. T\u00e1to rozmanitos\u0165 zabezpe\u010duje, \u017ee n\u00e1jdete presne t\u00fa \u00farove\u0148 nikot\u00ednu, ktor\u00e1 vyhovuje va\u0161im preferenci\u00e1m. Ak uprednost\u0148ujete nikot\u00edn 0% alebo 3%, m\u00f4\u017eete zada\u0165 ve\u013ek\u00fa objedn\u00e1vku, aby ste splnili svoje po\u017eiadavky.<\/p>\n<\/li>\n<\/ul>\n<h5 data-start=\"2801\" data-end=\"2850\" data-immersive-translate-walked=\"be435e60-77a0-46e9-a6da-6d61292a5e22\">Bezcoln\u00e9 n\u00e1kupy, bezstarostn\u00fd z\u00e1\u017eitok<\/h5>\n<ul data-start=\"2852\" data-end=\"3050\" data-immersive-translate-walked=\"be435e60-77a0-46e9-a6da-6d61292a5e22\">\n<li class=\"\" data-start=\"2852\" data-end=\"3050\" data-immersive-translate-walked=\"be435e60-77a0-46e9-a6da-6d61292a5e22\">\n<p class=\"\" data-start=\"2854\" data-end=\"3050\" data-immersive-translate-walked=\"be435e60-77a0-46e9-a6da-6d61292a5e22\">Pri n\u00e1kupe na vapingnet.de sa neplatia coln\u00e9 poplatky. Tak si m\u00f4\u017eete vychutna\u0165 svoju e-cigaretu bez dodato\u010dn\u00fdch n\u00e1kladov a s jednoduchou dod\u00e1vkou \u2013 aj medzin\u00e1rodne.<\/p>\n<\/li>\n<\/ul>\n<h3>Pre\u010do by si si mal vybra\u0165 Bang King Digital 15000 Puffs?<\/h3>\n<ul data-start=\"3121\" data-end=\"3650\" data-immersive-translate-walked=\"be435e60-77a0-46e9-a6da-6d61292a5e22\">\n<li class=\"\" data-start=\"3121\" data-end=\"3297\" data-immersive-translate-walked=\"be435e60-77a0-46e9-a6da-6d61292a5e22\">\n<p class=\"\" data-start=\"3123\" data-end=\"3297\" data-immersive-translate-walked=\"be435e60-77a0-46e9-a6da-6d61292a5e22\">Dlhodob\u00e9 pou\u017e\u00edvanie: S 15000 \u0165ahmi pon\u00faka t\u00e1to e-cigareta mimoriadne dlh\u00fa dobu pou\u017e\u00edvania, tak\u017ee sa nemus\u00edte stara\u0165 o neust\u00e1le dop\u013a\u0148anie.<\/p>\n<\/li>\n<li class=\"\" data-start=\"3299\" data-end=\"3483\" data-immersive-translate-walked=\"be435e60-77a0-46e9-a6da-6d61292a5e22\">\n<p class=\"\" data-start=\"3301\" data-end=\"3483\" data-immersive-translate-walked=\"be435e60-77a0-46e9-a6da-6d61292a5e22\">\u010cerstv\u00e1 chu\u0165: Aloe Grape je dokonal\u00e1 zmes ovocnej sladkosti a osvie\u017euj\u00faceho chladiv\u00e9ho efektu, ktor\u00fd rob\u00ed ka\u017ed\u00e9 vapovanie pr\u00edjemn\u00fdm z\u00e1\u017eitkom.<\/p>\n<\/li>\n<li class=\"\" data-start=\"3485\" data-end=\"3650\" data-immersive-translate-walked=\"be435e60-77a0-46e9-a6da-6d61292a5e22\">\n<p class=\"\" data-start=\"3487\" data-end=\"3650\" data-immersive-translate-walked=\"be435e60-77a0-46e9-a6da-6d61292a5e22\">P\u00f4sobiv\u00e9 RGB svetl\u00e1: RGB osvetlenie nielen\u017ee vytv\u00e1ra vizu\u00e1lny efekt, ale aj prid\u00e1va osobn\u00fd dotyk k v\u00e1\u0161mu vapovaciemu z\u00e1\u017eitku.<\/p>\n<\/li>\n<\/ul>\n<h4 data-start=\"3652\" data-end=\"3707\" data-immersive-translate-walked=\"be435e60-77a0-46e9-a6da-6d61292a5e22\">Za\u017eite teraz Bang King Digital 15000 Puffs!<\/h4>\n<p class=\"\" data-start=\"3709\" data-end=\"3982\" data-immersive-translate-walked=\"be435e60-77a0-46e9-a6da-6d61292a5e22\">Nav\u0161t\u00edvte vapingnet.de a objednajte si svoju Bang King Digital 15000 Puffs e-cigaretu e\u0161te dnes. Vychutnajte si dlh\u00e9 pou\u017e\u00edvanie, vzru\u0161uj\u00face chu\u0165ov\u00e9 z\u00e1\u017eitky a jedine\u010dn\u00fd dizajn, ktor\u00fd sprav\u00ed va\u0161e vapovanie naozaj v\u00fdnimo\u010dn\u00fdm z\u00e1\u017eitkom!<\/p>","protected":false},"excerpt":{"rendered":"<p>Bang King Digital 15000 Puffs Einweg E-Zigarette \u2013 Frischer Geschmack, ultimativer Genuss Die Bang King Digital 15000 Puffs Einweg E-Zigarette hat sich auf dem Markt&#8230;<\/p>","protected":false},"featured_media":5879,"template":"","meta":[],"etheme_brands":[],"product_brand":[101],"product_cat":[53,49,61],"product_tag":[],"class_list":{"0":"post-5874","1":"product","2":"type-product","3":"status-publish","4":"has-post-thumbnail","6":"product_brand-bang-king-vape","7":"product_cat-vape-15000-zuege","8":"product_cat-einweg-e-zigarette","9":"product_cat-f","11":"first","12":"instock","13":"shipping-taxable","14":"purchasable","15":"product-type-simple"},"yoast_head":"<!-- This site is optimized with the Yoast SEO plugin v26.5 - https:\/\/yoast.com\/wordpress\/plugins\/seo\/ -->\n<title>15000 Z\u00fcge mit Aloe Grape Bang King Digital f\u00fcr Dich | Vapingnet.de<\/title>\n<meta name=\"description\" content=\"Entdecke 15000 Z\u00fcge mit Aloe Grape Bang King Digital f\u00fcr Dich bei vapingnet.de, \u25ba Gro\u00dfe Auswahl an Geschmacksrichtungen &amp; super g\u00fcnstig!\" \/>\n<meta name=\"robots\" content=\"index, follow, max-snippet:-1, max-image-preview:large, max-video-preview:-1\" \/>\n<link rel=\"canonical\" href=\"https:\/\/vapingnet.de\/sk\/vape\/15000-zuege-mit-aloe-grape-bang-king-digital-fuer-dich\/\" \/>\n<meta property=\"og:locale\" content=\"sk_SK\" \/>\n<meta property=\"og:type\" content=\"article\" \/>\n<meta property=\"og:title\" content=\"15000 Z\u00fcge mit Aloe Grape Bang King Digital f\u00fcr Dich | Vapingnet.de\" \/>\n<meta property=\"og:description\" content=\"Entdecke 15000 Z\u00fcge mit Aloe Grape Bang King Digital f\u00fcr Dich bei vapingnet.de, \u25ba Gro\u00dfe Auswahl an Geschmacksrichtungen &amp; super g\u00fcnstig!\" \/>\n<meta property=\"og:url\" content=\"https:\/\/vapingnet.de\/sk\/vape\/15000-zuege-mit-aloe-grape-bang-king-digital-fuer-dich\/\" \/>\n<meta property=\"og:site_name\" content=\"Vapingnet.de\" \/>\n<meta property=\"article:publisher\" content=\"https:\/\/www.facebook.com\/vapingnetde\/\" \/>\n<meta property=\"article:modified_time\" content=\"2025-06-19T03:40:09+00:00\" \/>\n<meta property=\"og:image\" content=\"https:\/\/vapingnet.de\/wp-content\/uploads\/2025\/03\/Aloe-Grape.png\" \/>\n\t<meta property=\"og:image:width\" content=\"900\" \/>\n\t<meta property=\"og:image:height\" content=\"600\" \/>\n\t<meta property=\"og:image:type\" content=\"image\/png\" \/>\n<meta name=\"twitter:card\" content=\"summary_large_image\" \/>\n<meta name=\"twitter:label1\" content=\"Est. reading time\" \/>\n\t<meta name=\"twitter:data1\" content=\"3 minutes\" \/>\n<script type=\"application\/ld+json\" class=\"yoast-schema-graph\">{\"@context\":\"https:\/\/schema.org\",\"@graph\":[{\"@type\":\"WebPage\",\"@id\":\"https:\/\/vapingnet.de\/vape\/15000-zuege-mit-aloe-grape-bang-king-digital-fuer-dich\/\",\"url\":\"https:\/\/vapingnet.de\/vape\/15000-zuege-mit-aloe-grape-bang-king-digital-fuer-dich\/\",\"name\":\"15000 Z\u00fcge mit Aloe Grape Bang King Digital f\u00fcr Dich | Vapingnet.de\",\"isPartOf\":{\"@id\":\"https:\/\/vapingnet.de\/#website\"},\"primaryImageOfPage\":{\"@id\":\"https:\/\/vapingnet.de\/vape\/15000-zuege-mit-aloe-grape-bang-king-digital-fuer-dich\/#primaryimage\"},\"image\":{\"@id\":\"https:\/\/vapingnet.de\/vape\/15000-zuege-mit-aloe-grape-bang-king-digital-fuer-dich\/#primaryimage\"},\"thumbnailUrl\":\"https:\/\/vapingnet.de\/wp-content\/uploads\/2025\/03\/Aloe-Grape.png\",\"datePublished\":\"2025-03-25T06:36:14+00:00\",\"dateModified\":\"2025-06-19T03:40:09+00:00\",\"description\":\"Entdecke 15000 Z\u00fcge mit Aloe Grape Bang King Digital f\u00fcr Dich bei vapingnet.de, \u25ba Gro\u00dfe Auswahl an Geschmacksrichtungen & super g\u00fcnstig!\",\"breadcrumb\":{\"@id\":\"https:\/\/vapingnet.de\/vape\/15000-zuege-mit-aloe-grape-bang-king-digital-fuer-dich\/#breadcrumb\"},\"inLanguage\":\"sk-SK\",\"potentialAction\":[{\"@type\":\"ReadAction\",\"target\":[\"https:\/\/vapingnet.de\/vape\/15000-zuege-mit-aloe-grape-bang-king-digital-fuer-dich\/\"]}]},{\"@type\":\"ImageObject\",\"inLanguage\":\"sk-SK\",\"@id\":\"https:\/\/vapingnet.de\/vape\/15000-zuege-mit-aloe-grape-bang-king-digital-fuer-dich\/#primaryimage\",\"url\":\"https:\/\/vapingnet.de\/wp-content\/uploads\/2025\/03\/Aloe-Grape.png\",\"contentUrl\":\"https:\/\/vapingnet.de\/wp-content\/uploads\/2025\/03\/Aloe-Grape.png\",\"width\":900,\"height\":600,\"caption\":\"Aloe Grape\"},{\"@type\":\"BreadcrumbList\",\"@id\":\"https:\/\/vapingnet.de\/vape\/15000-zuege-mit-aloe-grape-bang-king-digital-fuer-dich\/#breadcrumb\",\"itemListElement\":[{\"@type\":\"ListItem\",\"position\":1,\"name\":\"Home\",\"item\":\"https:\/\/vapingnet.de\/\"},{\"@type\":\"ListItem\",\"position\":2,\"name\":\"Shop\",\"item\":\"https:\/\/vapingnet.de\/vape\/\"},{\"@type\":\"ListItem\",\"position\":3,\"name\":\"15000 Z\u00fcge mit Aloe Grape Bang King Digital f\u00fcr Dich\"}]},{\"@type\":\"WebSite\",\"@id\":\"https:\/\/vapingnet.de\/#website\",\"url\":\"https:\/\/vapingnet.de\/\",\"name\":\"Vapingnet.de\",\"description\":\"\",\"publisher\":{\"@id\":\"https:\/\/vapingnet.de\/#organization\"},\"potentialAction\":[{\"@type\":\"SearchAction\",\"target\":{\"@type\":\"EntryPoint\",\"urlTemplate\":\"https:\/\/vapingnet.de\/?s={search_term_string}\"},\"query-input\":{\"@type\":\"PropertyValueSpecification\",\"valueRequired\":true,\"valueName\":\"search_term_string\"}}],\"inLanguage\":\"sk-SK\"},{\"@type\":\"Organization\",\"@id\":\"https:\/\/vapingnet.de\/#organization\",\"name\":\"Vapingnet.de\",\"url\":\"https:\/\/vapingnet.de\/\",\"logo\":{\"@type\":\"ImageObject\",\"inLanguage\":\"sk-SK\",\"@id\":\"https:\/\/vapingnet.de\/#\/schema\/logo\/image\/\",\"url\":\"https:\/\/vapingnet.de\/wp-content\/uploads\/2025\/03\/cropped-vapingnet.de_.jpg\",\"contentUrl\":\"https:\/\/vapingnet.de\/wp-content\/uploads\/2025\/03\/cropped-vapingnet.de_.jpg\",\"width\":512,\"height\":512,\"caption\":\"Vapingnet.de\"},\"image\":{\"@id\":\"https:\/\/vapingnet.de\/#\/schema\/logo\/image\/\"},\"sameAs\":[\"https:\/\/www.facebook.com\/vapingnetde\/\"]}]}<\/script>\n<!-- \/ Yoast SEO plugin. -->","yoast_head_json":{"title":"15000 Z\u00fcge mit Aloe Grape Bang King Digital f\u00fcr Dich | Vapingnet.de","description":"Entdecke 15000 Z\u00fcge mit Aloe Grape Bang King Digital f\u00fcr Dich bei vapingnet.de, \u25ba Gro\u00dfe Auswahl an Geschmacksrichtungen & super g\u00fcnstig!","robots":{"index":"index","follow":"follow","max-snippet":"max-snippet:-1","max-image-preview":"max-image-preview:large","max-video-preview":"max-video-preview:-1"},"canonical":"https:\/\/vapingnet.de\/sk\/vape\/15000-zuege-mit-aloe-grape-bang-king-digital-fuer-dich\/","og_locale":"sk_SK","og_type":"article","og_title":"15000 Z\u00fcge mit Aloe Grape Bang King Digital f\u00fcr Dich | Vapingnet.de","og_description":"Entdecke 15000 Z\u00fcge mit Aloe Grape Bang King Digital f\u00fcr Dich bei vapingnet.de, \u25ba Gro\u00dfe Auswahl an Geschmacksrichtungen & super g\u00fcnstig!","og_url":"https:\/\/vapingnet.de\/sk\/vape\/15000-zuege-mit-aloe-grape-bang-king-digital-fuer-dich\/","og_site_name":"Vapingnet.de","article_publisher":"https:\/\/www.facebook.com\/vapingnetde\/","article_modified_time":"2025-06-19T03:40:09+00:00","og_image":[{"width":900,"height":600,"url":"https:\/\/vapingnet.de\/wp-content\/uploads\/2025\/03\/Aloe-Grape.png","type":"image\/png"}],"twitter_card":"summary_large_image","twitter_misc":{"Est. reading time":"3 minutes"},"schema":{"@context":"https:\/\/schema.org","@graph":[{"@type":"WebPage","@id":"https:\/\/vapingnet.de\/vape\/15000-zuege-mit-aloe-grape-bang-king-digital-fuer-dich\/","url":"https:\/\/vapingnet.de\/vape\/15000-zuege-mit-aloe-grape-bang-king-digital-fuer-dich\/","name":"15000 Z\u00fcge mit Aloe Grape Bang King Digital f\u00fcr Dich | Vapingnet.de","isPartOf":{"@id":"https:\/\/vapingnet.de\/#website"},"primaryImageOfPage":{"@id":"https:\/\/vapingnet.de\/vape\/15000-zuege-mit-aloe-grape-bang-king-digital-fuer-dich\/#primaryimage"},"image":{"@id":"https:\/\/vapingnet.de\/vape\/15000-zuege-mit-aloe-grape-bang-king-digital-fuer-dich\/#primaryimage"},"thumbnailUrl":"https:\/\/vapingnet.de\/wp-content\/uploads\/2025\/03\/Aloe-Grape.png","datePublished":"2025-03-25T06:36:14+00:00","dateModified":"2025-06-19T03:40:09+00:00","description":"Entdecke 15000 Z\u00fcge mit Aloe Grape Bang King Digital f\u00fcr Dich bei vapingnet.de, \u25ba Gro\u00dfe Auswahl an Geschmacksrichtungen & super g\u00fcnstig!","breadcrumb":{"@id":"https:\/\/vapingnet.de\/vape\/15000-zuege-mit-aloe-grape-bang-king-digital-fuer-dich\/#breadcrumb"},"inLanguage":"sk-SK","potentialAction":[{"@type":"ReadAction","target":["https:\/\/vapingnet.de\/vape\/15000-zuege-mit-aloe-grape-bang-king-digital-fuer-dich\/"]}]},{"@type":"ImageObject","inLanguage":"sk-SK","@id":"https:\/\/vapingnet.de\/vape\/15000-zuege-mit-aloe-grape-bang-king-digital-fuer-dich\/#primaryimage","url":"https:\/\/vapingnet.de\/wp-content\/uploads\/2025\/03\/Aloe-Grape.png","contentUrl":"https:\/\/vapingnet.de\/wp-content\/uploads\/2025\/03\/Aloe-Grape.png","width":900,"height":600,"caption":"Aloe Grape"},{"@type":"BreadcrumbList","@id":"https:\/\/vapingnet.de\/vape\/15000-zuege-mit-aloe-grape-bang-king-digital-fuer-dich\/#breadcrumb","itemListElement":[{"@type":"ListItem","position":1,"name":"Home","item":"https:\/\/vapingnet.de\/"},{"@type":"ListItem","position":2,"name":"Shop","item":"https:\/\/vapingnet.de\/vape\/"},{"@type":"ListItem","position":3,"name":"15000 Z\u00fcge mit Aloe Grape Bang King Digital f\u00fcr Dich"}]},{"@type":"WebSite","@id":"https:\/\/vapingnet.de\/#website","url":"https:\/\/vapingnet.de\/","name":"Vapingnet.de","description":"","publisher":{"@id":"https:\/\/vapingnet.de\/#organization"},"potentialAction":[{"@type":"SearchAction","target":{"@type":"EntryPoint","urlTemplate":"https:\/\/vapingnet.de\/?s={search_term_string}"},"query-input":{"@type":"PropertyValueSpecification","valueRequired":true,"valueName":"search_term_string"}}],"inLanguage":"sk-SK"},{"@type":"Organization","@id":"https:\/\/vapingnet.de\/#organization","name":"Vapingnet.de","url":"https:\/\/vapingnet.de\/","logo":{"@type":"ImageObject","inLanguage":"sk-SK","@id":"https:\/\/vapingnet.de\/#\/schema\/logo\/image\/","url":"https:\/\/vapingnet.de\/wp-content\/uploads\/2025\/03\/cropped-vapingnet.de_.jpg","contentUrl":"https:\/\/vapingnet.de\/wp-content\/uploads\/2025\/03\/cropped-vapingnet.de_.jpg","width":512,"height":512,"caption":"Vapingnet.de"},"image":{"@id":"https:\/\/vapingnet.de\/#\/schema\/logo\/image\/"},"sameAs":["https:\/\/www.facebook.com\/vapingnetde\/"]}]}},"tiered_pricing_type":"fixed","tiered_pricing_fixed_rules":{"10":"6.83","60":"6.15","110":"5.46","200":"4.78"},"tiered_pricing_product_settings":{"layout":"default","base_unit_name":{"singular":null,"plural":null},"default_variation":null},"tiered_pricing_minimum_quantity":null,"tiered_pricing_roles_data":[],"tiered_pricing_percentage_rules":[],"_links":{"self":[{"href":"https:\/\/vapingnet.de\/sk\/wp-json\/wp\/v2\/product\/5874","targetHints":{"allow":["GET"]}}],"collection":[{"href":"https:\/\/vapingnet.de\/sk\/wp-json\/wp\/v2\/product"}],"about":[{"href":"https:\/\/vapingnet.de\/sk\/wp-json\/wp\/v2\/types\/product"}],"version-history":[{"count":1,"href":"https:\/\/vapingnet.de\/sk\/wp-json\/wp\/v2\/product\/5874\/revisions"}],"predecessor-version":[{"id":5886,"href":"https:\/\/vapingnet.de\/sk\/wp-json\/wp\/v2\/product\/5874\/revisions\/5886"}],"wp:featuredmedia":[{"embeddable":true,"href":"https:\/\/vapingnet.de\/sk\/wp-json\/wp\/v2\/media\/5879"}],"wp:attachment":[{"href":"https:\/\/vapingnet.de\/sk\/wp-json\/wp\/v2\/media?parent=5874"}],"wp:term":[{"taxonomy":"brand","embeddable":true,"href":"https:\/\/vapingnet.de\/sk\/wp-json\/wp\/v2\/etheme_brands?post=5874"},{"taxonomy":"product_brand","embeddable":true,"href":"https:\/\/vapingnet.de\/sk\/wp-json\/wp\/v2\/product_brand?post=5874"},{"taxonomy":"product_cat","embeddable":true,"href":"https:\/\/vapingnet.de\/sk\/wp-json\/wp\/v2\/product_cat?post=5874"},{"taxonomy":"product_tag","embeddable":true,"href":"https:\/\/vapingnet.de\/sk\/wp-json\/wp\/v2\/product_tag?post=5874"}],"curies":[{"name":"wp","href":"https:\/\/api.w.org\/{rel}","templated":true}]}}