{"id":5875,"date":"2025-03-25T06:36:16","date_gmt":"2025-03-25T06:36:16","guid":{"rendered":"https:\/\/vapingnet.de\/?post_type=product&#038;p=5875"},"modified":"2025-06-19T03:40:08","modified_gmt":"2025-06-19T03:40:08","slug":"15000-zuege-voller-genuss-bang-king-digital-peach-ice-jetzt-entdecken","status":"publish","type":"product","link":"https:\/\/vapingnet.de\/sk\/vape\/15000-zuege-voller-genuss-bang-king-digital-peach-ice-jetzt-entdecken\/","title":{"rendered":"15000 vlakov pln\u00fdch p\u00f4\u017eitku Bang King Digital Peach Ice objavte teraz"},"content":{"rendered":"<h2 data-start=\"0\" data-end=\"128\" data-immersive-translate-walked=\"be435e60-77a0-46e9-a6da-6d61292a5e22\">\u010cerstv\u00e1 chu\u0165 broskyne a \u013eadov\u00e9 osvie\u017eenie, dlhodob\u00e9 pote\u0161enie<\/h2>\n<p class=\"\" data-start=\"130\" data-end=\"466\" data-immersive-translate-walked=\"be435e60-77a0-46e9-a6da-6d61292a5e22\">Jednorazov\u00e1 elektronick\u00e1 cigareta Bang King Digital 15000 Puffs sa na trhu etablovala ako ide\u00e1lna vo\u013eba pre v\u0161etk\u00fdch, ktor\u00ed h\u013eadaj\u00fa v\u00fdkonn\u00fd, \u0161t\u00fdlov\u00fd a dlhotrvaj\u00faci z\u00e1\u017eitok z vapovania. \u010ci ste za\u010diato\u010dn\u00edk alebo sk\u00fasen\u00fd vap\u00e9r, t\u00e1to elektronick\u00e1 cigareta v\u00e1m poskytne nezabudnute\u013en\u00fd z\u00e1\u017eitok z vapovania.<\/p>\n<h5 data-start=\"468\" data-end=\"513\" data-immersive-translate-walked=\"be435e60-77a0-46e9-a6da-6d61292a5e22\">Siln\u00fd v\u00fdkon, extr\u00e9mne dlh\u00e9 pou\u017e\u00edvanie<\/h5>\n<ul data-start=\"515\" data-end=\"1025\" data-immersive-translate-walked=\"be435e60-77a0-46e9-a6da-6d61292a5e22\">\n<li class=\"\" data-start=\"515\" data-end=\"775\" data-immersive-translate-walked=\"be435e60-77a0-46e9-a6da-6d61292a5e22\">\n<p class=\"\" data-start=\"517\" data-end=\"775\" data-immersive-translate-walked=\"be435e60-77a0-46e9-a6da-6d61292a5e22\">15000 \u0165ahov, dlh\u00e9 pou\u017e\u00edvanie: Ka\u017ed\u00e1 Bang King Digital 15000 Puffs pon\u00faka a\u017e 15000 \u0165ahov, \u010do znamen\u00e1, \u017ee si m\u00f4\u017eete vychutn\u00e1va\u0165 dlh\u00fd \u010das bez \u010dast\u00e9ho v\u00fdmeny. T\u00e1to dlh\u00e1 \u017eivotnos\u0165 zabezpe\u010duje, \u017ee z ka\u017ed\u00e9ho \u0165ahu z\u00edskate pln\u00e9 pote\u0161enie.<\/p>\n<\/li>\n<li class=\"\" data-start=\"777\" data-end=\"1025\" data-immersive-translate-walked=\"be435e60-77a0-46e9-a6da-6d61292a5e22\">\n<p class=\"\" data-start=\"779\" data-end=\"1025\" data-immersive-translate-walked=\"be435e60-77a0-46e9-a6da-6d61292a5e22\">650mAh dob\u00edjate\u013en\u00e1 bat\u00e9ria: Bat\u00e9ria s kapacitou 650mAh podporuje r\u00fdchle nab\u00edjanie typu C a zabezpe\u010duje r\u00fdchle dobitie, tak\u017ee m\u00f4\u017eete okam\u017eite pokra\u010dova\u0165 v vapovan\u00ed. Po nabit\u00ed si m\u00f4\u017eete svoju elektronick\u00fa cigaretu u\u017e\u00edva\u0165 e\u0161te dlho.<\/p>\n<\/li>\n<\/ul>\n<h5 data-start=\"1027\" data-end=\"1081\" data-immersive-translate-walked=\"be435e60-77a0-46e9-a6da-6d61292a5e22\">\u010cerstv\u00e1 chu\u0165 broskyne, \u013eadov\u00e9 osvie\u017eenie<\/h5>\n<ul data-start=\"1083\" data-end=\"1379\" data-immersive-translate-walked=\"be435e60-77a0-46e9-a6da-6d61292a5e22\">\n<li class=\"\" data-start=\"1083\" data-end=\"1379\" data-immersive-translate-walked=\"be435e60-77a0-46e9-a6da-6d61292a5e22\">\n<p class=\"\" data-start=\"1085\" data-end=\"1379\" data-immersive-translate-walked=\"be435e60-77a0-46e9-a6da-6d61292a5e22\">Peach Ice chu\u0165: Chu\u0165 Peach Ice kombinuje sladkos\u0165 broskyne s osvie\u017euj\u00facim chladom, ktor\u00fd v\u00e1m pri ka\u017edom \u0165ahu poskytne osvie\u017euj\u00faci pocit. Je to ako vychutn\u00e1va\u0165 si chladn\u00fa, \u010derstv\u00fa brosky\u0148u \u2013 ide\u00e1lne na hor\u00face dni alebo relaxa\u010dn\u00e9 chv\u00edle.<\/p>\n<\/li>\n<\/ul>\n<h5 data-start=\"1381\" data-end=\"1439\" data-immersive-translate-walked=\"be435e60-77a0-46e9-a6da-6d61292a5e22\">Ohromuj\u00face RGB sveteln\u00e9 efekty, \u0161t\u00fdlov\u00fd dizajn<\/h5>\n<ul data-start=\"1441\" data-end=\"1763\" data-immersive-translate-walked=\"be435e60-77a0-46e9-a6da-6d61292a5e22\">\n<li class=\"\" data-start=\"1441\" data-end=\"1763\" data-immersive-translate-walked=\"be435e60-77a0-46e9-a6da-6d61292a5e22\">\n<p class=\"\" data-start=\"1443\" data-end=\"1763\" data-immersive-translate-walked=\"be435e60-77a0-46e9-a6da-6d61292a5e22\">RGB sveteln\u00e1 indik\u00e1cia: S RGB osvetlen\u00edm za\u017eijete ka\u017ed\u00fd vapovanie s fascinuj\u00facimi sveteln\u00fdmi hrami, ktor\u00e9 sa menia pod\u013ea \u0165ahu. Tieto sveteln\u00e9 efekty dod\u00e1vaj\u00fa va\u0161ej elektronickej cigarete osobn\u00fd n\u00e1dych a robia z nej skuto\u010dn\u00fd p\u00fata\u010d pozornosti. Nie je to len funk\u010dn\u00e9, ale aj \u0161t\u00fdlov\u00e9 pr\u00edslu\u0161enstvo.<\/p>\n<\/li>\n<\/ul>\n<h5 data-start=\"1765\" data-end=\"1821\" data-immersive-translate-walked=\"be435e60-77a0-46e9-a6da-6d61292a5e22\">Ve\u013ek\u00e1 kapacita E-Liquidu, dlhodob\u00e9 pote\u0161enie<\/h5>\n<ul data-start=\"1823\" data-end=\"2312\" data-immersive-translate-walked=\"be435e60-77a0-46e9-a6da-6d61292a5e22\">\n<li class=\"\" data-start=\"1823\" data-end=\"2076\" data-immersive-translate-walked=\"be435e60-77a0-46e9-a6da-6d61292a5e22\">\n<p class=\"\" data-start=\"1825\" data-end=\"2076\" data-immersive-translate-walked=\"be435e60-77a0-46e9-a6da-6d61292a5e22\">25ml E-Liquidu: S kapacitou 25ml E-Liquidu sa u\u017e nemus\u00edte ob\u00e1va\u0165 \u010dast\u00e9ho dop\u013a\u0148ania. Ve\u013ek\u00e1 kapacita zabezpe\u010duje stabiln\u00fd a dlh\u00fd z\u00e1\u017eitok z vapovania, ktor\u00fd si m\u00f4\u017eete naplno vychutna\u0165.<\/p>\n<\/li>\n<li class=\"\" data-start=\"2078\" data-end=\"2312\" data-immersive-translate-walked=\"be435e60-77a0-46e9-a6da-6d61292a5e22\">\n<p class=\"\" data-start=\"2080\" data-end=\"2312\" data-immersive-translate-walked=\"be435e60-77a0-46e9-a6da-6d61292a5e22\">\u013dahk\u00e9 a prenosn\u00e9, len 90g: S hmotnos\u0165ou len 90g je elektronick\u00e1 cigareta \u013eahk\u00e1 a kompaktn\u00e1, ide\u00e1lna na cestovanie. M\u00f4\u017eete ju \u013eahko vlo\u017ei\u0165 do ta\u0161ky alebo batohu a kedyko\u013evek si vychutna\u0165 vapovanie.<\/p>\n<\/li>\n<\/ul>\n<h5 data-start=\"2314\" data-end=\"2366\" data-immersive-translate-walked=\"be435e60-77a0-46e9-a6da-6d61292a5e22\">R\u00f4zne \u00farovne nikot\u00ednu pre ka\u017ed\u00e9 potreby<\/h5>\n<ul data-start=\"2368\" data-end=\"2643\" data-immersive-translate-walked=\"be435e60-77a0-46e9-a6da-6d61292a5e22\">\n<li class=\"\" data-start=\"2368\" data-end=\"2643\" data-immersive-translate-walked=\"be435e60-77a0-46e9-a6da-6d61292a5e22\">\n<p class=\"\" data-start=\"2370\" data-end=\"2643\" data-immersive-translate-walked=\"be435e60-77a0-46e9-a6da-6d61292a5e22\">Elektronick\u00e1 cigareta Bang King Digital 15000 Puffs je dostupn\u00e1 v nikot\u00ednov\u00fdch koncentr\u00e1ci\u00e1ch 0%, 2%, 3%, 5%, aby vyhovovala r\u00f4znym preferenci\u00e1m. Ak preferujete nikot\u00edn 0% alebo 3%, m\u00f4\u017eete zada\u0165 ve\u013ek\u00fa objedn\u00e1vku na splnenie svojich potrieb.<\/p>\n<\/li>\n<\/ul>\n<h5 data-start=\"2645\" data-end=\"2694\" data-immersive-translate-walked=\"be435e60-77a0-46e9-a6da-6d61292a5e22\">Bezcoln\u00e9 n\u00e1kupy, bezstarostn\u00fd z\u00e1\u017eitok<\/h5>\n<ul data-start=\"2696\" data-end=\"2922\" data-immersive-translate-walked=\"be435e60-77a0-46e9-a6da-6d61292a5e22\">\n<li class=\"\" data-start=\"2696\" data-end=\"2922\" data-immersive-translate-walked=\"be435e60-77a0-46e9-a6da-6d61292a5e22\">\n<p class=\"\" data-start=\"2698\" data-end=\"2922\" data-immersive-translate-walked=\"be435e60-77a0-46e9-a6da-6d61292a5e22\">Pri n\u00e1kupe na vapingnet.de neplatia coln\u00e9 poplatky, tak\u017ee si m\u00f4\u017eete svoju elektronick\u00fa cigaretu vychutna\u0165 bez dodato\u010dn\u00fdch n\u00e1kladov. Medzin\u00e1rodn\u00e1 doprava zabezpe\u010duje, \u017ee svoj produkt dostanete r\u00fdchlo a bez probl\u00e9mov.<\/p>\n<\/li>\n<\/ul>\n<h3>Pre\u010do by si si mal vybra\u0165 Bang King Digital 15000 Puffs?<\/h3>\n<ul data-start=\"2993\" data-end=\"3580\" data-immersive-translate-walked=\"be435e60-77a0-46e9-a6da-6d61292a5e22\">\n<li class=\"\" data-start=\"2993\" data-end=\"3182\" data-immersive-translate-walked=\"be435e60-77a0-46e9-a6da-6d61292a5e22\">\n<p class=\"\" data-start=\"2995\" data-end=\"3182\" data-immersive-translate-walked=\"be435e60-77a0-46e9-a6da-6d61292a5e22\">Dlh\u00e9 pou\u017e\u00edvanie: S 15000 \u0165ahmi t\u00e1to elektronick\u00e1 cigareta pon\u00faka mimoriadne dlh\u00fa dobu pou\u017e\u00edvania a zabezpe\u010duje, \u017ee si m\u00f4\u017eete vychutna\u0165 pln\u00fd z\u00e1\u017eitok bez \u010dast\u00fdch v\u00fdmen.<\/p>\n<\/li>\n<li class=\"\" data-start=\"3183\" data-end=\"3318\" data-immersive-translate-walked=\"be435e60-77a0-46e9-a6da-6d61292a5e22\">\n<p class=\"\" data-start=\"3185\" data-end=\"3318\" data-immersive-translate-walked=\"be435e60-77a0-46e9-a6da-6d61292a5e22\">\u010cerstv\u00e1 chu\u0165: Chu\u0165 Peach Ice kombinuje sladk\u00e9 ovocie a osvie\u017euj\u00faci chlad pre nezamenite\u013en\u00fd z\u00e1\u017eitok.<\/p>\n<\/li>\n<li class=\"\" data-start=\"3319\" data-end=\"3453\" data-immersive-translate-walked=\"be435e60-77a0-46e9-a6da-6d61292a5e22\">\n<p class=\"\" data-start=\"3321\" data-end=\"3453\" data-immersive-translate-walked=\"be435e60-77a0-46e9-a6da-6d61292a5e22\">RGB sveteln\u00e9 efekty: RGB osvetlenie poskytuje vizu\u00e1lny z\u00e1\u017eitok a prid\u00e1va osobn\u00fd n\u00e1dych v\u00e1\u0161mu vapovaniu.<\/p>\n<\/li>\n<li class=\"\" data-start=\"3454\" data-end=\"3580\" data-immersive-translate-walked=\"be435e60-77a0-46e9-a6da-6d61292a5e22\">\n<p class=\"\" data-start=\"3456\" data-end=\"3580\" data-immersive-translate-walked=\"be435e60-77a0-46e9-a6da-6d61292a5e22\">Ve\u013ek\u00e1 kapacita E-Liquidu: S kapacitou 25ml si m\u00f4\u017eete vychutn\u00e1va\u0165 dlh\u00fd \u010das bez dop\u013a\u0148ania.<\/p>\n<\/li>\n<\/ul>\n<h4 data-start=\"3582\" data-end=\"3669\" data-immersive-translate-walked=\"be435e60-77a0-46e9-a6da-6d61292a5e22\">Objednajte teraz na vapingnet.de a za\u017eite Bang King Digital 15000 Puffs!<\/h4>\n<p class=\"\" data-start=\"3671\" data-end=\"3967\" data-immersive-translate-walked=\"be435e60-77a0-46e9-a6da-6d61292a5e22\">Na \u010do e\u0161te \u010dak\u00e1te? Nav\u0161t\u00edvte vapingnet.de a objednajte si svoju Bang King Digital 15000 Puffs e\u0161te dnes. Vychutnajte si \u010derstv\u00fa chu\u0165 broskyne, dlh\u00e9 hodiny pou\u017e\u00edvania a spektakul\u00e1rne RGB sveteln\u00e9 efekty, ktor\u00e9 pozdvihn\u00fa v\u00e1\u0161 z\u00e1\u017eitok z vapovania na nov\u00fa \u00farove\u0148!<\/p>","protected":false},"excerpt":{"rendered":"<p>\u010cerstv\u00e1 brosky\u0148ov\u00e1 chu\u0165 a \u013eadov\u00e1 osvie\u017eenie, dlhodob\u00fd p\u00f4\u017eitok Bang King Digital 15000 Puffs Jednorazov\u00e1 e-cigareta sa na trhu osved\u010dila ako ide\u00e1lna vo\u013eba pre...<\/p>","protected":false},"featured_media":5880,"template":"","meta":[],"etheme_brands":[],"product_brand":[101],"product_cat":[53,49,61],"product_tag":[],"class_list":{"0":"post-5875","1":"product","2":"type-product","3":"status-publish","4":"has-post-thumbnail","6":"product_brand-bang-king-vape","7":"product_cat-vape-15000-zuege","8":"product_cat-einweg-e-zigarette","9":"product_cat-f","11":"first","12":"instock","13":"shipping-taxable","14":"purchasable","15":"product-type-simple"},"yoast_head":"<!-- This site is optimized with the Yoast SEO plugin v26.5 - https:\/\/yoast.com\/wordpress\/plugins\/seo\/ -->\n<title>15000 Z\u00fcge voller Genuss Bang King Digital Peach Ice jetzt entdecken | Vapingnet.de<\/title>\n<meta name=\"description\" content=\"Entdecke 15000 Z\u00fcge voller Genuss Bang King Digital Peach Ice jetzt entdecken bei vapingnet.de, \u25ba Gro\u00dfe Auswahl an Geschmacksrichtungen &amp; super g\u00fcnstig!\" \/>\n<meta name=\"robots\" content=\"index, follow, max-snippet:-1, max-image-preview:large, max-video-preview:-1\" \/>\n<link rel=\"canonical\" href=\"https:\/\/vapingnet.de\/sk\/vape\/15000-zuege-voller-genuss-bang-king-digital-peach-ice-jetzt-entdecken\/\" \/>\n<meta property=\"og:locale\" content=\"sk_SK\" \/>\n<meta property=\"og:type\" content=\"article\" \/>\n<meta property=\"og:title\" content=\"15000 Z\u00fcge voller Genuss Bang King Digital Peach Ice jetzt entdecken | Vapingnet.de\" \/>\n<meta property=\"og:description\" content=\"Entdecke 15000 Z\u00fcge voller Genuss Bang King Digital Peach Ice jetzt entdecken bei vapingnet.de, \u25ba Gro\u00dfe Auswahl an Geschmacksrichtungen &amp; super g\u00fcnstig!\" \/>\n<meta property=\"og:url\" content=\"https:\/\/vapingnet.de\/sk\/vape\/15000-zuege-voller-genuss-bang-king-digital-peach-ice-jetzt-entdecken\/\" \/>\n<meta property=\"og:site_name\" content=\"Vapingnet.de\" \/>\n<meta property=\"article:publisher\" content=\"https:\/\/www.facebook.com\/vapingnetde\/\" \/>\n<meta property=\"article:modified_time\" content=\"2025-06-19T03:40:08+00:00\" \/>\n<meta property=\"og:image\" content=\"https:\/\/vapingnet.de\/wp-content\/uploads\/2025\/03\/Peach-Ice-3.png\" \/>\n\t<meta property=\"og:image:width\" content=\"900\" \/>\n\t<meta property=\"og:image:height\" content=\"600\" \/>\n\t<meta property=\"og:image:type\" content=\"image\/png\" \/>\n<meta name=\"twitter:card\" content=\"summary_large_image\" \/>\n<meta name=\"twitter:label1\" content=\"Est. reading time\" \/>\n\t<meta name=\"twitter:data1\" content=\"3 minutes\" \/>\n<script type=\"application\/ld+json\" class=\"yoast-schema-graph\">{\"@context\":\"https:\/\/schema.org\",\"@graph\":[{\"@type\":\"WebPage\",\"@id\":\"https:\/\/vapingnet.de\/vape\/15000-zuege-voller-genuss-bang-king-digital-peach-ice-jetzt-entdecken\/\",\"url\":\"https:\/\/vapingnet.de\/vape\/15000-zuege-voller-genuss-bang-king-digital-peach-ice-jetzt-entdecken\/\",\"name\":\"15000 Z\u00fcge voller Genuss Bang King Digital Peach Ice jetzt entdecken | Vapingnet.de\",\"isPartOf\":{\"@id\":\"https:\/\/vapingnet.de\/#website\"},\"primaryImageOfPage\":{\"@id\":\"https:\/\/vapingnet.de\/vape\/15000-zuege-voller-genuss-bang-king-digital-peach-ice-jetzt-entdecken\/#primaryimage\"},\"image\":{\"@id\":\"https:\/\/vapingnet.de\/vape\/15000-zuege-voller-genuss-bang-king-digital-peach-ice-jetzt-entdecken\/#primaryimage\"},\"thumbnailUrl\":\"https:\/\/vapingnet.de\/wp-content\/uploads\/2025\/03\/Peach-Ice-3.png\",\"datePublished\":\"2025-03-25T06:36:16+00:00\",\"dateModified\":\"2025-06-19T03:40:08+00:00\",\"description\":\"Entdecke 15000 Z\u00fcge voller Genuss Bang King Digital Peach Ice jetzt entdecken bei vapingnet.de, \u25ba Gro\u00dfe Auswahl an Geschmacksrichtungen & super g\u00fcnstig!\",\"breadcrumb\":{\"@id\":\"https:\/\/vapingnet.de\/vape\/15000-zuege-voller-genuss-bang-king-digital-peach-ice-jetzt-entdecken\/#breadcrumb\"},\"inLanguage\":\"sk-SK\",\"potentialAction\":[{\"@type\":\"ReadAction\",\"target\":[\"https:\/\/vapingnet.de\/vape\/15000-zuege-voller-genuss-bang-king-digital-peach-ice-jetzt-entdecken\/\"]}]},{\"@type\":\"ImageObject\",\"inLanguage\":\"sk-SK\",\"@id\":\"https:\/\/vapingnet.de\/vape\/15000-zuege-voller-genuss-bang-king-digital-peach-ice-jetzt-entdecken\/#primaryimage\",\"url\":\"https:\/\/vapingnet.de\/wp-content\/uploads\/2025\/03\/Peach-Ice-3.png\",\"contentUrl\":\"https:\/\/vapingnet.de\/wp-content\/uploads\/2025\/03\/Peach-Ice-3.png\",\"width\":900,\"height\":600,\"caption\":\"Peach Ice\"},{\"@type\":\"BreadcrumbList\",\"@id\":\"https:\/\/vapingnet.de\/vape\/15000-zuege-voller-genuss-bang-king-digital-peach-ice-jetzt-entdecken\/#breadcrumb\",\"itemListElement\":[{\"@type\":\"ListItem\",\"position\":1,\"name\":\"Home\",\"item\":\"https:\/\/vapingnet.de\/\"},{\"@type\":\"ListItem\",\"position\":2,\"name\":\"Shop\",\"item\":\"https:\/\/vapingnet.de\/vape\/\"},{\"@type\":\"ListItem\",\"position\":3,\"name\":\"15000 Z\u00fcge voller Genuss Bang King Digital Peach Ice jetzt entdecken\"}]},{\"@type\":\"WebSite\",\"@id\":\"https:\/\/vapingnet.de\/#website\",\"url\":\"https:\/\/vapingnet.de\/\",\"name\":\"Vapingnet.de\",\"description\":\"\",\"publisher\":{\"@id\":\"https:\/\/vapingnet.de\/#organization\"},\"potentialAction\":[{\"@type\":\"SearchAction\",\"target\":{\"@type\":\"EntryPoint\",\"urlTemplate\":\"https:\/\/vapingnet.de\/?s={search_term_string}\"},\"query-input\":{\"@type\":\"PropertyValueSpecification\",\"valueRequired\":true,\"valueName\":\"search_term_string\"}}],\"inLanguage\":\"sk-SK\"},{\"@type\":\"Organization\",\"@id\":\"https:\/\/vapingnet.de\/#organization\",\"name\":\"Vapingnet.de\",\"url\":\"https:\/\/vapingnet.de\/\",\"logo\":{\"@type\":\"ImageObject\",\"inLanguage\":\"sk-SK\",\"@id\":\"https:\/\/vapingnet.de\/#\/schema\/logo\/image\/\",\"url\":\"https:\/\/vapingnet.de\/wp-content\/uploads\/2025\/03\/cropped-vapingnet.de_.jpg\",\"contentUrl\":\"https:\/\/vapingnet.de\/wp-content\/uploads\/2025\/03\/cropped-vapingnet.de_.jpg\",\"width\":512,\"height\":512,\"caption\":\"Vapingnet.de\"},\"image\":{\"@id\":\"https:\/\/vapingnet.de\/#\/schema\/logo\/image\/\"},\"sameAs\":[\"https:\/\/www.facebook.com\/vapingnetde\/\"]}]}<\/script>\n<!-- \/ Yoast SEO plugin. -->","yoast_head_json":{"title":"15000 Z\u00fcge voller Genuss Bang King Digital Peach Ice jetzt entdecken | Vapingnet.de","description":"Entdecke 15000 Z\u00fcge voller Genuss Bang King Digital Peach Ice jetzt entdecken bei vapingnet.de, \u25ba Gro\u00dfe Auswahl an Geschmacksrichtungen & super g\u00fcnstig!","robots":{"index":"index","follow":"follow","max-snippet":"max-snippet:-1","max-image-preview":"max-image-preview:large","max-video-preview":"max-video-preview:-1"},"canonical":"https:\/\/vapingnet.de\/sk\/vape\/15000-zuege-voller-genuss-bang-king-digital-peach-ice-jetzt-entdecken\/","og_locale":"sk_SK","og_type":"article","og_title":"15000 Z\u00fcge voller Genuss Bang King Digital Peach Ice jetzt entdecken | Vapingnet.de","og_description":"Entdecke 15000 Z\u00fcge voller Genuss Bang King Digital Peach Ice jetzt entdecken bei vapingnet.de, \u25ba Gro\u00dfe Auswahl an Geschmacksrichtungen & super g\u00fcnstig!","og_url":"https:\/\/vapingnet.de\/sk\/vape\/15000-zuege-voller-genuss-bang-king-digital-peach-ice-jetzt-entdecken\/","og_site_name":"Vapingnet.de","article_publisher":"https:\/\/www.facebook.com\/vapingnetde\/","article_modified_time":"2025-06-19T03:40:08+00:00","og_image":[{"width":900,"height":600,"url":"https:\/\/vapingnet.de\/wp-content\/uploads\/2025\/03\/Peach-Ice-3.png","type":"image\/png"}],"twitter_card":"summary_large_image","twitter_misc":{"Est. reading time":"3 minutes"},"schema":{"@context":"https:\/\/schema.org","@graph":[{"@type":"WebPage","@id":"https:\/\/vapingnet.de\/vape\/15000-zuege-voller-genuss-bang-king-digital-peach-ice-jetzt-entdecken\/","url":"https:\/\/vapingnet.de\/vape\/15000-zuege-voller-genuss-bang-king-digital-peach-ice-jetzt-entdecken\/","name":"15000 Z\u00fcge voller Genuss Bang King Digital Peach Ice jetzt entdecken | Vapingnet.de","isPartOf":{"@id":"https:\/\/vapingnet.de\/#website"},"primaryImageOfPage":{"@id":"https:\/\/vapingnet.de\/vape\/15000-zuege-voller-genuss-bang-king-digital-peach-ice-jetzt-entdecken\/#primaryimage"},"image":{"@id":"https:\/\/vapingnet.de\/vape\/15000-zuege-voller-genuss-bang-king-digital-peach-ice-jetzt-entdecken\/#primaryimage"},"thumbnailUrl":"https:\/\/vapingnet.de\/wp-content\/uploads\/2025\/03\/Peach-Ice-3.png","datePublished":"2025-03-25T06:36:16+00:00","dateModified":"2025-06-19T03:40:08+00:00","description":"Entdecke 15000 Z\u00fcge voller Genuss Bang King Digital Peach Ice jetzt entdecken bei vapingnet.de, \u25ba Gro\u00dfe Auswahl an Geschmacksrichtungen & super g\u00fcnstig!","breadcrumb":{"@id":"https:\/\/vapingnet.de\/vape\/15000-zuege-voller-genuss-bang-king-digital-peach-ice-jetzt-entdecken\/#breadcrumb"},"inLanguage":"sk-SK","potentialAction":[{"@type":"ReadAction","target":["https:\/\/vapingnet.de\/vape\/15000-zuege-voller-genuss-bang-king-digital-peach-ice-jetzt-entdecken\/"]}]},{"@type":"ImageObject","inLanguage":"sk-SK","@id":"https:\/\/vapingnet.de\/vape\/15000-zuege-voller-genuss-bang-king-digital-peach-ice-jetzt-entdecken\/#primaryimage","url":"https:\/\/vapingnet.de\/wp-content\/uploads\/2025\/03\/Peach-Ice-3.png","contentUrl":"https:\/\/vapingnet.de\/wp-content\/uploads\/2025\/03\/Peach-Ice-3.png","width":900,"height":600,"caption":"Peach Ice"},{"@type":"BreadcrumbList","@id":"https:\/\/vapingnet.de\/vape\/15000-zuege-voller-genuss-bang-king-digital-peach-ice-jetzt-entdecken\/#breadcrumb","itemListElement":[{"@type":"ListItem","position":1,"name":"Home","item":"https:\/\/vapingnet.de\/"},{"@type":"ListItem","position":2,"name":"Shop","item":"https:\/\/vapingnet.de\/vape\/"},{"@type":"ListItem","position":3,"name":"15000 Z\u00fcge voller Genuss Bang King Digital Peach Ice jetzt entdecken"}]},{"@type":"WebSite","@id":"https:\/\/vapingnet.de\/#website","url":"https:\/\/vapingnet.de\/","name":"Vapingnet.de","description":"","publisher":{"@id":"https:\/\/vapingnet.de\/#organization"},"potentialAction":[{"@type":"SearchAction","target":{"@type":"EntryPoint","urlTemplate":"https:\/\/vapingnet.de\/?s={search_term_string}"},"query-input":{"@type":"PropertyValueSpecification","valueRequired":true,"valueName":"search_term_string"}}],"inLanguage":"sk-SK"},{"@type":"Organization","@id":"https:\/\/vapingnet.de\/#organization","name":"Vapingnet.de","url":"https:\/\/vapingnet.de\/","logo":{"@type":"ImageObject","inLanguage":"sk-SK","@id":"https:\/\/vapingnet.de\/#\/schema\/logo\/image\/","url":"https:\/\/vapingnet.de\/wp-content\/uploads\/2025\/03\/cropped-vapingnet.de_.jpg","contentUrl":"https:\/\/vapingnet.de\/wp-content\/uploads\/2025\/03\/cropped-vapingnet.de_.jpg","width":512,"height":512,"caption":"Vapingnet.de"},"image":{"@id":"https:\/\/vapingnet.de\/#\/schema\/logo\/image\/"},"sameAs":["https:\/\/www.facebook.com\/vapingnetde\/"]}]}},"tiered_pricing_type":"fixed","tiered_pricing_fixed_rules":{"10":"6.83","60":"6.15","110":"5.46","200":"4.78"},"tiered_pricing_product_settings":{"layout":"default","base_unit_name":{"singular":null,"plural":null},"default_variation":null},"tiered_pricing_minimum_quantity":null,"tiered_pricing_roles_data":[],"tiered_pricing_percentage_rules":[],"_links":{"self":[{"href":"https:\/\/vapingnet.de\/sk\/wp-json\/wp\/v2\/product\/5875","targetHints":{"allow":["GET"]}}],"collection":[{"href":"https:\/\/vapingnet.de\/sk\/wp-json\/wp\/v2\/product"}],"about":[{"href":"https:\/\/vapingnet.de\/sk\/wp-json\/wp\/v2\/types\/product"}],"version-history":[{"count":1,"href":"https:\/\/vapingnet.de\/sk\/wp-json\/wp\/v2\/product\/5875\/revisions"}],"predecessor-version":[{"id":5887,"href":"https:\/\/vapingnet.de\/sk\/wp-json\/wp\/v2\/product\/5875\/revisions\/5887"}],"wp:featuredmedia":[{"embeddable":true,"href":"https:\/\/vapingnet.de\/sk\/wp-json\/wp\/v2\/media\/5880"}],"wp:attachment":[{"href":"https:\/\/vapingnet.de\/sk\/wp-json\/wp\/v2\/media?parent=5875"}],"wp:term":[{"taxonomy":"brand","embeddable":true,"href":"https:\/\/vapingnet.de\/sk\/wp-json\/wp\/v2\/etheme_brands?post=5875"},{"taxonomy":"product_brand","embeddable":true,"href":"https:\/\/vapingnet.de\/sk\/wp-json\/wp\/v2\/product_brand?post=5875"},{"taxonomy":"product_cat","embeddable":true,"href":"https:\/\/vapingnet.de\/sk\/wp-json\/wp\/v2\/product_cat?post=5875"},{"taxonomy":"product_tag","embeddable":true,"href":"https:\/\/vapingnet.de\/sk\/wp-json\/wp\/v2\/product_tag?post=5875"}],"curies":[{"name":"wp","href":"https:\/\/api.w.org\/{rel}","templated":true}]}}