{"id":5881,"date":"2025-03-25T06:39:29","date_gmt":"2025-03-25T06:39:29","guid":{"rendered":"https:\/\/vapingnet.de\/?post_type=product&#038;p=5881"},"modified":"2025-06-19T03:40:08","modified_gmt":"2025-06-19T03:40:08","slug":"15000-zuege-strawberry-banana-dein-neuer-lieblings-vape-von-bang-king-digital","status":"publish","type":"product","link":"https:\/\/vapingnet.de\/sk\/vape\/15000-zuege-strawberry-banana-dein-neuer-lieblings-vape-von-bang-king-digital\/","title":{"rendered":"15000 Z\u00e1vitov Strawberry Banana V\u00e1\u0161 nov\u00fd ob\u013e\u00faben\u00fd Vape od Bang King Digital"},"content":{"rendered":"<h2 data-start=\"0\" data-end=\"98\" data-immersive-translate-walked=\"be435e60-77a0-46e9-a6da-6d61292a5e22\">Bang King Digital 15000 Puffs \u2013 Pr\u00edchu\u0165 jahodovo-ban\u00e1nov\u00e1<\/h2>\n<p class=\"\" data-start=\"100\" data-end=\"438\" data-immersive-translate-walked=\"be435e60-77a0-46e9-a6da-6d61292a5e22\">H\u013ead\u00e1\u0161 v\u00fdkonn\u00fa, bohat\u00fa na chu\u0165 a odoln\u00fa elektronick\u00fa cigaretu? Potom bude\u0161 milova\u0165 Bang King Digital 15000 Puffs! T\u00e1to elektronick\u00e1 cigareta pon\u00faka nielen \u0161t\u00fdlov\u00fd, modern\u00fd vzh\u013ead, ale aj neodolate\u013en\u00fa chu\u0165. Po\u010fme sa pozrie\u0165 na jej jedine\u010dn\u00e9 vlastnosti!<\/p>\n<ul>\n<li data-start=\"440\" data-end=\"501\" data-immersive-translate-walked=\"be435e60-77a0-46e9-a6da-6d61292a5e22\">Extr\u00e9mne dlh\u00e1 doba pou\u017e\u00edvania pre dlhodob\u00e9 pote\u0161enie<br \/>\nS a\u017e 15000 potiahnutiami pon\u00faka Bang King Digital 15000 Puffs neuverite\u013ene dlh\u00fa dobu pou\u017e\u00edvania. \u017diadne neust\u00e1le menenie zariadenia alebo obavy o v\u00fddr\u017e bat\u00e9rie \u2013 u\u017e\u00edvaj si ka\u017ed\u00fd potiahnutie bez preru\u0161enia!<\/li>\n<li data-start=\"722\" data-end=\"771\" data-immersive-translate-walked=\"be435e60-77a0-46e9-a6da-6d61292a5e22\">R\u00fdchle nab\u00edjanie a dlhodob\u00e9 pou\u017e\u00edvanie<br \/>\nBat\u00e9ria s kapacitou 650mAh sa d\u00e1 r\u00fdchlo nabi\u0165 cez USB-C port. Doba nab\u00edjania je kr\u00e1tka a pou\u017e\u00edvanie je dlh\u00e9. \u010ci ju pou\u017e\u00edva\u0161 ka\u017ed\u00fd de\u0148 alebo na cest\u00e1ch, r\u00fdchle nab\u00edjanie zabezpe\u010d\u00ed, \u017ee m\u00f4\u017ee\u0161 kedyko\u013evek bez ob\u00e1v faj\u010di\u0165 parou.<\/li>\n<li data-start=\"1058\" data-end=\"1115\" data-immersive-translate-walked=\"be435e60-77a0-46e9-a6da-6d61292a5e22\">Pr\u00edchu\u0165 jahodovo-ban\u00e1nov\u00e1 \u2013 ovocn\u00e1 a lahodn\u00e1<br \/>\nPr\u00edchu\u0165 jahodovo-ban\u00e1nov\u00e1 je neodolate\u013en\u00e1 kombin\u00e1cia sladk\u00fdch jah\u00f4d a kr\u00e9mov\u00e9ho ban\u00e1nu. Ka\u017ed\u00e9 potiahnutie prin\u00e1\u0161a ovocn\u00fa, svie\u017eu chu\u0165, ktor\u00e1 rozmazn\u00e1 tvoje chu\u0165ov\u00e9 poh\u00e1riky. Je to dokonal\u00fd p\u00f4\u017eitok pre milovn\u00edkov ovocia \u2013 chu\u0165, ktor\u00e1 sp\u00f4sob\u00ed z\u00e1vislos\u0165!<\/li>\n<li data-start=\"1407\" data-end=\"1453\" data-immersive-translate-walked=\"be435e60-77a0-46e9-a6da-6d61292a5e22\">RGB sveteln\u00e9 efekty pre \u0161t\u00fdlov\u00fd vzh\u013ead<br \/>\nS RGB sveteln\u00fdmi efektmi sa ka\u017ed\u00e9 potiahnutie st\u00e1va vizu\u00e1lnym z\u00e1\u017eitkom. Elektrick\u00e1 cigareta svieti r\u00f4znymi farbami, \u010do rob\u00ed faj\u010denie e\u0161te vzru\u0161uj\u00facej\u0161\u00edm. Nie je to len funk\u010dn\u00e9 zariadenie, ale aj \u0161t\u00fdlov\u00fd doplnok, ktor\u00fd pritiahne v\u0161etky poh\u013eady.<\/li>\n<li data-start=\"1735\" data-end=\"1785\" data-immersive-translate-walked=\"be435e60-77a0-46e9-a6da-6d61292a5e22\">Ve\u013ek\u00e1 kapacita n\u00e1plne pre dlh\u0161ie pote\u0161enie<br \/>\nS kapacitou 25 ml e-liquid nem\u00e1\u0161 obavy z \u010dast\u00e9ho dop\u013a\u0148ania. Ve\u013ek\u00e1 kapacita zabezpe\u010duje, \u017ee si m\u00f4\u017ee\u0161 vychutna\u0165 ve\u013ea potiahnut\u00ed bez neust\u00e1leho dop\u013a\u0148ania n\u00e1plne. Chu\u0165 zost\u00e1va po\u010das cel\u00e9ho pou\u017e\u00edvania st\u00e1le intenz\u00edvna.<\/li>\n<li data-start=\"2074\" data-end=\"2131\" data-immersive-translate-walked=\"be435e60-77a0-46e9-a6da-6d61292a5e22\">\u013dahk\u00e1 a prenosn\u00e1 \u2013 faj\u010dite kedyko\u013evek a kdeko\u013evek<br \/>\nS v\u00e1hou len 90 g je Bang King Digital 15000 Puffs ve\u013emi \u013eahk\u00e1 a kompaktn\u00e1, tak\u017ee si ju m\u00f4\u017ee\u0161 vzia\u0165 kamko\u013evek. \u010ci v ta\u0161ke alebo v batohu, je v\u017edy po ruke, aby si si mohol vychutna\u0165 svoj z\u00e1\u017eitok z faj\u010denia pary.<\/li>\n<li data-start=\"2358\" data-end=\"2413\" data-immersive-translate-walked=\"be435e60-77a0-46e9-a6da-6d61292a5e22\">R\u00f4zne \u00farovne nikot\u00ednu pre ka\u017ed\u00fd vkus<br \/>\nVyber si z nikot\u00ednov\u00fdch s\u00edl 0%, 2%, 3%, 5% t\u00fa spr\u00e1vnu pre teba. Ak preferuje\u0161 nikot\u00edn 0% alebo 3%, pon\u00fakame mo\u017enos\u0165 ve\u013ekoobchodn\u00e9ho objednania, aby sme vyhoveli tvojim potreb\u00e1m.<\/li>\n<li data-start=\"2631\" data-end=\"2680\" data-immersive-translate-walked=\"be435e60-77a0-46e9-a6da-6d61292a5e22\">Nakupuj bez cla a doru\u010denie po celom svete<br \/>\nPri n\u00e1kupe nad vapingnet.de neplatia coln\u00e9 poplatky. Pon\u00fakame r\u00fdchle medzin\u00e1rodn\u00e9 doru\u010denie, tak\u017ee svoju elektronick\u00fa cigaretu dostane\u0161 r\u00fdchlo a bez probl\u00e9mov, kdeko\u013evek sa nach\u00e1dza\u0161.<\/li>\n<\/ul>\n<h3>Pre\u010do by si si mal vybra\u0165 Bang King Digital 15000 Puffs?<\/h3>\n<ul data-start=\"2956\" data-end=\"3455\" data-immersive-translate-walked=\"be435e60-77a0-46e9-a6da-6d61292a5e22\">\n<li class=\"\" data-start=\"2956\" data-end=\"3010\" data-immersive-translate-walked=\"be435e60-77a0-46e9-a6da-6d61292a5e22\">\n<p class=\"\" data-start=\"2958\" data-end=\"3010\" data-immersive-translate-walked=\"be435e60-77a0-46e9-a6da-6d61292a5e22\">15000 potiahnut\u00ed \u2013 u\u017e\u00edvaj si dlh\u0161ie, menej dop\u013a\u0148ania n\u00e1plne.<\/p>\n<\/li>\n<li class=\"\" data-start=\"3011\" data-end=\"3100\" data-immersive-translate-walked=\"be435e60-77a0-46e9-a6da-6d61292a5e22\">\n<p class=\"\" data-start=\"3013\" data-end=\"3100\" data-immersive-translate-walked=\"be435e60-77a0-46e9-a6da-6d61292a5e22\">Pr\u00edchu\u0165 jahodovo-ban\u00e1nov\u00e1 \u2013 sladk\u00e1 a ovocn\u00e1, s lahodnou, svie\u017eou ar\u00f3mou.<\/p>\n<\/li>\n<li class=\"\" data-start=\"3101\" data-end=\"3176\" data-immersive-translate-walked=\"be435e60-77a0-46e9-a6da-6d61292a5e22\">\n<p class=\"\" data-start=\"3103\" data-end=\"3176\" data-immersive-translate-walked=\"be435e60-77a0-46e9-a6da-6d61292a5e22\">RGB sveteln\u00e9 efekty \u2013 dod\u00e1vaj\u00fa tvojmu z\u00e1\u017eitku \u0161t\u00fdlov\u00fd n\u00e1dych.<\/p>\n<\/li>\n<li class=\"\" data-start=\"3177\" data-end=\"3256\" data-immersive-translate-walked=\"be435e60-77a0-46e9-a6da-6d61292a5e22\">\n<p class=\"\" data-start=\"3179\" data-end=\"3256\" data-immersive-translate-walked=\"be435e60-77a0-46e9-a6da-6d61292a5e22\">25ml tekutiny \u2013 Ve\u013ek\u00e1 kapacita pre dlhodob\u00e9 pote\u0161enie bez dop\u013a\u0148ania.<\/p>\n<\/li>\n<li class=\"\" data-start=\"3257\" data-end=\"3317\" data-immersive-translate-walked=\"be435e60-77a0-46e9-a6da-6d61292a5e22\">\n<p class=\"\" data-start=\"3259\" data-end=\"3317\" data-immersive-translate-walked=\"be435e60-77a0-46e9-a6da-6d61292a5e22\">\u013dahk\u00fd a kompaktn\u00fd \u2013 Len 90g, ide\u00e1lny na cesty.<\/p>\n<\/li>\n<li class=\"\" data-start=\"3318\" data-end=\"3387\" data-immersive-translate-walked=\"be435e60-77a0-46e9-a6da-6d61292a5e22\">\n<p class=\"\" data-start=\"3320\" data-end=\"3387\" data-immersive-translate-walked=\"be435e60-77a0-46e9-a6da-6d61292a5e22\">R\u00f4zne \u00farovne nikot\u00ednu \u2013 Pre ka\u017ed\u00fd vkus to prav\u00e9.<\/p>\n<\/li>\n<li class=\"\" data-start=\"3388\" data-end=\"3455\" data-immersive-translate-walked=\"be435e60-77a0-46e9-a6da-6d61292a5e22\">\n<p class=\"\" data-start=\"3390\" data-end=\"3455\" data-immersive-translate-walked=\"be435e60-77a0-46e9-a6da-6d61292a5e22\">Coln\u00e1 bez \u2013 \u017diadne starosti s coln\u00fdmi poplatkami a r\u00fdchle doru\u010denie.<\/p>\n<\/li>\n<\/ul>\n<h4 data-start=\"3457\" data-end=\"3542\" data-immersive-translate-walked=\"be435e60-77a0-46e9-a6da-6d61292a5e22\">Objednajte teraz na vapingnet.de a za\u017eite Bang King Digital 15000 Puffs!<\/h4>\n<p class=\"\" data-start=\"3544\" data-end=\"3832\" data-immersive-translate-walked=\"be435e60-77a0-46e9-a6da-6d61292a5e22\">Na \u010do e\u0161te \u010dak\u00e1te? Nav\u0161t\u00edvte vapingnet.de a z\u00edskajte e\u0161te dnes Bang King Digital 15000 Puffs. Vychutnajte si ovocn\u00fa chu\u0165 jahodovo-ban\u00e1nov\u00e9ho, za\u017eite dlh\u00e9 \u0165ahy a cool RGB sveteln\u00e9 efekty \u2013 va\u0161e dokonal\u00e9 vapingov\u00e9 z\u00e1\u017eitky \u010dakaj\u00fa na v\u00e1s!<\/p>","protected":false},"excerpt":{"rendered":"<p>Bang King Digital 15000 Puffs \u2013 Chu\u0165 jahodov\u00e9ho ban\u00e1nu H\u013ead\u00e1te v\u00fdkonn\u00fa, bohat\u00fa na chu\u0165 a dlhotrvaj\u00facu e-cigaretu? Potom v\u00e1s ur\u010dite...<\/p>","protected":false},"featured_media":5882,"template":"","meta":[],"etheme_brands":[],"product_brand":[101],"product_cat":[53,49,61],"product_tag":[],"class_list":{"0":"post-5881","1":"product","2":"type-product","3":"status-publish","4":"has-post-thumbnail","6":"product_brand-bang-king-vape","7":"product_cat-vape-15000-zuege","8":"product_cat-einweg-e-zigarette","9":"product_cat-f","11":"first","12":"instock","13":"shipping-taxable","14":"purchasable","15":"product-type-simple"},"yoast_head":"<!-- This site is optimized with the Yoast SEO plugin v26.5 - https:\/\/yoast.com\/wordpress\/plugins\/seo\/ -->\n<title>15000 Z\u00fcge Strawberry Banana Dein neuer Lieblings Vape von Bang King Digital | Vapingnet.de<\/title>\n<meta name=\"description\" content=\"Entdecke 15000 Z\u00fcge Strawberry Banana Dein neuer Lieblings Vape von Bang King Digital bei vapingnet.de, \u25ba Gro\u00dfe Auswahl an Geschmacksrichtungen &amp; super g\u00fcnstig!\" \/>\n<meta name=\"robots\" content=\"index, follow, max-snippet:-1, max-image-preview:large, max-video-preview:-1\" \/>\n<link rel=\"canonical\" href=\"https:\/\/vapingnet.de\/sk\/vape\/15000-zuege-strawberry-banana-dein-neuer-lieblings-vape-von-bang-king-digital\/\" \/>\n<meta property=\"og:locale\" content=\"sk_SK\" \/>\n<meta property=\"og:type\" content=\"article\" \/>\n<meta property=\"og:title\" content=\"15000 Z\u00fcge Strawberry Banana Dein neuer Lieblings Vape von Bang King Digital | Vapingnet.de\" \/>\n<meta property=\"og:description\" content=\"Entdecke 15000 Z\u00fcge Strawberry Banana Dein neuer Lieblings Vape von Bang King Digital bei vapingnet.de, \u25ba Gro\u00dfe Auswahl an Geschmacksrichtungen &amp; super g\u00fcnstig!\" \/>\n<meta property=\"og:url\" content=\"https:\/\/vapingnet.de\/sk\/vape\/15000-zuege-strawberry-banana-dein-neuer-lieblings-vape-von-bang-king-digital\/\" \/>\n<meta property=\"og:site_name\" content=\"Vapingnet.de\" \/>\n<meta property=\"article:publisher\" content=\"https:\/\/www.facebook.com\/vapingnetde\/\" \/>\n<meta property=\"article:modified_time\" content=\"2025-06-19T03:40:08+00:00\" \/>\n<meta property=\"og:image\" content=\"https:\/\/vapingnet.de\/wp-content\/uploads\/2025\/03\/Strawberry-Banana.png\" \/>\n\t<meta property=\"og:image:width\" content=\"900\" \/>\n\t<meta property=\"og:image:height\" content=\"600\" \/>\n\t<meta property=\"og:image:type\" content=\"image\/png\" \/>\n<meta name=\"twitter:card\" content=\"summary_large_image\" \/>\n<meta name=\"twitter:label1\" content=\"Est. reading time\" \/>\n\t<meta name=\"twitter:data1\" content=\"3 minutes\" \/>\n<script type=\"application\/ld+json\" class=\"yoast-schema-graph\">{\"@context\":\"https:\/\/schema.org\",\"@graph\":[{\"@type\":\"WebPage\",\"@id\":\"https:\/\/vapingnet.de\/vape\/15000-zuege-strawberry-banana-dein-neuer-lieblings-vape-von-bang-king-digital\/\",\"url\":\"https:\/\/vapingnet.de\/vape\/15000-zuege-strawberry-banana-dein-neuer-lieblings-vape-von-bang-king-digital\/\",\"name\":\"15000 Z\u00fcge Strawberry Banana Dein neuer Lieblings Vape von Bang King Digital | Vapingnet.de\",\"isPartOf\":{\"@id\":\"https:\/\/vapingnet.de\/#website\"},\"primaryImageOfPage\":{\"@id\":\"https:\/\/vapingnet.de\/vape\/15000-zuege-strawberry-banana-dein-neuer-lieblings-vape-von-bang-king-digital\/#primaryimage\"},\"image\":{\"@id\":\"https:\/\/vapingnet.de\/vape\/15000-zuege-strawberry-banana-dein-neuer-lieblings-vape-von-bang-king-digital\/#primaryimage\"},\"thumbnailUrl\":\"https:\/\/vapingnet.de\/wp-content\/uploads\/2025\/03\/Strawberry-Banana.png\",\"datePublished\":\"2025-03-25T06:39:29+00:00\",\"dateModified\":\"2025-06-19T03:40:08+00:00\",\"description\":\"Entdecke 15000 Z\u00fcge Strawberry Banana Dein neuer Lieblings Vape von Bang King Digital bei vapingnet.de, \u25ba Gro\u00dfe Auswahl an Geschmacksrichtungen & super g\u00fcnstig!\",\"breadcrumb\":{\"@id\":\"https:\/\/vapingnet.de\/vape\/15000-zuege-strawberry-banana-dein-neuer-lieblings-vape-von-bang-king-digital\/#breadcrumb\"},\"inLanguage\":\"sk-SK\",\"potentialAction\":[{\"@type\":\"ReadAction\",\"target\":[\"https:\/\/vapingnet.de\/vape\/15000-zuege-strawberry-banana-dein-neuer-lieblings-vape-von-bang-king-digital\/\"]}]},{\"@type\":\"ImageObject\",\"inLanguage\":\"sk-SK\",\"@id\":\"https:\/\/vapingnet.de\/vape\/15000-zuege-strawberry-banana-dein-neuer-lieblings-vape-von-bang-king-digital\/#primaryimage\",\"url\":\"https:\/\/vapingnet.de\/wp-content\/uploads\/2025\/03\/Strawberry-Banana.png\",\"contentUrl\":\"https:\/\/vapingnet.de\/wp-content\/uploads\/2025\/03\/Strawberry-Banana.png\",\"width\":900,\"height\":600},{\"@type\":\"BreadcrumbList\",\"@id\":\"https:\/\/vapingnet.de\/vape\/15000-zuege-strawberry-banana-dein-neuer-lieblings-vape-von-bang-king-digital\/#breadcrumb\",\"itemListElement\":[{\"@type\":\"ListItem\",\"position\":1,\"name\":\"Home\",\"item\":\"https:\/\/vapingnet.de\/\"},{\"@type\":\"ListItem\",\"position\":2,\"name\":\"Shop\",\"item\":\"https:\/\/vapingnet.de\/vape\/\"},{\"@type\":\"ListItem\",\"position\":3,\"name\":\"15000 Z\u00fcge Strawberry Banana Dein neuer Lieblings Vape von Bang King Digital\"}]},{\"@type\":\"WebSite\",\"@id\":\"https:\/\/vapingnet.de\/#website\",\"url\":\"https:\/\/vapingnet.de\/\",\"name\":\"Vapingnet.de\",\"description\":\"\",\"publisher\":{\"@id\":\"https:\/\/vapingnet.de\/#organization\"},\"potentialAction\":[{\"@type\":\"SearchAction\",\"target\":{\"@type\":\"EntryPoint\",\"urlTemplate\":\"https:\/\/vapingnet.de\/?s={search_term_string}\"},\"query-input\":{\"@type\":\"PropertyValueSpecification\",\"valueRequired\":true,\"valueName\":\"search_term_string\"}}],\"inLanguage\":\"sk-SK\"},{\"@type\":\"Organization\",\"@id\":\"https:\/\/vapingnet.de\/#organization\",\"name\":\"Vapingnet.de\",\"url\":\"https:\/\/vapingnet.de\/\",\"logo\":{\"@type\":\"ImageObject\",\"inLanguage\":\"sk-SK\",\"@id\":\"https:\/\/vapingnet.de\/#\/schema\/logo\/image\/\",\"url\":\"https:\/\/vapingnet.de\/wp-content\/uploads\/2025\/03\/cropped-vapingnet.de_.jpg\",\"contentUrl\":\"https:\/\/vapingnet.de\/wp-content\/uploads\/2025\/03\/cropped-vapingnet.de_.jpg\",\"width\":512,\"height\":512,\"caption\":\"Vapingnet.de\"},\"image\":{\"@id\":\"https:\/\/vapingnet.de\/#\/schema\/logo\/image\/\"},\"sameAs\":[\"https:\/\/www.facebook.com\/vapingnetde\/\"]}]}<\/script>\n<!-- \/ Yoast SEO plugin. -->","yoast_head_json":{"title":"15000 Z\u00fcge Strawberry Banana Dein neuer Lieblings Vape von Bang King Digital | Vapingnet.de","description":"Entdecke 15000 Z\u00fcge Strawberry Banana Dein neuer Lieblings Vape von Bang King Digital bei vapingnet.de, \u25ba Gro\u00dfe Auswahl an Geschmacksrichtungen & super g\u00fcnstig!","robots":{"index":"index","follow":"follow","max-snippet":"max-snippet:-1","max-image-preview":"max-image-preview:large","max-video-preview":"max-video-preview:-1"},"canonical":"https:\/\/vapingnet.de\/sk\/vape\/15000-zuege-strawberry-banana-dein-neuer-lieblings-vape-von-bang-king-digital\/","og_locale":"sk_SK","og_type":"article","og_title":"15000 Z\u00fcge Strawberry Banana Dein neuer Lieblings Vape von Bang King Digital | Vapingnet.de","og_description":"Entdecke 15000 Z\u00fcge Strawberry Banana Dein neuer Lieblings Vape von Bang King Digital bei vapingnet.de, \u25ba Gro\u00dfe Auswahl an Geschmacksrichtungen & super g\u00fcnstig!","og_url":"https:\/\/vapingnet.de\/sk\/vape\/15000-zuege-strawberry-banana-dein-neuer-lieblings-vape-von-bang-king-digital\/","og_site_name":"Vapingnet.de","article_publisher":"https:\/\/www.facebook.com\/vapingnetde\/","article_modified_time":"2025-06-19T03:40:08+00:00","og_image":[{"width":900,"height":600,"url":"https:\/\/vapingnet.de\/wp-content\/uploads\/2025\/03\/Strawberry-Banana.png","type":"image\/png"}],"twitter_card":"summary_large_image","twitter_misc":{"Est. reading time":"3 minutes"},"schema":{"@context":"https:\/\/schema.org","@graph":[{"@type":"WebPage","@id":"https:\/\/vapingnet.de\/vape\/15000-zuege-strawberry-banana-dein-neuer-lieblings-vape-von-bang-king-digital\/","url":"https:\/\/vapingnet.de\/vape\/15000-zuege-strawberry-banana-dein-neuer-lieblings-vape-von-bang-king-digital\/","name":"15000 Z\u00fcge Strawberry Banana Dein neuer Lieblings Vape von Bang King Digital | Vapingnet.de","isPartOf":{"@id":"https:\/\/vapingnet.de\/#website"},"primaryImageOfPage":{"@id":"https:\/\/vapingnet.de\/vape\/15000-zuege-strawberry-banana-dein-neuer-lieblings-vape-von-bang-king-digital\/#primaryimage"},"image":{"@id":"https:\/\/vapingnet.de\/vape\/15000-zuege-strawberry-banana-dein-neuer-lieblings-vape-von-bang-king-digital\/#primaryimage"},"thumbnailUrl":"https:\/\/vapingnet.de\/wp-content\/uploads\/2025\/03\/Strawberry-Banana.png","datePublished":"2025-03-25T06:39:29+00:00","dateModified":"2025-06-19T03:40:08+00:00","description":"Entdecke 15000 Z\u00fcge Strawberry Banana Dein neuer Lieblings Vape von Bang King Digital bei vapingnet.de, \u25ba Gro\u00dfe Auswahl an Geschmacksrichtungen & super g\u00fcnstig!","breadcrumb":{"@id":"https:\/\/vapingnet.de\/vape\/15000-zuege-strawberry-banana-dein-neuer-lieblings-vape-von-bang-king-digital\/#breadcrumb"},"inLanguage":"sk-SK","potentialAction":[{"@type":"ReadAction","target":["https:\/\/vapingnet.de\/vape\/15000-zuege-strawberry-banana-dein-neuer-lieblings-vape-von-bang-king-digital\/"]}]},{"@type":"ImageObject","inLanguage":"sk-SK","@id":"https:\/\/vapingnet.de\/vape\/15000-zuege-strawberry-banana-dein-neuer-lieblings-vape-von-bang-king-digital\/#primaryimage","url":"https:\/\/vapingnet.de\/wp-content\/uploads\/2025\/03\/Strawberry-Banana.png","contentUrl":"https:\/\/vapingnet.de\/wp-content\/uploads\/2025\/03\/Strawberry-Banana.png","width":900,"height":600},{"@type":"BreadcrumbList","@id":"https:\/\/vapingnet.de\/vape\/15000-zuege-strawberry-banana-dein-neuer-lieblings-vape-von-bang-king-digital\/#breadcrumb","itemListElement":[{"@type":"ListItem","position":1,"name":"Home","item":"https:\/\/vapingnet.de\/"},{"@type":"ListItem","position":2,"name":"Shop","item":"https:\/\/vapingnet.de\/vape\/"},{"@type":"ListItem","position":3,"name":"15000 Z\u00fcge Strawberry Banana Dein neuer Lieblings Vape von Bang King Digital"}]},{"@type":"WebSite","@id":"https:\/\/vapingnet.de\/#website","url":"https:\/\/vapingnet.de\/","name":"Vapingnet.de","description":"","publisher":{"@id":"https:\/\/vapingnet.de\/#organization"},"potentialAction":[{"@type":"SearchAction","target":{"@type":"EntryPoint","urlTemplate":"https:\/\/vapingnet.de\/?s={search_term_string}"},"query-input":{"@type":"PropertyValueSpecification","valueRequired":true,"valueName":"search_term_string"}}],"inLanguage":"sk-SK"},{"@type":"Organization","@id":"https:\/\/vapingnet.de\/#organization","name":"Vapingnet.de","url":"https:\/\/vapingnet.de\/","logo":{"@type":"ImageObject","inLanguage":"sk-SK","@id":"https:\/\/vapingnet.de\/#\/schema\/logo\/image\/","url":"https:\/\/vapingnet.de\/wp-content\/uploads\/2025\/03\/cropped-vapingnet.de_.jpg","contentUrl":"https:\/\/vapingnet.de\/wp-content\/uploads\/2025\/03\/cropped-vapingnet.de_.jpg","width":512,"height":512,"caption":"Vapingnet.de"},"image":{"@id":"https:\/\/vapingnet.de\/#\/schema\/logo\/image\/"},"sameAs":["https:\/\/www.facebook.com\/vapingnetde\/"]}]}},"tiered_pricing_type":"fixed","tiered_pricing_fixed_rules":{"10":"6.83","60":"6.15","110":"5.46","200":"4.78"},"tiered_pricing_product_settings":{"layout":"default","base_unit_name":{"singular":null,"plural":null},"default_variation":null},"tiered_pricing_minimum_quantity":null,"tiered_pricing_roles_data":[],"tiered_pricing_percentage_rules":[],"_links":{"self":[{"href":"https:\/\/vapingnet.de\/sk\/wp-json\/wp\/v2\/product\/5881","targetHints":{"allow":["GET"]}}],"collection":[{"href":"https:\/\/vapingnet.de\/sk\/wp-json\/wp\/v2\/product"}],"about":[{"href":"https:\/\/vapingnet.de\/sk\/wp-json\/wp\/v2\/types\/product"}],"version-history":[{"count":1,"href":"https:\/\/vapingnet.de\/sk\/wp-json\/wp\/v2\/product\/5881\/revisions"}],"predecessor-version":[{"id":5888,"href":"https:\/\/vapingnet.de\/sk\/wp-json\/wp\/v2\/product\/5881\/revisions\/5888"}],"wp:featuredmedia":[{"embeddable":true,"href":"https:\/\/vapingnet.de\/sk\/wp-json\/wp\/v2\/media\/5882"}],"wp:attachment":[{"href":"https:\/\/vapingnet.de\/sk\/wp-json\/wp\/v2\/media?parent=5881"}],"wp:term":[{"taxonomy":"brand","embeddable":true,"href":"https:\/\/vapingnet.de\/sk\/wp-json\/wp\/v2\/etheme_brands?post=5881"},{"taxonomy":"product_brand","embeddable":true,"href":"https:\/\/vapingnet.de\/sk\/wp-json\/wp\/v2\/product_brand?post=5881"},{"taxonomy":"product_cat","embeddable":true,"href":"https:\/\/vapingnet.de\/sk\/wp-json\/wp\/v2\/product_cat?post=5881"},{"taxonomy":"product_tag","embeddable":true,"href":"https:\/\/vapingnet.de\/sk\/wp-json\/wp\/v2\/product_tag?post=5881"}],"curies":[{"name":"wp","href":"https:\/\/api.w.org\/{rel}","templated":true}]}}