{"id":5891,"date":"2025-03-25T07:00:57","date_gmt":"2025-03-25T07:00:57","guid":{"rendered":"https:\/\/vapingnet.de\/?post_type=product&#038;p=5891"},"modified":"2025-06-19T03:40:07","modified_gmt":"2025-06-19T03:40:07","slug":"top-qualitaet-geniessen-black-dragon-ice-bang-king-digital-15000-puffs","status":"publish","type":"product","link":"https:\/\/vapingnet.de\/sk\/vape\/top-qualitaet-geniessen-black-dragon-ice-bang-king-digital-15000-puffs\/","title":{"rendered":"Vychutnajte si \u0161pi\u010dkov\u00fa kvalitu Black Dragon Ice Bang King Digital 15000 Pufov"},"content":{"rendered":"<h2 data-start=\"0\" data-end=\"112\">Bang King Digital 15000 Puffs \u2013 Maxim\u00e1lny v\u00fdkon a \u0161t\u00fdlov\u00e9 dizajny pre v\u00fdnimo\u010dn\u00fd z\u00e1\u017eitok<\/h2>\n<p class=\"\" data-start=\"114\" data-end=\"485\">Ak h\u013ead\u00e1te e-cigaretu, ktor\u00e1 pon\u00faka extr\u00e9mnu v\u00fddr\u017e, \u0161t\u00fdlov\u00e9 dizajny a bohat\u00e9 chute v jednom, je Bang King Digital 15000 Puffs tou spr\u00e1vnou vo\u013ebou. T\u00e1to e-cigareta m\u00e1 nielen dojazd 15000 potiahnut\u00ed, ale aj RGB LED sveteln\u00e9 efekty, ktor\u00e9 robia ka\u017ed\u00e9 vapovanie futuristick\u00fdm z\u00e1\u017eitkom.<\/p>\n<h3 data-start=\"487\" data-end=\"538\">Superdlh\u00e1 v\u00fddr\u017e \u2013 U\u017e\u00edvajte si bez starost\u00ed<\/h3>\n<ul data-start=\"539\" data-end=\"1116\">\n<li class=\"\" data-start=\"539\" data-end=\"708\">\n<p class=\"\" data-start=\"541\" data-end=\"708\">650mAh dob\u00edjate\u013en\u00e1 bat\u00e9ria: S v\u00fdkonnou bat\u00e9riou si m\u00f4\u017eete vychutn\u00e1va\u0165 dlh\u00e9 vapovacie rel\u00e1cie bez ob\u00e1v z nab\u00edjania.<\/p>\n<\/li>\n<li class=\"\" data-start=\"709\" data-end=\"832\">\n<p class=\"\" data-start=\"711\" data-end=\"832\">R\u00fdchly nab\u00edjac\u00ed port Type-C: S r\u00fdchlym nab\u00edjac\u00edm portom je va\u0161e zariadenie op\u00e4\u0165 pripraven\u00e9 na pou\u017eitie v kr\u00e1tkom \u010dase.<\/p>\n<\/li>\n<li class=\"\" data-start=\"833\" data-end=\"954\">\n<p class=\"\" data-start=\"835\" data-end=\"954\">Kapacita tekutiny 25ml: Ve\u013ek\u00e9 mno\u017estvo tekutiny, tak\u017ee nemus\u00edte neust\u00e1le dop\u013a\u0148a\u0165 a m\u00f4\u017eete si u\u017e\u00edva\u0165 dlh\u00e9 chv\u00edle p\u00f4\u017eitku.<\/p>\n<\/li>\n<li class=\"\" data-start=\"955\" data-end=\"1116\">\n<p class=\"\" data-start=\"957\" data-end=\"1116\">15000 potiahnut\u00ed: Ka\u017ed\u00e9 vapovanie je v\u010faka dlhej \u017eivotnosti plynul\u00e9 a bez preru\u0161en\u00ed, bez starost\u00ed o dop\u013a\u0148anie.<\/p>\n<\/li>\n<\/ul>\n<h3 data-start=\"1118\" data-end=\"1173\">R\u00f4zne \u00farovne nikot\u00ednu pre ka\u017ed\u00e9 potreby<\/h3>\n<p class=\"\" data-start=\"1174\" data-end=\"1306\">Bang King Digital 15000 Puffs pon\u00faka v\u00fdber medzi 0%, 2%, 3%, 5% nikot\u00ednom, aby vyhovoval v\u0161etk\u00fdm vapovac\u00edm nad\u0161encom.<\/p>\n<ul data-start=\"1307\" data-end=\"1728\">\n<li class=\"\" data-start=\"1307\" data-end=\"1443\">\n<p class=\"\" data-start=\"1309\" data-end=\"1443\">0% nikot\u00edn: Ide\u00e1lne pre t\u00fdch, ktor\u00ed si radi vychutn\u00e1vaj\u00fa vapovanie, ale nikot\u00edn nepotrebuj\u00fa. (k dispoz\u00edcii len pri ve\u013ek\u00fdch objedn\u00e1vkach)<\/p>\n<\/li>\n<li class=\"\" data-start=\"1444\" data-end=\"1533\">\n<p class=\"\" data-start=\"1446\" data-end=\"1533\">2% Nikot\u00edn: Jemn\u00e1 a vyv\u00e1\u017een\u00e1 nikot\u00ednov\u00e1 sila pre ka\u017edodenn\u00e9 pou\u017eitie.<\/p>\n<\/li>\n<li class=\"\" data-start=\"1534\" data-end=\"1649\">\n<p class=\"\" data-start=\"1536\" data-end=\"1649\">3% nikot\u00edn: Pre vapovac\u00edch nad\u0161encov, ktor\u00ed preferuj\u00fa silnej\u0161\u00ed Throat Hit. (k dispoz\u00edcii len pri ve\u013ek\u00fdch objedn\u00e1vkach)<\/p>\n<\/li>\n<li class=\"\" data-start=\"1650\" data-end=\"1728\">\n<p class=\"\" data-start=\"1652\" data-end=\"1728\">5% nikot\u00edn: Pre t\u00fdch, ktor\u00ed h\u013eadaj\u00fa intenz\u00edvny nikot\u00ednov\u00fd z\u00e1\u017eitok.<\/p>\n<\/li>\n<\/ul>\n<h4>Odpor\u00fa\u010dan\u00e1 chu\u0165: Black Dragon Ice<\/h4>\n<p class=\"\" data-start=\"1781\" data-end=\"2091\">Chu\u0165 Black Dragon Ice sp\u00e1ja hlbok\u00fa sladkos\u0165 \u010dierneho ovocia s osvie\u017euj\u00facou m\u00e4tovou chladivos\u0165ou, \u010do vedie k \u013eadov\u00e9mu vapovaciemu z\u00e1\u017eitku. Ka\u017ed\u00fd \u0165ah v\u00e1m pon\u00faka osvie\u017euj\u00facu a vzru\u0161uj\u00facu kombin\u00e1ciu chut\u00ed, ide\u00e1lnu na hor\u00face letn\u00e9 mesiace.<\/p>\n<h4>V\u00fdhody produktu<\/h4>\n<ul data-start=\"2120\" data-end=\"2581\">\n<li class=\"\" data-start=\"2120\" data-end=\"2322\">\n<p class=\"\" data-start=\"2122\" data-end=\"2322\">\u017diadne clo, r\u00fdchle doru\u010denie: Pon\u00fakame bezcoln\u00fd n\u00e1kup, tak\u017ee sa nemus\u00edte ob\u00e1va\u0165 dodato\u010dn\u00fdch n\u00e1kladov a r\u00fdchlo si vychutn\u00e1te svoju objedn\u00e1vku.<\/p>\n<\/li>\n<li class=\"\" data-start=\"2323\" data-end=\"2440\">\n<p class=\"\" data-start=\"2325\" data-end=\"2440\">Jednorazov\u00fd dizajn: Jednoduch\u00e9 na pou\u017e\u00edvanie, bez starost\u00ed o \u010distenie a \u00fadr\u017ebu \u2013 len si u\u017e\u00edvajte.<\/p>\n<\/li>\n<li class=\"\" data-start=\"2441\" data-end=\"2581\">\n<p class=\"\" data-start=\"2443\" data-end=\"2581\">\u0160t\u00fdlov\u00e9 RGB LED efekty: Ka\u017ed\u00fd \u0165ah je sprev\u00e1dzan\u00fd cool sveteln\u00fdmi efektmi, ktor\u00e9 v\u00e1\u0161mu vapovaciemu z\u00e1\u017eitku dodaj\u00fa \u0161peci\u00e1lny n\u00e1dych.<\/p>\n<\/li>\n<\/ul>\n<h4>K\u00fapte teraz a za\u017eite nezabudnute\u013en\u00fd vapovaci z\u00e1\u017eitok<\/h4>\n<p class=\"\" data-start=\"2656\" data-end=\"2964\">Neot\u00e1\u013eajte \u2013 nav\u0161t\u00edvte vapingnet.de a objednajte si Bang King Digital 15000 Puffs e\u0161te dnes! \u010ci u\u017e ide o extr\u00e9mnu v\u00fddr\u017e, rozmanit\u00e9 chute alebo futuristick\u00fd dizajn \u2013 t\u00e1to e-cigareta posunie va\u0161e vapovanie na nov\u00fa \u00farove\u0148.<\/p>","protected":false},"excerpt":{"rendered":"<p>Bang King Digital 15000 Pufov \u2013 Ultim\u00e1tna v\u00fdkon a \u0161t\u00fdlov\u00e9 dizajny pre mimoriadny z\u00e1\u017eitok Ak h\u013ead\u00e1te e-cigaretu, ktor\u00e1 pon\u00faka extr\u00e9mnu v\u00fddr\u017e, \u0161t\u00fdlov\u00e9...<\/p>","protected":false},"featured_media":5901,"template":"","meta":[],"etheme_brands":[],"product_brand":[101],"product_cat":[53,49,61],"product_tag":[],"class_list":{"0":"post-5891","1":"product","2":"type-product","3":"status-publish","4":"has-post-thumbnail","6":"product_brand-bang-king-vape","7":"product_cat-vape-15000-zuege","8":"product_cat-einweg-e-zigarette","9":"product_cat-f","11":"first","12":"instock","13":"shipping-taxable","14":"purchasable","15":"product-type-simple"},"yoast_head":"<!-- This site is optimized with the Yoast SEO plugin v26.5 - https:\/\/yoast.com\/wordpress\/plugins\/seo\/ -->\n<title>Top-Qualit\u00e4t genie\u00dfen Black Dragon Ice Bang King Digital 15000 Puffs | Vapingnet.de<\/title>\n<meta name=\"description\" content=\"Entdecke Top-Qualit\u00e4t genie\u00dfen Black Dragon Ice Bang King Digital 15000 Puffs bei vapingnet.de, \u25ba Gro\u00dfe Auswahl an Geschmacksrichtungen &amp; super g\u00fcnstig!\" \/>\n<meta name=\"robots\" content=\"index, follow, max-snippet:-1, max-image-preview:large, max-video-preview:-1\" \/>\n<link rel=\"canonical\" href=\"https:\/\/vapingnet.de\/sk\/vape\/top-qualitaet-geniessen-black-dragon-ice-bang-king-digital-15000-puffs\/\" \/>\n<meta property=\"og:locale\" content=\"sk_SK\" \/>\n<meta property=\"og:type\" content=\"article\" \/>\n<meta property=\"og:title\" content=\"Top-Qualit\u00e4t genie\u00dfen Black Dragon Ice Bang King Digital 15000 Puffs | Vapingnet.de\" \/>\n<meta property=\"og:description\" content=\"Entdecke Top-Qualit\u00e4t genie\u00dfen Black Dragon Ice Bang King Digital 15000 Puffs bei vapingnet.de, \u25ba Gro\u00dfe Auswahl an Geschmacksrichtungen &amp; super g\u00fcnstig!\" \/>\n<meta property=\"og:url\" content=\"https:\/\/vapingnet.de\/sk\/vape\/top-qualitaet-geniessen-black-dragon-ice-bang-king-digital-15000-puffs\/\" \/>\n<meta property=\"og:site_name\" content=\"Vapingnet.de\" \/>\n<meta property=\"article:publisher\" content=\"https:\/\/www.facebook.com\/vapingnetde\/\" \/>\n<meta property=\"article:modified_time\" content=\"2025-06-19T03:40:07+00:00\" \/>\n<meta property=\"og:image\" content=\"https:\/\/vapingnet.de\/wp-content\/uploads\/2025\/03\/Black-Dragon-Ice.png\" \/>\n\t<meta property=\"og:image:width\" content=\"900\" \/>\n\t<meta property=\"og:image:height\" content=\"600\" \/>\n\t<meta property=\"og:image:type\" content=\"image\/png\" \/>\n<meta name=\"twitter:card\" content=\"summary_large_image\" \/>\n<meta name=\"twitter:label1\" content=\"Est. reading time\" \/>\n\t<meta name=\"twitter:data1\" content=\"3 minutes\" \/>\n<script type=\"application\/ld+json\" class=\"yoast-schema-graph\">{\"@context\":\"https:\/\/schema.org\",\"@graph\":[{\"@type\":\"WebPage\",\"@id\":\"https:\/\/vapingnet.de\/vape\/top-qualitaet-geniessen-black-dragon-ice-bang-king-digital-15000-puffs\/\",\"url\":\"https:\/\/vapingnet.de\/vape\/top-qualitaet-geniessen-black-dragon-ice-bang-king-digital-15000-puffs\/\",\"name\":\"Top-Qualit\u00e4t genie\u00dfen Black Dragon Ice Bang King Digital 15000 Puffs | Vapingnet.de\",\"isPartOf\":{\"@id\":\"https:\/\/vapingnet.de\/#website\"},\"primaryImageOfPage\":{\"@id\":\"https:\/\/vapingnet.de\/vape\/top-qualitaet-geniessen-black-dragon-ice-bang-king-digital-15000-puffs\/#primaryimage\"},\"image\":{\"@id\":\"https:\/\/vapingnet.de\/vape\/top-qualitaet-geniessen-black-dragon-ice-bang-king-digital-15000-puffs\/#primaryimage\"},\"thumbnailUrl\":\"https:\/\/vapingnet.de\/wp-content\/uploads\/2025\/03\/Black-Dragon-Ice.png\",\"datePublished\":\"2025-03-25T07:00:57+00:00\",\"dateModified\":\"2025-06-19T03:40:07+00:00\",\"description\":\"Entdecke Top-Qualit\u00e4t genie\u00dfen Black Dragon Ice Bang King Digital 15000 Puffs bei vapingnet.de, \u25ba Gro\u00dfe Auswahl an Geschmacksrichtungen & super g\u00fcnstig!\",\"breadcrumb\":{\"@id\":\"https:\/\/vapingnet.de\/vape\/top-qualitaet-geniessen-black-dragon-ice-bang-king-digital-15000-puffs\/#breadcrumb\"},\"inLanguage\":\"sk-SK\",\"potentialAction\":[{\"@type\":\"ReadAction\",\"target\":[\"https:\/\/vapingnet.de\/vape\/top-qualitaet-geniessen-black-dragon-ice-bang-king-digital-15000-puffs\/\"]}]},{\"@type\":\"ImageObject\",\"inLanguage\":\"sk-SK\",\"@id\":\"https:\/\/vapingnet.de\/vape\/top-qualitaet-geniessen-black-dragon-ice-bang-king-digital-15000-puffs\/#primaryimage\",\"url\":\"https:\/\/vapingnet.de\/wp-content\/uploads\/2025\/03\/Black-Dragon-Ice.png\",\"contentUrl\":\"https:\/\/vapingnet.de\/wp-content\/uploads\/2025\/03\/Black-Dragon-Ice.png\",\"width\":900,\"height\":600,\"caption\":\"Black Dragon Ice\"},{\"@type\":\"BreadcrumbList\",\"@id\":\"https:\/\/vapingnet.de\/vape\/top-qualitaet-geniessen-black-dragon-ice-bang-king-digital-15000-puffs\/#breadcrumb\",\"itemListElement\":[{\"@type\":\"ListItem\",\"position\":1,\"name\":\"Home\",\"item\":\"https:\/\/vapingnet.de\/\"},{\"@type\":\"ListItem\",\"position\":2,\"name\":\"Shop\",\"item\":\"https:\/\/vapingnet.de\/vape\/\"},{\"@type\":\"ListItem\",\"position\":3,\"name\":\"Top-Qualit\u00e4t genie\u00dfen Black Dragon Ice Bang King Digital 15000 Puffs\"}]},{\"@type\":\"WebSite\",\"@id\":\"https:\/\/vapingnet.de\/#website\",\"url\":\"https:\/\/vapingnet.de\/\",\"name\":\"Vapingnet.de\",\"description\":\"\",\"publisher\":{\"@id\":\"https:\/\/vapingnet.de\/#organization\"},\"potentialAction\":[{\"@type\":\"SearchAction\",\"target\":{\"@type\":\"EntryPoint\",\"urlTemplate\":\"https:\/\/vapingnet.de\/?s={search_term_string}\"},\"query-input\":{\"@type\":\"PropertyValueSpecification\",\"valueRequired\":true,\"valueName\":\"search_term_string\"}}],\"inLanguage\":\"sk-SK\"},{\"@type\":\"Organization\",\"@id\":\"https:\/\/vapingnet.de\/#organization\",\"name\":\"Vapingnet.de\",\"url\":\"https:\/\/vapingnet.de\/\",\"logo\":{\"@type\":\"ImageObject\",\"inLanguage\":\"sk-SK\",\"@id\":\"https:\/\/vapingnet.de\/#\/schema\/logo\/image\/\",\"url\":\"https:\/\/vapingnet.de\/wp-content\/uploads\/2025\/03\/cropped-vapingnet.de_.jpg\",\"contentUrl\":\"https:\/\/vapingnet.de\/wp-content\/uploads\/2025\/03\/cropped-vapingnet.de_.jpg\",\"width\":512,\"height\":512,\"caption\":\"Vapingnet.de\"},\"image\":{\"@id\":\"https:\/\/vapingnet.de\/#\/schema\/logo\/image\/\"},\"sameAs\":[\"https:\/\/www.facebook.com\/vapingnetde\/\"]}]}<\/script>\n<!-- \/ Yoast SEO plugin. -->","yoast_head_json":{"title":"Top-Qualit\u00e4t genie\u00dfen Black Dragon Ice Bang King Digital 15000 Puffs | Vapingnet.de","description":"Entdecke Top-Qualit\u00e4t genie\u00dfen Black Dragon Ice Bang King Digital 15000 Puffs bei vapingnet.de, \u25ba Gro\u00dfe Auswahl an Geschmacksrichtungen & super g\u00fcnstig!","robots":{"index":"index","follow":"follow","max-snippet":"max-snippet:-1","max-image-preview":"max-image-preview:large","max-video-preview":"max-video-preview:-1"},"canonical":"https:\/\/vapingnet.de\/sk\/vape\/top-qualitaet-geniessen-black-dragon-ice-bang-king-digital-15000-puffs\/","og_locale":"sk_SK","og_type":"article","og_title":"Top-Qualit\u00e4t genie\u00dfen Black Dragon Ice Bang King Digital 15000 Puffs | Vapingnet.de","og_description":"Entdecke Top-Qualit\u00e4t genie\u00dfen Black Dragon Ice Bang King Digital 15000 Puffs bei vapingnet.de, \u25ba Gro\u00dfe Auswahl an Geschmacksrichtungen & super g\u00fcnstig!","og_url":"https:\/\/vapingnet.de\/sk\/vape\/top-qualitaet-geniessen-black-dragon-ice-bang-king-digital-15000-puffs\/","og_site_name":"Vapingnet.de","article_publisher":"https:\/\/www.facebook.com\/vapingnetde\/","article_modified_time":"2025-06-19T03:40:07+00:00","og_image":[{"width":900,"height":600,"url":"https:\/\/vapingnet.de\/wp-content\/uploads\/2025\/03\/Black-Dragon-Ice.png","type":"image\/png"}],"twitter_card":"summary_large_image","twitter_misc":{"Est. reading time":"3 minutes"},"schema":{"@context":"https:\/\/schema.org","@graph":[{"@type":"WebPage","@id":"https:\/\/vapingnet.de\/vape\/top-qualitaet-geniessen-black-dragon-ice-bang-king-digital-15000-puffs\/","url":"https:\/\/vapingnet.de\/vape\/top-qualitaet-geniessen-black-dragon-ice-bang-king-digital-15000-puffs\/","name":"Top-Qualit\u00e4t genie\u00dfen Black Dragon Ice Bang King Digital 15000 Puffs | Vapingnet.de","isPartOf":{"@id":"https:\/\/vapingnet.de\/#website"},"primaryImageOfPage":{"@id":"https:\/\/vapingnet.de\/vape\/top-qualitaet-geniessen-black-dragon-ice-bang-king-digital-15000-puffs\/#primaryimage"},"image":{"@id":"https:\/\/vapingnet.de\/vape\/top-qualitaet-geniessen-black-dragon-ice-bang-king-digital-15000-puffs\/#primaryimage"},"thumbnailUrl":"https:\/\/vapingnet.de\/wp-content\/uploads\/2025\/03\/Black-Dragon-Ice.png","datePublished":"2025-03-25T07:00:57+00:00","dateModified":"2025-06-19T03:40:07+00:00","description":"Entdecke Top-Qualit\u00e4t genie\u00dfen Black Dragon Ice Bang King Digital 15000 Puffs bei vapingnet.de, \u25ba Gro\u00dfe Auswahl an Geschmacksrichtungen & super g\u00fcnstig!","breadcrumb":{"@id":"https:\/\/vapingnet.de\/vape\/top-qualitaet-geniessen-black-dragon-ice-bang-king-digital-15000-puffs\/#breadcrumb"},"inLanguage":"sk-SK","potentialAction":[{"@type":"ReadAction","target":["https:\/\/vapingnet.de\/vape\/top-qualitaet-geniessen-black-dragon-ice-bang-king-digital-15000-puffs\/"]}]},{"@type":"ImageObject","inLanguage":"sk-SK","@id":"https:\/\/vapingnet.de\/vape\/top-qualitaet-geniessen-black-dragon-ice-bang-king-digital-15000-puffs\/#primaryimage","url":"https:\/\/vapingnet.de\/wp-content\/uploads\/2025\/03\/Black-Dragon-Ice.png","contentUrl":"https:\/\/vapingnet.de\/wp-content\/uploads\/2025\/03\/Black-Dragon-Ice.png","width":900,"height":600,"caption":"Black Dragon Ice"},{"@type":"BreadcrumbList","@id":"https:\/\/vapingnet.de\/vape\/top-qualitaet-geniessen-black-dragon-ice-bang-king-digital-15000-puffs\/#breadcrumb","itemListElement":[{"@type":"ListItem","position":1,"name":"Home","item":"https:\/\/vapingnet.de\/"},{"@type":"ListItem","position":2,"name":"Shop","item":"https:\/\/vapingnet.de\/vape\/"},{"@type":"ListItem","position":3,"name":"Top-Qualit\u00e4t genie\u00dfen Black Dragon Ice Bang King Digital 15000 Puffs"}]},{"@type":"WebSite","@id":"https:\/\/vapingnet.de\/#website","url":"https:\/\/vapingnet.de\/","name":"Vapingnet.de","description":"","publisher":{"@id":"https:\/\/vapingnet.de\/#organization"},"potentialAction":[{"@type":"SearchAction","target":{"@type":"EntryPoint","urlTemplate":"https:\/\/vapingnet.de\/?s={search_term_string}"},"query-input":{"@type":"PropertyValueSpecification","valueRequired":true,"valueName":"search_term_string"}}],"inLanguage":"sk-SK"},{"@type":"Organization","@id":"https:\/\/vapingnet.de\/#organization","name":"Vapingnet.de","url":"https:\/\/vapingnet.de\/","logo":{"@type":"ImageObject","inLanguage":"sk-SK","@id":"https:\/\/vapingnet.de\/#\/schema\/logo\/image\/","url":"https:\/\/vapingnet.de\/wp-content\/uploads\/2025\/03\/cropped-vapingnet.de_.jpg","contentUrl":"https:\/\/vapingnet.de\/wp-content\/uploads\/2025\/03\/cropped-vapingnet.de_.jpg","width":512,"height":512,"caption":"Vapingnet.de"},"image":{"@id":"https:\/\/vapingnet.de\/#\/schema\/logo\/image\/"},"sameAs":["https:\/\/www.facebook.com\/vapingnetde\/"]}]}},"tiered_pricing_type":"fixed","tiered_pricing_fixed_rules":{"10":"6.83","60":"6.15","110":"5.46","200":"4.78"},"tiered_pricing_product_settings":{"layout":"default","base_unit_name":{"singular":null,"plural":null},"default_variation":null},"tiered_pricing_minimum_quantity":null,"tiered_pricing_roles_data":[],"tiered_pricing_percentage_rules":[],"_links":{"self":[{"href":"https:\/\/vapingnet.de\/sk\/wp-json\/wp\/v2\/product\/5891","targetHints":{"allow":["GET"]}}],"collection":[{"href":"https:\/\/vapingnet.de\/sk\/wp-json\/wp\/v2\/product"}],"about":[{"href":"https:\/\/vapingnet.de\/sk\/wp-json\/wp\/v2\/types\/product"}],"version-history":[{"count":1,"href":"https:\/\/vapingnet.de\/sk\/wp-json\/wp\/v2\/product\/5891\/revisions"}],"predecessor-version":[{"id":5909,"href":"https:\/\/vapingnet.de\/sk\/wp-json\/wp\/v2\/product\/5891\/revisions\/5909"}],"wp:featuredmedia":[{"embeddable":true,"href":"https:\/\/vapingnet.de\/sk\/wp-json\/wp\/v2\/media\/5901"}],"wp:attachment":[{"href":"https:\/\/vapingnet.de\/sk\/wp-json\/wp\/v2\/media?parent=5891"}],"wp:term":[{"taxonomy":"brand","embeddable":true,"href":"https:\/\/vapingnet.de\/sk\/wp-json\/wp\/v2\/etheme_brands?post=5891"},{"taxonomy":"product_brand","embeddable":true,"href":"https:\/\/vapingnet.de\/sk\/wp-json\/wp\/v2\/product_brand?post=5891"},{"taxonomy":"product_cat","embeddable":true,"href":"https:\/\/vapingnet.de\/sk\/wp-json\/wp\/v2\/product_cat?post=5891"},{"taxonomy":"product_tag","embeddable":true,"href":"https:\/\/vapingnet.de\/sk\/wp-json\/wp\/v2\/product_tag?post=5891"}],"curies":[{"name":"wp","href":"https:\/\/api.w.org\/{rel}","templated":true}]}}