{"id":5893,"date":"2025-03-25T07:01:01","date_gmt":"2025-03-25T07:01:01","guid":{"rendered":"https:\/\/vapingnet.de\/?post_type=product&#038;p=5893"},"modified":"2025-06-19T03:40:06","modified_gmt":"2025-06-19T03:40:06","slug":"limitierte-edition-bang-king-digital-15000-puffs-strawberry-yogurt","status":"publish","type":"product","link":"https:\/\/vapingnet.de\/sk\/vape\/limitierte-edition-bang-king-digital-15000-puffs-strawberry-yogurt\/","title":{"rendered":"Limitovan\u00e1 ed\u00edcia Bang King Digital 15000 Puffs Strawberry Yogurt"},"content":{"rendered":"<h2 data-start=\"0\" data-end=\"94\">Bang King Digital 15000 Puffs \u2013 Dlhodob\u00e9 pote\u0161enie z parenia s jemnou chu\u0165ou<\/h2>\n<p class=\"\" data-start=\"96\" data-end=\"496\">Ke\u010f ide o kvalitn\u00e9 jednorazov\u00e9 e-cigarety, Bang King Digital 15000 Puffs stanovuje nov\u00e9 \u0161tandardy. S p\u00f4sobivou \u017eivotnos\u0165ou 15000 potiahnut\u00ed, dob\u00edjate\u013enou bat\u00e9riou 650mAh a r\u00fdchlym nab\u00edjan\u00edm cez Type-C zaru\u010duje intenz\u00edvny a dlh\u00fd z\u00e1\u017eitok z parenia. \u010ci u\u017e ide o chu\u0165, v\u00fdkon alebo dizajn \u2013 tento model spln\u00ed v\u0161etky o\u010dak\u00e1vania.<\/p>\n<h4>Dlhodob\u00fd v\u00fdkon pre bezstarostn\u00e9 parenie<\/h4>\n<p class=\"\" data-start=\"558\" data-end=\"1011\">\u2705 Dob\u00edjate\u013en\u00e1 bat\u00e9ria 650mAh pre vytrval\u00e9 parenie bez preru\u0161enia.<br data-start=\"640\" data-end=\"643\" \/>\u2705 R\u00fdchle nab\u00edjanie cez Type-C, aby ste mohli kedyko\u013evek \u013eahko dobi\u0165.<br data-start=\"718\" data-end=\"721\" \/>\u2705 Kapacita tekutiny 25ml pre dlhodob\u00fd z\u00e1\u017eitok z chuti bez \u010dast\u00e9ho dop\u013a\u0148ania.<br data-start=\"817\" data-end=\"820\" \/>\u2705 RGB LED osvetlenie, ktor\u00e9 pri ka\u017edom potiahnut\u00ed vytv\u00e1ra cool sveteln\u00fd z\u00e1\u017eitok.<br data-start=\"900\" data-end=\"903\" \/>\u2705 15000 potiahnut\u00ed \u2013 mimoriadne dlh\u00e1 \u017eivotnos\u0165, ove\u013ea dlh\u0161ia ako u be\u017en\u00fdch jednorazov\u00fdch e-cigariet.<\/p>\n<h4>\u0160tyri \u00farovne nikot\u00ednu pre individu\u00e1lne potreby<\/h4>\n<p class=\"\" data-start=\"1073\" data-end=\"1208\">Bang King Digital 15000 Puffs je dostupn\u00fd v nikot\u00edne 0%, 2%, 3% a 5% \u2013 pre ka\u017ed\u00fd \u0161t\u00fdl parenia vhodn\u00e1 vo\u013eba.<\/p>\n<ul data-start=\"1209\" data-end=\"1665\">\n<li class=\"\" data-start=\"1209\" data-end=\"1351\">\n<p class=\"\" data-start=\"1211\" data-end=\"1351\">0% Nikot\u00edn: Perfektn\u00e9 pre t\u00fdch, ktor\u00ed si chc\u00fa vychutna\u0165 parenie bez pr\u00edjmu nikot\u00ednu. (Len pre ve\u013ekoobchodn\u00e9 objedn\u00e1vky)<\/p>\n<\/li>\n<li class=\"\" data-start=\"1352\" data-end=\"1441\">\n<p class=\"\" data-start=\"1354\" data-end=\"1441\">2% Nikot\u00edn: Jemn\u00e1 a vyv\u00e1\u017een\u00e1 nikot\u00ednov\u00e1 sila pre ka\u017edodenn\u00e9 pou\u017eitie.<\/p>\n<\/li>\n<li class=\"\" data-start=\"1442\" data-end=\"1571\">\n<p class=\"\" data-start=\"1444\" data-end=\"1571\">3% Nikot\u00edn: Stredn\u00e1 intenzita pre parn\u00edkov, ktor\u00ed preferuj\u00fa silnej\u0161\u00ed \u00fa\u010dinok. (Len pre ve\u013ekoobchodn\u00e9 objedn\u00e1vky)<\/p>\n<\/li>\n<li class=\"\" data-start=\"1572\" data-end=\"1665\">\n<p class=\"\" data-start=\"1574\" data-end=\"1665\">5% Nikot\u00edn: Maxim\u00e1lna intenzita pre siln\u00fd a uspokojiv\u00fd z\u00e1\u017eitok z parenia.<\/p>\n<\/li>\n<\/ul>\n<h4>Jedine\u010dn\u00e1 chu\u0165: Jahodov\u00fd jogurt<\/h4>\n<p class=\"\" data-start=\"1721\" data-end=\"2045\">Ak m\u00e1te radi sladk\u00e9 a kr\u00e9mov\u00e9 ar\u00f3my, budete nad\u0161en\u00ed z Jahodov\u00e9ho jogurtu. T\u00e1to kombin\u00e1cia \u0161\u0165avnato-sladk\u00fdch jah\u00f4d a kr\u00e9mov\u00e9ho jogurtu poskytuje sametov\u00fd a pln\u00fd z\u00e1\u017eitok z parenia. Ka\u017ed\u00e9 potiahnutie pripom\u00edna \u010derstvo pripraven\u00fd jahodov\u00fd jogurt \u2013 chu\u0165, ktor\u00e1 v\u00e1s bude l\u00e1ka\u0165 na \u010fal\u0161ie.<\/p>\n<h3>Pre\u010do zvoli\u0165 Bang King Digital 15000 Puffs?<\/h3>\n<p class=\"\" data-start=\"2095\" data-end=\"2374\">\u2714 Bez cla, \u017eiadne \u010fal\u0161ie n\u00e1klady \u2013 jednoducho objednajte a vychutnajte si.<br data-start=\"2170\" data-end=\"2173\" \/>\u2714 Jednorazov\u00fd dizajn \u2013 \u017eiadna potreba \u010distenia alebo \u00fadr\u017eby, pre maxim\u00e1lny komfort.<br data-start=\"2260\" data-end=\"2263\" \/>\u2714 Dlhodob\u00e9 pote\u0161enie s stabilnou kvalitou chuti, pre st\u00e1le dokonal\u00fd z\u00e1\u017eitok z parenia.<\/p>\n<h4 data-start=\"2376\" data-end=\"2444\">Objednajte teraz a za\u017eite neopakovate\u013en\u00fd p\u00f4\u017eitok z parenia!<\/h4>\n<p class=\"\" data-start=\"2445\" data-end=\"2666\">Za\u017eite s Bang King Digital 15000 Puffs z\u00e1\u017eitok z parenia na \u00farovni \u0161pi\u010dky! Objednajte teraz na vapingnet.de a vychutnajte si jedine\u010dn\u00e9 spojenie chuti, v\u00fdkonu a \u0161t\u00fdlu.<\/p>","protected":false},"excerpt":{"rendered":"<p>Bang King Digital 15000 Puffs \u2013 Dlhodob\u00e9 vapovacie pote\u0161enie s jemnou chu\u0165ou Ak ide o kvalitn\u00e9 jednorazov\u00e9 e-cigarety, Bang King Digital 15000 Puffs nastavuje nov\u00e9...<\/p>","protected":false},"featured_media":5903,"template":"","meta":[],"etheme_brands":[],"product_brand":[101],"product_cat":[53,49,61],"product_tag":[],"class_list":{"0":"post-5893","1":"product","2":"type-product","3":"status-publish","4":"has-post-thumbnail","6":"product_brand-bang-king-vape","7":"product_cat-vape-15000-zuege","8":"product_cat-einweg-e-zigarette","9":"product_cat-f","11":"first","12":"instock","13":"shipping-taxable","14":"purchasable","15":"product-type-simple"},"yoast_head":"<!-- This site is optimized with the Yoast SEO plugin v26.5 - https:\/\/yoast.com\/wordpress\/plugins\/seo\/ -->\n<title>Limitierte Edition Bang King Digital 15000 Puffs Strawberry Yogurt | Vapingnet.de<\/title>\n<meta name=\"description\" content=\"Entdecke Limitierte Edition Bang King Digital 15000 Puffs Strawberry Yogurt bei vapingnet.de, \u25ba Gro\u00dfe Auswahl an Geschmacksrichtungen &amp; super g\u00fcnstig!\" \/>\n<meta name=\"robots\" content=\"index, follow, max-snippet:-1, max-image-preview:large, max-video-preview:-1\" \/>\n<link rel=\"canonical\" href=\"https:\/\/vapingnet.de\/sk\/vape\/limitierte-edition-bang-king-digital-15000-puffs-strawberry-yogurt\/\" \/>\n<meta property=\"og:locale\" content=\"sk_SK\" \/>\n<meta property=\"og:type\" content=\"article\" \/>\n<meta property=\"og:title\" content=\"Limitierte Edition Bang King Digital 15000 Puffs Strawberry Yogurt | Vapingnet.de\" \/>\n<meta property=\"og:description\" content=\"Entdecke Limitierte Edition Bang King Digital 15000 Puffs Strawberry Yogurt bei vapingnet.de, \u25ba Gro\u00dfe Auswahl an Geschmacksrichtungen &amp; super g\u00fcnstig!\" \/>\n<meta property=\"og:url\" content=\"https:\/\/vapingnet.de\/sk\/vape\/limitierte-edition-bang-king-digital-15000-puffs-strawberry-yogurt\/\" \/>\n<meta property=\"og:site_name\" content=\"Vapingnet.de\" \/>\n<meta property=\"article:publisher\" content=\"https:\/\/www.facebook.com\/vapingnetde\/\" \/>\n<meta property=\"article:modified_time\" content=\"2025-06-19T03:40:06+00:00\" \/>\n<meta property=\"og:image\" content=\"https:\/\/vapingnet.de\/wp-content\/uploads\/2025\/03\/Strawberry-Yogurt.png\" \/>\n\t<meta property=\"og:image:width\" content=\"900\" \/>\n\t<meta property=\"og:image:height\" content=\"600\" \/>\n\t<meta property=\"og:image:type\" content=\"image\/png\" \/>\n<meta name=\"twitter:card\" content=\"summary_large_image\" \/>\n<meta name=\"twitter:label1\" content=\"Est. reading time\" \/>\n\t<meta name=\"twitter:data1\" content=\"2 minutes\" \/>\n<script type=\"application\/ld+json\" class=\"yoast-schema-graph\">{\"@context\":\"https:\/\/schema.org\",\"@graph\":[{\"@type\":\"WebPage\",\"@id\":\"https:\/\/vapingnet.de\/vape\/limitierte-edition-bang-king-digital-15000-puffs-strawberry-yogurt\/\",\"url\":\"https:\/\/vapingnet.de\/vape\/limitierte-edition-bang-king-digital-15000-puffs-strawberry-yogurt\/\",\"name\":\"Limitierte Edition Bang King Digital 15000 Puffs Strawberry Yogurt | Vapingnet.de\",\"isPartOf\":{\"@id\":\"https:\/\/vapingnet.de\/#website\"},\"primaryImageOfPage\":{\"@id\":\"https:\/\/vapingnet.de\/vape\/limitierte-edition-bang-king-digital-15000-puffs-strawberry-yogurt\/#primaryimage\"},\"image\":{\"@id\":\"https:\/\/vapingnet.de\/vape\/limitierte-edition-bang-king-digital-15000-puffs-strawberry-yogurt\/#primaryimage\"},\"thumbnailUrl\":\"https:\/\/vapingnet.de\/wp-content\/uploads\/2025\/03\/Strawberry-Yogurt.png\",\"datePublished\":\"2025-03-25T07:01:01+00:00\",\"dateModified\":\"2025-06-19T03:40:06+00:00\",\"description\":\"Entdecke Limitierte Edition Bang King Digital 15000 Puffs Strawberry Yogurt bei vapingnet.de, \u25ba Gro\u00dfe Auswahl an Geschmacksrichtungen & super g\u00fcnstig!\",\"breadcrumb\":{\"@id\":\"https:\/\/vapingnet.de\/vape\/limitierte-edition-bang-king-digital-15000-puffs-strawberry-yogurt\/#breadcrumb\"},\"inLanguage\":\"sk-SK\",\"potentialAction\":[{\"@type\":\"ReadAction\",\"target\":[\"https:\/\/vapingnet.de\/vape\/limitierte-edition-bang-king-digital-15000-puffs-strawberry-yogurt\/\"]}]},{\"@type\":\"ImageObject\",\"inLanguage\":\"sk-SK\",\"@id\":\"https:\/\/vapingnet.de\/vape\/limitierte-edition-bang-king-digital-15000-puffs-strawberry-yogurt\/#primaryimage\",\"url\":\"https:\/\/vapingnet.de\/wp-content\/uploads\/2025\/03\/Strawberry-Yogurt.png\",\"contentUrl\":\"https:\/\/vapingnet.de\/wp-content\/uploads\/2025\/03\/Strawberry-Yogurt.png\",\"width\":900,\"height\":600,\"caption\":\"Strawberry Yogurt\"},{\"@type\":\"BreadcrumbList\",\"@id\":\"https:\/\/vapingnet.de\/vape\/limitierte-edition-bang-king-digital-15000-puffs-strawberry-yogurt\/#breadcrumb\",\"itemListElement\":[{\"@type\":\"ListItem\",\"position\":1,\"name\":\"Home\",\"item\":\"https:\/\/vapingnet.de\/\"},{\"@type\":\"ListItem\",\"position\":2,\"name\":\"Shop\",\"item\":\"https:\/\/vapingnet.de\/vape\/\"},{\"@type\":\"ListItem\",\"position\":3,\"name\":\"Limitierte Edition Bang King Digital 15000 Puffs Strawberry Yogurt\"}]},{\"@type\":\"WebSite\",\"@id\":\"https:\/\/vapingnet.de\/#website\",\"url\":\"https:\/\/vapingnet.de\/\",\"name\":\"Vapingnet.de\",\"description\":\"\",\"publisher\":{\"@id\":\"https:\/\/vapingnet.de\/#organization\"},\"potentialAction\":[{\"@type\":\"SearchAction\",\"target\":{\"@type\":\"EntryPoint\",\"urlTemplate\":\"https:\/\/vapingnet.de\/?s={search_term_string}\"},\"query-input\":{\"@type\":\"PropertyValueSpecification\",\"valueRequired\":true,\"valueName\":\"search_term_string\"}}],\"inLanguage\":\"sk-SK\"},{\"@type\":\"Organization\",\"@id\":\"https:\/\/vapingnet.de\/#organization\",\"name\":\"Vapingnet.de\",\"url\":\"https:\/\/vapingnet.de\/\",\"logo\":{\"@type\":\"ImageObject\",\"inLanguage\":\"sk-SK\",\"@id\":\"https:\/\/vapingnet.de\/#\/schema\/logo\/image\/\",\"url\":\"https:\/\/vapingnet.de\/wp-content\/uploads\/2025\/03\/cropped-vapingnet.de_.jpg\",\"contentUrl\":\"https:\/\/vapingnet.de\/wp-content\/uploads\/2025\/03\/cropped-vapingnet.de_.jpg\",\"width\":512,\"height\":512,\"caption\":\"Vapingnet.de\"},\"image\":{\"@id\":\"https:\/\/vapingnet.de\/#\/schema\/logo\/image\/\"},\"sameAs\":[\"https:\/\/www.facebook.com\/vapingnetde\/\"]}]}<\/script>\n<!-- \/ Yoast SEO plugin. -->","yoast_head_json":{"title":"Limitierte Edition Bang King Digital 15000 Puffs Strawberry Yogurt | Vapingnet.de","description":"Entdecke Limitierte Edition Bang King Digital 15000 Puffs Strawberry Yogurt bei vapingnet.de, \u25ba Gro\u00dfe Auswahl an Geschmacksrichtungen & super g\u00fcnstig!","robots":{"index":"index","follow":"follow","max-snippet":"max-snippet:-1","max-image-preview":"max-image-preview:large","max-video-preview":"max-video-preview:-1"},"canonical":"https:\/\/vapingnet.de\/sk\/vape\/limitierte-edition-bang-king-digital-15000-puffs-strawberry-yogurt\/","og_locale":"sk_SK","og_type":"article","og_title":"Limitierte Edition Bang King Digital 15000 Puffs Strawberry Yogurt | Vapingnet.de","og_description":"Entdecke Limitierte Edition Bang King Digital 15000 Puffs Strawberry Yogurt bei vapingnet.de, \u25ba Gro\u00dfe Auswahl an Geschmacksrichtungen & super g\u00fcnstig!","og_url":"https:\/\/vapingnet.de\/sk\/vape\/limitierte-edition-bang-king-digital-15000-puffs-strawberry-yogurt\/","og_site_name":"Vapingnet.de","article_publisher":"https:\/\/www.facebook.com\/vapingnetde\/","article_modified_time":"2025-06-19T03:40:06+00:00","og_image":[{"width":900,"height":600,"url":"https:\/\/vapingnet.de\/wp-content\/uploads\/2025\/03\/Strawberry-Yogurt.png","type":"image\/png"}],"twitter_card":"summary_large_image","twitter_misc":{"Est. reading time":"2 minutes"},"schema":{"@context":"https:\/\/schema.org","@graph":[{"@type":"WebPage","@id":"https:\/\/vapingnet.de\/vape\/limitierte-edition-bang-king-digital-15000-puffs-strawberry-yogurt\/","url":"https:\/\/vapingnet.de\/vape\/limitierte-edition-bang-king-digital-15000-puffs-strawberry-yogurt\/","name":"Limitierte Edition Bang King Digital 15000 Puffs Strawberry Yogurt | Vapingnet.de","isPartOf":{"@id":"https:\/\/vapingnet.de\/#website"},"primaryImageOfPage":{"@id":"https:\/\/vapingnet.de\/vape\/limitierte-edition-bang-king-digital-15000-puffs-strawberry-yogurt\/#primaryimage"},"image":{"@id":"https:\/\/vapingnet.de\/vape\/limitierte-edition-bang-king-digital-15000-puffs-strawberry-yogurt\/#primaryimage"},"thumbnailUrl":"https:\/\/vapingnet.de\/wp-content\/uploads\/2025\/03\/Strawberry-Yogurt.png","datePublished":"2025-03-25T07:01:01+00:00","dateModified":"2025-06-19T03:40:06+00:00","description":"Entdecke Limitierte Edition Bang King Digital 15000 Puffs Strawberry Yogurt bei vapingnet.de, \u25ba Gro\u00dfe Auswahl an Geschmacksrichtungen & super g\u00fcnstig!","breadcrumb":{"@id":"https:\/\/vapingnet.de\/vape\/limitierte-edition-bang-king-digital-15000-puffs-strawberry-yogurt\/#breadcrumb"},"inLanguage":"sk-SK","potentialAction":[{"@type":"ReadAction","target":["https:\/\/vapingnet.de\/vape\/limitierte-edition-bang-king-digital-15000-puffs-strawberry-yogurt\/"]}]},{"@type":"ImageObject","inLanguage":"sk-SK","@id":"https:\/\/vapingnet.de\/vape\/limitierte-edition-bang-king-digital-15000-puffs-strawberry-yogurt\/#primaryimage","url":"https:\/\/vapingnet.de\/wp-content\/uploads\/2025\/03\/Strawberry-Yogurt.png","contentUrl":"https:\/\/vapingnet.de\/wp-content\/uploads\/2025\/03\/Strawberry-Yogurt.png","width":900,"height":600,"caption":"Strawberry Yogurt"},{"@type":"BreadcrumbList","@id":"https:\/\/vapingnet.de\/vape\/limitierte-edition-bang-king-digital-15000-puffs-strawberry-yogurt\/#breadcrumb","itemListElement":[{"@type":"ListItem","position":1,"name":"Home","item":"https:\/\/vapingnet.de\/"},{"@type":"ListItem","position":2,"name":"Shop","item":"https:\/\/vapingnet.de\/vape\/"},{"@type":"ListItem","position":3,"name":"Limitierte Edition Bang King Digital 15000 Puffs Strawberry Yogurt"}]},{"@type":"WebSite","@id":"https:\/\/vapingnet.de\/#website","url":"https:\/\/vapingnet.de\/","name":"Vapingnet.de","description":"","publisher":{"@id":"https:\/\/vapingnet.de\/#organization"},"potentialAction":[{"@type":"SearchAction","target":{"@type":"EntryPoint","urlTemplate":"https:\/\/vapingnet.de\/?s={search_term_string}"},"query-input":{"@type":"PropertyValueSpecification","valueRequired":true,"valueName":"search_term_string"}}],"inLanguage":"sk-SK"},{"@type":"Organization","@id":"https:\/\/vapingnet.de\/#organization","name":"Vapingnet.de","url":"https:\/\/vapingnet.de\/","logo":{"@type":"ImageObject","inLanguage":"sk-SK","@id":"https:\/\/vapingnet.de\/#\/schema\/logo\/image\/","url":"https:\/\/vapingnet.de\/wp-content\/uploads\/2025\/03\/cropped-vapingnet.de_.jpg","contentUrl":"https:\/\/vapingnet.de\/wp-content\/uploads\/2025\/03\/cropped-vapingnet.de_.jpg","width":512,"height":512,"caption":"Vapingnet.de"},"image":{"@id":"https:\/\/vapingnet.de\/#\/schema\/logo\/image\/"},"sameAs":["https:\/\/www.facebook.com\/vapingnetde\/"]}]}},"tiered_pricing_type":"fixed","tiered_pricing_fixed_rules":{"10":"6.83","60":"6.15","110":"5.46","200":"4.78"},"tiered_pricing_product_settings":{"layout":"default","base_unit_name":{"singular":null,"plural":null},"default_variation":null},"tiered_pricing_minimum_quantity":null,"tiered_pricing_roles_data":[],"tiered_pricing_percentage_rules":[],"_links":{"self":[{"href":"https:\/\/vapingnet.de\/sk\/wp-json\/wp\/v2\/product\/5893","targetHints":{"allow":["GET"]}}],"collection":[{"href":"https:\/\/vapingnet.de\/sk\/wp-json\/wp\/v2\/product"}],"about":[{"href":"https:\/\/vapingnet.de\/sk\/wp-json\/wp\/v2\/types\/product"}],"version-history":[{"count":1,"href":"https:\/\/vapingnet.de\/sk\/wp-json\/wp\/v2\/product\/5893\/revisions"}],"predecessor-version":[{"id":5910,"href":"https:\/\/vapingnet.de\/sk\/wp-json\/wp\/v2\/product\/5893\/revisions\/5910"}],"wp:featuredmedia":[{"embeddable":true,"href":"https:\/\/vapingnet.de\/sk\/wp-json\/wp\/v2\/media\/5903"}],"wp:attachment":[{"href":"https:\/\/vapingnet.de\/sk\/wp-json\/wp\/v2\/media?parent=5893"}],"wp:term":[{"taxonomy":"brand","embeddable":true,"href":"https:\/\/vapingnet.de\/sk\/wp-json\/wp\/v2\/etheme_brands?post=5893"},{"taxonomy":"product_brand","embeddable":true,"href":"https:\/\/vapingnet.de\/sk\/wp-json\/wp\/v2\/product_brand?post=5893"},{"taxonomy":"product_cat","embeddable":true,"href":"https:\/\/vapingnet.de\/sk\/wp-json\/wp\/v2\/product_cat?post=5893"},{"taxonomy":"product_tag","embeddable":true,"href":"https:\/\/vapingnet.de\/sk\/wp-json\/wp\/v2\/product_tag?post=5893"}],"curies":[{"name":"wp","href":"https:\/\/api.w.org\/{rel}","templated":true}]}}