{"id":6038,"date":"2025-04-02T02:22:49","date_gmt":"2025-04-02T02:22:49","guid":{"rendered":"https:\/\/vapingnet.de\/?post_type=product&#038;p=6038"},"modified":"2026-03-12T07:30:42","modified_gmt":"2026-03-12T07:30:42","slug":"jetzt-randm-tornado-15000-kaufen-schneller-versand-aus-deutschland","status":"publish","type":"product","link":"https:\/\/vapingnet.de\/sk\/vape\/jetzt-randm-tornado-15000-kaufen-schneller-versand-aus-deutschland\/","title":{"rendered":"Teraz k\u00fapi\u0165 RandM Tornado 15000 r\u00fdchlej\u0161ia doprava z Deutschland"},"content":{"rendered":"<div>\n<h2>Objavte RandM Tornado 15000: Majstrovsk\u00e9 dielo technol\u00f3gie vapingu<\/h2>\n<p class=\"break-words\">Vo svete vapingu s\u00fa inov\u00e1cie a kvalita v\u017edy hlavn\u00fdmi prioritami pou\u017e\u00edvate\u013eov. RandM Tornado 15000 sa r\u00fdchlo stal hviezdou na trhu v\u010faka svojej vynikaj\u00facej v\u00fdkonnosti, \u0161t\u00fdlov\u00e9mu dizajnu a rozmanit\u00fdm chu\u0165ov\u00fdm mo\u017enostiam. Ako s\u00fa\u010das\u0165 vlajkovej s\u00e9rie RandM sp\u00e1ja tento dob\u00edjac\u00ed jednorazov\u00fd vaporiz\u00e9r najmodernej\u0161iu technol\u00f3giu s neporovnate\u013en\u00fdm z\u00e1\u017eitkom z parenia a pon\u00faka prvotriednu vo\u013ebu pre za\u010diato\u010dn\u00edkov aj sk\u00fasen\u00fdch pou\u017e\u00edvate\u013eov. Po\u010fme spolo\u010dne presk\u00fama\u0165 jedine\u010dn\u00e9 v\u00fdhody tohto produktu.<\/p>\n<h4>Dokonal\u00e1 symbi\u00f3za techniky a dizajnu<\/h4>\n<p class=\"break-words\">RandM Tornado 15000 je viac ne\u017e len vaporiz\u00e9r \u2013 predstavuje bud\u00facnos\u0165 technol\u00f3gie vapingu. S integrovanou bat\u00e9riou 850 mAh, ktor\u00e1 sa r\u00fdchlo nab\u00edja cez Type-C port, zaru\u010duje dlhodob\u00e9 pou\u017e\u00edvanie kdeko\u013evek ste. S a\u017e 15 000 potiahnutiami nastavuje latku v oblasti \u017eivotnosti a je vhodn\u00fd na ka\u017edodenn\u00e9 pou\u017eitie aj na cest\u00e1ch. Okrem toho technol\u00f3gia mesh cievky 0,9 \u03a9 zabezpe\u010duje rovnomern\u00e9 zahrievanie 25 ml predplnen\u00e9ho e-liquidu, \u010do zais\u0165uje intenz\u00edvnu chu\u0165 a bohat\u00fa produkciu pary.<\/p>\n<p class=\"break-words\">Obzvl\u00e1\u0161\u0165 p\u00f4sobiv\u00fd je inteligentn\u00fd LED displej, ktor\u00fd zobrazuje stav bat\u00e9rie a zost\u00e1vaj\u00face mno\u017estvo tekutiny v re\u00e1lnom \u010dase a poskytuje pou\u017e\u00edvate\u013eovi pln\u00fa kontrolu. V\u010faka nastavite\u013en\u00e9mu pr\u00fadu vzduchu si m\u00f4\u017eete individu\u00e1lne prisp\u00f4sobi\u0165 teplotu pary a \u0165ah, \u010d\u00edm si vytvor\u00edte vlastn\u00fd z\u00e1\u017eitok z vapingu.<\/p>\n<h4>Rozmanit\u00e9 chu\u0165ov\u00e9 z\u00e1\u017eitky<\/h4>\n<p class=\"break-words\">S\u00e9ria RandM Tornado 15000 sa vyzna\u010duje bohat\u00fdm v\u00fdberom pr\u00edchut\u00ed, ktor\u00e9 boli starostlivo zostaven\u00e9 tak, aby pon\u00fakli jedine\u010dn\u00fd senzorick\u00fd z\u00e1\u017eitok. Tu je nieko\u013eko najob\u013e\u00fabenej\u0161\u00edch variantov:<\/p>\n<ul class=\"marker:text-secondary\">\n<li class=\"break-words\"><strong>\u010cu\u010doriedka Malina<\/strong>: Sladk\u00e9 \u010du\u010doriedky sa stret\u00e1vaj\u00fa s mierne kysl\u00fdmi malinami a vytv\u00e1raj\u00fa viacvrstvov\u00fa ovocn\u00fa ar\u00f3mu.<\/li>\n<li class=\"break-words\"><strong>Zmie\u0161an\u00e9 bobule<\/strong>: Zmes r\u00f4znych bob\u00fa\u013e, sladk\u00e1 s n\u00e1dychom kyslosti, ktor\u00e1 l\u00e1ka na \u010fal\u0161ie ochutn\u00e1vanie.<\/li>\n<li class=\"break-words\"><strong>Jahoda Watermelon<\/strong>: Jemn\u00e1 sladkos\u0165 jahody v kombin\u00e1cii s osvie\u017euj\u00facou \u0161\u0165avnatos\u0165ou vodn\u00e9ho mel\u00f3nu.<\/li>\n<li class=\"break-words\"><strong>Blueberry On Ice<\/strong>: \u0160\u0165avnat\u00e9 \u010du\u010doriedky s chladiv\u00fdm dozvukom, ide\u00e1lne pre osvie\u017euj\u00faci letn\u00fd pocit.<\/li>\n<li class=\"break-words\"><strong>Jablko Peach Hru\u0161ka<\/strong>: Harm\u00f3nia troch ovoc\u00ed, sladk\u00e1 a prirodzen\u00e1 v chuti.<\/li>\n<li class=\"break-words\"><strong>Hrozno Ice<\/strong>: Intenz\u00edvna chu\u0165 hrozna s \u013eadov\u00fdm n\u00e1dychom, sladk\u00e1, ale nie prehnan\u00e1.<\/li>\n<li class=\"break-words\"><strong>Ice Pop <\/strong>: Klasick\u00e1 chu\u0165 zmrzliny, ktor\u00e1 sp\u00e1ja chladiv\u00fa sladkos\u0165 a spomienky na detstvo.<\/li>\n<\/ul>\n<p class=\"break-words\">\u010ci u\u017e preferujete ovocn\u00fa svie\u017eos\u0165 alebo \u013eadov\u00fa chladivos\u0165 \u2013 Tornado 15000 spln\u00ed ka\u017ed\u00fd chu\u0165ov\u00fd po\u017eiadavok.<\/p>\n<h3>Jedine\u010dn\u00e9 v\u00fdhody vapingnet.de<\/h3>\n<p class=\"break-words\">Ak si objedn\u00e1te RandM Tornado 15000 cez vapingnet.de, vyu\u017eijete neporazite\u013en\u00fd komfort a bezpe\u010dnos\u0165. Platforma pon\u00faka priame odoslanie z Deutschland s dodacou lehotou len 2 a\u017e 4 dni, tak\u017ee nemus\u00edte dlho \u010daka\u0165. Navy\u0161e neplatia \u017eiadne coln\u00e9 poplatky, \u010do rob\u00ed n\u00e1kupn\u00fd proces jednoduch\u00fdm a bezprobl\u00e9mov\u00fdm. Takto sa \u013eahko dostanete k tomuto vysoko kvalitn\u00e9mu vapingu.<\/p>\n<h3>Pre\u010do si vybra\u0165 RandM Tornado 15000?<\/h3>\n<p class=\"break-words\">RandM Tornado 15000 nie je len vaping, ale vyhl\u00e1senie o modernom \u017eivotnom \u0161t\u00fdle. Kombinuje inovat\u00edvnu technol\u00f3giu s individu\u00e1lnym dizajnom a sp\u013a\u0148a po\u017eiadavky na kvalitu, komfort a chu\u0165. \u010ci u\u017e kladiete d\u00f4raz na dlh\u00fa v\u00fddr\u017e bat\u00e9rie alebo chcete objavi\u0165 nov\u00e9 chute \u2013 tento produkt v\u00e1s nadchne.<\/p>\n<h4>V\u00e1\u0161 vstup do sveta vapingu<\/h4>\n<p class=\"break-words\">Ak h\u013ead\u00e1te vaping, ktor\u00fd sp\u00e1ja \u0161pi\u010dkov\u00fd v\u00fdkon a vynikaj\u00facu chu\u0165, je RandM Tornado 15000 tou spr\u00e1vnou vo\u013ebou. S priameho odoslania z Deutschland cez vapingnet.de z\u00edskate tento \u0161pi\u010dkov\u00fd produkt u\u017e za 2 a\u017e 4 dni a m\u00f4\u017eete za\u010da\u0165 okam\u017eite. Ponorte sa do sladk\u00fdch nu\u00e1ns modrej \u010du\u010doriedky s malinami, rozmanitosti zmesi bob\u00fa\u013e alebo chladivosti zmrzliny na pali\u010dke \u2013 RandM Tornado 15000 v\u00e1m otv\u00e1ra dvere do sveta pln\u00e9ho vapingu.<\/p>\n<\/div>","protected":false},"excerpt":{"rendered":"<p>Vysoko kvalitn\u00e9 elektronick\u00e9 cigarety\ud83d\udd25, odoslan\u00e9 priamo zo skladu v Br\u00e9mach, doru\u010denie do 2-4 dn\u00ed!<\/p>","protected":false},"featured_media":6039,"template":"","meta":[],"etheme_brands":[],"product_brand":[96],"product_cat":[53,60,59,49,61],"product_tag":[],"class_list":{"0":"post-6038","1":"product","2":"type-product","3":"status-publish","4":"has-post-thumbnail","6":"product_brand-randm-vape","7":"product_cat-vape-15000-zuege","8":"product_cat-c","9":"product_cat-de","10":"product_cat-einweg-e-zigarette","11":"product_cat-f","13":"first","14":"instock","15":"shipping-taxable","16":"purchasable","17":"product-type-variable"},"yoast_head":"<!-- This site is optimized with the Yoast SEO plugin v26.5 - https:\/\/yoast.com\/wordpress\/plugins\/seo\/ -->\n<title>RandM Tornado 15000 Puffs Vape online kaufen | vapingnet.de<\/title>\n<meta name=\"description\" content=\"Jetzt den RandM Tornado 15000 mit LED-Display &amp; einstellbarem Luftstrom auf vapingnet.de bestellen. Schneller Versand aus Deutschland!\" \/>\n<meta name=\"robots\" content=\"index, follow, max-snippet:-1, max-image-preview:large, max-video-preview:-1\" \/>\n<link rel=\"canonical\" href=\"https:\/\/vapingnet.de\/sk\/vape\/jetzt-randm-tornado-15000-kaufen-schneller-versand-aus-deutschland\/\" \/>\n<meta property=\"og:locale\" content=\"sk_SK\" \/>\n<meta property=\"og:type\" content=\"article\" \/>\n<meta property=\"og:title\" content=\"RandM Tornado 15000 Puffs Vape online kaufen | vapingnet.de\" \/>\n<meta property=\"og:description\" content=\"Jetzt den RandM Tornado 15000 mit LED-Display &amp; einstellbarem Luftstrom auf vapingnet.de bestellen. Schneller Versand aus Deutschland!\" \/>\n<meta property=\"og:url\" content=\"https:\/\/vapingnet.de\/sk\/vape\/jetzt-randm-tornado-15000-kaufen-schneller-versand-aus-deutschland\/\" \/>\n<meta property=\"og:site_name\" content=\"Vapingnet.de\" \/>\n<meta property=\"article:publisher\" content=\"https:\/\/www.facebook.com\/vapingnetde\/\" \/>\n<meta property=\"article:modified_time\" content=\"2026-03-12T07:30:42+00:00\" \/>\n<meta property=\"og:image\" content=\"https:\/\/vapingnet.de\/wp-content\/uploads\/2025\/04\/randm_15000_vapingnet.webp\" \/>\n\t<meta property=\"og:image:width\" content=\"1000\" \/>\n\t<meta property=\"og:image:height\" content=\"1000\" \/>\n\t<meta property=\"og:image:type\" content=\"image\/webp\" \/>\n<meta name=\"twitter:card\" content=\"summary_large_image\" \/>\n<meta name=\"twitter:label1\" content=\"Est. reading time\" \/>\n\t<meta name=\"twitter:data1\" content=\"4 minutes\" \/>\n<script type=\"application\/ld+json\" class=\"yoast-schema-graph\">{\"@context\":\"https:\/\/schema.org\",\"@graph\":[{\"@type\":\"WebPage\",\"@id\":\"https:\/\/vapingnet.de\/vape\/jetzt-randm-tornado-15000-kaufen-schneller-versand-aus-deutschland\/\",\"url\":\"https:\/\/vapingnet.de\/vape\/jetzt-randm-tornado-15000-kaufen-schneller-versand-aus-deutschland\/\",\"name\":\"RandM Tornado 15000 Puffs Vape online kaufen | vapingnet.de\",\"isPartOf\":{\"@id\":\"https:\/\/vapingnet.de\/#website\"},\"primaryImageOfPage\":{\"@id\":\"https:\/\/vapingnet.de\/vape\/jetzt-randm-tornado-15000-kaufen-schneller-versand-aus-deutschland\/#primaryimage\"},\"image\":{\"@id\":\"https:\/\/vapingnet.de\/vape\/jetzt-randm-tornado-15000-kaufen-schneller-versand-aus-deutschland\/#primaryimage\"},\"thumbnailUrl\":\"https:\/\/vapingnet.de\/wp-content\/uploads\/2025\/04\/randm_15000_vapingnet.webp\",\"datePublished\":\"2025-04-02T02:22:49+00:00\",\"dateModified\":\"2026-03-12T07:30:42+00:00\",\"description\":\"Jetzt den RandM Tornado 15000 mit LED-Display & einstellbarem Luftstrom auf vapingnet.de bestellen. Schneller Versand aus Deutschland!\",\"breadcrumb\":{\"@id\":\"https:\/\/vapingnet.de\/vape\/jetzt-randm-tornado-15000-kaufen-schneller-versand-aus-deutschland\/#breadcrumb\"},\"inLanguage\":\"sk-SK\",\"potentialAction\":[{\"@type\":\"ReadAction\",\"target\":[\"https:\/\/vapingnet.de\/vape\/jetzt-randm-tornado-15000-kaufen-schneller-versand-aus-deutschland\/\"]}]},{\"@type\":\"ImageObject\",\"inLanguage\":\"sk-SK\",\"@id\":\"https:\/\/vapingnet.de\/vape\/jetzt-randm-tornado-15000-kaufen-schneller-versand-aus-deutschland\/#primaryimage\",\"url\":\"https:\/\/vapingnet.de\/wp-content\/uploads\/2025\/04\/randm_15000_vapingnet.webp\",\"contentUrl\":\"https:\/\/vapingnet.de\/wp-content\/uploads\/2025\/04\/randm_15000_vapingnet.webp\",\"width\":1000,\"height\":1000,\"caption\":\"randm_15000_vapingnet\"},{\"@type\":\"BreadcrumbList\",\"@id\":\"https:\/\/vapingnet.de\/vape\/jetzt-randm-tornado-15000-kaufen-schneller-versand-aus-deutschland\/#breadcrumb\",\"itemListElement\":[{\"@type\":\"ListItem\",\"position\":1,\"name\":\"Home\",\"item\":\"https:\/\/vapingnet.de\/\"},{\"@type\":\"ListItem\",\"position\":2,\"name\":\"Shop\",\"item\":\"https:\/\/vapingnet.de\/vape\/\"},{\"@type\":\"ListItem\",\"position\":3,\"name\":\"Jetzt RandM Tornado 15000 kaufen schneller Versand aus Deutschland\"}]},{\"@type\":\"WebSite\",\"@id\":\"https:\/\/vapingnet.de\/#website\",\"url\":\"https:\/\/vapingnet.de\/\",\"name\":\"Vapingnet.de\",\"description\":\"\",\"publisher\":{\"@id\":\"https:\/\/vapingnet.de\/#organization\"},\"potentialAction\":[{\"@type\":\"SearchAction\",\"target\":{\"@type\":\"EntryPoint\",\"urlTemplate\":\"https:\/\/vapingnet.de\/?s={search_term_string}\"},\"query-input\":{\"@type\":\"PropertyValueSpecification\",\"valueRequired\":true,\"valueName\":\"search_term_string\"}}],\"inLanguage\":\"sk-SK\"},{\"@type\":\"Organization\",\"@id\":\"https:\/\/vapingnet.de\/#organization\",\"name\":\"Vapingnet.de\",\"url\":\"https:\/\/vapingnet.de\/\",\"logo\":{\"@type\":\"ImageObject\",\"inLanguage\":\"sk-SK\",\"@id\":\"https:\/\/vapingnet.de\/#\/schema\/logo\/image\/\",\"url\":\"https:\/\/vapingnet.de\/wp-content\/uploads\/2025\/03\/cropped-vapingnet.de_.jpg\",\"contentUrl\":\"https:\/\/vapingnet.de\/wp-content\/uploads\/2025\/03\/cropped-vapingnet.de_.jpg\",\"width\":512,\"height\":512,\"caption\":\"Vapingnet.de\"},\"image\":{\"@id\":\"https:\/\/vapingnet.de\/#\/schema\/logo\/image\/\"},\"sameAs\":[\"https:\/\/www.facebook.com\/vapingnetde\/\"]}]}<\/script>\n<!-- \/ Yoast SEO plugin. -->","yoast_head_json":{"title":"RandM Tornado 15000 Puffs Vape online kaufen | vapingnet.de","description":"Jetzt den RandM Tornado 15000 mit LED-Display & einstellbarem Luftstrom auf vapingnet.de bestellen. Schneller Versand aus Deutschland!","robots":{"index":"index","follow":"follow","max-snippet":"max-snippet:-1","max-image-preview":"max-image-preview:large","max-video-preview":"max-video-preview:-1"},"canonical":"https:\/\/vapingnet.de\/sk\/vape\/jetzt-randm-tornado-15000-kaufen-schneller-versand-aus-deutschland\/","og_locale":"sk_SK","og_type":"article","og_title":"RandM Tornado 15000 Puffs Vape online kaufen | vapingnet.de","og_description":"Jetzt den RandM Tornado 15000 mit LED-Display & einstellbarem Luftstrom auf vapingnet.de bestellen. Schneller Versand aus Deutschland!","og_url":"https:\/\/vapingnet.de\/sk\/vape\/jetzt-randm-tornado-15000-kaufen-schneller-versand-aus-deutschland\/","og_site_name":"Vapingnet.de","article_publisher":"https:\/\/www.facebook.com\/vapingnetde\/","article_modified_time":"2026-03-12T07:30:42+00:00","og_image":[{"width":1000,"height":1000,"url":"https:\/\/vapingnet.de\/wp-content\/uploads\/2025\/04\/randm_15000_vapingnet.webp","type":"image\/webp"}],"twitter_card":"summary_large_image","twitter_misc":{"Est. reading time":"4 minutes"},"schema":{"@context":"https:\/\/schema.org","@graph":[{"@type":"WebPage","@id":"https:\/\/vapingnet.de\/vape\/jetzt-randm-tornado-15000-kaufen-schneller-versand-aus-deutschland\/","url":"https:\/\/vapingnet.de\/vape\/jetzt-randm-tornado-15000-kaufen-schneller-versand-aus-deutschland\/","name":"RandM Tornado 15000 Puffs Vape online kaufen | vapingnet.de","isPartOf":{"@id":"https:\/\/vapingnet.de\/#website"},"primaryImageOfPage":{"@id":"https:\/\/vapingnet.de\/vape\/jetzt-randm-tornado-15000-kaufen-schneller-versand-aus-deutschland\/#primaryimage"},"image":{"@id":"https:\/\/vapingnet.de\/vape\/jetzt-randm-tornado-15000-kaufen-schneller-versand-aus-deutschland\/#primaryimage"},"thumbnailUrl":"https:\/\/vapingnet.de\/wp-content\/uploads\/2025\/04\/randm_15000_vapingnet.webp","datePublished":"2025-04-02T02:22:49+00:00","dateModified":"2026-03-12T07:30:42+00:00","description":"Jetzt den RandM Tornado 15000 mit LED-Display & einstellbarem Luftstrom auf vapingnet.de bestellen. Schneller Versand aus Deutschland!","breadcrumb":{"@id":"https:\/\/vapingnet.de\/vape\/jetzt-randm-tornado-15000-kaufen-schneller-versand-aus-deutschland\/#breadcrumb"},"inLanguage":"sk-SK","potentialAction":[{"@type":"ReadAction","target":["https:\/\/vapingnet.de\/vape\/jetzt-randm-tornado-15000-kaufen-schneller-versand-aus-deutschland\/"]}]},{"@type":"ImageObject","inLanguage":"sk-SK","@id":"https:\/\/vapingnet.de\/vape\/jetzt-randm-tornado-15000-kaufen-schneller-versand-aus-deutschland\/#primaryimage","url":"https:\/\/vapingnet.de\/wp-content\/uploads\/2025\/04\/randm_15000_vapingnet.webp","contentUrl":"https:\/\/vapingnet.de\/wp-content\/uploads\/2025\/04\/randm_15000_vapingnet.webp","width":1000,"height":1000,"caption":"randm_15000_vapingnet"},{"@type":"BreadcrumbList","@id":"https:\/\/vapingnet.de\/vape\/jetzt-randm-tornado-15000-kaufen-schneller-versand-aus-deutschland\/#breadcrumb","itemListElement":[{"@type":"ListItem","position":1,"name":"Home","item":"https:\/\/vapingnet.de\/"},{"@type":"ListItem","position":2,"name":"Shop","item":"https:\/\/vapingnet.de\/vape\/"},{"@type":"ListItem","position":3,"name":"Jetzt RandM Tornado 15000 kaufen schneller Versand aus Deutschland"}]},{"@type":"WebSite","@id":"https:\/\/vapingnet.de\/#website","url":"https:\/\/vapingnet.de\/","name":"Vapingnet.de","description":"","publisher":{"@id":"https:\/\/vapingnet.de\/#organization"},"potentialAction":[{"@type":"SearchAction","target":{"@type":"EntryPoint","urlTemplate":"https:\/\/vapingnet.de\/?s={search_term_string}"},"query-input":{"@type":"PropertyValueSpecification","valueRequired":true,"valueName":"search_term_string"}}],"inLanguage":"sk-SK"},{"@type":"Organization","@id":"https:\/\/vapingnet.de\/#organization","name":"Vapingnet.de","url":"https:\/\/vapingnet.de\/","logo":{"@type":"ImageObject","inLanguage":"sk-SK","@id":"https:\/\/vapingnet.de\/#\/schema\/logo\/image\/","url":"https:\/\/vapingnet.de\/wp-content\/uploads\/2025\/03\/cropped-vapingnet.de_.jpg","contentUrl":"https:\/\/vapingnet.de\/wp-content\/uploads\/2025\/03\/cropped-vapingnet.de_.jpg","width":512,"height":512,"caption":"Vapingnet.de"},"image":{"@id":"https:\/\/vapingnet.de\/#\/schema\/logo\/image\/"},"sameAs":["https:\/\/www.facebook.com\/vapingnetde\/"]}]}},"tiered_pricing_type":"fixed","tiered_pricing_fixed_rules":{"10":"9.31","50":"8.38","110":"7.91","210":"7.45","510":"6.98","1100":"6.52"},"tiered_pricing_product_settings":{"layout":"default","base_unit_name":{"singular":null,"plural":null},"default_variation":null},"tiered_pricing_minimum_quantity":null,"tiered_pricing_roles_data":[],"tiered_pricing_percentage_rules":[],"_links":{"self":[{"href":"https:\/\/vapingnet.de\/sk\/wp-json\/wp\/v2\/product\/6038","targetHints":{"allow":["GET"]}}],"collection":[{"href":"https:\/\/vapingnet.de\/sk\/wp-json\/wp\/v2\/product"}],"about":[{"href":"https:\/\/vapingnet.de\/sk\/wp-json\/wp\/v2\/types\/product"}],"version-history":[{"count":3,"href":"https:\/\/vapingnet.de\/sk\/wp-json\/wp\/v2\/product\/6038\/revisions"}],"predecessor-version":[{"id":6059,"href":"https:\/\/vapingnet.de\/sk\/wp-json\/wp\/v2\/product\/6038\/revisions\/6059"}],"wp:featuredmedia":[{"embeddable":true,"href":"https:\/\/vapingnet.de\/sk\/wp-json\/wp\/v2\/media\/6039"}],"wp:attachment":[{"href":"https:\/\/vapingnet.de\/sk\/wp-json\/wp\/v2\/media?parent=6038"}],"wp:term":[{"taxonomy":"brand","embeddable":true,"href":"https:\/\/vapingnet.de\/sk\/wp-json\/wp\/v2\/etheme_brands?post=6038"},{"taxonomy":"product_brand","embeddable":true,"href":"https:\/\/vapingnet.de\/sk\/wp-json\/wp\/v2\/product_brand?post=6038"},{"taxonomy":"product_cat","embeddable":true,"href":"https:\/\/vapingnet.de\/sk\/wp-json\/wp\/v2\/product_cat?post=6038"},{"taxonomy":"product_tag","embeddable":true,"href":"https:\/\/vapingnet.de\/sk\/wp-json\/wp\/v2\/product_tag?post=6038"}],"curies":[{"name":"wp","href":"https:\/\/api.w.org\/{rel}","templated":true}]}}