{"id":6120,"date":"2025-04-07T02:20:15","date_gmt":"2025-04-07T02:20:15","guid":{"rendered":"https:\/\/vapingnet.de\/?post_type=product&#038;p=6120"},"modified":"2025-06-19T03:40:05","modified_gmt":"2025-06-19T03:40:05","slug":"jetzt-grosshandelspreis-fuer-strawberry-watermelon-bang-king-25000-puffs","status":"publish","type":"product","link":"https:\/\/vapingnet.de\/sk\/vape\/jetzt-grosshandelspreis-fuer-strawberry-watermelon-bang-king-25000-puffs\/","title":{"rendered":"Teraz ve\u013ekoobchodn\u00e1 cena za Strawberry Watermelon Bang King 25000 Puffs"},"content":{"rendered":"<h2 data-start=\"35\" data-end=\"122\">Vysoko v\u00fdkonn\u00e1 jednorazov\u00e1 e-cigareta: Bang King 25000 Puffs \u2013 Skuto\u010dn\u00fd z\u00e1\u017eitok 25K!<\/h2>\n<p class=\"\" data-start=\"124\" data-end=\"455\">Ak h\u013ead\u00e1te kvalitn\u00fa, bez\u00fadr\u017ebov\u00fa a okam\u017eite pripraven\u00fa e-cigaretu, Bang King 25000 je pre v\u00e1s ide\u00e1lnou vo\u013ebou. Pon\u00faka nielen \u00fa\u017easn\u00fa kapacitu 25 000 pufov, ale aj mno\u017estvo pou\u017e\u00edvate\u013esky pr\u00edvetiv\u00fdch funkci\u00ed, ktor\u00e9 vyhovej\u00fa individu\u00e1lnym potreb\u00e1m v\u0161etk\u00fdch vapera.<\/p>\n<h4 data-start=\"457\" data-end=\"498\">Hlavn\u00e9 body produktu na prv\u00fd poh\u013ead<\/h4>\n<p class=\"\" data-start=\"500\" data-end=\"1075\">Model: Bang King 25000 Pufov<br data-start=\"533\" data-end=\"536\" \/>Stupne nikot\u00ednu: 0%, 2%, 3%, 5% (ide\u00e1lne pre v\u0161etky \u00farovne sk\u00fasenost\u00ed)<br data-start=\"605\" data-end=\"608\" \/>Hlava vaporiz\u00e9ra: 1.0\u03a9 Mesh-Coil pre jemnej\u0161iu chu\u0165 a rovnomern\u00e9 paru<br data-start=\"689\" data-end=\"692\" \/>Pod syst\u00e9m: Dvojit\u00e9 pody, ka\u017ed\u00fd 23ml, celkovo 46ml \u2013 pre dlh\u00e9 vapovanie (cca 12 500 \u0165ahov na ka\u017ed\u00fd pod)<br data-start=\"795\" data-end=\"798\" \/>Bat\u00e9ria: 650mAh, dob\u00edjate\u013en\u00e1<br data-start=\"835\" data-end=\"838\" \/>Pripojenie na nab\u00edjanie: Type-C pre jednoduch\u00e9 a r\u00fdchle nab\u00edjanie<br data-start=\"897\" data-end=\"900\" \/>Chu\u0165: Jahoda Watermelon \u2013 sladk\u00e1 a osvie\u017euj\u00faca<br data-start=\"982\" data-end=\"985\" data-is-only-node=\"\" \/>Typ: Jednorazov\u00e1 e-cigareta, pripraven\u00e1 na pou\u017eitie bez dop\u013a\u0148ania alebo v\u00fdmeny \u0161pir\u00e1lok<\/p>\n<h4 data-start=\"1077\" data-end=\"1103\">Inform\u00e1cie o dodan\u00ed<\/h4>\n<p class=\"\" data-start=\"1105\" data-end=\"1372\">Doba dodania: Predpokladan\u00e9 doru\u010denie do 7-15 pracovn\u00fdch dn\u00ed<br data-start=\"1176\" data-end=\"1179\" \/>Sklad odoslania: Odoslanie z eur\u00f3pskeho skladu, vhodn\u00e9 pre eur\u00f3psky trh<br data-start=\"1269\" data-end=\"1272\" \/>\u010eal\u0161ia v\u00fdhoda: \u017diadne clo, \u017eiadne skryt\u00e9 poplatky, bezstarostn\u00fd n\u00e1kup<\/p>\n<h3 data-start=\"1374\" data-end=\"1410\">Pre\u010do si vybra\u0165 Bang King 25000?<\/h3>\n<ul data-start=\"1412\" data-end=\"2047\">\n<li class=\"\" data-start=\"1412\" data-end=\"1546\">\n<p class=\"\" data-start=\"1414\" data-end=\"1546\">Dlh\u00e1 \u017eivotnos\u0165: 25 000 \u0165ahov zodpoved\u00e1 nieko\u013ek\u00fdm be\u017en\u00fdm e-cigaret\u00e1m a umo\u017e\u0148uje dlhodob\u00e9 pou\u017e\u00edvanie bez dop\u013a\u0148ania<\/p>\n<\/li>\n<li class=\"\" data-start=\"1547\" data-end=\"1652\">\n<p class=\"\" data-start=\"1549\" data-end=\"1652\">Individu\u00e1lna vo\u013eba nikot\u00ednu: \u010ci ste za\u010diato\u010dn\u00edk alebo profesion\u00e1l, tu n\u00e1jdete vhodn\u00fa silu nikot\u00ednu<\/p>\n<\/li>\n<li class=\"\" data-start=\"1653\" data-end=\"1799\">\n<p class=\"\" data-start=\"1655\" data-end=\"1799\">Praktick\u00fd syst\u00e9m dvojit\u00fdch podov: Jednoducho vymen\u00edte pod a u\u017e\u00edvajte si r\u00f4zne chute \u2013 kedyko\u013evek a bez preru\u0161enia<\/p>\n<\/li>\n<li class=\"\" data-start=\"1800\" data-end=\"1894\">\n<p class=\"\" data-start=\"1802\" data-end=\"1894\">\u0160t\u00fdlov\u00fd a prenosn\u00fd dizajn: Modern\u00fd, \u013eahk\u00fd a ergonomick\u00fd \u2013 ide\u00e1lny na cesty<\/p>\n<\/li>\n<li class=\"\" data-start=\"1895\" data-end=\"2047\">\n<p class=\"\" data-start=\"1897\" data-end=\"2047\">Vynikaj\u00face chu\u0165ov\u00e9 z\u00e1\u017eitky: Mesh-Coil 1.0\u03a9 zabezpe\u010duje stabiln\u00fa vaporiz\u00e1ciu a intenz\u00edvnu chu\u0165, ide\u00e1lne pre skuto\u010dn\u00fdch milovn\u00edkov chuti<\/p>\n<\/li>\n<\/ul>\n<h4 data-start=\"2049\" data-end=\"2110\">Objavte teraz ob\u013e\u00faben\u00fd produkt na vapingnet.de!<\/h4>\n<p class=\"\" data-start=\"2112\" data-end=\"2352\">Ako miestna eur\u00f3pska platforma pre e-cigarety pon\u00faka vapingnet.de kvalitn\u00e9 produkty a r\u00fdchly, bezpe\u010dn\u00fd objedn\u00e1vkov\u00fd proces. Bang King 25000 je teraz dostupn\u00fd, tak sa pozrite e\u0161te dnes!<\/p>","protected":false},"excerpt":{"rendered":"<p>Vysoko v\u00fdkonn\u00e1 jednorazov\u00e1 e-cigareta: Bang King 25000 Puffs \u2013 Skuto\u010dn\u00fd z\u00e1\u017eitok 25K! Ak h\u013ead\u00e1te kvalitn\u00fa, bez\u00fadr\u017ebov\u00fa a okam\u017eite pripraven\u00fa e-cigaretu, je...<\/p>","protected":false},"featured_media":6122,"template":"","meta":[],"etheme_brands":[],"product_brand":[101],"product_cat":[55,49,61],"product_tag":[],"class_list":{"0":"post-6120","1":"product","2":"type-product","3":"status-publish","4":"has-post-thumbnail","6":"product_brand-bang-king-vape","7":"product_cat-vape-25000-zuege","8":"product_cat-einweg-e-zigarette","9":"product_cat-f","11":"first","12":"instock","13":"shipping-taxable","14":"purchasable","15":"product-type-simple"},"yoast_head":"<!-- This site is optimized with the Yoast SEO plugin v26.5 - https:\/\/yoast.com\/wordpress\/plugins\/seo\/ -->\n<title>Jetzt Gro\u00dfhandelspreis f\u00fcr Strawberry Watermelon Bang King 25000 Puffs | Vapingnet.de<\/title>\n<meta name=\"description\" content=\"Entdecke Jetzt Gro\u00dfhandelspreis f\u00fcr Strawberry Watermelon Bang King 25000 Puffs bei vapingnet.de, \u25ba Gro\u00dfe Auswahl an Geschmacksrichtungen &amp; super g\u00fcnstig!\" \/>\n<meta name=\"robots\" content=\"index, follow, max-snippet:-1, max-image-preview:large, max-video-preview:-1\" \/>\n<link rel=\"canonical\" href=\"https:\/\/vapingnet.de\/sk\/vape\/jetzt-grosshandelspreis-fuer-strawberry-watermelon-bang-king-25000-puffs\/\" \/>\n<meta property=\"og:locale\" content=\"sk_SK\" \/>\n<meta property=\"og:type\" content=\"article\" \/>\n<meta property=\"og:title\" content=\"Jetzt Gro\u00dfhandelspreis f\u00fcr Strawberry Watermelon Bang King 25000 Puffs | Vapingnet.de\" \/>\n<meta property=\"og:description\" content=\"Entdecke Jetzt Gro\u00dfhandelspreis f\u00fcr Strawberry Watermelon Bang King 25000 Puffs bei vapingnet.de, \u25ba Gro\u00dfe Auswahl an Geschmacksrichtungen &amp; super g\u00fcnstig!\" \/>\n<meta property=\"og:url\" content=\"https:\/\/vapingnet.de\/sk\/vape\/jetzt-grosshandelspreis-fuer-strawberry-watermelon-bang-king-25000-puffs\/\" \/>\n<meta property=\"og:site_name\" content=\"Vapingnet.de\" \/>\n<meta property=\"article:publisher\" content=\"https:\/\/www.facebook.com\/vapingnetde\/\" \/>\n<meta property=\"article:modified_time\" content=\"2025-06-19T03:40:05+00:00\" \/>\n<meta property=\"og:image\" content=\"https:\/\/vapingnet.de\/wp-content\/uploads\/2025\/04\/bang-25k-vape-Strawberry-Watermelon.png\" \/>\n\t<meta property=\"og:image:width\" content=\"1000\" \/>\n\t<meta property=\"og:image:height\" content=\"1000\" \/>\n\t<meta property=\"og:image:type\" content=\"image\/png\" \/>\n<meta name=\"twitter:card\" content=\"summary_large_image\" \/>\n<meta name=\"twitter:label1\" content=\"Est. reading time\" \/>\n\t<meta name=\"twitter:data1\" content=\"2 minutes\" \/>\n<script type=\"application\/ld+json\" class=\"yoast-schema-graph\">{\"@context\":\"https:\/\/schema.org\",\"@graph\":[{\"@type\":\"WebPage\",\"@id\":\"https:\/\/vapingnet.de\/vape\/jetzt-grosshandelspreis-fuer-strawberry-watermelon-bang-king-25000-puffs\/\",\"url\":\"https:\/\/vapingnet.de\/vape\/jetzt-grosshandelspreis-fuer-strawberry-watermelon-bang-king-25000-puffs\/\",\"name\":\"Jetzt Gro\u00dfhandelspreis f\u00fcr Strawberry Watermelon Bang King 25000 Puffs | Vapingnet.de\",\"isPartOf\":{\"@id\":\"https:\/\/vapingnet.de\/#website\"},\"primaryImageOfPage\":{\"@id\":\"https:\/\/vapingnet.de\/vape\/jetzt-grosshandelspreis-fuer-strawberry-watermelon-bang-king-25000-puffs\/#primaryimage\"},\"image\":{\"@id\":\"https:\/\/vapingnet.de\/vape\/jetzt-grosshandelspreis-fuer-strawberry-watermelon-bang-king-25000-puffs\/#primaryimage\"},\"thumbnailUrl\":\"https:\/\/vapingnet.de\/wp-content\/uploads\/2025\/04\/bang-25k-vape-Strawberry-Watermelon.png\",\"datePublished\":\"2025-04-07T02:20:15+00:00\",\"dateModified\":\"2025-06-19T03:40:05+00:00\",\"description\":\"Entdecke Jetzt Gro\u00dfhandelspreis f\u00fcr Strawberry Watermelon Bang King 25000 Puffs bei vapingnet.de, \u25ba Gro\u00dfe Auswahl an Geschmacksrichtungen & super g\u00fcnstig!\",\"breadcrumb\":{\"@id\":\"https:\/\/vapingnet.de\/vape\/jetzt-grosshandelspreis-fuer-strawberry-watermelon-bang-king-25000-puffs\/#breadcrumb\"},\"inLanguage\":\"sk-SK\",\"potentialAction\":[{\"@type\":\"ReadAction\",\"target\":[\"https:\/\/vapingnet.de\/vape\/jetzt-grosshandelspreis-fuer-strawberry-watermelon-bang-king-25000-puffs\/\"]}]},{\"@type\":\"ImageObject\",\"inLanguage\":\"sk-SK\",\"@id\":\"https:\/\/vapingnet.de\/vape\/jetzt-grosshandelspreis-fuer-strawberry-watermelon-bang-king-25000-puffs\/#primaryimage\",\"url\":\"https:\/\/vapingnet.de\/wp-content\/uploads\/2025\/04\/bang-25k-vape-Strawberry-Watermelon.png\",\"contentUrl\":\"https:\/\/vapingnet.de\/wp-content\/uploads\/2025\/04\/bang-25k-vape-Strawberry-Watermelon.png\",\"width\":1000,\"height\":1000},{\"@type\":\"BreadcrumbList\",\"@id\":\"https:\/\/vapingnet.de\/vape\/jetzt-grosshandelspreis-fuer-strawberry-watermelon-bang-king-25000-puffs\/#breadcrumb\",\"itemListElement\":[{\"@type\":\"ListItem\",\"position\":1,\"name\":\"Home\",\"item\":\"https:\/\/vapingnet.de\/\"},{\"@type\":\"ListItem\",\"position\":2,\"name\":\"Shop\",\"item\":\"https:\/\/vapingnet.de\/vape\/\"},{\"@type\":\"ListItem\",\"position\":3,\"name\":\"Jetzt Gro\u00dfhandelspreis f\u00fcr Strawberry Watermelon Bang King 25000 Puffs\"}]},{\"@type\":\"WebSite\",\"@id\":\"https:\/\/vapingnet.de\/#website\",\"url\":\"https:\/\/vapingnet.de\/\",\"name\":\"Vapingnet.de\",\"description\":\"\",\"publisher\":{\"@id\":\"https:\/\/vapingnet.de\/#organization\"},\"potentialAction\":[{\"@type\":\"SearchAction\",\"target\":{\"@type\":\"EntryPoint\",\"urlTemplate\":\"https:\/\/vapingnet.de\/?s={search_term_string}\"},\"query-input\":{\"@type\":\"PropertyValueSpecification\",\"valueRequired\":true,\"valueName\":\"search_term_string\"}}],\"inLanguage\":\"sk-SK\"},{\"@type\":\"Organization\",\"@id\":\"https:\/\/vapingnet.de\/#organization\",\"name\":\"Vapingnet.de\",\"url\":\"https:\/\/vapingnet.de\/\",\"logo\":{\"@type\":\"ImageObject\",\"inLanguage\":\"sk-SK\",\"@id\":\"https:\/\/vapingnet.de\/#\/schema\/logo\/image\/\",\"url\":\"https:\/\/vapingnet.de\/wp-content\/uploads\/2025\/03\/cropped-vapingnet.de_.jpg\",\"contentUrl\":\"https:\/\/vapingnet.de\/wp-content\/uploads\/2025\/03\/cropped-vapingnet.de_.jpg\",\"width\":512,\"height\":512,\"caption\":\"Vapingnet.de\"},\"image\":{\"@id\":\"https:\/\/vapingnet.de\/#\/schema\/logo\/image\/\"},\"sameAs\":[\"https:\/\/www.facebook.com\/vapingnetde\/\"]}]}<\/script>\n<!-- \/ Yoast SEO plugin. -->","yoast_head_json":{"title":"Jetzt Gro\u00dfhandelspreis f\u00fcr Strawberry Watermelon Bang King 25000 Puffs | Vapingnet.de","description":"Entdecke Jetzt Gro\u00dfhandelspreis f\u00fcr Strawberry Watermelon Bang King 25000 Puffs bei vapingnet.de, \u25ba Gro\u00dfe Auswahl an Geschmacksrichtungen & super g\u00fcnstig!","robots":{"index":"index","follow":"follow","max-snippet":"max-snippet:-1","max-image-preview":"max-image-preview:large","max-video-preview":"max-video-preview:-1"},"canonical":"https:\/\/vapingnet.de\/sk\/vape\/jetzt-grosshandelspreis-fuer-strawberry-watermelon-bang-king-25000-puffs\/","og_locale":"sk_SK","og_type":"article","og_title":"Jetzt Gro\u00dfhandelspreis f\u00fcr Strawberry Watermelon Bang King 25000 Puffs | Vapingnet.de","og_description":"Entdecke Jetzt Gro\u00dfhandelspreis f\u00fcr Strawberry Watermelon Bang King 25000 Puffs bei vapingnet.de, \u25ba Gro\u00dfe Auswahl an Geschmacksrichtungen & super g\u00fcnstig!","og_url":"https:\/\/vapingnet.de\/sk\/vape\/jetzt-grosshandelspreis-fuer-strawberry-watermelon-bang-king-25000-puffs\/","og_site_name":"Vapingnet.de","article_publisher":"https:\/\/www.facebook.com\/vapingnetde\/","article_modified_time":"2025-06-19T03:40:05+00:00","og_image":[{"width":1000,"height":1000,"url":"https:\/\/vapingnet.de\/wp-content\/uploads\/2025\/04\/bang-25k-vape-Strawberry-Watermelon.png","type":"image\/png"}],"twitter_card":"summary_large_image","twitter_misc":{"Est. reading time":"2 minutes"},"schema":{"@context":"https:\/\/schema.org","@graph":[{"@type":"WebPage","@id":"https:\/\/vapingnet.de\/vape\/jetzt-grosshandelspreis-fuer-strawberry-watermelon-bang-king-25000-puffs\/","url":"https:\/\/vapingnet.de\/vape\/jetzt-grosshandelspreis-fuer-strawberry-watermelon-bang-king-25000-puffs\/","name":"Jetzt Gro\u00dfhandelspreis f\u00fcr Strawberry Watermelon Bang King 25000 Puffs | Vapingnet.de","isPartOf":{"@id":"https:\/\/vapingnet.de\/#website"},"primaryImageOfPage":{"@id":"https:\/\/vapingnet.de\/vape\/jetzt-grosshandelspreis-fuer-strawberry-watermelon-bang-king-25000-puffs\/#primaryimage"},"image":{"@id":"https:\/\/vapingnet.de\/vape\/jetzt-grosshandelspreis-fuer-strawberry-watermelon-bang-king-25000-puffs\/#primaryimage"},"thumbnailUrl":"https:\/\/vapingnet.de\/wp-content\/uploads\/2025\/04\/bang-25k-vape-Strawberry-Watermelon.png","datePublished":"2025-04-07T02:20:15+00:00","dateModified":"2025-06-19T03:40:05+00:00","description":"Entdecke Jetzt Gro\u00dfhandelspreis f\u00fcr Strawberry Watermelon Bang King 25000 Puffs bei vapingnet.de, \u25ba Gro\u00dfe Auswahl an Geschmacksrichtungen & super g\u00fcnstig!","breadcrumb":{"@id":"https:\/\/vapingnet.de\/vape\/jetzt-grosshandelspreis-fuer-strawberry-watermelon-bang-king-25000-puffs\/#breadcrumb"},"inLanguage":"sk-SK","potentialAction":[{"@type":"ReadAction","target":["https:\/\/vapingnet.de\/vape\/jetzt-grosshandelspreis-fuer-strawberry-watermelon-bang-king-25000-puffs\/"]}]},{"@type":"ImageObject","inLanguage":"sk-SK","@id":"https:\/\/vapingnet.de\/vape\/jetzt-grosshandelspreis-fuer-strawberry-watermelon-bang-king-25000-puffs\/#primaryimage","url":"https:\/\/vapingnet.de\/wp-content\/uploads\/2025\/04\/bang-25k-vape-Strawberry-Watermelon.png","contentUrl":"https:\/\/vapingnet.de\/wp-content\/uploads\/2025\/04\/bang-25k-vape-Strawberry-Watermelon.png","width":1000,"height":1000},{"@type":"BreadcrumbList","@id":"https:\/\/vapingnet.de\/vape\/jetzt-grosshandelspreis-fuer-strawberry-watermelon-bang-king-25000-puffs\/#breadcrumb","itemListElement":[{"@type":"ListItem","position":1,"name":"Home","item":"https:\/\/vapingnet.de\/"},{"@type":"ListItem","position":2,"name":"Shop","item":"https:\/\/vapingnet.de\/vape\/"},{"@type":"ListItem","position":3,"name":"Jetzt Gro\u00dfhandelspreis f\u00fcr Strawberry Watermelon Bang King 25000 Puffs"}]},{"@type":"WebSite","@id":"https:\/\/vapingnet.de\/#website","url":"https:\/\/vapingnet.de\/","name":"Vapingnet.de","description":"","publisher":{"@id":"https:\/\/vapingnet.de\/#organization"},"potentialAction":[{"@type":"SearchAction","target":{"@type":"EntryPoint","urlTemplate":"https:\/\/vapingnet.de\/?s={search_term_string}"},"query-input":{"@type":"PropertyValueSpecification","valueRequired":true,"valueName":"search_term_string"}}],"inLanguage":"sk-SK"},{"@type":"Organization","@id":"https:\/\/vapingnet.de\/#organization","name":"Vapingnet.de","url":"https:\/\/vapingnet.de\/","logo":{"@type":"ImageObject","inLanguage":"sk-SK","@id":"https:\/\/vapingnet.de\/#\/schema\/logo\/image\/","url":"https:\/\/vapingnet.de\/wp-content\/uploads\/2025\/03\/cropped-vapingnet.de_.jpg","contentUrl":"https:\/\/vapingnet.de\/wp-content\/uploads\/2025\/03\/cropped-vapingnet.de_.jpg","width":512,"height":512,"caption":"Vapingnet.de"},"image":{"@id":"https:\/\/vapingnet.de\/#\/schema\/logo\/image\/"},"sameAs":["https:\/\/www.facebook.com\/vapingnetde\/"]}]}},"tiered_pricing_type":"fixed","tiered_pricing_fixed_rules":{"10":"8.07","60":"7.26","110":"6.46","200":"5.65"},"tiered_pricing_product_settings":{"layout":"default","base_unit_name":{"singular":null,"plural":null},"default_variation":null},"tiered_pricing_minimum_quantity":null,"tiered_pricing_roles_data":[],"tiered_pricing_percentage_rules":[],"_links":{"self":[{"href":"https:\/\/vapingnet.de\/sk\/wp-json\/wp\/v2\/product\/6120","targetHints":{"allow":["GET"]}}],"collection":[{"href":"https:\/\/vapingnet.de\/sk\/wp-json\/wp\/v2\/product"}],"about":[{"href":"https:\/\/vapingnet.de\/sk\/wp-json\/wp\/v2\/types\/product"}],"version-history":[{"count":3,"href":"https:\/\/vapingnet.de\/sk\/wp-json\/wp\/v2\/product\/6120\/revisions"}],"predecessor-version":[{"id":6140,"href":"https:\/\/vapingnet.de\/sk\/wp-json\/wp\/v2\/product\/6120\/revisions\/6140"}],"wp:featuredmedia":[{"embeddable":true,"href":"https:\/\/vapingnet.de\/sk\/wp-json\/wp\/v2\/media\/6122"}],"wp:attachment":[{"href":"https:\/\/vapingnet.de\/sk\/wp-json\/wp\/v2\/media?parent=6120"}],"wp:term":[{"taxonomy":"brand","embeddable":true,"href":"https:\/\/vapingnet.de\/sk\/wp-json\/wp\/v2\/etheme_brands?post=6120"},{"taxonomy":"product_brand","embeddable":true,"href":"https:\/\/vapingnet.de\/sk\/wp-json\/wp\/v2\/product_brand?post=6120"},{"taxonomy":"product_cat","embeddable":true,"href":"https:\/\/vapingnet.de\/sk\/wp-json\/wp\/v2\/product_cat?post=6120"},{"taxonomy":"product_tag","embeddable":true,"href":"https:\/\/vapingnet.de\/sk\/wp-json\/wp\/v2\/product_tag?post=6120"}],"curies":[{"name":"wp","href":"https:\/\/api.w.org\/{rel}","templated":true}]}}