{"id":6124,"date":"2025-04-07T02:42:12","date_gmt":"2025-04-07T02:42:12","guid":{"rendered":"https:\/\/vapingnet.de\/?post_type=product&#038;p=6124"},"modified":"2025-06-19T03:40:04","modified_gmt":"2025-06-19T03:40:04","slug":"bang-king-vape-25000-puffs-bestseller-grape-ice-zollfrei","status":"publish","type":"product","link":"https:\/\/vapingnet.de\/sk\/vape\/bang-king-vape-25000-puffs-bestseller-grape-ice-zollfrei\/","title":{"rendered":"Bang King Vape 25000 Puffs Bestseller Grape Ice Bez coln\u00e9ho poplatku"},"content":{"rendered":"<h2 class=\"\" data-start=\"56\" data-end=\"133\" data-immersive-translate-paragraph=\"1\" data-immersive-translate-walked=\"88ec3cbf-527e-4a9f-bd97-0ebe936ff331\">\ud83d\ude80 Nov\u00fd z\u00e1\u017eitok s <span class=\"_fadeIn_4f9by_7\" data-immersive-translate-walked=\"88ec3cbf-527e-4a9f-bd97-0ebe936ff331\">\ud83d\ude80 <\/span><span class=\"_fadeIn_4f9by_7\" data-immersive-translate-walked=\"88ec3cbf-527e-4a9f-bd97-0ebe936ff331\">Je <\/span><span class=\"_fadeIn_4f9by_7\" data-immersive-translate-walked=\"88ec3cbf-527e-4a9f-bd97-0ebe936ff331\">nov\u00fd <\/span><span class=\"_fadeIn_4f9by_7\" data-immersive-translate-walked=\"88ec3cbf-527e-4a9f-bd97-0ebe936ff331\">Z\u00e1\u017eitok <\/span><span class=\"_fadeIn_4f9by_7\" data-immersive-translate-walked=\"88ec3cbf-527e-4a9f-bd97-0ebe936ff331\">s <\/span><span class=\"_fadeIn_4f9by_7\" data-immersive-translate-walked=\"88ec3cbf-527e-4a9f-bd97-0ebe936ff331\">s <\/span>Bang King 25000 Puffs Jednorazov\u00e1 E-Cigareta<\/h2>\n<p class=\"\" data-start=\"135\" data-end=\"406\" data-immersive-translate-paragraph=\"1\" data-immersive-translate-walked=\"88ec3cbf-527e-4a9f-bd97-0ebe936ff331\">Ak h\u013ead\u00e1te odoln\u00fa a v\u00fdkonn\u00fa jednorazov\u00fa e-cigaretu, ur\u010dite vysk\u00fa\u0161ajte Bang King 25000 Puffs. \u010ci u\u017e ide o chu\u0165, dymov\u00fd z\u00e1\u017eitok alebo v\u00fddr\u017e bat\u00e9rie \u2013 pon\u00faka p\u00f4sobiv\u00fd z\u00e1\u017eitok vo v\u0161etk\u00fdch oblastiach.<\/p>\n<h3 class=\"\" data-start=\"408\" data-end=\"443\" data-immersive-translate-paragraph=\"1\" data-immersive-translate-walked=\"88ec3cbf-527e-4a9f-bd97-0ebe936ff331\">Preh\u013ead hlavn\u00fdch vlastnost\u00ed produktu<\/h3>\n<p class=\"\" data-start=\"445\" data-end=\"1002\" data-immersive-translate-paragraph=\"1\" data-immersive-translate-walked=\"88ec3cbf-527e-4a9f-bd97-0ebe936ff331\">Model produktu: Bang King 25000 Puffs<br data-start=\"485\" data-end=\"488\" data-immersive-translate-walked=\"88ec3cbf-527e-4a9f-bd97-0ebe936ff331\" \/>Kapacita podu: Dvojit\u00fd dizajn podu: 23ml + 23ml<br data-start=\"537\" data-end=\"540\" data-immersive-translate-walked=\"88ec3cbf-527e-4a9f-bd97-0ebe936ff331\" \/>\u017divotnos\u0165 podov: Ka\u017ed\u00fd pod poskytuje pribli\u017ene 12 500 \u0165ahov, celkovo 25 000 \u0165ahov<br data-start=\"622\" data-end=\"625\" data-immersive-translate-walked=\"88ec3cbf-527e-4a9f-bd97-0ebe936ff331\" \/>Obsah nikot\u00ednu: 0%, 2%, 3%, 5%, pre r\u00f4zne potreby<br data-start=\"692\" data-end=\"695\" data-immersive-translate-walked=\"88ec3cbf-527e-4a9f-bd97-0ebe936ff331\" \/>Typ cievky: Mesh cievka 1,0\u03a9 pre jemn\u00fa chu\u0165<br data-start=\"757\" data-end=\"760\" data-immersive-translate-walked=\"88ec3cbf-527e-4a9f-bd97-0ebe936ff331\" \/>Kapacita bat\u00e9rie: 650mAh, dob\u00edjate\u013en\u00e1<br data-start=\"806\" data-end=\"809\" data-immersive-translate-walked=\"88ec3cbf-527e-4a9f-bd97-0ebe936ff331\" \/>Nab\u00edjac\u00ed port: Modern\u00fd Type-C port pre r\u00fdchlej\u0161ie nab\u00edjanie<br data-start=\"875\" data-end=\"878\" data-immersive-translate-walked=\"88ec3cbf-527e-4a9f-bd97-0ebe936ff331\" \/>Chu\u0165: Grape Ice (\u013eadov\u00e1 chu\u0165 hrozna)<br data-start=\"931\" data-end=\"934\" data-is-only-node=\"\" data-immersive-translate-walked=\"88ec3cbf-527e-4a9f-bd97-0ebe936ff331\" \/>Doba dodania: 7-15 pracovn\u00fdch dn\u00ed<br data-start=\"963\" data-end=\"966\" data-immersive-translate-walked=\"88ec3cbf-527e-4a9f-bd97-0ebe936ff331\" \/>V\u00fdhody: \u2705 Bezcoln\u00e9 v Eur\u00f3pe \u2705<\/p>\n<h4 data-start=\"1004\" data-end=\"1056\" data-immersive-translate-paragraph=\"1\" data-immersive-translate-walked=\"88ec3cbf-527e-4a9f-bd97-0ebe936ff331\">\ud83c\udf47 Grape Ice \u2013 osvie\u017euj\u00faci z\u00e1\u017eitok z hrozna<\/h4>\n<p class=\"\" data-start=\"1058\" data-end=\"1315\" data-immersive-translate-paragraph=\"1\" data-immersive-translate-walked=\"88ec3cbf-527e-4a9f-bd97-0ebe936ff331\">Ke\u010f sa dotknete Bang King, priv\u00edta v\u00e1s svie\u017ea, sladk\u00e1 chu\u0165 hrozna, ktor\u00e1 podnecuje va\u0161e zmysly. Chladn\u00e1 nota rob\u00ed ka\u017ed\u00fd \u0165ah osvie\u017euj\u00facim pote\u0161en\u00edm. \u010ci u\u017e na be\u017en\u00fd de\u0148 alebo na p\u00e1rty \u2013 t\u00e1to chu\u0165 je v\u017edy hviezdou.<\/p>\n<h3 class=\"\" data-start=\"1317\" data-end=\"1363\" data-immersive-translate-paragraph=\"1\" data-immersive-translate-walked=\"88ec3cbf-527e-4a9f-bd97-0ebe936ff331\">\ud83d\udca8 Pre\u010do si vybra\u0165 Bang King?<\/h3>\n<ul data-start=\"1365\" data-end=\"1835\" data-immersive-translate-walked=\"88ec3cbf-527e-4a9f-bd97-0ebe936ff331\">\n<li class=\"\" data-start=\"1365\" data-end=\"1485\" data-immersive-translate-walked=\"88ec3cbf-527e-4a9f-bd97-0ebe936ff331\">\n<p class=\"\" data-start=\"1367\" data-end=\"1485\" data-immersive-translate-paragraph=\"1\" data-immersive-translate-walked=\"88ec3cbf-527e-4a9f-bd97-0ebe936ff331\">Dvojit\u00fd dizajn podu: praktick\u00fd a odoln\u00fd, m\u00e1te dvojn\u00e1sobn\u00fa rados\u0165 bez neust\u00e1leho dob\u00edjania.<\/p>\n<\/li>\n<li class=\"\" data-start=\"1486\" data-end=\"1643\" data-immersive-translate-walked=\"88ec3cbf-527e-4a9f-bd97-0ebe936ff331\">\n<p class=\"\" data-start=\"1488\" data-end=\"1643\" data-immersive-translate-paragraph=\"1\" data-immersive-translate-walked=\"88ec3cbf-527e-4a9f-bd97-0ebe936ff331\">V\u00fdber obsahu nikot\u00ednu: \u010ci u\u017e chce\u0161 presta\u0165 faj\u010di\u0165 alebo h\u013ead\u00e1\u0161 silnej\u0161ie \u0161krabanie v hrdle, tu n\u00e1jde\u0161 vhodn\u00fa variantu.<\/p>\n<\/li>\n<li class=\"\" data-start=\"1644\" data-end=\"1740\" data-immersive-translate-walked=\"88ec3cbf-527e-4a9f-bd97-0ebe936ff331\">\n<p class=\"\" data-start=\"1646\" data-end=\"1740\" data-immersive-translate-paragraph=\"1\" data-immersive-translate-walked=\"88ec3cbf-527e-4a9f-bd97-0ebe936ff331\">Mesh-Dr\u00f4t pre intenz\u00edvnu chu\u0165: Ka\u017ed\u00fd \u0165ah je pln\u00fd a para je bohat\u00e1.<\/p>\n<\/li>\n<li class=\"\" data-start=\"1741\" data-end=\"1835\" data-immersive-translate-walked=\"88ec3cbf-527e-4a9f-bd97-0ebe936ff331\">\n<p class=\"\" data-start=\"1743\" data-end=\"1835\" data-immersive-translate-walked=\"88ec3cbf-527e-4a9f-bd97-0ebe936ff331\" data-immersive-translate-paragraph=\"1\">R\u00fdchle nab\u00edjanie Type-C: Modern\u00e9 a bezpe\u010dn\u00e9 \u2013 r\u00fdchlej\u0161ie nab\u00edjanie, aby si bol v\u017edy pripraven\u00fd.<\/p>\n<\/li>\n<\/ul>\n<h4 data-start=\"1837\" data-end=\"1884\" data-immersive-translate-walked=\"88ec3cbf-527e-4a9f-bd97-0ebe936ff331\" data-immersive-translate-paragraph=\"1\">\ud83c\udf0d Doprava z Eur\u00f3py, bez cla a bezpe\u010dn\u00e1!<\/h4>\n<p class=\"\" data-start=\"1886\" data-end=\"2170\" data-immersive-translate-walked=\"88ec3cbf-527e-4a9f-bd97-0ebe936ff331\" data-immersive-translate-paragraph=\"1\">V\u0161etky objedn\u00e1vky s\u00fa odosielan\u00e9 priamo z n\u00e1\u0161ho skladu v Deutschland, s priemernou dobou doru\u010denia 7-15 pracovn\u00fdch dn\u00ed. A to najlep\u0161ie: neplatia sa \u017eiadne dodato\u010dn\u00e9 coln\u00e9 poplatky \u2013 dostane\u0161 svoju e-cigaretu bez skryt\u00fdch n\u00e1kladov priamo k tebe domov.<\/p>\n<p class=\"\" data-start=\"2172\" data-end=\"2317\" data-immersive-translate-walked=\"88ec3cbf-527e-4a9f-bd97-0ebe936ff331\" data-immersive-translate-paragraph=\"1\">\ud83d\udc49 Nav\u0161t\u00edv teraz vapingnet.de, aby si si k\u00fapil Bang King 25000 Puffs a u\u017eil si ultim\u00e1tny z\u00e1\u017eitok z vapovania!<\/p>\n<p class=\"\" data-start=\"2319\" data-end=\"2436\" data-immersive-translate-walked=\"88ec3cbf-527e-4a9f-bd97-0ebe936ff331\" data-immersive-translate-paragraph=\"1\">Ak m\u00e1\u0161 ot\u00e1zky oh\u013eadom \u010fal\u0161\u00edch pr\u00edchut\u00ed alebo ve\u013ekoobchodn\u00fdch pon\u00fak, nev\u00e1haj n\u00e1s kontaktova\u0165 pre viac prekvapen\u00ed!<\/p>","protected":false},"excerpt":{"rendered":"<p>\ud83d\ude80 Ein neues Erlebnis mit dem \ud83d\ude80 Ein neues Erlebnis mit dem Bang King 25000 Puffs Einweg E-Zigarette Wenn du auf der Suche nach einer&#8230;<\/p>","protected":false},"featured_media":6132,"template":"","meta":[],"etheme_brands":[],"product_brand":[101],"product_cat":[55,49,61],"product_tag":[],"class_list":{"0":"post-6124","1":"product","2":"type-product","3":"status-publish","4":"has-post-thumbnail","6":"product_brand-bang-king-vape","7":"product_cat-vape-25000-zuege","8":"product_cat-einweg-e-zigarette","9":"product_cat-f","11":"first","12":"instock","13":"shipping-taxable","14":"purchasable","15":"product-type-simple"},"yoast_head":"<!-- This site is optimized with the Yoast SEO plugin v26.5 - https:\/\/yoast.com\/wordpress\/plugins\/seo\/ -->\n<title>Bang King Vape 25000 Puffs Bestseller Grape Ice Zollfrei | Vapingnet.de<\/title>\n<meta name=\"description\" content=\"Entdecke Bang King Vape 25000 Puffs Bestseller Grape Ice Zollfrei bei vapingnet.de, \u25ba Gro\u00dfe Auswahl an Geschmacksrichtungen &amp; super g\u00fcnstig!\" \/>\n<meta name=\"robots\" content=\"index, follow, max-snippet:-1, max-image-preview:large, max-video-preview:-1\" \/>\n<link rel=\"canonical\" href=\"https:\/\/vapingnet.de\/sk\/vape\/bang-king-vape-25000-puffs-bestseller-grape-ice-zollfrei\/\" \/>\n<meta property=\"og:locale\" content=\"sk_SK\" \/>\n<meta property=\"og:type\" content=\"article\" \/>\n<meta property=\"og:title\" content=\"Bang King Vape 25000 Puffs Bestseller Grape Ice Zollfrei | Vapingnet.de\" \/>\n<meta property=\"og:description\" content=\"Entdecke Bang King Vape 25000 Puffs Bestseller Grape Ice Zollfrei bei vapingnet.de, \u25ba Gro\u00dfe Auswahl an Geschmacksrichtungen &amp; super g\u00fcnstig!\" \/>\n<meta property=\"og:url\" content=\"https:\/\/vapingnet.de\/sk\/vape\/bang-king-vape-25000-puffs-bestseller-grape-ice-zollfrei\/\" \/>\n<meta property=\"og:site_name\" content=\"Vapingnet.de\" \/>\n<meta property=\"article:publisher\" content=\"https:\/\/www.facebook.com\/vapingnetde\/\" \/>\n<meta property=\"article:modified_time\" content=\"2025-06-19T03:40:04+00:00\" \/>\n<meta property=\"og:image\" content=\"https:\/\/vapingnet.de\/wp-content\/uploads\/2025\/04\/bang-25k-vape-Grape-Ice.png\" \/>\n\t<meta property=\"og:image:width\" content=\"1000\" \/>\n\t<meta property=\"og:image:height\" content=\"1000\" \/>\n\t<meta property=\"og:image:type\" content=\"image\/png\" \/>\n<meta name=\"twitter:card\" content=\"summary_large_image\" \/>\n<meta name=\"twitter:label1\" content=\"Est. reading time\" \/>\n\t<meta name=\"twitter:data1\" content=\"2 minutes\" \/>\n<script type=\"application\/ld+json\" class=\"yoast-schema-graph\">{\"@context\":\"https:\/\/schema.org\",\"@graph\":[{\"@type\":\"WebPage\",\"@id\":\"https:\/\/vapingnet.de\/vape\/bang-king-vape-25000-puffs-bestseller-grape-ice-zollfrei\/\",\"url\":\"https:\/\/vapingnet.de\/vape\/bang-king-vape-25000-puffs-bestseller-grape-ice-zollfrei\/\",\"name\":\"Bang King Vape 25000 Puffs Bestseller Grape Ice Zollfrei | Vapingnet.de\",\"isPartOf\":{\"@id\":\"https:\/\/vapingnet.de\/#website\"},\"primaryImageOfPage\":{\"@id\":\"https:\/\/vapingnet.de\/vape\/bang-king-vape-25000-puffs-bestseller-grape-ice-zollfrei\/#primaryimage\"},\"image\":{\"@id\":\"https:\/\/vapingnet.de\/vape\/bang-king-vape-25000-puffs-bestseller-grape-ice-zollfrei\/#primaryimage\"},\"thumbnailUrl\":\"https:\/\/vapingnet.de\/wp-content\/uploads\/2025\/04\/bang-25k-vape-Grape-Ice.png\",\"datePublished\":\"2025-04-07T02:42:12+00:00\",\"dateModified\":\"2025-06-19T03:40:04+00:00\",\"description\":\"Entdecke Bang King Vape 25000 Puffs Bestseller Grape Ice Zollfrei bei vapingnet.de, \u25ba Gro\u00dfe Auswahl an Geschmacksrichtungen & super g\u00fcnstig!\",\"breadcrumb\":{\"@id\":\"https:\/\/vapingnet.de\/vape\/bang-king-vape-25000-puffs-bestseller-grape-ice-zollfrei\/#breadcrumb\"},\"inLanguage\":\"sk-SK\",\"potentialAction\":[{\"@type\":\"ReadAction\",\"target\":[\"https:\/\/vapingnet.de\/vape\/bang-king-vape-25000-puffs-bestseller-grape-ice-zollfrei\/\"]}]},{\"@type\":\"ImageObject\",\"inLanguage\":\"sk-SK\",\"@id\":\"https:\/\/vapingnet.de\/vape\/bang-king-vape-25000-puffs-bestseller-grape-ice-zollfrei\/#primaryimage\",\"url\":\"https:\/\/vapingnet.de\/wp-content\/uploads\/2025\/04\/bang-25k-vape-Grape-Ice.png\",\"contentUrl\":\"https:\/\/vapingnet.de\/wp-content\/uploads\/2025\/04\/bang-25k-vape-Grape-Ice.png\",\"width\":1000,\"height\":1000},{\"@type\":\"BreadcrumbList\",\"@id\":\"https:\/\/vapingnet.de\/vape\/bang-king-vape-25000-puffs-bestseller-grape-ice-zollfrei\/#breadcrumb\",\"itemListElement\":[{\"@type\":\"ListItem\",\"position\":1,\"name\":\"Home\",\"item\":\"https:\/\/vapingnet.de\/\"},{\"@type\":\"ListItem\",\"position\":2,\"name\":\"Shop\",\"item\":\"https:\/\/vapingnet.de\/vape\/\"},{\"@type\":\"ListItem\",\"position\":3,\"name\":\"Bang King Vape 25000 Puffs Bestseller Grape Ice Zollfrei\"}]},{\"@type\":\"WebSite\",\"@id\":\"https:\/\/vapingnet.de\/#website\",\"url\":\"https:\/\/vapingnet.de\/\",\"name\":\"Vapingnet.de\",\"description\":\"\",\"publisher\":{\"@id\":\"https:\/\/vapingnet.de\/#organization\"},\"potentialAction\":[{\"@type\":\"SearchAction\",\"target\":{\"@type\":\"EntryPoint\",\"urlTemplate\":\"https:\/\/vapingnet.de\/?s={search_term_string}\"},\"query-input\":{\"@type\":\"PropertyValueSpecification\",\"valueRequired\":true,\"valueName\":\"search_term_string\"}}],\"inLanguage\":\"sk-SK\"},{\"@type\":\"Organization\",\"@id\":\"https:\/\/vapingnet.de\/#organization\",\"name\":\"Vapingnet.de\",\"url\":\"https:\/\/vapingnet.de\/\",\"logo\":{\"@type\":\"ImageObject\",\"inLanguage\":\"sk-SK\",\"@id\":\"https:\/\/vapingnet.de\/#\/schema\/logo\/image\/\",\"url\":\"https:\/\/vapingnet.de\/wp-content\/uploads\/2025\/03\/cropped-vapingnet.de_.jpg\",\"contentUrl\":\"https:\/\/vapingnet.de\/wp-content\/uploads\/2025\/03\/cropped-vapingnet.de_.jpg\",\"width\":512,\"height\":512,\"caption\":\"Vapingnet.de\"},\"image\":{\"@id\":\"https:\/\/vapingnet.de\/#\/schema\/logo\/image\/\"},\"sameAs\":[\"https:\/\/www.facebook.com\/vapingnetde\/\"]}]}<\/script>\n<!-- \/ Yoast SEO plugin. -->","yoast_head_json":{"title":"Bang King Vape 25000 Puffs Bestseller Grape Ice Zollfrei | Vapingnet.de","description":"Entdecke Bang King Vape 25000 Puffs Bestseller Grape Ice Zollfrei bei vapingnet.de, \u25ba Gro\u00dfe Auswahl an Geschmacksrichtungen & super g\u00fcnstig!","robots":{"index":"index","follow":"follow","max-snippet":"max-snippet:-1","max-image-preview":"max-image-preview:large","max-video-preview":"max-video-preview:-1"},"canonical":"https:\/\/vapingnet.de\/sk\/vape\/bang-king-vape-25000-puffs-bestseller-grape-ice-zollfrei\/","og_locale":"sk_SK","og_type":"article","og_title":"Bang King Vape 25000 Puffs Bestseller Grape Ice Zollfrei | Vapingnet.de","og_description":"Entdecke Bang King Vape 25000 Puffs Bestseller Grape Ice Zollfrei bei vapingnet.de, \u25ba Gro\u00dfe Auswahl an Geschmacksrichtungen & super g\u00fcnstig!","og_url":"https:\/\/vapingnet.de\/sk\/vape\/bang-king-vape-25000-puffs-bestseller-grape-ice-zollfrei\/","og_site_name":"Vapingnet.de","article_publisher":"https:\/\/www.facebook.com\/vapingnetde\/","article_modified_time":"2025-06-19T03:40:04+00:00","og_image":[{"width":1000,"height":1000,"url":"https:\/\/vapingnet.de\/wp-content\/uploads\/2025\/04\/bang-25k-vape-Grape-Ice.png","type":"image\/png"}],"twitter_card":"summary_large_image","twitter_misc":{"Est. reading time":"2 minutes"},"schema":{"@context":"https:\/\/schema.org","@graph":[{"@type":"WebPage","@id":"https:\/\/vapingnet.de\/vape\/bang-king-vape-25000-puffs-bestseller-grape-ice-zollfrei\/","url":"https:\/\/vapingnet.de\/vape\/bang-king-vape-25000-puffs-bestseller-grape-ice-zollfrei\/","name":"Bang King Vape 25000 Puffs Bestseller Grape Ice Zollfrei | Vapingnet.de","isPartOf":{"@id":"https:\/\/vapingnet.de\/#website"},"primaryImageOfPage":{"@id":"https:\/\/vapingnet.de\/vape\/bang-king-vape-25000-puffs-bestseller-grape-ice-zollfrei\/#primaryimage"},"image":{"@id":"https:\/\/vapingnet.de\/vape\/bang-king-vape-25000-puffs-bestseller-grape-ice-zollfrei\/#primaryimage"},"thumbnailUrl":"https:\/\/vapingnet.de\/wp-content\/uploads\/2025\/04\/bang-25k-vape-Grape-Ice.png","datePublished":"2025-04-07T02:42:12+00:00","dateModified":"2025-06-19T03:40:04+00:00","description":"Entdecke Bang King Vape 25000 Puffs Bestseller Grape Ice Zollfrei bei vapingnet.de, \u25ba Gro\u00dfe Auswahl an Geschmacksrichtungen & super g\u00fcnstig!","breadcrumb":{"@id":"https:\/\/vapingnet.de\/vape\/bang-king-vape-25000-puffs-bestseller-grape-ice-zollfrei\/#breadcrumb"},"inLanguage":"sk-SK","potentialAction":[{"@type":"ReadAction","target":["https:\/\/vapingnet.de\/vape\/bang-king-vape-25000-puffs-bestseller-grape-ice-zollfrei\/"]}]},{"@type":"ImageObject","inLanguage":"sk-SK","@id":"https:\/\/vapingnet.de\/vape\/bang-king-vape-25000-puffs-bestseller-grape-ice-zollfrei\/#primaryimage","url":"https:\/\/vapingnet.de\/wp-content\/uploads\/2025\/04\/bang-25k-vape-Grape-Ice.png","contentUrl":"https:\/\/vapingnet.de\/wp-content\/uploads\/2025\/04\/bang-25k-vape-Grape-Ice.png","width":1000,"height":1000},{"@type":"BreadcrumbList","@id":"https:\/\/vapingnet.de\/vape\/bang-king-vape-25000-puffs-bestseller-grape-ice-zollfrei\/#breadcrumb","itemListElement":[{"@type":"ListItem","position":1,"name":"Home","item":"https:\/\/vapingnet.de\/"},{"@type":"ListItem","position":2,"name":"Shop","item":"https:\/\/vapingnet.de\/vape\/"},{"@type":"ListItem","position":3,"name":"Bang King Vape 25000 Puffs Bestseller Grape Ice Zollfrei"}]},{"@type":"WebSite","@id":"https:\/\/vapingnet.de\/#website","url":"https:\/\/vapingnet.de\/","name":"Vapingnet.de","description":"","publisher":{"@id":"https:\/\/vapingnet.de\/#organization"},"potentialAction":[{"@type":"SearchAction","target":{"@type":"EntryPoint","urlTemplate":"https:\/\/vapingnet.de\/?s={search_term_string}"},"query-input":{"@type":"PropertyValueSpecification","valueRequired":true,"valueName":"search_term_string"}}],"inLanguage":"sk-SK"},{"@type":"Organization","@id":"https:\/\/vapingnet.de\/#organization","name":"Vapingnet.de","url":"https:\/\/vapingnet.de\/","logo":{"@type":"ImageObject","inLanguage":"sk-SK","@id":"https:\/\/vapingnet.de\/#\/schema\/logo\/image\/","url":"https:\/\/vapingnet.de\/wp-content\/uploads\/2025\/03\/cropped-vapingnet.de_.jpg","contentUrl":"https:\/\/vapingnet.de\/wp-content\/uploads\/2025\/03\/cropped-vapingnet.de_.jpg","width":512,"height":512,"caption":"Vapingnet.de"},"image":{"@id":"https:\/\/vapingnet.de\/#\/schema\/logo\/image\/"},"sameAs":["https:\/\/www.facebook.com\/vapingnetde\/"]}]}},"tiered_pricing_type":"fixed","tiered_pricing_fixed_rules":{"10":"8.07","60":"7.26","110":"6.46","200":"5.65"},"tiered_pricing_product_settings":{"layout":"default","base_unit_name":{"singular":null,"plural":null},"default_variation":null},"tiered_pricing_minimum_quantity":null,"tiered_pricing_roles_data":[],"tiered_pricing_percentage_rules":[],"_links":{"self":[{"href":"https:\/\/vapingnet.de\/sk\/wp-json\/wp\/v2\/product\/6124","targetHints":{"allow":["GET"]}}],"collection":[{"href":"https:\/\/vapingnet.de\/sk\/wp-json\/wp\/v2\/product"}],"about":[{"href":"https:\/\/vapingnet.de\/sk\/wp-json\/wp\/v2\/types\/product"}],"version-history":[{"count":1,"href":"https:\/\/vapingnet.de\/sk\/wp-json\/wp\/v2\/product\/6124\/revisions"}],"predecessor-version":[{"id":6141,"href":"https:\/\/vapingnet.de\/sk\/wp-json\/wp\/v2\/product\/6124\/revisions\/6141"}],"wp:featuredmedia":[{"embeddable":true,"href":"https:\/\/vapingnet.de\/sk\/wp-json\/wp\/v2\/media\/6132"}],"wp:attachment":[{"href":"https:\/\/vapingnet.de\/sk\/wp-json\/wp\/v2\/media?parent=6124"}],"wp:term":[{"taxonomy":"brand","embeddable":true,"href":"https:\/\/vapingnet.de\/sk\/wp-json\/wp\/v2\/etheme_brands?post=6124"},{"taxonomy":"product_brand","embeddable":true,"href":"https:\/\/vapingnet.de\/sk\/wp-json\/wp\/v2\/product_brand?post=6124"},{"taxonomy":"product_cat","embeddable":true,"href":"https:\/\/vapingnet.de\/sk\/wp-json\/wp\/v2\/product_cat?post=6124"},{"taxonomy":"product_tag","embeddable":true,"href":"https:\/\/vapingnet.de\/sk\/wp-json\/wp\/v2\/product_tag?post=6124"}],"curies":[{"name":"wp","href":"https:\/\/api.w.org\/{rel}","templated":true}]}}