{"id":6127,"date":"2025-04-07T02:42:17","date_gmt":"2025-04-07T02:42:17","guid":{"rendered":"https:\/\/vapingnet.de\/?post_type=product&#038;p=6127"},"modified":"2025-06-19T03:40:03","modified_gmt":"2025-06-19T03:40:03","slug":"tropical-fruit-der-hit-bei-bang-king-25000-puffs-weltweit","status":"publish","type":"product","link":"https:\/\/vapingnet.de\/sk\/vape\/tropical-fruit-der-hit-bei-bang-king-25000-puffs-weltweit\/","title":{"rendered":"Tropical Fruit Hit u Bang King 25000 Puffs Celosvetovo"},"content":{"rendered":"<h2 class=\"\" data-start=\"36\" data-end=\"119\">Bang King 25000 Puffs Jednor\u00e1zov\u00e1 E-Cigareta \u2013 Dokonal\u00fd z\u00e1\u017eitok s 25K puffami!<\/h2>\n<p class=\"\" data-start=\"121\" data-end=\"580\">Bang King 25000 Puffs je jednou z najinovat\u00edvnej\u0161\u00edch a najsilnej\u0161\u00edch jednorazov\u00fdch e-cigariet na trhu. Pon\u00faka nielen neuverite\u013en\u00fdch 25 000 \u0165ahov, ale aj vynikaj\u00faci chu\u0165ov\u00fd z\u00e1\u017eitok a dlhodob\u00e9 pou\u017e\u00edvanie. T\u00e1to e-cigareta bola \u0161peci\u00e1lne navrhnut\u00e1 pre v\u0161etk\u00fdch, ktor\u00ed klad\u00fa d\u00f4raz na kvalitu a pou\u017e\u00edvate\u013esk\u00fa pr\u00edvetivos\u0165 \u2013 \u010di u\u017e ste za\u010diato\u010dn\u00edk alebo sk\u00fasen\u00fd vap\u00e9r. Vychutnajte si ultim\u00e1tny vap\u00e9rsky z\u00e1\u017eitok s ka\u017ed\u00fdm n\u00e1dychom!<\/p>\n<h3 class=\"\" data-start=\"582\" data-end=\"618\">Preh\u013ead vlastnost\u00ed produktu<\/h3>\n<ol data-start=\"620\" data-end=\"2210\">\n<li class=\"\" data-start=\"620\" data-end=\"923\">\n<p class=\"\" data-start=\"623\" data-end=\"923\">Dlh\u00e1 doba pou\u017e\u00edvania:<br data-start=\"647\" data-end=\"650\" \/>Bang King 25000 Puffs je vybaven\u00e1 syst\u00e9mom Dual-Pod, pri\u010dom ka\u017ed\u00fd pod m\u00e1 kapacitu 23 ml. Celkovo zariadenie pon\u00faka kapacitu 46 ml, \u010do umo\u017e\u0148uje 25 000 \u0165ahov. To zabezpe\u010duje ove\u013ea dlh\u0161ie pou\u017e\u00edvanie ako be\u017en\u00e9 jednorazov\u00e9 e-cigarety.<\/p>\n<\/li>\n<li class=\"\" data-start=\"925\" data-end=\"1168\">\n<p class=\"\" data-start=\"928\" data-end=\"1168\">V\u0161estrann\u00e9 nikot\u00ednov\u00e9 koncentr\u00e1cie:<br data-start=\"959\" data-end=\"962\" \/>Vyberte si vhodn\u00fa nikot\u00ednov\u00fa silu pre v\u00e1s: 0%, 2%, 3%, 5%. \u010ci u\u017e h\u013ead\u00e1te beznikot\u00ednov\u00fa mo\u017enos\u0165 alebo silnej\u0161\u00ed nikot\u00ednov\u00fd z\u00e1\u017eitok, tu n\u00e1jdete spr\u00e1vnu vo\u013ebu.<\/p>\n<\/li>\n<li class=\"\" data-start=\"1170\" data-end=\"1445\">\n<p class=\"\" data-start=\"1173\" data-end=\"1445\">Mesh-\u0161pir\u00e1lka pre optim\u00e1lnu chu\u0165:<br data-start=\"1211\" data-end=\"1214\" \/>Mesh-\u0161pir\u00e1lka 1.0\u03a9 zabezpe\u010duje rovnomern\u00e9 odparovanie a jemnej\u0161iu chu\u0165, \u010do rob\u00ed vapovanie \u00faplne pr\u00edjemn\u00fdm z\u00e1\u017eitkom. Para sa produkuje rovnomerne a chu\u0165 zost\u00e1va v\u017edy \u010derstv\u00e1.<\/p>\n<\/li>\n<li class=\"\" data-start=\"1447\" data-end=\"1713\">\n<p class=\"\" data-start=\"1450\" data-end=\"1713\">V\u00fdkonn\u00e1 bat\u00e9ria &amp; r\u00fdchle nab\u00edjanie:<br data-start=\"1492\" data-end=\"1495\" \/>Vybaven\u00e1 bat\u00e9riou s kapacitou 650mAh, t\u00e1to e-cigareta pon\u00faka dlhodob\u00e9 pou\u017e\u00edvanie. S nab\u00edjac\u00edm portom Type-C je nab\u00edjanie r\u00fdchle a jednoduch\u00e9, aby ste nikdy nezostali bez vapovacej radosti.<\/p>\n<\/li>\n<li class=\"\" data-start=\"1715\" data-end=\"2013\">\n<p class=\"\" data-start=\"1718\" data-end=\"2013\">Tropick\u00e1 ovocn\u00e1 chu\u0165:<br data-start=\"1748\" data-end=\"1751\" \/>Chu\u0165 Tropick\u00e9ho ovocia je lahodn\u00e1 zmes r\u00f4znych tropick\u00fdch plodov, ktor\u00e1 zabezpe\u010duje osvie\u017euj\u00faci a exotick\u00fd z\u00e1\u017eitok z chuti. Ide\u00e1lne pre vap\u00e9rov, ktor\u00ed miluj\u00fa ovocn\u00e9, sladk\u00e9 a osvie\u017euj\u00face ar\u00f3my.<\/p>\n<\/li>\n<li class=\"\" data-start=\"2015\" data-end=\"2210\">\n<p class=\"\" data-start=\"2018\" data-end=\"2210\">Jednorazov\u00e1 e-cigareta:<br data-start=\"2041\" data-end=\"2044\" \/>Bang King 25000 je jednorazov\u00e1 e-cigareta, ktor\u00e1 nevy\u017eaduje \u00fadr\u017ebu. Nemus\u00edte dop\u013a\u0148a\u0165 alebo meni\u0165 \u0161pir\u00e1lku. Sta\u010d\u00ed rozbali\u0165 a u\u017e\u00edva\u0165 si!<\/p>\n<\/li>\n<\/ol>\n<h3 class=\"\" data-start=\"2212\" data-end=\"2250\">Inform\u00e1cie o doprave a n\u00e1kupe<\/h3>\n<ul data-start=\"2252\" data-end=\"2694\">\n<li class=\"\" data-start=\"2252\" data-end=\"2389\">\n<p class=\"\" data-start=\"2254\" data-end=\"2389\">Doba doru\u010denia: Predpokladan\u00e1 doba dodania je 7-15 pracovn\u00fdch dn\u00ed, tak\u017ee r\u00fdchlo si m\u00f4\u017eete vychutna\u0165 Bang King 25000.<\/p>\n<\/li>\n<li class=\"\" data-start=\"2390\" data-end=\"2505\">\n<p class=\"\" data-start=\"2392\" data-end=\"2505\">Doprava bez cla: \u017diadne dodato\u010dn\u00e9 coln\u00e9 poplatky, m\u00f4\u017eete si vychutna\u0165 svoj produkt bez skryt\u00fdch n\u00e1kladov.<\/p>\n<\/li>\n<li class=\"\" data-start=\"2506\" data-end=\"2694\">\n<p class=\"\" data-start=\"2508\" data-end=\"2694\">N\u00e1kup na: Nav\u0161t\u00edvte vapingnet.de pre r\u00fdchly a bezpe\u010dn\u00fd n\u00e1kup. Platforma zabezpe\u010duje pou\u017e\u00edvate\u013esky pr\u00edvetiv\u00fd a bezprobl\u00e9mov\u00fd z\u00e1\u017eitok z n\u00e1kupu.<\/p>\n<\/li>\n<\/ul>\n<h3 class=\"\" data-start=\"2696\" data-end=\"2755\">Pre\u010do si vybra\u0165 Bang King 25000 Puffs?<\/h3>\n<ul data-start=\"2757\" data-end=\"3379\">\n<li class=\"\" data-start=\"2757\" data-end=\"2923\">\n<p class=\"\" data-start=\"2759\" data-end=\"2923\">Dlh\u00e1 \u017eivotnos\u0165: S syst\u00e9mom Dual-Pod si m\u00f4\u017eete vychutna\u0165 a\u017e 25 000 \u0165ahov \u2013 \u010do rob\u00ed t\u00fato e-cigaretu jednou z najtrv\u00e1cnej\u0161\u00edch na trhu.<\/p>\n<\/li>\n<li class=\"\" data-start=\"2924\" data-end=\"3056\">\n<p class=\"\" data-start=\"2926\" data-end=\"3056\">Intenz\u00edvna chu\u0165: Mesh-\u0161pir\u00e1lka 1.0\u03a9 zabezpe\u010duje rovnomern\u00e9 paru a intenz\u00edvnu, jemn\u00fa chu\u0165 pri ka\u017edom pou\u017eit\u00ed.<\/p>\n<\/li>\n<li class=\"\" data-start=\"3057\" data-end=\"3230\">\n<p class=\"\" data-start=\"3059\" data-end=\"3230\">Jednoduch\u00e9 pou\u017eitie: V\u010faka dizajnu na jedno pou\u017eitie sa o ni\u010d nemus\u00edte stara\u0165. Je to ide\u00e1lna vo\u013eba pre v\u0161etk\u00fdch, ktor\u00ed h\u013eadaj\u00fa jednoduch\u00fa a pohodln\u00fa vapovaciu sk\u00fasenos\u0165.<\/p>\n<\/li>\n<li class=\"\" data-start=\"3231\" data-end=\"3379\">\n<p class=\"\" data-start=\"3233\" data-end=\"3379\">Siln\u00fd v\u00fdkon: Bat\u00e9ria s kapacitou 650mAh a nab\u00edjac\u00ed port Type-C v\u00e1m poskytuj\u00fa dlhodob\u00fd v\u00fdkon a r\u00fdchle nab\u00edjanie.<\/p>\n<\/li>\n<\/ul>\n<h4>Teraz si vychutnajte \u2013 va\u0161e vapovanie \u010dak\u00e1!<\/h4>\n<p class=\"\" data-start=\"3434\" data-end=\"3728\">Ste pripraven\u00ed vychutna\u0165 si tropick\u00e9 ovocn\u00e9 ar\u00f3my po\u010das 25 000 \u0165ahov? Vyberte si Bang King 25000 Puffs pre nezabudnute\u013en\u00fd z\u00e1\u017eitok z vapovania! Nav\u0161t\u00edvte e\u0161te dnes vapingnet.de a z\u00edskajte svoj Bang King 25000 \u2013 dokonal\u00e9ho spolo\u010dn\u00edka pre prvotriedne vapovanie!<\/p>","protected":false},"excerpt":{"rendered":"<p>Bang King 25000 Puffs Jednorazov\u00e1 e-cigareta \u2013 Ultim\u00e1tna 25K sk\u00fasenos\u0165! Bang King 25000 Puffs je jednou z najinovat\u00edvnej\u0161\u00edch a najv\u00fdkonnej\u0161\u00edch jednorazov\u00fdch e-cigariet na...<\/p>","protected":false},"featured_media":6138,"template":"","meta":[],"etheme_brands":[],"product_brand":[101],"product_cat":[55,49,61],"product_tag":[],"class_list":{"0":"post-6127","1":"product","2":"type-product","3":"status-publish","4":"has-post-thumbnail","6":"product_brand-bang-king-vape","7":"product_cat-vape-25000-zuege","8":"product_cat-einweg-e-zigarette","9":"product_cat-f","11":"first","12":"instock","13":"shipping-taxable","14":"purchasable","15":"product-type-simple"},"yoast_head":"<!-- This site is optimized with the Yoast SEO plugin v26.5 - https:\/\/yoast.com\/wordpress\/plugins\/seo\/ -->\n<title>Tropical Fruit Der Hit Bei Bang King 25000 Puffs Weltweit | Vapingnet.de<\/title>\n<meta name=\"description\" content=\"Entdecke Tropical Fruit Der Hit Bei Bang King 25000 Puffs Weltweit bei vapingnet.de, \u25ba Gro\u00dfe Auswahl an Geschmacksrichtungen &amp; super g\u00fcnstig!\" \/>\n<meta name=\"robots\" content=\"index, follow, max-snippet:-1, max-image-preview:large, max-video-preview:-1\" \/>\n<link rel=\"canonical\" href=\"https:\/\/vapingnet.de\/sk\/vape\/tropical-fruit-der-hit-bei-bang-king-25000-puffs-weltweit\/\" \/>\n<meta property=\"og:locale\" content=\"sk_SK\" \/>\n<meta property=\"og:type\" content=\"article\" \/>\n<meta property=\"og:title\" content=\"Tropical Fruit Der Hit Bei Bang King 25000 Puffs Weltweit | Vapingnet.de\" \/>\n<meta property=\"og:description\" content=\"Entdecke Tropical Fruit Der Hit Bei Bang King 25000 Puffs Weltweit bei vapingnet.de, \u25ba Gro\u00dfe Auswahl an Geschmacksrichtungen &amp; super g\u00fcnstig!\" \/>\n<meta property=\"og:url\" content=\"https:\/\/vapingnet.de\/sk\/vape\/tropical-fruit-der-hit-bei-bang-king-25000-puffs-weltweit\/\" \/>\n<meta property=\"og:site_name\" content=\"Vapingnet.de\" \/>\n<meta property=\"article:publisher\" content=\"https:\/\/www.facebook.com\/vapingnetde\/\" \/>\n<meta property=\"article:modified_time\" content=\"2025-06-19T03:40:03+00:00\" \/>\n<meta property=\"og:image\" content=\"https:\/\/vapingnet.de\/wp-content\/uploads\/2025\/04\/bang-25k-vape-Tropical-Fruit.png\" \/>\n\t<meta property=\"og:image:width\" content=\"1000\" \/>\n\t<meta property=\"og:image:height\" content=\"1000\" \/>\n\t<meta property=\"og:image:type\" content=\"image\/png\" \/>\n<meta name=\"twitter:card\" content=\"summary_large_image\" \/>\n<meta name=\"twitter:label1\" content=\"Est. reading time\" \/>\n\t<meta name=\"twitter:data1\" content=\"3 minutes\" \/>\n<script type=\"application\/ld+json\" class=\"yoast-schema-graph\">{\"@context\":\"https:\/\/schema.org\",\"@graph\":[{\"@type\":\"WebPage\",\"@id\":\"https:\/\/vapingnet.de\/vape\/tropical-fruit-der-hit-bei-bang-king-25000-puffs-weltweit\/\",\"url\":\"https:\/\/vapingnet.de\/vape\/tropical-fruit-der-hit-bei-bang-king-25000-puffs-weltweit\/\",\"name\":\"Tropical Fruit Der Hit Bei Bang King 25000 Puffs Weltweit | Vapingnet.de\",\"isPartOf\":{\"@id\":\"https:\/\/vapingnet.de\/#website\"},\"primaryImageOfPage\":{\"@id\":\"https:\/\/vapingnet.de\/vape\/tropical-fruit-der-hit-bei-bang-king-25000-puffs-weltweit\/#primaryimage\"},\"image\":{\"@id\":\"https:\/\/vapingnet.de\/vape\/tropical-fruit-der-hit-bei-bang-king-25000-puffs-weltweit\/#primaryimage\"},\"thumbnailUrl\":\"https:\/\/vapingnet.de\/wp-content\/uploads\/2025\/04\/bang-25k-vape-Tropical-Fruit.png\",\"datePublished\":\"2025-04-07T02:42:17+00:00\",\"dateModified\":\"2025-06-19T03:40:03+00:00\",\"description\":\"Entdecke Tropical Fruit Der Hit Bei Bang King 25000 Puffs Weltweit bei vapingnet.de, \u25ba Gro\u00dfe Auswahl an Geschmacksrichtungen & super g\u00fcnstig!\",\"breadcrumb\":{\"@id\":\"https:\/\/vapingnet.de\/vape\/tropical-fruit-der-hit-bei-bang-king-25000-puffs-weltweit\/#breadcrumb\"},\"inLanguage\":\"sk-SK\",\"potentialAction\":[{\"@type\":\"ReadAction\",\"target\":[\"https:\/\/vapingnet.de\/vape\/tropical-fruit-der-hit-bei-bang-king-25000-puffs-weltweit\/\"]}]},{\"@type\":\"ImageObject\",\"inLanguage\":\"sk-SK\",\"@id\":\"https:\/\/vapingnet.de\/vape\/tropical-fruit-der-hit-bei-bang-king-25000-puffs-weltweit\/#primaryimage\",\"url\":\"https:\/\/vapingnet.de\/wp-content\/uploads\/2025\/04\/bang-25k-vape-Tropical-Fruit.png\",\"contentUrl\":\"https:\/\/vapingnet.de\/wp-content\/uploads\/2025\/04\/bang-25k-vape-Tropical-Fruit.png\",\"width\":1000,\"height\":1000},{\"@type\":\"BreadcrumbList\",\"@id\":\"https:\/\/vapingnet.de\/vape\/tropical-fruit-der-hit-bei-bang-king-25000-puffs-weltweit\/#breadcrumb\",\"itemListElement\":[{\"@type\":\"ListItem\",\"position\":1,\"name\":\"Home\",\"item\":\"https:\/\/vapingnet.de\/\"},{\"@type\":\"ListItem\",\"position\":2,\"name\":\"Shop\",\"item\":\"https:\/\/vapingnet.de\/vape\/\"},{\"@type\":\"ListItem\",\"position\":3,\"name\":\"Tropical Fruit Der Hit Bei Bang King 25000 Puffs Weltweit\"}]},{\"@type\":\"WebSite\",\"@id\":\"https:\/\/vapingnet.de\/#website\",\"url\":\"https:\/\/vapingnet.de\/\",\"name\":\"Vapingnet.de\",\"description\":\"\",\"publisher\":{\"@id\":\"https:\/\/vapingnet.de\/#organization\"},\"potentialAction\":[{\"@type\":\"SearchAction\",\"target\":{\"@type\":\"EntryPoint\",\"urlTemplate\":\"https:\/\/vapingnet.de\/?s={search_term_string}\"},\"query-input\":{\"@type\":\"PropertyValueSpecification\",\"valueRequired\":true,\"valueName\":\"search_term_string\"}}],\"inLanguage\":\"sk-SK\"},{\"@type\":\"Organization\",\"@id\":\"https:\/\/vapingnet.de\/#organization\",\"name\":\"Vapingnet.de\",\"url\":\"https:\/\/vapingnet.de\/\",\"logo\":{\"@type\":\"ImageObject\",\"inLanguage\":\"sk-SK\",\"@id\":\"https:\/\/vapingnet.de\/#\/schema\/logo\/image\/\",\"url\":\"https:\/\/vapingnet.de\/wp-content\/uploads\/2025\/03\/cropped-vapingnet.de_.jpg\",\"contentUrl\":\"https:\/\/vapingnet.de\/wp-content\/uploads\/2025\/03\/cropped-vapingnet.de_.jpg\",\"width\":512,\"height\":512,\"caption\":\"Vapingnet.de\"},\"image\":{\"@id\":\"https:\/\/vapingnet.de\/#\/schema\/logo\/image\/\"},\"sameAs\":[\"https:\/\/www.facebook.com\/vapingnetde\/\"]}]}<\/script>\n<!-- \/ Yoast SEO plugin. -->","yoast_head_json":{"title":"Tropical Fruit Der Hit Bei Bang King 25000 Puffs Weltweit | Vapingnet.de","description":"Entdecke Tropical Fruit Der Hit Bei Bang King 25000 Puffs Weltweit bei vapingnet.de, \u25ba Gro\u00dfe Auswahl an Geschmacksrichtungen & super g\u00fcnstig!","robots":{"index":"index","follow":"follow","max-snippet":"max-snippet:-1","max-image-preview":"max-image-preview:large","max-video-preview":"max-video-preview:-1"},"canonical":"https:\/\/vapingnet.de\/sk\/vape\/tropical-fruit-der-hit-bei-bang-king-25000-puffs-weltweit\/","og_locale":"sk_SK","og_type":"article","og_title":"Tropical Fruit Der Hit Bei Bang King 25000 Puffs Weltweit | Vapingnet.de","og_description":"Entdecke Tropical Fruit Der Hit Bei Bang King 25000 Puffs Weltweit bei vapingnet.de, \u25ba Gro\u00dfe Auswahl an Geschmacksrichtungen & super g\u00fcnstig!","og_url":"https:\/\/vapingnet.de\/sk\/vape\/tropical-fruit-der-hit-bei-bang-king-25000-puffs-weltweit\/","og_site_name":"Vapingnet.de","article_publisher":"https:\/\/www.facebook.com\/vapingnetde\/","article_modified_time":"2025-06-19T03:40:03+00:00","og_image":[{"width":1000,"height":1000,"url":"https:\/\/vapingnet.de\/wp-content\/uploads\/2025\/04\/bang-25k-vape-Tropical-Fruit.png","type":"image\/png"}],"twitter_card":"summary_large_image","twitter_misc":{"Est. reading time":"3 minutes"},"schema":{"@context":"https:\/\/schema.org","@graph":[{"@type":"WebPage","@id":"https:\/\/vapingnet.de\/vape\/tropical-fruit-der-hit-bei-bang-king-25000-puffs-weltweit\/","url":"https:\/\/vapingnet.de\/vape\/tropical-fruit-der-hit-bei-bang-king-25000-puffs-weltweit\/","name":"Tropical Fruit Der Hit Bei Bang King 25000 Puffs Weltweit | Vapingnet.de","isPartOf":{"@id":"https:\/\/vapingnet.de\/#website"},"primaryImageOfPage":{"@id":"https:\/\/vapingnet.de\/vape\/tropical-fruit-der-hit-bei-bang-king-25000-puffs-weltweit\/#primaryimage"},"image":{"@id":"https:\/\/vapingnet.de\/vape\/tropical-fruit-der-hit-bei-bang-king-25000-puffs-weltweit\/#primaryimage"},"thumbnailUrl":"https:\/\/vapingnet.de\/wp-content\/uploads\/2025\/04\/bang-25k-vape-Tropical-Fruit.png","datePublished":"2025-04-07T02:42:17+00:00","dateModified":"2025-06-19T03:40:03+00:00","description":"Entdecke Tropical Fruit Der Hit Bei Bang King 25000 Puffs Weltweit bei vapingnet.de, \u25ba Gro\u00dfe Auswahl an Geschmacksrichtungen & super g\u00fcnstig!","breadcrumb":{"@id":"https:\/\/vapingnet.de\/vape\/tropical-fruit-der-hit-bei-bang-king-25000-puffs-weltweit\/#breadcrumb"},"inLanguage":"sk-SK","potentialAction":[{"@type":"ReadAction","target":["https:\/\/vapingnet.de\/vape\/tropical-fruit-der-hit-bei-bang-king-25000-puffs-weltweit\/"]}]},{"@type":"ImageObject","inLanguage":"sk-SK","@id":"https:\/\/vapingnet.de\/vape\/tropical-fruit-der-hit-bei-bang-king-25000-puffs-weltweit\/#primaryimage","url":"https:\/\/vapingnet.de\/wp-content\/uploads\/2025\/04\/bang-25k-vape-Tropical-Fruit.png","contentUrl":"https:\/\/vapingnet.de\/wp-content\/uploads\/2025\/04\/bang-25k-vape-Tropical-Fruit.png","width":1000,"height":1000},{"@type":"BreadcrumbList","@id":"https:\/\/vapingnet.de\/vape\/tropical-fruit-der-hit-bei-bang-king-25000-puffs-weltweit\/#breadcrumb","itemListElement":[{"@type":"ListItem","position":1,"name":"Home","item":"https:\/\/vapingnet.de\/"},{"@type":"ListItem","position":2,"name":"Shop","item":"https:\/\/vapingnet.de\/vape\/"},{"@type":"ListItem","position":3,"name":"Tropical Fruit Der Hit Bei Bang King 25000 Puffs Weltweit"}]},{"@type":"WebSite","@id":"https:\/\/vapingnet.de\/#website","url":"https:\/\/vapingnet.de\/","name":"Vapingnet.de","description":"","publisher":{"@id":"https:\/\/vapingnet.de\/#organization"},"potentialAction":[{"@type":"SearchAction","target":{"@type":"EntryPoint","urlTemplate":"https:\/\/vapingnet.de\/?s={search_term_string}"},"query-input":{"@type":"PropertyValueSpecification","valueRequired":true,"valueName":"search_term_string"}}],"inLanguage":"sk-SK"},{"@type":"Organization","@id":"https:\/\/vapingnet.de\/#organization","name":"Vapingnet.de","url":"https:\/\/vapingnet.de\/","logo":{"@type":"ImageObject","inLanguage":"sk-SK","@id":"https:\/\/vapingnet.de\/#\/schema\/logo\/image\/","url":"https:\/\/vapingnet.de\/wp-content\/uploads\/2025\/03\/cropped-vapingnet.de_.jpg","contentUrl":"https:\/\/vapingnet.de\/wp-content\/uploads\/2025\/03\/cropped-vapingnet.de_.jpg","width":512,"height":512,"caption":"Vapingnet.de"},"image":{"@id":"https:\/\/vapingnet.de\/#\/schema\/logo\/image\/"},"sameAs":["https:\/\/www.facebook.com\/vapingnetde\/"]}]}},"tiered_pricing_type":"fixed","tiered_pricing_fixed_rules":{"10":"8.07","60":"7.26","110":"6.46","200":"5.65"},"tiered_pricing_product_settings":{"layout":"default","base_unit_name":{"singular":null,"plural":null},"default_variation":null},"tiered_pricing_minimum_quantity":null,"tiered_pricing_roles_data":[],"tiered_pricing_percentage_rules":[],"_links":{"self":[{"href":"https:\/\/vapingnet.de\/sk\/wp-json\/wp\/v2\/product\/6127","targetHints":{"allow":["GET"]}}],"collection":[{"href":"https:\/\/vapingnet.de\/sk\/wp-json\/wp\/v2\/product"}],"about":[{"href":"https:\/\/vapingnet.de\/sk\/wp-json\/wp\/v2\/types\/product"}],"version-history":[{"count":1,"href":"https:\/\/vapingnet.de\/sk\/wp-json\/wp\/v2\/product\/6127\/revisions"}],"predecessor-version":[{"id":6144,"href":"https:\/\/vapingnet.de\/sk\/wp-json\/wp\/v2\/product\/6127\/revisions\/6144"}],"wp:featuredmedia":[{"embeddable":true,"href":"https:\/\/vapingnet.de\/sk\/wp-json\/wp\/v2\/media\/6138"}],"wp:attachment":[{"href":"https:\/\/vapingnet.de\/sk\/wp-json\/wp\/v2\/media?parent=6127"}],"wp:term":[{"taxonomy":"brand","embeddable":true,"href":"https:\/\/vapingnet.de\/sk\/wp-json\/wp\/v2\/etheme_brands?post=6127"},{"taxonomy":"product_brand","embeddable":true,"href":"https:\/\/vapingnet.de\/sk\/wp-json\/wp\/v2\/product_brand?post=6127"},{"taxonomy":"product_cat","embeddable":true,"href":"https:\/\/vapingnet.de\/sk\/wp-json\/wp\/v2\/product_cat?post=6127"},{"taxonomy":"product_tag","embeddable":true,"href":"https:\/\/vapingnet.de\/sk\/wp-json\/wp\/v2\/product_tag?post=6127"}],"curies":[{"name":"wp","href":"https:\/\/api.w.org\/{rel}","templated":true}]}}