{"id":6146,"date":"2025-04-07T03:45:00","date_gmt":"2025-04-07T03:45:00","guid":{"rendered":"https:\/\/vapingnet.de\/?post_type=product&#038;p=6146"},"modified":"2025-06-19T03:40:02","modified_gmt":"2025-06-19T03:40:02","slug":"blue-razz-ice-jetzt-erleben-bang-king-25000-puffs-zollfrei-bestellen","status":"publish","type":"product","link":"https:\/\/vapingnet.de\/sk\/vape\/blue-razz-ice-jetzt-erleben-bang-king-25000-puffs-zollfrei-bestellen\/","title":{"rendered":"Blue Razz Ice Teraz za\u017ei\u0165 Bang King 25000 Puffs Bez coln\u00e9ho poplatku objedna\u0165"},"content":{"rendered":"<h2 data-start=\"426\" data-end=\"479\">\u010co rob\u00ed Bang King 25000 Puffs tak v\u00fdnimo\u010dn\u00fdm?<\/h2>\n<p class=\"\" data-start=\"481\" data-end=\"691\">Bang King je vybaven\u00fd syst\u00e9mom Dual-Pod (23 ml + 23 ml), pri\u010dom ka\u017ed\u00fd pod poskytuje pribli\u017ene 12 500 \u0165ahov \u2013 celkovo teda neuverite\u013en\u00fdch 25 000 Puffs. To ho v\u00fdrazne prevy\u0161uje priemern\u00fd trhov\u00fd \u0161tandard.<\/p>\n<p class=\"\" data-start=\"693\" data-end=\"882\">Okrem toho je dostupn\u00fd v \u0161tyroch \u00farovniach nikot\u00ednu: 0 %, 2 %, 3 % a 5 %. Preto je vhodn\u00fd pre pr\u00edle\u017eitostn\u00fdch aj sk\u00fasen\u00fdch pou\u017e\u00edvate\u013eov, ktor\u00ed h\u013eadaj\u00fa silnej\u0161\u00ed z\u00e1\u017eitok.<\/p>\n<h4 data-start=\"884\" data-end=\"904\">Ako chut\u00ed?<\/h4>\n<p class=\"\" data-start=\"906\" data-end=\"1128\">Aktu\u00e1lna hlavn\u00e1 pr\u00edchu\u0165 je Sour Apple Ice \u2013 osvie\u017euj\u00faca zmes sladko-s\u00fdreho jablka s chladivou, \u013eadovou pozn\u00e1mkou. Ide\u00e1lne na ka\u017edodenn\u00e9 pou\u017eitie, \u010di u\u017e r\u00e1no, po jedle alebo len tak medzi t\u00fdm.<\/p>\n<h4 data-start=\"1130\" data-end=\"1167\">Ako je to s technikou?<\/h4>\n<p class=\"\" data-start=\"1169\" data-end=\"1474\">Vybaven\u00fd mesh cievkou (1,0 Ohm), zariadenie zabezpe\u010duje rovnomern\u00e9 rozlo\u017eenie tepla, intenz\u00edvnu chu\u0165 a hust\u00e9 dymov\u00e9 oblaky. Integrovan\u00e1 bat\u00e9ria s kapacitou 650 mAh sa nab\u00edja cez modern\u00fd port typu C. Ovl\u00e1danie je ve\u013emi jednoduch\u00e9: \u017eiadne tla\u010didlo, \u017eiadne komplik\u00e1cie \u2013 len \u0165ahajte a vychutn\u00e1vajte si.<\/p>\n<h4 data-start=\"1476\" data-end=\"1521\">Ako sa dod\u00e1va? Mus\u00edm plati\u0165 clo?<\/h4>\n<p class=\"\" data-start=\"1523\" data-end=\"1787\">Bang King 25000 Puffs si m\u00f4\u017eete objedna\u0165 priamo cez webov\u00fa str\u00e1nku vapingnet.de. Doru\u010denie je zo skladu v Nemecku a zvy\u010dajne trv\u00e1 7 a\u017e 15 pracovn\u00fdch dn\u00ed. Ve\u013ekou v\u00fdhodou je, \u017ee je bez cla, tak\u017ee sa nemus\u00edte ob\u00e1va\u0165 \u017eiadnych dodato\u010dn\u00fdch poplatkov.<\/p>\n<h3 data-start=\"1789\" data-end=\"1834\">Pre koho je Bang King 25000 vhodn\u00fd?<\/h3>\n<p class=\"\" data-start=\"1836\" data-end=\"1874\">Tento model je ide\u00e1lny pre t\u00fdch, ktor\u00ed:<\/p>\n<ul data-start=\"1876\" data-end=\"2088\">\n<li class=\"\" data-start=\"1876\" data-end=\"1909\">\n<p class=\"\" data-start=\"1878\" data-end=\"1909\">o\u010dak\u00e1vaj\u00fa ve\u013ea \u0165ahov na zariadenie<\/p>\n<\/li>\n<li class=\"\" data-start=\"1910\" data-end=\"1962\">\n<p class=\"\" data-start=\"1912\" data-end=\"1962\">chc\u00fa vysk\u00fa\u0161a\u0165 r\u00f4zne \u00farovne nikot\u00ednu<\/p>\n<\/li>\n<li class=\"\" data-start=\"1963\" data-end=\"2023\">\n<p class=\"\" data-start=\"1965\" data-end=\"2023\">h\u013eadaj\u00fa jednoduch\u00fd, bez\u00fadr\u017ebov\u00fd z\u00e1\u017eitok z vapingu<\/p>\n<\/li>\n<li class=\"\" data-start=\"2024\" data-end=\"2088\">\n<p class=\"\" data-start=\"2026\" data-end=\"2088\">preferuj\u00fa v\u00fdkonn\u00e9 zariadenie na dlhodob\u00e9 pou\u017e\u00edvanie<\/p>\n<\/li>\n<\/ul>\n<p class=\"\" data-start=\"2101\" data-end=\"2322\">Bang King 25000 Puffs kombinuje obrovsk\u00fa kapacitu s v\u00fdkonnos\u0165ou, osvie\u017euj\u00facou chu\u0165ou, spo\u013eahliv\u00fdm doru\u010den\u00edm a bezcolnou dod\u00e1vkou. Objavte ho teraz na vapingnet.de a vysk\u00fa\u0161ajte sami.<\/p>","protected":false},"excerpt":{"rendered":"<p>Was macht den Bang King 25000 Puffs so besonders? Der Bang King ist mit einem Dual-Pod-System ausgestattet (23 ml + 23 ml), wobei jeder Pod&#8230;<\/p>","protected":false},"featured_media":6130,"template":"","meta":[],"etheme_brands":[],"product_brand":[101],"product_cat":[55,49,61],"product_tag":[],"class_list":{"0":"post-6146","1":"product","2":"type-product","3":"status-publish","4":"has-post-thumbnail","6":"product_brand-bang-king-vape","7":"product_cat-vape-25000-zuege","8":"product_cat-einweg-e-zigarette","9":"product_cat-f","11":"first","12":"instock","13":"shipping-taxable","14":"purchasable","15":"product-type-simple"},"yoast_head":"<!-- This site is optimized with the Yoast SEO plugin v26.5 - https:\/\/yoast.com\/wordpress\/plugins\/seo\/ -->\n<title>Blue Razz Ice Jetzt Erleben Bang King 25000 Puffs Zollfrei Bestellen | Vapingnet.de<\/title>\n<meta name=\"description\" content=\"Entdecke Blue Razz Ice Jetzt Erleben Bang King 25000 Puffs Zollfrei Bestellen bei vapingnet.de, \u25ba Gro\u00dfe Auswahl an Geschmacksrichtungen &amp; super g\u00fcnstig!\" \/>\n<meta name=\"robots\" content=\"index, follow, max-snippet:-1, max-image-preview:large, max-video-preview:-1\" \/>\n<link rel=\"canonical\" href=\"https:\/\/vapingnet.de\/sk\/vape\/blue-razz-ice-jetzt-erleben-bang-king-25000-puffs-zollfrei-bestellen\/\" \/>\n<meta property=\"og:locale\" content=\"sk_SK\" \/>\n<meta property=\"og:type\" content=\"article\" \/>\n<meta property=\"og:title\" content=\"Blue Razz Ice Jetzt Erleben Bang King 25000 Puffs Zollfrei Bestellen | Vapingnet.de\" \/>\n<meta property=\"og:description\" content=\"Entdecke Blue Razz Ice Jetzt Erleben Bang King 25000 Puffs Zollfrei Bestellen bei vapingnet.de, \u25ba Gro\u00dfe Auswahl an Geschmacksrichtungen &amp; super g\u00fcnstig!\" \/>\n<meta property=\"og:url\" content=\"https:\/\/vapingnet.de\/sk\/vape\/blue-razz-ice-jetzt-erleben-bang-king-25000-puffs-zollfrei-bestellen\/\" \/>\n<meta property=\"og:site_name\" content=\"Vapingnet.de\" \/>\n<meta property=\"article:publisher\" content=\"https:\/\/www.facebook.com\/vapingnetde\/\" \/>\n<meta property=\"article:modified_time\" content=\"2025-06-19T03:40:02+00:00\" \/>\n<meta property=\"og:image\" content=\"https:\/\/vapingnet.de\/wp-content\/uploads\/2025\/04\/bang-25k-vape-Blue-Razz-Ice.png\" \/>\n\t<meta property=\"og:image:width\" content=\"1000\" \/>\n\t<meta property=\"og:image:height\" content=\"1000\" \/>\n\t<meta property=\"og:image:type\" content=\"image\/png\" \/>\n<meta name=\"twitter:card\" content=\"summary_large_image\" \/>\n<meta name=\"twitter:label1\" content=\"Est. reading time\" \/>\n\t<meta name=\"twitter:data1\" content=\"2 minutes\" \/>\n<script type=\"application\/ld+json\" class=\"yoast-schema-graph\">{\"@context\":\"https:\/\/schema.org\",\"@graph\":[{\"@type\":\"WebPage\",\"@id\":\"https:\/\/vapingnet.de\/vape\/blue-razz-ice-jetzt-erleben-bang-king-25000-puffs-zollfrei-bestellen\/\",\"url\":\"https:\/\/vapingnet.de\/vape\/blue-razz-ice-jetzt-erleben-bang-king-25000-puffs-zollfrei-bestellen\/\",\"name\":\"Blue Razz Ice Jetzt Erleben Bang King 25000 Puffs Zollfrei Bestellen | Vapingnet.de\",\"isPartOf\":{\"@id\":\"https:\/\/vapingnet.de\/#website\"},\"primaryImageOfPage\":{\"@id\":\"https:\/\/vapingnet.de\/vape\/blue-razz-ice-jetzt-erleben-bang-king-25000-puffs-zollfrei-bestellen\/#primaryimage\"},\"image\":{\"@id\":\"https:\/\/vapingnet.de\/vape\/blue-razz-ice-jetzt-erleben-bang-king-25000-puffs-zollfrei-bestellen\/#primaryimage\"},\"thumbnailUrl\":\"https:\/\/vapingnet.de\/wp-content\/uploads\/2025\/04\/bang-25k-vape-Blue-Razz-Ice.png\",\"datePublished\":\"2025-04-07T03:45:00+00:00\",\"dateModified\":\"2025-06-19T03:40:02+00:00\",\"description\":\"Entdecke Blue Razz Ice Jetzt Erleben Bang King 25000 Puffs Zollfrei Bestellen bei vapingnet.de, \u25ba Gro\u00dfe Auswahl an Geschmacksrichtungen & super g\u00fcnstig!\",\"breadcrumb\":{\"@id\":\"https:\/\/vapingnet.de\/vape\/blue-razz-ice-jetzt-erleben-bang-king-25000-puffs-zollfrei-bestellen\/#breadcrumb\"},\"inLanguage\":\"sk-SK\",\"potentialAction\":[{\"@type\":\"ReadAction\",\"target\":[\"https:\/\/vapingnet.de\/vape\/blue-razz-ice-jetzt-erleben-bang-king-25000-puffs-zollfrei-bestellen\/\"]}]},{\"@type\":\"ImageObject\",\"inLanguage\":\"sk-SK\",\"@id\":\"https:\/\/vapingnet.de\/vape\/blue-razz-ice-jetzt-erleben-bang-king-25000-puffs-zollfrei-bestellen\/#primaryimage\",\"url\":\"https:\/\/vapingnet.de\/wp-content\/uploads\/2025\/04\/bang-25k-vape-Blue-Razz-Ice.png\",\"contentUrl\":\"https:\/\/vapingnet.de\/wp-content\/uploads\/2025\/04\/bang-25k-vape-Blue-Razz-Ice.png\",\"width\":1000,\"height\":1000},{\"@type\":\"BreadcrumbList\",\"@id\":\"https:\/\/vapingnet.de\/vape\/blue-razz-ice-jetzt-erleben-bang-king-25000-puffs-zollfrei-bestellen\/#breadcrumb\",\"itemListElement\":[{\"@type\":\"ListItem\",\"position\":1,\"name\":\"Home\",\"item\":\"https:\/\/vapingnet.de\/\"},{\"@type\":\"ListItem\",\"position\":2,\"name\":\"Shop\",\"item\":\"https:\/\/vapingnet.de\/vape\/\"},{\"@type\":\"ListItem\",\"position\":3,\"name\":\"Blue Razz Ice Jetzt Erleben Bang King 25000 Puffs Zollfrei Bestellen\"}]},{\"@type\":\"WebSite\",\"@id\":\"https:\/\/vapingnet.de\/#website\",\"url\":\"https:\/\/vapingnet.de\/\",\"name\":\"Vapingnet.de\",\"description\":\"\",\"publisher\":{\"@id\":\"https:\/\/vapingnet.de\/#organization\"},\"potentialAction\":[{\"@type\":\"SearchAction\",\"target\":{\"@type\":\"EntryPoint\",\"urlTemplate\":\"https:\/\/vapingnet.de\/?s={search_term_string}\"},\"query-input\":{\"@type\":\"PropertyValueSpecification\",\"valueRequired\":true,\"valueName\":\"search_term_string\"}}],\"inLanguage\":\"sk-SK\"},{\"@type\":\"Organization\",\"@id\":\"https:\/\/vapingnet.de\/#organization\",\"name\":\"Vapingnet.de\",\"url\":\"https:\/\/vapingnet.de\/\",\"logo\":{\"@type\":\"ImageObject\",\"inLanguage\":\"sk-SK\",\"@id\":\"https:\/\/vapingnet.de\/#\/schema\/logo\/image\/\",\"url\":\"https:\/\/vapingnet.de\/wp-content\/uploads\/2025\/03\/cropped-vapingnet.de_.jpg\",\"contentUrl\":\"https:\/\/vapingnet.de\/wp-content\/uploads\/2025\/03\/cropped-vapingnet.de_.jpg\",\"width\":512,\"height\":512,\"caption\":\"Vapingnet.de\"},\"image\":{\"@id\":\"https:\/\/vapingnet.de\/#\/schema\/logo\/image\/\"},\"sameAs\":[\"https:\/\/www.facebook.com\/vapingnetde\/\"]}]}<\/script>\n<!-- \/ Yoast SEO plugin. -->","yoast_head_json":{"title":"Blue Razz Ice Jetzt Erleben Bang King 25000 Puffs Zollfrei Bestellen | Vapingnet.de","description":"Entdecke Blue Razz Ice Jetzt Erleben Bang King 25000 Puffs Zollfrei Bestellen bei vapingnet.de, \u25ba Gro\u00dfe Auswahl an Geschmacksrichtungen & super g\u00fcnstig!","robots":{"index":"index","follow":"follow","max-snippet":"max-snippet:-1","max-image-preview":"max-image-preview:large","max-video-preview":"max-video-preview:-1"},"canonical":"https:\/\/vapingnet.de\/sk\/vape\/blue-razz-ice-jetzt-erleben-bang-king-25000-puffs-zollfrei-bestellen\/","og_locale":"sk_SK","og_type":"article","og_title":"Blue Razz Ice Jetzt Erleben Bang King 25000 Puffs Zollfrei Bestellen | Vapingnet.de","og_description":"Entdecke Blue Razz Ice Jetzt Erleben Bang King 25000 Puffs Zollfrei Bestellen bei vapingnet.de, \u25ba Gro\u00dfe Auswahl an Geschmacksrichtungen & super g\u00fcnstig!","og_url":"https:\/\/vapingnet.de\/sk\/vape\/blue-razz-ice-jetzt-erleben-bang-king-25000-puffs-zollfrei-bestellen\/","og_site_name":"Vapingnet.de","article_publisher":"https:\/\/www.facebook.com\/vapingnetde\/","article_modified_time":"2025-06-19T03:40:02+00:00","og_image":[{"width":1000,"height":1000,"url":"https:\/\/vapingnet.de\/wp-content\/uploads\/2025\/04\/bang-25k-vape-Blue-Razz-Ice.png","type":"image\/png"}],"twitter_card":"summary_large_image","twitter_misc":{"Est. reading time":"2 minutes"},"schema":{"@context":"https:\/\/schema.org","@graph":[{"@type":"WebPage","@id":"https:\/\/vapingnet.de\/vape\/blue-razz-ice-jetzt-erleben-bang-king-25000-puffs-zollfrei-bestellen\/","url":"https:\/\/vapingnet.de\/vape\/blue-razz-ice-jetzt-erleben-bang-king-25000-puffs-zollfrei-bestellen\/","name":"Blue Razz Ice Jetzt Erleben Bang King 25000 Puffs Zollfrei Bestellen | Vapingnet.de","isPartOf":{"@id":"https:\/\/vapingnet.de\/#website"},"primaryImageOfPage":{"@id":"https:\/\/vapingnet.de\/vape\/blue-razz-ice-jetzt-erleben-bang-king-25000-puffs-zollfrei-bestellen\/#primaryimage"},"image":{"@id":"https:\/\/vapingnet.de\/vape\/blue-razz-ice-jetzt-erleben-bang-king-25000-puffs-zollfrei-bestellen\/#primaryimage"},"thumbnailUrl":"https:\/\/vapingnet.de\/wp-content\/uploads\/2025\/04\/bang-25k-vape-Blue-Razz-Ice.png","datePublished":"2025-04-07T03:45:00+00:00","dateModified":"2025-06-19T03:40:02+00:00","description":"Entdecke Blue Razz Ice Jetzt Erleben Bang King 25000 Puffs Zollfrei Bestellen bei vapingnet.de, \u25ba Gro\u00dfe Auswahl an Geschmacksrichtungen & super g\u00fcnstig!","breadcrumb":{"@id":"https:\/\/vapingnet.de\/vape\/blue-razz-ice-jetzt-erleben-bang-king-25000-puffs-zollfrei-bestellen\/#breadcrumb"},"inLanguage":"sk-SK","potentialAction":[{"@type":"ReadAction","target":["https:\/\/vapingnet.de\/vape\/blue-razz-ice-jetzt-erleben-bang-king-25000-puffs-zollfrei-bestellen\/"]}]},{"@type":"ImageObject","inLanguage":"sk-SK","@id":"https:\/\/vapingnet.de\/vape\/blue-razz-ice-jetzt-erleben-bang-king-25000-puffs-zollfrei-bestellen\/#primaryimage","url":"https:\/\/vapingnet.de\/wp-content\/uploads\/2025\/04\/bang-25k-vape-Blue-Razz-Ice.png","contentUrl":"https:\/\/vapingnet.de\/wp-content\/uploads\/2025\/04\/bang-25k-vape-Blue-Razz-Ice.png","width":1000,"height":1000},{"@type":"BreadcrumbList","@id":"https:\/\/vapingnet.de\/vape\/blue-razz-ice-jetzt-erleben-bang-king-25000-puffs-zollfrei-bestellen\/#breadcrumb","itemListElement":[{"@type":"ListItem","position":1,"name":"Home","item":"https:\/\/vapingnet.de\/"},{"@type":"ListItem","position":2,"name":"Shop","item":"https:\/\/vapingnet.de\/vape\/"},{"@type":"ListItem","position":3,"name":"Blue Razz Ice Jetzt Erleben Bang King 25000 Puffs Zollfrei Bestellen"}]},{"@type":"WebSite","@id":"https:\/\/vapingnet.de\/#website","url":"https:\/\/vapingnet.de\/","name":"Vapingnet.de","description":"","publisher":{"@id":"https:\/\/vapingnet.de\/#organization"},"potentialAction":[{"@type":"SearchAction","target":{"@type":"EntryPoint","urlTemplate":"https:\/\/vapingnet.de\/?s={search_term_string}"},"query-input":{"@type":"PropertyValueSpecification","valueRequired":true,"valueName":"search_term_string"}}],"inLanguage":"sk-SK"},{"@type":"Organization","@id":"https:\/\/vapingnet.de\/#organization","name":"Vapingnet.de","url":"https:\/\/vapingnet.de\/","logo":{"@type":"ImageObject","inLanguage":"sk-SK","@id":"https:\/\/vapingnet.de\/#\/schema\/logo\/image\/","url":"https:\/\/vapingnet.de\/wp-content\/uploads\/2025\/03\/cropped-vapingnet.de_.jpg","contentUrl":"https:\/\/vapingnet.de\/wp-content\/uploads\/2025\/03\/cropped-vapingnet.de_.jpg","width":512,"height":512,"caption":"Vapingnet.de"},"image":{"@id":"https:\/\/vapingnet.de\/#\/schema\/logo\/image\/"},"sameAs":["https:\/\/www.facebook.com\/vapingnetde\/"]}]}},"tiered_pricing_type":"fixed","tiered_pricing_fixed_rules":{"10":"8.07","60":"7.26","110":"6.46","200":"5.65"},"tiered_pricing_product_settings":{"layout":"default","base_unit_name":{"singular":null,"plural":null},"default_variation":null},"tiered_pricing_minimum_quantity":null,"tiered_pricing_roles_data":[],"tiered_pricing_percentage_rules":[],"_links":{"self":[{"href":"https:\/\/vapingnet.de\/sk\/wp-json\/wp\/v2\/product\/6146","targetHints":{"allow":["GET"]}}],"collection":[{"href":"https:\/\/vapingnet.de\/sk\/wp-json\/wp\/v2\/product"}],"about":[{"href":"https:\/\/vapingnet.de\/sk\/wp-json\/wp\/v2\/types\/product"}],"version-history":[{"count":3,"href":"https:\/\/vapingnet.de\/sk\/wp-json\/wp\/v2\/product\/6146\/revisions"}],"predecessor-version":[{"id":6159,"href":"https:\/\/vapingnet.de\/sk\/wp-json\/wp\/v2\/product\/6146\/revisions\/6159"}],"wp:featuredmedia":[{"embeddable":true,"href":"https:\/\/vapingnet.de\/sk\/wp-json\/wp\/v2\/media\/6130"}],"wp:attachment":[{"href":"https:\/\/vapingnet.de\/sk\/wp-json\/wp\/v2\/media?parent=6146"}],"wp:term":[{"taxonomy":"brand","embeddable":true,"href":"https:\/\/vapingnet.de\/sk\/wp-json\/wp\/v2\/etheme_brands?post=6146"},{"taxonomy":"product_brand","embeddable":true,"href":"https:\/\/vapingnet.de\/sk\/wp-json\/wp\/v2\/product_brand?post=6146"},{"taxonomy":"product_cat","embeddable":true,"href":"https:\/\/vapingnet.de\/sk\/wp-json\/wp\/v2\/product_cat?post=6146"},{"taxonomy":"product_tag","embeddable":true,"href":"https:\/\/vapingnet.de\/sk\/wp-json\/wp\/v2\/product_tag?post=6146"}],"curies":[{"name":"wp","href":"https:\/\/api.w.org\/{rel}","templated":true}]}}