{"id":6149,"date":"2025-04-07T03:45:04","date_gmt":"2025-04-07T03:45:04","guid":{"rendered":"https:\/\/vapingnet.de\/?post_type=product&#038;p=6149"},"modified":"2025-06-19T03:40:01","modified_gmt":"2025-06-19T03:40:01","slug":"bang-king-25000-puffs-cherry-bomb-beliebter-vape-zum-bestpreis","status":"publish","type":"product","link":"https:\/\/vapingnet.de\/sk\/vape\/bang-king-25000-puffs-cherry-bomb-beliebter-vape-zum-bestpreis\/","title":{"rendered":"Bang King 25000 Puffs Cherry Bomb Ob\u013e\u00faben\u00fd vaporiz\u00e9r za najlep\u0161iu cenu"},"content":{"rendered":"<h2 data-start=\"0\" data-end=\"96\">Objavte nov\u00fd chu\u0165: Bang King 25000 potiahnut\u00ed jednorazov\u00e1 e-cigareta \u2013 Cherry Bomb v teste<\/h2>\n<p class=\"\" data-start=\"98\" data-end=\"485\">Ak h\u013ead\u00e1te jednorazov\u00fa e-cigaretu s mimoriadne dlh\u00fdm v\u00fdkonom a intenz\u00edvnou ovocnou chu\u0165ou, potom je Bang King 25000 potiahnut\u00ed s pr\u00edchu\u0165ou Cherry Bomb presne to, \u010do h\u013ead\u00e1te. Tento model bol navrhnut\u00fd pre pou\u017e\u00edvate\u013eov, ktor\u00ed klad\u00fa d\u00f4raz na siln\u00fa chu\u0165 a jednoduch\u00e9 pou\u017e\u00edvanie \u2013 \u00faplne bez v\u00fdmeny podov a s dob\u00edjate\u013enou bat\u00e9riou.<\/p>\n<h3 data-start=\"487\" data-end=\"508\">Technick\u00e9 \u00fadaje:<\/h3>\n<ul data-start=\"510\" data-end=\"953\">\n<li class=\"\" data-start=\"510\" data-end=\"547\">\n<p class=\"\" data-start=\"512\" data-end=\"547\">Model: Bang King 25000 Pufov<\/p>\n<\/li>\n<li class=\"\" data-start=\"548\" data-end=\"578\">\n<p class=\"\" data-start=\"550\" data-end=\"578\">Chu\u0165: Cherry Bomb<\/p>\n<\/li>\n<li class=\"\" data-start=\"579\" data-end=\"635\">\n<p class=\"\" data-start=\"581\" data-end=\"635\">Nikot\u00ednov\u00e1 so\u013e: V\u00fdber medzi 0 %, 2 %, 3 %, 5 %<\/p>\n<\/li>\n<li class=\"\" data-start=\"636\" data-end=\"673\">\n<p class=\"\" data-start=\"638\" data-end=\"673\">Vaporiza\u010d: 1,0 Ohm Mesh Coil<\/p>\n<\/li>\n<li class=\"\" data-start=\"674\" data-end=\"750\">\n<p class=\"\" data-start=\"676\" data-end=\"750\">Objem tekutiny: Dual Pod syst\u00e9m, ka\u017ed\u00fd 23 ml (celkovo cca. 25 000 potiahnut\u00ed)<\/p>\n<\/li>\n<li class=\"\" data-start=\"751\" data-end=\"789\">\n<p class=\"\" data-start=\"753\" data-end=\"789\">Bat\u00e9ria: 650 mAh, dob\u00edjate\u013en\u00e1<\/p>\n<\/li>\n<li class=\"\" data-start=\"790\" data-end=\"818\">\n<p class=\"\" data-start=\"792\" data-end=\"818\">Nab\u00edjac\u00ed port: Typ-C<\/p>\n<\/li>\n<li class=\"\" data-start=\"819\" data-end=\"857\">\n<p class=\"\" data-start=\"821\" data-end=\"857\">Typ produktu: Jednorazov\u00e1 e-cigareta<\/p>\n<\/li>\n<li class=\"\" data-start=\"858\" data-end=\"891\">\n<p class=\"\" data-start=\"860\" data-end=\"891\">Doba dodania: 7\u201315 pracovn\u00fdch dn\u00ed<\/p>\n<\/li>\n<li class=\"\" data-start=\"892\" data-end=\"928\">\n<p class=\"\" data-start=\"894\" data-end=\"928\">V\u00fdhoda: Doru\u010denie bez cla<\/p>\n<\/li>\n<li class=\"\" data-start=\"929\" data-end=\"953\">\n<p class=\"\" data-start=\"931\" data-end=\"953\">Obchod: vapingnet.de<\/p>\n<\/li>\n<\/ul>\n<h3 data-start=\"955\" data-end=\"978\">Hlavn\u00e9 vlastnosti produktu:<\/h3>\n<p class=\"\" data-start=\"980\" data-end=\"1307\">Intenz\u00edvna ovocn\u00e1 chu\u0165 s efektom \u0161oku<br data-start=\"1026\" data-end=\"1029\" \/>Chu\u0165 <em data-start=\"1043\" data-end=\"1056\">Cherry Bomb<\/em> presved\u010d\u00ed siln\u00fdmi \u010dere\u0161\u0148ov\u00fdmi ar\u00f3mami s jemnou sladkou pozn\u00e1mkou. Ka\u017ed\u00e9 potiahnutie je intenz\u00edvne a pripom\u00edna ovocn\u00fd \u0161ok v \u00fastach \u2013 ide\u00e1lne pre vapera, ktor\u00fd m\u00e1 r\u00e1d v\u00fdrazn\u00e9 chute. Perfektn\u00e9 na relaxa\u010dn\u00fd oddych popoludn\u00ed alebo ve\u010der.<\/p>\n<p class=\"\" data-start=\"1309\" data-end=\"1581\">Dva ve\u013ek\u00e9 pody pre extr\u00e9mne dlh\u00e9 pou\u017e\u00edvanie<br data-start=\"1351\" data-end=\"1354\" \/>Na rozdiel od be\u017en\u00fdch jednorazov\u00fdch zariaden\u00ed pon\u00faka Bang King dual pod syst\u00e9m s ka\u017ed\u00fdm 23 ml tekutiny. Celkovo zariadenie umo\u017e\u0148uje a\u017e 25 000 potiahnut\u00ed \u2013 dos\u0165 na nieko\u013eko t\u00fd\u017ed\u0148ov bez dop\u013a\u0148ania alebo v\u00fdmeny.<\/p>\n<p class=\"\" data-start=\"1583\" data-end=\"1809\">Mesh Coil technol\u00f3gia pre jemn\u00fd dym<br data-start=\"1626\" data-end=\"1629\" \/>V\u010faka 1,0 Ohm Mesh Coilu sa tekutina rovnomerne vaporizuje. To zabezpe\u010duje jemn\u00fd, aromatick\u00fd dym pri ka\u017edom pou\u017eit\u00ed a pos\u00fava z\u00e1\u017eitok z chuti na nov\u00fa \u00farove\u0148.<\/p>\n<p class=\"\" data-start=\"1811\" data-end=\"2033\">R\u00fdchle nab\u00edjanie pre nep\u0159eru\u0161ovan\u00e9 vapovanie<br data-start=\"1866\" data-end=\"1869\" \/>S integrovanou bat\u00e9riou 650 mAh a modern\u00fdm konektorom typu C m\u00f4\u017eete Bang King r\u00fdchlo nabi\u0165 a plynulo pokra\u010dova\u0165 vo vapovan\u00ed \u2013 jednoducho a efekt\u00edvne.<\/p>\n<p class=\"\" data-start=\"2035\" data-end=\"2246\">Bez cla a r\u00fdchle doru\u010denie<br data-start=\"2069\" data-end=\"2072\" \/>V\u0161etky objedn\u00e1vky s\u00fa odosielan\u00e9 priamo z n\u00e1\u0161ho slovensk\u00e9ho skladu \u2013 \u00faplne bez coln\u00fdch poplatkov alebo skryt\u00fdch n\u00e1kladov. Doba doru\u010denia je zvy\u010dajne 7 a\u017e 15 pracovn\u00fdch dn\u00ed.<\/p>\n<p class=\"\" data-start=\"2035\" data-end=\"2246\">Bang King 25000 potiahnut\u00ed Cherry Bomb sp\u00e1ja vysok\u00fa kapacitu, intenz\u00edvnu chu\u0165 a flexibiln\u00fd v\u00fdber nikot\u00ednu v jednom v\u00fdkonnom jednorazovom zariaden\u00ed. \u010ci u\u017e ste sk\u00fasen\u00fd vap\u00e9r alebo zvedav\u00fd za\u010diato\u010dn\u00edk \u2013 tento model pon\u00faka prvotriedny z\u00e1\u017eitok z vapovania.<\/p>\n<p class=\"\" data-start=\"2522\" data-end=\"2611\">Teraz dostupn\u00e9 na vapingnet.de \u2013 zabezpe\u010d si exploz\u00edvnu chu\u0165 Cherry Bomb.<\/p>","protected":false},"excerpt":{"rendered":"<p>Objavte nov\u00fa chu\u0165: Bang King 25000 Puffs Jednorazov\u00e1 e-cigareta \u2013 Cherry Bomb v teste Ak h\u013ead\u00e1te jednorazov\u00fa e-cigaretu s...<\/p>","protected":false},"featured_media":6131,"template":"","meta":[],"etheme_brands":[],"product_brand":[101],"product_cat":[55,49,61],"product_tag":[],"class_list":{"0":"post-6149","1":"product","2":"type-product","3":"status-publish","4":"has-post-thumbnail","6":"product_brand-bang-king-vape","7":"product_cat-vape-25000-zuege","8":"product_cat-einweg-e-zigarette","9":"product_cat-f","11":"first","12":"instock","13":"shipping-taxable","14":"purchasable","15":"product-type-simple"},"yoast_head":"<!-- This site is optimized with the Yoast SEO plugin v26.5 - https:\/\/yoast.com\/wordpress\/plugins\/seo\/ -->\n<title>Bang King 25000 Puffs Cherry Bomb Beliebter Vape Zum Bestpreis | Vapingnet.de<\/title>\n<meta name=\"description\" content=\"Entdecke Bang King 25000 Puffs Cherry Bomb Beliebter Vape Zum Bestpreis bei vapingnet.de, \u25ba Gro\u00dfe Auswahl an Geschmacksrichtungen &amp; super g\u00fcnstig!\" \/>\n<meta name=\"robots\" content=\"index, follow, max-snippet:-1, max-image-preview:large, max-video-preview:-1\" \/>\n<link rel=\"canonical\" href=\"https:\/\/vapingnet.de\/sk\/vape\/bang-king-25000-puffs-cherry-bomb-beliebter-vape-zum-bestpreis\/\" \/>\n<meta property=\"og:locale\" content=\"sk_SK\" \/>\n<meta property=\"og:type\" content=\"article\" \/>\n<meta property=\"og:title\" content=\"Bang King 25000 Puffs Cherry Bomb Beliebter Vape Zum Bestpreis | Vapingnet.de\" \/>\n<meta property=\"og:description\" content=\"Entdecke Bang King 25000 Puffs Cherry Bomb Beliebter Vape Zum Bestpreis bei vapingnet.de, \u25ba Gro\u00dfe Auswahl an Geschmacksrichtungen &amp; super g\u00fcnstig!\" \/>\n<meta property=\"og:url\" content=\"https:\/\/vapingnet.de\/sk\/vape\/bang-king-25000-puffs-cherry-bomb-beliebter-vape-zum-bestpreis\/\" \/>\n<meta property=\"og:site_name\" content=\"Vapingnet.de\" \/>\n<meta property=\"article:publisher\" content=\"https:\/\/www.facebook.com\/vapingnetde\/\" \/>\n<meta property=\"article:modified_time\" content=\"2025-06-19T03:40:01+00:00\" \/>\n<meta property=\"og:image\" content=\"https:\/\/vapingnet.de\/wp-content\/uploads\/2025\/04\/bang-25k-vape-Cherry-Bomb.png\" \/>\n\t<meta property=\"og:image:width\" content=\"1000\" \/>\n\t<meta property=\"og:image:height\" content=\"1000\" \/>\n\t<meta property=\"og:image:type\" content=\"image\/png\" \/>\n<meta name=\"twitter:card\" content=\"summary_large_image\" \/>\n<meta name=\"twitter:label1\" content=\"Est. reading time\" \/>\n\t<meta name=\"twitter:data1\" content=\"3 minutes\" \/>\n<script type=\"application\/ld+json\" class=\"yoast-schema-graph\">{\"@context\":\"https:\/\/schema.org\",\"@graph\":[{\"@type\":\"WebPage\",\"@id\":\"https:\/\/vapingnet.de\/vape\/bang-king-25000-puffs-cherry-bomb-beliebter-vape-zum-bestpreis\/\",\"url\":\"https:\/\/vapingnet.de\/vape\/bang-king-25000-puffs-cherry-bomb-beliebter-vape-zum-bestpreis\/\",\"name\":\"Bang King 25000 Puffs Cherry Bomb Beliebter Vape Zum Bestpreis | Vapingnet.de\",\"isPartOf\":{\"@id\":\"https:\/\/vapingnet.de\/#website\"},\"primaryImageOfPage\":{\"@id\":\"https:\/\/vapingnet.de\/vape\/bang-king-25000-puffs-cherry-bomb-beliebter-vape-zum-bestpreis\/#primaryimage\"},\"image\":{\"@id\":\"https:\/\/vapingnet.de\/vape\/bang-king-25000-puffs-cherry-bomb-beliebter-vape-zum-bestpreis\/#primaryimage\"},\"thumbnailUrl\":\"https:\/\/vapingnet.de\/wp-content\/uploads\/2025\/04\/bang-25k-vape-Cherry-Bomb.png\",\"datePublished\":\"2025-04-07T03:45:04+00:00\",\"dateModified\":\"2025-06-19T03:40:01+00:00\",\"description\":\"Entdecke Bang King 25000 Puffs Cherry Bomb Beliebter Vape Zum Bestpreis bei vapingnet.de, \u25ba Gro\u00dfe Auswahl an Geschmacksrichtungen & super g\u00fcnstig!\",\"breadcrumb\":{\"@id\":\"https:\/\/vapingnet.de\/vape\/bang-king-25000-puffs-cherry-bomb-beliebter-vape-zum-bestpreis\/#breadcrumb\"},\"inLanguage\":\"sk-SK\",\"potentialAction\":[{\"@type\":\"ReadAction\",\"target\":[\"https:\/\/vapingnet.de\/vape\/bang-king-25000-puffs-cherry-bomb-beliebter-vape-zum-bestpreis\/\"]}]},{\"@type\":\"ImageObject\",\"inLanguage\":\"sk-SK\",\"@id\":\"https:\/\/vapingnet.de\/vape\/bang-king-25000-puffs-cherry-bomb-beliebter-vape-zum-bestpreis\/#primaryimage\",\"url\":\"https:\/\/vapingnet.de\/wp-content\/uploads\/2025\/04\/bang-25k-vape-Cherry-Bomb.png\",\"contentUrl\":\"https:\/\/vapingnet.de\/wp-content\/uploads\/2025\/04\/bang-25k-vape-Cherry-Bomb.png\",\"width\":1000,\"height\":1000},{\"@type\":\"BreadcrumbList\",\"@id\":\"https:\/\/vapingnet.de\/vape\/bang-king-25000-puffs-cherry-bomb-beliebter-vape-zum-bestpreis\/#breadcrumb\",\"itemListElement\":[{\"@type\":\"ListItem\",\"position\":1,\"name\":\"Home\",\"item\":\"https:\/\/vapingnet.de\/\"},{\"@type\":\"ListItem\",\"position\":2,\"name\":\"Shop\",\"item\":\"https:\/\/vapingnet.de\/vape\/\"},{\"@type\":\"ListItem\",\"position\":3,\"name\":\"Bang King 25000 Puffs Cherry Bomb Beliebter Vape Zum Bestpreis\"}]},{\"@type\":\"WebSite\",\"@id\":\"https:\/\/vapingnet.de\/#website\",\"url\":\"https:\/\/vapingnet.de\/\",\"name\":\"Vapingnet.de\",\"description\":\"\",\"publisher\":{\"@id\":\"https:\/\/vapingnet.de\/#organization\"},\"potentialAction\":[{\"@type\":\"SearchAction\",\"target\":{\"@type\":\"EntryPoint\",\"urlTemplate\":\"https:\/\/vapingnet.de\/?s={search_term_string}\"},\"query-input\":{\"@type\":\"PropertyValueSpecification\",\"valueRequired\":true,\"valueName\":\"search_term_string\"}}],\"inLanguage\":\"sk-SK\"},{\"@type\":\"Organization\",\"@id\":\"https:\/\/vapingnet.de\/#organization\",\"name\":\"Vapingnet.de\",\"url\":\"https:\/\/vapingnet.de\/\",\"logo\":{\"@type\":\"ImageObject\",\"inLanguage\":\"sk-SK\",\"@id\":\"https:\/\/vapingnet.de\/#\/schema\/logo\/image\/\",\"url\":\"https:\/\/vapingnet.de\/wp-content\/uploads\/2025\/03\/cropped-vapingnet.de_.jpg\",\"contentUrl\":\"https:\/\/vapingnet.de\/wp-content\/uploads\/2025\/03\/cropped-vapingnet.de_.jpg\",\"width\":512,\"height\":512,\"caption\":\"Vapingnet.de\"},\"image\":{\"@id\":\"https:\/\/vapingnet.de\/#\/schema\/logo\/image\/\"},\"sameAs\":[\"https:\/\/www.facebook.com\/vapingnetde\/\"]}]}<\/script>\n<!-- \/ Yoast SEO plugin. -->","yoast_head_json":{"title":"Bang King 25000 Puffs Cherry Bomb Beliebter Vape Zum Bestpreis | Vapingnet.de","description":"Entdecke Bang King 25000 Puffs Cherry Bomb Beliebter Vape Zum Bestpreis bei vapingnet.de, \u25ba Gro\u00dfe Auswahl an Geschmacksrichtungen & super g\u00fcnstig!","robots":{"index":"index","follow":"follow","max-snippet":"max-snippet:-1","max-image-preview":"max-image-preview:large","max-video-preview":"max-video-preview:-1"},"canonical":"https:\/\/vapingnet.de\/sk\/vape\/bang-king-25000-puffs-cherry-bomb-beliebter-vape-zum-bestpreis\/","og_locale":"sk_SK","og_type":"article","og_title":"Bang King 25000 Puffs Cherry Bomb Beliebter Vape Zum Bestpreis | Vapingnet.de","og_description":"Entdecke Bang King 25000 Puffs Cherry Bomb Beliebter Vape Zum Bestpreis bei vapingnet.de, \u25ba Gro\u00dfe Auswahl an Geschmacksrichtungen & super g\u00fcnstig!","og_url":"https:\/\/vapingnet.de\/sk\/vape\/bang-king-25000-puffs-cherry-bomb-beliebter-vape-zum-bestpreis\/","og_site_name":"Vapingnet.de","article_publisher":"https:\/\/www.facebook.com\/vapingnetde\/","article_modified_time":"2025-06-19T03:40:01+00:00","og_image":[{"width":1000,"height":1000,"url":"https:\/\/vapingnet.de\/wp-content\/uploads\/2025\/04\/bang-25k-vape-Cherry-Bomb.png","type":"image\/png"}],"twitter_card":"summary_large_image","twitter_misc":{"Est. reading time":"3 minutes"},"schema":{"@context":"https:\/\/schema.org","@graph":[{"@type":"WebPage","@id":"https:\/\/vapingnet.de\/vape\/bang-king-25000-puffs-cherry-bomb-beliebter-vape-zum-bestpreis\/","url":"https:\/\/vapingnet.de\/vape\/bang-king-25000-puffs-cherry-bomb-beliebter-vape-zum-bestpreis\/","name":"Bang King 25000 Puffs Cherry Bomb Beliebter Vape Zum Bestpreis | Vapingnet.de","isPartOf":{"@id":"https:\/\/vapingnet.de\/#website"},"primaryImageOfPage":{"@id":"https:\/\/vapingnet.de\/vape\/bang-king-25000-puffs-cherry-bomb-beliebter-vape-zum-bestpreis\/#primaryimage"},"image":{"@id":"https:\/\/vapingnet.de\/vape\/bang-king-25000-puffs-cherry-bomb-beliebter-vape-zum-bestpreis\/#primaryimage"},"thumbnailUrl":"https:\/\/vapingnet.de\/wp-content\/uploads\/2025\/04\/bang-25k-vape-Cherry-Bomb.png","datePublished":"2025-04-07T03:45:04+00:00","dateModified":"2025-06-19T03:40:01+00:00","description":"Entdecke Bang King 25000 Puffs Cherry Bomb Beliebter Vape Zum Bestpreis bei vapingnet.de, \u25ba Gro\u00dfe Auswahl an Geschmacksrichtungen & super g\u00fcnstig!","breadcrumb":{"@id":"https:\/\/vapingnet.de\/vape\/bang-king-25000-puffs-cherry-bomb-beliebter-vape-zum-bestpreis\/#breadcrumb"},"inLanguage":"sk-SK","potentialAction":[{"@type":"ReadAction","target":["https:\/\/vapingnet.de\/vape\/bang-king-25000-puffs-cherry-bomb-beliebter-vape-zum-bestpreis\/"]}]},{"@type":"ImageObject","inLanguage":"sk-SK","@id":"https:\/\/vapingnet.de\/vape\/bang-king-25000-puffs-cherry-bomb-beliebter-vape-zum-bestpreis\/#primaryimage","url":"https:\/\/vapingnet.de\/wp-content\/uploads\/2025\/04\/bang-25k-vape-Cherry-Bomb.png","contentUrl":"https:\/\/vapingnet.de\/wp-content\/uploads\/2025\/04\/bang-25k-vape-Cherry-Bomb.png","width":1000,"height":1000},{"@type":"BreadcrumbList","@id":"https:\/\/vapingnet.de\/vape\/bang-king-25000-puffs-cherry-bomb-beliebter-vape-zum-bestpreis\/#breadcrumb","itemListElement":[{"@type":"ListItem","position":1,"name":"Home","item":"https:\/\/vapingnet.de\/"},{"@type":"ListItem","position":2,"name":"Shop","item":"https:\/\/vapingnet.de\/vape\/"},{"@type":"ListItem","position":3,"name":"Bang King 25000 Puffs Cherry Bomb Beliebter Vape Zum Bestpreis"}]},{"@type":"WebSite","@id":"https:\/\/vapingnet.de\/#website","url":"https:\/\/vapingnet.de\/","name":"Vapingnet.de","description":"","publisher":{"@id":"https:\/\/vapingnet.de\/#organization"},"potentialAction":[{"@type":"SearchAction","target":{"@type":"EntryPoint","urlTemplate":"https:\/\/vapingnet.de\/?s={search_term_string}"},"query-input":{"@type":"PropertyValueSpecification","valueRequired":true,"valueName":"search_term_string"}}],"inLanguage":"sk-SK"},{"@type":"Organization","@id":"https:\/\/vapingnet.de\/#organization","name":"Vapingnet.de","url":"https:\/\/vapingnet.de\/","logo":{"@type":"ImageObject","inLanguage":"sk-SK","@id":"https:\/\/vapingnet.de\/#\/schema\/logo\/image\/","url":"https:\/\/vapingnet.de\/wp-content\/uploads\/2025\/03\/cropped-vapingnet.de_.jpg","contentUrl":"https:\/\/vapingnet.de\/wp-content\/uploads\/2025\/03\/cropped-vapingnet.de_.jpg","width":512,"height":512,"caption":"Vapingnet.de"},"image":{"@id":"https:\/\/vapingnet.de\/#\/schema\/logo\/image\/"},"sameAs":["https:\/\/www.facebook.com\/vapingnetde\/"]}]}},"tiered_pricing_type":"fixed","tiered_pricing_fixed_rules":{"10":"8.07","60":"7.26","110":"6.46","200":"5.65"},"tiered_pricing_product_settings":{"layout":"default","base_unit_name":{"singular":null,"plural":null},"default_variation":null},"tiered_pricing_minimum_quantity":null,"tiered_pricing_roles_data":[],"tiered_pricing_percentage_rules":[],"_links":{"self":[{"href":"https:\/\/vapingnet.de\/sk\/wp-json\/wp\/v2\/product\/6149","targetHints":{"allow":["GET"]}}],"collection":[{"href":"https:\/\/vapingnet.de\/sk\/wp-json\/wp\/v2\/product"}],"about":[{"href":"https:\/\/vapingnet.de\/sk\/wp-json\/wp\/v2\/types\/product"}],"version-history":[{"count":3,"href":"https:\/\/vapingnet.de\/sk\/wp-json\/wp\/v2\/product\/6149\/revisions"}],"predecessor-version":[{"id":6163,"href":"https:\/\/vapingnet.de\/sk\/wp-json\/wp\/v2\/product\/6149\/revisions\/6163"}],"wp:featuredmedia":[{"embeddable":true,"href":"https:\/\/vapingnet.de\/sk\/wp-json\/wp\/v2\/media\/6131"}],"wp:attachment":[{"href":"https:\/\/vapingnet.de\/sk\/wp-json\/wp\/v2\/media?parent=6149"}],"wp:term":[{"taxonomy":"brand","embeddable":true,"href":"https:\/\/vapingnet.de\/sk\/wp-json\/wp\/v2\/etheme_brands?post=6149"},{"taxonomy":"product_brand","embeddable":true,"href":"https:\/\/vapingnet.de\/sk\/wp-json\/wp\/v2\/product_brand?post=6149"},{"taxonomy":"product_cat","embeddable":true,"href":"https:\/\/vapingnet.de\/sk\/wp-json\/wp\/v2\/product_cat?post=6149"},{"taxonomy":"product_tag","embeddable":true,"href":"https:\/\/vapingnet.de\/sk\/wp-json\/wp\/v2\/product_tag?post=6149"}],"curies":[{"name":"wp","href":"https:\/\/api.w.org\/{rel}","templated":true}]}}