{"id":6150,"date":"2025-04-07T03:45:05","date_gmt":"2025-04-07T03:45:05","guid":{"rendered":"https:\/\/vapingnet.de\/?post_type=product&#038;p=6150"},"modified":"2025-06-19T03:40:01","modified_gmt":"2025-06-19T03:40:01","slug":"bang-king-25000-puffs-triple-berry-ice-top-geschmack-keine-zollgebuehren","status":"publish","type":"product","link":"https:\/\/vapingnet.de\/sk\/vape\/bang-king-25000-puffs-triple-berry-ice-top-geschmack-keine-zollgebuehren\/","title":{"rendered":"Bang King 25000 Puffs Triple Berry Ice Top pr\u00edchu\u0165 Bez coln\u00fdch poplatkov"},"content":{"rendered":"<h2 data-start=\"0\" data-end=\"73\">Bang King 25000 Pufov Jednorazov\u00e1 E-Cigareta \u2013 Chu\u0165 Triple Berry Ice<\/h2>\n<p class=\"\" data-start=\"75\" data-end=\"428\">Pre milovn\u00edkov e-cigariet je snom n\u00e1js\u0165 kvalitn\u00fd, dlhotrvaj\u00faci a chu\u0165ovo bohat\u00fd pr\u00edstroj. Nov\u00e1 Bang King 25000 Pufov s chu\u0165ou Triple Berry Ice (Trojn\u00e1sobn\u00e9 bobu\u013eov\u00e9 zmrznutie) ti pon\u00faka jedine\u010dn\u00fd z\u00e1\u017eitok z vapovania, ktor\u00fd spln\u00ed v\u0161etky tvoje po\u017eiadavky na chu\u0165, pohodlie a v\u00fdkon.<\/p>\n<h4 data-start=\"430\" data-end=\"451\">Preh\u013ead produktu:<\/h4>\n<ul data-start=\"453\" data-end=\"931\">\n<li class=\"\" data-start=\"453\" data-end=\"490\">\n<p class=\"\" data-start=\"455\" data-end=\"490\">Model: Bang King 25000 Pufov<\/p>\n<\/li>\n<li class=\"\" data-start=\"491\" data-end=\"549\">\n<p class=\"\" data-start=\"493\" data-end=\"549\">Chu\u0165: Triple Berry Ice (Trojn\u00e1sobn\u00e9 bobu\u013eov\u00e9 zmrznutie)<\/p>\n<\/li>\n<li class=\"\" data-start=\"550\" data-end=\"600\">\n<p class=\"\" data-start=\"552\" data-end=\"600\">Koncentr\u00e1cia nikot\u00ednov\u00fdch sol\u00ed: 0%, 2%, 3%, 5%<\/p>\n<\/li>\n<li class=\"\" data-start=\"601\" data-end=\"635\">\n<p class=\"\" data-start=\"603\" data-end=\"635\">Vaporiza\u010d: Mesh cievka 1,0\u03a9<\/p>\n<\/li>\n<li class=\"\" data-start=\"636\" data-end=\"715\">\n<p class=\"\" data-start=\"638\" data-end=\"715\">Kapacita tekutiny: 23ml + 23ml (dva pods, ka\u017ed\u00fd pod dod\u00e1va 12 500 \u0165ahov)<\/p>\n<\/li>\n<li class=\"\" data-start=\"716\" data-end=\"740\">\n<p class=\"\" data-start=\"718\" data-end=\"740\">Bat\u00e9ria: 650mAh<\/p>\n<\/li>\n<li class=\"\" data-start=\"741\" data-end=\"770\">\n<p class=\"\" data-start=\"743\" data-end=\"770\">Nab\u00edjac\u00ed port: Type-C<\/p>\n<\/li>\n<li class=\"\" data-start=\"771\" data-end=\"809\">\n<p class=\"\" data-start=\"773\" data-end=\"809\">Typ produktu: Jednorazov\u00e1 e-cigareta<\/p>\n<\/li>\n<li class=\"\" data-start=\"810\" data-end=\"843\">\n<p class=\"\" data-start=\"812\" data-end=\"843\">Doba dodania: 7-15 pracovn\u00fdch dn\u00ed<\/p>\n<\/li>\n<li class=\"\" data-start=\"844\" data-end=\"880\">\n<p class=\"\" data-start=\"846\" data-end=\"880\">V\u00fdhoda: Doru\u010denie bez cla<\/p>\n<\/li>\n<li class=\"\" data-start=\"881\" data-end=\"931\">\n<p class=\"\" data-start=\"883\" data-end=\"931\">K\u00fapi\u0165: vapingnet.de<\/p>\n<\/li>\n<\/ul>\n<h4 data-start=\"933\" data-end=\"956\">Hlavn\u00e9 vlastnosti produktu:<\/h4>\n<p class=\"\" data-start=\"958\" data-end=\"1398\">1. Chu\u0165 Triple Berry Ice \u2013 \u010cerstv\u00e1 a osvie\u017euj\u00faca<br data-start=\"1016\" data-end=\"1019\" \/>Chu\u0165 Triple Berry Ice kombinuje sladkos\u0165 viacer\u00fdch bob\u00fa\u013e s osvie\u017euj\u00facim, \u013eadov\u00fdm chladiv\u00fdm efektom. Ka\u017ed\u00fd \u0165ah pon\u00faka intenz\u00edvny ovocn\u00fd z\u00e1\u017eitok s pr\u00edjemnou svie\u017eos\u0165ou \u2013 ide\u00e1lne na hor\u00face letn\u00e9 dni alebo relaxa\u010dn\u00e9 chv\u00edle. T\u00e1to kombin\u00e1cia ovocnej chuti a chladiv\u00e9ho osvie\u017eenia je nevyhnutn\u00e1 pre v\u0161etk\u00fdch, ktor\u00ed h\u013eadaj\u00fa intenz\u00edvny z\u00e1\u017eitok z chuti.<\/p>\n<p class=\"\" data-start=\"1400\" data-end=\"1744\">2. Dlh\u00e1 doba pou\u017e\u00edvania na cel\u00fd de\u0148<br data-start=\"1445\" data-end=\"1448\" \/>Bang King 25000 Pufov m\u00e1 dvojpodov\u00e9 prevedenie, pri\u010dom ka\u017ed\u00fd pod pojme 23 ml tekutiny, tak\u017ee m\u00e1\u0161 k dispoz\u00edcii celkovo 46 ml tekutiny. To znamen\u00e1, \u017ee si m\u00f4\u017ee\u0161 vychutna\u0165 a\u017e 25 000 \u0165ahov \u2013 ide\u00e1lne pre pou\u017e\u00edvate\u013eov, ktor\u00ed nechc\u00fa \u010dasto dop\u013a\u0148a\u0165 alebo meni\u0165 pods.<\/p>\n<p class=\"\" data-start=\"1746\" data-end=\"2086\">3. Mesh cievka technol\u00f3gia pre jemn\u00fd z\u00e1\u017eitok z vapovania<br data-start=\"1804\" data-end=\"1807\" \/>S technol\u00f3giou Mesh cievky 1,0\u03a9 sa tekutina rovnomerne vapuje, \u010do zabezpe\u010duje jemn\u00fd, rovnomern\u00fd dym. To pre teba znamen\u00e1 vylep\u0161en\u00fd z\u00e1\u017eitok z chuti a pr\u00edjemn\u00fa produkciu dymu \u2013 ide\u00e1lne pre vapovanie, ktor\u00ed klad\u00fa d\u00f4raz na kvalitn\u00fa technol\u00f3giu.<\/p>\n<p class=\"\" data-start=\"2088\" data-end=\"2340\">4. R\u00fdchle nab\u00edjanie Type-C pre kontinu\u00e1lne vapovanie<br data-start=\"2144\" data-end=\"2147\" \/>Bat\u00e9ria s kapacitou 650mAh sa nab\u00edja cez Type-C port, \u010do zabezpe\u010duje r\u00fdchle nab\u00edjanie. Tak\u017ee m\u00f4\u017ee\u0161 r\u00fdchlo op\u00e4\u0165 pou\u017e\u00edva\u0165 e-cigaretu a bez probl\u00e9mov ju nosi\u0165 so sebou.<\/p>\n<h3>Pre\u010do si vybra\u0165 Bang King 25000 Puffs?<\/h3>\n<p class=\"\" data-start=\"2676\" data-end=\"3040\">Ak h\u013ead\u00e1\u0161 odoln\u00fa, v\u00fdkonn\u00fa e-cigaretu, ktor\u00e1 ti poskytne intenz\u00edvny z\u00e1\u017eitok z chuti, potom je Bang King 25000 Pufov s Triple Berry Ice presne to, \u010do potrebuje\u0161. Kombinuje dlh\u00fa \u017eivotnos\u0165, r\u00f4zne mo\u017enosti nikot\u00ednu a vynikaj\u00facu technol\u00f3giu, \u010do ju rob\u00ed vynikaj\u00facou vo\u013ebou pre v\u0161etk\u00fdch vapovanie.<\/p>\n<h4 data-start=\"3042\" data-end=\"3095\">K\u00fapte teraz a vychutnajte si ultim\u00e1tne z\u00e1\u017eitky<\/h4>\n<p class=\"\" data-start=\"3097\" data-end=\"3323\">Nav\u0161t\u00edvte teraz vapingnet.de, aby ste si zabezpe\u010dili Bang King 25000 Puffs a za\u017eili jedine\u010dn\u00fa chu\u0165 Triple Berry Ice \u2013 osvie\u017euj\u00faci a ovocn\u00fd z\u00e1\u017eitok z vapovania, ktor\u00fd nesmiete preme\u0161ka\u0165!<\/p>","protected":false},"excerpt":{"rendered":"<p>Bang King 25000 Puffs Jednorazov\u00e1 e-cigareta \u2013 Triple Berry Ice Chu\u0165 Pre milovn\u00edkov e-cigariet je to sen, kvalitn\u00e9, dlhotrvaj\u00face a chu\u0165ovo bohat\u00e9 zariadenie...<\/p>","protected":false},"featured_media":6137,"template":"","meta":[],"etheme_brands":[],"product_brand":[101],"product_cat":[55,49,61],"product_tag":[],"class_list":{"0":"post-6150","1":"product","2":"type-product","3":"status-publish","4":"has-post-thumbnail","6":"product_brand-bang-king-vape","7":"product_cat-vape-25000-zuege","8":"product_cat-einweg-e-zigarette","9":"product_cat-f","11":"first","12":"instock","13":"shipping-taxable","14":"purchasable","15":"product-type-simple"},"yoast_head":"<!-- This site is optimized with the Yoast SEO plugin v26.5 - https:\/\/yoast.com\/wordpress\/plugins\/seo\/ -->\n<title>Bang King 25000 Puffs Triple Berry Ice Top Geschmack Keine Zollgeb\u00fchren | Vapingnet.de<\/title>\n<meta name=\"description\" content=\"Entdecke Bang King 25000 Puffs Triple Berry Ice Top Geschmack Keine Zollgeb\u00fchren bei vapingnet.de, \u25ba Gro\u00dfe Auswahl an Geschmacksrichtungen &amp; super g\u00fcnstig!\" \/>\n<meta name=\"robots\" content=\"index, follow, max-snippet:-1, max-image-preview:large, max-video-preview:-1\" \/>\n<link rel=\"canonical\" href=\"https:\/\/vapingnet.de\/sk\/vape\/bang-king-25000-puffs-triple-berry-ice-top-geschmack-keine-zollgebuehren\/\" \/>\n<meta property=\"og:locale\" content=\"sk_SK\" \/>\n<meta property=\"og:type\" content=\"article\" \/>\n<meta property=\"og:title\" content=\"Bang King 25000 Puffs Triple Berry Ice Top Geschmack Keine Zollgeb\u00fchren | Vapingnet.de\" \/>\n<meta property=\"og:description\" content=\"Entdecke Bang King 25000 Puffs Triple Berry Ice Top Geschmack Keine Zollgeb\u00fchren bei vapingnet.de, \u25ba Gro\u00dfe Auswahl an Geschmacksrichtungen &amp; super g\u00fcnstig!\" \/>\n<meta property=\"og:url\" content=\"https:\/\/vapingnet.de\/sk\/vape\/bang-king-25000-puffs-triple-berry-ice-top-geschmack-keine-zollgebuehren\/\" \/>\n<meta property=\"og:site_name\" content=\"Vapingnet.de\" \/>\n<meta property=\"article:publisher\" content=\"https:\/\/www.facebook.com\/vapingnetde\/\" \/>\n<meta property=\"article:modified_time\" content=\"2025-06-19T03:40:01+00:00\" \/>\n<meta property=\"og:image\" content=\"https:\/\/vapingnet.de\/wp-content\/uploads\/2025\/04\/bang-25k-vape-Triple-Berry-Ice.png\" \/>\n\t<meta property=\"og:image:width\" content=\"1000\" \/>\n\t<meta property=\"og:image:height\" content=\"1000\" \/>\n\t<meta property=\"og:image:type\" content=\"image\/png\" \/>\n<meta name=\"twitter:card\" content=\"summary_large_image\" \/>\n<meta name=\"twitter:label1\" content=\"Est. reading time\" \/>\n\t<meta name=\"twitter:data1\" content=\"3 minutes\" \/>\n<script type=\"application\/ld+json\" class=\"yoast-schema-graph\">{\"@context\":\"https:\/\/schema.org\",\"@graph\":[{\"@type\":\"WebPage\",\"@id\":\"https:\/\/vapingnet.de\/vape\/bang-king-25000-puffs-triple-berry-ice-top-geschmack-keine-zollgebuehren\/\",\"url\":\"https:\/\/vapingnet.de\/vape\/bang-king-25000-puffs-triple-berry-ice-top-geschmack-keine-zollgebuehren\/\",\"name\":\"Bang King 25000 Puffs Triple Berry Ice Top Geschmack Keine Zollgeb\u00fchren | Vapingnet.de\",\"isPartOf\":{\"@id\":\"https:\/\/vapingnet.de\/#website\"},\"primaryImageOfPage\":{\"@id\":\"https:\/\/vapingnet.de\/vape\/bang-king-25000-puffs-triple-berry-ice-top-geschmack-keine-zollgebuehren\/#primaryimage\"},\"image\":{\"@id\":\"https:\/\/vapingnet.de\/vape\/bang-king-25000-puffs-triple-berry-ice-top-geschmack-keine-zollgebuehren\/#primaryimage\"},\"thumbnailUrl\":\"https:\/\/vapingnet.de\/wp-content\/uploads\/2025\/04\/bang-25k-vape-Triple-Berry-Ice.png\",\"datePublished\":\"2025-04-07T03:45:05+00:00\",\"dateModified\":\"2025-06-19T03:40:01+00:00\",\"description\":\"Entdecke Bang King 25000 Puffs Triple Berry Ice Top Geschmack Keine Zollgeb\u00fchren bei vapingnet.de, \u25ba Gro\u00dfe Auswahl an Geschmacksrichtungen & super g\u00fcnstig!\",\"breadcrumb\":{\"@id\":\"https:\/\/vapingnet.de\/vape\/bang-king-25000-puffs-triple-berry-ice-top-geschmack-keine-zollgebuehren\/#breadcrumb\"},\"inLanguage\":\"sk-SK\",\"potentialAction\":[{\"@type\":\"ReadAction\",\"target\":[\"https:\/\/vapingnet.de\/vape\/bang-king-25000-puffs-triple-berry-ice-top-geschmack-keine-zollgebuehren\/\"]}]},{\"@type\":\"ImageObject\",\"inLanguage\":\"sk-SK\",\"@id\":\"https:\/\/vapingnet.de\/vape\/bang-king-25000-puffs-triple-berry-ice-top-geschmack-keine-zollgebuehren\/#primaryimage\",\"url\":\"https:\/\/vapingnet.de\/wp-content\/uploads\/2025\/04\/bang-25k-vape-Triple-Berry-Ice.png\",\"contentUrl\":\"https:\/\/vapingnet.de\/wp-content\/uploads\/2025\/04\/bang-25k-vape-Triple-Berry-Ice.png\",\"width\":1000,\"height\":1000},{\"@type\":\"BreadcrumbList\",\"@id\":\"https:\/\/vapingnet.de\/vape\/bang-king-25000-puffs-triple-berry-ice-top-geschmack-keine-zollgebuehren\/#breadcrumb\",\"itemListElement\":[{\"@type\":\"ListItem\",\"position\":1,\"name\":\"Home\",\"item\":\"https:\/\/vapingnet.de\/\"},{\"@type\":\"ListItem\",\"position\":2,\"name\":\"Shop\",\"item\":\"https:\/\/vapingnet.de\/vape\/\"},{\"@type\":\"ListItem\",\"position\":3,\"name\":\"Bang King 25000 Puffs Triple Berry Ice Top Geschmack Keine Zollgeb\u00fchren\"}]},{\"@type\":\"WebSite\",\"@id\":\"https:\/\/vapingnet.de\/#website\",\"url\":\"https:\/\/vapingnet.de\/\",\"name\":\"Vapingnet.de\",\"description\":\"\",\"publisher\":{\"@id\":\"https:\/\/vapingnet.de\/#organization\"},\"potentialAction\":[{\"@type\":\"SearchAction\",\"target\":{\"@type\":\"EntryPoint\",\"urlTemplate\":\"https:\/\/vapingnet.de\/?s={search_term_string}\"},\"query-input\":{\"@type\":\"PropertyValueSpecification\",\"valueRequired\":true,\"valueName\":\"search_term_string\"}}],\"inLanguage\":\"sk-SK\"},{\"@type\":\"Organization\",\"@id\":\"https:\/\/vapingnet.de\/#organization\",\"name\":\"Vapingnet.de\",\"url\":\"https:\/\/vapingnet.de\/\",\"logo\":{\"@type\":\"ImageObject\",\"inLanguage\":\"sk-SK\",\"@id\":\"https:\/\/vapingnet.de\/#\/schema\/logo\/image\/\",\"url\":\"https:\/\/vapingnet.de\/wp-content\/uploads\/2025\/03\/cropped-vapingnet.de_.jpg\",\"contentUrl\":\"https:\/\/vapingnet.de\/wp-content\/uploads\/2025\/03\/cropped-vapingnet.de_.jpg\",\"width\":512,\"height\":512,\"caption\":\"Vapingnet.de\"},\"image\":{\"@id\":\"https:\/\/vapingnet.de\/#\/schema\/logo\/image\/\"},\"sameAs\":[\"https:\/\/www.facebook.com\/vapingnetde\/\"]}]}<\/script>\n<!-- \/ Yoast SEO plugin. -->","yoast_head_json":{"title":"Bang King 25000 Puffs Triple Berry Ice Top Geschmack Keine Zollgeb\u00fchren | Vapingnet.de","description":"Entdecke Bang King 25000 Puffs Triple Berry Ice Top Geschmack Keine Zollgeb\u00fchren bei vapingnet.de, \u25ba Gro\u00dfe Auswahl an Geschmacksrichtungen & super g\u00fcnstig!","robots":{"index":"index","follow":"follow","max-snippet":"max-snippet:-1","max-image-preview":"max-image-preview:large","max-video-preview":"max-video-preview:-1"},"canonical":"https:\/\/vapingnet.de\/sk\/vape\/bang-king-25000-puffs-triple-berry-ice-top-geschmack-keine-zollgebuehren\/","og_locale":"sk_SK","og_type":"article","og_title":"Bang King 25000 Puffs Triple Berry Ice Top Geschmack Keine Zollgeb\u00fchren | Vapingnet.de","og_description":"Entdecke Bang King 25000 Puffs Triple Berry Ice Top Geschmack Keine Zollgeb\u00fchren bei vapingnet.de, \u25ba Gro\u00dfe Auswahl an Geschmacksrichtungen & super g\u00fcnstig!","og_url":"https:\/\/vapingnet.de\/sk\/vape\/bang-king-25000-puffs-triple-berry-ice-top-geschmack-keine-zollgebuehren\/","og_site_name":"Vapingnet.de","article_publisher":"https:\/\/www.facebook.com\/vapingnetde\/","article_modified_time":"2025-06-19T03:40:01+00:00","og_image":[{"width":1000,"height":1000,"url":"https:\/\/vapingnet.de\/wp-content\/uploads\/2025\/04\/bang-25k-vape-Triple-Berry-Ice.png","type":"image\/png"}],"twitter_card":"summary_large_image","twitter_misc":{"Est. reading time":"3 minutes"},"schema":{"@context":"https:\/\/schema.org","@graph":[{"@type":"WebPage","@id":"https:\/\/vapingnet.de\/vape\/bang-king-25000-puffs-triple-berry-ice-top-geschmack-keine-zollgebuehren\/","url":"https:\/\/vapingnet.de\/vape\/bang-king-25000-puffs-triple-berry-ice-top-geschmack-keine-zollgebuehren\/","name":"Bang King 25000 Puffs Triple Berry Ice Top Geschmack Keine Zollgeb\u00fchren | Vapingnet.de","isPartOf":{"@id":"https:\/\/vapingnet.de\/#website"},"primaryImageOfPage":{"@id":"https:\/\/vapingnet.de\/vape\/bang-king-25000-puffs-triple-berry-ice-top-geschmack-keine-zollgebuehren\/#primaryimage"},"image":{"@id":"https:\/\/vapingnet.de\/vape\/bang-king-25000-puffs-triple-berry-ice-top-geschmack-keine-zollgebuehren\/#primaryimage"},"thumbnailUrl":"https:\/\/vapingnet.de\/wp-content\/uploads\/2025\/04\/bang-25k-vape-Triple-Berry-Ice.png","datePublished":"2025-04-07T03:45:05+00:00","dateModified":"2025-06-19T03:40:01+00:00","description":"Entdecke Bang King 25000 Puffs Triple Berry Ice Top Geschmack Keine Zollgeb\u00fchren bei vapingnet.de, \u25ba Gro\u00dfe Auswahl an Geschmacksrichtungen & super g\u00fcnstig!","breadcrumb":{"@id":"https:\/\/vapingnet.de\/vape\/bang-king-25000-puffs-triple-berry-ice-top-geschmack-keine-zollgebuehren\/#breadcrumb"},"inLanguage":"sk-SK","potentialAction":[{"@type":"ReadAction","target":["https:\/\/vapingnet.de\/vape\/bang-king-25000-puffs-triple-berry-ice-top-geschmack-keine-zollgebuehren\/"]}]},{"@type":"ImageObject","inLanguage":"sk-SK","@id":"https:\/\/vapingnet.de\/vape\/bang-king-25000-puffs-triple-berry-ice-top-geschmack-keine-zollgebuehren\/#primaryimage","url":"https:\/\/vapingnet.de\/wp-content\/uploads\/2025\/04\/bang-25k-vape-Triple-Berry-Ice.png","contentUrl":"https:\/\/vapingnet.de\/wp-content\/uploads\/2025\/04\/bang-25k-vape-Triple-Berry-Ice.png","width":1000,"height":1000},{"@type":"BreadcrumbList","@id":"https:\/\/vapingnet.de\/vape\/bang-king-25000-puffs-triple-berry-ice-top-geschmack-keine-zollgebuehren\/#breadcrumb","itemListElement":[{"@type":"ListItem","position":1,"name":"Home","item":"https:\/\/vapingnet.de\/"},{"@type":"ListItem","position":2,"name":"Shop","item":"https:\/\/vapingnet.de\/vape\/"},{"@type":"ListItem","position":3,"name":"Bang King 25000 Puffs Triple Berry Ice Top Geschmack Keine Zollgeb\u00fchren"}]},{"@type":"WebSite","@id":"https:\/\/vapingnet.de\/#website","url":"https:\/\/vapingnet.de\/","name":"Vapingnet.de","description":"","publisher":{"@id":"https:\/\/vapingnet.de\/#organization"},"potentialAction":[{"@type":"SearchAction","target":{"@type":"EntryPoint","urlTemplate":"https:\/\/vapingnet.de\/?s={search_term_string}"},"query-input":{"@type":"PropertyValueSpecification","valueRequired":true,"valueName":"search_term_string"}}],"inLanguage":"sk-SK"},{"@type":"Organization","@id":"https:\/\/vapingnet.de\/#organization","name":"Vapingnet.de","url":"https:\/\/vapingnet.de\/","logo":{"@type":"ImageObject","inLanguage":"sk-SK","@id":"https:\/\/vapingnet.de\/#\/schema\/logo\/image\/","url":"https:\/\/vapingnet.de\/wp-content\/uploads\/2025\/03\/cropped-vapingnet.de_.jpg","contentUrl":"https:\/\/vapingnet.de\/wp-content\/uploads\/2025\/03\/cropped-vapingnet.de_.jpg","width":512,"height":512,"caption":"Vapingnet.de"},"image":{"@id":"https:\/\/vapingnet.de\/#\/schema\/logo\/image\/"},"sameAs":["https:\/\/www.facebook.com\/vapingnetde\/"]}]}},"tiered_pricing_type":"fixed","tiered_pricing_fixed_rules":{"10":"8.07","60":"7.26","110":"6.46","200":"5.65"},"tiered_pricing_product_settings":{"layout":"default","base_unit_name":{"singular":null,"plural":null},"default_variation":null},"tiered_pricing_minimum_quantity":null,"tiered_pricing_roles_data":[],"tiered_pricing_percentage_rules":[],"_links":{"self":[{"href":"https:\/\/vapingnet.de\/sk\/wp-json\/wp\/v2\/product\/6150","targetHints":{"allow":["GET"]}}],"collection":[{"href":"https:\/\/vapingnet.de\/sk\/wp-json\/wp\/v2\/product"}],"about":[{"href":"https:\/\/vapingnet.de\/sk\/wp-json\/wp\/v2\/types\/product"}],"version-history":[{"count":4,"href":"https:\/\/vapingnet.de\/sk\/wp-json\/wp\/v2\/product\/6150\/revisions"}],"predecessor-version":[{"id":6166,"href":"https:\/\/vapingnet.de\/sk\/wp-json\/wp\/v2\/product\/6150\/revisions\/6166"}],"wp:featuredmedia":[{"embeddable":true,"href":"https:\/\/vapingnet.de\/sk\/wp-json\/wp\/v2\/media\/6137"}],"wp:attachment":[{"href":"https:\/\/vapingnet.de\/sk\/wp-json\/wp\/v2\/media?parent=6150"}],"wp:term":[{"taxonomy":"brand","embeddable":true,"href":"https:\/\/vapingnet.de\/sk\/wp-json\/wp\/v2\/etheme_brands?post=6150"},{"taxonomy":"product_brand","embeddable":true,"href":"https:\/\/vapingnet.de\/sk\/wp-json\/wp\/v2\/product_brand?post=6150"},{"taxonomy":"product_cat","embeddable":true,"href":"https:\/\/vapingnet.de\/sk\/wp-json\/wp\/v2\/product_cat?post=6150"},{"taxonomy":"product_tag","embeddable":true,"href":"https:\/\/vapingnet.de\/sk\/wp-json\/wp\/v2\/product_tag?post=6150"}],"curies":[{"name":"wp","href":"https:\/\/api.w.org\/{rel}","templated":true}]}}