{"id":6221,"date":"2025-04-11T01:32:02","date_gmt":"2025-04-11T01:32:02","guid":{"rendered":"https:\/\/vapingnet.de\/?post_type=product&#038;p=6221"},"modified":"2025-12-30T08:42:02","modified_gmt":"2025-12-30T08:42:02","slug":"bang-tn-12000-puffs-mit-blueberry-raspberry-ice-der-neue-geschmackstrend","status":"publish","type":"product","link":"https:\/\/vapingnet.de\/sk\/vape\/bang-tn-12000-puffs-mit-blueberry-raspberry-ice-der-neue-geschmackstrend\/","title":{"rendered":"Bang Tn 12000 Puffs s Blueberry Raspberry Ice, nov\u00fdm trendom v chuti"},"content":{"rendered":"<h2 class=\"\" data-start=\"109\" data-end=\"161\" data-immersive-translate-walked=\"7aa2f41b-4f97-4254-aad2-220a607a0cf4\" data-immersive-translate-paragraph=\"1\">Objavte Bang Tn 12000 \u2013 v\u00fdkon stret\u00e1va \u0161t\u00fdl<\/h2>\n<p data-start=\"163\" data-end=\"208\" data-immersive-translate-walked=\"7aa2f41b-4f97-4254-aad2-220a607a0cf4\" data-immersive-translate-paragraph=\"1\">\ud83c\udf47 Chu\u0165ov\u00fd z\u00e1\u017eitok na novej \u00farovni<\/p>\n<p class=\"\" data-start=\"210\" data-end=\"446\" data-immersive-translate-walked=\"7aa2f41b-4f97-4254-aad2-220a607a0cf4\" data-immersive-translate-paragraph=\"1\">Bang Tn 12000 Puffs v\u00e1s nadchne intenz\u00edvnou ar\u00f3mou Blueberry Raspberry Ice \u2013 ovocn\u00e1, svie\u017ea, s n\u00e1dychom mraziv\u00e9ho chladiva. Ide\u00e1lne pre v\u0161etk\u00fdch, ktor\u00ed si cenia vyv\u00e1\u017een\u00fd, osvie\u017euj\u00faci z\u00e1\u017eitok z vapovania.<\/p>\n<h3 class=\"\" data-start=\"453\" data-end=\"486\" data-immersive-translate-walked=\"7aa2f41b-4f97-4254-aad2-220a607a0cf4\" data-immersive-translate-paragraph=\"1\">\ud83d\udd0b Technol\u00f3gia, ktor\u00e1 presved\u010d\u00ed<\/h3>\n<ul data-start=\"488\" data-end=\"860\" data-immersive-translate-walked=\"7aa2f41b-4f97-4254-aad2-220a607a0cf4\">\n<li class=\"\" data-start=\"488\" data-end=\"514\" data-immersive-translate-walked=\"7aa2f41b-4f97-4254-aad2-220a607a0cf4\">\n<p class=\"\" data-start=\"490\" data-end=\"514\" data-immersive-translate-walked=\"7aa2f41b-4f97-4254-aad2-220a607a0cf4\" data-immersive-translate-paragraph=\"1\">Tekutina: 20 ml<\/p>\n<\/li>\n<li class=\"\" data-start=\"515\" data-end=\"604\" data-immersive-translate-walked=\"7aa2f41b-4f97-4254-aad2-220a607a0cf4\">\n<p class=\"\" data-start=\"517\" data-end=\"604\" data-immersive-translate-walked=\"7aa2f41b-4f97-4254-aad2-220a607a0cf4\" data-immersive-translate-paragraph=\"1\">Obsah nikot\u00ednu: Vyberte si medzi 0%, 2%, 3% alebo 5% \u2013 pod\u013ea v\u00e1\u0161ho vkusu<\/p>\n<\/li>\n<li class=\"\" data-start=\"605\" data-end=\"663\" data-immersive-translate-walked=\"7aa2f41b-4f97-4254-aad2-220a607a0cf4\">\n<p class=\"\" data-start=\"607\" data-end=\"663\" data-immersive-translate-walked=\"7aa2f41b-4f97-4254-aad2-220a607a0cf4\" data-immersive-translate-paragraph=\"1\">Bat\u00e9ria: 650 mAh \u2013 v\u00fdkonn\u00e1 a spo\u013eahliv\u00e1<\/p>\n<\/li>\n<li class=\"\" data-start=\"664\" data-end=\"723\" data-immersive-translate-walked=\"7aa2f41b-4f97-4254-aad2-220a607a0cf4\">\n<p class=\"\" data-start=\"666\" data-end=\"723\" data-immersive-translate-walked=\"7aa2f41b-4f97-4254-aad2-220a607a0cf4\" data-immersive-translate-paragraph=\"1\">Dob\u00edjanie: R\u00fdchle nab\u00edjanie cez Type-C port<\/p>\n<\/li>\n<li class=\"\" data-start=\"724\" data-end=\"749\" data-immersive-translate-walked=\"7aa2f41b-4f97-4254-aad2-220a607a0cf4\">\n<p class=\"\" data-start=\"726\" data-end=\"749\" data-immersive-translate-walked=\"7aa2f41b-4f97-4254-aad2-220a607a0cf4\" data-immersive-translate-paragraph=\"1\">Vstup: 5 V, 1 A<\/p>\n<\/li>\n<li class=\"\" data-start=\"750\" data-end=\"814\" data-immersive-translate-walked=\"7aa2f41b-4f97-4254-aad2-220a607a0cf4\">\n<p class=\"\" data-start=\"752\" data-end=\"814\" data-immersive-translate-walked=\"7aa2f41b-4f97-4254-aad2-220a607a0cf4\" data-immersive-translate-paragraph=\"1\">Mesh cievka: 1,2 Ohm \u2013 pre rovnomern\u00e9, intenz\u00edvne parenie<\/p>\n<\/li>\n<li class=\"\" data-start=\"815\" data-end=\"860\" data-immersive-translate-walked=\"7aa2f41b-4f97-4254-aad2-220a607a0cf4\">\n<p class=\"\" data-start=\"817\" data-end=\"860\" data-immersive-translate-walked=\"7aa2f41b-4f97-4254-aad2-220a607a0cf4\" data-immersive-translate-paragraph=\"1\">Materi\u00e1l: Vy\u0161\u0161ia kvalita PC puzdra<\/p>\n<\/li>\n<\/ul>\n<h4 data-start=\"867\" data-end=\"909\" data-immersive-translate-walked=\"7aa2f41b-4f97-4254-aad2-220a607a0cf4\" data-immersive-translate-paragraph=\"1\">\ud83d\udca8 Jednorazov\u00e9 vapovanie so \u0161t\u00fdlom a obsahom<\/h4>\n<p class=\"\" data-start=\"911\" data-end=\"1155\" data-immersive-translate-walked=\"7aa2f41b-4f97-4254-aad2-220a607a0cf4\" data-immersive-translate-paragraph=\"1\">Bang Tn je jednorazov\u00e9 zariadenie, ktor\u00e9 nesklame:<br data-start=\"973\" data-end=\"976\" data-immersive-translate-walked=\"7aa2f41b-4f97-4254-aad2-220a607a0cf4\" \/>A\u017e 12 000 potiahnut\u00ed zabezpe\u010duje dlhodob\u00fd p\u00f4\u017eitok \u2013 \u00faplne bez dop\u013a\u0148ania alebo nab\u00edjania medzi t\u00fdm (okrem elektriny samozrejme \ud83d\ude09). Sta\u010d\u00ed rozbali\u0165, nabi\u0165 a za\u010da\u0165 vapova\u0165!<\/p>\n<h3>\ud83c\udf0d Pre\u010do objedn\u00e1va\u0165 na vapingnet.de?<\/h3>\n<p class=\"\" data-start=\"1208\" data-end=\"1384\" data-immersive-translate-walked=\"7aa2f41b-4f97-4254-aad2-220a607a0cf4\" data-immersive-translate-paragraph=\"1\">\u2705 \u017diadne coln\u00e9 starosti \u2013 doprava priamo z n\u00e1\u0161ho skladu<br data-start=\"1264\" data-end=\"1267\" data-immersive-translate-walked=\"7aa2f41b-4f97-4254-aad2-220a607a0cf4\" \/>\u2705 Doba doru\u010denia len 7\u201315 pracovn\u00fdch dn\u00ed<br data-start=\"1301\" data-end=\"1304\" data-immersive-translate-walked=\"7aa2f41b-4f97-4254-aad2-220a607a0cf4\" \/>\u2705 Bezpe\u010dne a diskr\u00e9tne zabalen\u00e9<br data-start=\"1335\" data-end=\"1338\" data-immersive-translate-walked=\"7aa2f41b-4f97-4254-aad2-220a607a0cf4\" \/>\u2705 Ide\u00e1lne pre individu\u00e1lnych z\u00e1kazn\u00edkov a ve\u013ekoobchodn\u00edkov<\/p>\n<h4 data-start=\"1391\" data-end=\"1456\" data-immersive-translate-walked=\"7aa2f41b-4f97-4254-aad2-220a607a0cf4\" data-immersive-translate-paragraph=\"1\">\ud83d\udc49 Objednajte teraz na vapingnet.de<\/h4>\n<p class=\"\" data-start=\"1457\" data-end=\"1555\" data-immersive-translate-walked=\"7aa2f41b-4f97-4254-aad2-220a607a0cf4\" data-immersive-translate-paragraph=\"1\">Zabezpe\u010d si Bang Tn 12000 s tvojou preferovanou hladinou nikot\u00ednu \u2013 k\u00fdm z\u00e1soby vydr\u017eia!<\/p>","protected":false},"excerpt":{"rendered":"<p>Objavte Bang Tn 12000 \u2013 V\u00fdkon stret\u00e1va \u0161t\u00fdl \ud83c\udf47 Z\u00e1\u017eitok chuti na novej \u00farovni Bang Tn 12000 Puffs v\u00e1s nadchne intenz\u00edvnou ar\u00f3mou z...<\/p>","protected":false},"featured_media":6222,"template":"","meta":[],"etheme_brands":[],"product_brand":[101],"product_cat":[88,49,61],"product_tag":[],"class_list":{"0":"post-6221","1":"product","2":"type-product","3":"status-publish","4":"has-post-thumbnail","6":"product_brand-bang-king-vape","7":"product_cat-12k-vape","8":"product_cat-einweg-e-zigarette","9":"product_cat-f","11":"first","12":"instock","13":"shipping-taxable","14":"purchasable","15":"product-type-simple"},"yoast_head":"<!-- This site is optimized with the Yoast SEO plugin v26.5 - https:\/\/yoast.com\/wordpress\/plugins\/seo\/ -->\n<title>Bang Tn 12000 Puffs mit Blueberry Raspberry Ice der neue Geschmackstrend | Vapingnet.de<\/title>\n<meta name=\"description\" content=\"Entdecke Bang Tn 12000 Puffs mit Blueberry Raspberry Ice der neue Geschmackstrend bei vapingnet.de, \u25ba Gro\u00dfe Auswahl an Geschmacksrichtungen &amp; super g\u00fcnstig!\" \/>\n<meta name=\"robots\" content=\"index, follow, max-snippet:-1, max-image-preview:large, max-video-preview:-1\" \/>\n<link rel=\"canonical\" href=\"https:\/\/vapingnet.de\/sk\/vape\/bang-tn-12000-puffs-mit-blueberry-raspberry-ice-der-neue-geschmackstrend\/\" \/>\n<meta property=\"og:locale\" content=\"sk_SK\" \/>\n<meta property=\"og:type\" content=\"article\" \/>\n<meta property=\"og:title\" content=\"Bang Tn 12000 Puffs mit Blueberry Raspberry Ice der neue Geschmackstrend | Vapingnet.de\" \/>\n<meta property=\"og:description\" content=\"Entdecke Bang Tn 12000 Puffs mit Blueberry Raspberry Ice der neue Geschmackstrend bei vapingnet.de, \u25ba Gro\u00dfe Auswahl an Geschmacksrichtungen &amp; super g\u00fcnstig!\" \/>\n<meta property=\"og:url\" content=\"https:\/\/vapingnet.de\/sk\/vape\/bang-tn-12000-puffs-mit-blueberry-raspberry-ice-der-neue-geschmackstrend\/\" \/>\n<meta property=\"og:site_name\" content=\"Vapingnet.de\" \/>\n<meta property=\"article:publisher\" content=\"https:\/\/www.facebook.com\/vapingnetde\/\" \/>\n<meta property=\"article:modified_time\" content=\"2025-12-30T08:42:02+00:00\" \/>\n<meta property=\"og:image\" content=\"https:\/\/vapingnet.de\/wp-content\/uploads\/2025\/04\/Blueberry-Raspberry-Ice.png\" \/>\n\t<meta property=\"og:image:width\" content=\"1000\" \/>\n\t<meta property=\"og:image:height\" content=\"1000\" \/>\n\t<meta property=\"og:image:type\" content=\"image\/png\" \/>\n<meta name=\"twitter:card\" content=\"summary_large_image\" \/>\n<meta name=\"twitter:label1\" content=\"Est. reading time\" \/>\n\t<meta name=\"twitter:data1\" content=\"2 minutes\" \/>\n<script type=\"application\/ld+json\" class=\"yoast-schema-graph\">{\"@context\":\"https:\/\/schema.org\",\"@graph\":[{\"@type\":\"WebPage\",\"@id\":\"https:\/\/vapingnet.de\/vape\/bang-tn-12000-puffs-mit-blueberry-raspberry-ice-der-neue-geschmackstrend\/\",\"url\":\"https:\/\/vapingnet.de\/vape\/bang-tn-12000-puffs-mit-blueberry-raspberry-ice-der-neue-geschmackstrend\/\",\"name\":\"Bang Tn 12000 Puffs mit Blueberry Raspberry Ice der neue Geschmackstrend | Vapingnet.de\",\"isPartOf\":{\"@id\":\"https:\/\/vapingnet.de\/#website\"},\"primaryImageOfPage\":{\"@id\":\"https:\/\/vapingnet.de\/vape\/bang-tn-12000-puffs-mit-blueberry-raspberry-ice-der-neue-geschmackstrend\/#primaryimage\"},\"image\":{\"@id\":\"https:\/\/vapingnet.de\/vape\/bang-tn-12000-puffs-mit-blueberry-raspberry-ice-der-neue-geschmackstrend\/#primaryimage\"},\"thumbnailUrl\":\"https:\/\/vapingnet.de\/wp-content\/uploads\/2025\/04\/Blueberry-Raspberry-Ice.png\",\"datePublished\":\"2025-04-11T01:32:02+00:00\",\"dateModified\":\"2025-12-30T08:42:02+00:00\",\"description\":\"Entdecke Bang Tn 12000 Puffs mit Blueberry Raspberry Ice der neue Geschmackstrend bei vapingnet.de, \u25ba Gro\u00dfe Auswahl an Geschmacksrichtungen & super g\u00fcnstig!\",\"breadcrumb\":{\"@id\":\"https:\/\/vapingnet.de\/vape\/bang-tn-12000-puffs-mit-blueberry-raspberry-ice-der-neue-geschmackstrend\/#breadcrumb\"},\"inLanguage\":\"sk-SK\",\"potentialAction\":[{\"@type\":\"ReadAction\",\"target\":[\"https:\/\/vapingnet.de\/vape\/bang-tn-12000-puffs-mit-blueberry-raspberry-ice-der-neue-geschmackstrend\/\"]}]},{\"@type\":\"ImageObject\",\"inLanguage\":\"sk-SK\",\"@id\":\"https:\/\/vapingnet.de\/vape\/bang-tn-12000-puffs-mit-blueberry-raspberry-ice-der-neue-geschmackstrend\/#primaryimage\",\"url\":\"https:\/\/vapingnet.de\/wp-content\/uploads\/2025\/04\/Blueberry-Raspberry-Ice.png\",\"contentUrl\":\"https:\/\/vapingnet.de\/wp-content\/uploads\/2025\/04\/Blueberry-Raspberry-Ice.png\",\"width\":1000,\"height\":1000},{\"@type\":\"BreadcrumbList\",\"@id\":\"https:\/\/vapingnet.de\/vape\/bang-tn-12000-puffs-mit-blueberry-raspberry-ice-der-neue-geschmackstrend\/#breadcrumb\",\"itemListElement\":[{\"@type\":\"ListItem\",\"position\":1,\"name\":\"Home\",\"item\":\"https:\/\/vapingnet.de\/\"},{\"@type\":\"ListItem\",\"position\":2,\"name\":\"Shop\",\"item\":\"https:\/\/vapingnet.de\/vape\/\"},{\"@type\":\"ListItem\",\"position\":3,\"name\":\"Bang Tn 12000 Puffs mit Blueberry Raspberry Ice der neue Geschmackstrend\"}]},{\"@type\":\"WebSite\",\"@id\":\"https:\/\/vapingnet.de\/#website\",\"url\":\"https:\/\/vapingnet.de\/\",\"name\":\"Vapingnet.de\",\"description\":\"\",\"publisher\":{\"@id\":\"https:\/\/vapingnet.de\/#organization\"},\"potentialAction\":[{\"@type\":\"SearchAction\",\"target\":{\"@type\":\"EntryPoint\",\"urlTemplate\":\"https:\/\/vapingnet.de\/?s={search_term_string}\"},\"query-input\":{\"@type\":\"PropertyValueSpecification\",\"valueRequired\":true,\"valueName\":\"search_term_string\"}}],\"inLanguage\":\"sk-SK\"},{\"@type\":\"Organization\",\"@id\":\"https:\/\/vapingnet.de\/#organization\",\"name\":\"Vapingnet.de\",\"url\":\"https:\/\/vapingnet.de\/\",\"logo\":{\"@type\":\"ImageObject\",\"inLanguage\":\"sk-SK\",\"@id\":\"https:\/\/vapingnet.de\/#\/schema\/logo\/image\/\",\"url\":\"https:\/\/vapingnet.de\/wp-content\/uploads\/2025\/03\/cropped-vapingnet.de_.jpg\",\"contentUrl\":\"https:\/\/vapingnet.de\/wp-content\/uploads\/2025\/03\/cropped-vapingnet.de_.jpg\",\"width\":512,\"height\":512,\"caption\":\"Vapingnet.de\"},\"image\":{\"@id\":\"https:\/\/vapingnet.de\/#\/schema\/logo\/image\/\"},\"sameAs\":[\"https:\/\/www.facebook.com\/vapingnetde\/\"]}]}<\/script>\n<!-- \/ Yoast SEO plugin. -->","yoast_head_json":{"title":"Bang Tn 12000 Puffs mit Blueberry Raspberry Ice der neue Geschmackstrend | Vapingnet.de","description":"Entdecke Bang Tn 12000 Puffs mit Blueberry Raspberry Ice der neue Geschmackstrend bei vapingnet.de, \u25ba Gro\u00dfe Auswahl an Geschmacksrichtungen & super g\u00fcnstig!","robots":{"index":"index","follow":"follow","max-snippet":"max-snippet:-1","max-image-preview":"max-image-preview:large","max-video-preview":"max-video-preview:-1"},"canonical":"https:\/\/vapingnet.de\/sk\/vape\/bang-tn-12000-puffs-mit-blueberry-raspberry-ice-der-neue-geschmackstrend\/","og_locale":"sk_SK","og_type":"article","og_title":"Bang Tn 12000 Puffs mit Blueberry Raspberry Ice der neue Geschmackstrend | Vapingnet.de","og_description":"Entdecke Bang Tn 12000 Puffs mit Blueberry Raspberry Ice der neue Geschmackstrend bei vapingnet.de, \u25ba Gro\u00dfe Auswahl an Geschmacksrichtungen & super g\u00fcnstig!","og_url":"https:\/\/vapingnet.de\/sk\/vape\/bang-tn-12000-puffs-mit-blueberry-raspberry-ice-der-neue-geschmackstrend\/","og_site_name":"Vapingnet.de","article_publisher":"https:\/\/www.facebook.com\/vapingnetde\/","article_modified_time":"2025-12-30T08:42:02+00:00","og_image":[{"width":1000,"height":1000,"url":"https:\/\/vapingnet.de\/wp-content\/uploads\/2025\/04\/Blueberry-Raspberry-Ice.png","type":"image\/png"}],"twitter_card":"summary_large_image","twitter_misc":{"Est. reading time":"2 minutes"},"schema":{"@context":"https:\/\/schema.org","@graph":[{"@type":"WebPage","@id":"https:\/\/vapingnet.de\/vape\/bang-tn-12000-puffs-mit-blueberry-raspberry-ice-der-neue-geschmackstrend\/","url":"https:\/\/vapingnet.de\/vape\/bang-tn-12000-puffs-mit-blueberry-raspberry-ice-der-neue-geschmackstrend\/","name":"Bang Tn 12000 Puffs mit Blueberry Raspberry Ice der neue Geschmackstrend | Vapingnet.de","isPartOf":{"@id":"https:\/\/vapingnet.de\/#website"},"primaryImageOfPage":{"@id":"https:\/\/vapingnet.de\/vape\/bang-tn-12000-puffs-mit-blueberry-raspberry-ice-der-neue-geschmackstrend\/#primaryimage"},"image":{"@id":"https:\/\/vapingnet.de\/vape\/bang-tn-12000-puffs-mit-blueberry-raspberry-ice-der-neue-geschmackstrend\/#primaryimage"},"thumbnailUrl":"https:\/\/vapingnet.de\/wp-content\/uploads\/2025\/04\/Blueberry-Raspberry-Ice.png","datePublished":"2025-04-11T01:32:02+00:00","dateModified":"2025-12-30T08:42:02+00:00","description":"Entdecke Bang Tn 12000 Puffs mit Blueberry Raspberry Ice der neue Geschmackstrend bei vapingnet.de, \u25ba Gro\u00dfe Auswahl an Geschmacksrichtungen & super g\u00fcnstig!","breadcrumb":{"@id":"https:\/\/vapingnet.de\/vape\/bang-tn-12000-puffs-mit-blueberry-raspberry-ice-der-neue-geschmackstrend\/#breadcrumb"},"inLanguage":"sk-SK","potentialAction":[{"@type":"ReadAction","target":["https:\/\/vapingnet.de\/vape\/bang-tn-12000-puffs-mit-blueberry-raspberry-ice-der-neue-geschmackstrend\/"]}]},{"@type":"ImageObject","inLanguage":"sk-SK","@id":"https:\/\/vapingnet.de\/vape\/bang-tn-12000-puffs-mit-blueberry-raspberry-ice-der-neue-geschmackstrend\/#primaryimage","url":"https:\/\/vapingnet.de\/wp-content\/uploads\/2025\/04\/Blueberry-Raspberry-Ice.png","contentUrl":"https:\/\/vapingnet.de\/wp-content\/uploads\/2025\/04\/Blueberry-Raspberry-Ice.png","width":1000,"height":1000},{"@type":"BreadcrumbList","@id":"https:\/\/vapingnet.de\/vape\/bang-tn-12000-puffs-mit-blueberry-raspberry-ice-der-neue-geschmackstrend\/#breadcrumb","itemListElement":[{"@type":"ListItem","position":1,"name":"Home","item":"https:\/\/vapingnet.de\/"},{"@type":"ListItem","position":2,"name":"Shop","item":"https:\/\/vapingnet.de\/vape\/"},{"@type":"ListItem","position":3,"name":"Bang Tn 12000 Puffs mit Blueberry Raspberry Ice der neue Geschmackstrend"}]},{"@type":"WebSite","@id":"https:\/\/vapingnet.de\/#website","url":"https:\/\/vapingnet.de\/","name":"Vapingnet.de","description":"","publisher":{"@id":"https:\/\/vapingnet.de\/#organization"},"potentialAction":[{"@type":"SearchAction","target":{"@type":"EntryPoint","urlTemplate":"https:\/\/vapingnet.de\/?s={search_term_string}"},"query-input":{"@type":"PropertyValueSpecification","valueRequired":true,"valueName":"search_term_string"}}],"inLanguage":"sk-SK"},{"@type":"Organization","@id":"https:\/\/vapingnet.de\/#organization","name":"Vapingnet.de","url":"https:\/\/vapingnet.de\/","logo":{"@type":"ImageObject","inLanguage":"sk-SK","@id":"https:\/\/vapingnet.de\/#\/schema\/logo\/image\/","url":"https:\/\/vapingnet.de\/wp-content\/uploads\/2025\/03\/cropped-vapingnet.de_.jpg","contentUrl":"https:\/\/vapingnet.de\/wp-content\/uploads\/2025\/03\/cropped-vapingnet.de_.jpg","width":512,"height":512,"caption":"Vapingnet.de"},"image":{"@id":"https:\/\/vapingnet.de\/#\/schema\/logo\/image\/"},"sameAs":["https:\/\/www.facebook.com\/vapingnetde\/"]}]}},"tiered_pricing_type":"fixed","tiered_pricing_fixed_rules":{"10":"7.31","60":"6.58","110":"5.85","200":"5.12"},"tiered_pricing_product_settings":{"layout":"default","base_unit_name":{"singular":null,"plural":null},"default_variation":null},"tiered_pricing_minimum_quantity":null,"tiered_pricing_roles_data":[],"tiered_pricing_percentage_rules":[],"_links":{"self":[{"href":"https:\/\/vapingnet.de\/sk\/wp-json\/wp\/v2\/product\/6221","targetHints":{"allow":["GET"]}}],"collection":[{"href":"https:\/\/vapingnet.de\/sk\/wp-json\/wp\/v2\/product"}],"about":[{"href":"https:\/\/vapingnet.de\/sk\/wp-json\/wp\/v2\/types\/product"}],"version-history":[{"count":1,"href":"https:\/\/vapingnet.de\/sk\/wp-json\/wp\/v2\/product\/6221\/revisions"}],"predecessor-version":[{"id":6223,"href":"https:\/\/vapingnet.de\/sk\/wp-json\/wp\/v2\/product\/6221\/revisions\/6223"}],"wp:featuredmedia":[{"embeddable":true,"href":"https:\/\/vapingnet.de\/sk\/wp-json\/wp\/v2\/media\/6222"}],"wp:attachment":[{"href":"https:\/\/vapingnet.de\/sk\/wp-json\/wp\/v2\/media?parent=6221"}],"wp:term":[{"taxonomy":"brand","embeddable":true,"href":"https:\/\/vapingnet.de\/sk\/wp-json\/wp\/v2\/etheme_brands?post=6221"},{"taxonomy":"product_brand","embeddable":true,"href":"https:\/\/vapingnet.de\/sk\/wp-json\/wp\/v2\/product_brand?post=6221"},{"taxonomy":"product_cat","embeddable":true,"href":"https:\/\/vapingnet.de\/sk\/wp-json\/wp\/v2\/product_cat?post=6221"},{"taxonomy":"product_tag","embeddable":true,"href":"https:\/\/vapingnet.de\/sk\/wp-json\/wp\/v2\/product_tag?post=6221"}],"curies":[{"name":"wp","href":"https:\/\/api.w.org\/{rel}","templated":true}]}}