{"id":6224,"date":"2025-04-11T02:32:53","date_gmt":"2025-04-11T02:32:53","guid":{"rendered":"https:\/\/vapingnet.de\/?post_type=product&#038;p=6224"},"modified":"2025-12-30T08:41:52","modified_gmt":"2025-12-30T08:41:52","slug":"bang-tn-12000-puffs-in-der-koestlichen-sorte-strawberry-mango-top-qualitaet","status":"publish","type":"product","link":"https:\/\/vapingnet.de\/sk\/vape\/bang-tn-12000-puffs-in-der-koestlichen-sorte-strawberry-mango-top-qualitaet\/","title":{"rendered":"Bang Tn 12000 Puffs v lahodnej odrode Strawberry Mango najvy\u0161\u0161ej kvality"},"content":{"rendered":"<h2 data-start=\"0\" data-end=\"84\" data-immersive-translate-walked=\"74d8ec64-4577-4774-9884-c22d87bece56\">Bang TN 12000 Puffs \u2013 Najlep\u0161ia jednorazov\u00e1 vape pre dlhodob\u00fd z\u00e1\u017eitok z parenia<\/h2>\n<p class=\"\" data-start=\"86\" data-end=\"547\" data-immersive-translate-paragraph=\"1\" data-immersive-translate-walked=\"74d8ec64-4577-4774-9884-c22d87bece56\">Bang TN 12000 Puffs je vynikaj\u00facou vo\u013ebou pre v\u0161etk\u00fdch vapera, ktor\u00ed h\u013eadaj\u00fa v\u00fdkonn\u00fa a odoln\u00fa jednorazov\u00fa vape. S kapacitou a\u017e do 12 000 \u0165ahov pon\u00faka neporovnate\u013en\u00fd z\u00e1\u017eitok z parenia, ktor\u00fd je nielen dlh\u00fd, ale aj ve\u013emi intenz\u00edvny. V tomto \u010dl\u00e1nku sa podrobne pozrieme na vynikaj\u00face vlastnosti tohto produktu a pre\u010do sa stal ob\u013e\u00faben\u00fdm medzi vapermi.<\/p>\n<ul>\n<li data-start=\"549\" data-end=\"589\" data-immersive-translate-walked=\"74d8ec64-4577-4774-9884-c22d87bece56\">Odolnos\u0165 a vysok\u00e1 kapacita<br \/>\nBang TN 12000 Puffs sa odli\u0161uje vysokou kapacitou od in\u00fdch jednorazov\u00fdch vape. S 20 ml tekutiny si m\u00f4\u017eete vychutna\u0165 a\u017e 12 000 \u0165ahov, \u010do ho rob\u00ed jednou z najvytrvalej\u0161\u00edch mo\u017enost\u00ed na trhu. To znamen\u00e1, \u017ee sa nemus\u00edte ob\u00e1va\u0165 neust\u00e1leho dop\u013a\u0148ania alebo h\u013eadania nov\u00e9ho vapingu \u2013 m\u00f4\u017eete si jednoducho u\u017e\u00edva\u0165, k\u00fdm sa zariadenie \u00faplne nevy\u010derp\u00e1.<\/li>\n<li data-start=\"1017\" data-end=\"1071\" data-immersive-translate-walked=\"74d8ec64-4577-4774-9884-c22d87bece56\">V\u0161estrann\u00e9 silice nikot\u00ednu pre ka\u017ed\u00fa potrebu<br \/>\n\u010eal\u0161ou v\u00fdhodou Bang TN 12000 Puffs je mo\u017enos\u0165 v\u00fdberu nikot\u00ednov\u00fdch s\u00edl. M\u00f4\u017eete si vybra\u0165 medzi 0%, 2%, 3% a 5% nikot\u00ednom. To rob\u00ed tento vaping ide\u00e1lnym pre r\u00f4zne potreby vapera \u2013 \u010di u\u017e \u00faplne odmietate nikot\u00edn alebo preferujete silnej\u0161iu d\u00e1vku nikot\u00ednu. T\u00e1to flexibilita zabezpe\u010duje, \u017ee n\u00e1jdete vhodn\u00fa nikot\u00ednov\u00fa koncentr\u00e1ciu pre v\u00e1s.<\/li>\n<li data-start=\"1470\" data-end=\"1518\" data-immersive-translate-walked=\"74d8ec64-4577-4774-9884-c22d87bece56\">Kompaktn\u00fd dizajn a jednoduch\u00e9 pou\u017e\u00edvanie<br \/>\nNapriek svojej vysokej kapacite a siln\u00e9mu v\u00fdkonu zost\u00e1va Bang TN 12000 Puffs pr\u00edjemne kompaktn\u00fd a \u013eahk\u00fd. Zariadenie je navrhnut\u00e9 tak, aby bolo \u013eahko prenosn\u00e9 a ide\u00e1lne na ka\u017edodenn\u00e9 pou\u017eitie. Odoln\u00e9 materi\u00e1ly PC zabezpe\u010duj\u00fa, \u017ee zariadenie je odoln\u00e9 a vydr\u017e\u00ed dlho. \u010eal\u0161\u00edm l\u00e1kadlom je Type-C port, ktor\u00fd umo\u017e\u0148uje r\u00fdchle a efekt\u00edvne nab\u00edjanie. Tak si m\u00f4\u017eete by\u0165 ist\u00ed, \u017ee va\u0161a vape je v\u017edy pripraven\u00e1, ke\u010f ju potrebujete.<\/li>\n<li data-start=\"2048\" data-end=\"2095\" data-immersive-translate-walked=\"74d8ec64-4577-4774-9884-c22d87bece56\">Intenz\u00edvna chu\u0165 \u2013 Jahodovo-mangov\u00e1<br \/>\nBang TN 12000 Puffs pon\u00faka ovocn\u00fd z\u00e1\u017eitok s jeho jahodovo-mangovou ar\u00f3mou. T\u00e1to kombin\u00e1cia sladk\u00fdch jah\u00f4d a tropickej manga je ide\u00e1lna pre t\u00fdch, ktor\u00ed preferuj\u00fa ovocn\u00e9 a exotick\u00e9 chute. Chu\u0165 zost\u00e1va intenz\u00edvna a pr\u00edjemn\u00e1 a\u017e do posledn\u00e9ho \u0165ahu, \u010do rob\u00ed vaping skuto\u010dn\u00fdm p\u00f4\u017eitkom.<\/li>\n<li data-start=\"2439\" data-end=\"2493\" data-immersive-translate-walked=\"74d8ec64-4577-4774-9884-c22d87bece56\">Da\u0148ovo bezplatn\u00e1 doprava a r\u00fdchly \u010das doru\u010denia<br \/>\nVe\u013ekou v\u00fdhodou pri k\u00fape Bang TN 12000 Puffs na vapingnet.de je da\u0148ovo bezplatn\u00e1 doprava. U\u0161etr\u00edte tak nielen peniaze, ale z\u00edskate aj kvalitn\u00fd produkt za f\u00e9rov\u00fa cenu. Doru\u010denie je navy\u0161e r\u00fdchle \u2013 do 7-15 pracovn\u00fdch dn\u00ed si m\u00f4\u017eete vychutna\u0165 svoj vaping.<\/li>\n<\/ul>\n<h3>Pre\u010do je Bang TN 12000 Puffs ide\u00e1lnou jednorazovou vape pre v\u00e1s<\/h3>\n<p class=\"\" data-start=\"2829\" data-end=\"3271\" data-immersive-translate-walked=\"74d8ec64-4577-4774-9884-c22d87bece56\">Bang TN 12000 Puffs je ide\u00e1lnou jednorazovou vape pre v\u0161etk\u00fdch, ktor\u00ed h\u013eadaj\u00fa v\u00fdkonn\u00fd, odoln\u00fd a \u013eahko ovl\u00e1date\u013en\u00fd pr\u00edstroj. S vysokou kapacitou, mo\u017enos\u0165ou v\u00fdberu nikot\u00ednov\u00fdch s\u00edl a intenz\u00edvnou jahodovo-mangovou chu\u0165ou pon\u00faka tento vaping komplexn\u00fd z\u00e1\u017eitok. Objednajte si e\u0161te dnes na vapingnet.de a vyu\u017eite r\u00fdchle doru\u010denie a da\u0148ovo bezplatn\u00fa dopravu.<\/p>","protected":false},"excerpt":{"rendered":"<p>Bang TN 12000 Puffs \u2013 Der ultimative Einweg-Vape f\u00fcr langanhaltenden Dampfgenuss Der Bang TN 12000 Puffs ist eine hervorragende Wahl f\u00fcr alle Dampfer, die nach&#8230;<\/p>","protected":false},"featured_media":6229,"template":"","meta":[],"etheme_brands":[],"product_brand":[101],"product_cat":[88,49,61],"product_tag":[],"class_list":{"0":"post-6224","1":"product","2":"type-product","3":"status-publish","4":"has-post-thumbnail","6":"product_brand-bang-king-vape","7":"product_cat-12k-vape","8":"product_cat-einweg-e-zigarette","9":"product_cat-f","11":"first","12":"instock","13":"shipping-taxable","14":"purchasable","15":"product-type-simple"},"yoast_head":"<!-- This site is optimized with the Yoast SEO plugin v26.5 - https:\/\/yoast.com\/wordpress\/plugins\/seo\/ -->\n<title>Bang Tn 12000 Puffs in der k\u00f6stlichen Sorte Strawberry Mango Top Qualit\u00e4t | Vapingnet.de<\/title>\n<meta name=\"description\" content=\"Entdecke Bang Tn 12000 Puffs in der k\u00f6stlichen Sorte Strawberry Mango Top Qualit\u00e4t bei vapingnet.de, \u25ba Gro\u00dfe Auswahl an Geschmacksrichtungen &amp; super g\u00fcnstig!\" \/>\n<meta name=\"robots\" content=\"index, follow, max-snippet:-1, max-image-preview:large, max-video-preview:-1\" \/>\n<link rel=\"canonical\" href=\"https:\/\/vapingnet.de\/sk\/vape\/bang-tn-12000-puffs-in-der-koestlichen-sorte-strawberry-mango-top-qualitaet\/\" \/>\n<meta property=\"og:locale\" content=\"sk_SK\" \/>\n<meta property=\"og:type\" content=\"article\" \/>\n<meta property=\"og:title\" content=\"Bang Tn 12000 Puffs in der k\u00f6stlichen Sorte Strawberry Mango Top Qualit\u00e4t | Vapingnet.de\" \/>\n<meta property=\"og:description\" content=\"Entdecke Bang Tn 12000 Puffs in der k\u00f6stlichen Sorte Strawberry Mango Top Qualit\u00e4t bei vapingnet.de, \u25ba Gro\u00dfe Auswahl an Geschmacksrichtungen &amp; super g\u00fcnstig!\" \/>\n<meta property=\"og:url\" content=\"https:\/\/vapingnet.de\/sk\/vape\/bang-tn-12000-puffs-in-der-koestlichen-sorte-strawberry-mango-top-qualitaet\/\" \/>\n<meta property=\"og:site_name\" content=\"Vapingnet.de\" \/>\n<meta property=\"article:publisher\" content=\"https:\/\/www.facebook.com\/vapingnetde\/\" \/>\n<meta property=\"article:modified_time\" content=\"2025-12-30T08:41:52+00:00\" \/>\n<meta property=\"og:image\" content=\"https:\/\/vapingnet.de\/wp-content\/uploads\/2025\/04\/Strawberry-Mango.png\" \/>\n\t<meta property=\"og:image:width\" content=\"1000\" \/>\n\t<meta property=\"og:image:height\" content=\"1000\" \/>\n\t<meta property=\"og:image:type\" content=\"image\/png\" \/>\n<meta name=\"twitter:card\" content=\"summary_large_image\" \/>\n<meta name=\"twitter:label1\" content=\"Est. reading time\" \/>\n\t<meta name=\"twitter:data1\" content=\"3 minutes\" \/>\n<script type=\"application\/ld+json\" class=\"yoast-schema-graph\">{\"@context\":\"https:\/\/schema.org\",\"@graph\":[{\"@type\":\"WebPage\",\"@id\":\"https:\/\/vapingnet.de\/vape\/bang-tn-12000-puffs-in-der-koestlichen-sorte-strawberry-mango-top-qualitaet\/\",\"url\":\"https:\/\/vapingnet.de\/vape\/bang-tn-12000-puffs-in-der-koestlichen-sorte-strawberry-mango-top-qualitaet\/\",\"name\":\"Bang Tn 12000 Puffs in der k\u00f6stlichen Sorte Strawberry Mango Top Qualit\u00e4t | Vapingnet.de\",\"isPartOf\":{\"@id\":\"https:\/\/vapingnet.de\/#website\"},\"primaryImageOfPage\":{\"@id\":\"https:\/\/vapingnet.de\/vape\/bang-tn-12000-puffs-in-der-koestlichen-sorte-strawberry-mango-top-qualitaet\/#primaryimage\"},\"image\":{\"@id\":\"https:\/\/vapingnet.de\/vape\/bang-tn-12000-puffs-in-der-koestlichen-sorte-strawberry-mango-top-qualitaet\/#primaryimage\"},\"thumbnailUrl\":\"https:\/\/vapingnet.de\/wp-content\/uploads\/2025\/04\/Strawberry-Mango.png\",\"datePublished\":\"2025-04-11T02:32:53+00:00\",\"dateModified\":\"2025-12-30T08:41:52+00:00\",\"description\":\"Entdecke Bang Tn 12000 Puffs in der k\u00f6stlichen Sorte Strawberry Mango Top Qualit\u00e4t bei vapingnet.de, \u25ba Gro\u00dfe Auswahl an Geschmacksrichtungen & super g\u00fcnstig!\",\"breadcrumb\":{\"@id\":\"https:\/\/vapingnet.de\/vape\/bang-tn-12000-puffs-in-der-koestlichen-sorte-strawberry-mango-top-qualitaet\/#breadcrumb\"},\"inLanguage\":\"sk-SK\",\"potentialAction\":[{\"@type\":\"ReadAction\",\"target\":[\"https:\/\/vapingnet.de\/vape\/bang-tn-12000-puffs-in-der-koestlichen-sorte-strawberry-mango-top-qualitaet\/\"]}]},{\"@type\":\"ImageObject\",\"inLanguage\":\"sk-SK\",\"@id\":\"https:\/\/vapingnet.de\/vape\/bang-tn-12000-puffs-in-der-koestlichen-sorte-strawberry-mango-top-qualitaet\/#primaryimage\",\"url\":\"https:\/\/vapingnet.de\/wp-content\/uploads\/2025\/04\/Strawberry-Mango.png\",\"contentUrl\":\"https:\/\/vapingnet.de\/wp-content\/uploads\/2025\/04\/Strawberry-Mango.png\",\"width\":1000,\"height\":1000},{\"@type\":\"BreadcrumbList\",\"@id\":\"https:\/\/vapingnet.de\/vape\/bang-tn-12000-puffs-in-der-koestlichen-sorte-strawberry-mango-top-qualitaet\/#breadcrumb\",\"itemListElement\":[{\"@type\":\"ListItem\",\"position\":1,\"name\":\"Home\",\"item\":\"https:\/\/vapingnet.de\/\"},{\"@type\":\"ListItem\",\"position\":2,\"name\":\"Shop\",\"item\":\"https:\/\/vapingnet.de\/vape\/\"},{\"@type\":\"ListItem\",\"position\":3,\"name\":\"Bang Tn 12000 Puffs in der k\u00f6stlichen Sorte Strawberry Mango Top Qualit\u00e4t\"}]},{\"@type\":\"WebSite\",\"@id\":\"https:\/\/vapingnet.de\/#website\",\"url\":\"https:\/\/vapingnet.de\/\",\"name\":\"Vapingnet.de\",\"description\":\"\",\"publisher\":{\"@id\":\"https:\/\/vapingnet.de\/#organization\"},\"potentialAction\":[{\"@type\":\"SearchAction\",\"target\":{\"@type\":\"EntryPoint\",\"urlTemplate\":\"https:\/\/vapingnet.de\/?s={search_term_string}\"},\"query-input\":{\"@type\":\"PropertyValueSpecification\",\"valueRequired\":true,\"valueName\":\"search_term_string\"}}],\"inLanguage\":\"sk-SK\"},{\"@type\":\"Organization\",\"@id\":\"https:\/\/vapingnet.de\/#organization\",\"name\":\"Vapingnet.de\",\"url\":\"https:\/\/vapingnet.de\/\",\"logo\":{\"@type\":\"ImageObject\",\"inLanguage\":\"sk-SK\",\"@id\":\"https:\/\/vapingnet.de\/#\/schema\/logo\/image\/\",\"url\":\"https:\/\/vapingnet.de\/wp-content\/uploads\/2025\/03\/cropped-vapingnet.de_.jpg\",\"contentUrl\":\"https:\/\/vapingnet.de\/wp-content\/uploads\/2025\/03\/cropped-vapingnet.de_.jpg\",\"width\":512,\"height\":512,\"caption\":\"Vapingnet.de\"},\"image\":{\"@id\":\"https:\/\/vapingnet.de\/#\/schema\/logo\/image\/\"},\"sameAs\":[\"https:\/\/www.facebook.com\/vapingnetde\/\"]}]}<\/script>\n<!-- \/ Yoast SEO plugin. -->","yoast_head_json":{"title":"Bang Tn 12000 Puffs in der k\u00f6stlichen Sorte Strawberry Mango Top Qualit\u00e4t | Vapingnet.de","description":"Entdecke Bang Tn 12000 Puffs in der k\u00f6stlichen Sorte Strawberry Mango Top Qualit\u00e4t bei vapingnet.de, \u25ba Gro\u00dfe Auswahl an Geschmacksrichtungen & super g\u00fcnstig!","robots":{"index":"index","follow":"follow","max-snippet":"max-snippet:-1","max-image-preview":"max-image-preview:large","max-video-preview":"max-video-preview:-1"},"canonical":"https:\/\/vapingnet.de\/sk\/vape\/bang-tn-12000-puffs-in-der-koestlichen-sorte-strawberry-mango-top-qualitaet\/","og_locale":"sk_SK","og_type":"article","og_title":"Bang Tn 12000 Puffs in der k\u00f6stlichen Sorte Strawberry Mango Top Qualit\u00e4t | Vapingnet.de","og_description":"Entdecke Bang Tn 12000 Puffs in der k\u00f6stlichen Sorte Strawberry Mango Top Qualit\u00e4t bei vapingnet.de, \u25ba Gro\u00dfe Auswahl an Geschmacksrichtungen & super g\u00fcnstig!","og_url":"https:\/\/vapingnet.de\/sk\/vape\/bang-tn-12000-puffs-in-der-koestlichen-sorte-strawberry-mango-top-qualitaet\/","og_site_name":"Vapingnet.de","article_publisher":"https:\/\/www.facebook.com\/vapingnetde\/","article_modified_time":"2025-12-30T08:41:52+00:00","og_image":[{"width":1000,"height":1000,"url":"https:\/\/vapingnet.de\/wp-content\/uploads\/2025\/04\/Strawberry-Mango.png","type":"image\/png"}],"twitter_card":"summary_large_image","twitter_misc":{"Est. reading time":"3 minutes"},"schema":{"@context":"https:\/\/schema.org","@graph":[{"@type":"WebPage","@id":"https:\/\/vapingnet.de\/vape\/bang-tn-12000-puffs-in-der-koestlichen-sorte-strawberry-mango-top-qualitaet\/","url":"https:\/\/vapingnet.de\/vape\/bang-tn-12000-puffs-in-der-koestlichen-sorte-strawberry-mango-top-qualitaet\/","name":"Bang Tn 12000 Puffs in der k\u00f6stlichen Sorte Strawberry Mango Top Qualit\u00e4t | Vapingnet.de","isPartOf":{"@id":"https:\/\/vapingnet.de\/#website"},"primaryImageOfPage":{"@id":"https:\/\/vapingnet.de\/vape\/bang-tn-12000-puffs-in-der-koestlichen-sorte-strawberry-mango-top-qualitaet\/#primaryimage"},"image":{"@id":"https:\/\/vapingnet.de\/vape\/bang-tn-12000-puffs-in-der-koestlichen-sorte-strawberry-mango-top-qualitaet\/#primaryimage"},"thumbnailUrl":"https:\/\/vapingnet.de\/wp-content\/uploads\/2025\/04\/Strawberry-Mango.png","datePublished":"2025-04-11T02:32:53+00:00","dateModified":"2025-12-30T08:41:52+00:00","description":"Entdecke Bang Tn 12000 Puffs in der k\u00f6stlichen Sorte Strawberry Mango Top Qualit\u00e4t bei vapingnet.de, \u25ba Gro\u00dfe Auswahl an Geschmacksrichtungen & super g\u00fcnstig!","breadcrumb":{"@id":"https:\/\/vapingnet.de\/vape\/bang-tn-12000-puffs-in-der-koestlichen-sorte-strawberry-mango-top-qualitaet\/#breadcrumb"},"inLanguage":"sk-SK","potentialAction":[{"@type":"ReadAction","target":["https:\/\/vapingnet.de\/vape\/bang-tn-12000-puffs-in-der-koestlichen-sorte-strawberry-mango-top-qualitaet\/"]}]},{"@type":"ImageObject","inLanguage":"sk-SK","@id":"https:\/\/vapingnet.de\/vape\/bang-tn-12000-puffs-in-der-koestlichen-sorte-strawberry-mango-top-qualitaet\/#primaryimage","url":"https:\/\/vapingnet.de\/wp-content\/uploads\/2025\/04\/Strawberry-Mango.png","contentUrl":"https:\/\/vapingnet.de\/wp-content\/uploads\/2025\/04\/Strawberry-Mango.png","width":1000,"height":1000},{"@type":"BreadcrumbList","@id":"https:\/\/vapingnet.de\/vape\/bang-tn-12000-puffs-in-der-koestlichen-sorte-strawberry-mango-top-qualitaet\/#breadcrumb","itemListElement":[{"@type":"ListItem","position":1,"name":"Home","item":"https:\/\/vapingnet.de\/"},{"@type":"ListItem","position":2,"name":"Shop","item":"https:\/\/vapingnet.de\/vape\/"},{"@type":"ListItem","position":3,"name":"Bang Tn 12000 Puffs in der k\u00f6stlichen Sorte Strawberry Mango Top Qualit\u00e4t"}]},{"@type":"WebSite","@id":"https:\/\/vapingnet.de\/#website","url":"https:\/\/vapingnet.de\/","name":"Vapingnet.de","description":"","publisher":{"@id":"https:\/\/vapingnet.de\/#organization"},"potentialAction":[{"@type":"SearchAction","target":{"@type":"EntryPoint","urlTemplate":"https:\/\/vapingnet.de\/?s={search_term_string}"},"query-input":{"@type":"PropertyValueSpecification","valueRequired":true,"valueName":"search_term_string"}}],"inLanguage":"sk-SK"},{"@type":"Organization","@id":"https:\/\/vapingnet.de\/#organization","name":"Vapingnet.de","url":"https:\/\/vapingnet.de\/","logo":{"@type":"ImageObject","inLanguage":"sk-SK","@id":"https:\/\/vapingnet.de\/#\/schema\/logo\/image\/","url":"https:\/\/vapingnet.de\/wp-content\/uploads\/2025\/03\/cropped-vapingnet.de_.jpg","contentUrl":"https:\/\/vapingnet.de\/wp-content\/uploads\/2025\/03\/cropped-vapingnet.de_.jpg","width":512,"height":512,"caption":"Vapingnet.de"},"image":{"@id":"https:\/\/vapingnet.de\/#\/schema\/logo\/image\/"},"sameAs":["https:\/\/www.facebook.com\/vapingnetde\/"]}]}},"tiered_pricing_type":"fixed","tiered_pricing_fixed_rules":{"10":"7.31","60":"6.58","110":"5.85","200":"5.12"},"tiered_pricing_product_settings":{"layout":"default","base_unit_name":{"singular":null,"plural":null},"default_variation":null},"tiered_pricing_minimum_quantity":null,"tiered_pricing_roles_data":[],"tiered_pricing_percentage_rules":[],"_links":{"self":[{"href":"https:\/\/vapingnet.de\/sk\/wp-json\/wp\/v2\/product\/6224","targetHints":{"allow":["GET"]}}],"collection":[{"href":"https:\/\/vapingnet.de\/sk\/wp-json\/wp\/v2\/product"}],"about":[{"href":"https:\/\/vapingnet.de\/sk\/wp-json\/wp\/v2\/types\/product"}],"version-history":[{"count":2,"href":"https:\/\/vapingnet.de\/sk\/wp-json\/wp\/v2\/product\/6224\/revisions"}],"predecessor-version":[{"id":7424,"href":"https:\/\/vapingnet.de\/sk\/wp-json\/wp\/v2\/product\/6224\/revisions\/7424"}],"wp:featuredmedia":[{"embeddable":true,"href":"https:\/\/vapingnet.de\/sk\/wp-json\/wp\/v2\/media\/6229"}],"wp:attachment":[{"href":"https:\/\/vapingnet.de\/sk\/wp-json\/wp\/v2\/media?parent=6224"}],"wp:term":[{"taxonomy":"brand","embeddable":true,"href":"https:\/\/vapingnet.de\/sk\/wp-json\/wp\/v2\/etheme_brands?post=6224"},{"taxonomy":"product_brand","embeddable":true,"href":"https:\/\/vapingnet.de\/sk\/wp-json\/wp\/v2\/product_brand?post=6224"},{"taxonomy":"product_cat","embeddable":true,"href":"https:\/\/vapingnet.de\/sk\/wp-json\/wp\/v2\/product_cat?post=6224"},{"taxonomy":"product_tag","embeddable":true,"href":"https:\/\/vapingnet.de\/sk\/wp-json\/wp\/v2\/product_tag?post=6224"}],"curies":[{"name":"wp","href":"https:\/\/api.w.org\/{rel}","templated":true}]}}