{"id":6225,"date":"2025-04-11T02:32:55","date_gmt":"2025-04-11T02:32:55","guid":{"rendered":"https:\/\/vapingnet.de\/?post_type=product&#038;p=6225"},"modified":"2025-12-30T08:41:44","modified_gmt":"2025-12-30T08:41:44","slug":"strawberry-lychee-e-zigarette-bang-tn-12000-puffs-premium-ohne-zollgebuehren","status":"publish","type":"product","link":"https:\/\/vapingnet.de\/sk\/vape\/strawberry-lychee-e-zigarette-bang-tn-12000-puffs-premium-ohne-zollgebuehren\/","title":{"rendered":"Jahodovo-li\u010diov\u00e1 E-cigareta Bang Tn 12000 potiahnut\u00ed Pr\u00e9miov\u00e1 bez coln\u00fdch poplatkov"},"content":{"rendered":"<h2 data-start=\"0\" data-end=\"74\" data-immersive-translate-walked=\"e5244280-d976-436a-8f54-784f965da7ff\">Bang Tn 12000 Puffs: Perfektn\u00e1 jednorazov\u00e1 vape na dlhodob\u00e9 pote\u0161enie<\/h2>\n<p class=\"\" data-start=\"76\" data-end=\"379\" data-immersive-translate-paragraph=\"1\" data-immersive-translate-walked=\"e5244280-d976-436a-8f54-784f965da7ff\">Bang Tn 12000 Puffs je ide\u00e1lnym spolo\u010dn\u00edkom pre v\u0161etk\u00fdch, ktor\u00ed h\u013eadaj\u00fa odoln\u00fa, kvalitn\u00fa a v\u0161estrann\u00fa jednorazov\u00fa vape. S mno\u017estvom atrakt\u00edvnych vlastnost\u00ed a jedine\u010dnou kombin\u00e1ciou chut\u00ed pon\u00faka toto zariadenie v\u00fdnimo\u010dn\u00fd z\u00e1\u017eitok z vapovania.<\/p>\n<ul>\n<li data-start=\"381\" data-end=\"429\" data-immersive-translate-walked=\"e5244280-d976-436a-8f54-784f965da7ff\">Rozli\u010dn\u00e9 mo\u017enosti nikot\u00ednu pre ka\u017ed\u00fd po\u017eiadavok<br \/>\nBang Tn 12000 Puffs je dostupn\u00fd v r\u00f4znych sil\u00e1ch nikot\u00ednu: 0%, 2%, 3% a 5%. T\u00e1to vo\u013eba umo\u017e\u0148uje pou\u017e\u00edvate\u013eom vybra\u0165 si presne mno\u017estvo nikot\u00ednu pod\u013ea ich individu\u00e1lnych preferenci\u00ed, \u010di u\u017e ide o \u00fapln\u00fd odchod od nikot\u00ednu alebo o mierny a\u017e vysok\u00fd pr\u00edjem nikot\u00ednu.<\/li>\n<li data-start=\"744\" data-end=\"791\" data-immersive-translate-walked=\"e5244280-d976-436a-8f54-784f965da7ff\">Prvotriedna chu\u0165 \u2013 Jahoda Lychee<br \/>\nS jedine\u010dnou chu\u0165ou jahody a li\u010di pon\u00faka Bang Tn 12000 Puffs nezamenite\u013en\u00fd z\u00e1\u017eitok z vapovania. Kombin\u00e1cia sladkej jahody a exotickej note li\u010di zabezpe\u010duje svie\u017eu a pr\u00edjemne ovocn\u00fa chu\u0165, ktor\u00e1 sprav\u00ed ka\u017ed\u00fd \u0165ah p\u00f4\u017eitkom.<\/li>\n<li data-start=\"1089\" data-end=\"1124\" data-immersive-translate-walked=\"e5244280-d976-436a-8f54-784f965da7ff\">Dlh\u00e1 \u017eivotnos\u0165 a efekt\u00edvnos\u0165<br \/>\nBang Tn 12000 Puffs sa vyzna\u010duje p\u00f4sobiv\u00fdm v\u00fdkonom. S kapacitou 20 ml tekutiny a bat\u00e9riou s kapacitou 650 mAh zabezpe\u010duje dlhodob\u00e9 pote\u0161enie. Mesh cievka s odporom 1,2\u03a9 zaru\u010duje rovnomern\u00fa a jemn\u00fa produkciu pary, ktor\u00e1 ka\u017ed\u00e9mu \u0165ahu dod\u00e1va st\u00e1le vysok\u00fa kvalitu.<\/li>\n<li data-start=\"1481\" data-end=\"1527\" data-immersive-translate-walked=\"e5244280-d976-436a-8f54-784f965da7ff\">Pohodln\u00e9 ovl\u00e1danie a r\u00fdchle nab\u00edjanie<br \/>\nV\u010faka USB-C konektoru a vstupn\u00e9mu nap\u00e4tiu 5 V a 1 A sa Bang Tn 12000 Puffs d\u00e1 r\u00fdchlo nabi\u0165, tak\u017ee je v\u017edy pripraven\u00fd na \u010fal\u0161\u00ed pou\u017eitie. Ergonomick\u00fd dizajn a \u013eahk\u00fd PC materi\u00e1l zabezpe\u010duj\u00fa pohodln\u00e9 ovl\u00e1danie, \u010d\u00edm je vapovanie e\u0161te komfortnej\u0161ie.<\/li>\n<li data-start=\"1837\" data-end=\"1879\" data-immersive-translate-walked=\"e5244280-d976-436a-8f54-784f965da7ff\">Jednorazov\u00e1 vape pre jednoduch\u00e9 pote\u0161enie<br \/>\nAko jednorazov\u00e1 vape pon\u00faka Bang Tn 12000 Puffs jednoduch\u00fd sp\u00f4sob, ako si vychutna\u0165 vapovanie bez starost\u00ed o dop\u013a\u0148anie alebo \u00fadr\u017ebu. Sta\u010d\u00ed otvori\u0165, u\u017e\u00edva\u0165 si a vyhodi\u0165 \u2013 tak jednoduch\u00e9 je vapovanie.<\/li>\n<li data-start=\"2120\" data-end=\"2160\" data-immersive-translate-walked=\"e5244280-d976-436a-8f54-784f965da7ff\">V\u00fdhody pri k\u00fape cez vapingnet.de<br \/>\nOkrem vynikaj\u00faceho v\u00fdkonu pon\u00faka Bang Tn 12000 Puffs \u010fal\u0161iu v\u00fdhodu: neplatia sa \u017eiadne clo, \u010do rob\u00ed n\u00e1kup cez vapingnet.de ve\u013emi atrakt\u00edvnym. Navy\u0161e, kupuj\u00faci profituj\u00fa z r\u00fdchlej dod\u00e1vky, ktor\u00e1 trv\u00e1 len 7 a\u017e 15 pracovn\u00fdch dn\u00ed.<\/li>\n<\/ul>\n<h3 data-start=\"2444\" data-end=\"2487\" data-immersive-translate-walked=\"e5244280-d976-436a-8f54-784f965da7ff\">Nezbytnos\u0165 pre vapovac\u00edch nad\u0161encov<\/h3>\n<p class=\"\" data-start=\"2489\" data-end=\"2928\" data-immersive-translate-walked=\"e5244280-d976-436a-8f54-784f965da7ff\" data-immersive-translate-paragraph=\"1\">Bang Tn 12000 Puffs je dokonalou jednorazovou vape pre v\u0161etk\u00fdch, ktor\u00ed h\u013eadaj\u00fa dlh\u00fa \u017eivotnos\u0165, prvotriednu chu\u0165 a pou\u017e\u00edvate\u013esky pr\u00edvetiv\u00e9 ovl\u00e1danie. Ak h\u013ead\u00e1te spo\u013eahliv\u00fa a efekt\u00edvnu vape, ktor\u00e1 spln\u00ed v\u0161etky po\u017eiadavky, tento model je presne pre v\u00e1s. Nav\u0161t\u00edvte vapingnet.de a objednajte si svoj Bang Tn 12000 Puffs a za\u017eite dokonal\u00fd z\u00e1\u017eitok z vapovania.<\/p>","protected":false},"excerpt":{"rendered":"<p>Bang Tn 12000 Puffs: Der Perfekte Einweg-Vape f\u00fcr Langfristigen Genuss Der Bang Tn 12000 Puffs ist der ideale Begleiter f\u00fcr alle, die auf der Suche&#8230;<\/p>","protected":false},"featured_media":6230,"template":"","meta":[],"etheme_brands":[],"product_brand":[101],"product_cat":[88,49,61],"product_tag":[],"class_list":{"0":"post-6225","1":"product","2":"type-product","3":"status-publish","4":"has-post-thumbnail","6":"product_brand-bang-king-vape","7":"product_cat-12k-vape","8":"product_cat-einweg-e-zigarette","9":"product_cat-f","11":"first","12":"instock","13":"shipping-taxable","14":"purchasable","15":"product-type-simple"},"yoast_head":"<!-- This site is optimized with the Yoast SEO plugin v26.5 - https:\/\/yoast.com\/wordpress\/plugins\/seo\/ -->\n<title>Strawberry Lychee E-Zigarette Bang Tn 12000 Puffs Premium ohne Zollgeb\u00fchren | Vapingnet.de<\/title>\n<meta name=\"description\" content=\"Entdecke Strawberry Lychee E-Zigarette Bang Tn 12000 Puffs Premium ohne Zollgeb\u00fchren bei vapingnet.de, \u25ba Gro\u00dfe Auswahl an Geschmacksrichtungen &amp; super g\u00fcnstig!\" \/>\n<meta name=\"robots\" content=\"index, follow, max-snippet:-1, max-image-preview:large, max-video-preview:-1\" \/>\n<link rel=\"canonical\" href=\"https:\/\/vapingnet.de\/sk\/vape\/strawberry-lychee-e-zigarette-bang-tn-12000-puffs-premium-ohne-zollgebuehren\/\" \/>\n<meta property=\"og:locale\" content=\"sk_SK\" \/>\n<meta property=\"og:type\" content=\"article\" \/>\n<meta property=\"og:title\" content=\"Strawberry Lychee E-Zigarette Bang Tn 12000 Puffs Premium ohne Zollgeb\u00fchren | Vapingnet.de\" \/>\n<meta property=\"og:description\" content=\"Entdecke Strawberry Lychee E-Zigarette Bang Tn 12000 Puffs Premium ohne Zollgeb\u00fchren bei vapingnet.de, \u25ba Gro\u00dfe Auswahl an Geschmacksrichtungen &amp; super g\u00fcnstig!\" \/>\n<meta property=\"og:url\" content=\"https:\/\/vapingnet.de\/sk\/vape\/strawberry-lychee-e-zigarette-bang-tn-12000-puffs-premium-ohne-zollgebuehren\/\" \/>\n<meta property=\"og:site_name\" content=\"Vapingnet.de\" \/>\n<meta property=\"article:publisher\" content=\"https:\/\/www.facebook.com\/vapingnetde\/\" \/>\n<meta property=\"article:modified_time\" content=\"2025-12-30T08:41:44+00:00\" \/>\n<meta property=\"og:image\" content=\"https:\/\/vapingnet.de\/wp-content\/uploads\/2025\/04\/Strawberry-Lychee.png\" \/>\n\t<meta property=\"og:image:width\" content=\"1000\" \/>\n\t<meta property=\"og:image:height\" content=\"1000\" \/>\n\t<meta property=\"og:image:type\" content=\"image\/png\" \/>\n<meta name=\"twitter:card\" content=\"summary_large_image\" \/>\n<meta name=\"twitter:label1\" content=\"Est. reading time\" \/>\n\t<meta name=\"twitter:data1\" content=\"3 minutes\" \/>\n<script type=\"application\/ld+json\" class=\"yoast-schema-graph\">{\"@context\":\"https:\/\/schema.org\",\"@graph\":[{\"@type\":\"WebPage\",\"@id\":\"https:\/\/vapingnet.de\/vape\/strawberry-lychee-e-zigarette-bang-tn-12000-puffs-premium-ohne-zollgebuehren\/\",\"url\":\"https:\/\/vapingnet.de\/vape\/strawberry-lychee-e-zigarette-bang-tn-12000-puffs-premium-ohne-zollgebuehren\/\",\"name\":\"Strawberry Lychee E-Zigarette Bang Tn 12000 Puffs Premium ohne Zollgeb\u00fchren | Vapingnet.de\",\"isPartOf\":{\"@id\":\"https:\/\/vapingnet.de\/#website\"},\"primaryImageOfPage\":{\"@id\":\"https:\/\/vapingnet.de\/vape\/strawberry-lychee-e-zigarette-bang-tn-12000-puffs-premium-ohne-zollgebuehren\/#primaryimage\"},\"image\":{\"@id\":\"https:\/\/vapingnet.de\/vape\/strawberry-lychee-e-zigarette-bang-tn-12000-puffs-premium-ohne-zollgebuehren\/#primaryimage\"},\"thumbnailUrl\":\"https:\/\/vapingnet.de\/wp-content\/uploads\/2025\/04\/Strawberry-Lychee.png\",\"datePublished\":\"2025-04-11T02:32:55+00:00\",\"dateModified\":\"2025-12-30T08:41:44+00:00\",\"description\":\"Entdecke Strawberry Lychee E-Zigarette Bang Tn 12000 Puffs Premium ohne Zollgeb\u00fchren bei vapingnet.de, \u25ba Gro\u00dfe Auswahl an Geschmacksrichtungen & super g\u00fcnstig!\",\"breadcrumb\":{\"@id\":\"https:\/\/vapingnet.de\/vape\/strawberry-lychee-e-zigarette-bang-tn-12000-puffs-premium-ohne-zollgebuehren\/#breadcrumb\"},\"inLanguage\":\"sk-SK\",\"potentialAction\":[{\"@type\":\"ReadAction\",\"target\":[\"https:\/\/vapingnet.de\/vape\/strawberry-lychee-e-zigarette-bang-tn-12000-puffs-premium-ohne-zollgebuehren\/\"]}]},{\"@type\":\"ImageObject\",\"inLanguage\":\"sk-SK\",\"@id\":\"https:\/\/vapingnet.de\/vape\/strawberry-lychee-e-zigarette-bang-tn-12000-puffs-premium-ohne-zollgebuehren\/#primaryimage\",\"url\":\"https:\/\/vapingnet.de\/wp-content\/uploads\/2025\/04\/Strawberry-Lychee.png\",\"contentUrl\":\"https:\/\/vapingnet.de\/wp-content\/uploads\/2025\/04\/Strawberry-Lychee.png\",\"width\":1000,\"height\":1000},{\"@type\":\"BreadcrumbList\",\"@id\":\"https:\/\/vapingnet.de\/vape\/strawberry-lychee-e-zigarette-bang-tn-12000-puffs-premium-ohne-zollgebuehren\/#breadcrumb\",\"itemListElement\":[{\"@type\":\"ListItem\",\"position\":1,\"name\":\"Home\",\"item\":\"https:\/\/vapingnet.de\/\"},{\"@type\":\"ListItem\",\"position\":2,\"name\":\"Shop\",\"item\":\"https:\/\/vapingnet.de\/vape\/\"},{\"@type\":\"ListItem\",\"position\":3,\"name\":\"Strawberry Lychee E-Zigarette Bang Tn 12000 Puffs Premium ohne Zollgeb\u00fchren\"}]},{\"@type\":\"WebSite\",\"@id\":\"https:\/\/vapingnet.de\/#website\",\"url\":\"https:\/\/vapingnet.de\/\",\"name\":\"Vapingnet.de\",\"description\":\"\",\"publisher\":{\"@id\":\"https:\/\/vapingnet.de\/#organization\"},\"potentialAction\":[{\"@type\":\"SearchAction\",\"target\":{\"@type\":\"EntryPoint\",\"urlTemplate\":\"https:\/\/vapingnet.de\/?s={search_term_string}\"},\"query-input\":{\"@type\":\"PropertyValueSpecification\",\"valueRequired\":true,\"valueName\":\"search_term_string\"}}],\"inLanguage\":\"sk-SK\"},{\"@type\":\"Organization\",\"@id\":\"https:\/\/vapingnet.de\/#organization\",\"name\":\"Vapingnet.de\",\"url\":\"https:\/\/vapingnet.de\/\",\"logo\":{\"@type\":\"ImageObject\",\"inLanguage\":\"sk-SK\",\"@id\":\"https:\/\/vapingnet.de\/#\/schema\/logo\/image\/\",\"url\":\"https:\/\/vapingnet.de\/wp-content\/uploads\/2025\/03\/cropped-vapingnet.de_.jpg\",\"contentUrl\":\"https:\/\/vapingnet.de\/wp-content\/uploads\/2025\/03\/cropped-vapingnet.de_.jpg\",\"width\":512,\"height\":512,\"caption\":\"Vapingnet.de\"},\"image\":{\"@id\":\"https:\/\/vapingnet.de\/#\/schema\/logo\/image\/\"},\"sameAs\":[\"https:\/\/www.facebook.com\/vapingnetde\/\"]}]}<\/script>\n<!-- \/ Yoast SEO plugin. -->","yoast_head_json":{"title":"Strawberry Lychee E-Zigarette Bang Tn 12000 Puffs Premium ohne Zollgeb\u00fchren | Vapingnet.de","description":"Entdecke Strawberry Lychee E-Zigarette Bang Tn 12000 Puffs Premium ohne Zollgeb\u00fchren bei vapingnet.de, \u25ba Gro\u00dfe Auswahl an Geschmacksrichtungen & super g\u00fcnstig!","robots":{"index":"index","follow":"follow","max-snippet":"max-snippet:-1","max-image-preview":"max-image-preview:large","max-video-preview":"max-video-preview:-1"},"canonical":"https:\/\/vapingnet.de\/sk\/vape\/strawberry-lychee-e-zigarette-bang-tn-12000-puffs-premium-ohne-zollgebuehren\/","og_locale":"sk_SK","og_type":"article","og_title":"Strawberry Lychee E-Zigarette Bang Tn 12000 Puffs Premium ohne Zollgeb\u00fchren | Vapingnet.de","og_description":"Entdecke Strawberry Lychee E-Zigarette Bang Tn 12000 Puffs Premium ohne Zollgeb\u00fchren bei vapingnet.de, \u25ba Gro\u00dfe Auswahl an Geschmacksrichtungen & super g\u00fcnstig!","og_url":"https:\/\/vapingnet.de\/sk\/vape\/strawberry-lychee-e-zigarette-bang-tn-12000-puffs-premium-ohne-zollgebuehren\/","og_site_name":"Vapingnet.de","article_publisher":"https:\/\/www.facebook.com\/vapingnetde\/","article_modified_time":"2025-12-30T08:41:44+00:00","og_image":[{"width":1000,"height":1000,"url":"https:\/\/vapingnet.de\/wp-content\/uploads\/2025\/04\/Strawberry-Lychee.png","type":"image\/png"}],"twitter_card":"summary_large_image","twitter_misc":{"Est. reading time":"3 minutes"},"schema":{"@context":"https:\/\/schema.org","@graph":[{"@type":"WebPage","@id":"https:\/\/vapingnet.de\/vape\/strawberry-lychee-e-zigarette-bang-tn-12000-puffs-premium-ohne-zollgebuehren\/","url":"https:\/\/vapingnet.de\/vape\/strawberry-lychee-e-zigarette-bang-tn-12000-puffs-premium-ohne-zollgebuehren\/","name":"Strawberry Lychee E-Zigarette Bang Tn 12000 Puffs Premium ohne Zollgeb\u00fchren | Vapingnet.de","isPartOf":{"@id":"https:\/\/vapingnet.de\/#website"},"primaryImageOfPage":{"@id":"https:\/\/vapingnet.de\/vape\/strawberry-lychee-e-zigarette-bang-tn-12000-puffs-premium-ohne-zollgebuehren\/#primaryimage"},"image":{"@id":"https:\/\/vapingnet.de\/vape\/strawberry-lychee-e-zigarette-bang-tn-12000-puffs-premium-ohne-zollgebuehren\/#primaryimage"},"thumbnailUrl":"https:\/\/vapingnet.de\/wp-content\/uploads\/2025\/04\/Strawberry-Lychee.png","datePublished":"2025-04-11T02:32:55+00:00","dateModified":"2025-12-30T08:41:44+00:00","description":"Entdecke Strawberry Lychee E-Zigarette Bang Tn 12000 Puffs Premium ohne Zollgeb\u00fchren bei vapingnet.de, \u25ba Gro\u00dfe Auswahl an Geschmacksrichtungen & super g\u00fcnstig!","breadcrumb":{"@id":"https:\/\/vapingnet.de\/vape\/strawberry-lychee-e-zigarette-bang-tn-12000-puffs-premium-ohne-zollgebuehren\/#breadcrumb"},"inLanguage":"sk-SK","potentialAction":[{"@type":"ReadAction","target":["https:\/\/vapingnet.de\/vape\/strawberry-lychee-e-zigarette-bang-tn-12000-puffs-premium-ohne-zollgebuehren\/"]}]},{"@type":"ImageObject","inLanguage":"sk-SK","@id":"https:\/\/vapingnet.de\/vape\/strawberry-lychee-e-zigarette-bang-tn-12000-puffs-premium-ohne-zollgebuehren\/#primaryimage","url":"https:\/\/vapingnet.de\/wp-content\/uploads\/2025\/04\/Strawberry-Lychee.png","contentUrl":"https:\/\/vapingnet.de\/wp-content\/uploads\/2025\/04\/Strawberry-Lychee.png","width":1000,"height":1000},{"@type":"BreadcrumbList","@id":"https:\/\/vapingnet.de\/vape\/strawberry-lychee-e-zigarette-bang-tn-12000-puffs-premium-ohne-zollgebuehren\/#breadcrumb","itemListElement":[{"@type":"ListItem","position":1,"name":"Home","item":"https:\/\/vapingnet.de\/"},{"@type":"ListItem","position":2,"name":"Shop","item":"https:\/\/vapingnet.de\/vape\/"},{"@type":"ListItem","position":3,"name":"Strawberry Lychee E-Zigarette Bang Tn 12000 Puffs Premium ohne Zollgeb\u00fchren"}]},{"@type":"WebSite","@id":"https:\/\/vapingnet.de\/#website","url":"https:\/\/vapingnet.de\/","name":"Vapingnet.de","description":"","publisher":{"@id":"https:\/\/vapingnet.de\/#organization"},"potentialAction":[{"@type":"SearchAction","target":{"@type":"EntryPoint","urlTemplate":"https:\/\/vapingnet.de\/?s={search_term_string}"},"query-input":{"@type":"PropertyValueSpecification","valueRequired":true,"valueName":"search_term_string"}}],"inLanguage":"sk-SK"},{"@type":"Organization","@id":"https:\/\/vapingnet.de\/#organization","name":"Vapingnet.de","url":"https:\/\/vapingnet.de\/","logo":{"@type":"ImageObject","inLanguage":"sk-SK","@id":"https:\/\/vapingnet.de\/#\/schema\/logo\/image\/","url":"https:\/\/vapingnet.de\/wp-content\/uploads\/2025\/03\/cropped-vapingnet.de_.jpg","contentUrl":"https:\/\/vapingnet.de\/wp-content\/uploads\/2025\/03\/cropped-vapingnet.de_.jpg","width":512,"height":512,"caption":"Vapingnet.de"},"image":{"@id":"https:\/\/vapingnet.de\/#\/schema\/logo\/image\/"},"sameAs":["https:\/\/www.facebook.com\/vapingnetde\/"]}]}},"tiered_pricing_type":"fixed","tiered_pricing_fixed_rules":{"10":"7.31","60":"6.58","110":"5.85","200":"5.12"},"tiered_pricing_product_settings":{"layout":"default","base_unit_name":{"singular":null,"plural":null},"default_variation":null},"tiered_pricing_minimum_quantity":null,"tiered_pricing_roles_data":[],"tiered_pricing_percentage_rules":[],"_links":{"self":[{"href":"https:\/\/vapingnet.de\/sk\/wp-json\/wp\/v2\/product\/6225","targetHints":{"allow":["GET"]}}],"collection":[{"href":"https:\/\/vapingnet.de\/sk\/wp-json\/wp\/v2\/product"}],"about":[{"href":"https:\/\/vapingnet.de\/sk\/wp-json\/wp\/v2\/types\/product"}],"version-history":[{"count":1,"href":"https:\/\/vapingnet.de\/sk\/wp-json\/wp\/v2\/product\/6225\/revisions"}],"predecessor-version":[{"id":6235,"href":"https:\/\/vapingnet.de\/sk\/wp-json\/wp\/v2\/product\/6225\/revisions\/6235"}],"wp:featuredmedia":[{"embeddable":true,"href":"https:\/\/vapingnet.de\/sk\/wp-json\/wp\/v2\/media\/6230"}],"wp:attachment":[{"href":"https:\/\/vapingnet.de\/sk\/wp-json\/wp\/v2\/media?parent=6225"}],"wp:term":[{"taxonomy":"brand","embeddable":true,"href":"https:\/\/vapingnet.de\/sk\/wp-json\/wp\/v2\/etheme_brands?post=6225"},{"taxonomy":"product_brand","embeddable":true,"href":"https:\/\/vapingnet.de\/sk\/wp-json\/wp\/v2\/product_brand?post=6225"},{"taxonomy":"product_cat","embeddable":true,"href":"https:\/\/vapingnet.de\/sk\/wp-json\/wp\/v2\/product_cat?post=6225"},{"taxonomy":"product_tag","embeddable":true,"href":"https:\/\/vapingnet.de\/sk\/wp-json\/wp\/v2\/product_tag?post=6225"}],"curies":[{"name":"wp","href":"https:\/\/api.w.org\/{rel}","templated":true}]}}