{"id":6226,"date":"2025-04-11T02:32:57","date_gmt":"2025-04-11T02:32:57","guid":{"rendered":"https:\/\/vapingnet.de\/?post_type=product&#038;p=6226"},"modified":"2025-12-30T08:41:35","modified_gmt":"2025-12-30T08:41:35","slug":"globale-bestseller-bang-tn-12000-puffs-cool-mint-geschmack","status":"publish","type":"product","link":"https:\/\/vapingnet.de\/sk\/vape\/globale-bestseller-bang-tn-12000-puffs-cool-mint-geschmack\/","title":{"rendered":"Glob\u00e1lne bestsellery! Bang Tn 12000 Puffs Chladiv\u00e1 m\u00e4ta chu\u0165"},"content":{"rendered":"<h2 data-start=\"0\" data-end=\"74\" data-immersive-translate-walked=\"52fb1f10-72a2-405e-be95-c92afd6c9aea\">Bang Tn 12000 Puffs \u2013 Cool Mint Jednorazov\u00e1 Vape na dlhodob\u00e9 pote\u0161enie<\/h2>\n<p class=\"\" data-start=\"99\" data-end=\"494\" data-immersive-translate-paragraph=\"1\" data-immersive-translate-walked=\"52fb1f10-72a2-405e-be95-c92afd6c9aea\">Bang Tn 12000 Puffs je jednorazov\u00e1 vape, ktor\u00e1 v\u00e1s nadchne mno\u017estvom vynikaj\u00facich vlastnost\u00ed. S mno\u017estvom v\u00fdhod a svie\u017eou pr\u00edchu\u0165ou Cool Mint pon\u00faka ide\u00e1lne rie\u0161enie pre nad\u0161encov vapingu, ktor\u00ed h\u013eadaj\u00fa jednoduch\u00fa a kvalitn\u00fa mo\u017enos\u0165. Tu zist\u00edte, pre\u010do je Bang Tn 12000 Puffs vynikaj\u00facou vo\u013ebou.<\/p>\n<h4 data-start=\"496\" data-end=\"518\" data-immersive-translate-walked=\"52fb1f10-72a2-405e-be95-c92afd6c9aea\">D\u00f4le\u017eit\u00e9 vlastnosti:<\/h4>\n<ul data-start=\"520\" data-end=\"917\">\n<li class=\"\" data-start=\"520\" data-end=\"559\">\n<p class=\"\" data-start=\"522\" data-end=\"559\" data-immersive-translate-walked=\"52fb1f10-72a2-405e-be95-c92afd6c9aea\" data-immersive-translate-paragraph=\"1\">Mo\u017enosti nikot\u00ednu: 0%, 2%, 3%, 5%<\/p>\n<\/li>\n<li class=\"\" data-start=\"560\" data-end=\"596\">\n<p class=\"\" data-start=\"562\" data-end=\"596\" data-immersive-translate-walked=\"52fb1f10-72a2-405e-be95-c92afd6c9aea\" data-immersive-translate-paragraph=\"1\">Kapacita kvapaliny: 20 ml<\/p>\n<\/li>\n<li class=\"\" data-start=\"597\" data-end=\"631\">\n<p class=\"\" data-start=\"599\" data-end=\"631\" data-immersive-translate-walked=\"52fb1f10-72a2-405e-be95-c92afd6c9aea\" data-immersive-translate-paragraph=\"1\">Kapacita bat\u00e9rie: 650 mAh<\/p>\n<\/li>\n<li class=\"\" data-start=\"632\" data-end=\"656\">\n<p class=\"\" data-start=\"634\" data-end=\"656\" data-immersive-translate-walked=\"52fb1f10-72a2-405e-be95-c92afd6c9aea\" data-immersive-translate-paragraph=\"1\">Sie\u0165ov\u00e1 cievka: 1,2\u03a9<\/p>\n<\/li>\n<li class=\"\" data-start=\"657\" data-end=\"686\">\n<p class=\"\" data-start=\"659\" data-end=\"686\" data-immersive-translate-walked=\"52fb1f10-72a2-405e-be95-c92afd6c9aea\" data-immersive-translate-paragraph=\"1\">Nab\u00edjac\u00ed port: Type-C<\/p>\n<\/li>\n<li class=\"\" data-start=\"687\" data-end=\"722\">\n<p class=\"\" data-start=\"689\" data-end=\"722\" data-immersive-translate-walked=\"52fb1f10-72a2-405e-be95-c92afd6c9aea\" data-immersive-translate-paragraph=\"1\">Materi\u00e1l: PC (Polykarbon\u00e1t)<\/p>\n<\/li>\n<li class=\"\" data-start=\"723\" data-end=\"748\">\n<p class=\"\" data-start=\"725\" data-end=\"748\" data-immersive-translate-walked=\"52fb1f10-72a2-405e-be95-c92afd6c9aea\" data-immersive-translate-paragraph=\"1\">Vstup: 5 V, 1 A<\/p>\n<\/li>\n<li class=\"\" data-start=\"749\" data-end=\"777\">\n<p class=\"\" data-start=\"751\" data-end=\"777\" data-immersive-translate-walked=\"52fb1f10-72a2-405e-be95-c92afd6c9aea\" data-immersive-translate-paragraph=\"1\">Pr\u00edchu\u0165: Cool Mint<\/p>\n<\/li>\n<li class=\"\" data-start=\"778\" data-end=\"809\">\n<p class=\"\" data-start=\"780\" data-end=\"809\" data-immersive-translate-walked=\"52fb1f10-72a2-405e-be95-c92afd6c9aea\" data-immersive-translate-paragraph=\"1\">Typ produktu: Jednorazov\u00e1 vape<\/p>\n<\/li>\n<li class=\"\" data-start=\"810\" data-end=\"843\">\n<p class=\"\" data-start=\"812\" data-end=\"843\" data-immersive-translate-walked=\"52fb1f10-72a2-405e-be95-c92afd6c9aea\" data-immersive-translate-paragraph=\"1\">Doba dodania: 7\u201315 pracovn\u00fdch dn\u00ed<\/p>\n<\/li>\n<li class=\"\" data-start=\"844\" data-end=\"883\">\n<p class=\"\" data-start=\"846\" data-end=\"883\" data-immersive-translate-walked=\"52fb1f10-72a2-405e-be95-c92afd6c9aea\" data-immersive-translate-paragraph=\"1\">Coln\u00fd v\u00fdhoda: \u017diadne coln\u00e9 poplatky<\/p>\n<\/li>\n<li class=\"\" data-start=\"884\" data-end=\"917\">\n<p class=\"\" data-start=\"886\" data-end=\"917\" data-immersive-translate-walked=\"52fb1f10-72a2-405e-be95-c92afd6c9aea\" data-immersive-translate-paragraph=\"1\">Dostupnos\u0165: vapingnet.de<\/p>\n<\/li>\n<\/ul>\n<h5 data-start=\"919\" data-end=\"954\" data-immersive-translate-walked=\"52fb1f10-72a2-405e-be95-c92afd6c9aea\">Z\u00e1\u017eitok z chuti \u2013 Cool Mint:<\/h5>\n<p class=\"\" data-start=\"956\" data-end=\"1269\" data-immersive-translate-walked=\"52fb1f10-72a2-405e-be95-c92afd6c9aea\" data-immersive-translate-paragraph=\"1\">S pr\u00edchu\u0165ou Cool Mint pon\u00faka Bang Tn 12000 Puffs intenz\u00edvny, osvie\u017euj\u00faci z\u00e1\u017eitok z vapingu. Chladiv\u00e1 mentolov\u00e1 pr\u00edchu\u0165 v kombin\u00e1cii s \u010derstvou m\u00e4tou zabezpe\u010duje pr\u00edjemn\u00fd, ale ve\u013emi osvie\u017euj\u00faci z\u00e1\u017eitok pri ka\u017edom \u0165ahu. Ide\u00e1lne pre t\u00fdch, ktor\u00ed preferuj\u00fa svie\u017eu a chladiv\u00fa chu\u0165.<\/p>\n<h5 data-start=\"1271\" data-end=\"1312\" data-immersive-translate-walked=\"52fb1f10-72a2-405e-be95-c92afd6c9aea\">Rozli\u010dnos\u0165 nikot\u00ednu pre v\u0161etky potreby:<\/h5>\n<p class=\"\" data-start=\"1314\" data-end=\"1603\" data-immersive-translate-walked=\"52fb1f10-72a2-405e-be95-c92afd6c9aea\" data-immersive-translate-paragraph=\"1\">V\u010faka r\u00f4znym sil\u00e1m nikot\u00ednu 0%, 2%, 3% a 5% si m\u00f4\u017eete vybra\u0165 mno\u017estvo nikot\u00ednu, ktor\u00e9 v\u00e1m vyhovuje. \u010ci u\u017e sa rozhodnete pre beznikot\u00ednov\u00fa mo\u017enos\u0165 alebo silnej\u0161\u00ed nikot\u00ednov\u00fd z\u00e1\u017eitok \u2013 Bang Tn 12000 Puffs v\u00e1m poskytne flexibilitu, ktor\u00fa potrebujete.<\/p>\n<h5 data-start=\"1605\" data-end=\"1636\" data-immersive-translate-walked=\"52fb1f10-72a2-405e-be95-c92afd6c9aea\">Dlh\u00e1 \u017eivotnos\u0165 a v\u00fdkon:<\/h5>\n<p class=\"\" data-start=\"1638\" data-end=\"1939\" data-immersive-translate-walked=\"52fb1f10-72a2-405e-be95-c92afd6c9aea\" data-immersive-translate-paragraph=\"1\">S kapacitou kvapaliny 20 ml a bat\u00e9riou s kapacitou 650 mAh je Bang Tn 12000 Puffs navrhnut\u00fd na dlh\u00e9 pou\u017e\u00edvanie. V\u010faka sie\u0165ovej cievke s odporom 1,2\u03a9 sa produkuje rovnomern\u00fd dym, ktor\u00fd zabezpe\u010duje kon\u0161tantn\u00fd a vysoko kvalitn\u00fd z\u00e1\u017eitok z vapingu.<\/p>\n<h5 data-start=\"1941\" data-end=\"1986\" data-immersive-translate-walked=\"52fb1f10-72a2-405e-be95-c92afd6c9aea\">Praktick\u00fd dizajn \u2013 jednoduch\u00e9 pou\u017e\u00edvanie:<\/h5>\n<p class=\"\" data-start=\"1988\" data-end=\"2401\" data-immersive-translate-walked=\"52fb1f10-72a2-405e-be95-c92afd6c9aea\" data-immersive-translate-paragraph=\"1\">Materi\u00e1l PC zabezpe\u010duje pevn\u00fd a z\u00e1rove\u0148 \u013eahk\u00fd dizajn. Vape je kompaktn\u00fd a \u013eahko sa dr\u017e\u00ed v ruke, \u010do ho rob\u00ed pohodln\u00fdm na pren\u00e1\u0161anie. Pripojenie Type-C umo\u017e\u0148uje r\u00fdchle nab\u00edjanie, tak\u017ee m\u00f4\u017eete r\u00fdchlo pokra\u010dova\u0165 vo svojom vapovan\u00ed. S vstupn\u00fdm v\u00fdkonom 5 V a 1 A je nab\u00edjanie efekt\u00edvne a \u00fasporn\u00e9 na \u010das.<\/p>\n<h5 data-start=\"2403\" data-end=\"2435\" data-immersive-translate-walked=\"52fb1f10-72a2-405e-be95-c92afd6c9aea\">V\u00fdhody jednorazov\u00e9ho pou\u017eitia:<\/h5>\n<p class=\"\" data-start=\"2437\" data-end=\"2751\" data-immersive-translate-walked=\"52fb1f10-72a2-405e-be95-c92afd6c9aea\">Ako jednorazov\u00e1 vape pon\u00faka Bang Tn 12000 Puffs mimoriadne jednoduch\u00e9 pou\u017e\u00edvanie. \u017diadne dop\u013a\u0148anie, \u017eiadna \u00fadr\u017eba \u2013 sta\u010d\u00ed rozbali\u0165, u\u017e\u00edva\u0165 si a po pou\u017eit\u00ed vyhodi\u0165. T\u00e1to jednoduch\u00e1 prev\u00e1dzka rob\u00ed vape ide\u00e1lnym na cest\u00e1ch a pre t\u00fdch, ktor\u00ed nechc\u00fa neust\u00e1le sa stara\u0165 a udr\u017eiava\u0165.<\/p>\n<h5 data-start=\"2753\" data-end=\"2776\" data-immersive-translate-walked=\"52fb1f10-72a2-405e-be95-c92afd6c9aea\">Pre\u010do vapingnet.de?<\/h5>\n<p class=\"\" data-start=\"2778\" data-end=\"3119\" data-immersive-translate-walked=\"52fb1f10-72a2-405e-be95-c92afd6c9aea\">N\u00e1kup nad vapingnet.de v\u00e1m prin\u00e1\u0161a nieko\u013eko \u010fal\u0161\u00edch v\u00fdhod. Okrem r\u00fdchleho doru\u010denia do 7 a\u017e 15 pracovn\u00fdch dn\u00ed sa pri tomto produkte neplat\u00ed clo, \u010do rob\u00ed n\u00e1kup obzvl\u00e1\u0161\u0165 atrakt\u00edvnym. Tak\u017ee si m\u00f4\u017eete vychutna\u0165 Bang Tn 12000 Puffs priamo bez \u010fal\u0161\u00edch n\u00e1kladov.<\/p>\n<h3 data-start=\"3121\" data-end=\"3131\" data-immersive-translate-walked=\"52fb1f10-72a2-405e-be95-c92afd6c9aea\">Bang Tn 12000 Puffs \u2013 Ide\u00e1lny jednorazov\u00fd vape pre dlhodob\u00e9 pote\u0161enie<\/h3>\n<p class=\"\" data-start=\"3133\" data-end=\"3605\" data-immersive-translate-walked=\"52fb1f10-72a2-405e-be95-c92afd6c9aea\">Bang Tn 12000 Puffs je vynikaj\u00faci jednorazov\u00fd vape, ktor\u00fd presved\u010d\u00ed nielen chu\u0165ou, ale aj v\u00fddr\u017eou a pou\u017e\u00edvate\u013eskou jednoduchos\u0165ou. S osvie\u017euj\u00facou pr\u00edchu\u0165ou Cool Mint a r\u00f4znymi nikot\u00ednov\u00fdmi silami je tento vape ide\u00e1lnou vo\u013ebou pre v\u0161etk\u00fdch, ktor\u00ed h\u013eadaj\u00fa spo\u013eahliv\u00fd a praktick\u00fd produkt. Nav\u0161t\u00edvte e\u0161te dnes vapingnet.de a objednajte si svoj Bang Tn 12000 Puffs a vychutnajte si ultim\u00e1tny vapingov\u00fd z\u00e1\u017eitok.<\/p>","protected":false},"excerpt":{"rendered":"<p>Bang Tn 12000 Puffs \u2013 Cool Mint Einweg-Vape f\u00fcr Langanhaltenden Genuss Der Bang Tn 12000 Puffs ist ein Einweg-Vape, das mit einer Vielzahl von herausragenden&#8230;<\/p>","protected":false},"featured_media":6231,"template":"","meta":[],"etheme_brands":[],"product_brand":[101],"product_cat":[88,49,61],"product_tag":[],"class_list":{"0":"post-6226","1":"product","2":"type-product","3":"status-publish","4":"has-post-thumbnail","6":"product_brand-bang-king-vape","7":"product_cat-12k-vape","8":"product_cat-einweg-e-zigarette","9":"product_cat-f","11":"first","12":"instock","13":"shipping-taxable","14":"purchasable","15":"product-type-simple"},"yoast_head":"<!-- This site is optimized with the Yoast SEO plugin v26.5 - https:\/\/yoast.com\/wordpress\/plugins\/seo\/ -->\n<title>Globale Bestseller! Bang Tn 12000 Puffs Cool Mint Geschmack | Vapingnet.de<\/title>\n<meta name=\"description\" content=\"Entdecke Globale Bestseller! Bang Tn 12000 Puffs Cool Mint Geschmack bei vapingnet.de, \u25ba Gro\u00dfe Auswahl an Geschmacksrichtungen &amp; super g\u00fcnstig!\" \/>\n<meta name=\"robots\" content=\"index, follow, max-snippet:-1, max-image-preview:large, max-video-preview:-1\" \/>\n<link rel=\"canonical\" href=\"https:\/\/vapingnet.de\/sk\/vape\/globale-bestseller-bang-tn-12000-puffs-cool-mint-geschmack\/\" \/>\n<meta property=\"og:locale\" content=\"sk_SK\" \/>\n<meta property=\"og:type\" content=\"article\" \/>\n<meta property=\"og:title\" content=\"Globale Bestseller! Bang Tn 12000 Puffs Cool Mint Geschmack | Vapingnet.de\" \/>\n<meta property=\"og:description\" content=\"Entdecke Globale Bestseller! Bang Tn 12000 Puffs Cool Mint Geschmack bei vapingnet.de, \u25ba Gro\u00dfe Auswahl an Geschmacksrichtungen &amp; super g\u00fcnstig!\" \/>\n<meta property=\"og:url\" content=\"https:\/\/vapingnet.de\/sk\/vape\/globale-bestseller-bang-tn-12000-puffs-cool-mint-geschmack\/\" \/>\n<meta property=\"og:site_name\" content=\"Vapingnet.de\" \/>\n<meta property=\"article:publisher\" content=\"https:\/\/www.facebook.com\/vapingnetde\/\" \/>\n<meta property=\"article:modified_time\" content=\"2025-12-30T08:41:35+00:00\" \/>\n<meta property=\"og:image\" content=\"https:\/\/vapingnet.de\/wp-content\/uploads\/2025\/04\/COOL-MINT-.png\" \/>\n\t<meta property=\"og:image:width\" content=\"1000\" \/>\n\t<meta property=\"og:image:height\" content=\"1000\" \/>\n\t<meta property=\"og:image:type\" content=\"image\/png\" \/>\n<meta name=\"twitter:card\" content=\"summary_large_image\" \/>\n<meta name=\"twitter:label1\" content=\"Est. reading time\" \/>\n\t<meta name=\"twitter:data1\" content=\"3 minutes\" \/>\n<script type=\"application\/ld+json\" class=\"yoast-schema-graph\">{\"@context\":\"https:\/\/schema.org\",\"@graph\":[{\"@type\":\"WebPage\",\"@id\":\"https:\/\/vapingnet.de\/vape\/globale-bestseller-bang-tn-12000-puffs-cool-mint-geschmack\/\",\"url\":\"https:\/\/vapingnet.de\/vape\/globale-bestseller-bang-tn-12000-puffs-cool-mint-geschmack\/\",\"name\":\"Globale Bestseller! Bang Tn 12000 Puffs Cool Mint Geschmack | Vapingnet.de\",\"isPartOf\":{\"@id\":\"https:\/\/vapingnet.de\/#website\"},\"primaryImageOfPage\":{\"@id\":\"https:\/\/vapingnet.de\/vape\/globale-bestseller-bang-tn-12000-puffs-cool-mint-geschmack\/#primaryimage\"},\"image\":{\"@id\":\"https:\/\/vapingnet.de\/vape\/globale-bestseller-bang-tn-12000-puffs-cool-mint-geschmack\/#primaryimage\"},\"thumbnailUrl\":\"https:\/\/vapingnet.de\/wp-content\/uploads\/2025\/04\/COOL-MINT-.png\",\"datePublished\":\"2025-04-11T02:32:57+00:00\",\"dateModified\":\"2025-12-30T08:41:35+00:00\",\"description\":\"Entdecke Globale Bestseller! Bang Tn 12000 Puffs Cool Mint Geschmack bei vapingnet.de, \u25ba Gro\u00dfe Auswahl an Geschmacksrichtungen & super g\u00fcnstig!\",\"breadcrumb\":{\"@id\":\"https:\/\/vapingnet.de\/vape\/globale-bestseller-bang-tn-12000-puffs-cool-mint-geschmack\/#breadcrumb\"},\"inLanguage\":\"sk-SK\",\"potentialAction\":[{\"@type\":\"ReadAction\",\"target\":[\"https:\/\/vapingnet.de\/vape\/globale-bestseller-bang-tn-12000-puffs-cool-mint-geschmack\/\"]}]},{\"@type\":\"ImageObject\",\"inLanguage\":\"sk-SK\",\"@id\":\"https:\/\/vapingnet.de\/vape\/globale-bestseller-bang-tn-12000-puffs-cool-mint-geschmack\/#primaryimage\",\"url\":\"https:\/\/vapingnet.de\/wp-content\/uploads\/2025\/04\/COOL-MINT-.png\",\"contentUrl\":\"https:\/\/vapingnet.de\/wp-content\/uploads\/2025\/04\/COOL-MINT-.png\",\"width\":1000,\"height\":1000},{\"@type\":\"BreadcrumbList\",\"@id\":\"https:\/\/vapingnet.de\/vape\/globale-bestseller-bang-tn-12000-puffs-cool-mint-geschmack\/#breadcrumb\",\"itemListElement\":[{\"@type\":\"ListItem\",\"position\":1,\"name\":\"Home\",\"item\":\"https:\/\/vapingnet.de\/\"},{\"@type\":\"ListItem\",\"position\":2,\"name\":\"Shop\",\"item\":\"https:\/\/vapingnet.de\/vape\/\"},{\"@type\":\"ListItem\",\"position\":3,\"name\":\"Globale Bestseller! Bang Tn 12000 Puffs Cool Mint Geschmack\"}]},{\"@type\":\"WebSite\",\"@id\":\"https:\/\/vapingnet.de\/#website\",\"url\":\"https:\/\/vapingnet.de\/\",\"name\":\"Vapingnet.de\",\"description\":\"\",\"publisher\":{\"@id\":\"https:\/\/vapingnet.de\/#organization\"},\"potentialAction\":[{\"@type\":\"SearchAction\",\"target\":{\"@type\":\"EntryPoint\",\"urlTemplate\":\"https:\/\/vapingnet.de\/?s={search_term_string}\"},\"query-input\":{\"@type\":\"PropertyValueSpecification\",\"valueRequired\":true,\"valueName\":\"search_term_string\"}}],\"inLanguage\":\"sk-SK\"},{\"@type\":\"Organization\",\"@id\":\"https:\/\/vapingnet.de\/#organization\",\"name\":\"Vapingnet.de\",\"url\":\"https:\/\/vapingnet.de\/\",\"logo\":{\"@type\":\"ImageObject\",\"inLanguage\":\"sk-SK\",\"@id\":\"https:\/\/vapingnet.de\/#\/schema\/logo\/image\/\",\"url\":\"https:\/\/vapingnet.de\/wp-content\/uploads\/2025\/03\/cropped-vapingnet.de_.jpg\",\"contentUrl\":\"https:\/\/vapingnet.de\/wp-content\/uploads\/2025\/03\/cropped-vapingnet.de_.jpg\",\"width\":512,\"height\":512,\"caption\":\"Vapingnet.de\"},\"image\":{\"@id\":\"https:\/\/vapingnet.de\/#\/schema\/logo\/image\/\"},\"sameAs\":[\"https:\/\/www.facebook.com\/vapingnetde\/\"]}]}<\/script>\n<!-- \/ Yoast SEO plugin. -->","yoast_head_json":{"title":"Globale Bestseller! Bang Tn 12000 Puffs Cool Mint Geschmack | Vapingnet.de","description":"Entdecke Globale Bestseller! Bang Tn 12000 Puffs Cool Mint Geschmack bei vapingnet.de, \u25ba Gro\u00dfe Auswahl an Geschmacksrichtungen & super g\u00fcnstig!","robots":{"index":"index","follow":"follow","max-snippet":"max-snippet:-1","max-image-preview":"max-image-preview:large","max-video-preview":"max-video-preview:-1"},"canonical":"https:\/\/vapingnet.de\/sk\/vape\/globale-bestseller-bang-tn-12000-puffs-cool-mint-geschmack\/","og_locale":"sk_SK","og_type":"article","og_title":"Globale Bestseller! Bang Tn 12000 Puffs Cool Mint Geschmack | Vapingnet.de","og_description":"Entdecke Globale Bestseller! Bang Tn 12000 Puffs Cool Mint Geschmack bei vapingnet.de, \u25ba Gro\u00dfe Auswahl an Geschmacksrichtungen & super g\u00fcnstig!","og_url":"https:\/\/vapingnet.de\/sk\/vape\/globale-bestseller-bang-tn-12000-puffs-cool-mint-geschmack\/","og_site_name":"Vapingnet.de","article_publisher":"https:\/\/www.facebook.com\/vapingnetde\/","article_modified_time":"2025-12-30T08:41:35+00:00","og_image":[{"width":1000,"height":1000,"url":"https:\/\/vapingnet.de\/wp-content\/uploads\/2025\/04\/COOL-MINT-.png","type":"image\/png"}],"twitter_card":"summary_large_image","twitter_misc":{"Est. reading time":"3 minutes"},"schema":{"@context":"https:\/\/schema.org","@graph":[{"@type":"WebPage","@id":"https:\/\/vapingnet.de\/vape\/globale-bestseller-bang-tn-12000-puffs-cool-mint-geschmack\/","url":"https:\/\/vapingnet.de\/vape\/globale-bestseller-bang-tn-12000-puffs-cool-mint-geschmack\/","name":"Globale Bestseller! Bang Tn 12000 Puffs Cool Mint Geschmack | Vapingnet.de","isPartOf":{"@id":"https:\/\/vapingnet.de\/#website"},"primaryImageOfPage":{"@id":"https:\/\/vapingnet.de\/vape\/globale-bestseller-bang-tn-12000-puffs-cool-mint-geschmack\/#primaryimage"},"image":{"@id":"https:\/\/vapingnet.de\/vape\/globale-bestseller-bang-tn-12000-puffs-cool-mint-geschmack\/#primaryimage"},"thumbnailUrl":"https:\/\/vapingnet.de\/wp-content\/uploads\/2025\/04\/COOL-MINT-.png","datePublished":"2025-04-11T02:32:57+00:00","dateModified":"2025-12-30T08:41:35+00:00","description":"Entdecke Globale Bestseller! Bang Tn 12000 Puffs Cool Mint Geschmack bei vapingnet.de, \u25ba Gro\u00dfe Auswahl an Geschmacksrichtungen & super g\u00fcnstig!","breadcrumb":{"@id":"https:\/\/vapingnet.de\/vape\/globale-bestseller-bang-tn-12000-puffs-cool-mint-geschmack\/#breadcrumb"},"inLanguage":"sk-SK","potentialAction":[{"@type":"ReadAction","target":["https:\/\/vapingnet.de\/vape\/globale-bestseller-bang-tn-12000-puffs-cool-mint-geschmack\/"]}]},{"@type":"ImageObject","inLanguage":"sk-SK","@id":"https:\/\/vapingnet.de\/vape\/globale-bestseller-bang-tn-12000-puffs-cool-mint-geschmack\/#primaryimage","url":"https:\/\/vapingnet.de\/wp-content\/uploads\/2025\/04\/COOL-MINT-.png","contentUrl":"https:\/\/vapingnet.de\/wp-content\/uploads\/2025\/04\/COOL-MINT-.png","width":1000,"height":1000},{"@type":"BreadcrumbList","@id":"https:\/\/vapingnet.de\/vape\/globale-bestseller-bang-tn-12000-puffs-cool-mint-geschmack\/#breadcrumb","itemListElement":[{"@type":"ListItem","position":1,"name":"Home","item":"https:\/\/vapingnet.de\/"},{"@type":"ListItem","position":2,"name":"Shop","item":"https:\/\/vapingnet.de\/vape\/"},{"@type":"ListItem","position":3,"name":"Globale Bestseller! Bang Tn 12000 Puffs Cool Mint Geschmack"}]},{"@type":"WebSite","@id":"https:\/\/vapingnet.de\/#website","url":"https:\/\/vapingnet.de\/","name":"Vapingnet.de","description":"","publisher":{"@id":"https:\/\/vapingnet.de\/#organization"},"potentialAction":[{"@type":"SearchAction","target":{"@type":"EntryPoint","urlTemplate":"https:\/\/vapingnet.de\/?s={search_term_string}"},"query-input":{"@type":"PropertyValueSpecification","valueRequired":true,"valueName":"search_term_string"}}],"inLanguage":"sk-SK"},{"@type":"Organization","@id":"https:\/\/vapingnet.de\/#organization","name":"Vapingnet.de","url":"https:\/\/vapingnet.de\/","logo":{"@type":"ImageObject","inLanguage":"sk-SK","@id":"https:\/\/vapingnet.de\/#\/schema\/logo\/image\/","url":"https:\/\/vapingnet.de\/wp-content\/uploads\/2025\/03\/cropped-vapingnet.de_.jpg","contentUrl":"https:\/\/vapingnet.de\/wp-content\/uploads\/2025\/03\/cropped-vapingnet.de_.jpg","width":512,"height":512,"caption":"Vapingnet.de"},"image":{"@id":"https:\/\/vapingnet.de\/#\/schema\/logo\/image\/"},"sameAs":["https:\/\/www.facebook.com\/vapingnetde\/"]}]}},"tiered_pricing_type":"fixed","tiered_pricing_fixed_rules":{"10":"7.31","60":"6.58","110":"5.85","200":"5.12"},"tiered_pricing_product_settings":{"layout":"default","base_unit_name":{"singular":null,"plural":null},"default_variation":null},"tiered_pricing_minimum_quantity":null,"tiered_pricing_roles_data":[],"tiered_pricing_percentage_rules":[],"_links":{"self":[{"href":"https:\/\/vapingnet.de\/sk\/wp-json\/wp\/v2\/product\/6226","targetHints":{"allow":["GET"]}}],"collection":[{"href":"https:\/\/vapingnet.de\/sk\/wp-json\/wp\/v2\/product"}],"about":[{"href":"https:\/\/vapingnet.de\/sk\/wp-json\/wp\/v2\/types\/product"}],"version-history":[{"count":1,"href":"https:\/\/vapingnet.de\/sk\/wp-json\/wp\/v2\/product\/6226\/revisions"}],"predecessor-version":[{"id":6236,"href":"https:\/\/vapingnet.de\/sk\/wp-json\/wp\/v2\/product\/6226\/revisions\/6236"}],"wp:featuredmedia":[{"embeddable":true,"href":"https:\/\/vapingnet.de\/sk\/wp-json\/wp\/v2\/media\/6231"}],"wp:attachment":[{"href":"https:\/\/vapingnet.de\/sk\/wp-json\/wp\/v2\/media?parent=6226"}],"wp:term":[{"taxonomy":"brand","embeddable":true,"href":"https:\/\/vapingnet.de\/sk\/wp-json\/wp\/v2\/etheme_brands?post=6226"},{"taxonomy":"product_brand","embeddable":true,"href":"https:\/\/vapingnet.de\/sk\/wp-json\/wp\/v2\/product_brand?post=6226"},{"taxonomy":"product_cat","embeddable":true,"href":"https:\/\/vapingnet.de\/sk\/wp-json\/wp\/v2\/product_cat?post=6226"},{"taxonomy":"product_tag","embeddable":true,"href":"https:\/\/vapingnet.de\/sk\/wp-json\/wp\/v2\/product_tag?post=6226"}],"curies":[{"name":"wp","href":"https:\/\/api.w.org\/{rel}","templated":true}]}}