{"id":6227,"date":"2025-04-11T02:32:59","date_gmt":"2025-04-11T02:32:59","guid":{"rendered":"https:\/\/vapingnet.de\/?post_type=product&#038;p=6227"},"modified":"2025-12-30T08:41:27","modified_gmt":"2025-12-30T08:41:27","slug":"watermelon-strawberry-bang-tn-12000-puffs-fuer-besten-genuss-ohne-zollkosten","status":"publish","type":"product","link":"https:\/\/vapingnet.de\/sk\/vape\/watermelon-strawberry-bang-tn-12000-puffs-fuer-besten-genuss-ohne-zollkosten\/","title":{"rendered":"Watermelon Strawberry Bang Tn 12000 Puffs pre najlep\u0161\u00ed p\u00f4\u017eitok bez coln\u00fdch poplatkov"},"content":{"rendered":"<h2 data-start=\"123\" data-end=\"208\">Bang Tn 12000 Puffs \u2013 Perfektn\u00e1 jednorazov\u00e1 e-cigareta pre dlhodob\u00e9 faj\u010denie pary<\/h2>\n<p class=\"\" data-start=\"210\" data-end=\"598\">Jednorazov\u00e9 e-cigaretky sa u\u017e etablovali ako jedna z najob\u013e\u00fabenej\u0161\u00edch mo\u017enost\u00ed pre faj\u010diarov, ktor\u00ed h\u013eadaj\u00fa praktick\u00fa a jednoduch\u00fa sp\u00f4sob, ako si vychutna\u0165 faj\u010denie pary. Bang Tn 12000 Puffs vynik\u00e1 najm\u00e4 v tejto kateg\u00f3rii. S mno\u017estvom pozoruhodn\u00fdch vlastnost\u00ed a v\u00fdznamnou kapacitou z\u00e1sobn\u00edka predstavuje tento model vynikaj\u00facu vo\u013ebu.<\/p>\n<h4 data-start=\"600\" data-end=\"635\">Vlastnosti a technick\u00e9 \u00fadaje<\/h4>\n<p class=\"\" data-start=\"637\" data-end=\"1085\">Bang Tn 12000 Puffs pon\u00faka ve\u013ekorys\u00fa kapacitu 20 ml tekutiny, \u010do zabezpe\u010duje dlhodob\u00e9 faj\u010denie pary bez nutnosti pravideln\u00e9ho dop\u013a\u0148ania. S mesh cievkou 1,2\u03a9 zabezpe\u010duje intenz\u00edvny a rovnomern\u00fd z\u00e1\u017eitok z faj\u010denia. Bat\u00e9ria s kapacitou 650mAh zaru\u010duje dostatok energie na 12000 \u0165ahov, a v\u010faka USB-C portu sa zariadenie d\u00e1 r\u00fdchlo nabi\u0165, ak by to bolo potrebn\u00e9.<\/p>\n<p class=\"\" data-start=\"1087\" data-end=\"1483\">Mo\u017enosti nikot\u00ednu s\u00fa flexibiln\u00e9, s v\u00fdberom od 0%, 2%, 3% a 5% nikot\u00ednu, tak\u017ee si pr\u00eddu na svoje ako za\u010diato\u010dn\u00edci, tak sk\u00fasen\u00ed faj\u010diari. Obzvl\u00e1\u0161\u0165 je potrebn\u00e9 vyzdvihn\u00fa\u0165, \u017ee Bang Tn 12000 Puffs je dostupn\u00e1 v pr\u00edchuti Watermelon Strawberry \u2013 osvie\u017euj\u00faca kombin\u00e1cia sladkej vodnej mel\u00f3nu a \u0161\u0165avnatej jahody.<\/p>\n<h3 data-start=\"1485\" data-end=\"1521\">V\u00fdhody Bang Tn 12000 Puffs<\/h3>\n<p class=\"\" data-start=\"1523\" data-end=\"1773\">V\u00fdnimo\u010dnou v\u00fdhodou tohto produktu je, \u017ee pri k\u00fape v r\u00e1mci E\u00da je bez cla. To znamen\u00e1, \u017ee kupuj\u00faci nebud\u00fa plati\u0165 \u017eiadne neo\u010dak\u00e1van\u00e9 dodato\u010dn\u00e9 poplatky, \u010do ho rob\u00ed atrakt\u00edvnou vo\u013ebou pre v\u0161etk\u00fdch faj\u010diarov v Eur\u00f3pe.<\/p>\n<p class=\"\" data-start=\"1775\" data-end=\"2001\">\u010eal\u0161\u00edm plusom je r\u00fdchla doba doru\u010denia od 7 do 15 pracovn\u00fdch dn\u00ed. Pri objedn\u00e1vke cez d\u00f4veryhodn\u00e9 online obchody ako vapingnet.de dostanete produkt bez dlh\u00e9ho \u010dakania a vo vysokej kvalite.<\/p>\n<h3 data-start=\"2003\" data-end=\"2059\">Pre\u010do je Bang Tn 12000 Puffs spr\u00e1vnou vo\u013ebou?<\/h3>\n<p class=\"\" data-start=\"2061\" data-end=\"2507\">Bang Tn 12000 Puffs je ur\u010den\u00e1 pre faj\u010diarov, ktor\u00ed h\u013eadaj\u00fa spo\u013eahliv\u00e9 a pohodln\u00e9 jednorazov\u00e9 zariadenie, ktor\u00e9 pon\u00faka chu\u0165 aj v\u00fdkon. Je ide\u00e1lna na cestovanie a m\u00f4\u017eu ju bez probl\u00e9mov pou\u017e\u00edva\u0165 za\u010diato\u010dn\u00edci aj sk\u00fasen\u00ed pou\u017e\u00edvatelia. V\u010faka praktickej jednorazovej funkcii nie je potrebn\u00e1 \u017eiadna \u00fadr\u017eba, ako dop\u013a\u0148anie alebo \u010distenie zariadenia. Sta\u010d\u00ed ju vybra\u0165 z balenia a za\u010da\u0165 faj\u010di\u0165.<\/p>\n<h4 data-start=\"2875\" data-end=\"2884\">Pre\u010do je Bang Tn 12000 Puffs najlep\u0161ou vo\u013ebou pre n\u00e1ro\u010dn\u00fdch faj\u010diarov<\/h4>\n<p class=\"\" data-start=\"2886\" data-end=\"3426\">Bang Tn 12000 Puffs je vynikaj\u00facou vo\u013ebou pre faj\u010diarov, ktor\u00ed h\u013eadaj\u00fa dlh\u00fa \u017eivotnos\u0165, intenz\u00edvnu chu\u0165 a jednoduch\u00e9 pou\u017e\u00edvanie. S vysokou kapacitou tekutiny, viacer\u00fdmi mo\u017enos\u0165ami nikot\u00ednu a praktick\u00fdm USB-C portom presved\u010d\u00ed svojou pou\u017e\u00edvate\u013eskou priate\u013eskos\u0165ou. Ak si objedn\u00e1te produkt z eur\u00f3pskeho skladu, vyhnete sa coln\u00fdm probl\u00e9mom a dlh\u00e9mu \u010dakania. Kto kladie d\u00f4raz na kvalitu a jednoduch\u00e9 faj\u010denie, ten je s Bang Tn 12000 Puffs na spr\u00e1vnej ceste.<\/p>","protected":false},"excerpt":{"rendered":"<p>Bang Tn 12000 Pufov \u2013 Ide\u00e1lna jednorazov\u00e1 e-cigareta pre dlh\u00e9 vapovanie Jednorazov\u00e9 e-cigaretky sa u\u017e stali jednou z najob\u013e\u00fabenej\u0161\u00edch mo\u017enost\u00ed pre vap\u00e9rov, ktor\u00ed h\u013eadaj\u00fa...<\/p>","protected":false},"featured_media":6232,"template":"","meta":[],"etheme_brands":[],"product_brand":[101],"product_cat":[88,49,61],"product_tag":[],"class_list":{"0":"post-6227","1":"product","2":"type-product","3":"status-publish","4":"has-post-thumbnail","6":"product_brand-bang-king-vape","7":"product_cat-12k-vape","8":"product_cat-einweg-e-zigarette","9":"product_cat-f","11":"first","12":"instock","13":"shipping-taxable","14":"purchasable","15":"product-type-simple"},"yoast_head":"<!-- This site is optimized with the Yoast SEO plugin v26.5 - https:\/\/yoast.com\/wordpress\/plugins\/seo\/ -->\n<title>Watermelon Strawberry Bang Tn 12000 Puffs f\u00fcr besten Genuss ohne Zollkosten | Vapingnet.de<\/title>\n<meta name=\"description\" content=\"Entdecke Watermelon Strawberry Bang Tn 12000 Puffs f\u00fcr besten Genuss ohne Zollkosten bei vapingnet.de, \u25ba Gro\u00dfe Auswahl an Geschmacksrichtungen &amp; super g\u00fcnstig!\" \/>\n<meta name=\"robots\" content=\"index, follow, max-snippet:-1, max-image-preview:large, max-video-preview:-1\" \/>\n<link rel=\"canonical\" href=\"https:\/\/vapingnet.de\/sk\/vape\/watermelon-strawberry-bang-tn-12000-puffs-fuer-besten-genuss-ohne-zollkosten\/\" \/>\n<meta property=\"og:locale\" content=\"sk_SK\" \/>\n<meta property=\"og:type\" content=\"article\" \/>\n<meta property=\"og:title\" content=\"Watermelon Strawberry Bang Tn 12000 Puffs f\u00fcr besten Genuss ohne Zollkosten | Vapingnet.de\" \/>\n<meta property=\"og:description\" content=\"Entdecke Watermelon Strawberry Bang Tn 12000 Puffs f\u00fcr besten Genuss ohne Zollkosten bei vapingnet.de, \u25ba Gro\u00dfe Auswahl an Geschmacksrichtungen &amp; super g\u00fcnstig!\" \/>\n<meta property=\"og:url\" content=\"https:\/\/vapingnet.de\/sk\/vape\/watermelon-strawberry-bang-tn-12000-puffs-fuer-besten-genuss-ohne-zollkosten\/\" \/>\n<meta property=\"og:site_name\" content=\"Vapingnet.de\" \/>\n<meta property=\"article:publisher\" content=\"https:\/\/www.facebook.com\/vapingnetde\/\" \/>\n<meta property=\"article:modified_time\" content=\"2025-12-30T08:41:27+00:00\" \/>\n<meta property=\"og:image\" content=\"https:\/\/vapingnet.de\/wp-content\/uploads\/2025\/04\/Watermelon-Strawberry.png\" \/>\n\t<meta property=\"og:image:width\" content=\"1000\" \/>\n\t<meta property=\"og:image:height\" content=\"1000\" \/>\n\t<meta property=\"og:image:type\" content=\"image\/png\" \/>\n<meta name=\"twitter:card\" content=\"summary_large_image\" \/>\n<meta name=\"twitter:label1\" content=\"Est. reading time\" \/>\n\t<meta name=\"twitter:data1\" content=\"3 minutes\" \/>\n<script type=\"application\/ld+json\" class=\"yoast-schema-graph\">{\"@context\":\"https:\/\/schema.org\",\"@graph\":[{\"@type\":\"WebPage\",\"@id\":\"https:\/\/vapingnet.de\/vape\/watermelon-strawberry-bang-tn-12000-puffs-fuer-besten-genuss-ohne-zollkosten\/\",\"url\":\"https:\/\/vapingnet.de\/vape\/watermelon-strawberry-bang-tn-12000-puffs-fuer-besten-genuss-ohne-zollkosten\/\",\"name\":\"Watermelon Strawberry Bang Tn 12000 Puffs f\u00fcr besten Genuss ohne Zollkosten | Vapingnet.de\",\"isPartOf\":{\"@id\":\"https:\/\/vapingnet.de\/#website\"},\"primaryImageOfPage\":{\"@id\":\"https:\/\/vapingnet.de\/vape\/watermelon-strawberry-bang-tn-12000-puffs-fuer-besten-genuss-ohne-zollkosten\/#primaryimage\"},\"image\":{\"@id\":\"https:\/\/vapingnet.de\/vape\/watermelon-strawberry-bang-tn-12000-puffs-fuer-besten-genuss-ohne-zollkosten\/#primaryimage\"},\"thumbnailUrl\":\"https:\/\/vapingnet.de\/wp-content\/uploads\/2025\/04\/Watermelon-Strawberry.png\",\"datePublished\":\"2025-04-11T02:32:59+00:00\",\"dateModified\":\"2025-12-30T08:41:27+00:00\",\"description\":\"Entdecke Watermelon Strawberry Bang Tn 12000 Puffs f\u00fcr besten Genuss ohne Zollkosten bei vapingnet.de, \u25ba Gro\u00dfe Auswahl an Geschmacksrichtungen & super g\u00fcnstig!\",\"breadcrumb\":{\"@id\":\"https:\/\/vapingnet.de\/vape\/watermelon-strawberry-bang-tn-12000-puffs-fuer-besten-genuss-ohne-zollkosten\/#breadcrumb\"},\"inLanguage\":\"sk-SK\",\"potentialAction\":[{\"@type\":\"ReadAction\",\"target\":[\"https:\/\/vapingnet.de\/vape\/watermelon-strawberry-bang-tn-12000-puffs-fuer-besten-genuss-ohne-zollkosten\/\"]}]},{\"@type\":\"ImageObject\",\"inLanguage\":\"sk-SK\",\"@id\":\"https:\/\/vapingnet.de\/vape\/watermelon-strawberry-bang-tn-12000-puffs-fuer-besten-genuss-ohne-zollkosten\/#primaryimage\",\"url\":\"https:\/\/vapingnet.de\/wp-content\/uploads\/2025\/04\/Watermelon-Strawberry.png\",\"contentUrl\":\"https:\/\/vapingnet.de\/wp-content\/uploads\/2025\/04\/Watermelon-Strawberry.png\",\"width\":1000,\"height\":1000},{\"@type\":\"BreadcrumbList\",\"@id\":\"https:\/\/vapingnet.de\/vape\/watermelon-strawberry-bang-tn-12000-puffs-fuer-besten-genuss-ohne-zollkosten\/#breadcrumb\",\"itemListElement\":[{\"@type\":\"ListItem\",\"position\":1,\"name\":\"Home\",\"item\":\"https:\/\/vapingnet.de\/\"},{\"@type\":\"ListItem\",\"position\":2,\"name\":\"Shop\",\"item\":\"https:\/\/vapingnet.de\/vape\/\"},{\"@type\":\"ListItem\",\"position\":3,\"name\":\"Watermelon Strawberry Bang Tn 12000 Puffs f\u00fcr besten Genuss ohne Zollkosten\"}]},{\"@type\":\"WebSite\",\"@id\":\"https:\/\/vapingnet.de\/#website\",\"url\":\"https:\/\/vapingnet.de\/\",\"name\":\"Vapingnet.de\",\"description\":\"\",\"publisher\":{\"@id\":\"https:\/\/vapingnet.de\/#organization\"},\"potentialAction\":[{\"@type\":\"SearchAction\",\"target\":{\"@type\":\"EntryPoint\",\"urlTemplate\":\"https:\/\/vapingnet.de\/?s={search_term_string}\"},\"query-input\":{\"@type\":\"PropertyValueSpecification\",\"valueRequired\":true,\"valueName\":\"search_term_string\"}}],\"inLanguage\":\"sk-SK\"},{\"@type\":\"Organization\",\"@id\":\"https:\/\/vapingnet.de\/#organization\",\"name\":\"Vapingnet.de\",\"url\":\"https:\/\/vapingnet.de\/\",\"logo\":{\"@type\":\"ImageObject\",\"inLanguage\":\"sk-SK\",\"@id\":\"https:\/\/vapingnet.de\/#\/schema\/logo\/image\/\",\"url\":\"https:\/\/vapingnet.de\/wp-content\/uploads\/2025\/03\/cropped-vapingnet.de_.jpg\",\"contentUrl\":\"https:\/\/vapingnet.de\/wp-content\/uploads\/2025\/03\/cropped-vapingnet.de_.jpg\",\"width\":512,\"height\":512,\"caption\":\"Vapingnet.de\"},\"image\":{\"@id\":\"https:\/\/vapingnet.de\/#\/schema\/logo\/image\/\"},\"sameAs\":[\"https:\/\/www.facebook.com\/vapingnetde\/\"]}]}<\/script>\n<!-- \/ Yoast SEO plugin. -->","yoast_head_json":{"title":"Watermelon Strawberry Bang Tn 12000 Puffs f\u00fcr besten Genuss ohne Zollkosten | Vapingnet.de","description":"Entdecke Watermelon Strawberry Bang Tn 12000 Puffs f\u00fcr besten Genuss ohne Zollkosten bei vapingnet.de, \u25ba Gro\u00dfe Auswahl an Geschmacksrichtungen & super g\u00fcnstig!","robots":{"index":"index","follow":"follow","max-snippet":"max-snippet:-1","max-image-preview":"max-image-preview:large","max-video-preview":"max-video-preview:-1"},"canonical":"https:\/\/vapingnet.de\/sk\/vape\/watermelon-strawberry-bang-tn-12000-puffs-fuer-besten-genuss-ohne-zollkosten\/","og_locale":"sk_SK","og_type":"article","og_title":"Watermelon Strawberry Bang Tn 12000 Puffs f\u00fcr besten Genuss ohne Zollkosten | Vapingnet.de","og_description":"Entdecke Watermelon Strawberry Bang Tn 12000 Puffs f\u00fcr besten Genuss ohne Zollkosten bei vapingnet.de, \u25ba Gro\u00dfe Auswahl an Geschmacksrichtungen & super g\u00fcnstig!","og_url":"https:\/\/vapingnet.de\/sk\/vape\/watermelon-strawberry-bang-tn-12000-puffs-fuer-besten-genuss-ohne-zollkosten\/","og_site_name":"Vapingnet.de","article_publisher":"https:\/\/www.facebook.com\/vapingnetde\/","article_modified_time":"2025-12-30T08:41:27+00:00","og_image":[{"width":1000,"height":1000,"url":"https:\/\/vapingnet.de\/wp-content\/uploads\/2025\/04\/Watermelon-Strawberry.png","type":"image\/png"}],"twitter_card":"summary_large_image","twitter_misc":{"Est. reading time":"3 minutes"},"schema":{"@context":"https:\/\/schema.org","@graph":[{"@type":"WebPage","@id":"https:\/\/vapingnet.de\/vape\/watermelon-strawberry-bang-tn-12000-puffs-fuer-besten-genuss-ohne-zollkosten\/","url":"https:\/\/vapingnet.de\/vape\/watermelon-strawberry-bang-tn-12000-puffs-fuer-besten-genuss-ohne-zollkosten\/","name":"Watermelon Strawberry Bang Tn 12000 Puffs f\u00fcr besten Genuss ohne Zollkosten | Vapingnet.de","isPartOf":{"@id":"https:\/\/vapingnet.de\/#website"},"primaryImageOfPage":{"@id":"https:\/\/vapingnet.de\/vape\/watermelon-strawberry-bang-tn-12000-puffs-fuer-besten-genuss-ohne-zollkosten\/#primaryimage"},"image":{"@id":"https:\/\/vapingnet.de\/vape\/watermelon-strawberry-bang-tn-12000-puffs-fuer-besten-genuss-ohne-zollkosten\/#primaryimage"},"thumbnailUrl":"https:\/\/vapingnet.de\/wp-content\/uploads\/2025\/04\/Watermelon-Strawberry.png","datePublished":"2025-04-11T02:32:59+00:00","dateModified":"2025-12-30T08:41:27+00:00","description":"Entdecke Watermelon Strawberry Bang Tn 12000 Puffs f\u00fcr besten Genuss ohne Zollkosten bei vapingnet.de, \u25ba Gro\u00dfe Auswahl an Geschmacksrichtungen & super g\u00fcnstig!","breadcrumb":{"@id":"https:\/\/vapingnet.de\/vape\/watermelon-strawberry-bang-tn-12000-puffs-fuer-besten-genuss-ohne-zollkosten\/#breadcrumb"},"inLanguage":"sk-SK","potentialAction":[{"@type":"ReadAction","target":["https:\/\/vapingnet.de\/vape\/watermelon-strawberry-bang-tn-12000-puffs-fuer-besten-genuss-ohne-zollkosten\/"]}]},{"@type":"ImageObject","inLanguage":"sk-SK","@id":"https:\/\/vapingnet.de\/vape\/watermelon-strawberry-bang-tn-12000-puffs-fuer-besten-genuss-ohne-zollkosten\/#primaryimage","url":"https:\/\/vapingnet.de\/wp-content\/uploads\/2025\/04\/Watermelon-Strawberry.png","contentUrl":"https:\/\/vapingnet.de\/wp-content\/uploads\/2025\/04\/Watermelon-Strawberry.png","width":1000,"height":1000},{"@type":"BreadcrumbList","@id":"https:\/\/vapingnet.de\/vape\/watermelon-strawberry-bang-tn-12000-puffs-fuer-besten-genuss-ohne-zollkosten\/#breadcrumb","itemListElement":[{"@type":"ListItem","position":1,"name":"Home","item":"https:\/\/vapingnet.de\/"},{"@type":"ListItem","position":2,"name":"Shop","item":"https:\/\/vapingnet.de\/vape\/"},{"@type":"ListItem","position":3,"name":"Watermelon Strawberry Bang Tn 12000 Puffs f\u00fcr besten Genuss ohne Zollkosten"}]},{"@type":"WebSite","@id":"https:\/\/vapingnet.de\/#website","url":"https:\/\/vapingnet.de\/","name":"Vapingnet.de","description":"","publisher":{"@id":"https:\/\/vapingnet.de\/#organization"},"potentialAction":[{"@type":"SearchAction","target":{"@type":"EntryPoint","urlTemplate":"https:\/\/vapingnet.de\/?s={search_term_string}"},"query-input":{"@type":"PropertyValueSpecification","valueRequired":true,"valueName":"search_term_string"}}],"inLanguage":"sk-SK"},{"@type":"Organization","@id":"https:\/\/vapingnet.de\/#organization","name":"Vapingnet.de","url":"https:\/\/vapingnet.de\/","logo":{"@type":"ImageObject","inLanguage":"sk-SK","@id":"https:\/\/vapingnet.de\/#\/schema\/logo\/image\/","url":"https:\/\/vapingnet.de\/wp-content\/uploads\/2025\/03\/cropped-vapingnet.de_.jpg","contentUrl":"https:\/\/vapingnet.de\/wp-content\/uploads\/2025\/03\/cropped-vapingnet.de_.jpg","width":512,"height":512,"caption":"Vapingnet.de"},"image":{"@id":"https:\/\/vapingnet.de\/#\/schema\/logo\/image\/"},"sameAs":["https:\/\/www.facebook.com\/vapingnetde\/"]}]}},"tiered_pricing_type":"fixed","tiered_pricing_fixed_rules":{"10":"7.31","60":"6.58","110":"5.85","200":"5.12"},"tiered_pricing_product_settings":{"layout":"default","base_unit_name":{"singular":null,"plural":null},"default_variation":null},"tiered_pricing_minimum_quantity":null,"tiered_pricing_roles_data":[],"tiered_pricing_percentage_rules":[],"_links":{"self":[{"href":"https:\/\/vapingnet.de\/sk\/wp-json\/wp\/v2\/product\/6227","targetHints":{"allow":["GET"]}}],"collection":[{"href":"https:\/\/vapingnet.de\/sk\/wp-json\/wp\/v2\/product"}],"about":[{"href":"https:\/\/vapingnet.de\/sk\/wp-json\/wp\/v2\/types\/product"}],"version-history":[{"count":1,"href":"https:\/\/vapingnet.de\/sk\/wp-json\/wp\/v2\/product\/6227\/revisions"}],"predecessor-version":[{"id":6237,"href":"https:\/\/vapingnet.de\/sk\/wp-json\/wp\/v2\/product\/6227\/revisions\/6237"}],"wp:featuredmedia":[{"embeddable":true,"href":"https:\/\/vapingnet.de\/sk\/wp-json\/wp\/v2\/media\/6232"}],"wp:attachment":[{"href":"https:\/\/vapingnet.de\/sk\/wp-json\/wp\/v2\/media?parent=6227"}],"wp:term":[{"taxonomy":"brand","embeddable":true,"href":"https:\/\/vapingnet.de\/sk\/wp-json\/wp\/v2\/etheme_brands?post=6227"},{"taxonomy":"product_brand","embeddable":true,"href":"https:\/\/vapingnet.de\/sk\/wp-json\/wp\/v2\/product_brand?post=6227"},{"taxonomy":"product_cat","embeddable":true,"href":"https:\/\/vapingnet.de\/sk\/wp-json\/wp\/v2\/product_cat?post=6227"},{"taxonomy":"product_tag","embeddable":true,"href":"https:\/\/vapingnet.de\/sk\/wp-json\/wp\/v2\/product_tag?post=6227"}],"curies":[{"name":"wp","href":"https:\/\/api.w.org\/{rel}","templated":true}]}}