{"id":6228,"date":"2025-04-11T02:33:04","date_gmt":"2025-04-11T02:33:04","guid":{"rendered":"https:\/\/vapingnet.de\/?post_type=product&#038;p=6228"},"modified":"2025-12-30T08:41:18","modified_gmt":"2025-12-30T08:41:18","slug":"bang-tn-12000-puffs-strawberry-ice-fuer-den-besten-dampfgenuss","status":"publish","type":"product","link":"https:\/\/vapingnet.de\/sk\/vape\/bang-tn-12000-puffs-strawberry-ice-fuer-den-besten-dampfgenuss\/","title":{"rendered":"Bang Tn 12000 Puffs Strawberry Ice pre najlep\u0161\u00ed z\u00e1\u017eitok z vapovania"},"content":{"rendered":"<h2 data-start=\"0\" data-end=\"88\">Bang Tn 12000 Puffs: V\u00fdkonn\u00e1 a pou\u017e\u00edvate\u013esky pr\u00edvetiv\u00e1 jednorazov\u00e1 e-cigareta<\/h2>\n<p class=\"\" data-start=\"90\" data-end=\"466\">Bang Tn 12000 Puffs je ide\u00e1lnou vo\u013ebou pre vapery, ktor\u00ed h\u013eadaj\u00fa praktick\u00fa a odoln\u00fa jednorazov\u00fa e-cigaretu. Pon\u00faka s kapacitou 20 ml tekutiny a schopnos\u0165ou poskytn\u00fa\u0165 a\u017e 12 000 \u0165ahov dlhodob\u00fd a intenz\u00edvny z\u00e1\u017eitok z vapovania. T\u00e1to e-cigareta je vhodn\u00e1 pre za\u010diato\u010dn\u00edkov aj sk\u00fasen\u00fdch vapery.<\/p>\n<h3>D\u00f4le\u017eit\u00e9 vlastnosti Bang Tn 12000 Puffs:<\/h3>\n<ol data-start=\"521\" data-end=\"1522\">\n<li class=\"\" data-start=\"521\" data-end=\"794\">\n<p class=\"\" data-start=\"524\" data-end=\"794\">Dlh\u00e1 \u017eivotnos\u0165 a vysok\u00fd v\u00fdkon:<br data-start=\"564\" data-end=\"567\" \/>S bat\u00e9riou 650mAh zabezpe\u010duje Bang Tn 12000 Puffs vytrval\u00fd v\u00fdkon. V kombin\u00e1cii s mesh cievkou (1.2\u03a9) sa dosahuje rovnomern\u00e9 odparovanie, ktor\u00e9 zabezpe\u010duje intenz\u00edvnu chu\u0165.<\/p>\n<\/li>\n<li class=\"\" data-start=\"796\" data-end=\"971\">\n<p class=\"\" data-start=\"799\" data-end=\"971\">Jednoduch\u00e9 nab\u00edjanie:<br data-start=\"822\" data-end=\"825\" \/>Pripojenie USB-C zaru\u010duje r\u00fdchle a efekt\u00edvne nab\u00edjanie zariadenia, tak\u017ee m\u00f4\u017eete op\u00e4\u0165 vapova\u0165 v kr\u00e1tkom \u010dase.<\/p>\n<\/li>\n<li class=\"\" data-start=\"973\" data-end=\"1235\">\n<p class=\"\" data-start=\"976\" data-end=\"1235\">Rozli\u010dn\u00e9 mo\u017enosti nikot\u00ednu:<br data-start=\"1008\" data-end=\"1011\" \/>Bang Tn 12000 Puffs je dostupn\u00e1 v r\u00f4znych sil\u00e1ch nikot\u00ednu: 0%, 2%, 3% a 5% nikot\u00ednu. Tak si vapery m\u00f4\u017eu vybra\u0165 \u00farove\u0148 nikot\u00ednu, ktor\u00e1 im vyhovuje, \u010di u\u017e chc\u00fa nikot\u00edn konzumova\u0165 alebo nie.<\/p>\n<\/li>\n<li class=\"\" data-start=\"1237\" data-end=\"1522\">\n<p class=\"\" data-start=\"1240\" data-end=\"1522\">Osvie\u017euj\u00faca chu\u0165:<br data-start=\"1268\" data-end=\"1271\" \/>Chu\u0165 Strawberry Ice kombinuje sladkos\u0165 jah\u00f4d s osvie\u017euj\u00facou chladivou mentolovou pozn\u00e1mkou. Perfektn\u00fd z\u00e1\u017eitok pre vapery, ktor\u00ed miluj\u00fa ovocn\u00e9 ar\u00f3my a z\u00e1rove\u0148 si chc\u00fa vychutna\u0165 svie\u017eos\u0165 mentolu.<\/p>\n<\/li>\n<\/ol>\n<h4 data-start=\"1524\" data-end=\"1558\">V\u00fdhody pre kupuj\u00facich na Slovensku:<\/h4>\n<ul data-start=\"1560\" data-end=\"1892\">\n<li class=\"\" data-start=\"1560\" data-end=\"1730\">\n<p class=\"\" data-start=\"1562\" data-end=\"1730\">Coln\u00e9: Pri k\u00fape Bang Tn 12000 Puffs v r\u00e1mci E\u00da neplatia coln\u00e9 poplatky, \u010do rob\u00ed cel\u00fd n\u00e1kup jednoduch\u00fdm a transparentn\u00fdm.<\/p>\n<\/li>\n<li class=\"\" data-start=\"1731\" data-end=\"1892\">\n<p class=\"\" data-start=\"1733\" data-end=\"1892\">R\u00fdchle doru\u010denie: Odoslanie zvy\u010dajne prebieha do 7 a\u017e 15 pracovn\u00fdch dn\u00ed, tak\u017ee nemus\u00edte dlho \u010daka\u0165 na svoj nov\u00fd z\u00e1\u017eitok z vapovania.<\/p>\n<\/li>\n<\/ul>\n<h4 data-start=\"1894\" data-end=\"1917\">Mo\u017enos\u0165 objednania:<\/h4>\n<p class=\"\" data-start=\"1919\" data-end=\"2156\">Bang Tn 12000 Puffs je dostupn\u00e1 na vapingnet.de, spo\u013eahlivom predajcovi, ktor\u00fd pon\u00faka \u0161irok\u00fd v\u00fdber vapovac\u00edch produktov. Tam si m\u00f4\u017eete produkt bezpe\u010dne objedna\u0165 a spo\u013eahn\u00fa\u0165 sa na r\u00fdchle doru\u010denie.<\/p>\n<h4 data-start=\"2158\" data-end=\"2168\">Pre\u010do je Bang Tn 12000 Puffs ide\u00e1lnou vo\u013ebou pre n\u00e1ro\u010dn\u00fdch vapery<\/h4>\n<p class=\"\" data-start=\"2170\" data-end=\"2711\">Bang Tn 12000 Puffs pon\u00faka vynikaj\u00facu kombin\u00e1ciu vysok\u00e9ho v\u00fdkonu, dlhej \u017eivotnosti a intenz\u00edvnych chu\u0165ov\u00fdch z\u00e1\u017eitkov. Je obzvl\u00e1\u0161\u0165 vhodn\u00e1 pre vapery, ktor\u00ed h\u013eadaj\u00fa jednoduch\u00e9, v\u00fdkonn\u00e9 jednorazov\u00e9 zariadenie, ktor\u00e9 je pripraven\u00e9 na pou\u017eitie okam\u017eite a z\u00e1rove\u0148 poskytuje dlh\u00fa dobu pou\u017e\u00edvania. S \u0161irok\u00fdm v\u00fdberom mo\u017enost\u00ed nikot\u00ednu a osvie\u017euj\u00facou chu\u0165ou je ide\u00e1lnou vo\u013ebou pre ka\u017ed\u00e9ho vapera. Objednajte e\u0161te dnes na vapingnet.de a za\u017eite vapovanie nov\u00fdm, pohodln\u00fdm sp\u00f4sobom!<\/p>","protected":false},"excerpt":{"rendered":"<p>Bang Tn 12000 Puffs: Eine leistungsstarke und benutzerfreundliche Einweg-E-Zigarette Die Bang Tn 12000 Puffs ist die ideale Wahl f\u00fcr Dampfer, die nach einer praktischen und&#8230;<\/p>","protected":false},"featured_media":6233,"template":"","meta":[],"etheme_brands":[],"product_brand":[101],"product_cat":[88,49,61],"product_tag":[],"class_list":{"0":"post-6228","1":"product","2":"type-product","3":"status-publish","4":"has-post-thumbnail","6":"product_brand-bang-king-vape","7":"product_cat-12k-vape","8":"product_cat-einweg-e-zigarette","9":"product_cat-f","11":"first","12":"instock","13":"shipping-taxable","14":"purchasable","15":"product-type-simple"},"yoast_head":"<!-- This site is optimized with the Yoast SEO plugin v26.5 - https:\/\/yoast.com\/wordpress\/plugins\/seo\/ -->\n<title>Bang Tn 12000 Puffs Strawberry Ice f\u00fcr den besten Dampfgenuss | Vapingnet.de<\/title>\n<meta name=\"description\" content=\"Entdecke Bang Tn 12000 Puffs Strawberry Ice f\u00fcr den besten Dampfgenuss bei vapingnet.de, \u25ba Gro\u00dfe Auswahl an Geschmacksrichtungen &amp; super g\u00fcnstig!\" \/>\n<meta name=\"robots\" content=\"index, follow, max-snippet:-1, max-image-preview:large, max-video-preview:-1\" \/>\n<link rel=\"canonical\" href=\"https:\/\/vapingnet.de\/sk\/vape\/bang-tn-12000-puffs-strawberry-ice-fuer-den-besten-dampfgenuss\/\" \/>\n<meta property=\"og:locale\" content=\"sk_SK\" \/>\n<meta property=\"og:type\" content=\"article\" \/>\n<meta property=\"og:title\" content=\"Bang Tn 12000 Puffs Strawberry Ice f\u00fcr den besten Dampfgenuss | Vapingnet.de\" \/>\n<meta property=\"og:description\" content=\"Entdecke Bang Tn 12000 Puffs Strawberry Ice f\u00fcr den besten Dampfgenuss bei vapingnet.de, \u25ba Gro\u00dfe Auswahl an Geschmacksrichtungen &amp; super g\u00fcnstig!\" \/>\n<meta property=\"og:url\" content=\"https:\/\/vapingnet.de\/sk\/vape\/bang-tn-12000-puffs-strawberry-ice-fuer-den-besten-dampfgenuss\/\" \/>\n<meta property=\"og:site_name\" content=\"Vapingnet.de\" \/>\n<meta property=\"article:publisher\" content=\"https:\/\/www.facebook.com\/vapingnetde\/\" \/>\n<meta property=\"article:modified_time\" content=\"2025-12-30T08:41:18+00:00\" \/>\n<meta property=\"og:image\" content=\"https:\/\/vapingnet.de\/wp-content\/uploads\/2025\/04\/Watermelon-Strawberry-1.png\" \/>\n\t<meta property=\"og:image:width\" content=\"1000\" \/>\n\t<meta property=\"og:image:height\" content=\"1000\" \/>\n\t<meta property=\"og:image:type\" content=\"image\/png\" \/>\n<meta name=\"twitter:card\" content=\"summary_large_image\" \/>\n<meta name=\"twitter:label1\" content=\"Est. reading time\" \/>\n\t<meta name=\"twitter:data1\" content=\"3 minutes\" \/>\n<script type=\"application\/ld+json\" class=\"yoast-schema-graph\">{\"@context\":\"https:\/\/schema.org\",\"@graph\":[{\"@type\":\"WebPage\",\"@id\":\"https:\/\/vapingnet.de\/vape\/bang-tn-12000-puffs-strawberry-ice-fuer-den-besten-dampfgenuss\/\",\"url\":\"https:\/\/vapingnet.de\/vape\/bang-tn-12000-puffs-strawberry-ice-fuer-den-besten-dampfgenuss\/\",\"name\":\"Bang Tn 12000 Puffs Strawberry Ice f\u00fcr den besten Dampfgenuss | Vapingnet.de\",\"isPartOf\":{\"@id\":\"https:\/\/vapingnet.de\/#website\"},\"primaryImageOfPage\":{\"@id\":\"https:\/\/vapingnet.de\/vape\/bang-tn-12000-puffs-strawberry-ice-fuer-den-besten-dampfgenuss\/#primaryimage\"},\"image\":{\"@id\":\"https:\/\/vapingnet.de\/vape\/bang-tn-12000-puffs-strawberry-ice-fuer-den-besten-dampfgenuss\/#primaryimage\"},\"thumbnailUrl\":\"https:\/\/vapingnet.de\/wp-content\/uploads\/2025\/04\/Watermelon-Strawberry-1.png\",\"datePublished\":\"2025-04-11T02:33:04+00:00\",\"dateModified\":\"2025-12-30T08:41:18+00:00\",\"description\":\"Entdecke Bang Tn 12000 Puffs Strawberry Ice f\u00fcr den besten Dampfgenuss bei vapingnet.de, \u25ba Gro\u00dfe Auswahl an Geschmacksrichtungen & super g\u00fcnstig!\",\"breadcrumb\":{\"@id\":\"https:\/\/vapingnet.de\/vape\/bang-tn-12000-puffs-strawberry-ice-fuer-den-besten-dampfgenuss\/#breadcrumb\"},\"inLanguage\":\"sk-SK\",\"potentialAction\":[{\"@type\":\"ReadAction\",\"target\":[\"https:\/\/vapingnet.de\/vape\/bang-tn-12000-puffs-strawberry-ice-fuer-den-besten-dampfgenuss\/\"]}]},{\"@type\":\"ImageObject\",\"inLanguage\":\"sk-SK\",\"@id\":\"https:\/\/vapingnet.de\/vape\/bang-tn-12000-puffs-strawberry-ice-fuer-den-besten-dampfgenuss\/#primaryimage\",\"url\":\"https:\/\/vapingnet.de\/wp-content\/uploads\/2025\/04\/Watermelon-Strawberry-1.png\",\"contentUrl\":\"https:\/\/vapingnet.de\/wp-content\/uploads\/2025\/04\/Watermelon-Strawberry-1.png\",\"width\":1000,\"height\":1000},{\"@type\":\"BreadcrumbList\",\"@id\":\"https:\/\/vapingnet.de\/vape\/bang-tn-12000-puffs-strawberry-ice-fuer-den-besten-dampfgenuss\/#breadcrumb\",\"itemListElement\":[{\"@type\":\"ListItem\",\"position\":1,\"name\":\"Home\",\"item\":\"https:\/\/vapingnet.de\/\"},{\"@type\":\"ListItem\",\"position\":2,\"name\":\"Shop\",\"item\":\"https:\/\/vapingnet.de\/vape\/\"},{\"@type\":\"ListItem\",\"position\":3,\"name\":\"Bang Tn 12000 Puffs Strawberry Ice f\u00fcr den besten Dampfgenuss\"}]},{\"@type\":\"WebSite\",\"@id\":\"https:\/\/vapingnet.de\/#website\",\"url\":\"https:\/\/vapingnet.de\/\",\"name\":\"Vapingnet.de\",\"description\":\"\",\"publisher\":{\"@id\":\"https:\/\/vapingnet.de\/#organization\"},\"potentialAction\":[{\"@type\":\"SearchAction\",\"target\":{\"@type\":\"EntryPoint\",\"urlTemplate\":\"https:\/\/vapingnet.de\/?s={search_term_string}\"},\"query-input\":{\"@type\":\"PropertyValueSpecification\",\"valueRequired\":true,\"valueName\":\"search_term_string\"}}],\"inLanguage\":\"sk-SK\"},{\"@type\":\"Organization\",\"@id\":\"https:\/\/vapingnet.de\/#organization\",\"name\":\"Vapingnet.de\",\"url\":\"https:\/\/vapingnet.de\/\",\"logo\":{\"@type\":\"ImageObject\",\"inLanguage\":\"sk-SK\",\"@id\":\"https:\/\/vapingnet.de\/#\/schema\/logo\/image\/\",\"url\":\"https:\/\/vapingnet.de\/wp-content\/uploads\/2025\/03\/cropped-vapingnet.de_.jpg\",\"contentUrl\":\"https:\/\/vapingnet.de\/wp-content\/uploads\/2025\/03\/cropped-vapingnet.de_.jpg\",\"width\":512,\"height\":512,\"caption\":\"Vapingnet.de\"},\"image\":{\"@id\":\"https:\/\/vapingnet.de\/#\/schema\/logo\/image\/\"},\"sameAs\":[\"https:\/\/www.facebook.com\/vapingnetde\/\"]}]}<\/script>\n<!-- \/ Yoast SEO plugin. -->","yoast_head_json":{"title":"Bang Tn 12000 Puffs Strawberry Ice f\u00fcr den besten Dampfgenuss | Vapingnet.de","description":"Entdecke Bang Tn 12000 Puffs Strawberry Ice f\u00fcr den besten Dampfgenuss bei vapingnet.de, \u25ba Gro\u00dfe Auswahl an Geschmacksrichtungen & super g\u00fcnstig!","robots":{"index":"index","follow":"follow","max-snippet":"max-snippet:-1","max-image-preview":"max-image-preview:large","max-video-preview":"max-video-preview:-1"},"canonical":"https:\/\/vapingnet.de\/sk\/vape\/bang-tn-12000-puffs-strawberry-ice-fuer-den-besten-dampfgenuss\/","og_locale":"sk_SK","og_type":"article","og_title":"Bang Tn 12000 Puffs Strawberry Ice f\u00fcr den besten Dampfgenuss | Vapingnet.de","og_description":"Entdecke Bang Tn 12000 Puffs Strawberry Ice f\u00fcr den besten Dampfgenuss bei vapingnet.de, \u25ba Gro\u00dfe Auswahl an Geschmacksrichtungen & super g\u00fcnstig!","og_url":"https:\/\/vapingnet.de\/sk\/vape\/bang-tn-12000-puffs-strawberry-ice-fuer-den-besten-dampfgenuss\/","og_site_name":"Vapingnet.de","article_publisher":"https:\/\/www.facebook.com\/vapingnetde\/","article_modified_time":"2025-12-30T08:41:18+00:00","og_image":[{"width":1000,"height":1000,"url":"https:\/\/vapingnet.de\/wp-content\/uploads\/2025\/04\/Watermelon-Strawberry-1.png","type":"image\/png"}],"twitter_card":"summary_large_image","twitter_misc":{"Est. reading time":"3 minutes"},"schema":{"@context":"https:\/\/schema.org","@graph":[{"@type":"WebPage","@id":"https:\/\/vapingnet.de\/vape\/bang-tn-12000-puffs-strawberry-ice-fuer-den-besten-dampfgenuss\/","url":"https:\/\/vapingnet.de\/vape\/bang-tn-12000-puffs-strawberry-ice-fuer-den-besten-dampfgenuss\/","name":"Bang Tn 12000 Puffs Strawberry Ice f\u00fcr den besten Dampfgenuss | Vapingnet.de","isPartOf":{"@id":"https:\/\/vapingnet.de\/#website"},"primaryImageOfPage":{"@id":"https:\/\/vapingnet.de\/vape\/bang-tn-12000-puffs-strawberry-ice-fuer-den-besten-dampfgenuss\/#primaryimage"},"image":{"@id":"https:\/\/vapingnet.de\/vape\/bang-tn-12000-puffs-strawberry-ice-fuer-den-besten-dampfgenuss\/#primaryimage"},"thumbnailUrl":"https:\/\/vapingnet.de\/wp-content\/uploads\/2025\/04\/Watermelon-Strawberry-1.png","datePublished":"2025-04-11T02:33:04+00:00","dateModified":"2025-12-30T08:41:18+00:00","description":"Entdecke Bang Tn 12000 Puffs Strawberry Ice f\u00fcr den besten Dampfgenuss bei vapingnet.de, \u25ba Gro\u00dfe Auswahl an Geschmacksrichtungen & super g\u00fcnstig!","breadcrumb":{"@id":"https:\/\/vapingnet.de\/vape\/bang-tn-12000-puffs-strawberry-ice-fuer-den-besten-dampfgenuss\/#breadcrumb"},"inLanguage":"sk-SK","potentialAction":[{"@type":"ReadAction","target":["https:\/\/vapingnet.de\/vape\/bang-tn-12000-puffs-strawberry-ice-fuer-den-besten-dampfgenuss\/"]}]},{"@type":"ImageObject","inLanguage":"sk-SK","@id":"https:\/\/vapingnet.de\/vape\/bang-tn-12000-puffs-strawberry-ice-fuer-den-besten-dampfgenuss\/#primaryimage","url":"https:\/\/vapingnet.de\/wp-content\/uploads\/2025\/04\/Watermelon-Strawberry-1.png","contentUrl":"https:\/\/vapingnet.de\/wp-content\/uploads\/2025\/04\/Watermelon-Strawberry-1.png","width":1000,"height":1000},{"@type":"BreadcrumbList","@id":"https:\/\/vapingnet.de\/vape\/bang-tn-12000-puffs-strawberry-ice-fuer-den-besten-dampfgenuss\/#breadcrumb","itemListElement":[{"@type":"ListItem","position":1,"name":"Home","item":"https:\/\/vapingnet.de\/"},{"@type":"ListItem","position":2,"name":"Shop","item":"https:\/\/vapingnet.de\/vape\/"},{"@type":"ListItem","position":3,"name":"Bang Tn 12000 Puffs Strawberry Ice f\u00fcr den besten Dampfgenuss"}]},{"@type":"WebSite","@id":"https:\/\/vapingnet.de\/#website","url":"https:\/\/vapingnet.de\/","name":"Vapingnet.de","description":"","publisher":{"@id":"https:\/\/vapingnet.de\/#organization"},"potentialAction":[{"@type":"SearchAction","target":{"@type":"EntryPoint","urlTemplate":"https:\/\/vapingnet.de\/?s={search_term_string}"},"query-input":{"@type":"PropertyValueSpecification","valueRequired":true,"valueName":"search_term_string"}}],"inLanguage":"sk-SK"},{"@type":"Organization","@id":"https:\/\/vapingnet.de\/#organization","name":"Vapingnet.de","url":"https:\/\/vapingnet.de\/","logo":{"@type":"ImageObject","inLanguage":"sk-SK","@id":"https:\/\/vapingnet.de\/#\/schema\/logo\/image\/","url":"https:\/\/vapingnet.de\/wp-content\/uploads\/2025\/03\/cropped-vapingnet.de_.jpg","contentUrl":"https:\/\/vapingnet.de\/wp-content\/uploads\/2025\/03\/cropped-vapingnet.de_.jpg","width":512,"height":512,"caption":"Vapingnet.de"},"image":{"@id":"https:\/\/vapingnet.de\/#\/schema\/logo\/image\/"},"sameAs":["https:\/\/www.facebook.com\/vapingnetde\/"]}]}},"tiered_pricing_type":"fixed","tiered_pricing_fixed_rules":{"10":"7.31","60":"6.58","110":"5.85","200":"5.12"},"tiered_pricing_product_settings":{"layout":"default","base_unit_name":{"singular":null,"plural":null},"default_variation":null},"tiered_pricing_minimum_quantity":null,"tiered_pricing_roles_data":[],"tiered_pricing_percentage_rules":[],"_links":{"self":[{"href":"https:\/\/vapingnet.de\/sk\/wp-json\/wp\/v2\/product\/6228","targetHints":{"allow":["GET"]}}],"collection":[{"href":"https:\/\/vapingnet.de\/sk\/wp-json\/wp\/v2\/product"}],"about":[{"href":"https:\/\/vapingnet.de\/sk\/wp-json\/wp\/v2\/types\/product"}],"version-history":[{"count":3,"href":"https:\/\/vapingnet.de\/sk\/wp-json\/wp\/v2\/product\/6228\/revisions"}],"predecessor-version":[{"id":6240,"href":"https:\/\/vapingnet.de\/sk\/wp-json\/wp\/v2\/product\/6228\/revisions\/6240"}],"wp:featuredmedia":[{"embeddable":true,"href":"https:\/\/vapingnet.de\/sk\/wp-json\/wp\/v2\/media\/6233"}],"wp:attachment":[{"href":"https:\/\/vapingnet.de\/sk\/wp-json\/wp\/v2\/media?parent=6228"}],"wp:term":[{"taxonomy":"brand","embeddable":true,"href":"https:\/\/vapingnet.de\/sk\/wp-json\/wp\/v2\/etheme_brands?post=6228"},{"taxonomy":"product_brand","embeddable":true,"href":"https:\/\/vapingnet.de\/sk\/wp-json\/wp\/v2\/product_brand?post=6228"},{"taxonomy":"product_cat","embeddable":true,"href":"https:\/\/vapingnet.de\/sk\/wp-json\/wp\/v2\/product_cat?post=6228"},{"taxonomy":"product_tag","embeddable":true,"href":"https:\/\/vapingnet.de\/sk\/wp-json\/wp\/v2\/product_tag?post=6228"}],"curies":[{"name":"wp","href":"https:\/\/api.w.org\/{rel}","templated":true}]}}