{"id":6241,"date":"2025-04-11T05:55:04","date_gmt":"2025-04-11T05:55:04","guid":{"rendered":"https:\/\/vapingnet.de\/?post_type=product&#038;p=6241"},"modified":"2025-12-30T08:41:09","modified_gmt":"2025-12-30T08:41:09","slug":"peach-ice-bang-tn-12000-puffs-die-besten-aromen-fuer-internationalen-genuss","status":"publish","type":"product","link":"https:\/\/vapingnet.de\/sk\/vape\/peach-ice-bang-tn-12000-puffs-die-besten-aromen-fuer-internationalen-genuss\/","title":{"rendered":"Peach Ice Bang Tn 12000 Puffs Najlep\u0161ie ar\u00f3my pre medzin\u00e1rodn\u00fd p\u00f4\u017eitok"},"content":{"rendered":"<h2 data-start=\"0\" data-end=\"95\" data-immersive-translate-walked=\"60ca2606-f78e-4c3c-8bd7-cb709aec5577\">Bang Tn 12000 Puffs \u2013 Perfektn\u00e1 jednorazov\u00e1 e-cigareta pre dlh\u00e9 vapingov\u00e9 z\u00e1\u017eitky<\/h2>\n<p class=\"\" data-start=\"97\" data-end=\"430\" data-immersive-translate-paragraph=\"1\" data-immersive-translate-walked=\"60ca2606-f78e-4c3c-8bd7-cb709aec5577\">Bang Tn 12000 Puffs je jednou z najnov\u0161\u00edch jednorazov\u00fdch e-cigariet, ktor\u00e1 vynik\u00e1 svoj\u00edm vysok\u00fdm v\u00fdkonom a pou\u017e\u00edvate\u013esky pr\u00edvetiv\u00fdm dizajnom. S ve\u013ekorys\u00fdm objemom 20 ml tekutiny a schopnos\u0165ou a\u017e <a href=\"https:\/\/vapingnet.de\/sk\/k\/12k-vape\/\" target=\"_blank\" rel=\"noopener\"><strong>12 000 potiahnut\u00ed<\/strong><\/a> pon\u00faka\u0165, je ide\u00e1lna pre vapera, ktor\u00fd h\u013ead\u00e1 dlhotrvaj\u00face a jednoduch\u00e9 rie\u0161enie.<\/p>\n<h4 data-start=\"432\" data-end=\"455\" data-immersive-translate-walked=\"60ca2606-f78e-4c3c-8bd7-cb709aec5577\" data-immersive-translate-paragraph=\"1\">Technick\u00e9 vlastnosti<\/h4>\n<ul data-start=\"457\" data-end=\"735\" data-immersive-translate-walked=\"60ca2606-f78e-4c3c-8bd7-cb709aec5577\">\n<li class=\"\" data-start=\"457\" data-end=\"512\" data-immersive-translate-walked=\"60ca2606-f78e-4c3c-8bd7-cb709aec5577\">\n<p class=\"\" data-start=\"459\" data-end=\"512\" data-immersive-translate-walked=\"60ca2606-f78e-4c3c-8bd7-cb709aec5577\" data-immersive-translate-paragraph=\"1\">Bat\u00e9ria: 650mAh pre dlhodob\u00e9 pou\u017e\u00edvanie.<\/p>\n<\/li>\n<li class=\"\" data-start=\"513\" data-end=\"601\" data-immersive-translate-walked=\"60ca2606-f78e-4c3c-8bd7-cb709aec5577\">\n<p class=\"\" data-start=\"515\" data-end=\"601\" data-immersive-translate-walked=\"60ca2606-f78e-4c3c-8bd7-cb709aec5577\" data-immersive-translate-paragraph=\"1\">Mesh cievka: odpor 1.2\u03a9 pre rovnomern\u00e9 odparovanie a intenz\u00edvnu chu\u0165.<\/p>\n<\/li>\n<li class=\"\" data-start=\"602\" data-end=\"657\" data-immersive-translate-walked=\"60ca2606-f78e-4c3c-8bd7-cb709aec5577\">\n<p class=\"\" data-start=\"604\" data-end=\"657\" data-immersive-translate-walked=\"60ca2606-f78e-4c3c-8bd7-cb709aec5577\" data-immersive-translate-paragraph=\"1\">USB-C port: pre r\u00fdchle nab\u00edjanie (5V, 1A).<\/p>\n<\/li>\n<li class=\"\" data-start=\"658\" data-end=\"735\" data-immersive-translate-walked=\"60ca2606-f78e-4c3c-8bd7-cb709aec5577\">\n<p class=\"\" data-start=\"660\" data-end=\"735\" data-immersive-translate-walked=\"60ca2606-f78e-4c3c-8bd7-cb709aec5577\" data-immersive-translate-paragraph=\"1\">Materi\u00e1l: Odoln\u00fd PC materi\u00e1l pre stabiln\u00e9 a dlhodob\u00e9 pou\u017e\u00edvanie.<\/p>\n<\/li>\n<\/ul>\n<h4 data-start=\"737\" data-end=\"762\" data-immersive-translate-walked=\"60ca2606-f78e-4c3c-8bd7-cb709aec5577\" data-immersive-translate-paragraph=\"1\">Chu\u0165 \u2013 Peach Ice<\/h4>\n<p class=\"\" data-start=\"764\" data-end=\"1114\" data-immersive-translate-walked=\"60ca2606-f78e-4c3c-8bd7-cb709aec5577\" data-immersive-translate-paragraph=\"1\">Chu\u0165 Peach Ice kombinuje sladk\u00fa chu\u0165 \u010derstv\u00fdch brosk\u00fd\u0148 s chladivou mentolovou pozn\u00e1mkou. Tento ovocn\u00fd a osvie\u017euj\u00faci chu\u0165ov\u00fd profil je obzvl\u00e1\u0161\u0165 pr\u00edjemn\u00fd pre vapera, ktor\u00fd preferuje ovocn\u00e9 aj chladiv\u00e9 ar\u00f3my. Kombin\u00e1cia sladk\u00e9ho a osvie\u017euj\u00faceho rob\u00ed vaping jedine\u010dn\u00fdm z\u00e1\u017eitkom.<\/p>\n<h4 data-start=\"1116\" data-end=\"1135\" data-immersive-translate-walked=\"60ca2606-f78e-4c3c-8bd7-cb709aec5577\" data-immersive-translate-paragraph=\"1\">Mo\u017enosti nikot\u00ednu<\/h4>\n<p class=\"\" data-start=\"1137\" data-end=\"1398\" data-immersive-translate-walked=\"60ca2606-f78e-4c3c-8bd7-cb709aec5577\" data-immersive-translate-paragraph=\"1\">Pre individu\u00e1lny vaping je Bang Tn 12000 Puffs dostupn\u00e1 v r\u00f4znych nikot\u00ednov\u00fdch sil\u00e1ch: 0%, 2%, 3% a 5% nikot\u00ednu. T\u00e1to rozmanitos\u0165 umo\u017e\u0148uje vapera vybra\u0165 si ide\u00e1lny produkt pod\u013ea preferenci\u00ed a potreby nikot\u00ednu.<\/p>\n<h3 class=\"\" data-start=\"1400\" data-end=\"1435\" data-immersive-translate-walked=\"60ca2606-f78e-4c3c-8bd7-cb709aec5577\" data-immersive-translate-paragraph=\"1\">V\u00fdhody pre eur\u00f3pskych kupuj\u00facich<\/h3>\n<ul data-start=\"1437\" data-end=\"1791\" data-immersive-translate-walked=\"60ca2606-f78e-4c3c-8bd7-cb709aec5577\">\n<li class=\"\" data-start=\"1437\" data-end=\"1623\" data-immersive-translate-walked=\"60ca2606-f78e-4c3c-8bd7-cb709aec5577\">\n<p class=\"\" data-start=\"1439\" data-end=\"1623\" data-immersive-translate-walked=\"60ca2606-f78e-4c3c-8bd7-cb709aec5577\" data-immersive-translate-paragraph=\"1\">Coln\u00e1 bezplatn\u00e1: Pri k\u00fape Bang Tn 12000 Puffs v r\u00e1mci Eur\u00f3pskej \u00fanie neplatia \u017eiadne dodato\u010dn\u00e9 coln\u00e9 poplatky, \u010do rob\u00ed n\u00e1kup jednoduch\u00fdm a transparentn\u00fdm.<\/p>\n<\/li>\n<li class=\"\" data-start=\"1624\" data-end=\"1788\" data-immersive-translate-walked=\"60ca2606-f78e-4c3c-8bd7-cb709aec5577\">\n<p class=\"\" data-start=\"1626\" data-end=\"1788\" data-immersive-translate-walked=\"60ca2606-f78e-4c3c-8bd7-cb709aec5577\" data-immersive-translate-paragraph=\"1\">R\u00fdchle doru\u010denie: Odoslanie zvy\u010dajne prebieha do 7 a\u017e 15 pracovn\u00fdch dn\u00ed, \u010do je pre produkt zo zahrani\u010dia r\u00fdchle dodanie.<\/p>\n<\/li>\n<\/ul>\n<h4 data-start=\"1792\" data-end=\"1816\" data-immersive-translate-walked=\"60ca2606-f78e-4c3c-8bd7-cb709aec5577\" data-immersive-translate-paragraph=\"1\">Mo\u017enosti objedn\u00e1vky<\/h4>\n<p class=\"\" data-start=\"1818\" data-end=\"2104\" data-immersive-translate-walked=\"60ca2606-f78e-4c3c-8bd7-cb709aec5577\" data-immersive-translate-paragraph=\"1\">Bang Tn 12000 Puffs je dostupn\u00e1 na vapingnet.de, spo\u013eahlivom online obchode, ktor\u00fd pon\u00faka \u0161irok\u00fd v\u00fdber vapingov\u00fdch produktov. Z\u00e1kazn\u00edci sa m\u00f4\u017eu spo\u013eahn\u00fa\u0165 na bezpe\u010dn\u00e9 a r\u00fdchle doru\u010denie bez starost\u00ed o coln\u00e9 poplatky alebo skryt\u00e9 n\u00e1klady.<\/p>\n<h3>Pre\u010do je Bang Tn 12000 Puffs ide\u00e1lnym jednorazov\u00fdm zariaden\u00edm pre n\u00e1ro\u010dn\u00fdch vapera<\/h3>\n<p class=\"\" data-start=\"2117\" data-end=\"2621\" data-immersive-translate-walked=\"60ca2606-f78e-4c3c-8bd7-cb709aec5577\" data-immersive-translate-paragraph=\"1\">Bang Tn 12000 Puffs pon\u00faka vapera vynikaj\u00facu vo\u013ebu, pokia\u013e ide o spo\u013eahliv\u00e9, dlhotrvaj\u00face a pou\u017e\u00edvate\u013esky pr\u00edvetiv\u00e9 jednorazov\u00e9 zariadenie. Ve\u013ekorys\u00e1 kapacita tekutiny, r\u00f4zne mo\u017enosti nikot\u00ednu a osvie\u017euj\u00faca chu\u0165 Peach Ice robia tento model vynikaj\u00facou vo\u013ebou pre v\u0161etk\u00fdch, ktor\u00ed si vychutn\u00e1vaj\u00fa vaping. Objednajte e\u0161te dnes na vapingnet.de a za\u017eite bezstarostn\u00fd vaping bez dodato\u010dn\u00fdch n\u00e1kladov a s r\u00fdchlym doru\u010den\u00edm.<\/p>","protected":false},"excerpt":{"rendered":"<p>Bang Tn 12000 Puffs \u2013 Die perfekte Einweg-E-Zigarette f\u00fcr ein langanhaltendes Dampferlebnis Die Bang Tn 12000 Puffs ist eine der neuesten Einweg-E-Zigaretten, die besonders durch&#8230;<\/p>","protected":false},"featured_media":6247,"template":"","meta":[],"etheme_brands":[],"product_brand":[101],"product_cat":[88,49,61],"product_tag":[],"class_list":{"0":"post-6241","1":"product","2":"type-product","3":"status-publish","4":"has-post-thumbnail","6":"product_brand-bang-king-vape","7":"product_cat-12k-vape","8":"product_cat-einweg-e-zigarette","9":"product_cat-f","11":"first","12":"instock","13":"shipping-taxable","14":"purchasable","15":"product-type-simple"},"yoast_head":"<!-- This site is optimized with the Yoast SEO plugin v26.5 - https:\/\/yoast.com\/wordpress\/plugins\/seo\/ -->\n<title>Peach Ice Bang Tn 12000 Puffs Die besten Aromen f\u00fcr internationalen Genuss | Vapingnet.de<\/title>\n<meta name=\"description\" content=\"Entdecke Peach Ice Bang Tn 12000 Puffs Die besten Aromen f\u00fcr internationalen Genuss bei vapingnet.de, \u25ba Gro\u00dfe Auswahl an Geschmacksrichtungen &amp; super g\u00fcnstig!\" \/>\n<meta name=\"robots\" content=\"index, follow, max-snippet:-1, max-image-preview:large, max-video-preview:-1\" \/>\n<link rel=\"canonical\" href=\"https:\/\/vapingnet.de\/sk\/vape\/peach-ice-bang-tn-12000-puffs-die-besten-aromen-fuer-internationalen-genuss\/\" \/>\n<meta property=\"og:locale\" content=\"sk_SK\" \/>\n<meta property=\"og:type\" content=\"article\" \/>\n<meta property=\"og:title\" content=\"Peach Ice Bang Tn 12000 Puffs Die besten Aromen f\u00fcr internationalen Genuss | Vapingnet.de\" \/>\n<meta property=\"og:description\" content=\"Entdecke Peach Ice Bang Tn 12000 Puffs Die besten Aromen f\u00fcr internationalen Genuss bei vapingnet.de, \u25ba Gro\u00dfe Auswahl an Geschmacksrichtungen &amp; super g\u00fcnstig!\" \/>\n<meta property=\"og:url\" content=\"https:\/\/vapingnet.de\/sk\/vape\/peach-ice-bang-tn-12000-puffs-die-besten-aromen-fuer-internationalen-genuss\/\" \/>\n<meta property=\"og:site_name\" content=\"Vapingnet.de\" \/>\n<meta property=\"article:publisher\" content=\"https:\/\/www.facebook.com\/vapingnetde\/\" \/>\n<meta property=\"article:modified_time\" content=\"2025-12-30T08:41:09+00:00\" \/>\n<meta property=\"og:image\" content=\"https:\/\/vapingnet.de\/wp-content\/uploads\/2025\/04\/Peach-Ice.png\" \/>\n\t<meta property=\"og:image:width\" content=\"1000\" \/>\n\t<meta property=\"og:image:height\" content=\"1000\" \/>\n\t<meta property=\"og:image:type\" content=\"image\/png\" \/>\n<meta name=\"twitter:card\" content=\"summary_large_image\" \/>\n<meta name=\"twitter:label1\" content=\"Est. reading time\" \/>\n\t<meta name=\"twitter:data1\" content=\"3 minutes\" \/>\n<script type=\"application\/ld+json\" class=\"yoast-schema-graph\">{\"@context\":\"https:\/\/schema.org\",\"@graph\":[{\"@type\":\"WebPage\",\"@id\":\"https:\/\/vapingnet.de\/vape\/peach-ice-bang-tn-12000-puffs-die-besten-aromen-fuer-internationalen-genuss\/\",\"url\":\"https:\/\/vapingnet.de\/vape\/peach-ice-bang-tn-12000-puffs-die-besten-aromen-fuer-internationalen-genuss\/\",\"name\":\"Peach Ice Bang Tn 12000 Puffs Die besten Aromen f\u00fcr internationalen Genuss | Vapingnet.de\",\"isPartOf\":{\"@id\":\"https:\/\/vapingnet.de\/#website\"},\"primaryImageOfPage\":{\"@id\":\"https:\/\/vapingnet.de\/vape\/peach-ice-bang-tn-12000-puffs-die-besten-aromen-fuer-internationalen-genuss\/#primaryimage\"},\"image\":{\"@id\":\"https:\/\/vapingnet.de\/vape\/peach-ice-bang-tn-12000-puffs-die-besten-aromen-fuer-internationalen-genuss\/#primaryimage\"},\"thumbnailUrl\":\"https:\/\/vapingnet.de\/wp-content\/uploads\/2025\/04\/Peach-Ice.png\",\"datePublished\":\"2025-04-11T05:55:04+00:00\",\"dateModified\":\"2025-12-30T08:41:09+00:00\",\"description\":\"Entdecke Peach Ice Bang Tn 12000 Puffs Die besten Aromen f\u00fcr internationalen Genuss bei vapingnet.de, \u25ba Gro\u00dfe Auswahl an Geschmacksrichtungen & super g\u00fcnstig!\",\"breadcrumb\":{\"@id\":\"https:\/\/vapingnet.de\/vape\/peach-ice-bang-tn-12000-puffs-die-besten-aromen-fuer-internationalen-genuss\/#breadcrumb\"},\"inLanguage\":\"sk-SK\",\"potentialAction\":[{\"@type\":\"ReadAction\",\"target\":[\"https:\/\/vapingnet.de\/vape\/peach-ice-bang-tn-12000-puffs-die-besten-aromen-fuer-internationalen-genuss\/\"]}]},{\"@type\":\"ImageObject\",\"inLanguage\":\"sk-SK\",\"@id\":\"https:\/\/vapingnet.de\/vape\/peach-ice-bang-tn-12000-puffs-die-besten-aromen-fuer-internationalen-genuss\/#primaryimage\",\"url\":\"https:\/\/vapingnet.de\/wp-content\/uploads\/2025\/04\/Peach-Ice.png\",\"contentUrl\":\"https:\/\/vapingnet.de\/wp-content\/uploads\/2025\/04\/Peach-Ice.png\",\"width\":1000,\"height\":1000},{\"@type\":\"BreadcrumbList\",\"@id\":\"https:\/\/vapingnet.de\/vape\/peach-ice-bang-tn-12000-puffs-die-besten-aromen-fuer-internationalen-genuss\/#breadcrumb\",\"itemListElement\":[{\"@type\":\"ListItem\",\"position\":1,\"name\":\"Home\",\"item\":\"https:\/\/vapingnet.de\/\"},{\"@type\":\"ListItem\",\"position\":2,\"name\":\"Shop\",\"item\":\"https:\/\/vapingnet.de\/vape\/\"},{\"@type\":\"ListItem\",\"position\":3,\"name\":\"Peach Ice Bang Tn 12000 Puffs Die besten Aromen f\u00fcr internationalen Genuss\"}]},{\"@type\":\"WebSite\",\"@id\":\"https:\/\/vapingnet.de\/#website\",\"url\":\"https:\/\/vapingnet.de\/\",\"name\":\"Vapingnet.de\",\"description\":\"\",\"publisher\":{\"@id\":\"https:\/\/vapingnet.de\/#organization\"},\"potentialAction\":[{\"@type\":\"SearchAction\",\"target\":{\"@type\":\"EntryPoint\",\"urlTemplate\":\"https:\/\/vapingnet.de\/?s={search_term_string}\"},\"query-input\":{\"@type\":\"PropertyValueSpecification\",\"valueRequired\":true,\"valueName\":\"search_term_string\"}}],\"inLanguage\":\"sk-SK\"},{\"@type\":\"Organization\",\"@id\":\"https:\/\/vapingnet.de\/#organization\",\"name\":\"Vapingnet.de\",\"url\":\"https:\/\/vapingnet.de\/\",\"logo\":{\"@type\":\"ImageObject\",\"inLanguage\":\"sk-SK\",\"@id\":\"https:\/\/vapingnet.de\/#\/schema\/logo\/image\/\",\"url\":\"https:\/\/vapingnet.de\/wp-content\/uploads\/2025\/03\/cropped-vapingnet.de_.jpg\",\"contentUrl\":\"https:\/\/vapingnet.de\/wp-content\/uploads\/2025\/03\/cropped-vapingnet.de_.jpg\",\"width\":512,\"height\":512,\"caption\":\"Vapingnet.de\"},\"image\":{\"@id\":\"https:\/\/vapingnet.de\/#\/schema\/logo\/image\/\"},\"sameAs\":[\"https:\/\/www.facebook.com\/vapingnetde\/\"]}]}<\/script>\n<!-- \/ Yoast SEO plugin. -->","yoast_head_json":{"title":"Peach Ice Bang Tn 12000 Puffs Die besten Aromen f\u00fcr internationalen Genuss | Vapingnet.de","description":"Entdecke Peach Ice Bang Tn 12000 Puffs Die besten Aromen f\u00fcr internationalen Genuss bei vapingnet.de, \u25ba Gro\u00dfe Auswahl an Geschmacksrichtungen & super g\u00fcnstig!","robots":{"index":"index","follow":"follow","max-snippet":"max-snippet:-1","max-image-preview":"max-image-preview:large","max-video-preview":"max-video-preview:-1"},"canonical":"https:\/\/vapingnet.de\/sk\/vape\/peach-ice-bang-tn-12000-puffs-die-besten-aromen-fuer-internationalen-genuss\/","og_locale":"sk_SK","og_type":"article","og_title":"Peach Ice Bang Tn 12000 Puffs Die besten Aromen f\u00fcr internationalen Genuss | Vapingnet.de","og_description":"Entdecke Peach Ice Bang Tn 12000 Puffs Die besten Aromen f\u00fcr internationalen Genuss bei vapingnet.de, \u25ba Gro\u00dfe Auswahl an Geschmacksrichtungen & super g\u00fcnstig!","og_url":"https:\/\/vapingnet.de\/sk\/vape\/peach-ice-bang-tn-12000-puffs-die-besten-aromen-fuer-internationalen-genuss\/","og_site_name":"Vapingnet.de","article_publisher":"https:\/\/www.facebook.com\/vapingnetde\/","article_modified_time":"2025-12-30T08:41:09+00:00","og_image":[{"width":1000,"height":1000,"url":"https:\/\/vapingnet.de\/wp-content\/uploads\/2025\/04\/Peach-Ice.png","type":"image\/png"}],"twitter_card":"summary_large_image","twitter_misc":{"Est. reading time":"3 minutes"},"schema":{"@context":"https:\/\/schema.org","@graph":[{"@type":"WebPage","@id":"https:\/\/vapingnet.de\/vape\/peach-ice-bang-tn-12000-puffs-die-besten-aromen-fuer-internationalen-genuss\/","url":"https:\/\/vapingnet.de\/vape\/peach-ice-bang-tn-12000-puffs-die-besten-aromen-fuer-internationalen-genuss\/","name":"Peach Ice Bang Tn 12000 Puffs Die besten Aromen f\u00fcr internationalen Genuss | Vapingnet.de","isPartOf":{"@id":"https:\/\/vapingnet.de\/#website"},"primaryImageOfPage":{"@id":"https:\/\/vapingnet.de\/vape\/peach-ice-bang-tn-12000-puffs-die-besten-aromen-fuer-internationalen-genuss\/#primaryimage"},"image":{"@id":"https:\/\/vapingnet.de\/vape\/peach-ice-bang-tn-12000-puffs-die-besten-aromen-fuer-internationalen-genuss\/#primaryimage"},"thumbnailUrl":"https:\/\/vapingnet.de\/wp-content\/uploads\/2025\/04\/Peach-Ice.png","datePublished":"2025-04-11T05:55:04+00:00","dateModified":"2025-12-30T08:41:09+00:00","description":"Entdecke Peach Ice Bang Tn 12000 Puffs Die besten Aromen f\u00fcr internationalen Genuss bei vapingnet.de, \u25ba Gro\u00dfe Auswahl an Geschmacksrichtungen & super g\u00fcnstig!","breadcrumb":{"@id":"https:\/\/vapingnet.de\/vape\/peach-ice-bang-tn-12000-puffs-die-besten-aromen-fuer-internationalen-genuss\/#breadcrumb"},"inLanguage":"sk-SK","potentialAction":[{"@type":"ReadAction","target":["https:\/\/vapingnet.de\/vape\/peach-ice-bang-tn-12000-puffs-die-besten-aromen-fuer-internationalen-genuss\/"]}]},{"@type":"ImageObject","inLanguage":"sk-SK","@id":"https:\/\/vapingnet.de\/vape\/peach-ice-bang-tn-12000-puffs-die-besten-aromen-fuer-internationalen-genuss\/#primaryimage","url":"https:\/\/vapingnet.de\/wp-content\/uploads\/2025\/04\/Peach-Ice.png","contentUrl":"https:\/\/vapingnet.de\/wp-content\/uploads\/2025\/04\/Peach-Ice.png","width":1000,"height":1000},{"@type":"BreadcrumbList","@id":"https:\/\/vapingnet.de\/vape\/peach-ice-bang-tn-12000-puffs-die-besten-aromen-fuer-internationalen-genuss\/#breadcrumb","itemListElement":[{"@type":"ListItem","position":1,"name":"Home","item":"https:\/\/vapingnet.de\/"},{"@type":"ListItem","position":2,"name":"Shop","item":"https:\/\/vapingnet.de\/vape\/"},{"@type":"ListItem","position":3,"name":"Peach Ice Bang Tn 12000 Puffs Die besten Aromen f\u00fcr internationalen Genuss"}]},{"@type":"WebSite","@id":"https:\/\/vapingnet.de\/#website","url":"https:\/\/vapingnet.de\/","name":"Vapingnet.de","description":"","publisher":{"@id":"https:\/\/vapingnet.de\/#organization"},"potentialAction":[{"@type":"SearchAction","target":{"@type":"EntryPoint","urlTemplate":"https:\/\/vapingnet.de\/?s={search_term_string}"},"query-input":{"@type":"PropertyValueSpecification","valueRequired":true,"valueName":"search_term_string"}}],"inLanguage":"sk-SK"},{"@type":"Organization","@id":"https:\/\/vapingnet.de\/#organization","name":"Vapingnet.de","url":"https:\/\/vapingnet.de\/","logo":{"@type":"ImageObject","inLanguage":"sk-SK","@id":"https:\/\/vapingnet.de\/#\/schema\/logo\/image\/","url":"https:\/\/vapingnet.de\/wp-content\/uploads\/2025\/03\/cropped-vapingnet.de_.jpg","contentUrl":"https:\/\/vapingnet.de\/wp-content\/uploads\/2025\/03\/cropped-vapingnet.de_.jpg","width":512,"height":512,"caption":"Vapingnet.de"},"image":{"@id":"https:\/\/vapingnet.de\/#\/schema\/logo\/image\/"},"sameAs":["https:\/\/www.facebook.com\/vapingnetde\/"]}]}},"tiered_pricing_type":"fixed","tiered_pricing_fixed_rules":{"10":"7.31","60":"6.58","110":"5.85","200":"5.12"},"tiered_pricing_product_settings":{"layout":"default","base_unit_name":{"singular":null,"plural":null},"default_variation":null},"tiered_pricing_minimum_quantity":null,"tiered_pricing_roles_data":[],"tiered_pricing_percentage_rules":[],"_links":{"self":[{"href":"https:\/\/vapingnet.de\/sk\/wp-json\/wp\/v2\/product\/6241","targetHints":{"allow":["GET"]}}],"collection":[{"href":"https:\/\/vapingnet.de\/sk\/wp-json\/wp\/v2\/product"}],"about":[{"href":"https:\/\/vapingnet.de\/sk\/wp-json\/wp\/v2\/types\/product"}],"version-history":[{"count":1,"href":"https:\/\/vapingnet.de\/sk\/wp-json\/wp\/v2\/product\/6241\/revisions"}],"predecessor-version":[{"id":6253,"href":"https:\/\/vapingnet.de\/sk\/wp-json\/wp\/v2\/product\/6241\/revisions\/6253"}],"wp:featuredmedia":[{"embeddable":true,"href":"https:\/\/vapingnet.de\/sk\/wp-json\/wp\/v2\/media\/6247"}],"wp:attachment":[{"href":"https:\/\/vapingnet.de\/sk\/wp-json\/wp\/v2\/media?parent=6241"}],"wp:term":[{"taxonomy":"brand","embeddable":true,"href":"https:\/\/vapingnet.de\/sk\/wp-json\/wp\/v2\/etheme_brands?post=6241"},{"taxonomy":"product_brand","embeddable":true,"href":"https:\/\/vapingnet.de\/sk\/wp-json\/wp\/v2\/product_brand?post=6241"},{"taxonomy":"product_cat","embeddable":true,"href":"https:\/\/vapingnet.de\/sk\/wp-json\/wp\/v2\/product_cat?post=6241"},{"taxonomy":"product_tag","embeddable":true,"href":"https:\/\/vapingnet.de\/sk\/wp-json\/wp\/v2\/product_tag?post=6241"}],"curies":[{"name":"wp","href":"https:\/\/api.w.org\/{rel}","templated":true}]}}