{"id":6244,"date":"2025-04-11T05:55:21","date_gmt":"2025-04-11T05:55:21","guid":{"rendered":"https:\/\/vapingnet.de\/?post_type=product&#038;p=6244"},"modified":"2025-12-30T08:40:42","modified_gmt":"2025-12-30T08:40:42","slug":"bang-tn-12000-puffs-geniessen-sie-mr-blue-premium-ohne-importgebuehren","status":"publish","type":"product","link":"https:\/\/vapingnet.de\/sk\/vape\/bang-tn-12000-puffs-geniessen-sie-mr-blue-premium-ohne-importgebuehren\/","title":{"rendered":"Bang Tn 12000 Puffs Vychutnajte si Mr Blue Premium bez dovozn\u00fdch poplatkov"},"content":{"rendered":"<p class=\"\" data-start=\"0\" data-end=\"433\" data-immersive-translate-paragraph=\"1\" data-immersive-translate-walked=\"b73dce8e-cbb5-44b3-880b-30742ae7690b\">Jednorazov\u00e1 elektronick\u00e1 cigareta Bang Tn 12000 Puffs je jednou z najlep\u0161\u00edch mo\u017enost\u00ed pre vapery, ktor\u00ed h\u013eadaj\u00fa dlhodob\u00fd a intenz\u00edvny z\u00e1\u017eitok z vapovania. S ve\u013ek\u00fdm objemom tekutiny 20 ml a pozoruhodnou kapacitou a\u017e do 12 000 \u0165ahov je toto zariadenie ide\u00e1lne pre t\u00fdch, ktor\u00ed h\u013eadaj\u00fa pohodln\u00e9 a praktick\u00e9 vapovanie bez neust\u00e1leho dop\u013a\u0148ania alebo nab\u00edjania.<\/p>\n<h2 data-start=\"435\" data-end=\"486\" data-immersive-translate-walked=\"b73dce8e-cbb5-44b3-880b-30742ae7690b\" data-immersive-translate-paragraph=\"1\">\u010co rob\u00ed Bang Tn 12000 Puffs tak v\u00fdnimo\u010dn\u00fdm?<\/h2>\n<p class=\"\" data-start=\"488\" data-end=\"614\" data-immersive-translate-walked=\"b73dce8e-cbb5-44b3-880b-30742ae7690b\" data-immersive-translate-paragraph=\"1\">Bang Tn 12000 Puffs pon\u00faka mno\u017estvo funkci\u00ed, ktor\u00e9 ju robia vynikaj\u00facou vo\u013ebou pre v\u0161etk\u00fdch vapery:<\/p>\n<ul>\n<li data-start=\"616\" data-end=\"655\" data-immersive-translate-walked=\"b73dce8e-cbb5-44b3-880b-30742ae7690b\" data-immersive-translate-paragraph=\"1\">Ve\u013ek\u00e1 kapacita pre dlh\u00e9 vapovanie<br \/>\nS 20 ml tekutiny a bat\u00e9riou 650mAh pon\u00faka zariadenie pozoruhodn\u00fa v\u00fddr\u017e. Mesh cievka 1.2\u03a9 zabezpe\u010duje rovnomern\u00e9 a efekt\u00edvne odparovanie tekutiny. V\u010faka tomu si m\u00f4\u017eete vychutna\u0165 pln\u00fdch 12 000 \u0165ahov bez ob\u00e1v o dop\u013a\u0148anie alebo nab\u00edjanie.<\/li>\n<li data-start=\"977\" data-end=\"1009\" data-immersive-translate-walked=\"b73dce8e-cbb5-44b3-880b-30742ae7690b\" data-immersive-translate-paragraph=\"1\">V\u0161estrann\u00e9 mo\u017enosti nikot\u00ednu<br \/>\n\u010ci u\u017e ste siln\u00fd faj\u010diar alebo preferujete vapovanie bez nikot\u00ednu \u2013 Bang Tn 12000 Puffs pon\u00faka \u0161irok\u00fd v\u00fdber nikot\u00ednov\u00fdch koncentr\u00e1ci\u00ed: 0%, 2%, 3% a 5%. To v\u00e1m umo\u017e\u0148uje prisp\u00f4sobi\u0165 si dokonal\u00fd z\u00e1\u017eitok z vapovania pod\u013ea svojich preferenci\u00ed.<\/li>\n<li data-start=\"1289\" data-end=\"1327\" data-immersive-translate-walked=\"b73dce8e-cbb5-44b3-880b-30742ae7690b\" data-immersive-translate-paragraph=\"1\">Jedine\u010dn\u00e1 chu\u0165 \u2013 Mr Blue<br \/>\nChu\u0165 Bang Tn 12000 Puffs je kombin\u00e1ciou \u010derstv\u00fdch, ovocn\u00fdch ar\u00f3m, ktor\u00e9 charakterizuje Mr Blue. Pon\u00faka osvie\u017euj\u00facu a mierne sladk\u00fa chu\u0165, ktor\u00e1 je obzvl\u00e1\u0161\u0165 ob\u013e\u00faben\u00e1 medzi milovn\u00edkmi ovocia. Ka\u017ed\u00fd \u0165ah poskytuje vyv\u00e1\u017een\u00fd a konzistentn\u00fd chu\u0165ov\u00fd z\u00e1\u017eitok, ktor\u00fd rob\u00ed vapovanie p\u00f4\u017eitkom.<\/li>\n<li data-start=\"1683\" data-end=\"1721\" data-immersive-translate-walked=\"b73dce8e-cbb5-44b3-880b-30742ae7690b\" data-immersive-translate-paragraph=\"1\">Praktick\u00e9 a \u013eahk\u00e9 na pou\u017e\u00edvanie<br \/>\nKe\u010f\u017ee ide o jednorazov\u00fa elektronick\u00fa cigaretu, je ide\u00e1lna pre vapery, ktor\u00ed h\u013eadaj\u00fa jednoduch\u00e9 rie\u0161enie. Nie je potrebn\u00e9 nab\u00edja\u0165 bat\u00e9riu ani dop\u013a\u0148a\u0165 tekutinu. Sta\u010d\u00ed rozbali\u0165 a vapova\u0165 \u2013 nem\u00f4\u017ee to by\u0165 jednoduch\u0161ie.<\/li>\n<\/ul>\n<h4 data-start=\"1990\" data-end=\"2025\" data-immersive-translate-walked=\"b73dce8e-cbb5-44b3-880b-30742ae7690b\" data-immersive-translate-paragraph=\"1\">V\u00fdhody pre eur\u00f3pskych kupuj\u00facich<\/h4>\n<p class=\"\" data-start=\"2027\" data-end=\"2115\" data-immersive-translate-walked=\"b73dce8e-cbb5-44b3-880b-30742ae7690b\" data-immersive-translate-paragraph=\"1\">Pre vapery v Eur\u00f3pe pon\u00faka Bang Tn 12000 Puffs nieko\u013eko pozoruhodn\u00fdch v\u00fdhod:<\/p>\n<ul data-start=\"2117\" data-end=\"2581\">\n<li class=\"\" data-start=\"2117\" data-end=\"2352\">\n<p class=\"\" data-start=\"2119\" data-end=\"2352\" data-immersive-translate-walked=\"b73dce8e-cbb5-44b3-880b-30742ae7690b\" data-immersive-translate-paragraph=\"1\">\u017diadne clo: Pri k\u00fape Bang Tn 12000 Puffs v r\u00e1mci E\u00da neplatia \u017eiadne dodato\u010dn\u00e9 clo. To zabezpe\u010duje jednoduch\u00fa objedn\u00e1vku a transparentn\u00fa cenu bez skryt\u00fdch poplatkov.<\/p>\n<\/li>\n<li class=\"\" data-start=\"2353\" data-end=\"2581\">\n<p class=\"\" data-start=\"2355\" data-end=\"2581\" data-immersive-translate-walked=\"b73dce8e-cbb5-44b3-880b-30742ae7690b\" data-immersive-translate-paragraph=\"1\">R\u00fdchle doru\u010denie: S dobou dodania 7 a\u017e 15 pracovn\u00fdch dn\u00ed obdr\u017e\u00edte svoj produkt v kr\u00e1tkom \u010dase. Je to ide\u00e1lny sp\u00f4sob, ako si r\u00fdchlo vychutna\u0165 svoje vapovacie z\u00e1\u017eitky bez dlh\u00e9ho \u010dakania na doru\u010denie.<\/p>\n<\/li>\n<\/ul>\n<h2>Kde m\u00f4\u017eete k\u00fapi\u0165 Bang Tn 12000 Puffs?<\/h2>\n<p class=\"\" data-start=\"2634\" data-end=\"2923\" data-immersive-translate-walked=\"b73dce8e-cbb5-44b3-880b-30742ae7690b\" data-immersive-translate-paragraph=\"1\">Bang Tn 12000 Puffs je dostupn\u00e1 na webovej str\u00e1nke vapingnet.de. Tento obchod pon\u00faka bezpe\u010dn\u00fa a pou\u017e\u00edvate\u013esky pr\u00edvetiv\u00fa platformu, na ktorej si m\u00f4\u017eete produkt r\u00fdchlo a pohodlne objedna\u0165. Navy\u0161e profitujete z r\u00fdchleho doru\u010denia a spo\u013eahliv\u00e9ho servisu.<\/p>\n<h4 data-start=\"2925\" data-end=\"2991\" data-immersive-translate-walked=\"b73dce8e-cbb5-44b3-880b-30742ae7690b\" data-immersive-translate-paragraph=\"1\">Zhrnutie: Bang Tn 12000 Puffs \u2013 dokonal\u00e1 vo\u013eba pre vapery<\/h4>\n<p class=\"\" data-start=\"2993\" data-end=\"3501\" data-immersive-translate-walked=\"b73dce8e-cbb5-44b3-880b-30742ae7690b\" data-immersive-translate-paragraph=\"1\">Bang Tn 12000 Puffs pon\u00faka vynikaj\u00faci z\u00e1\u017eitok z vapovania s dlhou \u017eivotnos\u0165ou, \u010derstvou chu\u0165ou Mr Blue a r\u00f4znymi nikot\u00ednov\u00fdmi koncentr\u00e1ciami, ktor\u00e9 vyhovuj\u00fa v\u0161etk\u00fdm potreb\u00e1m vapovania. Ak h\u013ead\u00e1te praktick\u00fa, v\u00fdkonn\u00fa a chu\u0165ovo intenz\u00edvnu jednorazov\u00fa elektronick\u00fa cigaretu, tento model je ide\u00e1lnou vo\u013ebou. Objednajte e\u0161te dnes na vapingnet.de a u\u017e\u00edvajte si r\u00fdchle doru\u010denie a vynikaj\u00faci pomer cena\/v\u00fdkon.<\/p>","protected":false},"excerpt":{"rendered":"<p>Die Bang Tn 12000 Puffs Einweg-E-Zigarette ist eine der besten Optionen f\u00fcr Dampfer, die auf der Suche nach einem langanhaltenden und intensiven Dampferlebnis sind. Mit&#8230;<\/p>","protected":false},"featured_media":6250,"template":"","meta":[],"etheme_brands":[],"product_brand":[101],"product_cat":[88,49,61],"product_tag":[],"class_list":{"0":"post-6244","1":"product","2":"type-product","3":"status-publish","4":"has-post-thumbnail","6":"product_brand-bang-king-vape","7":"product_cat-12k-vape","8":"product_cat-einweg-e-zigarette","9":"product_cat-f","11":"first","12":"instock","13":"shipping-taxable","14":"purchasable","15":"product-type-simple"},"yoast_head":"<!-- This site is optimized with the Yoast SEO plugin v26.5 - https:\/\/yoast.com\/wordpress\/plugins\/seo\/ -->\n<title>Bang Tn 12000 Puffs Genie\u00dfen Sie Mr Blue Premium ohne Importgeb\u00fchren | Vapingnet.de<\/title>\n<meta name=\"description\" content=\"Entdecke Bang Tn 12000 Puffs Genie\u00dfen Sie Mr Blue Premium ohne Importgeb\u00fchren bei vapingnet.de, \u25ba Gro\u00dfe Auswahl an Geschmacksrichtungen &amp; super g\u00fcnstig!\" \/>\n<meta name=\"robots\" content=\"index, follow, max-snippet:-1, max-image-preview:large, max-video-preview:-1\" \/>\n<link rel=\"canonical\" href=\"https:\/\/vapingnet.de\/sk\/vape\/bang-tn-12000-puffs-geniessen-sie-mr-blue-premium-ohne-importgebuehren\/\" \/>\n<meta property=\"og:locale\" content=\"sk_SK\" \/>\n<meta property=\"og:type\" content=\"article\" \/>\n<meta property=\"og:title\" content=\"Bang Tn 12000 Puffs Genie\u00dfen Sie Mr Blue Premium ohne Importgeb\u00fchren | Vapingnet.de\" \/>\n<meta property=\"og:description\" content=\"Entdecke Bang Tn 12000 Puffs Genie\u00dfen Sie Mr Blue Premium ohne Importgeb\u00fchren bei vapingnet.de, \u25ba Gro\u00dfe Auswahl an Geschmacksrichtungen &amp; super g\u00fcnstig!\" \/>\n<meta property=\"og:url\" content=\"https:\/\/vapingnet.de\/sk\/vape\/bang-tn-12000-puffs-geniessen-sie-mr-blue-premium-ohne-importgebuehren\/\" \/>\n<meta property=\"og:site_name\" content=\"Vapingnet.de\" \/>\n<meta property=\"article:publisher\" content=\"https:\/\/www.facebook.com\/vapingnetde\/\" \/>\n<meta property=\"article:modified_time\" content=\"2025-12-30T08:40:42+00:00\" \/>\n<meta property=\"og:image\" content=\"https:\/\/vapingnet.de\/wp-content\/uploads\/2025\/04\/Mr-Blue.png\" \/>\n\t<meta property=\"og:image:width\" content=\"1000\" \/>\n\t<meta property=\"og:image:height\" content=\"1000\" \/>\n\t<meta property=\"og:image:type\" content=\"image\/png\" \/>\n<meta name=\"twitter:card\" content=\"summary_large_image\" \/>\n<meta name=\"twitter:label1\" content=\"Est. reading time\" \/>\n\t<meta name=\"twitter:data1\" content=\"3 minutes\" \/>\n<script type=\"application\/ld+json\" class=\"yoast-schema-graph\">{\"@context\":\"https:\/\/schema.org\",\"@graph\":[{\"@type\":\"WebPage\",\"@id\":\"https:\/\/vapingnet.de\/vape\/bang-tn-12000-puffs-geniessen-sie-mr-blue-premium-ohne-importgebuehren\/\",\"url\":\"https:\/\/vapingnet.de\/vape\/bang-tn-12000-puffs-geniessen-sie-mr-blue-premium-ohne-importgebuehren\/\",\"name\":\"Bang Tn 12000 Puffs Genie\u00dfen Sie Mr Blue Premium ohne Importgeb\u00fchren | Vapingnet.de\",\"isPartOf\":{\"@id\":\"https:\/\/vapingnet.de\/#website\"},\"primaryImageOfPage\":{\"@id\":\"https:\/\/vapingnet.de\/vape\/bang-tn-12000-puffs-geniessen-sie-mr-blue-premium-ohne-importgebuehren\/#primaryimage\"},\"image\":{\"@id\":\"https:\/\/vapingnet.de\/vape\/bang-tn-12000-puffs-geniessen-sie-mr-blue-premium-ohne-importgebuehren\/#primaryimage\"},\"thumbnailUrl\":\"https:\/\/vapingnet.de\/wp-content\/uploads\/2025\/04\/Mr-Blue.png\",\"datePublished\":\"2025-04-11T05:55:21+00:00\",\"dateModified\":\"2025-12-30T08:40:42+00:00\",\"description\":\"Entdecke Bang Tn 12000 Puffs Genie\u00dfen Sie Mr Blue Premium ohne Importgeb\u00fchren bei vapingnet.de, \u25ba Gro\u00dfe Auswahl an Geschmacksrichtungen & super g\u00fcnstig!\",\"breadcrumb\":{\"@id\":\"https:\/\/vapingnet.de\/vape\/bang-tn-12000-puffs-geniessen-sie-mr-blue-premium-ohne-importgebuehren\/#breadcrumb\"},\"inLanguage\":\"sk-SK\",\"potentialAction\":[{\"@type\":\"ReadAction\",\"target\":[\"https:\/\/vapingnet.de\/vape\/bang-tn-12000-puffs-geniessen-sie-mr-blue-premium-ohne-importgebuehren\/\"]}]},{\"@type\":\"ImageObject\",\"inLanguage\":\"sk-SK\",\"@id\":\"https:\/\/vapingnet.de\/vape\/bang-tn-12000-puffs-geniessen-sie-mr-blue-premium-ohne-importgebuehren\/#primaryimage\",\"url\":\"https:\/\/vapingnet.de\/wp-content\/uploads\/2025\/04\/Mr-Blue.png\",\"contentUrl\":\"https:\/\/vapingnet.de\/wp-content\/uploads\/2025\/04\/Mr-Blue.png\",\"width\":1000,\"height\":1000},{\"@type\":\"BreadcrumbList\",\"@id\":\"https:\/\/vapingnet.de\/vape\/bang-tn-12000-puffs-geniessen-sie-mr-blue-premium-ohne-importgebuehren\/#breadcrumb\",\"itemListElement\":[{\"@type\":\"ListItem\",\"position\":1,\"name\":\"Home\",\"item\":\"https:\/\/vapingnet.de\/\"},{\"@type\":\"ListItem\",\"position\":2,\"name\":\"Shop\",\"item\":\"https:\/\/vapingnet.de\/vape\/\"},{\"@type\":\"ListItem\",\"position\":3,\"name\":\"Bang Tn 12000 Puffs Genie\u00dfen Sie Mr Blue Premium ohne Importgeb\u00fchren\"}]},{\"@type\":\"WebSite\",\"@id\":\"https:\/\/vapingnet.de\/#website\",\"url\":\"https:\/\/vapingnet.de\/\",\"name\":\"Vapingnet.de\",\"description\":\"\",\"publisher\":{\"@id\":\"https:\/\/vapingnet.de\/#organization\"},\"potentialAction\":[{\"@type\":\"SearchAction\",\"target\":{\"@type\":\"EntryPoint\",\"urlTemplate\":\"https:\/\/vapingnet.de\/?s={search_term_string}\"},\"query-input\":{\"@type\":\"PropertyValueSpecification\",\"valueRequired\":true,\"valueName\":\"search_term_string\"}}],\"inLanguage\":\"sk-SK\"},{\"@type\":\"Organization\",\"@id\":\"https:\/\/vapingnet.de\/#organization\",\"name\":\"Vapingnet.de\",\"url\":\"https:\/\/vapingnet.de\/\",\"logo\":{\"@type\":\"ImageObject\",\"inLanguage\":\"sk-SK\",\"@id\":\"https:\/\/vapingnet.de\/#\/schema\/logo\/image\/\",\"url\":\"https:\/\/vapingnet.de\/wp-content\/uploads\/2025\/03\/cropped-vapingnet.de_.jpg\",\"contentUrl\":\"https:\/\/vapingnet.de\/wp-content\/uploads\/2025\/03\/cropped-vapingnet.de_.jpg\",\"width\":512,\"height\":512,\"caption\":\"Vapingnet.de\"},\"image\":{\"@id\":\"https:\/\/vapingnet.de\/#\/schema\/logo\/image\/\"},\"sameAs\":[\"https:\/\/www.facebook.com\/vapingnetde\/\"]}]}<\/script>\n<!-- \/ Yoast SEO plugin. -->","yoast_head_json":{"title":"Bang Tn 12000 Puffs Genie\u00dfen Sie Mr Blue Premium ohne Importgeb\u00fchren | Vapingnet.de","description":"Entdecke Bang Tn 12000 Puffs Genie\u00dfen Sie Mr Blue Premium ohne Importgeb\u00fchren bei vapingnet.de, \u25ba Gro\u00dfe Auswahl an Geschmacksrichtungen & super g\u00fcnstig!","robots":{"index":"index","follow":"follow","max-snippet":"max-snippet:-1","max-image-preview":"max-image-preview:large","max-video-preview":"max-video-preview:-1"},"canonical":"https:\/\/vapingnet.de\/sk\/vape\/bang-tn-12000-puffs-geniessen-sie-mr-blue-premium-ohne-importgebuehren\/","og_locale":"sk_SK","og_type":"article","og_title":"Bang Tn 12000 Puffs Genie\u00dfen Sie Mr Blue Premium ohne Importgeb\u00fchren | Vapingnet.de","og_description":"Entdecke Bang Tn 12000 Puffs Genie\u00dfen Sie Mr Blue Premium ohne Importgeb\u00fchren bei vapingnet.de, \u25ba Gro\u00dfe Auswahl an Geschmacksrichtungen & super g\u00fcnstig!","og_url":"https:\/\/vapingnet.de\/sk\/vape\/bang-tn-12000-puffs-geniessen-sie-mr-blue-premium-ohne-importgebuehren\/","og_site_name":"Vapingnet.de","article_publisher":"https:\/\/www.facebook.com\/vapingnetde\/","article_modified_time":"2025-12-30T08:40:42+00:00","og_image":[{"width":1000,"height":1000,"url":"https:\/\/vapingnet.de\/wp-content\/uploads\/2025\/04\/Mr-Blue.png","type":"image\/png"}],"twitter_card":"summary_large_image","twitter_misc":{"Est. reading time":"3 minutes"},"schema":{"@context":"https:\/\/schema.org","@graph":[{"@type":"WebPage","@id":"https:\/\/vapingnet.de\/vape\/bang-tn-12000-puffs-geniessen-sie-mr-blue-premium-ohne-importgebuehren\/","url":"https:\/\/vapingnet.de\/vape\/bang-tn-12000-puffs-geniessen-sie-mr-blue-premium-ohne-importgebuehren\/","name":"Bang Tn 12000 Puffs Genie\u00dfen Sie Mr Blue Premium ohne Importgeb\u00fchren | Vapingnet.de","isPartOf":{"@id":"https:\/\/vapingnet.de\/#website"},"primaryImageOfPage":{"@id":"https:\/\/vapingnet.de\/vape\/bang-tn-12000-puffs-geniessen-sie-mr-blue-premium-ohne-importgebuehren\/#primaryimage"},"image":{"@id":"https:\/\/vapingnet.de\/vape\/bang-tn-12000-puffs-geniessen-sie-mr-blue-premium-ohne-importgebuehren\/#primaryimage"},"thumbnailUrl":"https:\/\/vapingnet.de\/wp-content\/uploads\/2025\/04\/Mr-Blue.png","datePublished":"2025-04-11T05:55:21+00:00","dateModified":"2025-12-30T08:40:42+00:00","description":"Entdecke Bang Tn 12000 Puffs Genie\u00dfen Sie Mr Blue Premium ohne Importgeb\u00fchren bei vapingnet.de, \u25ba Gro\u00dfe Auswahl an Geschmacksrichtungen & super g\u00fcnstig!","breadcrumb":{"@id":"https:\/\/vapingnet.de\/vape\/bang-tn-12000-puffs-geniessen-sie-mr-blue-premium-ohne-importgebuehren\/#breadcrumb"},"inLanguage":"sk-SK","potentialAction":[{"@type":"ReadAction","target":["https:\/\/vapingnet.de\/vape\/bang-tn-12000-puffs-geniessen-sie-mr-blue-premium-ohne-importgebuehren\/"]}]},{"@type":"ImageObject","inLanguage":"sk-SK","@id":"https:\/\/vapingnet.de\/vape\/bang-tn-12000-puffs-geniessen-sie-mr-blue-premium-ohne-importgebuehren\/#primaryimage","url":"https:\/\/vapingnet.de\/wp-content\/uploads\/2025\/04\/Mr-Blue.png","contentUrl":"https:\/\/vapingnet.de\/wp-content\/uploads\/2025\/04\/Mr-Blue.png","width":1000,"height":1000},{"@type":"BreadcrumbList","@id":"https:\/\/vapingnet.de\/vape\/bang-tn-12000-puffs-geniessen-sie-mr-blue-premium-ohne-importgebuehren\/#breadcrumb","itemListElement":[{"@type":"ListItem","position":1,"name":"Home","item":"https:\/\/vapingnet.de\/"},{"@type":"ListItem","position":2,"name":"Shop","item":"https:\/\/vapingnet.de\/vape\/"},{"@type":"ListItem","position":3,"name":"Bang Tn 12000 Puffs Genie\u00dfen Sie Mr Blue Premium ohne Importgeb\u00fchren"}]},{"@type":"WebSite","@id":"https:\/\/vapingnet.de\/#website","url":"https:\/\/vapingnet.de\/","name":"Vapingnet.de","description":"","publisher":{"@id":"https:\/\/vapingnet.de\/#organization"},"potentialAction":[{"@type":"SearchAction","target":{"@type":"EntryPoint","urlTemplate":"https:\/\/vapingnet.de\/?s={search_term_string}"},"query-input":{"@type":"PropertyValueSpecification","valueRequired":true,"valueName":"search_term_string"}}],"inLanguage":"sk-SK"},{"@type":"Organization","@id":"https:\/\/vapingnet.de\/#organization","name":"Vapingnet.de","url":"https:\/\/vapingnet.de\/","logo":{"@type":"ImageObject","inLanguage":"sk-SK","@id":"https:\/\/vapingnet.de\/#\/schema\/logo\/image\/","url":"https:\/\/vapingnet.de\/wp-content\/uploads\/2025\/03\/cropped-vapingnet.de_.jpg","contentUrl":"https:\/\/vapingnet.de\/wp-content\/uploads\/2025\/03\/cropped-vapingnet.de_.jpg","width":512,"height":512,"caption":"Vapingnet.de"},"image":{"@id":"https:\/\/vapingnet.de\/#\/schema\/logo\/image\/"},"sameAs":["https:\/\/www.facebook.com\/vapingnetde\/"]}]}},"tiered_pricing_type":"fixed","tiered_pricing_fixed_rules":{"10":"7.31","60":"6.58","110":"5.85","200":"5.12"},"tiered_pricing_product_settings":{"layout":"default","base_unit_name":{"singular":null,"plural":null},"default_variation":null},"tiered_pricing_minimum_quantity":null,"tiered_pricing_roles_data":[],"tiered_pricing_percentage_rules":[],"_links":{"self":[{"href":"https:\/\/vapingnet.de\/sk\/wp-json\/wp\/v2\/product\/6244","targetHints":{"allow":["GET"]}}],"collection":[{"href":"https:\/\/vapingnet.de\/sk\/wp-json\/wp\/v2\/product"}],"about":[{"href":"https:\/\/vapingnet.de\/sk\/wp-json\/wp\/v2\/types\/product"}],"version-history":[{"count":1,"href":"https:\/\/vapingnet.de\/sk\/wp-json\/wp\/v2\/product\/6244\/revisions"}],"predecessor-version":[{"id":6256,"href":"https:\/\/vapingnet.de\/sk\/wp-json\/wp\/v2\/product\/6244\/revisions\/6256"}],"wp:featuredmedia":[{"embeddable":true,"href":"https:\/\/vapingnet.de\/sk\/wp-json\/wp\/v2\/media\/6250"}],"wp:attachment":[{"href":"https:\/\/vapingnet.de\/sk\/wp-json\/wp\/v2\/media?parent=6244"}],"wp:term":[{"taxonomy":"brand","embeddable":true,"href":"https:\/\/vapingnet.de\/sk\/wp-json\/wp\/v2\/etheme_brands?post=6244"},{"taxonomy":"product_brand","embeddable":true,"href":"https:\/\/vapingnet.de\/sk\/wp-json\/wp\/v2\/product_brand?post=6244"},{"taxonomy":"product_cat","embeddable":true,"href":"https:\/\/vapingnet.de\/sk\/wp-json\/wp\/v2\/product_cat?post=6244"},{"taxonomy":"product_tag","embeddable":true,"href":"https:\/\/vapingnet.de\/sk\/wp-json\/wp\/v2\/product_tag?post=6244"}],"curies":[{"name":"wp","href":"https:\/\/api.w.org\/{rel}","templated":true}]}}