{"id":6246,"date":"2025-04-11T05:55:28","date_gmt":"2025-04-11T05:55:28","guid":{"rendered":"https:\/\/vapingnet.de\/?post_type=product&#038;p=6246"},"modified":"2025-12-30T08:40:23","modified_gmt":"2025-12-30T08:40:23","slug":"strawberry-banana-bang-tn-12000-puffs-der-weltweite-hit-in-top-qualitaet","status":"publish","type":"product","link":"https:\/\/vapingnet.de\/sk\/vape\/strawberry-banana-bang-tn-12000-puffs-der-weltweite-hit-in-top-qualitaet\/","title":{"rendered":"Strawberry Banana Bang Tn 12000 Pufov Svetov\u00fd hit v \u0161pi\u010dkovej kvalite"},"content":{"rendered":"<h2 data-start=\"27\" data-end=\"102\" data-immersive-translate-walked=\"bca56ad2-5e60-4a94-aef0-9ddaf9a8caff\">Bang Tn 12000 Puffs: Perfektn\u00e9 pohodlie a dlhodob\u00fd p\u00f4\u017eitok<\/h2>\n<p class=\"\" data-start=\"104\" data-end=\"439\" data-immersive-translate-walked=\"bca56ad2-5e60-4a94-aef0-9ddaf9a8caff\" data-immersive-translate-paragraph=\"1\">Pre vapery, ktor\u00ed h\u013eadaj\u00fa praktick\u00e9 a odoln\u00e9 rie\u0161enie, je jednorazov\u00e1 e-cigareta Bang Tn 12000 Puffs vynikaj\u00facou vo\u013ebou. Pon\u00faka nielen \u0161irok\u00fd v\u00fdber pr\u00edchut\u00ed, ale aj skvel\u00fd pomer cena-v\u00fdkon a zabezpe\u010duje, \u017ee ka\u017ed\u00fd \u0165ah je kon\u0161tantne pr\u00edjemn\u00fd z\u00e1\u017eitok.<\/p>\n<h3 class=\"\" data-start=\"441\" data-end=\"477\" data-immersive-translate-walked=\"bca56ad2-5e60-4a94-aef0-9ddaf9a8caff\">Vlastnosti produktu a v\u00fdkon<\/h3>\n<ul data-start=\"479\" data-end=\"1059\" data-immersive-translate-walked=\"bca56ad2-5e60-4a94-aef0-9ddaf9a8caff\">\n<li class=\"\" data-start=\"479\" data-end=\"593\" data-immersive-translate-walked=\"bca56ad2-5e60-4a94-aef0-9ddaf9a8caff\">\n<p class=\"\" data-start=\"481\" data-end=\"593\" data-immersive-translate-walked=\"bca56ad2-5e60-4a94-aef0-9ddaf9a8caff\" data-immersive-translate-paragraph=\"1\">Mo\u017enosti nikot\u00ednu: Vyberte si z 0%, 2%, 3% a 5% nikot\u00ednu, aby ste na\u0161li vhodn\u00fa silu pre v\u00e1s.<\/p>\n<\/li>\n<li class=\"\" data-start=\"594\" data-end=\"723\" data-immersive-translate-walked=\"bca56ad2-5e60-4a94-aef0-9ddaf9a8caff\">\n<p class=\"\" data-start=\"596\" data-end=\"723\" data-immersive-translate-walked=\"bca56ad2-5e60-4a94-aef0-9ddaf9a8caff\" data-immersive-translate-paragraph=\"1\">Tekutina: S 20 ml tekutiny t\u00e1to jednorazov\u00e1 e-cigareta pon\u00faka p\u00f4sobiv\u00fd dosah a\u017e 12 000 \u0165ahov.<\/p>\n<\/li>\n<li class=\"\" data-start=\"724\" data-end=\"836\" data-immersive-translate-walked=\"bca56ad2-5e60-4a94-aef0-9ddaf9a8caff\">\n<p class=\"\" data-start=\"726\" data-end=\"836\" data-immersive-translate-walked=\"bca56ad2-5e60-4a94-aef0-9ddaf9a8caff\" data-immersive-translate-paragraph=\"1\">Bat\u00e9ria: Bat\u00e9ria s kapacitou 650mAh zabezpe\u010duje dlh\u00e9 pou\u017e\u00edvanie bez neust\u00e1leho dob\u00edjania.<\/p>\n<\/li>\n<li class=\"\" data-start=\"837\" data-end=\"936\" data-immersive-translate-walked=\"bca56ad2-5e60-4a94-aef0-9ddaf9a8caff\">\n<p class=\"\" data-start=\"839\" data-end=\"936\" data-immersive-translate-walked=\"bca56ad2-5e60-4a94-aef0-9ddaf9a8caff\" data-immersive-translate-paragraph=\"1\">Nab\u00edjac\u00ed port: S modern\u00fdm konektorom Type-C je nab\u00edjanie r\u00fdchle a pohodln\u00e9.<\/p>\n<\/li>\n<li class=\"\" data-start=\"937\" data-end=\"1059\" data-immersive-translate-walked=\"bca56ad2-5e60-4a94-aef0-9ddaf9a8caff\">\n<p class=\"\" data-start=\"939\" data-end=\"1059\" data-immersive-translate-walked=\"bca56ad2-5e60-4a94-aef0-9ddaf9a8caff\" data-immersive-translate-paragraph=\"1\">Heatsyst\u00e9m: Vybaven\u00fd mesh cievkou s odporom 1,2\u03a9, ktor\u00e1 zabezpe\u010duje rovnomern\u00e9 a intenz\u00edvnej\u0161ie uvo\u013e\u0148ovanie pary.<\/p>\n<\/li>\n<\/ul>\n<h5 data-start=\"1061\" data-end=\"1110\" data-immersive-translate-walked=\"bca56ad2-5e60-4a94-aef0-9ddaf9a8caff\">Pr\u00edchu\u0165: \u010cerstv\u00fd ovocn\u00fd p\u00f4\u017eitok<\/h5>\n<p class=\"\" data-start=\"1112\" data-end=\"1394\" data-immersive-translate-walked=\"bca56ad2-5e60-4a94-aef0-9ddaf9a8caff\" data-immersive-translate-paragraph=\"1\">Bang Tn 12000 Puffs s pr\u00edchu\u0165ou Watermelon Ice pon\u00faka osvie\u017euj\u00facu kombin\u00e1ciu sladkej vodnej mel\u00f3nu a chladnej \u013eadovej pozn\u00e1mky. T\u00e1to ovocn\u00e1 pr\u00edchu\u0165 je dokonale zv\u00fdraznen\u00e1 mesh cievkou, tak\u017ee ka\u017ed\u00fd \u0165ah je skuto\u010dn\u00fdm z\u00e1\u017eitkom.<\/p>\n<h5 data-start=\"1396\" data-end=\"1437\" data-immersive-translate-walked=\"bca56ad2-5e60-4a94-aef0-9ddaf9a8caff\">R\u00fdchle doru\u010denie: 7-15 pracovn\u00fdch dn\u00ed<\/h5>\n<p class=\"\" data-start=\"1439\" data-end=\"1700\" data-immersive-translate-walked=\"bca56ad2-5e60-4a94-aef0-9ddaf9a8caff\" data-immersive-translate-paragraph=\"1\">Ak objedn\u00e1te Bang Tn 12000 Puffs cez vapingnet.de, m\u00f4\u017eete o\u010dak\u00e1va\u0165 r\u00fdchle doru\u010denie do 7 a\u017e 15 pracovn\u00fdch dn\u00ed. Produkty s\u00fa r\u00fdchlo odoslan\u00e9, tak\u017ee m\u00f4\u017eete \u010doskoro za\u010da\u0165 vapova\u0165 bez dlh\u00e9ho \u010dakania.<\/p>\n<h5 data-start=\"1702\" data-end=\"1744\" data-immersive-translate-walked=\"bca56ad2-5e60-4a94-aef0-9ddaf9a8caff\">Coln\u00e1 bezplatnos\u0165: \u017diadne skryt\u00e9 poplatky<\/h5>\n<p class=\"\" data-start=\"1746\" data-end=\"2001\" data-immersive-translate-walked=\"bca56ad2-5e60-4a94-aef0-9ddaf9a8caff\" data-immersive-translate-paragraph=\"1\">\u010eal\u0161ou ve\u013ekou v\u00fdhodou pri k\u00fape tejto e-cigarety je, \u017ee doprava v r\u00e1mci E\u00da je bezcoln\u00e1. To znamen\u00e1, \u017ee nebud\u00fa \u017eiadne dodato\u010dn\u00e9 dane alebo cl\u00e1. Plat\u00edte iba cenu produktu bez neo\u010dak\u00e1van\u00fdch dodato\u010dn\u00fdch n\u00e1kladov.<\/p>\n<h3 class=\"\" data-start=\"2003\" data-end=\"2058\" data-immersive-translate-walked=\"bca56ad2-5e60-4a94-aef0-9ddaf9a8caff\">Ide\u00e1lne pre r\u00f4zne potreby pou\u017e\u00edvate\u013eov<\/h3>\n<p class=\"\" data-start=\"2060\" data-end=\"2508\" data-immersive-translate-walked=\"bca56ad2-5e60-4a94-aef0-9ddaf9a8caff\" data-immersive-translate-paragraph=\"1\">Jednorazov\u00e1 e-cigareta Bang Tn 12000 Puffs je dokonalou vo\u013ebou pre vapery v\u0161etk\u00fdch \u00farovn\u00ed sk\u00fasenost\u00ed. Pon\u00faka vysok\u00fa kapacitu tekutiny a \u0161irok\u00fd v\u00fdber nikot\u00ednov\u00fdch sil, ktor\u00e9 vyhovuj\u00fa potreb\u00e1m r\u00f4znych pou\u017e\u00edvate\u013eov. Pr\u00edjemn\u00fd z\u00e1\u017eitok z vapovania, jednoduch\u00e9 ovl\u00e1danie a r\u00fdchle doru\u010denie robia z tejto e-cigarety skvel\u00fa vo\u013ebu pre t\u00fdch, ktor\u00ed h\u013eadaj\u00fa pohodln\u00e9 a chutn\u00e9 rie\u0161enie.<\/p>\n<p class=\"\" data-start=\"2510\" data-end=\"2636\" data-immersive-translate-walked=\"bca56ad2-5e60-4a94-aef0-9ddaf9a8caff\" data-immersive-translate-paragraph=\"1\">Objednajte e\u0161te dnes na vapingnet.de a za\u017eite komfort r\u00fdchleho doru\u010denia bez \u010fal\u0161\u00edch poplatkov!<\/p>","protected":false},"excerpt":{"rendered":"<p>Bang Tn 12000 Puffs: Perfekte Bequemlichkeit und langanhaltender Genuss F\u00fcr Dampfer, die nach einer praktischen und langlebigen L\u00f6sung suchen, ist die Bang Tn 12000 Puffs&#8230;<\/p>","protected":false},"featured_media":6252,"template":"","meta":[],"etheme_brands":[],"product_brand":[101],"product_cat":[88,49,61],"product_tag":[],"class_list":{"0":"post-6246","1":"product","2":"type-product","3":"status-publish","4":"has-post-thumbnail","6":"product_brand-bang-king-vape","7":"product_cat-12k-vape","8":"product_cat-einweg-e-zigarette","9":"product_cat-f","11":"first","12":"instock","13":"shipping-taxable","14":"purchasable","15":"product-type-simple"},"yoast_head":"<!-- This site is optimized with the Yoast SEO plugin v26.5 - https:\/\/yoast.com\/wordpress\/plugins\/seo\/ -->\n<title>Strawberry Banana Bang Tn 12000 Puffs Der weltweite Hit in Top Qualit\u00e4t | Vapingnet.de<\/title>\n<meta name=\"description\" content=\"Entdecke Strawberry Banana Bang Tn 12000 Puffs Der weltweite Hit in Top Qualit\u00e4t bei vapingnet.de, \u25ba Gro\u00dfe Auswahl an Geschmacksrichtungen &amp; super g\u00fcnstig!\" \/>\n<meta name=\"robots\" content=\"index, follow, max-snippet:-1, max-image-preview:large, max-video-preview:-1\" \/>\n<link rel=\"canonical\" href=\"https:\/\/vapingnet.de\/sk\/vape\/strawberry-banana-bang-tn-12000-puffs-der-weltweite-hit-in-top-qualitaet\/\" \/>\n<meta property=\"og:locale\" content=\"sk_SK\" \/>\n<meta property=\"og:type\" content=\"article\" \/>\n<meta property=\"og:title\" content=\"Strawberry Banana Bang Tn 12000 Puffs Der weltweite Hit in Top Qualit\u00e4t | Vapingnet.de\" \/>\n<meta property=\"og:description\" content=\"Entdecke Strawberry Banana Bang Tn 12000 Puffs Der weltweite Hit in Top Qualit\u00e4t bei vapingnet.de, \u25ba Gro\u00dfe Auswahl an Geschmacksrichtungen &amp; super g\u00fcnstig!\" \/>\n<meta property=\"og:url\" content=\"https:\/\/vapingnet.de\/sk\/vape\/strawberry-banana-bang-tn-12000-puffs-der-weltweite-hit-in-top-qualitaet\/\" \/>\n<meta property=\"og:site_name\" content=\"Vapingnet.de\" \/>\n<meta property=\"article:publisher\" content=\"https:\/\/www.facebook.com\/vapingnetde\/\" \/>\n<meta property=\"article:modified_time\" content=\"2025-12-30T08:40:23+00:00\" \/>\n<meta property=\"og:image\" content=\"https:\/\/vapingnet.de\/wp-content\/uploads\/2025\/04\/Strawberry-Banana.png\" \/>\n\t<meta property=\"og:image:width\" content=\"1000\" \/>\n\t<meta property=\"og:image:height\" content=\"1000\" \/>\n\t<meta property=\"og:image:type\" content=\"image\/png\" \/>\n<meta name=\"twitter:card\" content=\"summary_large_image\" \/>\n<meta name=\"twitter:label1\" content=\"Est. reading time\" \/>\n\t<meta name=\"twitter:data1\" content=\"3 minutes\" \/>\n<script type=\"application\/ld+json\" class=\"yoast-schema-graph\">{\"@context\":\"https:\/\/schema.org\",\"@graph\":[{\"@type\":\"WebPage\",\"@id\":\"https:\/\/vapingnet.de\/vape\/strawberry-banana-bang-tn-12000-puffs-der-weltweite-hit-in-top-qualitaet\/\",\"url\":\"https:\/\/vapingnet.de\/vape\/strawberry-banana-bang-tn-12000-puffs-der-weltweite-hit-in-top-qualitaet\/\",\"name\":\"Strawberry Banana Bang Tn 12000 Puffs Der weltweite Hit in Top Qualit\u00e4t | Vapingnet.de\",\"isPartOf\":{\"@id\":\"https:\/\/vapingnet.de\/#website\"},\"primaryImageOfPage\":{\"@id\":\"https:\/\/vapingnet.de\/vape\/strawberry-banana-bang-tn-12000-puffs-der-weltweite-hit-in-top-qualitaet\/#primaryimage\"},\"image\":{\"@id\":\"https:\/\/vapingnet.de\/vape\/strawberry-banana-bang-tn-12000-puffs-der-weltweite-hit-in-top-qualitaet\/#primaryimage\"},\"thumbnailUrl\":\"https:\/\/vapingnet.de\/wp-content\/uploads\/2025\/04\/Strawberry-Banana.png\",\"datePublished\":\"2025-04-11T05:55:28+00:00\",\"dateModified\":\"2025-12-30T08:40:23+00:00\",\"description\":\"Entdecke Strawberry Banana Bang Tn 12000 Puffs Der weltweite Hit in Top Qualit\u00e4t bei vapingnet.de, \u25ba Gro\u00dfe Auswahl an Geschmacksrichtungen & super g\u00fcnstig!\",\"breadcrumb\":{\"@id\":\"https:\/\/vapingnet.de\/vape\/strawberry-banana-bang-tn-12000-puffs-der-weltweite-hit-in-top-qualitaet\/#breadcrumb\"},\"inLanguage\":\"sk-SK\",\"potentialAction\":[{\"@type\":\"ReadAction\",\"target\":[\"https:\/\/vapingnet.de\/vape\/strawberry-banana-bang-tn-12000-puffs-der-weltweite-hit-in-top-qualitaet\/\"]}]},{\"@type\":\"ImageObject\",\"inLanguage\":\"sk-SK\",\"@id\":\"https:\/\/vapingnet.de\/vape\/strawberry-banana-bang-tn-12000-puffs-der-weltweite-hit-in-top-qualitaet\/#primaryimage\",\"url\":\"https:\/\/vapingnet.de\/wp-content\/uploads\/2025\/04\/Strawberry-Banana.png\",\"contentUrl\":\"https:\/\/vapingnet.de\/wp-content\/uploads\/2025\/04\/Strawberry-Banana.png\",\"width\":1000,\"height\":1000},{\"@type\":\"BreadcrumbList\",\"@id\":\"https:\/\/vapingnet.de\/vape\/strawberry-banana-bang-tn-12000-puffs-der-weltweite-hit-in-top-qualitaet\/#breadcrumb\",\"itemListElement\":[{\"@type\":\"ListItem\",\"position\":1,\"name\":\"Home\",\"item\":\"https:\/\/vapingnet.de\/\"},{\"@type\":\"ListItem\",\"position\":2,\"name\":\"Shop\",\"item\":\"https:\/\/vapingnet.de\/vape\/\"},{\"@type\":\"ListItem\",\"position\":3,\"name\":\"Strawberry Banana Bang Tn 12000 Puffs Der weltweite Hit in Top Qualit\u00e4t\"}]},{\"@type\":\"WebSite\",\"@id\":\"https:\/\/vapingnet.de\/#website\",\"url\":\"https:\/\/vapingnet.de\/\",\"name\":\"Vapingnet.de\",\"description\":\"\",\"publisher\":{\"@id\":\"https:\/\/vapingnet.de\/#organization\"},\"potentialAction\":[{\"@type\":\"SearchAction\",\"target\":{\"@type\":\"EntryPoint\",\"urlTemplate\":\"https:\/\/vapingnet.de\/?s={search_term_string}\"},\"query-input\":{\"@type\":\"PropertyValueSpecification\",\"valueRequired\":true,\"valueName\":\"search_term_string\"}}],\"inLanguage\":\"sk-SK\"},{\"@type\":\"Organization\",\"@id\":\"https:\/\/vapingnet.de\/#organization\",\"name\":\"Vapingnet.de\",\"url\":\"https:\/\/vapingnet.de\/\",\"logo\":{\"@type\":\"ImageObject\",\"inLanguage\":\"sk-SK\",\"@id\":\"https:\/\/vapingnet.de\/#\/schema\/logo\/image\/\",\"url\":\"https:\/\/vapingnet.de\/wp-content\/uploads\/2025\/03\/cropped-vapingnet.de_.jpg\",\"contentUrl\":\"https:\/\/vapingnet.de\/wp-content\/uploads\/2025\/03\/cropped-vapingnet.de_.jpg\",\"width\":512,\"height\":512,\"caption\":\"Vapingnet.de\"},\"image\":{\"@id\":\"https:\/\/vapingnet.de\/#\/schema\/logo\/image\/\"},\"sameAs\":[\"https:\/\/www.facebook.com\/vapingnetde\/\"]}]}<\/script>\n<!-- \/ Yoast SEO plugin. -->","yoast_head_json":{"title":"Strawberry Banana Bang Tn 12000 Puffs Der weltweite Hit in Top Qualit\u00e4t | Vapingnet.de","description":"Entdecke Strawberry Banana Bang Tn 12000 Puffs Der weltweite Hit in Top Qualit\u00e4t bei vapingnet.de, \u25ba Gro\u00dfe Auswahl an Geschmacksrichtungen & super g\u00fcnstig!","robots":{"index":"index","follow":"follow","max-snippet":"max-snippet:-1","max-image-preview":"max-image-preview:large","max-video-preview":"max-video-preview:-1"},"canonical":"https:\/\/vapingnet.de\/sk\/vape\/strawberry-banana-bang-tn-12000-puffs-der-weltweite-hit-in-top-qualitaet\/","og_locale":"sk_SK","og_type":"article","og_title":"Strawberry Banana Bang Tn 12000 Puffs Der weltweite Hit in Top Qualit\u00e4t | Vapingnet.de","og_description":"Entdecke Strawberry Banana Bang Tn 12000 Puffs Der weltweite Hit in Top Qualit\u00e4t bei vapingnet.de, \u25ba Gro\u00dfe Auswahl an Geschmacksrichtungen & super g\u00fcnstig!","og_url":"https:\/\/vapingnet.de\/sk\/vape\/strawberry-banana-bang-tn-12000-puffs-der-weltweite-hit-in-top-qualitaet\/","og_site_name":"Vapingnet.de","article_publisher":"https:\/\/www.facebook.com\/vapingnetde\/","article_modified_time":"2025-12-30T08:40:23+00:00","og_image":[{"width":1000,"height":1000,"url":"https:\/\/vapingnet.de\/wp-content\/uploads\/2025\/04\/Strawberry-Banana.png","type":"image\/png"}],"twitter_card":"summary_large_image","twitter_misc":{"Est. reading time":"3 minutes"},"schema":{"@context":"https:\/\/schema.org","@graph":[{"@type":"WebPage","@id":"https:\/\/vapingnet.de\/vape\/strawberry-banana-bang-tn-12000-puffs-der-weltweite-hit-in-top-qualitaet\/","url":"https:\/\/vapingnet.de\/vape\/strawberry-banana-bang-tn-12000-puffs-der-weltweite-hit-in-top-qualitaet\/","name":"Strawberry Banana Bang Tn 12000 Puffs Der weltweite Hit in Top Qualit\u00e4t | Vapingnet.de","isPartOf":{"@id":"https:\/\/vapingnet.de\/#website"},"primaryImageOfPage":{"@id":"https:\/\/vapingnet.de\/vape\/strawberry-banana-bang-tn-12000-puffs-der-weltweite-hit-in-top-qualitaet\/#primaryimage"},"image":{"@id":"https:\/\/vapingnet.de\/vape\/strawberry-banana-bang-tn-12000-puffs-der-weltweite-hit-in-top-qualitaet\/#primaryimage"},"thumbnailUrl":"https:\/\/vapingnet.de\/wp-content\/uploads\/2025\/04\/Strawberry-Banana.png","datePublished":"2025-04-11T05:55:28+00:00","dateModified":"2025-12-30T08:40:23+00:00","description":"Entdecke Strawberry Banana Bang Tn 12000 Puffs Der weltweite Hit in Top Qualit\u00e4t bei vapingnet.de, \u25ba Gro\u00dfe Auswahl an Geschmacksrichtungen & super g\u00fcnstig!","breadcrumb":{"@id":"https:\/\/vapingnet.de\/vape\/strawberry-banana-bang-tn-12000-puffs-der-weltweite-hit-in-top-qualitaet\/#breadcrumb"},"inLanguage":"sk-SK","potentialAction":[{"@type":"ReadAction","target":["https:\/\/vapingnet.de\/vape\/strawberry-banana-bang-tn-12000-puffs-der-weltweite-hit-in-top-qualitaet\/"]}]},{"@type":"ImageObject","inLanguage":"sk-SK","@id":"https:\/\/vapingnet.de\/vape\/strawberry-banana-bang-tn-12000-puffs-der-weltweite-hit-in-top-qualitaet\/#primaryimage","url":"https:\/\/vapingnet.de\/wp-content\/uploads\/2025\/04\/Strawberry-Banana.png","contentUrl":"https:\/\/vapingnet.de\/wp-content\/uploads\/2025\/04\/Strawberry-Banana.png","width":1000,"height":1000},{"@type":"BreadcrumbList","@id":"https:\/\/vapingnet.de\/vape\/strawberry-banana-bang-tn-12000-puffs-der-weltweite-hit-in-top-qualitaet\/#breadcrumb","itemListElement":[{"@type":"ListItem","position":1,"name":"Home","item":"https:\/\/vapingnet.de\/"},{"@type":"ListItem","position":2,"name":"Shop","item":"https:\/\/vapingnet.de\/vape\/"},{"@type":"ListItem","position":3,"name":"Strawberry Banana Bang Tn 12000 Puffs Der weltweite Hit in Top Qualit\u00e4t"}]},{"@type":"WebSite","@id":"https:\/\/vapingnet.de\/#website","url":"https:\/\/vapingnet.de\/","name":"Vapingnet.de","description":"","publisher":{"@id":"https:\/\/vapingnet.de\/#organization"},"potentialAction":[{"@type":"SearchAction","target":{"@type":"EntryPoint","urlTemplate":"https:\/\/vapingnet.de\/?s={search_term_string}"},"query-input":{"@type":"PropertyValueSpecification","valueRequired":true,"valueName":"search_term_string"}}],"inLanguage":"sk-SK"},{"@type":"Organization","@id":"https:\/\/vapingnet.de\/#organization","name":"Vapingnet.de","url":"https:\/\/vapingnet.de\/","logo":{"@type":"ImageObject","inLanguage":"sk-SK","@id":"https:\/\/vapingnet.de\/#\/schema\/logo\/image\/","url":"https:\/\/vapingnet.de\/wp-content\/uploads\/2025\/03\/cropped-vapingnet.de_.jpg","contentUrl":"https:\/\/vapingnet.de\/wp-content\/uploads\/2025\/03\/cropped-vapingnet.de_.jpg","width":512,"height":512,"caption":"Vapingnet.de"},"image":{"@id":"https:\/\/vapingnet.de\/#\/schema\/logo\/image\/"},"sameAs":["https:\/\/www.facebook.com\/vapingnetde\/"]}]}},"tiered_pricing_type":"fixed","tiered_pricing_fixed_rules":{"10":"7.31","60":"6.58","110":"5.85","200":"5.12"},"tiered_pricing_product_settings":{"layout":"default","base_unit_name":{"singular":null,"plural":null},"default_variation":null},"tiered_pricing_minimum_quantity":null,"tiered_pricing_roles_data":[],"tiered_pricing_percentage_rules":[],"_links":{"self":[{"href":"https:\/\/vapingnet.de\/sk\/wp-json\/wp\/v2\/product\/6246","targetHints":{"allow":["GET"]}}],"collection":[{"href":"https:\/\/vapingnet.de\/sk\/wp-json\/wp\/v2\/product"}],"about":[{"href":"https:\/\/vapingnet.de\/sk\/wp-json\/wp\/v2\/types\/product"}],"version-history":[{"count":1,"href":"https:\/\/vapingnet.de\/sk\/wp-json\/wp\/v2\/product\/6246\/revisions"}],"predecessor-version":[{"id":6258,"href":"https:\/\/vapingnet.de\/sk\/wp-json\/wp\/v2\/product\/6246\/revisions\/6258"}],"wp:featuredmedia":[{"embeddable":true,"href":"https:\/\/vapingnet.de\/sk\/wp-json\/wp\/v2\/media\/6252"}],"wp:attachment":[{"href":"https:\/\/vapingnet.de\/sk\/wp-json\/wp\/v2\/media?parent=6246"}],"wp:term":[{"taxonomy":"brand","embeddable":true,"href":"https:\/\/vapingnet.de\/sk\/wp-json\/wp\/v2\/etheme_brands?post=6246"},{"taxonomy":"product_brand","embeddable":true,"href":"https:\/\/vapingnet.de\/sk\/wp-json\/wp\/v2\/product_brand?post=6246"},{"taxonomy":"product_cat","embeddable":true,"href":"https:\/\/vapingnet.de\/sk\/wp-json\/wp\/v2\/product_cat?post=6246"},{"taxonomy":"product_tag","embeddable":true,"href":"https:\/\/vapingnet.de\/sk\/wp-json\/wp\/v2\/product_tag?post=6246"}],"curies":[{"name":"wp","href":"https:\/\/api.w.org\/{rel}","templated":true}]}}