{"id":6263,"date":"2025-04-11T07:13:12","date_gmt":"2025-04-11T07:13:12","guid":{"rendered":"https:\/\/vapingnet.de\/?post_type=product&#038;p=6263"},"modified":"2025-06-19T03:39:55","modified_gmt":"2025-06-19T03:39:55","slug":"top-geschmack-bang-king-smart-screen-15000-puff-berry-blast-direkt-vom-hersteller","status":"publish","type":"product","link":"https:\/\/vapingnet.de\/sk\/vape\/top-geschmack-bang-king-smart-screen-15000-puff-berry-blast-direkt-vom-hersteller\/","title":{"rendered":"Top chu\u0165 Bang King Smart Screen 15000 Puff Berry Blast priamo od v\u00fdrobcu"},"content":{"rendered":"<h2 data-start=\"0\" data-end=\"69\" data-immersive-translate-walked=\"e80e384f-ec5a-40fc-a811-43ab023cddbe\">Bang King Smart Screen 15000 Puff: Najlep\u0161\u00ed z\u00e1\u017eitok z vapovania<\/h2>\n<p class=\"\" data-start=\"71\" data-end=\"566\" data-immersive-translate-walked=\"e80e384f-ec5a-40fc-a811-43ab023cddbe\" data-immersive-translate-paragraph=\"1\">Bang King Smart Screen 15000 Puff je inovat\u00edvne jednorazov\u00e9 zariadenie na vapovanie, ktor\u00e9 kombinuje dlh\u00fa \u017eivotnos\u0165, p\u00f4sobiv\u00fd v\u00fdkon a jednoduch\u00e9 ovl\u00e1danie. S modern\u00fdm dizajnom a pokro\u010dilou technol\u00f3giou pon\u00faka toto zariadenie v\u0161etko, \u010do vap\u00e9r potrebuje na pln\u00e9 vychutnanie si vapovania. V nasleduj\u00facom \u010dl\u00e1nku v\u00e1m predstav\u00edme vynikaj\u00face vlastnosti tohto produktu a vysvetl\u00edme, pre\u010do stoj\u00ed za to ho vysk\u00fa\u0161a\u0165 ka\u017ed\u00e9mu vap\u00e9rovi.<\/p>\n<h3 data-start=\"568\" data-end=\"633\" data-immersive-translate-walked=\"e80e384f-ec5a-40fc-a811-43ab023cddbe\">Technologick\u00e9 vlastnosti Bang King Smart Screen 15000 Puff<\/h3>\n<p class=\"\" data-start=\"635\" data-end=\"837\" data-immersive-translate-walked=\"e80e384f-ec5a-40fc-a811-43ab023cddbe\" data-immersive-translate-paragraph=\"1\">Bang King Smart Screen 15000 Puff vynik\u00e1 mno\u017estvom pokro\u010dil\u00fdch funkci\u00ed, ktor\u00e9 robia vapovanie v\u00fdnimo\u010dn\u00fdm z\u00e1\u017eitkom. Medzi najd\u00f4le\u017eitej\u0161ie technick\u00e9 aspekty patria:<\/p>\n<ul data-start=\"839\" data-end=\"2540\" data-immersive-translate-walked=\"e80e384f-ec5a-40fc-a811-43ab023cddbe\">\n<li class=\"\" data-start=\"839\" data-end=\"1167\" data-immersive-translate-walked=\"e80e384f-ec5a-40fc-a811-43ab023cddbe\">\n<p class=\"\" data-start=\"841\" data-end=\"1167\" data-immersive-translate-walked=\"e80e384f-ec5a-40fc-a811-43ab023cddbe\" data-immersive-translate-paragraph=\"1\">Mesh Cievka (1.0 Ohm): Inovat\u00edvna technol\u00f3gia mesh cievky zabezpe\u010duje rovnomern\u00fa a intenz\u00edvnej\u0161iu tvorbu pary. Nielen\u017ee zlep\u0161uje chu\u0165ov\u00fd z\u00e1\u017eitok, ale aj zvy\u0161uje mno\u017estvo pary. Pre t\u00fdch, ktor\u00ed si chc\u00fa vapovanie vychutna\u0165 naplno, je t\u00e1to mo\u017enos\u0165 cievky vynikaj\u00facou vo\u013ebou.<\/p>\n<\/li>\n<li class=\"\" data-start=\"1169\" data-end=\"1428\" data-immersive-translate-walked=\"e80e384f-ec5a-40fc-a811-43ab023cddbe\">\n<p class=\"\" data-start=\"1171\" data-end=\"1428\" data-immersive-translate-walked=\"e80e384f-ec5a-40fc-a811-43ab023cddbe\" data-immersive-translate-paragraph=\"1\">Kapacita bat\u00e9rie (650mAh): S v\u00fdkonnou bat\u00e9riou 650mAh m\u00f4\u017eu vap\u00e9ri zariadenie pou\u017e\u00edva\u0165 dlh\u0161ie bez neust\u00e1leho nab\u00edjania. T\u00e1to kapacita zabezpe\u010duje v\u00fddr\u017e a konzistentn\u00fd z\u00e1\u017eitok z vapovania.<\/p>\n<\/li>\n<li class=\"\" data-start=\"1430\" data-end=\"1716\" data-immersive-translate-walked=\"e80e384f-ec5a-40fc-a811-43ab023cddbe\">\n<p class=\"\" data-start=\"1432\" data-end=\"1716\" data-immersive-translate-walked=\"e80e384f-ec5a-40fc-a811-43ab023cddbe\" data-immersive-translate-paragraph=\"1\">Kapacita e-liquidu (25ml): S ve\u013ekorysou kapacitou e-liquidu 25ml je Bang King Smart Screen 15000 Puff navrhnut\u00fd na dlhodob\u00e9 pou\u017e\u00edvanie. Vap\u00e9ri tak nemusia \u010dasto dop\u013a\u0148a\u0165 a m\u00f4\u017eu si vapovanie plne vychutna\u0165.<\/p>\n<\/li>\n<li class=\"\" data-start=\"1718\" data-end=\"2046\" data-immersive-translate-walked=\"e80e384f-ec5a-40fc-a811-43ab023cddbe\">\n<p class=\"\" data-start=\"1720\" data-end=\"2046\" data-immersive-translate-walked=\"e80e384f-ec5a-40fc-a811-43ab023cddbe\" data-immersive-translate-paragraph=\"1\">Nikotinov\u00e9 soli (0%, 2%, 3%, 5%): Zariadenie pon\u00faka r\u00f4zne koncentr\u00e1cie nikotinov\u00fdch sol\u00ed, \u010do umo\u017e\u0148uje vap\u00e9rovi prisp\u00f4sobi\u0165 si intenzitu vapovania pod\u013ea vlastn\u00fdch preferenci\u00ed. \u010ci u\u017e chcete vapova\u0165 bez nikot\u00ednu alebo s vy\u0161\u0161ou d\u00e1vkou nikot\u00ednu, zariadenie m\u00e1 pre ka\u017ed\u00e9ho vhodn\u00fa mo\u017enos\u0165.<\/p>\n<\/li>\n<li class=\"\" data-start=\"2048\" data-end=\"2269\" data-immersive-translate-walked=\"e80e384f-ec5a-40fc-a811-43ab023cddbe\">\n<p class=\"\" data-start=\"2050\" data-end=\"2269\" data-immersive-translate-walked=\"e80e384f-ec5a-40fc-a811-43ab023cddbe\" data-immersive-translate-paragraph=\"1\">Typ-C nab\u00edjac\u00ed port: Modern\u00fd port typu C umo\u017e\u0148uje r\u00fdchle a efekt\u00edvne nab\u00edjanie zariadenia. Tak\u017ee je zariadenie pripraven\u00e9 na pou\u017eitie v kr\u00e1tkom \u010dase a poskytuje konzistentn\u00fd z\u00e1\u017eitok z vapovania.<\/p>\n<\/li>\n<li class=\"\" data-start=\"2271\" data-end=\"2540\" data-immersive-translate-walked=\"e80e384f-ec5a-40fc-a811-43ab023cddbe\">\n<p class=\"\" data-start=\"2273\" data-end=\"2540\" data-immersive-translate-walked=\"e80e384f-ec5a-40fc-a811-43ab023cddbe\" data-immersive-translate-paragraph=\"1\">LED displej: Integrovan\u00fd LED displej zobrazuje d\u00f4le\u017eit\u00e9 inform\u00e1cie, ako je zost\u00e1vaj\u00face mno\u017estvo e-liquidu a stav bat\u00e9rie. To umo\u017e\u0148uje jednoduch\u00e9 sledovanie stavu zariadenia a garantuje, \u017ee v\u017edy viete, ko\u013eko pary e\u0161te zost\u00e1va.<\/p>\n<\/li>\n<\/ul>\n<h4 data-start=\"2542\" data-end=\"2572\" data-immersive-translate-walked=\"e80e384f-ec5a-40fc-a811-43ab023cddbe\">Chu\u0165: Berry Blast<\/h4>\n<p class=\"\" data-start=\"2574\" data-end=\"3040\" data-immersive-translate-walked=\"e80e384f-ec5a-40fc-a811-43ab023cddbe\" data-immersive-translate-paragraph=\"1\">Jednou z najv\u00fdraznej\u0161\u00edch vlastnost\u00ed Bang King Smart Screen 15000 Puff je chu\u0165, a Berry Blast zabezpe\u010duje ovocn\u00fd a osvie\u017euj\u00faci z\u00e1\u017eitok z vapovania. S mixom r\u00f4znych bob\u00fa\u013e sa rozv\u00edja sladk\u00e1 a z\u00e1rove\u0148 \u0161\u0165avnat\u00e1 chu\u0165, ktor\u00e1 rozmazn\u00e1va chu\u0165ov\u00e9 poh\u00e1riky a pon\u00faka nezabudnute\u013en\u00fd z\u00e1\u017eitok. T\u00e1to chu\u0165 je ide\u00e1lna pre vap\u00e9rov, ktor\u00ed h\u013eadaj\u00fa chutn\u00fa a svie\u017eu pr\u00edchu\u0165.<\/p>\n<h3 data-start=\"3042\" data-end=\"3092\" data-immersive-translate-walked=\"e80e384f-ec5a-40fc-a811-43ab023cddbe\">V\u00fdhody Bang King Smart Screen 15000 Puff<\/h3>\n<p class=\"\" data-start=\"3094\" data-end=\"3217\" data-immersive-translate-walked=\"e80e384f-ec5a-40fc-a811-43ab023cddbe\" data-immersive-translate-paragraph=\"1\">Bang King Smart Screen 15000 Puff pon\u00faka rad v\u00fdhod, ktor\u00e9 ho robia atrakt\u00edvnou vo\u013ebou pre vap\u00e9rov:<\/p>\n<ul data-start=\"3219\" data-end=\"4097\" data-immersive-translate-walked=\"e80e384f-ec5a-40fc-a811-43ab023cddbe\">\n<li class=\"\" data-start=\"3219\" data-end=\"3457\" data-immersive-translate-walked=\"e80e384f-ec5a-40fc-a811-43ab023cddbe\">\n<p class=\"\" data-start=\"3221\" data-end=\"3457\" data-immersive-translate-walked=\"e80e384f-ec5a-40fc-a811-43ab023cddbe\" data-immersive-translate-paragraph=\"1\">Dlh\u00e1 \u017eivotnos\u0165: S p\u00f4sobiv\u00fdm po\u010dtom puffov 15000 je toto jednorazov\u00e9 vapovacie zariadenie navrhnut\u00e9 na dlhodob\u00e9 pou\u017e\u00edvanie. Tak\u017ee si ho m\u00f4\u017eu vap\u00e9ri vychutn\u00e1va\u0165 dlh\u0161\u00ed \u010das bez nutnosti neust\u00e1leho v\u00fdmeny.<\/p>\n<\/li>\n<li class=\"\" data-start=\"3459\" data-end=\"3635\" data-immersive-translate-walked=\"e80e384f-ec5a-40fc-a811-43ab023cddbe\">\n<p class=\"\" data-start=\"3461\" data-end=\"3635\" data-immersive-translate-walked=\"e80e384f-ec5a-40fc-a811-43ab023cddbe\" data-immersive-translate-paragraph=\"1\">Doprava bez dane: Doprava zariadenia je bez dane, tak\u017ee sa nemus\u00edte ob\u00e1va\u0165 dodato\u010dn\u00fdch n\u00e1kladov. To rob\u00ed n\u00e1kup e\u0161te atrakt\u00edvnej\u0161\u00edm.<\/p>\n<\/li>\n<li class=\"\" data-start=\"3637\" data-end=\"3860\" data-immersive-translate-walked=\"e80e384f-ec5a-40fc-a811-43ab023cddbe\">\n<p class=\"\" data-start=\"3639\" data-end=\"3860\" data-immersive-translate-walked=\"e80e384f-ec5a-40fc-a811-43ab023cddbe\" data-immersive-translate-paragraph=\"1\">Jednoduch\u00e9 ovl\u00e1danie: Zariadenie je vhodn\u00e9 pre za\u010diato\u010dn\u00edkov aj sk\u00fasen\u00fdch vap\u00e9rov. V\u010faka pou\u017e\u00edvate\u013esky pr\u00edvetiv\u00fdm funkci\u00e1m a LED displeju je obsluha zariadenia jednoduch\u00e1 a pohodln\u00e1.<\/p>\n<\/li>\n<li class=\"\" data-start=\"3862\" data-end=\"4097\" data-immersive-translate-walked=\"e80e384f-ec5a-40fc-a811-43ab023cddbe\">\n<p class=\"\" data-start=\"3864\" data-end=\"4097\" data-immersive-translate-walked=\"e80e384f-ec5a-40fc-a811-43ab023cddbe\" data-immersive-translate-paragraph=\"1\">Vysokokvalitn\u00e1 v\u00fdroba: Bang King Smart Screen 15000 Puff je vyroben\u00e9 z kvalitn\u00fdch materi\u00e1lov, ktor\u00e9 zabezpe\u010duj\u00fa dlh\u00fa \u017eivotnos\u0165 a pr\u00edjemn\u00fd pocit na dotyk. Spracovanie zabezpe\u010duje vynikaj\u00faci z\u00e1\u017eitok z vapovania.<\/p>\n<\/li>\n<\/ul>\n<h4 data-start=\"4099\" data-end=\"4124\" data-immersive-translate-walked=\"e80e384f-ec5a-40fc-a811-43ab023cddbe\">Doru\u010denie a dodanie<\/h4>\n<p class=\"\" data-start=\"4126\" data-end=\"4354\" data-immersive-translate-walked=\"e80e384f-ec5a-40fc-a811-43ab023cddbe\" data-immersive-translate-paragraph=\"1\">Doprava zariadenia Bang King Smart Screen 15000 Puff trv\u00e1 od 7 do 15 pracovn\u00fdch dn\u00ed. Tento r\u00fdchly sp\u00f4sob doru\u010denia zabezpe\u010duje, \u017ee svoje zariadenie r\u00fdchlo dostanete do r\u00fak a m\u00f4\u017eete okam\u017eite za\u010da\u0165 vapova\u0165.<\/p>\n<h4 data-start=\"4356\" data-end=\"4431\" data-immersive-translate-walked=\"e80e384f-ec5a-40fc-a811-43ab023cddbe\">Bang King Smart Screen 15000 Puff pre n\u00e1ro\u010dn\u00fdch vap\u00e9rov<\/h4>\n<p class=\"\" data-start=\"4433\" data-end=\"4879\" data-immersive-translate-walked=\"e80e384f-ec5a-40fc-a811-43ab023cddbe\" data-immersive-translate-paragraph=\"1\">Bang King Smart Screen 15000 Puff je vynikaj\u00facou vo\u013ebou pre vapery, ktor\u00ed h\u013eadaj\u00fa v\u00fdkonn\u00fd, odoln\u00fd a \u013eahko ovl\u00e1date\u013en\u00fd pr\u00edstroj. S jeho vysokou kapacitou, r\u00f4znymi mo\u017enos\u0165ami nikot\u00ednu a svie\u017eou pr\u00edchu\u0165ou Berry Blast pon\u00faka tento pr\u00edstroj v\u0161etko, \u010do si m\u00f4\u017eete pria\u0165 od jednorazov\u00e9ho vapovacieho zariadenia. Nav\u0161t\u00edvte <em data-start=\"4808\" data-end=\"4822\" data-immersive-translate-walked=\"e80e384f-ec5a-40fc-a811-43ab023cddbe\">vapingnet.de<\/em>, aby ste sa dozvedeli viac a objednali si vlastn\u00e9 zariadenie.<\/p>","protected":false},"excerpt":{"rendered":"<p>Bang King Smart Screen 15000 Puff: Das ultimative Vaping-Erlebnis Der Bang King Smart Screen 15000 Puff ist ein innovatives Einweg-Vape-Ger\u00e4t, das eine lange Lebensdauer, beeindruckende&#8230;<\/p>","protected":false},"featured_media":6274,"template":"","meta":[],"etheme_brands":[],"product_brand":[101],"product_cat":[53,49,61],"product_tag":[],"class_list":{"0":"post-6263","1":"product","2":"type-product","3":"status-publish","4":"has-post-thumbnail","6":"product_brand-bang-king-vape","7":"product_cat-vape-15000-zuege","8":"product_cat-einweg-e-zigarette","9":"product_cat-f","11":"first","12":"instock","13":"shipping-taxable","14":"purchasable","15":"product-type-simple"},"yoast_head":"<!-- This site is optimized with the Yoast SEO plugin v26.5 - https:\/\/yoast.com\/wordpress\/plugins\/seo\/ -->\n<title>Top Geschmack Bang King Smart Screen 15000 Puff Berry Blast direkt vom Hersteller | Vapingnet.de<\/title>\n<meta name=\"description\" content=\"Entdecke Top Geschmack Bang King Smart Screen 15000 Puff Berry Blast direkt vom Hersteller bei vapingnet.de, \u25ba Gro\u00dfe Auswahl an Geschmacksrichtungen &amp; super g\u00fcnstig!\" \/>\n<meta name=\"robots\" content=\"index, follow, max-snippet:-1, max-image-preview:large, max-video-preview:-1\" \/>\n<link rel=\"canonical\" href=\"https:\/\/vapingnet.de\/sk\/vape\/top-geschmack-bang-king-smart-screen-15000-puff-berry-blast-direkt-vom-hersteller\/\" \/>\n<meta property=\"og:locale\" content=\"sk_SK\" \/>\n<meta property=\"og:type\" content=\"article\" \/>\n<meta property=\"og:title\" content=\"Top Geschmack Bang King Smart Screen 15000 Puff Berry Blast direkt vom Hersteller | Vapingnet.de\" \/>\n<meta property=\"og:description\" content=\"Entdecke Top Geschmack Bang King Smart Screen 15000 Puff Berry Blast direkt vom Hersteller bei vapingnet.de, \u25ba Gro\u00dfe Auswahl an Geschmacksrichtungen &amp; super g\u00fcnstig!\" \/>\n<meta property=\"og:url\" content=\"https:\/\/vapingnet.de\/sk\/vape\/top-geschmack-bang-king-smart-screen-15000-puff-berry-blast-direkt-vom-hersteller\/\" \/>\n<meta property=\"og:site_name\" content=\"Vapingnet.de\" \/>\n<meta property=\"article:publisher\" content=\"https:\/\/www.facebook.com\/vapingnetde\/\" \/>\n<meta property=\"article:modified_time\" content=\"2025-06-19T03:39:55+00:00\" \/>\n<meta property=\"og:image\" content=\"https:\/\/vapingnet.de\/wp-content\/uploads\/2025\/04\/Berry-Blast.png\" \/>\n\t<meta property=\"og:image:width\" content=\"1000\" \/>\n\t<meta property=\"og:image:height\" content=\"1000\" \/>\n\t<meta property=\"og:image:type\" content=\"image\/png\" \/>\n<meta name=\"twitter:card\" content=\"summary_large_image\" \/>\n<meta name=\"twitter:label1\" content=\"Est. reading time\" \/>\n\t<meta name=\"twitter:data1\" content=\"4 minutes\" \/>\n<script type=\"application\/ld+json\" class=\"yoast-schema-graph\">{\"@context\":\"https:\/\/schema.org\",\"@graph\":[{\"@type\":\"WebPage\",\"@id\":\"https:\/\/vapingnet.de\/vape\/top-geschmack-bang-king-smart-screen-15000-puff-berry-blast-direkt-vom-hersteller\/\",\"url\":\"https:\/\/vapingnet.de\/vape\/top-geschmack-bang-king-smart-screen-15000-puff-berry-blast-direkt-vom-hersteller\/\",\"name\":\"Top Geschmack Bang King Smart Screen 15000 Puff Berry Blast direkt vom Hersteller | Vapingnet.de\",\"isPartOf\":{\"@id\":\"https:\/\/vapingnet.de\/#website\"},\"primaryImageOfPage\":{\"@id\":\"https:\/\/vapingnet.de\/vape\/top-geschmack-bang-king-smart-screen-15000-puff-berry-blast-direkt-vom-hersteller\/#primaryimage\"},\"image\":{\"@id\":\"https:\/\/vapingnet.de\/vape\/top-geschmack-bang-king-smart-screen-15000-puff-berry-blast-direkt-vom-hersteller\/#primaryimage\"},\"thumbnailUrl\":\"https:\/\/vapingnet.de\/wp-content\/uploads\/2025\/04\/Berry-Blast.png\",\"datePublished\":\"2025-04-11T07:13:12+00:00\",\"dateModified\":\"2025-06-19T03:39:55+00:00\",\"description\":\"Entdecke Top Geschmack Bang King Smart Screen 15000 Puff Berry Blast direkt vom Hersteller bei vapingnet.de, \u25ba Gro\u00dfe Auswahl an Geschmacksrichtungen & super g\u00fcnstig!\",\"breadcrumb\":{\"@id\":\"https:\/\/vapingnet.de\/vape\/top-geschmack-bang-king-smart-screen-15000-puff-berry-blast-direkt-vom-hersteller\/#breadcrumb\"},\"inLanguage\":\"sk-SK\",\"potentialAction\":[{\"@type\":\"ReadAction\",\"target\":[\"https:\/\/vapingnet.de\/vape\/top-geschmack-bang-king-smart-screen-15000-puff-berry-blast-direkt-vom-hersteller\/\"]}]},{\"@type\":\"ImageObject\",\"inLanguage\":\"sk-SK\",\"@id\":\"https:\/\/vapingnet.de\/vape\/top-geschmack-bang-king-smart-screen-15000-puff-berry-blast-direkt-vom-hersteller\/#primaryimage\",\"url\":\"https:\/\/vapingnet.de\/wp-content\/uploads\/2025\/04\/Berry-Blast.png\",\"contentUrl\":\"https:\/\/vapingnet.de\/wp-content\/uploads\/2025\/04\/Berry-Blast.png\",\"width\":1000,\"height\":1000},{\"@type\":\"BreadcrumbList\",\"@id\":\"https:\/\/vapingnet.de\/vape\/top-geschmack-bang-king-smart-screen-15000-puff-berry-blast-direkt-vom-hersteller\/#breadcrumb\",\"itemListElement\":[{\"@type\":\"ListItem\",\"position\":1,\"name\":\"Home\",\"item\":\"https:\/\/vapingnet.de\/\"},{\"@type\":\"ListItem\",\"position\":2,\"name\":\"Shop\",\"item\":\"https:\/\/vapingnet.de\/vape\/\"},{\"@type\":\"ListItem\",\"position\":3,\"name\":\"Top Geschmack Bang King Smart Screen 15000 Puff Berry Blast direkt vom Hersteller\"}]},{\"@type\":\"WebSite\",\"@id\":\"https:\/\/vapingnet.de\/#website\",\"url\":\"https:\/\/vapingnet.de\/\",\"name\":\"Vapingnet.de\",\"description\":\"\",\"publisher\":{\"@id\":\"https:\/\/vapingnet.de\/#organization\"},\"potentialAction\":[{\"@type\":\"SearchAction\",\"target\":{\"@type\":\"EntryPoint\",\"urlTemplate\":\"https:\/\/vapingnet.de\/?s={search_term_string}\"},\"query-input\":{\"@type\":\"PropertyValueSpecification\",\"valueRequired\":true,\"valueName\":\"search_term_string\"}}],\"inLanguage\":\"sk-SK\"},{\"@type\":\"Organization\",\"@id\":\"https:\/\/vapingnet.de\/#organization\",\"name\":\"Vapingnet.de\",\"url\":\"https:\/\/vapingnet.de\/\",\"logo\":{\"@type\":\"ImageObject\",\"inLanguage\":\"sk-SK\",\"@id\":\"https:\/\/vapingnet.de\/#\/schema\/logo\/image\/\",\"url\":\"https:\/\/vapingnet.de\/wp-content\/uploads\/2025\/03\/cropped-vapingnet.de_.jpg\",\"contentUrl\":\"https:\/\/vapingnet.de\/wp-content\/uploads\/2025\/03\/cropped-vapingnet.de_.jpg\",\"width\":512,\"height\":512,\"caption\":\"Vapingnet.de\"},\"image\":{\"@id\":\"https:\/\/vapingnet.de\/#\/schema\/logo\/image\/\"},\"sameAs\":[\"https:\/\/www.facebook.com\/vapingnetde\/\"]}]}<\/script>\n<!-- \/ Yoast SEO plugin. -->","yoast_head_json":{"title":"Top Geschmack Bang King Smart Screen 15000 Puff Berry Blast direkt vom Hersteller | Vapingnet.de","description":"Entdecke Top Geschmack Bang King Smart Screen 15000 Puff Berry Blast direkt vom Hersteller bei vapingnet.de, \u25ba Gro\u00dfe Auswahl an Geschmacksrichtungen & super g\u00fcnstig!","robots":{"index":"index","follow":"follow","max-snippet":"max-snippet:-1","max-image-preview":"max-image-preview:large","max-video-preview":"max-video-preview:-1"},"canonical":"https:\/\/vapingnet.de\/sk\/vape\/top-geschmack-bang-king-smart-screen-15000-puff-berry-blast-direkt-vom-hersteller\/","og_locale":"sk_SK","og_type":"article","og_title":"Top Geschmack Bang King Smart Screen 15000 Puff Berry Blast direkt vom Hersteller | Vapingnet.de","og_description":"Entdecke Top Geschmack Bang King Smart Screen 15000 Puff Berry Blast direkt vom Hersteller bei vapingnet.de, \u25ba Gro\u00dfe Auswahl an Geschmacksrichtungen & super g\u00fcnstig!","og_url":"https:\/\/vapingnet.de\/sk\/vape\/top-geschmack-bang-king-smart-screen-15000-puff-berry-blast-direkt-vom-hersteller\/","og_site_name":"Vapingnet.de","article_publisher":"https:\/\/www.facebook.com\/vapingnetde\/","article_modified_time":"2025-06-19T03:39:55+00:00","og_image":[{"width":1000,"height":1000,"url":"https:\/\/vapingnet.de\/wp-content\/uploads\/2025\/04\/Berry-Blast.png","type":"image\/png"}],"twitter_card":"summary_large_image","twitter_misc":{"Est. reading time":"4 minutes"},"schema":{"@context":"https:\/\/schema.org","@graph":[{"@type":"WebPage","@id":"https:\/\/vapingnet.de\/vape\/top-geschmack-bang-king-smart-screen-15000-puff-berry-blast-direkt-vom-hersteller\/","url":"https:\/\/vapingnet.de\/vape\/top-geschmack-bang-king-smart-screen-15000-puff-berry-blast-direkt-vom-hersteller\/","name":"Top Geschmack Bang King Smart Screen 15000 Puff Berry Blast direkt vom Hersteller | Vapingnet.de","isPartOf":{"@id":"https:\/\/vapingnet.de\/#website"},"primaryImageOfPage":{"@id":"https:\/\/vapingnet.de\/vape\/top-geschmack-bang-king-smart-screen-15000-puff-berry-blast-direkt-vom-hersteller\/#primaryimage"},"image":{"@id":"https:\/\/vapingnet.de\/vape\/top-geschmack-bang-king-smart-screen-15000-puff-berry-blast-direkt-vom-hersteller\/#primaryimage"},"thumbnailUrl":"https:\/\/vapingnet.de\/wp-content\/uploads\/2025\/04\/Berry-Blast.png","datePublished":"2025-04-11T07:13:12+00:00","dateModified":"2025-06-19T03:39:55+00:00","description":"Entdecke Top Geschmack Bang King Smart Screen 15000 Puff Berry Blast direkt vom Hersteller bei vapingnet.de, \u25ba Gro\u00dfe Auswahl an Geschmacksrichtungen & super g\u00fcnstig!","breadcrumb":{"@id":"https:\/\/vapingnet.de\/vape\/top-geschmack-bang-king-smart-screen-15000-puff-berry-blast-direkt-vom-hersteller\/#breadcrumb"},"inLanguage":"sk-SK","potentialAction":[{"@type":"ReadAction","target":["https:\/\/vapingnet.de\/vape\/top-geschmack-bang-king-smart-screen-15000-puff-berry-blast-direkt-vom-hersteller\/"]}]},{"@type":"ImageObject","inLanguage":"sk-SK","@id":"https:\/\/vapingnet.de\/vape\/top-geschmack-bang-king-smart-screen-15000-puff-berry-blast-direkt-vom-hersteller\/#primaryimage","url":"https:\/\/vapingnet.de\/wp-content\/uploads\/2025\/04\/Berry-Blast.png","contentUrl":"https:\/\/vapingnet.de\/wp-content\/uploads\/2025\/04\/Berry-Blast.png","width":1000,"height":1000},{"@type":"BreadcrumbList","@id":"https:\/\/vapingnet.de\/vape\/top-geschmack-bang-king-smart-screen-15000-puff-berry-blast-direkt-vom-hersteller\/#breadcrumb","itemListElement":[{"@type":"ListItem","position":1,"name":"Home","item":"https:\/\/vapingnet.de\/"},{"@type":"ListItem","position":2,"name":"Shop","item":"https:\/\/vapingnet.de\/vape\/"},{"@type":"ListItem","position":3,"name":"Top Geschmack Bang King Smart Screen 15000 Puff Berry Blast direkt vom Hersteller"}]},{"@type":"WebSite","@id":"https:\/\/vapingnet.de\/#website","url":"https:\/\/vapingnet.de\/","name":"Vapingnet.de","description":"","publisher":{"@id":"https:\/\/vapingnet.de\/#organization"},"potentialAction":[{"@type":"SearchAction","target":{"@type":"EntryPoint","urlTemplate":"https:\/\/vapingnet.de\/?s={search_term_string}"},"query-input":{"@type":"PropertyValueSpecification","valueRequired":true,"valueName":"search_term_string"}}],"inLanguage":"sk-SK"},{"@type":"Organization","@id":"https:\/\/vapingnet.de\/#organization","name":"Vapingnet.de","url":"https:\/\/vapingnet.de\/","logo":{"@type":"ImageObject","inLanguage":"sk-SK","@id":"https:\/\/vapingnet.de\/#\/schema\/logo\/image\/","url":"https:\/\/vapingnet.de\/wp-content\/uploads\/2025\/03\/cropped-vapingnet.de_.jpg","contentUrl":"https:\/\/vapingnet.de\/wp-content\/uploads\/2025\/03\/cropped-vapingnet.de_.jpg","width":512,"height":512,"caption":"Vapingnet.de"},"image":{"@id":"https:\/\/vapingnet.de\/#\/schema\/logo\/image\/"},"sameAs":["https:\/\/www.facebook.com\/vapingnetde\/"]}]}},"tiered_pricing_type":"fixed","tiered_pricing_fixed_rules":{"10":"8.35","60":"7.52","110":"6.68","200":"5.85"},"tiered_pricing_product_settings":{"layout":"default","base_unit_name":{"singular":null,"plural":null},"default_variation":null},"tiered_pricing_minimum_quantity":null,"tiered_pricing_roles_data":[],"tiered_pricing_percentage_rules":[],"_links":{"self":[{"href":"https:\/\/vapingnet.de\/sk\/wp-json\/wp\/v2\/product\/6263","targetHints":{"allow":["GET"]}}],"collection":[{"href":"https:\/\/vapingnet.de\/sk\/wp-json\/wp\/v2\/product"}],"about":[{"href":"https:\/\/vapingnet.de\/sk\/wp-json\/wp\/v2\/types\/product"}],"version-history":[{"count":1,"href":"https:\/\/vapingnet.de\/sk\/wp-json\/wp\/v2\/product\/6263\/revisions"}],"predecessor-version":[{"id":6269,"href":"https:\/\/vapingnet.de\/sk\/wp-json\/wp\/v2\/product\/6263\/revisions\/6269"}],"wp:featuredmedia":[{"embeddable":true,"href":"https:\/\/vapingnet.de\/sk\/wp-json\/wp\/v2\/media\/6274"}],"wp:attachment":[{"href":"https:\/\/vapingnet.de\/sk\/wp-json\/wp\/v2\/media?parent=6263"}],"wp:term":[{"taxonomy":"brand","embeddable":true,"href":"https:\/\/vapingnet.de\/sk\/wp-json\/wp\/v2\/etheme_brands?post=6263"},{"taxonomy":"product_brand","embeddable":true,"href":"https:\/\/vapingnet.de\/sk\/wp-json\/wp\/v2\/product_brand?post=6263"},{"taxonomy":"product_cat","embeddable":true,"href":"https:\/\/vapingnet.de\/sk\/wp-json\/wp\/v2\/product_cat?post=6263"},{"taxonomy":"product_tag","embeddable":true,"href":"https:\/\/vapingnet.de\/sk\/wp-json\/wp\/v2\/product_tag?post=6263"}],"curies":[{"name":"wp","href":"https:\/\/api.w.org\/{rel}","templated":true}]}}