{"id":6265,"date":"2025-04-11T07:13:16","date_gmt":"2025-04-11T07:13:16","guid":{"rendered":"https:\/\/vapingnet.de\/?post_type=product&#038;p=6265"},"modified":"2025-06-19T03:39:54","modified_gmt":"2025-06-19T03:39:54","slug":"weltweit-beliebt-bang-king-smart-screen-15000-puff-mit-strawberry-watermelon-wholesale-preis","status":"publish","type":"product","link":"https:\/\/vapingnet.de\/sk\/vape\/weltweit-beliebt-bang-king-smart-screen-15000-puff-mit-strawberry-watermelon-wholesale-preis\/","title":{"rendered":"Celosvetovo ob\u013e\u00faben\u00e9 Bang King Smart Screen 15000 Puff s jahodou a vodn\u00fdm mel\u00f3nom ve\u013ekoobchodn\u00e1 cena"},"content":{"rendered":"<h2 data-start=\"0\" data-end=\"68\" data-immersive-translate-walked=\"4c2d9c40-b75a-4665-9f09-a77bdc8dae8b\">Bang King Smart Screen 15000 Puf: Perfektn\u00e1 vo\u013eba pre vapery<\/h2>\n<p class=\"\" data-start=\"70\" data-end=\"407\" data-immersive-translate-walked=\"4c2d9c40-b75a-4665-9f09-a77bdc8dae8b\" data-immersive-translate-paragraph=\"1\">Bang King Smart Screen 15000 Puf je v\u00fdnimo\u010dn\u00e1 jednorazov\u00e1 e-cigareta, ktor\u00e1 sa vyzna\u010duje v\u00fdkonom, jednoduchos\u0165ou pou\u017eitia a chu\u0165ou. S najmodernej\u0161ou technol\u00f3giou a jedine\u010dn\u00fdm dizajnom pon\u00faka v\u0161etko, \u010do vapery h\u013eadaj\u00fa \u2013 od dlhej v\u00fddr\u017ee po intenz\u00edvny z\u00e1\u017eitok z vapovania.<\/p>\n<h4 data-start=\"409\" data-end=\"442\" data-immersive-translate-walked=\"4c2d9c40-b75a-4665-9f09-a77bdc8dae8b\">Podrobnosti o vlastnostiach produktu<\/h4>\n<p class=\"\" data-start=\"444\" data-end=\"812\" data-immersive-translate-walked=\"4c2d9c40-b75a-4665-9f09-a77bdc8dae8b\" data-immersive-translate-paragraph=\"1\">Mesh Cievka (1.0 Ohm):<br data-start=\"468\" data-end=\"471\" data-immersive-translate-walked=\"4c2d9c40-b75a-4665-9f09-a77bdc8dae8b\" \/>T\u00e1to e-cigareta je vybaven\u00e1 mesh cievkou, ktor\u00e1 zabezpe\u010duje rovnomern\u00e9 odparovanie a intenz\u00edvnej\u0161\u00ed chu\u0165ov\u00fd z\u00e1\u017eitok. Mesh technol\u00f3gia umo\u017e\u0148uje lep\u0161iu cirkul\u00e1ciu vzduchu a rovnomern\u00e9 odparovanie e-liquidu, \u010do vedie k lep\u0161ej chuti a dlh\u0161ej \u017eivotnosti produktu.<\/p>\n<p class=\"\" data-start=\"814\" data-end=\"1100\" data-immersive-translate-walked=\"4c2d9c40-b75a-4665-9f09-a77bdc8dae8b\" data-immersive-translate-paragraph=\"1\">Kapacita bat\u00e9rie (650mAh):<br data-start=\"845\" data-end=\"848\" data-immersive-translate-walked=\"4c2d9c40-b75a-4665-9f09-a77bdc8dae8b\" \/>S bat\u00e9riou 650mAh pon\u00faka Bang King Smart Screen 15000 Puf dlh\u00fa dobu vapovania. Bat\u00e9ria zabezpe\u010duje, \u017ee e-cigareta m\u00f4\u017ee by\u0165 pou\u017e\u00edvan\u00e1 dlh\u0161\u00ed \u010das bez nutnosti dob\u00edjania.<\/p>\n<p class=\"\" data-start=\"1102\" data-end=\"1347\" data-immersive-translate-walked=\"4c2d9c40-b75a-4665-9f09-a77bdc8dae8b\" data-immersive-translate-paragraph=\"1\">Kapacita e-liquidu (25ml):<br data-start=\"1132\" data-end=\"1135\" data-immersive-translate-walked=\"4c2d9c40-b75a-4665-9f09-a77bdc8dae8b\" \/>S ve\u013ekorysou kapacitou 25ml e-liquidu sa nemus\u00edte ob\u00e1va\u0165 \u010dast\u00e9ho dop\u013a\u0148ania. T\u00e1to e-cigareta pon\u00faka dlh\u00fa dobu vapovania a umo\u017e\u0148uje v\u00e1m ju u\u017e\u00edva\u0165 bez preru\u0161enia.<\/p>\n<h4 data-start=\"1349\" data-end=\"1401\" data-immersive-translate-walked=\"4c2d9c40-b75a-4665-9f09-a77bdc8dae8b\">R\u00f4zne nikot\u00ednov\u00e9 koncentr\u00e1cie pre ka\u017ed\u00fa preferenciu<\/h4>\n<p class=\"\" data-start=\"1403\" data-end=\"1548\" data-immersive-translate-walked=\"4c2d9c40-b75a-4665-9f09-a77bdc8dae8b\" data-immersive-translate-paragraph=\"1\">Bang King Smart Screen 15000 Puf je dostupn\u00e1 v r\u00f4znych nikot\u00ednov\u00fdch koncentr\u00e1ci\u00e1ch, tak\u017ee si m\u00f4\u017eete n\u00e1js\u0165 t\u00fa spr\u00e1vnu pre v\u00e1s:<\/p>\n<ul data-start=\"1550\" data-end=\"1723\" data-immersive-translate-walked=\"4c2d9c40-b75a-4665-9f09-a77bdc8dae8b\">\n<li class=\"\" data-start=\"1550\" data-end=\"1635\" data-immersive-translate-walked=\"4c2d9c40-b75a-4665-9f09-a77bdc8dae8b\">\n<p class=\"\" data-start=\"1552\" data-end=\"1635\" data-immersive-translate-walked=\"4c2d9c40-b75a-4665-9f09-a77bdc8dae8b\" data-immersive-translate-paragraph=\"1\">0% Nikot\u00edn: Ide\u00e1lny pre vapery, ktor\u00ed si chc\u00fa vychutna\u0165 chu\u0165 bez nikot\u00ednu.<\/p>\n<\/li>\n<li class=\"\" data-start=\"1636\" data-end=\"1723\" data-immersive-translate-walked=\"4c2d9c40-b75a-4665-9f09-a77bdc8dae8b\">\n<p class=\"\" data-start=\"1638\" data-end=\"1723\" data-immersive-translate-walked=\"4c2d9c40-b75a-4665-9f09-a77bdc8dae8b\" data-immersive-translate-paragraph=\"1\">2%, 3% a 5% nikot\u00edn: Pre t\u00fdch, ktor\u00ed h\u013eadaj\u00fa silnej\u0161\u00ed nikot\u00ednov\u00fd z\u00e1\u017eitok.<\/p>\n<\/li>\n<\/ul>\n<h4 data-start=\"1725\" data-end=\"1772\" data-immersive-translate-walked=\"4c2d9c40-b75a-4665-9f09-a77bdc8dae8b\">LED displej a USB Typ-C nab\u00edjac\u00ed port<\/h4>\n<p class=\"\" data-start=\"1774\" data-end=\"2052\" data-immersive-translate-walked=\"4c2d9c40-b75a-4665-9f09-a77bdc8dae8b\" data-immersive-translate-paragraph=\"1\">Bang King Smart Screen 15000 Puf je vybaven\u00e1 praktick\u00fdm LED displejom, ktor\u00fd zobrazuje stav bat\u00e9rie a hladinu e-liquidu. Okrem toho m\u00e1 modern\u00fd nab\u00edjac\u00ed port typu C, ktor\u00fd umo\u017e\u0148uje r\u00fdchle a jednoduch\u00e9 nab\u00edjanie.<\/p>\n<h4 data-start=\"2054\" data-end=\"2105\" data-immersive-translate-walked=\"4c2d9c40-b75a-4665-9f09-a77bdc8dae8b\">Chutn\u00fd z\u00e1\u017eitok: Jahoda Mel\u00f3n<\/h4>\n<p class=\"\" data-start=\"2107\" data-end=\"2321\" data-immersive-translate-walked=\"4c2d9c40-b75a-4665-9f09-a77bdc8dae8b\" data-immersive-translate-paragraph=\"1\">Chu\u0165 Jahoda Mel\u00f3n tejto e-nej cigarety kombinuje sladk\u00e9 jahody s \u0161\u0165avnat\u00fdm mel\u00f3nom. T\u00e1to ovocn\u00e1 zmes poskytuje osvie\u017euj\u00faci z\u00e1\u017eitok z vapovania, ktor\u00fd v\u00e1s bude sprev\u00e1dza\u0165 cel\u00fd de\u0148.<\/p>\n<h3>V\u00fdhody Bang King Smart Screen 15000 Puf<\/h3>\n<ul data-start=\"2379\" data-end=\"2858\" data-immersive-translate-walked=\"4c2d9c40-b75a-4665-9f09-a77bdc8dae8b\">\n<li class=\"\" data-start=\"2379\" data-end=\"2471\" data-immersive-translate-walked=\"4c2d9c40-b75a-4665-9f09-a77bdc8dae8b\">\n<p class=\"\" data-start=\"2381\" data-end=\"2471\" data-immersive-translate-walked=\"4c2d9c40-b75a-4665-9f09-a77bdc8dae8b\" data-immersive-translate-paragraph=\"1\">Dlh\u00e1 doba vapovania v\u010faka ve\u013ekej kapacite e-liquidu a v\u00fdkonn\u00e9mu bat\u00e9rii.<\/p>\n<\/li>\n<li class=\"\" data-start=\"2472\" data-end=\"2579\" data-immersive-translate-walked=\"4c2d9c40-b75a-4665-9f09-a77bdc8dae8b\">\n<p class=\"\" data-start=\"2474\" data-end=\"2579\" data-immersive-translate-walked=\"4c2d9c40-b75a-4665-9f09-a77bdc8dae8b\" data-immersive-translate-paragraph=\"1\">R\u00f4zne nikot\u00ednov\u00e9 koncentr\u00e1cie (0%, 2%, 3%, 5%), aby vyhovovali va\u0161im individu\u00e1lnym potreb\u00e1m.<\/p>\n<\/li>\n<li class=\"\" data-start=\"2580\" data-end=\"2643\" data-immersive-translate-walked=\"4c2d9c40-b75a-4665-9f09-a77bdc8dae8b\">\n<p class=\"\" data-start=\"2582\" data-end=\"2643\" data-immersive-translate-walked=\"4c2d9c40-b75a-4665-9f09-a77bdc8dae8b\" data-immersive-translate-paragraph=\"1\">LED displej na zobrazenie \u00farovne e-liquidu a bat\u00e9rie.<\/p>\n<\/li>\n<li class=\"\" data-start=\"2644\" data-end=\"2701\" data-immersive-translate-walked=\"4c2d9c40-b75a-4665-9f09-a77bdc8dae8b\">\n<p class=\"\" data-start=\"2646\" data-end=\"2701\" data-immersive-translate-walked=\"4c2d9c40-b75a-4665-9f09-a77bdc8dae8b\" data-immersive-translate-paragraph=\"1\">R\u00fdchle nab\u00edjanie s nab\u00edjac\u00edm portom typu C.<\/p>\n<\/li>\n<li class=\"\" data-start=\"2702\" data-end=\"2762\" data-immersive-translate-walked=\"4c2d9c40-b75a-4665-9f09-a77bdc8dae8b\">\n<p class=\"\" data-start=\"2704\" data-end=\"2762\" data-immersive-translate-walked=\"4c2d9c40-b75a-4665-9f09-a77bdc8dae8b\" data-immersive-translate-paragraph=\"1\">Osvie\u017eaj\u00faca chu\u0165 jahodovo-mel\u00f3nov\u00e1.<\/p>\n<\/li>\n<li class=\"\" data-start=\"2763\" data-end=\"2858\" data-immersive-translate-walked=\"4c2d9c40-b75a-4665-9f09-a77bdc8dae8b\">\n<p class=\"\" data-start=\"2765\" data-end=\"2858\" data-immersive-translate-walked=\"4c2d9c40-b75a-4665-9f09-a77bdc8dae8b\" data-immersive-translate-paragraph=\"1\">Doprava bez cla a doru\u010denie do 7-15 pracovn\u00fdch dn\u00ed na vapingnet.de.<\/p>\n<\/li>\n<\/ul>\n<h4 data-start=\"2860\" data-end=\"2942\" data-immersive-translate-walked=\"4c2d9c40-b75a-4665-9f09-a77bdc8dae8b\">Bang King Smart Screen 15000 potov pre dokonal\u00fd z\u00e1\u017eitok z vapovania<\/h4>\n<p class=\"\" data-start=\"2944\" data-end=\"3369\" data-immersive-translate-walked=\"4c2d9c40-b75a-4665-9f09-a77bdc8dae8b\" data-immersive-translate-paragraph=\"1\">Bang King Smart Screen 15000 potov je ide\u00e1lnou vo\u013ebou pre vap\u00e9rov, ktor\u00ed h\u013eadaj\u00fa dlhodob\u00fa, pou\u017e\u00edvate\u013esky pr\u00edvetiv\u00fa a chu\u0165ovo vynikaj\u00facu e-cigaretu. S ve\u013ekou kapacitou e-liquidu, v\u00fdkonnou bat\u00e9riou a lahodnou chu\u0165ou pon\u00faka v\u0161etko, \u010do potrebujete pre prvotriedny z\u00e1\u017eitok z vapovania. Objednajte e\u0161te dnes na vapingnet.de a vychutnajte si vapovanie naplno!<\/p>","protected":false},"excerpt":{"rendered":"<p>Bang King Smart Screen 15000 Puff: Die perfekte Wahl f\u00fcr Dampfer Die Bang King Smart Screen 15000 Puff ist eine au\u00dfergew\u00f6hnliche Einweg-E-Zigarette, die sich durch&#8230;<\/p>","protected":false},"featured_media":6857,"template":"","meta":[],"etheme_brands":[],"product_brand":[101],"product_cat":[53,49,61],"product_tag":[],"class_list":{"0":"post-6265","1":"product","2":"type-product","3":"status-publish","4":"has-post-thumbnail","6":"product_brand-bang-king-vape","7":"product_cat-vape-15000-zuege","8":"product_cat-einweg-e-zigarette","9":"product_cat-f","11":"first","12":"instock","13":"shipping-taxable","14":"purchasable","15":"product-type-simple"},"yoast_head":"<!-- This site is optimized with the Yoast SEO plugin v26.5 - https:\/\/yoast.com\/wordpress\/plugins\/seo\/ -->\n<title>Weltweit Beliebt Bang King Smart Screen 15000 Puff Mit Strawberry Watermelon Wholesale Preis | Vapingnet.de<\/title>\n<meta name=\"description\" content=\"Entdecke Weltweit Beliebt Bang King Smart Screen 15000 Puff Mit Strawberry Watermelon Wholesale Preis bei vapingnet.de, \u25ba Gro\u00dfe Auswahl an Geschmacksrichtungen &amp; super g\u00fcnstig!\" \/>\n<meta name=\"robots\" content=\"index, follow, max-snippet:-1, max-image-preview:large, max-video-preview:-1\" \/>\n<link rel=\"canonical\" href=\"https:\/\/vapingnet.de\/sk\/vape\/weltweit-beliebt-bang-king-smart-screen-15000-puff-mit-strawberry-watermelon-wholesale-preis\/\" \/>\n<meta property=\"og:locale\" content=\"sk_SK\" \/>\n<meta property=\"og:type\" content=\"article\" \/>\n<meta property=\"og:title\" content=\"Weltweit Beliebt Bang King Smart Screen 15000 Puff Mit Strawberry Watermelon Wholesale Preis | Vapingnet.de\" \/>\n<meta property=\"og:description\" content=\"Entdecke Weltweit Beliebt Bang King Smart Screen 15000 Puff Mit Strawberry Watermelon Wholesale Preis bei vapingnet.de, \u25ba Gro\u00dfe Auswahl an Geschmacksrichtungen &amp; super g\u00fcnstig!\" \/>\n<meta property=\"og:url\" content=\"https:\/\/vapingnet.de\/sk\/vape\/weltweit-beliebt-bang-king-smart-screen-15000-puff-mit-strawberry-watermelon-wholesale-preis\/\" \/>\n<meta property=\"og:site_name\" content=\"Vapingnet.de\" \/>\n<meta property=\"article:publisher\" content=\"https:\/\/www.facebook.com\/vapingnetde\/\" \/>\n<meta property=\"article:modified_time\" content=\"2025-06-19T03:39:54+00:00\" \/>\n<meta property=\"og:image\" content=\"https:\/\/vapingnet.de\/wp-content\/uploads\/2025\/04\/bang-Strawberry-Watermelon-1.webp\" \/>\n\t<meta property=\"og:image:width\" content=\"1000\" \/>\n\t<meta property=\"og:image:height\" content=\"1000\" \/>\n\t<meta property=\"og:image:type\" content=\"image\/webp\" \/>\n<meta name=\"twitter:card\" content=\"summary_large_image\" \/>\n<meta name=\"twitter:label1\" content=\"Est. reading time\" \/>\n\t<meta name=\"twitter:data1\" content=\"3 minutes\" \/>\n<script type=\"application\/ld+json\" class=\"yoast-schema-graph\">{\"@context\":\"https:\/\/schema.org\",\"@graph\":[{\"@type\":\"WebPage\",\"@id\":\"https:\/\/vapingnet.de\/vape\/weltweit-beliebt-bang-king-smart-screen-15000-puff-mit-strawberry-watermelon-wholesale-preis\/\",\"url\":\"https:\/\/vapingnet.de\/vape\/weltweit-beliebt-bang-king-smart-screen-15000-puff-mit-strawberry-watermelon-wholesale-preis\/\",\"name\":\"Weltweit Beliebt Bang King Smart Screen 15000 Puff Mit Strawberry Watermelon Wholesale Preis | Vapingnet.de\",\"isPartOf\":{\"@id\":\"https:\/\/vapingnet.de\/#website\"},\"primaryImageOfPage\":{\"@id\":\"https:\/\/vapingnet.de\/vape\/weltweit-beliebt-bang-king-smart-screen-15000-puff-mit-strawberry-watermelon-wholesale-preis\/#primaryimage\"},\"image\":{\"@id\":\"https:\/\/vapingnet.de\/vape\/weltweit-beliebt-bang-king-smart-screen-15000-puff-mit-strawberry-watermelon-wholesale-preis\/#primaryimage\"},\"thumbnailUrl\":\"https:\/\/vapingnet.de\/wp-content\/uploads\/2025\/04\/bang-Strawberry-Watermelon-1.webp\",\"datePublished\":\"2025-04-11T07:13:16+00:00\",\"dateModified\":\"2025-06-19T03:39:54+00:00\",\"description\":\"Entdecke Weltweit Beliebt Bang King Smart Screen 15000 Puff Mit Strawberry Watermelon Wholesale Preis bei vapingnet.de, \u25ba Gro\u00dfe Auswahl an Geschmacksrichtungen & super g\u00fcnstig!\",\"breadcrumb\":{\"@id\":\"https:\/\/vapingnet.de\/vape\/weltweit-beliebt-bang-king-smart-screen-15000-puff-mit-strawberry-watermelon-wholesale-preis\/#breadcrumb\"},\"inLanguage\":\"sk-SK\",\"potentialAction\":[{\"@type\":\"ReadAction\",\"target\":[\"https:\/\/vapingnet.de\/vape\/weltweit-beliebt-bang-king-smart-screen-15000-puff-mit-strawberry-watermelon-wholesale-preis\/\"]}]},{\"@type\":\"ImageObject\",\"inLanguage\":\"sk-SK\",\"@id\":\"https:\/\/vapingnet.de\/vape\/weltweit-beliebt-bang-king-smart-screen-15000-puff-mit-strawberry-watermelon-wholesale-preis\/#primaryimage\",\"url\":\"https:\/\/vapingnet.de\/wp-content\/uploads\/2025\/04\/bang-Strawberry-Watermelon-1.webp\",\"contentUrl\":\"https:\/\/vapingnet.de\/wp-content\/uploads\/2025\/04\/bang-Strawberry-Watermelon-1.webp\",\"width\":1000,\"height\":1000},{\"@type\":\"BreadcrumbList\",\"@id\":\"https:\/\/vapingnet.de\/vape\/weltweit-beliebt-bang-king-smart-screen-15000-puff-mit-strawberry-watermelon-wholesale-preis\/#breadcrumb\",\"itemListElement\":[{\"@type\":\"ListItem\",\"position\":1,\"name\":\"Home\",\"item\":\"https:\/\/vapingnet.de\/\"},{\"@type\":\"ListItem\",\"position\":2,\"name\":\"Shop\",\"item\":\"https:\/\/vapingnet.de\/vape\/\"},{\"@type\":\"ListItem\",\"position\":3,\"name\":\"Weltweit Beliebt Bang King Smart Screen 15000 Puff Mit Strawberry Watermelon Wholesale Preis\"}]},{\"@type\":\"WebSite\",\"@id\":\"https:\/\/vapingnet.de\/#website\",\"url\":\"https:\/\/vapingnet.de\/\",\"name\":\"Vapingnet.de\",\"description\":\"\",\"publisher\":{\"@id\":\"https:\/\/vapingnet.de\/#organization\"},\"potentialAction\":[{\"@type\":\"SearchAction\",\"target\":{\"@type\":\"EntryPoint\",\"urlTemplate\":\"https:\/\/vapingnet.de\/?s={search_term_string}\"},\"query-input\":{\"@type\":\"PropertyValueSpecification\",\"valueRequired\":true,\"valueName\":\"search_term_string\"}}],\"inLanguage\":\"sk-SK\"},{\"@type\":\"Organization\",\"@id\":\"https:\/\/vapingnet.de\/#organization\",\"name\":\"Vapingnet.de\",\"url\":\"https:\/\/vapingnet.de\/\",\"logo\":{\"@type\":\"ImageObject\",\"inLanguage\":\"sk-SK\",\"@id\":\"https:\/\/vapingnet.de\/#\/schema\/logo\/image\/\",\"url\":\"https:\/\/vapingnet.de\/wp-content\/uploads\/2025\/03\/cropped-vapingnet.de_.jpg\",\"contentUrl\":\"https:\/\/vapingnet.de\/wp-content\/uploads\/2025\/03\/cropped-vapingnet.de_.jpg\",\"width\":512,\"height\":512,\"caption\":\"Vapingnet.de\"},\"image\":{\"@id\":\"https:\/\/vapingnet.de\/#\/schema\/logo\/image\/\"},\"sameAs\":[\"https:\/\/www.facebook.com\/vapingnetde\/\"]}]}<\/script>\n<!-- \/ Yoast SEO plugin. -->","yoast_head_json":{"title":"Weltweit Beliebt Bang King Smart Screen 15000 Puff Mit Strawberry Watermelon Wholesale Preis | Vapingnet.de","description":"Entdecke Weltweit Beliebt Bang King Smart Screen 15000 Puff Mit Strawberry Watermelon Wholesale Preis bei vapingnet.de, \u25ba Gro\u00dfe Auswahl an Geschmacksrichtungen & super g\u00fcnstig!","robots":{"index":"index","follow":"follow","max-snippet":"max-snippet:-1","max-image-preview":"max-image-preview:large","max-video-preview":"max-video-preview:-1"},"canonical":"https:\/\/vapingnet.de\/sk\/vape\/weltweit-beliebt-bang-king-smart-screen-15000-puff-mit-strawberry-watermelon-wholesale-preis\/","og_locale":"sk_SK","og_type":"article","og_title":"Weltweit Beliebt Bang King Smart Screen 15000 Puff Mit Strawberry Watermelon Wholesale Preis | Vapingnet.de","og_description":"Entdecke Weltweit Beliebt Bang King Smart Screen 15000 Puff Mit Strawberry Watermelon Wholesale Preis bei vapingnet.de, \u25ba Gro\u00dfe Auswahl an Geschmacksrichtungen & super g\u00fcnstig!","og_url":"https:\/\/vapingnet.de\/sk\/vape\/weltweit-beliebt-bang-king-smart-screen-15000-puff-mit-strawberry-watermelon-wholesale-preis\/","og_site_name":"Vapingnet.de","article_publisher":"https:\/\/www.facebook.com\/vapingnetde\/","article_modified_time":"2025-06-19T03:39:54+00:00","og_image":[{"width":1000,"height":1000,"url":"https:\/\/vapingnet.de\/wp-content\/uploads\/2025\/04\/bang-Strawberry-Watermelon-1.webp","type":"image\/webp"}],"twitter_card":"summary_large_image","twitter_misc":{"Est. reading time":"3 minutes"},"schema":{"@context":"https:\/\/schema.org","@graph":[{"@type":"WebPage","@id":"https:\/\/vapingnet.de\/vape\/weltweit-beliebt-bang-king-smart-screen-15000-puff-mit-strawberry-watermelon-wholesale-preis\/","url":"https:\/\/vapingnet.de\/vape\/weltweit-beliebt-bang-king-smart-screen-15000-puff-mit-strawberry-watermelon-wholesale-preis\/","name":"Weltweit Beliebt Bang King Smart Screen 15000 Puff Mit Strawberry Watermelon Wholesale Preis | Vapingnet.de","isPartOf":{"@id":"https:\/\/vapingnet.de\/#website"},"primaryImageOfPage":{"@id":"https:\/\/vapingnet.de\/vape\/weltweit-beliebt-bang-king-smart-screen-15000-puff-mit-strawberry-watermelon-wholesale-preis\/#primaryimage"},"image":{"@id":"https:\/\/vapingnet.de\/vape\/weltweit-beliebt-bang-king-smart-screen-15000-puff-mit-strawberry-watermelon-wholesale-preis\/#primaryimage"},"thumbnailUrl":"https:\/\/vapingnet.de\/wp-content\/uploads\/2025\/04\/bang-Strawberry-Watermelon-1.webp","datePublished":"2025-04-11T07:13:16+00:00","dateModified":"2025-06-19T03:39:54+00:00","description":"Entdecke Weltweit Beliebt Bang King Smart Screen 15000 Puff Mit Strawberry Watermelon Wholesale Preis bei vapingnet.de, \u25ba Gro\u00dfe Auswahl an Geschmacksrichtungen & super g\u00fcnstig!","breadcrumb":{"@id":"https:\/\/vapingnet.de\/vape\/weltweit-beliebt-bang-king-smart-screen-15000-puff-mit-strawberry-watermelon-wholesale-preis\/#breadcrumb"},"inLanguage":"sk-SK","potentialAction":[{"@type":"ReadAction","target":["https:\/\/vapingnet.de\/vape\/weltweit-beliebt-bang-king-smart-screen-15000-puff-mit-strawberry-watermelon-wholesale-preis\/"]}]},{"@type":"ImageObject","inLanguage":"sk-SK","@id":"https:\/\/vapingnet.de\/vape\/weltweit-beliebt-bang-king-smart-screen-15000-puff-mit-strawberry-watermelon-wholesale-preis\/#primaryimage","url":"https:\/\/vapingnet.de\/wp-content\/uploads\/2025\/04\/bang-Strawberry-Watermelon-1.webp","contentUrl":"https:\/\/vapingnet.de\/wp-content\/uploads\/2025\/04\/bang-Strawberry-Watermelon-1.webp","width":1000,"height":1000},{"@type":"BreadcrumbList","@id":"https:\/\/vapingnet.de\/vape\/weltweit-beliebt-bang-king-smart-screen-15000-puff-mit-strawberry-watermelon-wholesale-preis\/#breadcrumb","itemListElement":[{"@type":"ListItem","position":1,"name":"Home","item":"https:\/\/vapingnet.de\/"},{"@type":"ListItem","position":2,"name":"Shop","item":"https:\/\/vapingnet.de\/vape\/"},{"@type":"ListItem","position":3,"name":"Weltweit Beliebt Bang King Smart Screen 15000 Puff Mit Strawberry Watermelon Wholesale Preis"}]},{"@type":"WebSite","@id":"https:\/\/vapingnet.de\/#website","url":"https:\/\/vapingnet.de\/","name":"Vapingnet.de","description":"","publisher":{"@id":"https:\/\/vapingnet.de\/#organization"},"potentialAction":[{"@type":"SearchAction","target":{"@type":"EntryPoint","urlTemplate":"https:\/\/vapingnet.de\/?s={search_term_string}"},"query-input":{"@type":"PropertyValueSpecification","valueRequired":true,"valueName":"search_term_string"}}],"inLanguage":"sk-SK"},{"@type":"Organization","@id":"https:\/\/vapingnet.de\/#organization","name":"Vapingnet.de","url":"https:\/\/vapingnet.de\/","logo":{"@type":"ImageObject","inLanguage":"sk-SK","@id":"https:\/\/vapingnet.de\/#\/schema\/logo\/image\/","url":"https:\/\/vapingnet.de\/wp-content\/uploads\/2025\/03\/cropped-vapingnet.de_.jpg","contentUrl":"https:\/\/vapingnet.de\/wp-content\/uploads\/2025\/03\/cropped-vapingnet.de_.jpg","width":512,"height":512,"caption":"Vapingnet.de"},"image":{"@id":"https:\/\/vapingnet.de\/#\/schema\/logo\/image\/"},"sameAs":["https:\/\/www.facebook.com\/vapingnetde\/"]}]}},"tiered_pricing_type":"fixed","tiered_pricing_fixed_rules":{"10":"8.35","60":"7.52","110":"6.68","200":"5.85"},"tiered_pricing_product_settings":{"layout":"default","base_unit_name":{"singular":null,"plural":null},"default_variation":null},"tiered_pricing_minimum_quantity":null,"tiered_pricing_roles_data":[],"tiered_pricing_percentage_rules":[],"_links":{"self":[{"href":"https:\/\/vapingnet.de\/sk\/wp-json\/wp\/v2\/product\/6265","targetHints":{"allow":["GET"]}}],"collection":[{"href":"https:\/\/vapingnet.de\/sk\/wp-json\/wp\/v2\/product"}],"about":[{"href":"https:\/\/vapingnet.de\/sk\/wp-json\/wp\/v2\/types\/product"}],"version-history":[{"count":1,"href":"https:\/\/vapingnet.de\/sk\/wp-json\/wp\/v2\/product\/6265\/revisions"}],"predecessor-version":[{"id":6271,"href":"https:\/\/vapingnet.de\/sk\/wp-json\/wp\/v2\/product\/6265\/revisions\/6271"}],"wp:featuredmedia":[{"embeddable":true,"href":"https:\/\/vapingnet.de\/sk\/wp-json\/wp\/v2\/media\/6857"}],"wp:attachment":[{"href":"https:\/\/vapingnet.de\/sk\/wp-json\/wp\/v2\/media?parent=6265"}],"wp:term":[{"taxonomy":"brand","embeddable":true,"href":"https:\/\/vapingnet.de\/sk\/wp-json\/wp\/v2\/etheme_brands?post=6265"},{"taxonomy":"product_brand","embeddable":true,"href":"https:\/\/vapingnet.de\/sk\/wp-json\/wp\/v2\/product_brand?post=6265"},{"taxonomy":"product_cat","embeddable":true,"href":"https:\/\/vapingnet.de\/sk\/wp-json\/wp\/v2\/product_cat?post=6265"},{"taxonomy":"product_tag","embeddable":true,"href":"https:\/\/vapingnet.de\/sk\/wp-json\/wp\/v2\/product_tag?post=6265"}],"curies":[{"name":"wp","href":"https:\/\/api.w.org\/{rel}","templated":true}]}}