{"id":6281,"date":"2025-04-11T08:03:06","date_gmt":"2025-04-11T08:03:06","guid":{"rendered":"https:\/\/vapingnet.de\/?post_type=product&#038;p=6281"},"modified":"2025-06-19T03:39:53","modified_gmt":"2025-06-19T03:39:53","slug":"tropical-fruit-bang-king-smart-screen-15000-puff-direkt-vom-hersteller-guenstig","status":"publish","type":"product","link":"https:\/\/vapingnet.de\/sk\/vape\/tropical-fruit-bang-king-smart-screen-15000-puff-direkt-vom-hersteller-guenstig\/","title":{"rendered":"Tropick\u00e9 ovocie Bang King Smart Screen 15000 Pufov Priamo od v\u00fdrobcu, lacn\u00e9"},"content":{"rendered":"<h2 data-start=\"0\" data-end=\"75\" data-immersive-translate-walked=\"0f364fe4-533d-4f50-ac6d-672a6b72990c\">Bang King Smart Screen 15000 Puff \u2013 Tvoja ultim\u00e1tna jednorazov\u00e1 e-cigareta<\/h2>\n<p class=\"\" data-start=\"77\" data-end=\"522\" data-immersive-translate-paragraph=\"1\" data-immersive-translate-walked=\"0f364fe4-533d-4f50-ac6d-672a6b72990c\">Ak h\u013ead\u00e1\u0161 v\u00fdkonn\u00fa, pou\u017e\u00edvate\u013esky pr\u00edvetiv\u00fa a chu\u0165ovo vynikaj\u00facu jednorazov\u00fa e-cigaretu, potom je Bang King Smart Screen 15000 Puff presne to, \u010do potrebuje\u0161. T\u00e1to e-cigareta pon\u00faka nielen p\u00f4sobiv\u00e9 technick\u00e9 vlastnosti, ale aj jedine\u010dn\u00fd z\u00e1\u017eitok z chuti, ktor\u00fd \u0165a nadchne. Objav v\u0161etky d\u00f4le\u017eit\u00e9 inform\u00e1cie a v\u00fdhody tejto v\u00fdnimo\u010dnej parnej jednotky.<\/p>\n<h3>Technick\u00e9 detaily Bang King Smart Screen 15000 Puff<\/h3>\n<p class=\"\" data-start=\"590\" data-end=\"781\" data-immersive-translate-walked=\"0f364fe4-533d-4f50-ac6d-672a6b72990c\" data-immersive-translate-paragraph=\"1\">Bang King Smart Screen 15000 Puff sa predstavuje s mno\u017estvom inovat\u00edvnych funkci\u00ed, ktor\u00e9 spr\u00edjem\u0148uj\u00fa vapovanie. Tu s\u00fa hlavn\u00e9 vlastnosti v preh\u013eade:<\/p>\n<ul data-start=\"783\" data-end=\"1634\" data-immersive-translate-walked=\"0f364fe4-533d-4f50-ac6d-672a6b72990c\">\n<li class=\"\" data-start=\"783\" data-end=\"927\" data-immersive-translate-walked=\"0f364fe4-533d-4f50-ac6d-672a6b72990c\">\n<p class=\"\" data-start=\"785\" data-end=\"927\" data-immersive-translate-walked=\"0f364fe4-533d-4f50-ac6d-672a6b72990c\" data-immersive-translate-paragraph=\"1\">Mesh cievka (1.0 Ohm): T\u00e1to mesh cievka zabezpe\u010duje rovnomern\u00e9 a hust\u00e9 tvorenie pary, \u010do zintenz\u00edv\u0148uje a konzistentne zachov\u00e1va chu\u0165.<\/p>\n<\/li>\n<li class=\"\" data-start=\"928\" data-end=\"1101\" data-immersive-translate-walked=\"0f364fe4-533d-4f50-ac6d-672a6b72990c\">\n<p class=\"\" data-start=\"930\" data-end=\"1101\" data-immersive-translate-walked=\"0f364fe4-533d-4f50-ac6d-672a6b72990c\" data-immersive-translate-paragraph=\"1\">Kapacita bat\u00e9rie (650mAh): S v\u00fdkonnou bat\u00e9riou, ktor\u00e1 vysta\u010d\u00ed na cel\u00fd pou\u017e\u00edvanie, sa nemus\u00ed\u0161 ob\u00e1va\u0165 r\u00fdchleho vybitia.<\/p>\n<\/li>\n<li class=\"\" data-start=\"1102\" data-end=\"1257\" data-immersive-translate-walked=\"0f364fe4-533d-4f50-ac6d-672a6b72990c\">\n<p class=\"\" data-start=\"1104\" data-end=\"1257\" data-immersive-translate-walked=\"0f364fe4-533d-4f50-ac6d-672a6b72990c\" data-immersive-translate-paragraph=\"1\">Kapacita e-liquidu (25ml): S ve\u013ekorysou kapacitou e-liquidu si m\u00f4\u017ee\u0161 vychutna\u0165 a\u017e 15 000 potiahnut\u00ed, k\u00fdm nebude potrebn\u00e9 vymeni\u0165 e-cigaretu.<\/p>\n<\/li>\n<li class=\"\" data-start=\"1258\" data-end=\"1415\" data-immersive-translate-walked=\"0f364fe4-533d-4f50-ac6d-672a6b72990c\">\n<p class=\"\" data-start=\"1260\" data-end=\"1415\" data-immersive-translate-walked=\"0f364fe4-533d-4f50-ac6d-672a6b72990c\" data-immersive-translate-paragraph=\"1\">Mo\u017enosti nikot\u00ednu (0%, 2%, 3%, 5%): Vyber si nikot\u00ednov\u00fa silu, ktor\u00e1 zodpoved\u00e1 tvojmu vapovaciemu z\u00e1\u017eitku, \u010di u\u017e si za za\u010d\u00ednaj\u00faceho alebo intenz\u00edvneho vapera.<\/p>\n<\/li>\n<li class=\"\" data-start=\"1416\" data-end=\"1512\" data-immersive-translate-walked=\"0f364fe4-533d-4f50-ac6d-672a6b72990c\">\n<p class=\"\" data-start=\"1418\" data-end=\"1512\" data-immersive-translate-walked=\"0f364fe4-533d-4f50-ac6d-672a6b72990c\" data-immersive-translate-paragraph=\"1\">Nab\u00edjac\u00ed port (Typ-C): Modern\u00fd Typ-C port zabezpe\u010duje r\u00fdchle a pohodln\u00e9 nab\u00edjanie.<\/p>\n<\/li>\n<li class=\"\" data-start=\"1513\" data-end=\"1634\" data-immersive-translate-walked=\"0f364fe4-533d-4f50-ac6d-672a6b72990c\">\n<p class=\"\" data-start=\"1515\" data-end=\"1634\" data-immersive-translate-walked=\"0f364fe4-533d-4f50-ac6d-672a6b72990c\" data-immersive-translate-paragraph=\"1\">LED displej: LED displej ti uk\u00e1\u017ee aktu\u00e1lny stav nabitia a hladinu tekutiny, tak\u017ee m\u00e1\u0161 v\u017edy preh\u013ead.<\/p>\n<\/li>\n<\/ul>\n<h4 data-start=\"1636\" data-end=\"1678\" data-immersive-translate-walked=\"0f364fe4-533d-4f50-ac6d-672a6b72990c\">Z\u00e1\u017eitok z chuti: Tropick\u00e9 ovocie<\/h4>\n<p class=\"\" data-start=\"1680\" data-end=\"2043\" data-immersive-translate-walked=\"0f364fe4-533d-4f50-ac6d-672a6b72990c\" data-immersive-translate-paragraph=\"1\">Chu\u0165 tropick\u00e9ho ovocia tejto jednorazovej e-cigarety \u0165a zavedie na exotick\u00fa cestu. \u010cerstv\u00e9, sladk\u00e9 ar\u00f3my tropick\u00e9ho ovocia ako mango, anan\u00e1s a pap\u00e1ja ti pon\u00fakaj\u00fa harmonick\u00fa zmes, ktor\u00e1 zabezpe\u010duje nezamenite\u013en\u00fd \u010derstv\u00fd a ovocn\u00fd vapovac\u00ed z\u00e1\u017eitok. Ak m\u00e1\u0161 r\u00e1d ovocn\u00e9 a sladk\u00e9 ar\u00f3my, tento chu\u0165ov\u00fd profil si zamiluje\u0161.<\/p>\n<h3>V\u00fdhody Bang King Smart Screen 15000 Puf<\/h3>\n<p class=\"\" data-start=\"2101\" data-end=\"2264\" data-immersive-translate-walked=\"0f364fe4-533d-4f50-ac6d-672a6b72990c\" data-immersive-translate-paragraph=\"1\">Pre\u010do by si sa mal rozhodn\u00fa\u0165 pre Bang King Smart Screen 15000 Puff? Existuje mnoho presved\u010div\u00fdch d\u00f4vodov, pre\u010do je t\u00e1to e-cigareta ide\u00e1lnou vo\u013ebou:<\/p>\n<ul data-start=\"2266\" data-end=\"2653\" data-immersive-translate-walked=\"0f364fe4-533d-4f50-ac6d-672a6b72990c\">\n<li class=\"\" data-start=\"2266\" data-end=\"2387\" data-immersive-translate-walked=\"0f364fe4-533d-4f50-ac6d-672a6b72990c\">\n<p class=\"\" data-start=\"2268\" data-end=\"2387\" data-immersive-translate-walked=\"0f364fe4-533d-4f50-ac6d-672a6b72990c\" data-immersive-translate-paragraph=\"1\">Bez cla: Objedn\u00e1vaj bez ob\u00e1v z dodato\u010dn\u00fdch coln\u00fdch poplatkov. Tvoja objedn\u00e1vka pr\u00edde r\u00fdchlo a pohodlne priamo k tebe.<\/p>\n<\/li>\n<li class=\"\" data-start=\"2388\" data-end=\"2517\" data-immersive-translate-walked=\"0f364fe4-533d-4f50-ac6d-672a6b72990c\">\n<p class=\"\" data-start=\"2390\" data-end=\"2517\" data-immersive-translate-walked=\"0f364fe4-533d-4f50-ac6d-672a6b72990c\" data-immersive-translate-paragraph=\"1\">R\u00fdchle doru\u010denie (7-15 pracovn\u00fdch dn\u00ed): Nemus\u00ed\u0161 dlho \u010daka\u0165. Do 7-15 pracovn\u00fdch dn\u00ed bude tvoja objedn\u00e1vka u teba.<\/p>\n<\/li>\n<li class=\"\" data-start=\"2518\" data-end=\"2653\" data-immersive-translate-walked=\"0f364fe4-533d-4f50-ac6d-672a6b72990c\">\n<p class=\"\" data-start=\"2520\" data-end=\"2653\" data-immersive-translate-walked=\"0f364fe4-533d-4f50-ac6d-672a6b72990c\" data-immersive-translate-paragraph=\"1\">Jednorazov\u00e1 e-cigareta: \u017diadna komplikovan\u00e1 \u00fadr\u017eba \u2013 u\u017e\u00edvaj si jednoducho a pohodlne, k\u00fdm e-cigareta nedosiahne svoju \u017eivotnos\u0165.<\/p>\n<\/li>\n<\/ul>\n<h4 data-start=\"2655\" data-end=\"2725\" data-immersive-translate-walked=\"0f364fe4-533d-4f50-ac6d-672a6b72990c\">Pre\u010do si k\u00fapi\u0165 Bang King Smart Screen 15000 Puff<\/h4>\n<p class=\"\" data-start=\"2727\" data-end=\"3177\" data-immersive-translate-walked=\"0f364fe4-533d-4f50-ac6d-672a6b72990c\" data-immersive-translate-paragraph=\"1\">Bang King Smart Screen 15000 Puff je ide\u00e1lnou vo\u013ebou pre vapery, ktor\u00ed klad\u00fa d\u00f4raz na v\u00fdkonn\u00fa, \u013eahko ovl\u00e1date\u013en\u00fa a chu\u0165ovo vynikaj\u00facu jednorazov\u00fa e-cigaretu. \u010ci si sk\u00fasen\u00fd vaper alebo za\u010diato\u010dn\u00edk \u2013 t\u00e1to e-cigareta ti poskytne najlep\u0161\u00ed v\u00fdkon, ak\u00fd si m\u00f4\u017ee\u0161 pria\u0165. Z\u00edskaj svoju Bang King Smart Screen 15000 Puff teraz na vapingnet.de a za\u017ei jedine\u010dn\u00fd tropick\u00fd ovocn\u00fd ar\u00f3ma!<\/p>","protected":false},"excerpt":{"rendered":"<p>Bang King Smart Screen 15000 Pufov \u2013 Va\u0161a ultim\u00e1tna jednorazov\u00e1 e-cigareta Ak h\u013ead\u00e1te v\u00fdkonn\u00fa, pou\u017e\u00edvate\u013esky pr\u00edvetiv\u00fa a chu\u0165ovo vynikaj\u00facu jednorazov\u00fa e-cigaretu, potom...<\/p>","protected":false},"featured_media":6858,"template":"","meta":[],"etheme_brands":[],"product_brand":[101],"product_cat":[53,49,61],"product_tag":[],"class_list":{"0":"post-6281","1":"product","2":"type-product","3":"status-publish","4":"has-post-thumbnail","6":"product_brand-bang-king-vape","7":"product_cat-vape-15000-zuege","8":"product_cat-einweg-e-zigarette","9":"product_cat-f","11":"first","12":"instock","13":"shipping-taxable","14":"purchasable","15":"product-type-simple"},"yoast_head":"<!-- This site is optimized with the Yoast SEO plugin v26.5 - https:\/\/yoast.com\/wordpress\/plugins\/seo\/ -->\n<title>Tropical Fruit Bang King Smart Screen 15000 Puff Direkt Vom Hersteller G\u00fcnstig | Vapingnet.de<\/title>\n<meta name=\"description\" content=\"Entdecke Tropical Fruit Bang King Smart Screen 15000 Puff Direkt Vom Hersteller G\u00fcnstig bei vapingnet.de, \u25ba Gro\u00dfe Auswahl an Geschmacksrichtungen &amp; super g\u00fcnstig!\" \/>\n<meta name=\"robots\" content=\"index, follow, max-snippet:-1, max-image-preview:large, max-video-preview:-1\" \/>\n<link rel=\"canonical\" href=\"https:\/\/vapingnet.de\/sk\/vape\/tropical-fruit-bang-king-smart-screen-15000-puff-direkt-vom-hersteller-guenstig\/\" \/>\n<meta property=\"og:locale\" content=\"sk_SK\" \/>\n<meta property=\"og:type\" content=\"article\" \/>\n<meta property=\"og:title\" content=\"Tropical Fruit Bang King Smart Screen 15000 Puff Direkt Vom Hersteller G\u00fcnstig | Vapingnet.de\" \/>\n<meta property=\"og:description\" content=\"Entdecke Tropical Fruit Bang King Smart Screen 15000 Puff Direkt Vom Hersteller G\u00fcnstig bei vapingnet.de, \u25ba Gro\u00dfe Auswahl an Geschmacksrichtungen &amp; super g\u00fcnstig!\" \/>\n<meta property=\"og:url\" content=\"https:\/\/vapingnet.de\/sk\/vape\/tropical-fruit-bang-king-smart-screen-15000-puff-direkt-vom-hersteller-guenstig\/\" \/>\n<meta property=\"og:site_name\" content=\"Vapingnet.de\" \/>\n<meta property=\"article:publisher\" content=\"https:\/\/www.facebook.com\/vapingnetde\/\" \/>\n<meta property=\"article:modified_time\" content=\"2025-06-19T03:39:53+00:00\" \/>\n<meta property=\"og:image\" content=\"https:\/\/vapingnet.de\/wp-content\/uploads\/2025\/04\/Bang-King-Smart-Screen.webp\" \/>\n\t<meta property=\"og:image:width\" content=\"1000\" \/>\n\t<meta property=\"og:image:height\" content=\"1000\" \/>\n\t<meta property=\"og:image:type\" content=\"image\/webp\" \/>\n<meta name=\"twitter:card\" content=\"summary_large_image\" \/>\n<meta name=\"twitter:label1\" content=\"Est. reading time\" \/>\n\t<meta name=\"twitter:data1\" content=\"3 minutes\" \/>\n<script type=\"application\/ld+json\" class=\"yoast-schema-graph\">{\"@context\":\"https:\/\/schema.org\",\"@graph\":[{\"@type\":\"WebPage\",\"@id\":\"https:\/\/vapingnet.de\/vape\/tropical-fruit-bang-king-smart-screen-15000-puff-direkt-vom-hersteller-guenstig\/\",\"url\":\"https:\/\/vapingnet.de\/vape\/tropical-fruit-bang-king-smart-screen-15000-puff-direkt-vom-hersteller-guenstig\/\",\"name\":\"Tropical Fruit Bang King Smart Screen 15000 Puff Direkt Vom Hersteller G\u00fcnstig | Vapingnet.de\",\"isPartOf\":{\"@id\":\"https:\/\/vapingnet.de\/#website\"},\"primaryImageOfPage\":{\"@id\":\"https:\/\/vapingnet.de\/vape\/tropical-fruit-bang-king-smart-screen-15000-puff-direkt-vom-hersteller-guenstig\/#primaryimage\"},\"image\":{\"@id\":\"https:\/\/vapingnet.de\/vape\/tropical-fruit-bang-king-smart-screen-15000-puff-direkt-vom-hersteller-guenstig\/#primaryimage\"},\"thumbnailUrl\":\"https:\/\/vapingnet.de\/wp-content\/uploads\/2025\/04\/Bang-King-Smart-Screen.webp\",\"datePublished\":\"2025-04-11T08:03:06+00:00\",\"dateModified\":\"2025-06-19T03:39:53+00:00\",\"description\":\"Entdecke Tropical Fruit Bang King Smart Screen 15000 Puff Direkt Vom Hersteller G\u00fcnstig bei vapingnet.de, \u25ba Gro\u00dfe Auswahl an Geschmacksrichtungen & super g\u00fcnstig!\",\"breadcrumb\":{\"@id\":\"https:\/\/vapingnet.de\/vape\/tropical-fruit-bang-king-smart-screen-15000-puff-direkt-vom-hersteller-guenstig\/#breadcrumb\"},\"inLanguage\":\"sk-SK\",\"potentialAction\":[{\"@type\":\"ReadAction\",\"target\":[\"https:\/\/vapingnet.de\/vape\/tropical-fruit-bang-king-smart-screen-15000-puff-direkt-vom-hersteller-guenstig\/\"]}]},{\"@type\":\"ImageObject\",\"inLanguage\":\"sk-SK\",\"@id\":\"https:\/\/vapingnet.de\/vape\/tropical-fruit-bang-king-smart-screen-15000-puff-direkt-vom-hersteller-guenstig\/#primaryimage\",\"url\":\"https:\/\/vapingnet.de\/wp-content\/uploads\/2025\/04\/Bang-King-Smart-Screen.webp\",\"contentUrl\":\"https:\/\/vapingnet.de\/wp-content\/uploads\/2025\/04\/Bang-King-Smart-Screen.webp\",\"width\":1000,\"height\":1000},{\"@type\":\"BreadcrumbList\",\"@id\":\"https:\/\/vapingnet.de\/vape\/tropical-fruit-bang-king-smart-screen-15000-puff-direkt-vom-hersteller-guenstig\/#breadcrumb\",\"itemListElement\":[{\"@type\":\"ListItem\",\"position\":1,\"name\":\"Home\",\"item\":\"https:\/\/vapingnet.de\/\"},{\"@type\":\"ListItem\",\"position\":2,\"name\":\"Shop\",\"item\":\"https:\/\/vapingnet.de\/vape\/\"},{\"@type\":\"ListItem\",\"position\":3,\"name\":\"Tropical Fruit Bang King Smart Screen 15000 Puff Direkt Vom Hersteller G\u00fcnstig\"}]},{\"@type\":\"WebSite\",\"@id\":\"https:\/\/vapingnet.de\/#website\",\"url\":\"https:\/\/vapingnet.de\/\",\"name\":\"Vapingnet.de\",\"description\":\"\",\"publisher\":{\"@id\":\"https:\/\/vapingnet.de\/#organization\"},\"potentialAction\":[{\"@type\":\"SearchAction\",\"target\":{\"@type\":\"EntryPoint\",\"urlTemplate\":\"https:\/\/vapingnet.de\/?s={search_term_string}\"},\"query-input\":{\"@type\":\"PropertyValueSpecification\",\"valueRequired\":true,\"valueName\":\"search_term_string\"}}],\"inLanguage\":\"sk-SK\"},{\"@type\":\"Organization\",\"@id\":\"https:\/\/vapingnet.de\/#organization\",\"name\":\"Vapingnet.de\",\"url\":\"https:\/\/vapingnet.de\/\",\"logo\":{\"@type\":\"ImageObject\",\"inLanguage\":\"sk-SK\",\"@id\":\"https:\/\/vapingnet.de\/#\/schema\/logo\/image\/\",\"url\":\"https:\/\/vapingnet.de\/wp-content\/uploads\/2025\/03\/cropped-vapingnet.de_.jpg\",\"contentUrl\":\"https:\/\/vapingnet.de\/wp-content\/uploads\/2025\/03\/cropped-vapingnet.de_.jpg\",\"width\":512,\"height\":512,\"caption\":\"Vapingnet.de\"},\"image\":{\"@id\":\"https:\/\/vapingnet.de\/#\/schema\/logo\/image\/\"},\"sameAs\":[\"https:\/\/www.facebook.com\/vapingnetde\/\"]}]}<\/script>\n<!-- \/ Yoast SEO plugin. -->","yoast_head_json":{"title":"Tropical Fruit Bang King Smart Screen 15000 Puff Direkt Vom Hersteller G\u00fcnstig | Vapingnet.de","description":"Entdecke Tropical Fruit Bang King Smart Screen 15000 Puff Direkt Vom Hersteller G\u00fcnstig bei vapingnet.de, \u25ba Gro\u00dfe Auswahl an Geschmacksrichtungen & super g\u00fcnstig!","robots":{"index":"index","follow":"follow","max-snippet":"max-snippet:-1","max-image-preview":"max-image-preview:large","max-video-preview":"max-video-preview:-1"},"canonical":"https:\/\/vapingnet.de\/sk\/vape\/tropical-fruit-bang-king-smart-screen-15000-puff-direkt-vom-hersteller-guenstig\/","og_locale":"sk_SK","og_type":"article","og_title":"Tropical Fruit Bang King Smart Screen 15000 Puff Direkt Vom Hersteller G\u00fcnstig | Vapingnet.de","og_description":"Entdecke Tropical Fruit Bang King Smart Screen 15000 Puff Direkt Vom Hersteller G\u00fcnstig bei vapingnet.de, \u25ba Gro\u00dfe Auswahl an Geschmacksrichtungen & super g\u00fcnstig!","og_url":"https:\/\/vapingnet.de\/sk\/vape\/tropical-fruit-bang-king-smart-screen-15000-puff-direkt-vom-hersteller-guenstig\/","og_site_name":"Vapingnet.de","article_publisher":"https:\/\/www.facebook.com\/vapingnetde\/","article_modified_time":"2025-06-19T03:39:53+00:00","og_image":[{"width":1000,"height":1000,"url":"https:\/\/vapingnet.de\/wp-content\/uploads\/2025\/04\/Bang-King-Smart-Screen.webp","type":"image\/webp"}],"twitter_card":"summary_large_image","twitter_misc":{"Est. reading time":"3 minutes"},"schema":{"@context":"https:\/\/schema.org","@graph":[{"@type":"WebPage","@id":"https:\/\/vapingnet.de\/vape\/tropical-fruit-bang-king-smart-screen-15000-puff-direkt-vom-hersteller-guenstig\/","url":"https:\/\/vapingnet.de\/vape\/tropical-fruit-bang-king-smart-screen-15000-puff-direkt-vom-hersteller-guenstig\/","name":"Tropical Fruit Bang King Smart Screen 15000 Puff Direkt Vom Hersteller G\u00fcnstig | Vapingnet.de","isPartOf":{"@id":"https:\/\/vapingnet.de\/#website"},"primaryImageOfPage":{"@id":"https:\/\/vapingnet.de\/vape\/tropical-fruit-bang-king-smart-screen-15000-puff-direkt-vom-hersteller-guenstig\/#primaryimage"},"image":{"@id":"https:\/\/vapingnet.de\/vape\/tropical-fruit-bang-king-smart-screen-15000-puff-direkt-vom-hersteller-guenstig\/#primaryimage"},"thumbnailUrl":"https:\/\/vapingnet.de\/wp-content\/uploads\/2025\/04\/Bang-King-Smart-Screen.webp","datePublished":"2025-04-11T08:03:06+00:00","dateModified":"2025-06-19T03:39:53+00:00","description":"Entdecke Tropical Fruit Bang King Smart Screen 15000 Puff Direkt Vom Hersteller G\u00fcnstig bei vapingnet.de, \u25ba Gro\u00dfe Auswahl an Geschmacksrichtungen & super g\u00fcnstig!","breadcrumb":{"@id":"https:\/\/vapingnet.de\/vape\/tropical-fruit-bang-king-smart-screen-15000-puff-direkt-vom-hersteller-guenstig\/#breadcrumb"},"inLanguage":"sk-SK","potentialAction":[{"@type":"ReadAction","target":["https:\/\/vapingnet.de\/vape\/tropical-fruit-bang-king-smart-screen-15000-puff-direkt-vom-hersteller-guenstig\/"]}]},{"@type":"ImageObject","inLanguage":"sk-SK","@id":"https:\/\/vapingnet.de\/vape\/tropical-fruit-bang-king-smart-screen-15000-puff-direkt-vom-hersteller-guenstig\/#primaryimage","url":"https:\/\/vapingnet.de\/wp-content\/uploads\/2025\/04\/Bang-King-Smart-Screen.webp","contentUrl":"https:\/\/vapingnet.de\/wp-content\/uploads\/2025\/04\/Bang-King-Smart-Screen.webp","width":1000,"height":1000},{"@type":"BreadcrumbList","@id":"https:\/\/vapingnet.de\/vape\/tropical-fruit-bang-king-smart-screen-15000-puff-direkt-vom-hersteller-guenstig\/#breadcrumb","itemListElement":[{"@type":"ListItem","position":1,"name":"Home","item":"https:\/\/vapingnet.de\/"},{"@type":"ListItem","position":2,"name":"Shop","item":"https:\/\/vapingnet.de\/vape\/"},{"@type":"ListItem","position":3,"name":"Tropical Fruit Bang King Smart Screen 15000 Puff Direkt Vom Hersteller G\u00fcnstig"}]},{"@type":"WebSite","@id":"https:\/\/vapingnet.de\/#website","url":"https:\/\/vapingnet.de\/","name":"Vapingnet.de","description":"","publisher":{"@id":"https:\/\/vapingnet.de\/#organization"},"potentialAction":[{"@type":"SearchAction","target":{"@type":"EntryPoint","urlTemplate":"https:\/\/vapingnet.de\/?s={search_term_string}"},"query-input":{"@type":"PropertyValueSpecification","valueRequired":true,"valueName":"search_term_string"}}],"inLanguage":"sk-SK"},{"@type":"Organization","@id":"https:\/\/vapingnet.de\/#organization","name":"Vapingnet.de","url":"https:\/\/vapingnet.de\/","logo":{"@type":"ImageObject","inLanguage":"sk-SK","@id":"https:\/\/vapingnet.de\/#\/schema\/logo\/image\/","url":"https:\/\/vapingnet.de\/wp-content\/uploads\/2025\/03\/cropped-vapingnet.de_.jpg","contentUrl":"https:\/\/vapingnet.de\/wp-content\/uploads\/2025\/03\/cropped-vapingnet.de_.jpg","width":512,"height":512,"caption":"Vapingnet.de"},"image":{"@id":"https:\/\/vapingnet.de\/#\/schema\/logo\/image\/"},"sameAs":["https:\/\/www.facebook.com\/vapingnetde\/"]}]}},"tiered_pricing_type":"fixed","tiered_pricing_fixed_rules":{"10":"8.35","60":"7.52","110":"6.68","200":"5.85"},"tiered_pricing_product_settings":{"layout":"default","base_unit_name":{"singular":null,"plural":null},"default_variation":null},"tiered_pricing_minimum_quantity":null,"tiered_pricing_roles_data":[],"tiered_pricing_percentage_rules":[],"_links":{"self":[{"href":"https:\/\/vapingnet.de\/sk\/wp-json\/wp\/v2\/product\/6281","targetHints":{"allow":["GET"]}}],"collection":[{"href":"https:\/\/vapingnet.de\/sk\/wp-json\/wp\/v2\/product"}],"about":[{"href":"https:\/\/vapingnet.de\/sk\/wp-json\/wp\/v2\/types\/product"}],"version-history":[{"count":1,"href":"https:\/\/vapingnet.de\/sk\/wp-json\/wp\/v2\/product\/6281\/revisions"}],"predecessor-version":[{"id":6291,"href":"https:\/\/vapingnet.de\/sk\/wp-json\/wp\/v2\/product\/6281\/revisions\/6291"}],"wp:featuredmedia":[{"embeddable":true,"href":"https:\/\/vapingnet.de\/sk\/wp-json\/wp\/v2\/media\/6858"}],"wp:attachment":[{"href":"https:\/\/vapingnet.de\/sk\/wp-json\/wp\/v2\/media?parent=6281"}],"wp:term":[{"taxonomy":"brand","embeddable":true,"href":"https:\/\/vapingnet.de\/sk\/wp-json\/wp\/v2\/etheme_brands?post=6281"},{"taxonomy":"product_brand","embeddable":true,"href":"https:\/\/vapingnet.de\/sk\/wp-json\/wp\/v2\/product_brand?post=6281"},{"taxonomy":"product_cat","embeddable":true,"href":"https:\/\/vapingnet.de\/sk\/wp-json\/wp\/v2\/product_cat?post=6281"},{"taxonomy":"product_tag","embeddable":true,"href":"https:\/\/vapingnet.de\/sk\/wp-json\/wp\/v2\/product_tag?post=6281"}],"curies":[{"name":"wp","href":"https:\/\/api.w.org\/{rel}","templated":true}]}}