{"id":6283,"date":"2025-04-11T08:03:11","date_gmt":"2025-04-11T08:03:11","guid":{"rendered":"https:\/\/vapingnet.de\/?post_type=product&#038;p=6283"},"modified":"2025-06-19T03:39:27","modified_gmt":"2025-06-19T03:39:27","slug":"exklusiv-bang-king-smart-screen-15000-puff-mit-lush-ice-weltweit-beliebt","status":"publish","type":"product","link":"https:\/\/vapingnet.de\/sk\/vape\/exklusiv-bang-king-smart-screen-15000-puff-mit-lush-ice-weltweit-beliebt\/","title":{"rendered":"Exkluz\u00edvne Bang King Smart Screen 15000 Pufov s Lush Ice Svetovo ob\u013e\u00faben\u00e9"},"content":{"rendered":"<h2 data-start=\"47\" data-end=\"137\">Bang King Smart Screen 15000 Puf \u2013 Jednorazov\u00e1 e-cigareta pre n\u00e1ro\u010dn\u00fdch faj\u010diarov vapingu<\/h2>\n<p class=\"\" data-start=\"139\" data-end=\"476\">Pre v\u0161etk\u00fdch, ktor\u00ed h\u013eadaj\u00fa odoln\u00fa a v\u00fdkonn\u00fa jednorazov\u00fa vape, predstavuje Bang King Smart Screen 15000 Puf vynikaj\u00facu vo\u013ebu. S kombin\u00e1ciou pokro\u010dilej technol\u00f3gie a ve\u013ekej kapacity tekutiny nastavuje tento model nov\u00e9 \u0161tandardy na trhu jednorazov\u00fdch e-cigariet.<\/p>\n<h3>Vlastnosti produktu Bang King Smart Screen 15000 Puf<\/h3>\n<p class=\"\" data-start=\"541\" data-end=\"739\">Bang King Smart Screen 15000 Puf je navrhnut\u00e1 tak, aby poskytovala v\u00fdnimo\u010dn\u00fd z\u00e1\u017eitok z vapingu. Pozrime sa na najd\u00f4le\u017eitej\u0161ie vlastnosti a v\u00fdhody tejto e-cigarety podrobnej\u0161ie:<\/p>\n<ul data-start=\"741\" data-end=\"1175\">\n<li class=\"\" data-start=\"741\" data-end=\"788\">\n<p class=\"\" data-start=\"743\" data-end=\"788\">Model: Bang King Smart Screen 15000 Puf<\/p>\n<\/li>\n<li class=\"\" data-start=\"789\" data-end=\"813\">\n<p class=\"\" data-start=\"791\" data-end=\"813\">Mesh cievka: 1.0 Ohm<\/p>\n<\/li>\n<li class=\"\" data-start=\"814\" data-end=\"846\">\n<p class=\"\" data-start=\"816\" data-end=\"846\">Kapacita bat\u00e9rie: 650 mAh<\/p>\n<\/li>\n<li class=\"\" data-start=\"847\" data-end=\"878\">\n<p class=\"\" data-start=\"849\" data-end=\"878\">Kapacita e-liquidu: 25 ml<\/p>\n<\/li>\n<li class=\"\" data-start=\"879\" data-end=\"916\">\n<p class=\"\" data-start=\"881\" data-end=\"916\">Mo\u017enosti nikot\u00ednu: 0%, 2%, 3%, 5%<\/p>\n<\/li>\n<li class=\"\" data-start=\"917\" data-end=\"943\">\n<p class=\"\" data-start=\"919\" data-end=\"943\">Nab\u00edjac\u00ed port: Typ-C<\/p>\n<\/li>\n<li class=\"\" data-start=\"944\" data-end=\"970\">\n<p class=\"\" data-start=\"946\" data-end=\"970\">Displej: LED displej<\/p>\n<\/li>\n<li class=\"\" data-start=\"971\" data-end=\"1053\">\n<p class=\"\" data-start=\"973\" data-end=\"1053\">Chu\u0165: Lush Ice<\/p>\n<\/li>\n<li class=\"\" data-start=\"1054\" data-end=\"1088\">\n<p class=\"\" data-start=\"1056\" data-end=\"1088\">Doba dodania: 7-15 pracovn\u00fdch dn\u00ed<\/p>\n<\/li>\n<li class=\"\" data-start=\"1089\" data-end=\"1123\">\n<p class=\"\" data-start=\"1091\" data-end=\"1123\">V\u00fdhoda: Doru\u010denie bez cla<\/p>\n<\/li>\n<\/ul>\n<h5 data-start=\"1177\" data-end=\"1232\">Vysok\u00fd v\u00fdkon pre ka\u017edodenn\u00e9 pou\u017eitie<\/h5>\n<p class=\"\" data-start=\"1234\" data-end=\"1532\">Bang King Smart Screen 15000 Puf pon\u00faka a\u017e 15 000 \u0165ahov, \u010do z nej rob\u00ed odoln\u00e9ho spolo\u010dn\u00edka pre vapingu, ktor\u00ed ve\u013ea cestuj\u00fa alebo h\u013eadaj\u00fa dlhodob\u00e9 rie\u0161enie. Mesh cievka zabezpe\u010duje rovnomern\u00fd z\u00e1\u017eitok z vapingu s kon\u0161tantnou chu\u0165ou a jemn\u00fdm dymom.<\/p>\n<h5 data-start=\"1534\" data-end=\"1576\">Flexibilita v nikot\u00ednovej sile<\/h5>\n<p class=\"\" data-start=\"1578\" data-end=\"1896\">\u010eal\u0161\u00edm vrcholom Bang King Smart Screen je vo\u013eba nikot\u00ednovej sily. \u010ci u\u017e preferujete \u013eah\u0161\u00ed z\u00e1\u017eitok s 0% nikot\u00ednom alebo silnej\u0161iu d\u00e1vku s 5% \u2013 tu n\u00e1jdete vhodn\u00fa mo\u017enos\u0165. T\u00e1to flexibilita rob\u00ed e-cigaretu atrakt\u00edvnou pre za\u010diato\u010dn\u00edkov aj sk\u00fasen\u00fdch vapingu.<\/p>\n<h5 data-start=\"1898\" data-end=\"1945\">Praktick\u00e1 mo\u017enos\u0165 nab\u00edjania a dlh\u00e9 pou\u017e\u00edvanie<\/h5>\n<p class=\"\" data-start=\"1947\" data-end=\"2320\">Bat\u00e9ria s kapacitou 650 mAh poskytuje dostatok energie na konzum\u00e1ciu 25 ml e-liquidu po\u010das dlh\u00e9ho obdobia. Typ-C nab\u00edjac\u00ed port zabezpe\u010duje r\u00fdchle a efekt\u00edvne nab\u00edjanie \u2013 v\u010faka \u010domu m\u00f4\u017eete e-cigaretu kedyko\u013evek op\u00e4\u0165 uvies\u0165 do prev\u00e1dzky. LED displej v\u00e1s v\u017edy informuje o aktu\u00e1lnom stave nabitia.<\/p>\n<h5 data-start=\"2322\" data-end=\"2364\">Osvie\u017euj\u00faca chu\u0165 \u2013 Lush Ice<\/h5>\n<p class=\"\" data-start=\"2366\" data-end=\"2644\">Chu\u0165 Lush Ice kombinuje vodn\u00fd mel\u00f3n s osvie\u017euj\u00facou mentolovou pozn\u00e1mkou, \u010do rob\u00ed vaping mimoriadne osvie\u017euj\u00facim z\u00e1\u017eitkom. T\u00e1to chu\u0165 je ide\u00e1lna pre vapingu, ktor\u00ed si chc\u00fa vychutna\u0165 ovocnos\u0165 aj chladiv\u00fa svie\u017eos\u0165.<\/p>\n<h3>V\u00fdhody Bang King Smart Screen<\/h3>\n<ul data-start=\"2691\" data-end=\"3077\">\n<li class=\"\" data-start=\"2691\" data-end=\"2834\">\n<p class=\"\" data-start=\"2693\" data-end=\"2834\">Jednoduch\u00e9 pou\u017eitie: Preto\u017ee ide o jednorazov\u00fa e-cigaretu, nemus\u00edte sa stara\u0165 o dop\u013a\u0148anie alebo \u010distenie.<\/p>\n<\/li>\n<li class=\"\" data-start=\"2835\" data-end=\"2962\">\n<p class=\"\" data-start=\"2837\" data-end=\"2962\">Doprava bez cla: Objedn\u00e1vajte bez \u010fal\u0161\u00edch dovozn\u00fdch poplatkov \u2013 va\u0161a objedn\u00e1vka bude odoslan\u00e1 priamo z skladu.<\/p>\n<\/li>\n<li class=\"\" data-start=\"2963\" data-end=\"3077\">\n<p class=\"\" data-start=\"2965\" data-end=\"3077\">R\u00fdchle doru\u010denie: S dobou dodania len 7-15 pracovn\u00fdch dn\u00ed je va\u0161a nov\u00e1 e-cigareta r\u00fdchlo u v\u00e1s.<\/p>\n<\/li>\n<\/ul>\n<h4 data-start=\"3079\" data-end=\"3138\">Pre\u010do Bang King Smart Screen 15000 Puf?<\/h4>\n<p class=\"\" data-start=\"3140\" data-end=\"3456\">Pre v\u0161etk\u00fdch, ktor\u00ed h\u013eadaj\u00fa v\u00fdkonn\u00fa, dlhotrvaj\u00facu a pou\u017e\u00edvate\u013esky pr\u00edvetiv\u00fa e-cigaretu, je Bang King Smart Screen 15000 Puf ide\u00e1lnou vo\u013ebou. V\u010faka ve\u013ekej kapacite tekutiny, flexibiln\u00fdm mo\u017enostiam nikot\u00ednu a vynikaj\u00facej chuti ur\u010dite nadchne mnoho vapingu.<\/p>\n<p class=\"\" data-start=\"3458\" data-end=\"3680\">Ak h\u013ead\u00e1te jednoduch\u00fd, intenz\u00edvny z\u00e1\u017eitok z vapingu, ur\u010dite vysk\u00fa\u0161ajte Bang King Smart Screen 15000 Puf. Nav\u0161t\u00edvte vapingnet.de a objednajte si svoju nov\u00fa e-cigaretu e\u0161te dnes.<\/p>","protected":false},"excerpt":{"rendered":"<p>Bang King Smart Screen 15000 Puff \u2013 Einweg-E-Zigarette f\u00fcr den anspruchsvollen Dampfer F\u00fcr alle, die auf der Suche nach einem langlebigen und leistungsstarken Einweg-Vape sind,&#8230;<\/p>","protected":false},"featured_media":6858,"template":"","meta":[],"etheme_brands":[],"product_brand":[101],"product_cat":[53,49,61],"product_tag":[],"class_list":{"0":"post-6283","1":"product","2":"type-product","3":"status-publish","4":"has-post-thumbnail","6":"product_brand-bang-king-vape","7":"product_cat-vape-15000-zuege","8":"product_cat-einweg-e-zigarette","9":"product_cat-f","11":"first","12":"instock","13":"shipping-taxable","14":"purchasable","15":"product-type-simple"},"yoast_head":"<!-- This site is optimized with the Yoast SEO plugin v26.5 - https:\/\/yoast.com\/wordpress\/plugins\/seo\/ -->\n<title>Exklusiv Bang King Smart Screen 15000 Puff Mit Lush Ice Weltweit Beliebt | Vapingnet.de<\/title>\n<meta name=\"description\" content=\"Entdecke Exklusiv Bang King Smart Screen 15000 Puff Mit Lush Ice Weltweit Beliebt bei vapingnet.de, \u25ba Gro\u00dfe Auswahl an Geschmacksrichtungen &amp; super g\u00fcnstig!\" \/>\n<meta name=\"robots\" content=\"index, follow, max-snippet:-1, max-image-preview:large, max-video-preview:-1\" \/>\n<link rel=\"canonical\" href=\"https:\/\/vapingnet.de\/sk\/vape\/exklusiv-bang-king-smart-screen-15000-puff-mit-lush-ice-weltweit-beliebt\/\" \/>\n<meta property=\"og:locale\" content=\"sk_SK\" \/>\n<meta property=\"og:type\" content=\"article\" \/>\n<meta property=\"og:title\" content=\"Exklusiv Bang King Smart Screen 15000 Puff Mit Lush Ice Weltweit Beliebt | Vapingnet.de\" \/>\n<meta property=\"og:description\" content=\"Entdecke Exklusiv Bang King Smart Screen 15000 Puff Mit Lush Ice Weltweit Beliebt bei vapingnet.de, \u25ba Gro\u00dfe Auswahl an Geschmacksrichtungen &amp; super g\u00fcnstig!\" \/>\n<meta property=\"og:url\" content=\"https:\/\/vapingnet.de\/sk\/vape\/exklusiv-bang-king-smart-screen-15000-puff-mit-lush-ice-weltweit-beliebt\/\" \/>\n<meta property=\"og:site_name\" content=\"Vapingnet.de\" \/>\n<meta property=\"article:publisher\" content=\"https:\/\/www.facebook.com\/vapingnetde\/\" \/>\n<meta property=\"article:modified_time\" content=\"2025-06-19T03:39:27+00:00\" \/>\n<meta property=\"og:image\" content=\"https:\/\/vapingnet.de\/wp-content\/uploads\/2025\/04\/Bang-King-Smart-Screen.webp\" \/>\n\t<meta property=\"og:image:width\" content=\"1000\" \/>\n\t<meta property=\"og:image:height\" content=\"1000\" \/>\n\t<meta property=\"og:image:type\" content=\"image\/webp\" \/>\n<meta name=\"twitter:card\" content=\"summary_large_image\" \/>\n<meta name=\"twitter:label1\" content=\"Est. reading time\" \/>\n\t<meta name=\"twitter:data1\" content=\"3 minutes\" \/>\n<script type=\"application\/ld+json\" class=\"yoast-schema-graph\">{\"@context\":\"https:\/\/schema.org\",\"@graph\":[{\"@type\":\"WebPage\",\"@id\":\"https:\/\/vapingnet.de\/vape\/exklusiv-bang-king-smart-screen-15000-puff-mit-lush-ice-weltweit-beliebt\/\",\"url\":\"https:\/\/vapingnet.de\/vape\/exklusiv-bang-king-smart-screen-15000-puff-mit-lush-ice-weltweit-beliebt\/\",\"name\":\"Exklusiv Bang King Smart Screen 15000 Puff Mit Lush Ice Weltweit Beliebt | Vapingnet.de\",\"isPartOf\":{\"@id\":\"https:\/\/vapingnet.de\/#website\"},\"primaryImageOfPage\":{\"@id\":\"https:\/\/vapingnet.de\/vape\/exklusiv-bang-king-smart-screen-15000-puff-mit-lush-ice-weltweit-beliebt\/#primaryimage\"},\"image\":{\"@id\":\"https:\/\/vapingnet.de\/vape\/exklusiv-bang-king-smart-screen-15000-puff-mit-lush-ice-weltweit-beliebt\/#primaryimage\"},\"thumbnailUrl\":\"https:\/\/vapingnet.de\/wp-content\/uploads\/2025\/04\/Bang-King-Smart-Screen.webp\",\"datePublished\":\"2025-04-11T08:03:11+00:00\",\"dateModified\":\"2025-06-19T03:39:27+00:00\",\"description\":\"Entdecke Exklusiv Bang King Smart Screen 15000 Puff Mit Lush Ice Weltweit Beliebt bei vapingnet.de, \u25ba Gro\u00dfe Auswahl an Geschmacksrichtungen & super g\u00fcnstig!\",\"breadcrumb\":{\"@id\":\"https:\/\/vapingnet.de\/vape\/exklusiv-bang-king-smart-screen-15000-puff-mit-lush-ice-weltweit-beliebt\/#breadcrumb\"},\"inLanguage\":\"sk-SK\",\"potentialAction\":[{\"@type\":\"ReadAction\",\"target\":[\"https:\/\/vapingnet.de\/vape\/exklusiv-bang-king-smart-screen-15000-puff-mit-lush-ice-weltweit-beliebt\/\"]}]},{\"@type\":\"ImageObject\",\"inLanguage\":\"sk-SK\",\"@id\":\"https:\/\/vapingnet.de\/vape\/exklusiv-bang-king-smart-screen-15000-puff-mit-lush-ice-weltweit-beliebt\/#primaryimage\",\"url\":\"https:\/\/vapingnet.de\/wp-content\/uploads\/2025\/04\/Bang-King-Smart-Screen.webp\",\"contentUrl\":\"https:\/\/vapingnet.de\/wp-content\/uploads\/2025\/04\/Bang-King-Smart-Screen.webp\",\"width\":1000,\"height\":1000},{\"@type\":\"BreadcrumbList\",\"@id\":\"https:\/\/vapingnet.de\/vape\/exklusiv-bang-king-smart-screen-15000-puff-mit-lush-ice-weltweit-beliebt\/#breadcrumb\",\"itemListElement\":[{\"@type\":\"ListItem\",\"position\":1,\"name\":\"Home\",\"item\":\"https:\/\/vapingnet.de\/\"},{\"@type\":\"ListItem\",\"position\":2,\"name\":\"Shop\",\"item\":\"https:\/\/vapingnet.de\/vape\/\"},{\"@type\":\"ListItem\",\"position\":3,\"name\":\"Exklusiv Bang King Smart Screen 15000 Puff Mit Lush Ice Weltweit Beliebt\"}]},{\"@type\":\"WebSite\",\"@id\":\"https:\/\/vapingnet.de\/#website\",\"url\":\"https:\/\/vapingnet.de\/\",\"name\":\"Vapingnet.de\",\"description\":\"\",\"publisher\":{\"@id\":\"https:\/\/vapingnet.de\/#organization\"},\"potentialAction\":[{\"@type\":\"SearchAction\",\"target\":{\"@type\":\"EntryPoint\",\"urlTemplate\":\"https:\/\/vapingnet.de\/?s={search_term_string}\"},\"query-input\":{\"@type\":\"PropertyValueSpecification\",\"valueRequired\":true,\"valueName\":\"search_term_string\"}}],\"inLanguage\":\"sk-SK\"},{\"@type\":\"Organization\",\"@id\":\"https:\/\/vapingnet.de\/#organization\",\"name\":\"Vapingnet.de\",\"url\":\"https:\/\/vapingnet.de\/\",\"logo\":{\"@type\":\"ImageObject\",\"inLanguage\":\"sk-SK\",\"@id\":\"https:\/\/vapingnet.de\/#\/schema\/logo\/image\/\",\"url\":\"https:\/\/vapingnet.de\/wp-content\/uploads\/2025\/03\/cropped-vapingnet.de_.jpg\",\"contentUrl\":\"https:\/\/vapingnet.de\/wp-content\/uploads\/2025\/03\/cropped-vapingnet.de_.jpg\",\"width\":512,\"height\":512,\"caption\":\"Vapingnet.de\"},\"image\":{\"@id\":\"https:\/\/vapingnet.de\/#\/schema\/logo\/image\/\"},\"sameAs\":[\"https:\/\/www.facebook.com\/vapingnetde\/\"]}]}<\/script>\n<!-- \/ Yoast SEO plugin. -->","yoast_head_json":{"title":"Exklusiv Bang King Smart Screen 15000 Puff Mit Lush Ice Weltweit Beliebt | Vapingnet.de","description":"Entdecke Exklusiv Bang King Smart Screen 15000 Puff Mit Lush Ice Weltweit Beliebt bei vapingnet.de, \u25ba Gro\u00dfe Auswahl an Geschmacksrichtungen & super g\u00fcnstig!","robots":{"index":"index","follow":"follow","max-snippet":"max-snippet:-1","max-image-preview":"max-image-preview:large","max-video-preview":"max-video-preview:-1"},"canonical":"https:\/\/vapingnet.de\/sk\/vape\/exklusiv-bang-king-smart-screen-15000-puff-mit-lush-ice-weltweit-beliebt\/","og_locale":"sk_SK","og_type":"article","og_title":"Exklusiv Bang King Smart Screen 15000 Puff Mit Lush Ice Weltweit Beliebt | Vapingnet.de","og_description":"Entdecke Exklusiv Bang King Smart Screen 15000 Puff Mit Lush Ice Weltweit Beliebt bei vapingnet.de, \u25ba Gro\u00dfe Auswahl an Geschmacksrichtungen & super g\u00fcnstig!","og_url":"https:\/\/vapingnet.de\/sk\/vape\/exklusiv-bang-king-smart-screen-15000-puff-mit-lush-ice-weltweit-beliebt\/","og_site_name":"Vapingnet.de","article_publisher":"https:\/\/www.facebook.com\/vapingnetde\/","article_modified_time":"2025-06-19T03:39:27+00:00","og_image":[{"width":1000,"height":1000,"url":"https:\/\/vapingnet.de\/wp-content\/uploads\/2025\/04\/Bang-King-Smart-Screen.webp","type":"image\/webp"}],"twitter_card":"summary_large_image","twitter_misc":{"Est. reading time":"3 minutes"},"schema":{"@context":"https:\/\/schema.org","@graph":[{"@type":"WebPage","@id":"https:\/\/vapingnet.de\/vape\/exklusiv-bang-king-smart-screen-15000-puff-mit-lush-ice-weltweit-beliebt\/","url":"https:\/\/vapingnet.de\/vape\/exklusiv-bang-king-smart-screen-15000-puff-mit-lush-ice-weltweit-beliebt\/","name":"Exklusiv Bang King Smart Screen 15000 Puff Mit Lush Ice Weltweit Beliebt | Vapingnet.de","isPartOf":{"@id":"https:\/\/vapingnet.de\/#website"},"primaryImageOfPage":{"@id":"https:\/\/vapingnet.de\/vape\/exklusiv-bang-king-smart-screen-15000-puff-mit-lush-ice-weltweit-beliebt\/#primaryimage"},"image":{"@id":"https:\/\/vapingnet.de\/vape\/exklusiv-bang-king-smart-screen-15000-puff-mit-lush-ice-weltweit-beliebt\/#primaryimage"},"thumbnailUrl":"https:\/\/vapingnet.de\/wp-content\/uploads\/2025\/04\/Bang-King-Smart-Screen.webp","datePublished":"2025-04-11T08:03:11+00:00","dateModified":"2025-06-19T03:39:27+00:00","description":"Entdecke Exklusiv Bang King Smart Screen 15000 Puff Mit Lush Ice Weltweit Beliebt bei vapingnet.de, \u25ba Gro\u00dfe Auswahl an Geschmacksrichtungen & super g\u00fcnstig!","breadcrumb":{"@id":"https:\/\/vapingnet.de\/vape\/exklusiv-bang-king-smart-screen-15000-puff-mit-lush-ice-weltweit-beliebt\/#breadcrumb"},"inLanguage":"sk-SK","potentialAction":[{"@type":"ReadAction","target":["https:\/\/vapingnet.de\/vape\/exklusiv-bang-king-smart-screen-15000-puff-mit-lush-ice-weltweit-beliebt\/"]}]},{"@type":"ImageObject","inLanguage":"sk-SK","@id":"https:\/\/vapingnet.de\/vape\/exklusiv-bang-king-smart-screen-15000-puff-mit-lush-ice-weltweit-beliebt\/#primaryimage","url":"https:\/\/vapingnet.de\/wp-content\/uploads\/2025\/04\/Bang-King-Smart-Screen.webp","contentUrl":"https:\/\/vapingnet.de\/wp-content\/uploads\/2025\/04\/Bang-King-Smart-Screen.webp","width":1000,"height":1000},{"@type":"BreadcrumbList","@id":"https:\/\/vapingnet.de\/vape\/exklusiv-bang-king-smart-screen-15000-puff-mit-lush-ice-weltweit-beliebt\/#breadcrumb","itemListElement":[{"@type":"ListItem","position":1,"name":"Home","item":"https:\/\/vapingnet.de\/"},{"@type":"ListItem","position":2,"name":"Shop","item":"https:\/\/vapingnet.de\/vape\/"},{"@type":"ListItem","position":3,"name":"Exklusiv Bang King Smart Screen 15000 Puff Mit Lush Ice Weltweit Beliebt"}]},{"@type":"WebSite","@id":"https:\/\/vapingnet.de\/#website","url":"https:\/\/vapingnet.de\/","name":"Vapingnet.de","description":"","publisher":{"@id":"https:\/\/vapingnet.de\/#organization"},"potentialAction":[{"@type":"SearchAction","target":{"@type":"EntryPoint","urlTemplate":"https:\/\/vapingnet.de\/?s={search_term_string}"},"query-input":{"@type":"PropertyValueSpecification","valueRequired":true,"valueName":"search_term_string"}}],"inLanguage":"sk-SK"},{"@type":"Organization","@id":"https:\/\/vapingnet.de\/#organization","name":"Vapingnet.de","url":"https:\/\/vapingnet.de\/","logo":{"@type":"ImageObject","inLanguage":"sk-SK","@id":"https:\/\/vapingnet.de\/#\/schema\/logo\/image\/","url":"https:\/\/vapingnet.de\/wp-content\/uploads\/2025\/03\/cropped-vapingnet.de_.jpg","contentUrl":"https:\/\/vapingnet.de\/wp-content\/uploads\/2025\/03\/cropped-vapingnet.de_.jpg","width":512,"height":512,"caption":"Vapingnet.de"},"image":{"@id":"https:\/\/vapingnet.de\/#\/schema\/logo\/image\/"},"sameAs":["https:\/\/www.facebook.com\/vapingnetde\/"]}]}},"tiered_pricing_type":"fixed","tiered_pricing_fixed_rules":{"10":"8.35","60":"7.52","110":"6.68","200":"5.85"},"tiered_pricing_product_settings":{"layout":"default","base_unit_name":{"singular":null,"plural":null},"default_variation":null},"tiered_pricing_minimum_quantity":null,"tiered_pricing_roles_data":[],"tiered_pricing_percentage_rules":[],"_links":{"self":[{"href":"https:\/\/vapingnet.de\/sk\/wp-json\/wp\/v2\/product\/6283","targetHints":{"allow":["GET"]}}],"collection":[{"href":"https:\/\/vapingnet.de\/sk\/wp-json\/wp\/v2\/product"}],"about":[{"href":"https:\/\/vapingnet.de\/sk\/wp-json\/wp\/v2\/types\/product"}],"version-history":[{"count":2,"href":"https:\/\/vapingnet.de\/sk\/wp-json\/wp\/v2\/product\/6283\/revisions"}],"predecessor-version":[{"id":6294,"href":"https:\/\/vapingnet.de\/sk\/wp-json\/wp\/v2\/product\/6283\/revisions\/6294"}],"wp:featuredmedia":[{"embeddable":true,"href":"https:\/\/vapingnet.de\/sk\/wp-json\/wp\/v2\/media\/6858"}],"wp:attachment":[{"href":"https:\/\/vapingnet.de\/sk\/wp-json\/wp\/v2\/media?parent=6283"}],"wp:term":[{"taxonomy":"brand","embeddable":true,"href":"https:\/\/vapingnet.de\/sk\/wp-json\/wp\/v2\/etheme_brands?post=6283"},{"taxonomy":"product_brand","embeddable":true,"href":"https:\/\/vapingnet.de\/sk\/wp-json\/wp\/v2\/product_brand?post=6283"},{"taxonomy":"product_cat","embeddable":true,"href":"https:\/\/vapingnet.de\/sk\/wp-json\/wp\/v2\/product_cat?post=6283"},{"taxonomy":"product_tag","embeddable":true,"href":"https:\/\/vapingnet.de\/sk\/wp-json\/wp\/v2\/product_tag?post=6283"}],"curies":[{"name":"wp","href":"https:\/\/api.w.org\/{rel}","templated":true}]}}