{"id":6318,"date":"2025-04-15T02:55:04","date_gmt":"2025-04-15T02:55:04","guid":{"rendered":"https:\/\/vapingnet.de\/?post_type=product&#038;p=6318"},"modified":"2025-05-23T06:32:35","modified_gmt":"2025-05-23T06:32:35","slug":"direkt-vom-hersteller-strawberry-watermelon-elf-box-pulse-x-25000","status":"publish","type":"product","link":"https:\/\/vapingnet.de\/sk\/vape\/direkt-vom-hersteller-strawberry-watermelon-elf-box-pulse-x-25000\/","title":{"rendered":"Priamo od v\u00fdrobcu Strawberry Watermelon Elf Box Pulse X 25000"},"content":{"rendered":"<h2 data-start=\"0\" data-end=\"81\" data-immersive-translate-walked=\"d9a96979-4164-4606-9987-7cdcd71d80e7\">Elf Box Pulse X 25000 \u2013 Ultim\u00e1tna e-cigareta pre n\u00e1ro\u010dn\u00fdch vap\u00e9rov<\/h2>\n<p class=\"\" data-start=\"83\" data-end=\"472\" data-immersive-translate-walked=\"d9a96979-4164-4606-9987-7cdcd71d80e7\" data-immersive-translate-paragraph=\"1\">Elf Box Pulse X 25000 je jednou z najinovat\u00edvnej\u0161\u00edch e-cigariet na trhu. Kombinuje najmodernej\u0161iu technol\u00f3giu s elegantn\u00fdm dizajnom a pon\u00faka vap\u00e9r\u016fm nezabudnute\u013en\u00fd z\u00e1\u017eitok. T\u00e1to dob\u00edjacia e-cigareta je ide\u00e1lna pre v\u0161etk\u00fdch, ktor\u00ed h\u013eadaj\u00fa v\u00fdkonn\u00fa, odoln\u00fa a chu\u0165ovo vynikaj\u00facu alternat\u00edvu k be\u017en\u00fdm vapeom.<\/p>\n<h3 data-start=\"474\" data-end=\"534\" data-immersive-translate-walked=\"d9a96979-4164-4606-9987-7cdcd71d80e7\">Funkcie a \u0161pecifik\u00e1cie Elf Box Pulse X 25000<\/h3>\n<p class=\"\" data-start=\"536\" data-end=\"990\" data-immersive-translate-walked=\"d9a96979-4164-4606-9987-7cdcd71d80e7\" data-immersive-translate-paragraph=\"1\">Elf Box Pulse X 25000 nie je len vizu\u00e1lne atrakt\u00edvna, ale pon\u00faka aj mimoriadny v\u00fdkon. S Dual Mesh Coil (0.8ohm + 0.8ohm) zabezpe\u010duje intenz\u00edvnu chu\u0165 a hust\u00fa paru. Pr\u00edstroj je vybaven\u00fd 18 ml n\u00e1dr\u017ekou na e-liquid, ktor\u00e1 je dostupn\u00e1 v dvoch r\u00f4znych sil\u00e1ch nikot\u00ednu: 0%, 2%, 3% a 5%. Tak si m\u00f4\u017eete vychutn\u00e1va\u0165 vapovanie pod\u013ea svojich predst\u00e1v a potrieb.<\/p>\n<p class=\"\" data-start=\"992\" data-end=\"1347\" data-immersive-translate-walked=\"d9a96979-4164-4606-9987-7cdcd71d80e7\" data-immersive-translate-paragraph=\"1\">V\u00fdnimo\u010dnou vlastnos\u0165ou Pulse X je AI Power Adjustment Pulse Power, ktor\u00e1 v\u00e1m umo\u017e\u0148uje optim\u00e1lne riadi\u0165 vapovanie prostredn\u00edctvom 3D zakriven\u00e9ho displeja. Okrem toho zabezpe\u010duje technol\u00f3gia Super Boost VPU Inside mimoriadne efekt\u00edvnu tvorbu pary. T\u00e1to technol\u00f3gia zabezpe\u010duje, \u017ee v\u017edy dostanete dokonal\u00fd \u0165ah.<\/p>\n<h4 data-start=\"1349\" data-end=\"1388\" data-immersive-translate-walked=\"d9a96979-4164-4606-9987-7cdcd71d80e7\">Dva z\u00e1\u017eitky z vapovania v jednom zariaden\u00ed<\/h4>\n<p class=\"\" data-start=\"1390\" data-end=\"1688\" data-immersive-translate-walked=\"d9a96979-4164-4606-9987-7cdcd71d80e7\" data-immersive-translate-paragraph=\"1\">Elf Box Pulse X 25000 pon\u00faka dve r\u00f4zne mo\u017enosti vapovania: norm\u00e1lny re\u017eim s a\u017e 25000 \u0165ahmi a Pulse re\u017eim, ktor\u00fd umo\u017e\u0148uje a\u017e 15000 \u0165ahov. To v\u00e1m d\u00e1va flexibilitu medzi dlh\u0161\u00edm alebo intenz\u00edvnej\u0161\u00edm vapovan\u00edm \u2013 pod\u013ea potreby a preferenci\u00ed.<\/p>\n<h4 data-start=\"1690\" data-end=\"1715\" data-immersive-translate-walked=\"d9a96979-4164-4606-9987-7cdcd71d80e7\">Dizajn a obsluha<\/h4>\n<p class=\"\" data-start=\"1717\" data-end=\"2083\" data-immersive-translate-walked=\"d9a96979-4164-4606-9987-7cdcd71d80e7\" data-immersive-translate-paragraph=\"1\">Dizajn Elf Box Pulse X 25000 je ergonomick\u00fd a pou\u017e\u00edvate\u013esky pr\u00edvetiv\u00fd. Typ-C konektor zabezpe\u010duje r\u00fdchle a pohodln\u00e9 nab\u00edjanie, aby ste mohli tr\u00e1vi\u0165 menej \u010dasu \u010dakan\u00edm a viac \u010dasom vapovan\u00edm. Sp\u00edna\u010d re\u017eimu na spodnej strane pr\u00edstroja v\u00e1m umo\u017e\u0148uje r\u00fdchlo prep\u00edna\u0165 medzi oboma z\u00e1\u017eitkami z vapovania.<\/p>\n<h4 data-start=\"2085\" data-end=\"2121\" data-immersive-translate-walked=\"d9a96979-4164-4606-9987-7cdcd71d80e7\">Pr\u00edchu\u0165: Jahoda Mel\u00f3n<\/h4>\n<p class=\"\" data-start=\"2123\" data-end=\"2376\" data-immersive-translate-walked=\"d9a96979-4164-4606-9987-7cdcd71d80e7\" data-immersive-translate-paragraph=\"1\">\u010eal\u0161\u00edm vrcholom Elf Box Pulse X 25000 je chu\u0165. Chu\u0165 jahodovej vodovej mel\u00f3nu pon\u00faka svie\u017eu, sladk\u00fa kombin\u00e1ciu \u0161\u0165avnat\u00fdch jah\u00f4d a osvie\u017euj\u00facej vodovej mel\u00f3nu. Ide\u00e1lne pre t\u00fdch, ktor\u00ed miluj\u00fa ovocn\u00e9 ar\u00f3my.<\/p>\n<h3 data-start=\"2378\" data-end=\"2416\" data-immersive-translate-walked=\"d9a96979-4164-4606-9987-7cdcd71d80e7\">V\u00fdhody Elf Box Pulse X 25000<\/h3>\n<ul data-start=\"2418\" data-end=\"3044\" data-immersive-translate-walked=\"d9a96979-4164-4606-9987-7cdcd71d80e7\">\n<li class=\"\" data-start=\"2418\" data-end=\"2565\" data-immersive-translate-walked=\"d9a96979-4164-4606-9987-7cdcd71d80e7\">\n<p class=\"\" data-start=\"2420\" data-end=\"2565\" data-immersive-translate-walked=\"d9a96979-4164-4606-9987-7cdcd71d80e7\" data-immersive-translate-paragraph=\"1\">Odoln\u00fd: S 25000 \u0165ahmi v norm\u00e1lnom re\u017eime a 15000 \u0165ahmi v Pulse re\u017eime pon\u00faka Elf Box Pulse X 25000 mimoriadnu \u017eivotnos\u0165.<\/p>\n<\/li>\n<li class=\"\" data-start=\"2566\" data-end=\"2697\" data-immersive-translate-walked=\"d9a96979-4164-4606-9987-7cdcd71d80e7\">\n<p class=\"\" data-start=\"2568\" data-end=\"2697\" data-immersive-translate-walked=\"d9a96979-4164-4606-9987-7cdcd71d80e7\" data-immersive-translate-paragraph=\"1\">V\u00fdkonn\u00fd: V\u010faka Dual Mesh Coils a technol\u00f3gii Super Boost VPU Inside z\u00edskate intenz\u00edvny z\u00e1\u017eitok z vapovania.<\/p>\n<\/li>\n<li class=\"\" data-start=\"2698\" data-end=\"2823\" data-immersive-translate-walked=\"d9a96979-4164-4606-9987-7cdcd71d80e7\">\n<p class=\"\" data-start=\"2700\" data-end=\"2823\" data-immersive-translate-paragraph=\"1\" data-immersive-translate-walked=\"d9a96979-4164-4606-9987-7cdcd71d80e7\">Jednoduch\u00e9 ovl\u00e1danie: Konektor na nab\u00edjanie Type-C a sp\u00edna\u010d re\u017eimu robia pr\u00edstroj pou\u017e\u00edvate\u013esky pr\u00edvetiv\u00fdm a praktick\u00fdm.<\/p>\n<\/li>\n<li class=\"\" data-start=\"2824\" data-end=\"2946\" data-immersive-translate-walked=\"d9a96979-4164-4606-9987-7cdcd71d80e7\">\n<p class=\"\" data-start=\"2826\" data-end=\"2946\" data-immersive-translate-walked=\"d9a96979-4164-4606-9987-7cdcd71d80e7\" data-immersive-translate-paragraph=\"1\">Riaden\u00fd v\u00fdkon: S funkciou AI Power Adjustment si m\u00f4\u017eete v\u00fdkon prisp\u00f4sobi\u0165 pod\u013ea svojich \u017eelan\u00ed.<\/p>\n<\/li>\n<li class=\"\" data-start=\"2947\" data-end=\"3044\" data-immersive-translate-walked=\"d9a96979-4164-4606-9987-7cdcd71d80e7\">\n<p class=\"\" data-start=\"2949\" data-end=\"3044\" data-immersive-translate-walked=\"d9a96979-4164-4606-9987-7cdcd71d80e7\" data-immersive-translate-paragraph=\"1\">Bez cla: Vyu\u017eite bezcoln\u00fa dod\u00e1vku, \u010do rob\u00ed n\u00e1kupy e\u0161te pohodlnej\u0161\u00edmi.<\/p>\n<\/li>\n<\/ul>\n<h4 data-start=\"3046\" data-end=\"3081\" data-immersive-translate-walked=\"d9a96979-4164-4606-9987-7cdcd71d80e7\">Objednajte si teraz na vapingnet.de<\/h4>\n<p class=\"\" data-start=\"3083\" data-end=\"3290\" data-immersive-translate-walked=\"d9a96979-4164-4606-9987-7cdcd71d80e7\" data-immersive-translate-paragraph=\"1\">Elf Box Pulse X 25000 je dostupn\u00e1 na vapingnet.de s dodacou dobou 7-15 pracovn\u00fdch dn\u00ed. Z\u00edskajte t\u00fato v\u00fdkonn\u00fa e-cigaretu e\u0161te dnes a za\u017eite vapovanie na novej \u00farovni.<\/p>\n<p class=\"\" data-start=\"3292\" data-end=\"3488\" data-immersive-translate-walked=\"d9a96979-4164-4606-9987-7cdcd71d80e7\" data-immersive-translate-paragraph=\"1\">Elf Box Pulse X 25000 je ide\u00e1lnou vo\u013ebou pre v\u0161etk\u00fdch, ktor\u00ed klad\u00fa d\u00f4raz na kvalitu, v\u00fdkon a chu\u0165. Vysk\u00fa\u0161ajte ju teraz a zistite, pre\u010do je ob\u013e\u00fabenou vo\u013ebou mnoh\u00fdch vap\u00e9r\u016f.<\/p>","protected":false},"excerpt":{"rendered":"<p>Elf Box Pulse X 25000 \u2013 Die ultimative E-Zigarette f\u00fcr anspruchsvolle Dampfer Die Elf Box Pulse X 25000 ist eine der innovativsten E-Zigaretten auf dem&#8230;<\/p>","protected":false},"featured_media":6875,"template":"","meta":[],"etheme_brands":[],"product_brand":[],"product_cat":[55,49,61],"product_tag":[],"class_list":{"0":"post-6318","1":"product","2":"type-product","3":"status-publish","4":"has-post-thumbnail","6":"product_cat-vape-25000-zuege","7":"product_cat-einweg-e-zigarette","8":"product_cat-f","10":"first","11":"instock","12":"shipping-taxable","13":"purchasable","14":"product-type-simple"},"yoast_head":"<!-- This site is optimized with the Yoast SEO plugin v26.5 - https:\/\/yoast.com\/wordpress\/plugins\/seo\/ -->\n<title>Direkt Vom Hersteller Strawberry Watermelon Elf Box Pulse X 25000 | Vapingnet.de<\/title>\n<meta name=\"description\" content=\"Entdecke Direkt Vom Hersteller Strawberry Watermelon Elf Box Pulse X 25000 bei vapingnet.de, \u25ba Gro\u00dfe Auswahl an Geschmacksrichtungen &amp; super g\u00fcnstig!\" \/>\n<meta name=\"robots\" content=\"index, follow, max-snippet:-1, max-image-preview:large, max-video-preview:-1\" \/>\n<link rel=\"canonical\" href=\"https:\/\/vapingnet.de\/sk\/vape\/direkt-vom-hersteller-strawberry-watermelon-elf-box-pulse-x-25000\/\" \/>\n<meta property=\"og:locale\" content=\"sk_SK\" \/>\n<meta property=\"og:type\" content=\"article\" \/>\n<meta property=\"og:title\" content=\"Direkt Vom Hersteller Strawberry Watermelon Elf Box Pulse X 25000 | Vapingnet.de\" \/>\n<meta property=\"og:description\" content=\"Entdecke Direkt Vom Hersteller Strawberry Watermelon Elf Box Pulse X 25000 bei vapingnet.de, \u25ba Gro\u00dfe Auswahl an Geschmacksrichtungen &amp; super g\u00fcnstig!\" \/>\n<meta property=\"og:url\" content=\"https:\/\/vapingnet.de\/sk\/vape\/direkt-vom-hersteller-strawberry-watermelon-elf-box-pulse-x-25000\/\" \/>\n<meta property=\"og:site_name\" content=\"Vapingnet.de\" \/>\n<meta property=\"article:publisher\" content=\"https:\/\/www.facebook.com\/vapingnetde\/\" \/>\n<meta property=\"article:modified_time\" content=\"2025-05-23T06:32:35+00:00\" \/>\n<meta property=\"og:image\" content=\"https:\/\/vapingnet.de\/wp-content\/uploads\/2025\/04\/STRAWBERRY-WATERMELON-7.webp\" \/>\n\t<meta property=\"og:image:width\" content=\"1000\" \/>\n\t<meta property=\"og:image:height\" content=\"1000\" \/>\n\t<meta property=\"og:image:type\" content=\"image\/webp\" \/>\n<meta name=\"twitter:card\" content=\"summary_large_image\" \/>\n<meta name=\"twitter:label1\" content=\"Est. reading time\" \/>\n\t<meta name=\"twitter:data1\" content=\"3 minutes\" \/>\n<script type=\"application\/ld+json\" class=\"yoast-schema-graph\">{\"@context\":\"https:\/\/schema.org\",\"@graph\":[{\"@type\":\"WebPage\",\"@id\":\"https:\/\/vapingnet.de\/vape\/direkt-vom-hersteller-strawberry-watermelon-elf-box-pulse-x-25000\/\",\"url\":\"https:\/\/vapingnet.de\/vape\/direkt-vom-hersteller-strawberry-watermelon-elf-box-pulse-x-25000\/\",\"name\":\"Direkt Vom Hersteller Strawberry Watermelon Elf Box Pulse X 25000 | Vapingnet.de\",\"isPartOf\":{\"@id\":\"https:\/\/vapingnet.de\/#website\"},\"primaryImageOfPage\":{\"@id\":\"https:\/\/vapingnet.de\/vape\/direkt-vom-hersteller-strawberry-watermelon-elf-box-pulse-x-25000\/#primaryimage\"},\"image\":{\"@id\":\"https:\/\/vapingnet.de\/vape\/direkt-vom-hersteller-strawberry-watermelon-elf-box-pulse-x-25000\/#primaryimage\"},\"thumbnailUrl\":\"https:\/\/vapingnet.de\/wp-content\/uploads\/2025\/04\/STRAWBERRY-WATERMELON-7.webp\",\"datePublished\":\"2025-04-15T02:55:04+00:00\",\"dateModified\":\"2025-05-23T06:32:35+00:00\",\"description\":\"Entdecke Direkt Vom Hersteller Strawberry Watermelon Elf Box Pulse X 25000 bei vapingnet.de, \u25ba Gro\u00dfe Auswahl an Geschmacksrichtungen & super g\u00fcnstig!\",\"breadcrumb\":{\"@id\":\"https:\/\/vapingnet.de\/vape\/direkt-vom-hersteller-strawberry-watermelon-elf-box-pulse-x-25000\/#breadcrumb\"},\"inLanguage\":\"sk-SK\",\"potentialAction\":[{\"@type\":\"ReadAction\",\"target\":[\"https:\/\/vapingnet.de\/vape\/direkt-vom-hersteller-strawberry-watermelon-elf-box-pulse-x-25000\/\"]}]},{\"@type\":\"ImageObject\",\"inLanguage\":\"sk-SK\",\"@id\":\"https:\/\/vapingnet.de\/vape\/direkt-vom-hersteller-strawberry-watermelon-elf-box-pulse-x-25000\/#primaryimage\",\"url\":\"https:\/\/vapingnet.de\/wp-content\/uploads\/2025\/04\/STRAWBERRY-WATERMELON-7.webp\",\"contentUrl\":\"https:\/\/vapingnet.de\/wp-content\/uploads\/2025\/04\/STRAWBERRY-WATERMELON-7.webp\",\"width\":1000,\"height\":1000},{\"@type\":\"BreadcrumbList\",\"@id\":\"https:\/\/vapingnet.de\/vape\/direkt-vom-hersteller-strawberry-watermelon-elf-box-pulse-x-25000\/#breadcrumb\",\"itemListElement\":[{\"@type\":\"ListItem\",\"position\":1,\"name\":\"Home\",\"item\":\"https:\/\/vapingnet.de\/\"},{\"@type\":\"ListItem\",\"position\":2,\"name\":\"Shop\",\"item\":\"https:\/\/vapingnet.de\/vape\/\"},{\"@type\":\"ListItem\",\"position\":3,\"name\":\"Direkt Vom Hersteller Strawberry Watermelon Elf Box Pulse X 25000\"}]},{\"@type\":\"WebSite\",\"@id\":\"https:\/\/vapingnet.de\/#website\",\"url\":\"https:\/\/vapingnet.de\/\",\"name\":\"Vapingnet.de\",\"description\":\"\",\"publisher\":{\"@id\":\"https:\/\/vapingnet.de\/#organization\"},\"potentialAction\":[{\"@type\":\"SearchAction\",\"target\":{\"@type\":\"EntryPoint\",\"urlTemplate\":\"https:\/\/vapingnet.de\/?s={search_term_string}\"},\"query-input\":{\"@type\":\"PropertyValueSpecification\",\"valueRequired\":true,\"valueName\":\"search_term_string\"}}],\"inLanguage\":\"sk-SK\"},{\"@type\":\"Organization\",\"@id\":\"https:\/\/vapingnet.de\/#organization\",\"name\":\"Vapingnet.de\",\"url\":\"https:\/\/vapingnet.de\/\",\"logo\":{\"@type\":\"ImageObject\",\"inLanguage\":\"sk-SK\",\"@id\":\"https:\/\/vapingnet.de\/#\/schema\/logo\/image\/\",\"url\":\"https:\/\/vapingnet.de\/wp-content\/uploads\/2025\/03\/cropped-vapingnet.de_.jpg\",\"contentUrl\":\"https:\/\/vapingnet.de\/wp-content\/uploads\/2025\/03\/cropped-vapingnet.de_.jpg\",\"width\":512,\"height\":512,\"caption\":\"Vapingnet.de\"},\"image\":{\"@id\":\"https:\/\/vapingnet.de\/#\/schema\/logo\/image\/\"},\"sameAs\":[\"https:\/\/www.facebook.com\/vapingnetde\/\"]}]}<\/script>\n<!-- \/ Yoast SEO plugin. -->","yoast_head_json":{"title":"Direkt Vom Hersteller Strawberry Watermelon Elf Box Pulse X 25000 | Vapingnet.de","description":"Entdecke Direkt Vom Hersteller Strawberry Watermelon Elf Box Pulse X 25000 bei vapingnet.de, \u25ba Gro\u00dfe Auswahl an Geschmacksrichtungen & super g\u00fcnstig!","robots":{"index":"index","follow":"follow","max-snippet":"max-snippet:-1","max-image-preview":"max-image-preview:large","max-video-preview":"max-video-preview:-1"},"canonical":"https:\/\/vapingnet.de\/sk\/vape\/direkt-vom-hersteller-strawberry-watermelon-elf-box-pulse-x-25000\/","og_locale":"sk_SK","og_type":"article","og_title":"Direkt Vom Hersteller Strawberry Watermelon Elf Box Pulse X 25000 | Vapingnet.de","og_description":"Entdecke Direkt Vom Hersteller Strawberry Watermelon Elf Box Pulse X 25000 bei vapingnet.de, \u25ba Gro\u00dfe Auswahl an Geschmacksrichtungen & super g\u00fcnstig!","og_url":"https:\/\/vapingnet.de\/sk\/vape\/direkt-vom-hersteller-strawberry-watermelon-elf-box-pulse-x-25000\/","og_site_name":"Vapingnet.de","article_publisher":"https:\/\/www.facebook.com\/vapingnetde\/","article_modified_time":"2025-05-23T06:32:35+00:00","og_image":[{"width":1000,"height":1000,"url":"https:\/\/vapingnet.de\/wp-content\/uploads\/2025\/04\/STRAWBERRY-WATERMELON-7.webp","type":"image\/webp"}],"twitter_card":"summary_large_image","twitter_misc":{"Est. reading time":"3 minutes"},"schema":{"@context":"https:\/\/schema.org","@graph":[{"@type":"WebPage","@id":"https:\/\/vapingnet.de\/vape\/direkt-vom-hersteller-strawberry-watermelon-elf-box-pulse-x-25000\/","url":"https:\/\/vapingnet.de\/vape\/direkt-vom-hersteller-strawberry-watermelon-elf-box-pulse-x-25000\/","name":"Direkt Vom Hersteller Strawberry Watermelon Elf Box Pulse X 25000 | Vapingnet.de","isPartOf":{"@id":"https:\/\/vapingnet.de\/#website"},"primaryImageOfPage":{"@id":"https:\/\/vapingnet.de\/vape\/direkt-vom-hersteller-strawberry-watermelon-elf-box-pulse-x-25000\/#primaryimage"},"image":{"@id":"https:\/\/vapingnet.de\/vape\/direkt-vom-hersteller-strawberry-watermelon-elf-box-pulse-x-25000\/#primaryimage"},"thumbnailUrl":"https:\/\/vapingnet.de\/wp-content\/uploads\/2025\/04\/STRAWBERRY-WATERMELON-7.webp","datePublished":"2025-04-15T02:55:04+00:00","dateModified":"2025-05-23T06:32:35+00:00","description":"Entdecke Direkt Vom Hersteller Strawberry Watermelon Elf Box Pulse X 25000 bei vapingnet.de, \u25ba Gro\u00dfe Auswahl an Geschmacksrichtungen & super g\u00fcnstig!","breadcrumb":{"@id":"https:\/\/vapingnet.de\/vape\/direkt-vom-hersteller-strawberry-watermelon-elf-box-pulse-x-25000\/#breadcrumb"},"inLanguage":"sk-SK","potentialAction":[{"@type":"ReadAction","target":["https:\/\/vapingnet.de\/vape\/direkt-vom-hersteller-strawberry-watermelon-elf-box-pulse-x-25000\/"]}]},{"@type":"ImageObject","inLanguage":"sk-SK","@id":"https:\/\/vapingnet.de\/vape\/direkt-vom-hersteller-strawberry-watermelon-elf-box-pulse-x-25000\/#primaryimage","url":"https:\/\/vapingnet.de\/wp-content\/uploads\/2025\/04\/STRAWBERRY-WATERMELON-7.webp","contentUrl":"https:\/\/vapingnet.de\/wp-content\/uploads\/2025\/04\/STRAWBERRY-WATERMELON-7.webp","width":1000,"height":1000},{"@type":"BreadcrumbList","@id":"https:\/\/vapingnet.de\/vape\/direkt-vom-hersteller-strawberry-watermelon-elf-box-pulse-x-25000\/#breadcrumb","itemListElement":[{"@type":"ListItem","position":1,"name":"Home","item":"https:\/\/vapingnet.de\/"},{"@type":"ListItem","position":2,"name":"Shop","item":"https:\/\/vapingnet.de\/vape\/"},{"@type":"ListItem","position":3,"name":"Direkt Vom Hersteller Strawberry Watermelon Elf Box Pulse X 25000"}]},{"@type":"WebSite","@id":"https:\/\/vapingnet.de\/#website","url":"https:\/\/vapingnet.de\/","name":"Vapingnet.de","description":"","publisher":{"@id":"https:\/\/vapingnet.de\/#organization"},"potentialAction":[{"@type":"SearchAction","target":{"@type":"EntryPoint","urlTemplate":"https:\/\/vapingnet.de\/?s={search_term_string}"},"query-input":{"@type":"PropertyValueSpecification","valueRequired":true,"valueName":"search_term_string"}}],"inLanguage":"sk-SK"},{"@type":"Organization","@id":"https:\/\/vapingnet.de\/#organization","name":"Vapingnet.de","url":"https:\/\/vapingnet.de\/","logo":{"@type":"ImageObject","inLanguage":"sk-SK","@id":"https:\/\/vapingnet.de\/#\/schema\/logo\/image\/","url":"https:\/\/vapingnet.de\/wp-content\/uploads\/2025\/03\/cropped-vapingnet.de_.jpg","contentUrl":"https:\/\/vapingnet.de\/wp-content\/uploads\/2025\/03\/cropped-vapingnet.de_.jpg","width":512,"height":512,"caption":"Vapingnet.de"},"image":{"@id":"https:\/\/vapingnet.de\/#\/schema\/logo\/image\/"},"sameAs":["https:\/\/www.facebook.com\/vapingnetde\/"]}]}},"tiered_pricing_type":"fixed","tiered_pricing_fixed_rules":{"10":"13.77","60":"12.39","110":"11.02","200":"9.64"},"tiered_pricing_product_settings":{"layout":"default","base_unit_name":{"singular":null,"plural":null},"default_variation":null},"tiered_pricing_minimum_quantity":null,"tiered_pricing_roles_data":[],"tiered_pricing_percentage_rules":[],"_links":{"self":[{"href":"https:\/\/vapingnet.de\/sk\/wp-json\/wp\/v2\/product\/6318","targetHints":{"allow":["GET"]}}],"collection":[{"href":"https:\/\/vapingnet.de\/sk\/wp-json\/wp\/v2\/product"}],"about":[{"href":"https:\/\/vapingnet.de\/sk\/wp-json\/wp\/v2\/types\/product"}],"version-history":[{"count":3,"href":"https:\/\/vapingnet.de\/sk\/wp-json\/wp\/v2\/product\/6318\/revisions"}],"predecessor-version":[{"id":6330,"href":"https:\/\/vapingnet.de\/sk\/wp-json\/wp\/v2\/product\/6318\/revisions\/6330"}],"wp:featuredmedia":[{"embeddable":true,"href":"https:\/\/vapingnet.de\/sk\/wp-json\/wp\/v2\/media\/6875"}],"wp:attachment":[{"href":"https:\/\/vapingnet.de\/sk\/wp-json\/wp\/v2\/media?parent=6318"}],"wp:term":[{"taxonomy":"brand","embeddable":true,"href":"https:\/\/vapingnet.de\/sk\/wp-json\/wp\/v2\/etheme_brands?post=6318"},{"taxonomy":"product_brand","embeddable":true,"href":"https:\/\/vapingnet.de\/sk\/wp-json\/wp\/v2\/product_brand?post=6318"},{"taxonomy":"product_cat","embeddable":true,"href":"https:\/\/vapingnet.de\/sk\/wp-json\/wp\/v2\/product_cat?post=6318"},{"taxonomy":"product_tag","embeddable":true,"href":"https:\/\/vapingnet.de\/sk\/wp-json\/wp\/v2\/product_tag?post=6318"}],"curies":[{"name":"wp","href":"https:\/\/api.w.org\/{rel}","templated":true}]}}